{"id":99159,"date":"2024-10-15T08:43:53","date_gmt":"2024-10-15T06:43:53","guid":{"rendered":"https:\/\/revolutionpadelstore.com\/head-one-ultralight-white\/"},"modified":"2026-04-08T10:25:04","modified_gmt":"2026-04-08T08:25:04","slug":"head-one-ultralight-white-5","status":"publish","type":"product","link":"https:\/\/revolutionpadelstore.com\/pt-pt\/produto\/head-one-ultralight-white-5\/","title":{"rendered":"HEAD ONE ULTRALIGHT WHITE"},"content":{"rendered":"<p>A raquete ONE ULTRALIGHT \u00e9 uma inova\u00e7\u00e3o que vai revolucionar o padel, sendo a raquete mais leve do mercado para adultos, pesando apenas 300 gramas. Projetada para facilitar o aprendizado e melhorar seu n\u00edvel de jogo enquanto se diverte, esta raquete premium apresenta um novo molde arredondado. Mant\u00e9m uma espessura de quadro de 38 mm e possui uma superf\u00edcie de tamanho padr\u00e3o, al\u00e9m de uma empunhadura mais longa que aumenta o conforto e fornece suporte adicional em golpes como o backhand.<\/p>\n<p>A superf\u00edcie de rebatida \u00e9 feita de carbono 12K, o que garante melhor sa\u00edda de bola. Sua tecnologia Auxetic 2.0 melhora a sensa\u00e7\u00e3o e a conex\u00e3o com a bola, e o plug macio na al\u00e7a reduz as vibra\u00e7\u00f5es, aumentando o conforto. Para facilitar a gera\u00e7\u00e3o de spin, inclui a tecnologia Spin Surface, enquanto a borracha Comfort Foam otimiza o ponto ideal, permitindo um jogo mais acess\u00edvel.<\/p>\n<p style=\"padding-left: 40px\">-A raquete de padel mais leve do mercado: 300 gramas.<\/p>\n<p style=\"padding-left: 40px\">-Gerenci\u00e1vel e confort\u00e1vel, ideal para um jogo simples.<\/p>\n<p style=\"padding-left: 40px\">-Novo design arredondado e al\u00e7a mais longa.<\/p>\n<p style=\"padding-left: 40px\">Tecnologia -HEAD ONE para durabilidade excepcional.<\/p>\n<p style=\"padding-left: 40px\">Superf\u00edcie de rebatidas de carbono -12K para melhor sa\u00edda de bola.<\/p>\n<p style=\"padding-left: 40px\">-Espuma de conforto para um ponto ideal melhorado.<\/p>\n<p style=\"padding-left: 40px\">-Gire a superf\u00edcie para facilitar a gera\u00e7\u00e3o de efeitos.<\/p>\n<p style=\"padding-left: 40px\">-Tecnologia Auxetic 2.0 para uma melhor sensa\u00e7\u00e3o com a bola.<\/p>\n<p style=\"padding-left: 40px\">-Al\u00e7a com tampa macia que reduz as vibra\u00e7\u00f5es.<\/p>\n<p style=\"padding-left: 40px\">-Sistema de prote\u00e7\u00e3o integrado.<\/p>\n<h3 class=\"feature-name ng-binding\">Auxetic 2.0<\/h3>\n<p><span class=\"value\"><span class=\"ng-binding\">A tecnologia Auxetic foi aprimorada em sua segunda vers\u00e3o e agora est\u00e1 localizada tanto na \u00e1rea da ponte quanto na barra central de carbono ao longo do cabo. Desta forma, ap\u00f3s bater na bola, a estrutura interna reage transmitindo o golpe desde o rosto, atrav\u00e9s da ponte, e diretamente da empunhadura para a m\u00e3o. Isso proporciona uma incr\u00edvel sensa\u00e7\u00e3o de impacto em cada arremesso, aumentando a confian\u00e7a no seu jogo.<\/span> <\/span><\/p>\n<h3 class=\"feature-name ng-binding\">Espuma de conforto<\/h3>\n<p><span class=\"value\"><span class=\"ng-binding\">COMFORT FOAM: \u00e9 a borracha ideal para o jogador que deseja o m\u00e1ximo conforto. Absorve vibra\u00e7\u00f5es enquanto aumenta a pot\u00eancia dos seus golpes.<\/span> <\/span><\/p>\n<h3 class=\"feature-name ng-binding\">Spin Surface<\/h3>\n<p><span class=\"value\"><span class=\"ng-binding\">Tecnologia lacada \u00e1spera na face que ajuda a gerar mais rota\u00e7\u00e3o, com maior ader\u00eancia da bola no impacto.<\/span> <\/span><\/p>\n<h3 class=\"feature-name ng-binding\">12K CARBONO<\/h3>\n<p><span class=\"value\"><span class=\"ng-binding\">Superf\u00edcie impressionante constru\u00edda em fibra de carbono 12K ultraleve, oferecendo rigidez e dureza adicionais, maior resist\u00eancia e um toque magn\u00edfico. Esta fibra de carbono \u00e9 ideal para adicionar precis\u00e3o e explos\u00e3o ao seu jogo.<\/span> <\/span><\/p>\n<h3 class=\"feature-name ng-binding\">Sistema de Prote\u00e7\u00e3o Integrado (IPS)<\/h3>\n<p><span class=\"value\"><span class=\"ng-binding\">IPS \u00e9 um protetor de carbono incorporado ao molde que protege sua raquete contra choques e arranh\u00f5es, prolongando assim a vida \u00fatil da sua raquete.<\/span> <\/ \/ per\u00edodo><\/p>\n<h3 class=\"feature-name ng-binding\">Ponte Inteligente<\/h3>\n<p><span class=\"value\"><span class=\"ng-binding\">Cada raquete tem seu DNA. A tecnologia Smart Bridge \u00e9 o desenvolvimento espec\u00edfico e \u00fanico da \u00e1rea da ponte para oferecer diferentes benef\u00edcios adaptando-se \u00e0s necessidades de cada l\u00e2mina.<\/p>\n<h3 class=\"feature-name ng-binding\">Capa de bunda macia<\/h3>\n<p><span class=\"value\"><span class=\"ng-binding\">A nova tampa \u00e9 feita de material macio que proporciona uma pegada confort\u00e1vel e macia.<br \/>\nCom acabamento laranja, serve para reduzir vibra\u00e7\u00f5es e press\u00e3o, evitando les\u00f5es e bolhas nas m\u00e3os.<\/span> <\/span><\/p>\n<p style=\"padding-left: 40px\">-La pala m\u00e1s ligera del mercado: 300 gramos.<\/p>\n","protected":false},"excerpt":{"rendered":"<p>A raquete ONE ULTRALIGHT \u00e9 uma inova\u00e7\u00e3o que vai revolucionar o padel, sendo a raquete mais leve do mercado para adultos, pesando apenas 300 gramas.<\/p>\n","protected":false},"featured_media":99102,"comment_status":"open","ping_status":"closed","template":"","meta":{"_acf_changed":false,"_joinchat":[]},"acabado":[1105],"balance":[1145],"dureza":[1150],"forma":[1180],"jugador":[1195],"marca":[1220],"nivel-de-juego":[1340,1350],"superficie":[1360],"tipo-de-juego":[1370],"product_brand":[],"product_cat":[300],"product_tag":[],"class_list":{"0":"post-99159","1":"product","2":"type-product","3":"status-publish","4":"has-post-thumbnail","6":"acabado-rugoso-pt-pt","7":"balance-baixo","8":"dureza-blanda-pt-pt","9":"forma-rodada","10":"jugador-mulher","11":"marca-cabeca","12":"superficie-rugosa-pt-pt","13":"tipo-de-juego-controle","14":"product_cat-palas","16":"first","17":"instock","18":"sale","19":"taxable","20":"shipping-taxable","21":"purchasable","22":"product-type-simple"},"acf":[],"yoast_head":"<!-- This site is optimized with the Yoast SEO plugin v27.4 - https:\/\/yoast.com\/product\/yoast-seo-wordpress\/ -->\n<title>HEAD ONE ULTRALIGHT WHITE - Revolution Padel Store<\/title>\n<meta name=\"description\" content=\"La pala ONE ULTRALIGHT es una innovaci\u00f3n que revolucionar\u00e1 el p\u00e1del, siendo la pala m\u00e1s ligera del mercado para adultos, con un peso de solo 300 gramos. Dise\u00f1ada para facilitar el aprendizaje y mejorar tu nivel de juego mientras te diviertes, esta pala premium presenta un nuevo molde redondeado. Mantiene un grosor de 38 mm en el marco y cuenta con una superficie de tama\u00f1o est\u00e1ndar, adem\u00e1s de una empu\u00f1adura m\u00e1s larga que aumenta la comodidad y proporciona soporte adicional en golpes como el rev\u00e9s.\" \/>\n<meta name=\"robots\" content=\"index, follow, max-snippet:-1, max-image-preview:large, max-video-preview:-1\" \/>\n<link rel=\"canonical\" href=\"https:\/\/revolutionpadelstore.com\/pt-pt\/produto\/head-one-ultralight-white-5\/\" \/>\n<meta property=\"og:locale\" content=\"pt_PT\" \/>\n<meta property=\"og:type\" content=\"article\" \/>\n<meta property=\"og:title\" content=\"HEAD ONE ULTRALIGHT WHITE - Revolution Padel Store\" \/>\n<meta property=\"og:description\" content=\"La pala ONE ULTRALIGHT es una innovaci\u00f3n que revolucionar\u00e1 el p\u00e1del, siendo la pala m\u00e1s ligera del mercado para adultos, con un peso de solo 300 gramos. Dise\u00f1ada para facilitar el aprendizaje y mejorar tu nivel de juego mientras te diviertes, esta pala premium presenta un nuevo molde redondeado. Mantiene un grosor de 38 mm en el marco y cuenta con una superficie de tama\u00f1o est\u00e1ndar, adem\u00e1s de una empu\u00f1adura m\u00e1s larga que aumenta la comodidad y proporciona soporte adicional en golpes como el rev\u00e9s.\" \/>\n<meta property=\"og:url\" content=\"https:\/\/revolutionpadelstore.com\/pt-pt\/produto\/head-one-ultralight-white-5\/\" \/>\n<meta property=\"og:site_name\" content=\"Revolution Padel Store\" \/>\n<meta property=\"article:modified_time\" content=\"2026-04-08T08:25:04+00:00\" \/>\n<meta property=\"og:image\" content=\"https:\/\/revolutionpadelstore.com\/wp-content\/uploads\/2024\/10\/502159.jpg\" \/>\n\t<meta property=\"og:image:width\" content=\"800\" \/>\n\t<meta property=\"og:image:height\" content=\"800\" \/>\n\t<meta property=\"og:image:type\" content=\"image\/jpeg\" \/>\n<meta name=\"twitter:card\" content=\"summary_large_image\" \/>\n<meta name=\"twitter:label1\" content=\"Tempo estimado de leitura\" \/>\n\t<meta name=\"twitter:data1\" content=\"3 minutos\" \/>\n<script type=\"application\/ld+json\" class=\"yoast-schema-graph\">{\"@context\":\"https:\\\/\\\/schema.org\",\"@graph\":[{\"@type\":\"WebPage\",\"@id\":\"https:\\\/\\\/revolutionpadelstore.com\\\/pt-pt\\\/produto\\\/head-one-ultralight-white-5\\\/\",\"url\":\"https:\\\/\\\/revolutionpadelstore.com\\\/pt-pt\\\/produto\\\/head-one-ultralight-white-5\\\/\",\"name\":\"HEAD ONE ULTRALIGHT WHITE - Revolution Padel Store\",\"isPartOf\":{\"@id\":\"https:\\\/\\\/revolutionpadelstore.com\\\/pt-pt\\\/#website\"},\"primaryImageOfPage\":{\"@id\":\"https:\\\/\\\/revolutionpadelstore.com\\\/pt-pt\\\/produto\\\/head-one-ultralight-white-5\\\/#primaryimage\"},\"image\":{\"@id\":\"https:\\\/\\\/revolutionpadelstore.com\\\/pt-pt\\\/produto\\\/head-one-ultralight-white-5\\\/#primaryimage\"},\"thumbnailUrl\":\"https:\\\/\\\/revolutionpadelstore.com\\\/wp-content\\\/uploads\\\/2024\\\/10\\\/502159.jpg\",\"datePublished\":\"2024-10-15T06:43:53+00:00\",\"dateModified\":\"2026-04-08T08:25:04+00:00\",\"description\":\"La pala ONE ULTRALIGHT es una innovaci\u00f3n que revolucionar\u00e1 el p\u00e1del, siendo la pala m\u00e1s ligera del mercado para adultos, con un peso de solo 300 gramos. Dise\u00f1ada para facilitar el aprendizaje y mejorar tu nivel de juego mientras te diviertes, esta pala premium presenta un nuevo molde redondeado. Mantiene un grosor de 38 mm en el marco y cuenta con una superficie de tama\u00f1o est\u00e1ndar, adem\u00e1s de una empu\u00f1adura m\u00e1s larga que aumenta la comodidad y proporciona soporte adicional en golpes como el rev\u00e9s.\",\"breadcrumb\":{\"@id\":\"https:\\\/\\\/revolutionpadelstore.com\\\/pt-pt\\\/produto\\\/head-one-ultralight-white-5\\\/#breadcrumb\"},\"inLanguage\":\"pt-PT\",\"potentialAction\":[{\"@type\":\"ReadAction\",\"target\":[\"https:\\\/\\\/revolutionpadelstore.com\\\/pt-pt\\\/produto\\\/head-one-ultralight-white-5\\\/\"]}]},{\"@type\":\"ImageObject\",\"inLanguage\":\"pt-PT\",\"@id\":\"https:\\\/\\\/revolutionpadelstore.com\\\/pt-pt\\\/produto\\\/head-one-ultralight-white-5\\\/#primaryimage\",\"url\":\"https:\\\/\\\/revolutionpadelstore.com\\\/wp-content\\\/uploads\\\/2024\\\/10\\\/502159.jpg\",\"contentUrl\":\"https:\\\/\\\/revolutionpadelstore.com\\\/wp-content\\\/uploads\\\/2024\\\/10\\\/502159.jpg\",\"width\":800,\"height\":800},{\"@type\":\"BreadcrumbList\",\"@id\":\"https:\\\/\\\/revolutionpadelstore.com\\\/pt-pt\\\/produto\\\/head-one-ultralight-white-5\\\/#breadcrumb\",\"itemListElement\":[{\"@type\":\"ListItem\",\"position\":1,\"name\":\"Portada\",\"item\":\"https:\\\/\\\/revolutionpadelstore.com\\\/pt-pt\\\/\"},{\"@type\":\"ListItem\",\"position\":2,\"name\":\"Tienda\",\"item\":\"https:\\\/\\\/revolutionpadelstore.com\\\/pt-pt\\\/tienda\\\/\"},{\"@type\":\"ListItem\",\"position\":3,\"name\":\"HEAD ONE ULTRALIGHT WHITE\"}]},{\"@type\":\"WebSite\",\"@id\":\"https:\\\/\\\/revolutionpadelstore.com\\\/pt-pt\\\/#website\",\"url\":\"https:\\\/\\\/revolutionpadelstore.com\\\/pt-pt\\\/\",\"name\":\"Revolution Padel Store\",\"description\":\"\",\"publisher\":{\"@id\":\"https:\\\/\\\/revolutionpadelstore.com\\\/pt-pt\\\/#organization\"},\"potentialAction\":[{\"@type\":\"SearchAction\",\"target\":{\"@type\":\"EntryPoint\",\"urlTemplate\":\"https:\\\/\\\/revolutionpadelstore.com\\\/pt-pt\\\/?s={search_term_string}\"},\"query-input\":{\"@type\":\"PropertyValueSpecification\",\"valueRequired\":true,\"valueName\":\"search_term_string\"}}],\"inLanguage\":\"pt-PT\"},{\"@type\":\"Organization\",\"@id\":\"https:\\\/\\\/revolutionpadelstore.com\\\/pt-pt\\\/#organization\",\"name\":\"Revolution Padel Store\",\"url\":\"https:\\\/\\\/revolutionpadelstore.com\\\/pt-pt\\\/\",\"logo\":{\"@type\":\"ImageObject\",\"inLanguage\":\"pt-PT\",\"@id\":\"https:\\\/\\\/revolutionpadelstore.com\\\/pt-pt\\\/#\\\/schema\\\/logo\\\/image\\\/\",\"url\":\"https:\\\/\\\/revolutionpadelstore.com\\\/wp-content\\\/uploads\\\/2026\\\/02\\\/revolution-padel-store.jpg\",\"contentUrl\":\"https:\\\/\\\/revolutionpadelstore.com\\\/wp-content\\\/uploads\\\/2026\\\/02\\\/revolution-padel-store.jpg\",\"width\":2000,\"height\":2000,\"caption\":\"Revolution Padel Store\"},\"image\":{\"@id\":\"https:\\\/\\\/revolutionpadelstore.com\\\/pt-pt\\\/#\\\/schema\\\/logo\\\/image\\\/\"},\"sameAs\":[\"https:\\\/\\\/www.instagram.com\\\/revolutionpadelstore\\\/\"]}]}<\/script>\n<!-- \/ Yoast SEO plugin. -->","yoast_head_json":{"title":"HEAD ONE ULTRALIGHT WHITE - Revolution Padel Store","description":"La pala ONE ULTRALIGHT es una innovaci\u00f3n que revolucionar\u00e1 el p\u00e1del, siendo la pala m\u00e1s ligera del mercado para adultos, con un peso de solo 300 gramos. Dise\u00f1ada para facilitar el aprendizaje y mejorar tu nivel de juego mientras te diviertes, esta pala premium presenta un nuevo molde redondeado. Mantiene un grosor de 38 mm en el marco y cuenta con una superficie de tama\u00f1o est\u00e1ndar, adem\u00e1s de una empu\u00f1adura m\u00e1s larga que aumenta la comodidad y proporciona soporte adicional en golpes como el rev\u00e9s.","robots":{"index":"index","follow":"follow","max-snippet":"max-snippet:-1","max-image-preview":"max-image-preview:large","max-video-preview":"max-video-preview:-1"},"canonical":"https:\/\/revolutionpadelstore.com\/pt-pt\/produto\/head-one-ultralight-white-5\/","og_locale":"pt_PT","og_type":"article","og_title":"HEAD ONE ULTRALIGHT WHITE - Revolution Padel Store","og_description":"La pala ONE ULTRALIGHT es una innovaci\u00f3n que revolucionar\u00e1 el p\u00e1del, siendo la pala m\u00e1s ligera del mercado para adultos, con un peso de solo 300 gramos. Dise\u00f1ada para facilitar el aprendizaje y mejorar tu nivel de juego mientras te diviertes, esta pala premium presenta un nuevo molde redondeado. Mantiene un grosor de 38 mm en el marco y cuenta con una superficie de tama\u00f1o est\u00e1ndar, adem\u00e1s de una empu\u00f1adura m\u00e1s larga que aumenta la comodidad y proporciona soporte adicional en golpes como el rev\u00e9s.","og_url":"https:\/\/revolutionpadelstore.com\/pt-pt\/produto\/head-one-ultralight-white-5\/","og_site_name":"Revolution Padel Store","article_modified_time":"2026-04-08T08:25:04+00:00","og_image":[{"width":800,"height":800,"url":"https:\/\/revolutionpadelstore.com\/wp-content\/uploads\/2024\/10\/502159.jpg","type":"image\/jpeg"}],"twitter_card":"summary_large_image","twitter_misc":{"Tempo estimado de leitura":"3 minutos"},"schema":{"@context":"https:\/\/schema.org","@graph":[{"@type":"WebPage","@id":"https:\/\/revolutionpadelstore.com\/pt-pt\/produto\/head-one-ultralight-white-5\/","url":"https:\/\/revolutionpadelstore.com\/pt-pt\/produto\/head-one-ultralight-white-5\/","name":"HEAD ONE ULTRALIGHT WHITE - Revolution Padel Store","isPartOf":{"@id":"https:\/\/revolutionpadelstore.com\/pt-pt\/#website"},"primaryImageOfPage":{"@id":"https:\/\/revolutionpadelstore.com\/pt-pt\/produto\/head-one-ultralight-white-5\/#primaryimage"},"image":{"@id":"https:\/\/revolutionpadelstore.com\/pt-pt\/produto\/head-one-ultralight-white-5\/#primaryimage"},"thumbnailUrl":"https:\/\/revolutionpadelstore.com\/wp-content\/uploads\/2024\/10\/502159.jpg","datePublished":"2024-10-15T06:43:53+00:00","dateModified":"2026-04-08T08:25:04+00:00","description":"La pala ONE ULTRALIGHT es una innovaci\u00f3n que revolucionar\u00e1 el p\u00e1del, siendo la pala m\u00e1s ligera del mercado para adultos, con un peso de solo 300 gramos. Dise\u00f1ada para facilitar el aprendizaje y mejorar tu nivel de juego mientras te diviertes, esta pala premium presenta un nuevo molde redondeado. Mantiene un grosor de 38 mm en el marco y cuenta con una superficie de tama\u00f1o est\u00e1ndar, adem\u00e1s de una empu\u00f1adura m\u00e1s larga que aumenta la comodidad y proporciona soporte adicional en golpes como el rev\u00e9s.","breadcrumb":{"@id":"https:\/\/revolutionpadelstore.com\/pt-pt\/produto\/head-one-ultralight-white-5\/#breadcrumb"},"inLanguage":"pt-PT","potentialAction":[{"@type":"ReadAction","target":["https:\/\/revolutionpadelstore.com\/pt-pt\/produto\/head-one-ultralight-white-5\/"]}]},{"@type":"ImageObject","inLanguage":"pt-PT","@id":"https:\/\/revolutionpadelstore.com\/pt-pt\/produto\/head-one-ultralight-white-5\/#primaryimage","url":"https:\/\/revolutionpadelstore.com\/wp-content\/uploads\/2024\/10\/502159.jpg","contentUrl":"https:\/\/revolutionpadelstore.com\/wp-content\/uploads\/2024\/10\/502159.jpg","width":800,"height":800},{"@type":"BreadcrumbList","@id":"https:\/\/revolutionpadelstore.com\/pt-pt\/produto\/head-one-ultralight-white-5\/#breadcrumb","itemListElement":[{"@type":"ListItem","position":1,"name":"Portada","item":"https:\/\/revolutionpadelstore.com\/pt-pt\/"},{"@type":"ListItem","position":2,"name":"Tienda","item":"https:\/\/revolutionpadelstore.com\/pt-pt\/tienda\/"},{"@type":"ListItem","position":3,"name":"HEAD ONE ULTRALIGHT WHITE"}]},{"@type":"WebSite","@id":"https:\/\/revolutionpadelstore.com\/pt-pt\/#website","url":"https:\/\/revolutionpadelstore.com\/pt-pt\/","name":"Revolution Padel Store","description":"","publisher":{"@id":"https:\/\/revolutionpadelstore.com\/pt-pt\/#organization"},"potentialAction":[{"@type":"SearchAction","target":{"@type":"EntryPoint","urlTemplate":"https:\/\/revolutionpadelstore.com\/pt-pt\/?s={search_term_string}"},"query-input":{"@type":"PropertyValueSpecification","valueRequired":true,"valueName":"search_term_string"}}],"inLanguage":"pt-PT"},{"@type":"Organization","@id":"https:\/\/revolutionpadelstore.com\/pt-pt\/#organization","name":"Revolution Padel Store","url":"https:\/\/revolutionpadelstore.com\/pt-pt\/","logo":{"@type":"ImageObject","inLanguage":"pt-PT","@id":"https:\/\/revolutionpadelstore.com\/pt-pt\/#\/schema\/logo\/image\/","url":"https:\/\/revolutionpadelstore.com\/wp-content\/uploads\/2026\/02\/revolution-padel-store.jpg","contentUrl":"https:\/\/revolutionpadelstore.com\/wp-content\/uploads\/2026\/02\/revolution-padel-store.jpg","width":2000,"height":2000,"caption":"Revolution Padel Store"},"image":{"@id":"https:\/\/revolutionpadelstore.com\/pt-pt\/#\/schema\/logo\/image\/"},"sameAs":["https:\/\/www.instagram.com\/revolutionpadelstore\/"]}]}},"_links":{"self":[{"href":"https:\/\/revolutionpadelstore.com\/pt-pt\/wp-json\/wp\/v2\/product\/99159","targetHints":{"allow":["GET"]}}],"collection":[{"href":"https:\/\/revolutionpadelstore.com\/pt-pt\/wp-json\/wp\/v2\/product"}],"about":[{"href":"https:\/\/revolutionpadelstore.com\/pt-pt\/wp-json\/wp\/v2\/types\/product"}],"replies":[{"embeddable":true,"href":"https:\/\/revolutionpadelstore.com\/pt-pt\/wp-json\/wp\/v2\/comments?post=99159"}],"wp:featuredmedia":[{"embeddable":true,"href":"https:\/\/revolutionpadelstore.com\/pt-pt\/wp-json\/wp\/v2\/media\/99102"}],"wp:attachment":[{"href":"https:\/\/revolutionpadelstore.com\/pt-pt\/wp-json\/wp\/v2\/media?parent=99159"}],"wp:term":[{"taxonomy":"acabado","embeddable":true,"href":"https:\/\/revolutionpadelstore.com\/pt-pt\/wp-json\/wp\/v2\/acabado?post=99159"},{"taxonomy":"balance","embeddable":true,"href":"https:\/\/revolutionpadelstore.com\/pt-pt\/wp-json\/wp\/v2\/balance?post=99159"},{"taxonomy":"dureza","embeddable":true,"href":"https:\/\/revolutionpadelstore.com\/pt-pt\/wp-json\/wp\/v2\/dureza?post=99159"},{"taxonomy":"forma","embeddable":true,"href":"https:\/\/revolutionpadelstore.com\/pt-pt\/wp-json\/wp\/v2\/forma?post=99159"},{"taxonomy":"jugador","embeddable":true,"href":"https:\/\/revolutionpadelstore.com\/pt-pt\/wp-json\/wp\/v2\/jugador?post=99159"},{"taxonomy":"marca","embeddable":true,"href":"https:\/\/revolutionpadelstore.com\/pt-pt\/wp-json\/wp\/v2\/marca?post=99159"},{"taxonomy":"nivel-de-juego","embeddable":true,"href":"https:\/\/revolutionpadelstore.com\/pt-pt\/wp-json\/wp\/v2\/nivel-de-juego?post=99159"},{"taxonomy":"superficie","embeddable":true,"href":"https:\/\/revolutionpadelstore.com\/pt-pt\/wp-json\/wp\/v2\/superficie?post=99159"},{"taxonomy":"tipo-de-juego","embeddable":true,"href":"https:\/\/revolutionpadelstore.com\/pt-pt\/wp-json\/wp\/v2\/tipo-de-juego?post=99159"},{"taxonomy":"product_brand","embeddable":true,"href":"https:\/\/revolutionpadelstore.com\/pt-pt\/wp-json\/wp\/v2\/product_brand?post=99159"},{"taxonomy":"product_cat","embeddable":true,"href":"https:\/\/revolutionpadelstore.com\/pt-pt\/wp-json\/wp\/v2\/product_cat?post=99159"},{"taxonomy":"product_tag","embeddable":true,"href":"https:\/\/revolutionpadelstore.com\/pt-pt\/wp-json\/wp\/v2\/product_tag?post=99159"}],"curies":[{"name":"wp","href":"https:\/\/api.w.org\/{rel}","templated":true}]}}