{"id":99075,"date":"2024-10-13T10:03:58","date_gmt":"2024-10-13T08:03:58","guid":{"rendered":"https:\/\/revolutionpadelstore.com\/starvie-drax-pro-touch-2025\/"},"modified":"2026-04-08T10:26:07","modified_gmt":"2026-04-08T08:26:07","slug":"starvie-drax-pro-touch-2025","status":"publish","type":"product","link":"https:\/\/revolutionpadelstore.com\/pt-pt\/produto\/starvie-drax-pro-touch-2025\/","title":{"rendered":"STARVIE DRAX PRO TOUCH 2025"},"content":{"rendered":"<h3>StarVie Drax Pro Touch 2025: estabilidade e versatilidade<\/h3>\n<p>A raquete Drax Pro Touch 2025 da StarVie, parte de sua linha Premium, foi projetada para um jogo que combina controle e ataque. Oferece um equil\u00edbrio excepcional entre pot\u00eancia e precis\u00e3o, permitindo-lhe adaptar-se a qualquer situa\u00e7\u00e3o na quadra. O design do Drax Pro Touch 2025 busca otimizar o desempenho do jogador, proporcionando excelente versatilidade em cada tacada.<\/p>\n<p><strong>Ideal para jogadores avan\u00e7ados<\/strong><\/p>\n<p>Esta raquete \u00e9 perfeita para jogadores de padel de n\u00edvel avan\u00e7ado que se destacam tanto na defesa no fundo da quadra quanto nos ataques agressivos na rede. Se gosta de dar spin \u00e0 bola e surpreender os seus advers\u00e1rios, o Drax Pro Touch ser\u00e1 o seu companheiro ideal nas partidas mais exigentes.<\/p>\n<p><strong>Recursos e tecnologias<\/strong><\/p>\n<p style=\"padding-left: 40px\"><strong>-N\u00facleo:<\/strong> Borracha EVA Pro Touch de densidade m\u00e9dia e dura para controle e pot\u00eancia excepcionais, bem como maior sensibilidade em cada golpe.<\/p>\n<p style=\"padding-left: 40px\"><strong>-Surface:<\/strong> Duas camadas de carbono 12K que suavizam o toque e otimizam a sa\u00edda da bola.<\/p>\n<p style=\"padding-left: 40px\"><strong>-Quadro:<\/strong> carbono 3K que maximiza a firmeza e a resist\u00eancia.<\/p>\n<p style=\"padding-left: 40px\"><strong>-Racing Tech Roughness:<\/strong> planos que permitem mais giro para a bola.<\/p>\n<p style=\"padding-left: 40px\"><strong>-Noene Inside Technology:<\/strong> Aplicada no punho, absorve a energia das vibra\u00e7\u00f5es.<\/p>\n<p style=\"padding-left: 40px\"><strong>-Perfil:<\/strong> 38 mm com Airflow Design para golpes mais poderosos e r\u00e1pidos.<\/p>\n<p style=\"padding-left: 40px\"><strong>-Hepta Bridge:<\/strong> No cora\u00e7\u00e3o da l\u00e2mina, proporciona firmeza, manobrabilidade e absor\u00e7\u00e3o de vibra\u00e7\u00f5es.<\/p>\n<p style=\"padding-left: 40px\"><strong>-Peso:<\/strong> Entre 350 e 380 gramas.<\/p>\n<p style=\"padding-left: 40px\"><strong>-Inclui:<\/strong> mochila de gin\u00e1stica sustent\u00e1vel e corda ajust\u00e1vel.<\/p>\n<h3>Melhore seu jogo<\/h3>\n<p>Obtenha o StarVie Drax Pro Touch 2025 na Revolution Padel Store. Com seu design em forma de l\u00e1grima e ponto ideal elevado, esta raquete permitir\u00e1 que jogadores avan\u00e7ados batam na bola com maior versatilidade, conforto e giro. Eleve seu desempenho na quadra com esta raquete da linha Premium.<\/p>\n<h3>StarVie Drax Pro Touch 2025: Estabilidad y Versatilidad<\/h3>\n","protected":false},"excerpt":{"rendered":"<p>Raquete StarVie Drax Pro Touch 2025 em forma de l\u00e1grima e alto equil\u00edbrio, projetada para jogadores avan\u00e7ados que gostam de ataque e defesa. Avi\u00f5es \u00e1speros de carbono 12K.<\/p>\n","protected":false},"featured_media":98931,"comment_status":"open","ping_status":"closed","template":"","meta":{"_acf_changed":false,"_joinchat":[]},"acabado":[1090],"balance":[1135],"dureza":[1155],"forma":[1185],"jugador":[1190,1200],"marca":[1290],"nivel-de-juego":[1335],"superficie":[1360],"tipo-de-juego":[1385],"product_brand":[],"product_cat":[300],"product_tag":[],"class_list":{"0":"post-99075","1":"product","2":"type-product","3":"status-publish","4":"has-post-thumbnail","6":"acabado-alivio-3d","7":"balance-alto-pt-pt","8":"dureza-media-pt-pt","9":"forma-lagrima-pt-pt","10":"jugador-homem","11":"jugador-polivalente-pt-pt","12":"marca-starvie-pt-pt","13":"superficie-rugosa-pt-pt","14":"tipo-de-juego-polivalente-pt-pt","15":"product_cat-palas","17":"first","18":"instock","19":"sale","20":"taxable","21":"shipping-taxable","22":"purchasable","23":"product-type-simple"},"acf":[],"yoast_head":"<!-- This site is optimized with the Yoast SEO plugin v27.4 - https:\/\/yoast.com\/product\/yoast-seo-wordpress\/ -->\n<title>STARVIE DRAX PRO TOUCH 2025 - Revolution Padel Store<\/title>\n<meta name=\"description\" content=\"Enfocada en un juego tanto de control como de ataque, la pala Drax Pro Touch 2025, de la gama Premium de StarVie, garantiza un equilibrio perfecto entre potencia y precisi\u00f3n para una excelente adaptaci\u00f3n a cualquier situaci\u00f3n que se te presente en la pista.\" \/>\n<meta name=\"robots\" content=\"index, follow, max-snippet:-1, max-image-preview:large, max-video-preview:-1\" \/>\n<link rel=\"canonical\" href=\"https:\/\/revolutionpadelstore.com\/pt-pt\/produto\/starvie-drax-pro-touch-2025\/\" \/>\n<meta property=\"og:locale\" content=\"pt_PT\" \/>\n<meta property=\"og:type\" content=\"article\" \/>\n<meta property=\"og:title\" content=\"STARVIE DRAX PRO TOUCH 2025 - Revolution Padel Store\" \/>\n<meta property=\"og:description\" content=\"Enfocada en un juego tanto de control como de ataque, la pala Drax Pro Touch 2025, de la gama Premium de StarVie, garantiza un equilibrio perfecto entre potencia y precisi\u00f3n para una excelente adaptaci\u00f3n a cualquier situaci\u00f3n que se te presente en la pista.\" \/>\n<meta property=\"og:url\" content=\"https:\/\/revolutionpadelstore.com\/pt-pt\/produto\/starvie-drax-pro-touch-2025\/\" \/>\n<meta property=\"og:site_name\" content=\"Revolution Padel Store\" \/>\n<meta property=\"article:modified_time\" content=\"2026-04-08T08:26:07+00:00\" \/>\n<meta property=\"og:image\" content=\"https:\/\/revolutionpadelstore.com\/wp-content\/uploads\/2024\/10\/114817_pala_starvie_drax_pro_touch_pstdv21000_1500x1500_1_96f5.webp\" \/>\n\t<meta property=\"og:image:width\" content=\"1500\" \/>\n\t<meta property=\"og:image:height\" content=\"1500\" \/>\n\t<meta property=\"og:image:type\" content=\"image\/webp\" \/>\n<meta name=\"twitter:card\" content=\"summary_large_image\" \/>\n<meta name=\"twitter:label1\" content=\"Tempo estimado de leitura\" \/>\n\t<meta name=\"twitter:data1\" content=\"2 minutos\" \/>\n<script type=\"application\/ld+json\" class=\"yoast-schema-graph\">{\"@context\":\"https:\\\/\\\/schema.org\",\"@graph\":[{\"@type\":\"WebPage\",\"@id\":\"https:\\\/\\\/revolutionpadelstore.com\\\/pt-pt\\\/produto\\\/starvie-drax-pro-touch-2025\\\/\",\"url\":\"https:\\\/\\\/revolutionpadelstore.com\\\/pt-pt\\\/produto\\\/starvie-drax-pro-touch-2025\\\/\",\"name\":\"STARVIE DRAX PRO TOUCH 2025 - Revolution Padel Store\",\"isPartOf\":{\"@id\":\"https:\\\/\\\/revolutionpadelstore.com\\\/pt-pt\\\/#website\"},\"primaryImageOfPage\":{\"@id\":\"https:\\\/\\\/revolutionpadelstore.com\\\/pt-pt\\\/produto\\\/starvie-drax-pro-touch-2025\\\/#primaryimage\"},\"image\":{\"@id\":\"https:\\\/\\\/revolutionpadelstore.com\\\/pt-pt\\\/produto\\\/starvie-drax-pro-touch-2025\\\/#primaryimage\"},\"thumbnailUrl\":\"https:\\\/\\\/revolutionpadelstore.com\\\/wp-content\\\/uploads\\\/2024\\\/10\\\/114817_pala_starvie_drax_pro_touch_pstdv21000_1500x1500_1_96f5.webp\",\"datePublished\":\"2024-10-13T08:03:58+00:00\",\"dateModified\":\"2026-04-08T08:26:07+00:00\",\"description\":\"Enfocada en un juego tanto de control como de ataque, la pala Drax Pro Touch 2025, de la gama Premium de StarVie, garantiza un equilibrio perfecto entre potencia y precisi\u00f3n para una excelente adaptaci\u00f3n a cualquier situaci\u00f3n que se te presente en la pista.\",\"breadcrumb\":{\"@id\":\"https:\\\/\\\/revolutionpadelstore.com\\\/pt-pt\\\/produto\\\/starvie-drax-pro-touch-2025\\\/#breadcrumb\"},\"inLanguage\":\"pt-PT\",\"potentialAction\":[{\"@type\":\"ReadAction\",\"target\":[\"https:\\\/\\\/revolutionpadelstore.com\\\/pt-pt\\\/produto\\\/starvie-drax-pro-touch-2025\\\/\"]}]},{\"@type\":\"ImageObject\",\"inLanguage\":\"pt-PT\",\"@id\":\"https:\\\/\\\/revolutionpadelstore.com\\\/pt-pt\\\/produto\\\/starvie-drax-pro-touch-2025\\\/#primaryimage\",\"url\":\"https:\\\/\\\/revolutionpadelstore.com\\\/wp-content\\\/uploads\\\/2024\\\/10\\\/114817_pala_starvie_drax_pro_touch_pstdv21000_1500x1500_1_96f5.webp\",\"contentUrl\":\"https:\\\/\\\/revolutionpadelstore.com\\\/wp-content\\\/uploads\\\/2024\\\/10\\\/114817_pala_starvie_drax_pro_touch_pstdv21000_1500x1500_1_96f5.webp\",\"width\":1500,\"height\":1500},{\"@type\":\"BreadcrumbList\",\"@id\":\"https:\\\/\\\/revolutionpadelstore.com\\\/pt-pt\\\/produto\\\/starvie-drax-pro-touch-2025\\\/#breadcrumb\",\"itemListElement\":[{\"@type\":\"ListItem\",\"position\":1,\"name\":\"Portada\",\"item\":\"https:\\\/\\\/revolutionpadelstore.com\\\/pt-pt\\\/\"},{\"@type\":\"ListItem\",\"position\":2,\"name\":\"Tienda\",\"item\":\"https:\\\/\\\/revolutionpadelstore.com\\\/pt-pt\\\/tienda\\\/\"},{\"@type\":\"ListItem\",\"position\":3,\"name\":\"STARVIE DRAX PRO TOUCH 2025\"}]},{\"@type\":\"WebSite\",\"@id\":\"https:\\\/\\\/revolutionpadelstore.com\\\/pt-pt\\\/#website\",\"url\":\"https:\\\/\\\/revolutionpadelstore.com\\\/pt-pt\\\/\",\"name\":\"Revolution Padel Store\",\"description\":\"\",\"publisher\":{\"@id\":\"https:\\\/\\\/revolutionpadelstore.com\\\/pt-pt\\\/#organization\"},\"potentialAction\":[{\"@type\":\"SearchAction\",\"target\":{\"@type\":\"EntryPoint\",\"urlTemplate\":\"https:\\\/\\\/revolutionpadelstore.com\\\/pt-pt\\\/?s={search_term_string}\"},\"query-input\":{\"@type\":\"PropertyValueSpecification\",\"valueRequired\":true,\"valueName\":\"search_term_string\"}}],\"inLanguage\":\"pt-PT\"},{\"@type\":\"Organization\",\"@id\":\"https:\\\/\\\/revolutionpadelstore.com\\\/pt-pt\\\/#organization\",\"name\":\"Revolution Padel Store\",\"url\":\"https:\\\/\\\/revolutionpadelstore.com\\\/pt-pt\\\/\",\"logo\":{\"@type\":\"ImageObject\",\"inLanguage\":\"pt-PT\",\"@id\":\"https:\\\/\\\/revolutionpadelstore.com\\\/pt-pt\\\/#\\\/schema\\\/logo\\\/image\\\/\",\"url\":\"https:\\\/\\\/revolutionpadelstore.com\\\/wp-content\\\/uploads\\\/2026\\\/02\\\/revolution-padel-store.jpg\",\"contentUrl\":\"https:\\\/\\\/revolutionpadelstore.com\\\/wp-content\\\/uploads\\\/2026\\\/02\\\/revolution-padel-store.jpg\",\"width\":2000,\"height\":2000,\"caption\":\"Revolution Padel Store\"},\"image\":{\"@id\":\"https:\\\/\\\/revolutionpadelstore.com\\\/pt-pt\\\/#\\\/schema\\\/logo\\\/image\\\/\"},\"sameAs\":[\"https:\\\/\\\/www.instagram.com\\\/revolutionpadelstore\\\/\"]}]}<\/script>\n<!-- \/ Yoast SEO plugin. -->","yoast_head_json":{"title":"STARVIE DRAX PRO TOUCH 2025 - Revolution Padel Store","description":"Enfocada en un juego tanto de control como de ataque, la pala Drax Pro Touch 2025, de la gama Premium de StarVie, garantiza un equilibrio perfecto entre potencia y precisi\u00f3n para una excelente adaptaci\u00f3n a cualquier situaci\u00f3n que se te presente en la pista.","robots":{"index":"index","follow":"follow","max-snippet":"max-snippet:-1","max-image-preview":"max-image-preview:large","max-video-preview":"max-video-preview:-1"},"canonical":"https:\/\/revolutionpadelstore.com\/pt-pt\/produto\/starvie-drax-pro-touch-2025\/","og_locale":"pt_PT","og_type":"article","og_title":"STARVIE DRAX PRO TOUCH 2025 - Revolution Padel Store","og_description":"Enfocada en un juego tanto de control como de ataque, la pala Drax Pro Touch 2025, de la gama Premium de StarVie, garantiza un equilibrio perfecto entre potencia y precisi\u00f3n para una excelente adaptaci\u00f3n a cualquier situaci\u00f3n que se te presente en la pista.","og_url":"https:\/\/revolutionpadelstore.com\/pt-pt\/produto\/starvie-drax-pro-touch-2025\/","og_site_name":"Revolution Padel Store","article_modified_time":"2026-04-08T08:26:07+00:00","og_image":[{"width":1500,"height":1500,"url":"https:\/\/revolutionpadelstore.com\/wp-content\/uploads\/2024\/10\/114817_pala_starvie_drax_pro_touch_pstdv21000_1500x1500_1_96f5.webp","type":"image\/webp"}],"twitter_card":"summary_large_image","twitter_misc":{"Tempo estimado de leitura":"2 minutos"},"schema":{"@context":"https:\/\/schema.org","@graph":[{"@type":"WebPage","@id":"https:\/\/revolutionpadelstore.com\/pt-pt\/produto\/starvie-drax-pro-touch-2025\/","url":"https:\/\/revolutionpadelstore.com\/pt-pt\/produto\/starvie-drax-pro-touch-2025\/","name":"STARVIE DRAX PRO TOUCH 2025 - Revolution Padel Store","isPartOf":{"@id":"https:\/\/revolutionpadelstore.com\/pt-pt\/#website"},"primaryImageOfPage":{"@id":"https:\/\/revolutionpadelstore.com\/pt-pt\/produto\/starvie-drax-pro-touch-2025\/#primaryimage"},"image":{"@id":"https:\/\/revolutionpadelstore.com\/pt-pt\/produto\/starvie-drax-pro-touch-2025\/#primaryimage"},"thumbnailUrl":"https:\/\/revolutionpadelstore.com\/wp-content\/uploads\/2024\/10\/114817_pala_starvie_drax_pro_touch_pstdv21000_1500x1500_1_96f5.webp","datePublished":"2024-10-13T08:03:58+00:00","dateModified":"2026-04-08T08:26:07+00:00","description":"Enfocada en un juego tanto de control como de ataque, la pala Drax Pro Touch 2025, de la gama Premium de StarVie, garantiza un equilibrio perfecto entre potencia y precisi\u00f3n para una excelente adaptaci\u00f3n a cualquier situaci\u00f3n que se te presente en la pista.","breadcrumb":{"@id":"https:\/\/revolutionpadelstore.com\/pt-pt\/produto\/starvie-drax-pro-touch-2025\/#breadcrumb"},"inLanguage":"pt-PT","potentialAction":[{"@type":"ReadAction","target":["https:\/\/revolutionpadelstore.com\/pt-pt\/produto\/starvie-drax-pro-touch-2025\/"]}]},{"@type":"ImageObject","inLanguage":"pt-PT","@id":"https:\/\/revolutionpadelstore.com\/pt-pt\/produto\/starvie-drax-pro-touch-2025\/#primaryimage","url":"https:\/\/revolutionpadelstore.com\/wp-content\/uploads\/2024\/10\/114817_pala_starvie_drax_pro_touch_pstdv21000_1500x1500_1_96f5.webp","contentUrl":"https:\/\/revolutionpadelstore.com\/wp-content\/uploads\/2024\/10\/114817_pala_starvie_drax_pro_touch_pstdv21000_1500x1500_1_96f5.webp","width":1500,"height":1500},{"@type":"BreadcrumbList","@id":"https:\/\/revolutionpadelstore.com\/pt-pt\/produto\/starvie-drax-pro-touch-2025\/#breadcrumb","itemListElement":[{"@type":"ListItem","position":1,"name":"Portada","item":"https:\/\/revolutionpadelstore.com\/pt-pt\/"},{"@type":"ListItem","position":2,"name":"Tienda","item":"https:\/\/revolutionpadelstore.com\/pt-pt\/tienda\/"},{"@type":"ListItem","position":3,"name":"STARVIE DRAX PRO TOUCH 2025"}]},{"@type":"WebSite","@id":"https:\/\/revolutionpadelstore.com\/pt-pt\/#website","url":"https:\/\/revolutionpadelstore.com\/pt-pt\/","name":"Revolution Padel Store","description":"","publisher":{"@id":"https:\/\/revolutionpadelstore.com\/pt-pt\/#organization"},"potentialAction":[{"@type":"SearchAction","target":{"@type":"EntryPoint","urlTemplate":"https:\/\/revolutionpadelstore.com\/pt-pt\/?s={search_term_string}"},"query-input":{"@type":"PropertyValueSpecification","valueRequired":true,"valueName":"search_term_string"}}],"inLanguage":"pt-PT"},{"@type":"Organization","@id":"https:\/\/revolutionpadelstore.com\/pt-pt\/#organization","name":"Revolution Padel Store","url":"https:\/\/revolutionpadelstore.com\/pt-pt\/","logo":{"@type":"ImageObject","inLanguage":"pt-PT","@id":"https:\/\/revolutionpadelstore.com\/pt-pt\/#\/schema\/logo\/image\/","url":"https:\/\/revolutionpadelstore.com\/wp-content\/uploads\/2026\/02\/revolution-padel-store.jpg","contentUrl":"https:\/\/revolutionpadelstore.com\/wp-content\/uploads\/2026\/02\/revolution-padel-store.jpg","width":2000,"height":2000,"caption":"Revolution Padel Store"},"image":{"@id":"https:\/\/revolutionpadelstore.com\/pt-pt\/#\/schema\/logo\/image\/"},"sameAs":["https:\/\/www.instagram.com\/revolutionpadelstore\/"]}]}},"_links":{"self":[{"href":"https:\/\/revolutionpadelstore.com\/pt-pt\/wp-json\/wp\/v2\/product\/99075","targetHints":{"allow":["GET"]}}],"collection":[{"href":"https:\/\/revolutionpadelstore.com\/pt-pt\/wp-json\/wp\/v2\/product"}],"about":[{"href":"https:\/\/revolutionpadelstore.com\/pt-pt\/wp-json\/wp\/v2\/types\/product"}],"replies":[{"embeddable":true,"href":"https:\/\/revolutionpadelstore.com\/pt-pt\/wp-json\/wp\/v2\/comments?post=99075"}],"wp:featuredmedia":[{"embeddable":true,"href":"https:\/\/revolutionpadelstore.com\/pt-pt\/wp-json\/wp\/v2\/media\/98931"}],"wp:attachment":[{"href":"https:\/\/revolutionpadelstore.com\/pt-pt\/wp-json\/wp\/v2\/media?parent=99075"}],"wp:term":[{"taxonomy":"acabado","embeddable":true,"href":"https:\/\/revolutionpadelstore.com\/pt-pt\/wp-json\/wp\/v2\/acabado?post=99075"},{"taxonomy":"balance","embeddable":true,"href":"https:\/\/revolutionpadelstore.com\/pt-pt\/wp-json\/wp\/v2\/balance?post=99075"},{"taxonomy":"dureza","embeddable":true,"href":"https:\/\/revolutionpadelstore.com\/pt-pt\/wp-json\/wp\/v2\/dureza?post=99075"},{"taxonomy":"forma","embeddable":true,"href":"https:\/\/revolutionpadelstore.com\/pt-pt\/wp-json\/wp\/v2\/forma?post=99075"},{"taxonomy":"jugador","embeddable":true,"href":"https:\/\/revolutionpadelstore.com\/pt-pt\/wp-json\/wp\/v2\/jugador?post=99075"},{"taxonomy":"marca","embeddable":true,"href":"https:\/\/revolutionpadelstore.com\/pt-pt\/wp-json\/wp\/v2\/marca?post=99075"},{"taxonomy":"nivel-de-juego","embeddable":true,"href":"https:\/\/revolutionpadelstore.com\/pt-pt\/wp-json\/wp\/v2\/nivel-de-juego?post=99075"},{"taxonomy":"superficie","embeddable":true,"href":"https:\/\/revolutionpadelstore.com\/pt-pt\/wp-json\/wp\/v2\/superficie?post=99075"},{"taxonomy":"tipo-de-juego","embeddable":true,"href":"https:\/\/revolutionpadelstore.com\/pt-pt\/wp-json\/wp\/v2\/tipo-de-juego?post=99075"},{"taxonomy":"product_brand","embeddable":true,"href":"https:\/\/revolutionpadelstore.com\/pt-pt\/wp-json\/wp\/v2\/product_brand?post=99075"},{"taxonomy":"product_cat","embeddable":true,"href":"https:\/\/revolutionpadelstore.com\/pt-pt\/wp-json\/wp\/v2\/product_cat?post=99075"},{"taxonomy":"product_tag","embeddable":true,"href":"https:\/\/revolutionpadelstore.com\/pt-pt\/wp-json\/wp\/v2\/product_tag?post=99075"}],"curies":[{"name":"wp","href":"https:\/\/api.w.org\/{rel}","templated":true}]}}