{"id":99070,"date":"2024-10-13T10:14:37","date_gmt":"2024-10-13T08:14:37","guid":{"rendered":"https:\/\/revolutionpadelstore.com\/starvie-metheora-dual-2025\/"},"modified":"2026-04-08T10:25:34","modified_gmt":"2026-04-08T08:25:34","slug":"starvie-metheora-dual-2025-5","status":"publish","type":"product","link":"https:\/\/revolutionpadelstore.com\/pt-pt\/produto\/starvie-metheora-dual-2025-5\/","title":{"rendered":"STARVIE METHEORA DUAL 2025"},"content":{"rendered":"<div class=\"flex-shrink-0 flex flex-col itens relativos-end\">\n<div>\n<div class=\"pt-0\">\n<div class=\"gizmo-bot-avatar flex h-8 w-8 items-center justificar-center overflow-hidden round-full\"><\/div>\n<\/div>\n<\/div>\n<\/div>\n<div class=\"grupo\/conversa\u00e7\u00e3o-turn relativo flex w-full min-w-0 flex-col agente-turn\">\n<div class=\"flex-col gap-1 md:gap-3\">\n<div class=\"flex max-w-full flex-col flex-grow\">\n<div class=\"min-h-8 text-message flex w-full flex-col items-end gap-2 whitespace-normal break-words [.text-message+&amp;]:mt-5\" dir=\"auto\" data-message-author-role=\"assistant\" data-message-id=\"51099bfa-bcfd-4e2d-875d-e80a908e766d\" data-message-model-slug=\"gpt-4o-mini\">\n<div class=\"flex w-full flex-col gap-1 vazio:oculto primeiro:pt-[3px]\">\n<div class=\"markdown prosa w-full break-words dark:prose-invert dark\">\n<h1>StarVie Metheora Dual 2025<\/h1>\n<p>A StarVie Metheora Dual 2025 \u00e9 uma raquete de padel redonda da linha Universe, projetada para atender \u00e0s demandas dos jogadores mais avan\u00e7ados. A sua fus\u00e3o de tecnologias de ponta e materiais de alta qualidade oferece uma experi\u00eancia de jogo excepcional. A composi\u00e7\u00e3o de carbono 3K, tanto no plano quanto no tubular, garante grande resist\u00eancia, enquanto sua borracha de dupla densidade proporciona versatilidade \u00fanica em cada golpe.<\/p>\n<p><strong>Ideal para jogadores avan\u00e7ados<\/strong><\/p>\n<p>Esta raquete \u00e9 perfeita para jogadores de n\u00edvel avan\u00e7ado que buscam um desempenho equilibrado em quadra. Gra\u00e7as \u00e0 sua borracha Dual Density, o Metheora Dual adapta-se tanto a golpes lentos, proporcionando conforto, como a golpes r\u00e1pidos, proporcionando explosividade. Isto o torna uma ferramenta ideal para quem precisa de um equil\u00edbrio entre controle e pot\u00eancia, capaz de se adaptar a qualquer situa\u00e7\u00e3o de jogo.<\/p>\n<p><strong>Recursos e tecnologias<\/strong><\/p>\n<p style=\"padding-left: 40px\"><strong>-Body:<\/strong> redondo, com um ponto ideal centralizado para facilitar o golpe.<\/p>\n<p style=\"padding-left: 40px\"><strong>-Flat:<\/strong> Fabricado em carbono 3K, o que garante durabilidade e estabilidade.<\/p>\n<p style=\"padding-left: 40px\"><strong>-Borracha:<\/strong> EVA Dual Density, que combina camadas de diferentes densidades para melhor adaptabilidade.<\/p>\n<p style=\"padding-left: 40px\"><strong>-Rugosidade:<\/strong> Efeito plano completo, ideal para gerar mais rota\u00e7\u00e3o nas tacadas.<\/p>\n<p style=\"padding-left: 40px\"><strong>-Star Balance System:<\/strong> oferece equil\u00edbrio de peso ideal para um manuseio mais confort\u00e1vel.<\/p>\n<p style=\"padding-left: 40px\"><strong>-Noene Inside:<\/strong> Absorve at\u00e9 96% das vibra\u00e7\u00f5es, protegendo o bra\u00e7o do jogador.<\/p>\n<p style=\"padding-left: 40px\"><strong>-Fabrica\u00e7\u00e3o:<\/strong> produto 100% espanhol.<\/p>\n<p><strong>Desempenho excepcional<\/strong><\/p>\n<p>A StarVie Metheora Dual 2025 \u00e9 a escolha perfeita para jogadores avan\u00e7ados que procuram uma raquete completa e adapt\u00e1vel. Com seu design robusto e combina\u00e7\u00e3o de tecnologias, \u00e9 um investimento seguro para quem quer dominar a quadra com controle e pot\u00eancia.<\/p>\n<\/div>\n<\/div>\n<\/div>\n<\/div>\n<\/div>\n<\/div>\n","protected":false},"excerpt":{"rendered":"<p>O StarVie Metheora Dual 2025 oferece adaptabilidade com sua borracha Dual Density, controle, pot\u00eancia e conforto, ideal para jogadores avan\u00e7ados que buscam desempenho superior em todas as fases do jogo.<\/p>\n","protected":false},"featured_media":98974,"comment_status":"open","ping_status":"closed","template":"","meta":{"_acf_changed":false,"_joinchat":[]},"acabado":[1090],"balance":[1145],"dureza":[1155],"forma":[1180],"jugador":[1190,1200],"marca":[1290],"nivel-de-juego":[1335],"superficie":[1360],"tipo-de-juego":[1370],"product_brand":[],"product_cat":[300],"product_tag":[],"class_list":{"0":"post-99070","1":"product","2":"type-product","3":"status-publish","4":"has-post-thumbnail","6":"acabado-alivio-3d","7":"balance-baixo","8":"dureza-media-pt-pt","9":"forma-rodada","10":"jugador-homem","11":"jugador-polivalente-pt-pt","12":"marca-starvie-pt-pt","13":"superficie-rugosa-pt-pt","14":"tipo-de-juego-controle","15":"product_cat-palas","17":"first","18":"instock","19":"sale","20":"taxable","21":"shipping-taxable","22":"purchasable","23":"product-type-simple"},"acf":[],"yoast_head":"<!-- This site is optimized with the Yoast SEO plugin v27.6 - https:\/\/yoast.com\/product\/yoast-seo-wordpress\/ -->\n<title>STARVIE METHEORA DUAL 2025 - Revolution Padel Store<\/title>\n<meta name=\"description\" content=\"La StarVie Metheora Dual 2025 es una pala de p\u00e1del redonda de la gama Universe, dise\u00f1ada para satisfacer las demandas de los jugadores m\u00e1s exigentes y avanzados. Esta pala combina tecnolog\u00edas de vanguardia y materiales de alta calidad que ofrecen una experiencia de juego superior. Su composici\u00f3n en carbono 3K tanto en el plano como en el tubular garantiza una gran resistencia, mientras que su goma Dual Density proporciona una versatilidad \u00fanica en cada golpe.\" \/>\n<meta name=\"robots\" content=\"index, follow, max-snippet:-1, max-image-preview:large, max-video-preview:-1\" \/>\n<link rel=\"canonical\" href=\"https:\/\/revolutionpadelstore.com\/pt-pt\/produto\/starvie-metheora-dual-2025-5\/\" \/>\n<meta property=\"og:locale\" content=\"pt_PT\" \/>\n<meta property=\"og:type\" content=\"article\" \/>\n<meta property=\"og:title\" content=\"STARVIE METHEORA DUAL 2025 - Revolution Padel Store\" \/>\n<meta property=\"og:description\" content=\"La StarVie Metheora Dual 2025 es una pala de p\u00e1del redonda de la gama Universe, dise\u00f1ada para satisfacer las demandas de los jugadores m\u00e1s exigentes y avanzados. Esta pala combina tecnolog\u00edas de vanguardia y materiales de alta calidad que ofrecen una experiencia de juego superior. Su composici\u00f3n en carbono 3K tanto en el plano como en el tubular garantiza una gran resistencia, mientras que su goma Dual Density proporciona una versatilidad \u00fanica en cada golpe.\" \/>\n<meta property=\"og:url\" content=\"https:\/\/revolutionpadelstore.com\/pt-pt\/produto\/starvie-metheora-dual-2025-5\/\" \/>\n<meta property=\"og:site_name\" content=\"Revolution Padel Store\" \/>\n<meta property=\"article:modified_time\" content=\"2026-04-08T08:25:34+00:00\" \/>\n<meta property=\"og:image\" content=\"https:\/\/revolutionpadelstore.com\/wp-content\/uploads\/2024\/10\/114822_pala_starvie_metheora_dual_pstmd21000_1500x1500_1_6cc7.webp\" \/>\n\t<meta property=\"og:image:width\" content=\"1500\" \/>\n\t<meta property=\"og:image:height\" content=\"1500\" \/>\n\t<meta property=\"og:image:type\" content=\"image\/webp\" \/>\n<meta name=\"twitter:card\" content=\"summary_large_image\" \/>\n<meta name=\"twitter:label1\" content=\"Tempo estimado de leitura\" \/>\n\t<meta name=\"twitter:data1\" content=\"2 minutos\" \/>\n<script type=\"application\/ld+json\" class=\"yoast-schema-graph\">{\"@context\":\"https:\\\/\\\/schema.org\",\"@graph\":[{\"@type\":\"WebPage\",\"@id\":\"https:\\\/\\\/revolutionpadelstore.com\\\/pt-pt\\\/produto\\\/starvie-metheora-dual-2025-5\\\/\",\"url\":\"https:\\\/\\\/revolutionpadelstore.com\\\/pt-pt\\\/produto\\\/starvie-metheora-dual-2025-5\\\/\",\"name\":\"STARVIE METHEORA DUAL 2025 - Revolution Padel Store\",\"isPartOf\":{\"@id\":\"https:\\\/\\\/revolutionpadelstore.com\\\/pt-pt\\\/#website\"},\"primaryImageOfPage\":{\"@id\":\"https:\\\/\\\/revolutionpadelstore.com\\\/pt-pt\\\/produto\\\/starvie-metheora-dual-2025-5\\\/#primaryimage\"},\"image\":{\"@id\":\"https:\\\/\\\/revolutionpadelstore.com\\\/pt-pt\\\/produto\\\/starvie-metheora-dual-2025-5\\\/#primaryimage\"},\"thumbnailUrl\":\"https:\\\/\\\/revolutionpadelstore.com\\\/wp-content\\\/uploads\\\/2024\\\/10\\\/114822_pala_starvie_metheora_dual_pstmd21000_1500x1500_1_6cc7.webp\",\"datePublished\":\"2024-10-13T08:14:37+00:00\",\"dateModified\":\"2026-04-08T08:25:34+00:00\",\"description\":\"La StarVie Metheora Dual 2025 es una pala de p\u00e1del redonda de la gama Universe, dise\u00f1ada para satisfacer las demandas de los jugadores m\u00e1s exigentes y avanzados. Esta pala combina tecnolog\u00edas de vanguardia y materiales de alta calidad que ofrecen una experiencia de juego superior. Su composici\u00f3n en carbono 3K tanto en el plano como en el tubular garantiza una gran resistencia, mientras que su goma Dual Density proporciona una versatilidad \u00fanica en cada golpe.\",\"breadcrumb\":{\"@id\":\"https:\\\/\\\/revolutionpadelstore.com\\\/pt-pt\\\/produto\\\/starvie-metheora-dual-2025-5\\\/#breadcrumb\"},\"inLanguage\":\"pt-PT\",\"potentialAction\":[{\"@type\":\"ReadAction\",\"target\":[\"https:\\\/\\\/revolutionpadelstore.com\\\/pt-pt\\\/produto\\\/starvie-metheora-dual-2025-5\\\/\"]}]},{\"@type\":\"ImageObject\",\"inLanguage\":\"pt-PT\",\"@id\":\"https:\\\/\\\/revolutionpadelstore.com\\\/pt-pt\\\/produto\\\/starvie-metheora-dual-2025-5\\\/#primaryimage\",\"url\":\"https:\\\/\\\/revolutionpadelstore.com\\\/wp-content\\\/uploads\\\/2024\\\/10\\\/114822_pala_starvie_metheora_dual_pstmd21000_1500x1500_1_6cc7.webp\",\"contentUrl\":\"https:\\\/\\\/revolutionpadelstore.com\\\/wp-content\\\/uploads\\\/2024\\\/10\\\/114822_pala_starvie_metheora_dual_pstmd21000_1500x1500_1_6cc7.webp\",\"width\":1500,\"height\":1500},{\"@type\":\"BreadcrumbList\",\"@id\":\"https:\\\/\\\/revolutionpadelstore.com\\\/pt-pt\\\/produto\\\/starvie-metheora-dual-2025-5\\\/#breadcrumb\",\"itemListElement\":[{\"@type\":\"ListItem\",\"position\":1,\"name\":\"Portada\",\"item\":\"https:\\\/\\\/revolutionpadelstore.com\\\/pt-pt\\\/\"},{\"@type\":\"ListItem\",\"position\":2,\"name\":\"Tienda\",\"item\":\"https:\\\/\\\/revolutionpadelstore.com\\\/pt-pt\\\/tienda\\\/\"},{\"@type\":\"ListItem\",\"position\":3,\"name\":\"STARVIE METHEORA DUAL 2025\"}]},{\"@type\":\"WebSite\",\"@id\":\"https:\\\/\\\/revolutionpadelstore.com\\\/pt-pt\\\/#website\",\"url\":\"https:\\\/\\\/revolutionpadelstore.com\\\/pt-pt\\\/\",\"name\":\"Revolution Padel Store\",\"description\":\"\",\"publisher\":{\"@id\":\"https:\\\/\\\/revolutionpadelstore.com\\\/pt-pt\\\/#organization\"},\"potentialAction\":[{\"@type\":\"SearchAction\",\"target\":{\"@type\":\"EntryPoint\",\"urlTemplate\":\"https:\\\/\\\/revolutionpadelstore.com\\\/pt-pt\\\/?s={search_term_string}\"},\"query-input\":{\"@type\":\"PropertyValueSpecification\",\"valueRequired\":true,\"valueName\":\"search_term_string\"}}],\"inLanguage\":\"pt-PT\"},{\"@type\":\"Organization\",\"@id\":\"https:\\\/\\\/revolutionpadelstore.com\\\/pt-pt\\\/#organization\",\"name\":\"Revolution Padel Store\",\"url\":\"https:\\\/\\\/revolutionpadelstore.com\\\/pt-pt\\\/\",\"logo\":{\"@type\":\"ImageObject\",\"inLanguage\":\"pt-PT\",\"@id\":\"https:\\\/\\\/revolutionpadelstore.com\\\/pt-pt\\\/#\\\/schema\\\/logo\\\/image\\\/\",\"url\":\"https:\\\/\\\/revolutionpadelstore.com\\\/wp-content\\\/uploads\\\/2026\\\/02\\\/revolution-padel-store.jpg\",\"contentUrl\":\"https:\\\/\\\/revolutionpadelstore.com\\\/wp-content\\\/uploads\\\/2026\\\/02\\\/revolution-padel-store.jpg\",\"width\":2000,\"height\":2000,\"caption\":\"Revolution Padel Store\"},\"image\":{\"@id\":\"https:\\\/\\\/revolutionpadelstore.com\\\/pt-pt\\\/#\\\/schema\\\/logo\\\/image\\\/\"},\"sameAs\":[\"https:\\\/\\\/www.instagram.com\\\/revolutionpadelstore\\\/\"]}]}<\/script>\n<!-- \/ Yoast SEO plugin. -->","yoast_head_json":{"title":"STARVIE METHEORA DUAL 2025 - Revolution Padel Store","description":"La StarVie Metheora Dual 2025 es una pala de p\u00e1del redonda de la gama Universe, dise\u00f1ada para satisfacer las demandas de los jugadores m\u00e1s exigentes y avanzados. Esta pala combina tecnolog\u00edas de vanguardia y materiales de alta calidad que ofrecen una experiencia de juego superior. Su composici\u00f3n en carbono 3K tanto en el plano como en el tubular garantiza una gran resistencia, mientras que su goma Dual Density proporciona una versatilidad \u00fanica en cada golpe.","robots":{"index":"index","follow":"follow","max-snippet":"max-snippet:-1","max-image-preview":"max-image-preview:large","max-video-preview":"max-video-preview:-1"},"canonical":"https:\/\/revolutionpadelstore.com\/pt-pt\/produto\/starvie-metheora-dual-2025-5\/","og_locale":"pt_PT","og_type":"article","og_title":"STARVIE METHEORA DUAL 2025 - Revolution Padel Store","og_description":"La StarVie Metheora Dual 2025 es una pala de p\u00e1del redonda de la gama Universe, dise\u00f1ada para satisfacer las demandas de los jugadores m\u00e1s exigentes y avanzados. Esta pala combina tecnolog\u00edas de vanguardia y materiales de alta calidad que ofrecen una experiencia de juego superior. Su composici\u00f3n en carbono 3K tanto en el plano como en el tubular garantiza una gran resistencia, mientras que su goma Dual Density proporciona una versatilidad \u00fanica en cada golpe.","og_url":"https:\/\/revolutionpadelstore.com\/pt-pt\/produto\/starvie-metheora-dual-2025-5\/","og_site_name":"Revolution Padel Store","article_modified_time":"2026-04-08T08:25:34+00:00","og_image":[{"width":1500,"height":1500,"url":"https:\/\/revolutionpadelstore.com\/wp-content\/uploads\/2024\/10\/114822_pala_starvie_metheora_dual_pstmd21000_1500x1500_1_6cc7.webp","type":"image\/webp"}],"twitter_card":"summary_large_image","twitter_misc":{"Tempo estimado de leitura":"2 minutos"},"schema":{"@context":"https:\/\/schema.org","@graph":[{"@type":"WebPage","@id":"https:\/\/revolutionpadelstore.com\/pt-pt\/produto\/starvie-metheora-dual-2025-5\/","url":"https:\/\/revolutionpadelstore.com\/pt-pt\/produto\/starvie-metheora-dual-2025-5\/","name":"STARVIE METHEORA DUAL 2025 - Revolution Padel Store","isPartOf":{"@id":"https:\/\/revolutionpadelstore.com\/pt-pt\/#website"},"primaryImageOfPage":{"@id":"https:\/\/revolutionpadelstore.com\/pt-pt\/produto\/starvie-metheora-dual-2025-5\/#primaryimage"},"image":{"@id":"https:\/\/revolutionpadelstore.com\/pt-pt\/produto\/starvie-metheora-dual-2025-5\/#primaryimage"},"thumbnailUrl":"https:\/\/revolutionpadelstore.com\/wp-content\/uploads\/2024\/10\/114822_pala_starvie_metheora_dual_pstmd21000_1500x1500_1_6cc7.webp","datePublished":"2024-10-13T08:14:37+00:00","dateModified":"2026-04-08T08:25:34+00:00","description":"La StarVie Metheora Dual 2025 es una pala de p\u00e1del redonda de la gama Universe, dise\u00f1ada para satisfacer las demandas de los jugadores m\u00e1s exigentes y avanzados. Esta pala combina tecnolog\u00edas de vanguardia y materiales de alta calidad que ofrecen una experiencia de juego superior. Su composici\u00f3n en carbono 3K tanto en el plano como en el tubular garantiza una gran resistencia, mientras que su goma Dual Density proporciona una versatilidad \u00fanica en cada golpe.","breadcrumb":{"@id":"https:\/\/revolutionpadelstore.com\/pt-pt\/produto\/starvie-metheora-dual-2025-5\/#breadcrumb"},"inLanguage":"pt-PT","potentialAction":[{"@type":"ReadAction","target":["https:\/\/revolutionpadelstore.com\/pt-pt\/produto\/starvie-metheora-dual-2025-5\/"]}]},{"@type":"ImageObject","inLanguage":"pt-PT","@id":"https:\/\/revolutionpadelstore.com\/pt-pt\/produto\/starvie-metheora-dual-2025-5\/#primaryimage","url":"https:\/\/revolutionpadelstore.com\/wp-content\/uploads\/2024\/10\/114822_pala_starvie_metheora_dual_pstmd21000_1500x1500_1_6cc7.webp","contentUrl":"https:\/\/revolutionpadelstore.com\/wp-content\/uploads\/2024\/10\/114822_pala_starvie_metheora_dual_pstmd21000_1500x1500_1_6cc7.webp","width":1500,"height":1500},{"@type":"BreadcrumbList","@id":"https:\/\/revolutionpadelstore.com\/pt-pt\/produto\/starvie-metheora-dual-2025-5\/#breadcrumb","itemListElement":[{"@type":"ListItem","position":1,"name":"Portada","item":"https:\/\/revolutionpadelstore.com\/pt-pt\/"},{"@type":"ListItem","position":2,"name":"Tienda","item":"https:\/\/revolutionpadelstore.com\/pt-pt\/tienda\/"},{"@type":"ListItem","position":3,"name":"STARVIE METHEORA DUAL 2025"}]},{"@type":"WebSite","@id":"https:\/\/revolutionpadelstore.com\/pt-pt\/#website","url":"https:\/\/revolutionpadelstore.com\/pt-pt\/","name":"Revolution Padel Store","description":"","publisher":{"@id":"https:\/\/revolutionpadelstore.com\/pt-pt\/#organization"},"potentialAction":[{"@type":"SearchAction","target":{"@type":"EntryPoint","urlTemplate":"https:\/\/revolutionpadelstore.com\/pt-pt\/?s={search_term_string}"},"query-input":{"@type":"PropertyValueSpecification","valueRequired":true,"valueName":"search_term_string"}}],"inLanguage":"pt-PT"},{"@type":"Organization","@id":"https:\/\/revolutionpadelstore.com\/pt-pt\/#organization","name":"Revolution Padel Store","url":"https:\/\/revolutionpadelstore.com\/pt-pt\/","logo":{"@type":"ImageObject","inLanguage":"pt-PT","@id":"https:\/\/revolutionpadelstore.com\/pt-pt\/#\/schema\/logo\/image\/","url":"https:\/\/revolutionpadelstore.com\/wp-content\/uploads\/2026\/02\/revolution-padel-store.jpg","contentUrl":"https:\/\/revolutionpadelstore.com\/wp-content\/uploads\/2026\/02\/revolution-padel-store.jpg","width":2000,"height":2000,"caption":"Revolution Padel Store"},"image":{"@id":"https:\/\/revolutionpadelstore.com\/pt-pt\/#\/schema\/logo\/image\/"},"sameAs":["https:\/\/www.instagram.com\/revolutionpadelstore\/"]}]}},"_links":{"self":[{"href":"https:\/\/revolutionpadelstore.com\/pt-pt\/wp-json\/wp\/v2\/product\/99070","targetHints":{"allow":["GET"]}}],"collection":[{"href":"https:\/\/revolutionpadelstore.com\/pt-pt\/wp-json\/wp\/v2\/product"}],"about":[{"href":"https:\/\/revolutionpadelstore.com\/pt-pt\/wp-json\/wp\/v2\/types\/product"}],"replies":[{"embeddable":true,"href":"https:\/\/revolutionpadelstore.com\/pt-pt\/wp-json\/wp\/v2\/comments?post=99070"}],"wp:featuredmedia":[{"embeddable":true,"href":"https:\/\/revolutionpadelstore.com\/pt-pt\/wp-json\/wp\/v2\/media\/98974"}],"wp:attachment":[{"href":"https:\/\/revolutionpadelstore.com\/pt-pt\/wp-json\/wp\/v2\/media?parent=99070"}],"wp:term":[{"taxonomy":"acabado","embeddable":true,"href":"https:\/\/revolutionpadelstore.com\/pt-pt\/wp-json\/wp\/v2\/acabado?post=99070"},{"taxonomy":"balance","embeddable":true,"href":"https:\/\/revolutionpadelstore.com\/pt-pt\/wp-json\/wp\/v2\/balance?post=99070"},{"taxonomy":"dureza","embeddable":true,"href":"https:\/\/revolutionpadelstore.com\/pt-pt\/wp-json\/wp\/v2\/dureza?post=99070"},{"taxonomy":"forma","embeddable":true,"href":"https:\/\/revolutionpadelstore.com\/pt-pt\/wp-json\/wp\/v2\/forma?post=99070"},{"taxonomy":"jugador","embeddable":true,"href":"https:\/\/revolutionpadelstore.com\/pt-pt\/wp-json\/wp\/v2\/jugador?post=99070"},{"taxonomy":"marca","embeddable":true,"href":"https:\/\/revolutionpadelstore.com\/pt-pt\/wp-json\/wp\/v2\/marca?post=99070"},{"taxonomy":"nivel-de-juego","embeddable":true,"href":"https:\/\/revolutionpadelstore.com\/pt-pt\/wp-json\/wp\/v2\/nivel-de-juego?post=99070"},{"taxonomy":"superficie","embeddable":true,"href":"https:\/\/revolutionpadelstore.com\/pt-pt\/wp-json\/wp\/v2\/superficie?post=99070"},{"taxonomy":"tipo-de-juego","embeddable":true,"href":"https:\/\/revolutionpadelstore.com\/pt-pt\/wp-json\/wp\/v2\/tipo-de-juego?post=99070"},{"taxonomy":"product_brand","embeddable":true,"href":"https:\/\/revolutionpadelstore.com\/pt-pt\/wp-json\/wp\/v2\/product_brand?post=99070"},{"taxonomy":"product_cat","embeddable":true,"href":"https:\/\/revolutionpadelstore.com\/pt-pt\/wp-json\/wp\/v2\/product_cat?post=99070"},{"taxonomy":"product_tag","embeddable":true,"href":"https:\/\/revolutionpadelstore.com\/pt-pt\/wp-json\/wp\/v2\/product_tag?post=99070"}],"curies":[{"name":"wp","href":"https:\/\/api.w.org\/{rel}","templated":true}]}}