{"id":93767,"date":"2024-10-11T23:09:27","date_gmt":"2024-10-11T21:09:27","guid":{"rendered":"https:\/\/revolutionpadelstore.com\/starvie-kenta-pro-2025\/"},"modified":"2026-04-08T10:30:06","modified_gmt":"2026-04-08T08:30:06","slug":"starvie-kenta-pro-2025","status":"publish","type":"product","link":"https:\/\/revolutionpadelstore.com\/pt-pt\/produto\/starvie-kenta-pro-2025\/","title":{"rendered":"STARVIE KENTA PRO 2025"},"content":{"rendered":"<p><strong>Starvie Kenta Pro 2025: raquete de controle para jogadores avan\u00e7ados<\/strong><\/p>\n<p>A Starvie Kenta Pro 2025 \u00e9 uma raquete de padel feita para quem busca uma t\u00e9cnica de jogo refinada. Seu design arredondado oferece um ponto ideal centralizado e garante excelente estabilidade e controle ao bater. Gra\u00e7as ao seu peso equilibrado no n\u00facleo, proporciona uma combina\u00e7\u00e3o ideal de pot\u00eancia e precis\u00e3o, perfeita para jogadores experientes.<\/p>\n<p><strong>Projetado para estilos de jogo t\u00e9cnicos<\/strong><\/p>\n<p>Esta raquete \u00e9 ideal para jogadores que possuem uma abordagem t\u00e9cnica e exigente ao seu jogo. A borracha Pro 50, com sua maior densidade, aliada \u00e0s camadas de carbono 3K, conferem ao avi\u00e3o uma rigidez not\u00e1vel, permitindo golpes mais potentes e controlados. Se voc\u00ea prioriza um jogo preciso com giro, o Kenta Pro 2025 \u00e9 a escolha certa para desempenho avan\u00e7ado.<\/p>\n<p><strong>Recursos do Starvie Kenta Pro 2025<\/strong><\/p>\n<p style=\"padding-left: 40px\"><strong>Design redondo:<\/strong> oferece controle e estabilidade ideais.<\/p>\n<p style=\"padding-left: 40px\"><strong>-Borracha Pro 50:<\/strong> Sua densidade r\u00edgida \u00e9 ideal para um jogo t\u00e9cnico.<\/p>\n<p style=\"padding-left: 40px\"><strong>-3K Camadas de Carbono:<\/strong> fornecem rigidez e pot\u00eancia a cada golpe.<\/p>\n<p style=\"padding-left: 40px\"><strong>-Hex Tech Technology:<\/strong> melhora os efeitos e a durabilidade do avi\u00e3o.<\/p>\n<p style=\"padding-left: 40px\"><strong>-Geo Bridge:<\/strong> aumenta o manuseio e reduz as vibra\u00e7\u00f5es.<\/p>\n<p style=\"padding-left: 40px\"><strong>-Buracos reativos:<\/strong> eles fornecem maior poder e controle tanto na defesa quanto no ataque.<\/p>\n<p style=\"padding-left: 40px\"><strong>-Punho mais longo:<\/strong> Com 1,5 cm extra no punho para uma melhor ader\u00eancia.<\/p>\n<p style=\"padding-left: 40px\"><strong>-Noene Inside:<\/strong> reduz o impacto das vibra\u00e7\u00f5es em at\u00e9 96%.<\/p>\n<p>A Starvie Kenta Pro 2025 \u00e9 a op\u00e7\u00e3o ideal se voc\u00ea procura uma raquete avan\u00e7ada que combine tecnologia de ponta com durabilidade e conforto. N\u00e3o perca a oportunidade de elevar o seu jogo com esta raquete pensada para profissionais.<strong>Starvie Kenta Pro 2025: Pala de Control para Jugadores Avanzados<\/strong><\/p>\n","protected":false},"excerpt":{"rendered":"<p>O Starvie Kenta Pro 2025, com borracha Pro 50 e camadas duplas de carbono 3K, oferece controle avan\u00e7ado, pot\u00eancia e precis\u00e3o ideais para jogadores t\u00e9cnicos.<\/p>\n","protected":false},"featured_media":93550,"comment_status":"open","ping_status":"closed","template":"","meta":{"_acf_changed":false,"_joinchat":[]},"acabado":[1090],"balance":[1145],"dureza":[1160],"forma":[1180],"jugador":[1190,1200],"marca":[1290],"nivel-de-juego":[1335],"superficie":[1360],"tipo-de-juego":[1370],"product_brand":[],"product_cat":[300],"product_tag":[],"class_list":{"0":"post-93767","1":"product","2":"type-product","3":"status-publish","4":"has-post-thumbnail","6":"acabado-alivio-3d","7":"balance-baixo","8":"dureza-dura-pt-pt","9":"forma-rodada","10":"jugador-homem","11":"jugador-polivalente-pt-pt","12":"marca-starvie-pt-pt","13":"superficie-rugosa-pt-pt","14":"tipo-de-juego-controle","15":"product_cat-palas","17":"first","18":"instock","19":"sale","20":"taxable","21":"shipping-taxable","22":"purchasable","23":"product-type-simple"},"acf":[],"yoast_head":"<!-- This site is optimized with the Yoast SEO plugin v27.6 - https:\/\/yoast.com\/product\/yoast-seo-wordpress\/ -->\n<title>STARVIE KENTA PRO 2025 - Revolution Padel Store<\/title>\n<meta name=\"description\" content=\"Esta pala es ideal para jugadores que tienen un enfoque t\u00e9cnico y exigente en su juego. La goma Pro 50, con su mayor densidad, junto con las capas de carbono 3K, le otorgan una rigidez notable al plano, lo que permite realizar golpes m\u00e1s potentes y controlados. Si priorizas un juego preciso con efecto, la Kenta Pro 2025 es la elecci\u00f3n adecuada para alcanzar un rendimiento avanzado.\" \/>\n<meta name=\"robots\" content=\"index, follow, max-snippet:-1, max-image-preview:large, max-video-preview:-1\" \/>\n<link rel=\"canonical\" href=\"https:\/\/revolutionpadelstore.com\/pt-pt\/produto\/starvie-kenta-pro-2025\/\" \/>\n<meta property=\"og:locale\" content=\"pt_PT\" \/>\n<meta property=\"og:type\" content=\"article\" \/>\n<meta property=\"og:title\" content=\"STARVIE KENTA PRO 2025 - Revolution Padel Store\" \/>\n<meta property=\"og:description\" content=\"Esta pala es ideal para jugadores que tienen un enfoque t\u00e9cnico y exigente en su juego. La goma Pro 50, con su mayor densidad, junto con las capas de carbono 3K, le otorgan una rigidez notable al plano, lo que permite realizar golpes m\u00e1s potentes y controlados. Si priorizas un juego preciso con efecto, la Kenta Pro 2025 es la elecci\u00f3n adecuada para alcanzar un rendimiento avanzado.\" \/>\n<meta property=\"og:url\" content=\"https:\/\/revolutionpadelstore.com\/pt-pt\/produto\/starvie-kenta-pro-2025\/\" \/>\n<meta property=\"og:site_name\" content=\"Revolution Padel Store\" \/>\n<meta property=\"article:modified_time\" content=\"2026-04-08T08:30:06+00:00\" \/>\n<meta property=\"og:image\" content=\"https:\/\/revolutionpadelstore.com\/wp-content\/uploads\/2024\/10\/pala-starvie-kenta-eternal-soft-2025-1-800x800-1.jpg\" \/>\n\t<meta property=\"og:image:width\" content=\"800\" \/>\n\t<meta property=\"og:image:height\" content=\"800\" \/>\n\t<meta property=\"og:image:type\" content=\"image\/jpeg\" \/>\n<meta name=\"twitter:card\" content=\"summary_large_image\" \/>\n<meta name=\"twitter:label1\" content=\"Tempo estimado de leitura\" \/>\n\t<meta name=\"twitter:data1\" content=\"2 minutos\" \/>\n<script type=\"application\/ld+json\" class=\"yoast-schema-graph\">{\"@context\":\"https:\\\/\\\/schema.org\",\"@graph\":[{\"@type\":\"WebPage\",\"@id\":\"https:\\\/\\\/revolutionpadelstore.com\\\/pt-pt\\\/produto\\\/starvie-kenta-pro-2025\\\/\",\"url\":\"https:\\\/\\\/revolutionpadelstore.com\\\/pt-pt\\\/produto\\\/starvie-kenta-pro-2025\\\/\",\"name\":\"STARVIE KENTA PRO 2025 - Revolution Padel Store\",\"isPartOf\":{\"@id\":\"https:\\\/\\\/revolutionpadelstore.com\\\/pt-pt\\\/#website\"},\"primaryImageOfPage\":{\"@id\":\"https:\\\/\\\/revolutionpadelstore.com\\\/pt-pt\\\/produto\\\/starvie-kenta-pro-2025\\\/#primaryimage\"},\"image\":{\"@id\":\"https:\\\/\\\/revolutionpadelstore.com\\\/pt-pt\\\/produto\\\/starvie-kenta-pro-2025\\\/#primaryimage\"},\"thumbnailUrl\":\"https:\\\/\\\/revolutionpadelstore.com\\\/wp-content\\\/uploads\\\/2024\\\/10\\\/pala-starvie-kenta-eternal-soft-2025-1-800x800-1.jpg\",\"datePublished\":\"2024-10-11T21:09:27+00:00\",\"dateModified\":\"2026-04-08T08:30:06+00:00\",\"description\":\"Esta pala es ideal para jugadores que tienen un enfoque t\u00e9cnico y exigente en su juego. La goma Pro 50, con su mayor densidad, junto con las capas de carbono 3K, le otorgan una rigidez notable al plano, lo que permite realizar golpes m\u00e1s potentes y controlados. Si priorizas un juego preciso con efecto, la Kenta Pro 2025 es la elecci\u00f3n adecuada para alcanzar un rendimiento avanzado.\",\"breadcrumb\":{\"@id\":\"https:\\\/\\\/revolutionpadelstore.com\\\/pt-pt\\\/produto\\\/starvie-kenta-pro-2025\\\/#breadcrumb\"},\"inLanguage\":\"pt-PT\",\"potentialAction\":[{\"@type\":\"ReadAction\",\"target\":[\"https:\\\/\\\/revolutionpadelstore.com\\\/pt-pt\\\/produto\\\/starvie-kenta-pro-2025\\\/\"]}]},{\"@type\":\"ImageObject\",\"inLanguage\":\"pt-PT\",\"@id\":\"https:\\\/\\\/revolutionpadelstore.com\\\/pt-pt\\\/produto\\\/starvie-kenta-pro-2025\\\/#primaryimage\",\"url\":\"https:\\\/\\\/revolutionpadelstore.com\\\/wp-content\\\/uploads\\\/2024\\\/10\\\/pala-starvie-kenta-eternal-soft-2025-1-800x800-1.jpg\",\"contentUrl\":\"https:\\\/\\\/revolutionpadelstore.com\\\/wp-content\\\/uploads\\\/2024\\\/10\\\/pala-starvie-kenta-eternal-soft-2025-1-800x800-1.jpg\",\"width\":800,\"height\":800},{\"@type\":\"BreadcrumbList\",\"@id\":\"https:\\\/\\\/revolutionpadelstore.com\\\/pt-pt\\\/produto\\\/starvie-kenta-pro-2025\\\/#breadcrumb\",\"itemListElement\":[{\"@type\":\"ListItem\",\"position\":1,\"name\":\"Portada\",\"item\":\"https:\\\/\\\/revolutionpadelstore.com\\\/pt-pt\\\/\"},{\"@type\":\"ListItem\",\"position\":2,\"name\":\"Tienda\",\"item\":\"https:\\\/\\\/revolutionpadelstore.com\\\/pt-pt\\\/tienda\\\/\"},{\"@type\":\"ListItem\",\"position\":3,\"name\":\"STARVIE KENTA PRO 2025\"}]},{\"@type\":\"WebSite\",\"@id\":\"https:\\\/\\\/revolutionpadelstore.com\\\/pt-pt\\\/#website\",\"url\":\"https:\\\/\\\/revolutionpadelstore.com\\\/pt-pt\\\/\",\"name\":\"Revolution Padel Store\",\"description\":\"\",\"publisher\":{\"@id\":\"https:\\\/\\\/revolutionpadelstore.com\\\/pt-pt\\\/#organization\"},\"potentialAction\":[{\"@type\":\"SearchAction\",\"target\":{\"@type\":\"EntryPoint\",\"urlTemplate\":\"https:\\\/\\\/revolutionpadelstore.com\\\/pt-pt\\\/?s={search_term_string}\"},\"query-input\":{\"@type\":\"PropertyValueSpecification\",\"valueRequired\":true,\"valueName\":\"search_term_string\"}}],\"inLanguage\":\"pt-PT\"},{\"@type\":\"Organization\",\"@id\":\"https:\\\/\\\/revolutionpadelstore.com\\\/pt-pt\\\/#organization\",\"name\":\"Revolution Padel Store\",\"url\":\"https:\\\/\\\/revolutionpadelstore.com\\\/pt-pt\\\/\",\"logo\":{\"@type\":\"ImageObject\",\"inLanguage\":\"pt-PT\",\"@id\":\"https:\\\/\\\/revolutionpadelstore.com\\\/pt-pt\\\/#\\\/schema\\\/logo\\\/image\\\/\",\"url\":\"https:\\\/\\\/revolutionpadelstore.com\\\/wp-content\\\/uploads\\\/2026\\\/02\\\/revolution-padel-store.jpg\",\"contentUrl\":\"https:\\\/\\\/revolutionpadelstore.com\\\/wp-content\\\/uploads\\\/2026\\\/02\\\/revolution-padel-store.jpg\",\"width\":2000,\"height\":2000,\"caption\":\"Revolution Padel Store\"},\"image\":{\"@id\":\"https:\\\/\\\/revolutionpadelstore.com\\\/pt-pt\\\/#\\\/schema\\\/logo\\\/image\\\/\"},\"sameAs\":[\"https:\\\/\\\/www.instagram.com\\\/revolutionpadelstore\\\/\"]}]}<\/script>\n<!-- \/ Yoast SEO plugin. -->","yoast_head_json":{"title":"STARVIE KENTA PRO 2025 - Revolution Padel Store","description":"Esta pala es ideal para jugadores que tienen un enfoque t\u00e9cnico y exigente en su juego. La goma Pro 50, con su mayor densidad, junto con las capas de carbono 3K, le otorgan una rigidez notable al plano, lo que permite realizar golpes m\u00e1s potentes y controlados. Si priorizas un juego preciso con efecto, la Kenta Pro 2025 es la elecci\u00f3n adecuada para alcanzar un rendimiento avanzado.","robots":{"index":"index","follow":"follow","max-snippet":"max-snippet:-1","max-image-preview":"max-image-preview:large","max-video-preview":"max-video-preview:-1"},"canonical":"https:\/\/revolutionpadelstore.com\/pt-pt\/produto\/starvie-kenta-pro-2025\/","og_locale":"pt_PT","og_type":"article","og_title":"STARVIE KENTA PRO 2025 - Revolution Padel Store","og_description":"Esta pala es ideal para jugadores que tienen un enfoque t\u00e9cnico y exigente en su juego. La goma Pro 50, con su mayor densidad, junto con las capas de carbono 3K, le otorgan una rigidez notable al plano, lo que permite realizar golpes m\u00e1s potentes y controlados. Si priorizas un juego preciso con efecto, la Kenta Pro 2025 es la elecci\u00f3n adecuada para alcanzar un rendimiento avanzado.","og_url":"https:\/\/revolutionpadelstore.com\/pt-pt\/produto\/starvie-kenta-pro-2025\/","og_site_name":"Revolution Padel Store","article_modified_time":"2026-04-08T08:30:06+00:00","og_image":[{"width":800,"height":800,"url":"https:\/\/revolutionpadelstore.com\/wp-content\/uploads\/2024\/10\/pala-starvie-kenta-eternal-soft-2025-1-800x800-1.jpg","type":"image\/jpeg"}],"twitter_card":"summary_large_image","twitter_misc":{"Tempo estimado de leitura":"2 minutos"},"schema":{"@context":"https:\/\/schema.org","@graph":[{"@type":"WebPage","@id":"https:\/\/revolutionpadelstore.com\/pt-pt\/produto\/starvie-kenta-pro-2025\/","url":"https:\/\/revolutionpadelstore.com\/pt-pt\/produto\/starvie-kenta-pro-2025\/","name":"STARVIE KENTA PRO 2025 - Revolution Padel Store","isPartOf":{"@id":"https:\/\/revolutionpadelstore.com\/pt-pt\/#website"},"primaryImageOfPage":{"@id":"https:\/\/revolutionpadelstore.com\/pt-pt\/produto\/starvie-kenta-pro-2025\/#primaryimage"},"image":{"@id":"https:\/\/revolutionpadelstore.com\/pt-pt\/produto\/starvie-kenta-pro-2025\/#primaryimage"},"thumbnailUrl":"https:\/\/revolutionpadelstore.com\/wp-content\/uploads\/2024\/10\/pala-starvie-kenta-eternal-soft-2025-1-800x800-1.jpg","datePublished":"2024-10-11T21:09:27+00:00","dateModified":"2026-04-08T08:30:06+00:00","description":"Esta pala es ideal para jugadores que tienen un enfoque t\u00e9cnico y exigente en su juego. La goma Pro 50, con su mayor densidad, junto con las capas de carbono 3K, le otorgan una rigidez notable al plano, lo que permite realizar golpes m\u00e1s potentes y controlados. Si priorizas un juego preciso con efecto, la Kenta Pro 2025 es la elecci\u00f3n adecuada para alcanzar un rendimiento avanzado.","breadcrumb":{"@id":"https:\/\/revolutionpadelstore.com\/pt-pt\/produto\/starvie-kenta-pro-2025\/#breadcrumb"},"inLanguage":"pt-PT","potentialAction":[{"@type":"ReadAction","target":["https:\/\/revolutionpadelstore.com\/pt-pt\/produto\/starvie-kenta-pro-2025\/"]}]},{"@type":"ImageObject","inLanguage":"pt-PT","@id":"https:\/\/revolutionpadelstore.com\/pt-pt\/produto\/starvie-kenta-pro-2025\/#primaryimage","url":"https:\/\/revolutionpadelstore.com\/wp-content\/uploads\/2024\/10\/pala-starvie-kenta-eternal-soft-2025-1-800x800-1.jpg","contentUrl":"https:\/\/revolutionpadelstore.com\/wp-content\/uploads\/2024\/10\/pala-starvie-kenta-eternal-soft-2025-1-800x800-1.jpg","width":800,"height":800},{"@type":"BreadcrumbList","@id":"https:\/\/revolutionpadelstore.com\/pt-pt\/produto\/starvie-kenta-pro-2025\/#breadcrumb","itemListElement":[{"@type":"ListItem","position":1,"name":"Portada","item":"https:\/\/revolutionpadelstore.com\/pt-pt\/"},{"@type":"ListItem","position":2,"name":"Tienda","item":"https:\/\/revolutionpadelstore.com\/pt-pt\/tienda\/"},{"@type":"ListItem","position":3,"name":"STARVIE KENTA PRO 2025"}]},{"@type":"WebSite","@id":"https:\/\/revolutionpadelstore.com\/pt-pt\/#website","url":"https:\/\/revolutionpadelstore.com\/pt-pt\/","name":"Revolution Padel Store","description":"","publisher":{"@id":"https:\/\/revolutionpadelstore.com\/pt-pt\/#organization"},"potentialAction":[{"@type":"SearchAction","target":{"@type":"EntryPoint","urlTemplate":"https:\/\/revolutionpadelstore.com\/pt-pt\/?s={search_term_string}"},"query-input":{"@type":"PropertyValueSpecification","valueRequired":true,"valueName":"search_term_string"}}],"inLanguage":"pt-PT"},{"@type":"Organization","@id":"https:\/\/revolutionpadelstore.com\/pt-pt\/#organization","name":"Revolution Padel Store","url":"https:\/\/revolutionpadelstore.com\/pt-pt\/","logo":{"@type":"ImageObject","inLanguage":"pt-PT","@id":"https:\/\/revolutionpadelstore.com\/pt-pt\/#\/schema\/logo\/image\/","url":"https:\/\/revolutionpadelstore.com\/wp-content\/uploads\/2026\/02\/revolution-padel-store.jpg","contentUrl":"https:\/\/revolutionpadelstore.com\/wp-content\/uploads\/2026\/02\/revolution-padel-store.jpg","width":2000,"height":2000,"caption":"Revolution Padel Store"},"image":{"@id":"https:\/\/revolutionpadelstore.com\/pt-pt\/#\/schema\/logo\/image\/"},"sameAs":["https:\/\/www.instagram.com\/revolutionpadelstore\/"]}]}},"_links":{"self":[{"href":"https:\/\/revolutionpadelstore.com\/pt-pt\/wp-json\/wp\/v2\/product\/93767","targetHints":{"allow":["GET"]}}],"collection":[{"href":"https:\/\/revolutionpadelstore.com\/pt-pt\/wp-json\/wp\/v2\/product"}],"about":[{"href":"https:\/\/revolutionpadelstore.com\/pt-pt\/wp-json\/wp\/v2\/types\/product"}],"replies":[{"embeddable":true,"href":"https:\/\/revolutionpadelstore.com\/pt-pt\/wp-json\/wp\/v2\/comments?post=93767"}],"wp:featuredmedia":[{"embeddable":true,"href":"https:\/\/revolutionpadelstore.com\/pt-pt\/wp-json\/wp\/v2\/media\/93550"}],"wp:attachment":[{"href":"https:\/\/revolutionpadelstore.com\/pt-pt\/wp-json\/wp\/v2\/media?parent=93767"}],"wp:term":[{"taxonomy":"acabado","embeddable":true,"href":"https:\/\/revolutionpadelstore.com\/pt-pt\/wp-json\/wp\/v2\/acabado?post=93767"},{"taxonomy":"balance","embeddable":true,"href":"https:\/\/revolutionpadelstore.com\/pt-pt\/wp-json\/wp\/v2\/balance?post=93767"},{"taxonomy":"dureza","embeddable":true,"href":"https:\/\/revolutionpadelstore.com\/pt-pt\/wp-json\/wp\/v2\/dureza?post=93767"},{"taxonomy":"forma","embeddable":true,"href":"https:\/\/revolutionpadelstore.com\/pt-pt\/wp-json\/wp\/v2\/forma?post=93767"},{"taxonomy":"jugador","embeddable":true,"href":"https:\/\/revolutionpadelstore.com\/pt-pt\/wp-json\/wp\/v2\/jugador?post=93767"},{"taxonomy":"marca","embeddable":true,"href":"https:\/\/revolutionpadelstore.com\/pt-pt\/wp-json\/wp\/v2\/marca?post=93767"},{"taxonomy":"nivel-de-juego","embeddable":true,"href":"https:\/\/revolutionpadelstore.com\/pt-pt\/wp-json\/wp\/v2\/nivel-de-juego?post=93767"},{"taxonomy":"superficie","embeddable":true,"href":"https:\/\/revolutionpadelstore.com\/pt-pt\/wp-json\/wp\/v2\/superficie?post=93767"},{"taxonomy":"tipo-de-juego","embeddable":true,"href":"https:\/\/revolutionpadelstore.com\/pt-pt\/wp-json\/wp\/v2\/tipo-de-juego?post=93767"},{"taxonomy":"product_brand","embeddable":true,"href":"https:\/\/revolutionpadelstore.com\/pt-pt\/wp-json\/wp\/v2\/product_brand?post=93767"},{"taxonomy":"product_cat","embeddable":true,"href":"https:\/\/revolutionpadelstore.com\/pt-pt\/wp-json\/wp\/v2\/product_cat?post=93767"},{"taxonomy":"product_tag","embeddable":true,"href":"https:\/\/revolutionpadelstore.com\/pt-pt\/wp-json\/wp\/v2\/product_tag?post=93767"}],"curies":[{"name":"wp","href":"https:\/\/api.w.org\/{rel}","templated":true}]}}