{"id":93762,"date":"2024-10-11T23:19:37","date_gmt":"2024-10-11T21:19:37","guid":{"rendered":"https:\/\/revolutionpadelstore.com\/starvie-kenta-2025\/"},"modified":"2026-04-08T10:29:34","modified_gmt":"2026-04-08T08:29:34","slug":"starvie-kenta-2025","status":"publish","type":"product","link":"https:\/\/revolutionpadelstore.com\/pt-pt\/produto\/starvie-kenta-2025\/","title":{"rendered":"STARVIE KENTA 2025"},"content":{"rendered":"<p><strong>Starvie Kenta 2025: a p\u00e1 redonda que tem tudo<\/strong><\/p>\n<p>A Starvie Kenta 2025 destaca-se na gama premium de raquetes de padel, pensadas para quem procura o equil\u00edbrio entre controlo e pot\u00eancia. Seu design redondo garante um ponto ideal centralizado e equil\u00edbrio perfeito, tornando-o ideal para qualquer tipo de golpe, seja na defesa ou no ataque. Com uma constru\u00e7\u00e3o robusta e f\u00e1cil de manusear, voc\u00ea est\u00e1 pronto para brilhar na quadra!<\/p>\n<p><strong>Perfeito para jogadores intermedi\u00e1rios<\/strong><\/p>\n<p>Se voc\u00ea est\u00e1 no caminho de melhorar seu jogo e busca versatilidade, esta raquete \u00e9 para voc\u00ea. Equipado com borracha Soft 30, oferece incr\u00edvel adaptabilidade, permitindo ter controle sem abrir m\u00e3o da pot\u00eancia. Sua leveza e design inovador fazem com que cada golpe seja natural e confort\u00e1vel.<\/p>\n<p><strong>Principais recursos do Starvie Kenta 2025<\/strong><\/p>\n<p style=\"padding-left: 40px\"><strong>-Molde redondo:<\/strong> garante melhor controle em cada jogada.<\/p>\n<p style=\"padding-left: 40px\"><strong>-Borracha macia 30:<\/strong> Com densidade suave, adapta-se ao seu estilo de tocar.<\/p>\n<p style=\"padding-left: 40px\"><strong>-3K Camadas de Carbono:<\/strong> Aumente a durabilidade e o controle.<\/p>\n<p style=\"padding-left: 40px\"><strong>-Hex Tech Technology:<\/strong> melhora os efeitos e a precis\u00e3o dos seus golpes.<\/p>\n<p style=\"padding-left: 40px\"><strong>-Geo Bridge:<\/strong> facilita o manuseio e reduz vibra\u00e7\u00f5es.<\/p>\n<p style=\"padding-left: 40px\"><strong>-Buracos reativos:<\/strong> otimize seu desempenho tanto no ataque quanto na defesa.<\/p>\n<p style=\"padding-left: 40px\"><strong>-Punho mais longo:<\/strong> adiciona 1,5 cm extra para uma pegada mais confort\u00e1vel.<\/p>\n<p style=\"padding-left: 40px\"><strong>-Noene Inside:<\/strong> Absorve at\u00e9 96% das vibra\u00e7\u00f5es, cuidando dos seus pulsos.<\/p>\n<p>Com uma combina\u00e7\u00e3o de tecnologia avan\u00e7ada e materiais premium, a Starvie Kenta 2025 \u00e9 a raquete ideal para quem quer melhorar o jogo sem abrir m\u00e3o do conforto. Obtenha-o e leve seu desempenho para o pr\u00f3ximo n\u00edvel!<strong>Starvie Kenta 2025: La Pala Redonda que lo Tiene Todo<\/strong><\/p>\n","protected":false},"excerpt":{"rendered":"<p>A Starvie Kenta 2025, uma raquete de padel de gama premium, oferece controle excepcional, pot\u00eancia otimizada e tecnologias avan\u00e7adas como Hex Tech e Noene Inside, proporcionando desempenho superior em todas as partidas.<\/p>\n","protected":false},"featured_media":93532,"comment_status":"open","ping_status":"closed","template":"","meta":{"_acf_changed":false,"_joinchat":[]},"acabado":[1090],"balance":[1145],"dureza":[1150],"forma":[1180],"jugador":[1190,1200],"marca":[1290],"nivel-de-juego":[1340],"superficie":[1360],"tipo-de-juego":[1370],"product_brand":[],"product_cat":[300],"product_tag":[],"class_list":{"0":"post-93762","1":"product","2":"type-product","3":"status-publish","4":"has-post-thumbnail","6":"acabado-alivio-3d","7":"balance-baixo","8":"dureza-blanda-pt-pt","9":"forma-rodada","10":"jugador-homem","11":"jugador-polivalente-pt-pt","12":"marca-starvie-pt-pt","13":"superficie-rugosa-pt-pt","14":"tipo-de-juego-controle","15":"product_cat-palas","17":"first","18":"instock","19":"sale","20":"taxable","21":"shipping-taxable","22":"purchasable","23":"product-type-simple"},"acf":[],"yoast_head":"<!-- This site is optimized with the Yoast SEO plugin v27.4 - https:\/\/yoast.com\/product\/yoast-seo-wordpress\/ -->\n<title>STARVIE KENTA 2025 - Revolution Padel Store<\/title>\n<meta name=\"description\" content=\"La Starvie Kenta 2025 se destaca en la gama premium de palas de p\u00e1del, pensada para quienes buscan un equilibrio entre control y potencia. Su dise\u00f1o redondo garantiza un punto dulce centrado y un balance perfecto, lo que la hace ideal para cualquier tipo de golpe, ya sea en defensa o ataque. Con una estructura resistente pero f\u00e1cil de manejar, \u00a1est\u00e1s listo para brillar en la pista!\" \/>\n<meta name=\"robots\" content=\"index, follow, max-snippet:-1, max-image-preview:large, max-video-preview:-1\" \/>\n<link rel=\"canonical\" href=\"https:\/\/revolutionpadelstore.com\/pt-pt\/produto\/starvie-kenta-2025\/\" \/>\n<meta property=\"og:locale\" content=\"pt_PT\" \/>\n<meta property=\"og:type\" content=\"article\" \/>\n<meta property=\"og:title\" content=\"STARVIE KENTA 2025 - Revolution Padel Store\" \/>\n<meta property=\"og:description\" content=\"La Starvie Kenta 2025 se destaca en la gama premium de palas de p\u00e1del, pensada para quienes buscan un equilibrio entre control y potencia. Su dise\u00f1o redondo garantiza un punto dulce centrado y un balance perfecto, lo que la hace ideal para cualquier tipo de golpe, ya sea en defensa o ataque. Con una estructura resistente pero f\u00e1cil de manejar, \u00a1est\u00e1s listo para brillar en la pista!\" \/>\n<meta property=\"og:url\" content=\"https:\/\/revolutionpadelstore.com\/pt-pt\/produto\/starvie-kenta-2025\/\" \/>\n<meta property=\"og:site_name\" content=\"Revolution Padel Store\" \/>\n<meta property=\"article:modified_time\" content=\"2026-04-08T08:29:34+00:00\" \/>\n<meta property=\"og:image\" content=\"https:\/\/revolutionpadelstore.com\/wp-content\/uploads\/2024\/10\/pala-starvie-kenta-eternal-pro-2025-1-800x800-1.jpg\" \/>\n\t<meta property=\"og:image:width\" content=\"800\" \/>\n\t<meta property=\"og:image:height\" content=\"800\" \/>\n\t<meta property=\"og:image:type\" content=\"image\/jpeg\" \/>\n<meta name=\"twitter:card\" content=\"summary_large_image\" \/>\n<meta name=\"twitter:label1\" content=\"Tempo estimado de leitura\" \/>\n\t<meta name=\"twitter:data1\" content=\"2 minutos\" \/>\n<script type=\"application\/ld+json\" class=\"yoast-schema-graph\">{\"@context\":\"https:\\\/\\\/schema.org\",\"@graph\":[{\"@type\":\"WebPage\",\"@id\":\"https:\\\/\\\/revolutionpadelstore.com\\\/pt-pt\\\/produto\\\/starvie-kenta-2025\\\/\",\"url\":\"https:\\\/\\\/revolutionpadelstore.com\\\/pt-pt\\\/produto\\\/starvie-kenta-2025\\\/\",\"name\":\"STARVIE KENTA 2025 - Revolution Padel Store\",\"isPartOf\":{\"@id\":\"https:\\\/\\\/revolutionpadelstore.com\\\/pt-pt\\\/#website\"},\"primaryImageOfPage\":{\"@id\":\"https:\\\/\\\/revolutionpadelstore.com\\\/pt-pt\\\/produto\\\/starvie-kenta-2025\\\/#primaryimage\"},\"image\":{\"@id\":\"https:\\\/\\\/revolutionpadelstore.com\\\/pt-pt\\\/produto\\\/starvie-kenta-2025\\\/#primaryimage\"},\"thumbnailUrl\":\"https:\\\/\\\/revolutionpadelstore.com\\\/wp-content\\\/uploads\\\/2024\\\/10\\\/pala-starvie-kenta-eternal-pro-2025-1-800x800-1.jpg\",\"datePublished\":\"2024-10-11T21:19:37+00:00\",\"dateModified\":\"2026-04-08T08:29:34+00:00\",\"description\":\"La Starvie Kenta 2025 se destaca en la gama premium de palas de p\u00e1del, pensada para quienes buscan un equilibrio entre control y potencia. Su dise\u00f1o redondo garantiza un punto dulce centrado y un balance perfecto, lo que la hace ideal para cualquier tipo de golpe, ya sea en defensa o ataque. Con una estructura resistente pero f\u00e1cil de manejar, \u00a1est\u00e1s listo para brillar en la pista!\",\"breadcrumb\":{\"@id\":\"https:\\\/\\\/revolutionpadelstore.com\\\/pt-pt\\\/produto\\\/starvie-kenta-2025\\\/#breadcrumb\"},\"inLanguage\":\"pt-PT\",\"potentialAction\":[{\"@type\":\"ReadAction\",\"target\":[\"https:\\\/\\\/revolutionpadelstore.com\\\/pt-pt\\\/produto\\\/starvie-kenta-2025\\\/\"]}]},{\"@type\":\"ImageObject\",\"inLanguage\":\"pt-PT\",\"@id\":\"https:\\\/\\\/revolutionpadelstore.com\\\/pt-pt\\\/produto\\\/starvie-kenta-2025\\\/#primaryimage\",\"url\":\"https:\\\/\\\/revolutionpadelstore.com\\\/wp-content\\\/uploads\\\/2024\\\/10\\\/pala-starvie-kenta-eternal-pro-2025-1-800x800-1.jpg\",\"contentUrl\":\"https:\\\/\\\/revolutionpadelstore.com\\\/wp-content\\\/uploads\\\/2024\\\/10\\\/pala-starvie-kenta-eternal-pro-2025-1-800x800-1.jpg\",\"width\":800,\"height\":800},{\"@type\":\"BreadcrumbList\",\"@id\":\"https:\\\/\\\/revolutionpadelstore.com\\\/pt-pt\\\/produto\\\/starvie-kenta-2025\\\/#breadcrumb\",\"itemListElement\":[{\"@type\":\"ListItem\",\"position\":1,\"name\":\"Portada\",\"item\":\"https:\\\/\\\/revolutionpadelstore.com\\\/pt-pt\\\/\"},{\"@type\":\"ListItem\",\"position\":2,\"name\":\"Tienda\",\"item\":\"https:\\\/\\\/revolutionpadelstore.com\\\/pt-pt\\\/tienda\\\/\"},{\"@type\":\"ListItem\",\"position\":3,\"name\":\"STARVIE KENTA 2025\"}]},{\"@type\":\"WebSite\",\"@id\":\"https:\\\/\\\/revolutionpadelstore.com\\\/pt-pt\\\/#website\",\"url\":\"https:\\\/\\\/revolutionpadelstore.com\\\/pt-pt\\\/\",\"name\":\"Revolution Padel Store\",\"description\":\"\",\"publisher\":{\"@id\":\"https:\\\/\\\/revolutionpadelstore.com\\\/pt-pt\\\/#organization\"},\"potentialAction\":[{\"@type\":\"SearchAction\",\"target\":{\"@type\":\"EntryPoint\",\"urlTemplate\":\"https:\\\/\\\/revolutionpadelstore.com\\\/pt-pt\\\/?s={search_term_string}\"},\"query-input\":{\"@type\":\"PropertyValueSpecification\",\"valueRequired\":true,\"valueName\":\"search_term_string\"}}],\"inLanguage\":\"pt-PT\"},{\"@type\":\"Organization\",\"@id\":\"https:\\\/\\\/revolutionpadelstore.com\\\/pt-pt\\\/#organization\",\"name\":\"Revolution Padel Store\",\"url\":\"https:\\\/\\\/revolutionpadelstore.com\\\/pt-pt\\\/\",\"logo\":{\"@type\":\"ImageObject\",\"inLanguage\":\"pt-PT\",\"@id\":\"https:\\\/\\\/revolutionpadelstore.com\\\/pt-pt\\\/#\\\/schema\\\/logo\\\/image\\\/\",\"url\":\"https:\\\/\\\/revolutionpadelstore.com\\\/wp-content\\\/uploads\\\/2026\\\/02\\\/revolution-padel-store.jpg\",\"contentUrl\":\"https:\\\/\\\/revolutionpadelstore.com\\\/wp-content\\\/uploads\\\/2026\\\/02\\\/revolution-padel-store.jpg\",\"width\":2000,\"height\":2000,\"caption\":\"Revolution Padel Store\"},\"image\":{\"@id\":\"https:\\\/\\\/revolutionpadelstore.com\\\/pt-pt\\\/#\\\/schema\\\/logo\\\/image\\\/\"},\"sameAs\":[\"https:\\\/\\\/www.instagram.com\\\/revolutionpadelstore\\\/\"]}]}<\/script>\n<!-- \/ Yoast SEO plugin. -->","yoast_head_json":{"title":"STARVIE KENTA 2025 - Revolution Padel Store","description":"La Starvie Kenta 2025 se destaca en la gama premium de palas de p\u00e1del, pensada para quienes buscan un equilibrio entre control y potencia. Su dise\u00f1o redondo garantiza un punto dulce centrado y un balance perfecto, lo que la hace ideal para cualquier tipo de golpe, ya sea en defensa o ataque. Con una estructura resistente pero f\u00e1cil de manejar, \u00a1est\u00e1s listo para brillar en la pista!","robots":{"index":"index","follow":"follow","max-snippet":"max-snippet:-1","max-image-preview":"max-image-preview:large","max-video-preview":"max-video-preview:-1"},"canonical":"https:\/\/revolutionpadelstore.com\/pt-pt\/produto\/starvie-kenta-2025\/","og_locale":"pt_PT","og_type":"article","og_title":"STARVIE KENTA 2025 - Revolution Padel Store","og_description":"La Starvie Kenta 2025 se destaca en la gama premium de palas de p\u00e1del, pensada para quienes buscan un equilibrio entre control y potencia. Su dise\u00f1o redondo garantiza un punto dulce centrado y un balance perfecto, lo que la hace ideal para cualquier tipo de golpe, ya sea en defensa o ataque. Con una estructura resistente pero f\u00e1cil de manejar, \u00a1est\u00e1s listo para brillar en la pista!","og_url":"https:\/\/revolutionpadelstore.com\/pt-pt\/produto\/starvie-kenta-2025\/","og_site_name":"Revolution Padel Store","article_modified_time":"2026-04-08T08:29:34+00:00","og_image":[{"width":800,"height":800,"url":"https:\/\/revolutionpadelstore.com\/wp-content\/uploads\/2024\/10\/pala-starvie-kenta-eternal-pro-2025-1-800x800-1.jpg","type":"image\/jpeg"}],"twitter_card":"summary_large_image","twitter_misc":{"Tempo estimado de leitura":"2 minutos"},"schema":{"@context":"https:\/\/schema.org","@graph":[{"@type":"WebPage","@id":"https:\/\/revolutionpadelstore.com\/pt-pt\/produto\/starvie-kenta-2025\/","url":"https:\/\/revolutionpadelstore.com\/pt-pt\/produto\/starvie-kenta-2025\/","name":"STARVIE KENTA 2025 - Revolution Padel Store","isPartOf":{"@id":"https:\/\/revolutionpadelstore.com\/pt-pt\/#website"},"primaryImageOfPage":{"@id":"https:\/\/revolutionpadelstore.com\/pt-pt\/produto\/starvie-kenta-2025\/#primaryimage"},"image":{"@id":"https:\/\/revolutionpadelstore.com\/pt-pt\/produto\/starvie-kenta-2025\/#primaryimage"},"thumbnailUrl":"https:\/\/revolutionpadelstore.com\/wp-content\/uploads\/2024\/10\/pala-starvie-kenta-eternal-pro-2025-1-800x800-1.jpg","datePublished":"2024-10-11T21:19:37+00:00","dateModified":"2026-04-08T08:29:34+00:00","description":"La Starvie Kenta 2025 se destaca en la gama premium de palas de p\u00e1del, pensada para quienes buscan un equilibrio entre control y potencia. Su dise\u00f1o redondo garantiza un punto dulce centrado y un balance perfecto, lo que la hace ideal para cualquier tipo de golpe, ya sea en defensa o ataque. Con una estructura resistente pero f\u00e1cil de manejar, \u00a1est\u00e1s listo para brillar en la pista!","breadcrumb":{"@id":"https:\/\/revolutionpadelstore.com\/pt-pt\/produto\/starvie-kenta-2025\/#breadcrumb"},"inLanguage":"pt-PT","potentialAction":[{"@type":"ReadAction","target":["https:\/\/revolutionpadelstore.com\/pt-pt\/produto\/starvie-kenta-2025\/"]}]},{"@type":"ImageObject","inLanguage":"pt-PT","@id":"https:\/\/revolutionpadelstore.com\/pt-pt\/produto\/starvie-kenta-2025\/#primaryimage","url":"https:\/\/revolutionpadelstore.com\/wp-content\/uploads\/2024\/10\/pala-starvie-kenta-eternal-pro-2025-1-800x800-1.jpg","contentUrl":"https:\/\/revolutionpadelstore.com\/wp-content\/uploads\/2024\/10\/pala-starvie-kenta-eternal-pro-2025-1-800x800-1.jpg","width":800,"height":800},{"@type":"BreadcrumbList","@id":"https:\/\/revolutionpadelstore.com\/pt-pt\/produto\/starvie-kenta-2025\/#breadcrumb","itemListElement":[{"@type":"ListItem","position":1,"name":"Portada","item":"https:\/\/revolutionpadelstore.com\/pt-pt\/"},{"@type":"ListItem","position":2,"name":"Tienda","item":"https:\/\/revolutionpadelstore.com\/pt-pt\/tienda\/"},{"@type":"ListItem","position":3,"name":"STARVIE KENTA 2025"}]},{"@type":"WebSite","@id":"https:\/\/revolutionpadelstore.com\/pt-pt\/#website","url":"https:\/\/revolutionpadelstore.com\/pt-pt\/","name":"Revolution Padel Store","description":"","publisher":{"@id":"https:\/\/revolutionpadelstore.com\/pt-pt\/#organization"},"potentialAction":[{"@type":"SearchAction","target":{"@type":"EntryPoint","urlTemplate":"https:\/\/revolutionpadelstore.com\/pt-pt\/?s={search_term_string}"},"query-input":{"@type":"PropertyValueSpecification","valueRequired":true,"valueName":"search_term_string"}}],"inLanguage":"pt-PT"},{"@type":"Organization","@id":"https:\/\/revolutionpadelstore.com\/pt-pt\/#organization","name":"Revolution Padel Store","url":"https:\/\/revolutionpadelstore.com\/pt-pt\/","logo":{"@type":"ImageObject","inLanguage":"pt-PT","@id":"https:\/\/revolutionpadelstore.com\/pt-pt\/#\/schema\/logo\/image\/","url":"https:\/\/revolutionpadelstore.com\/wp-content\/uploads\/2026\/02\/revolution-padel-store.jpg","contentUrl":"https:\/\/revolutionpadelstore.com\/wp-content\/uploads\/2026\/02\/revolution-padel-store.jpg","width":2000,"height":2000,"caption":"Revolution Padel Store"},"image":{"@id":"https:\/\/revolutionpadelstore.com\/pt-pt\/#\/schema\/logo\/image\/"},"sameAs":["https:\/\/www.instagram.com\/revolutionpadelstore\/"]}]}},"_links":{"self":[{"href":"https:\/\/revolutionpadelstore.com\/pt-pt\/wp-json\/wp\/v2\/product\/93762","targetHints":{"allow":["GET"]}}],"collection":[{"href":"https:\/\/revolutionpadelstore.com\/pt-pt\/wp-json\/wp\/v2\/product"}],"about":[{"href":"https:\/\/revolutionpadelstore.com\/pt-pt\/wp-json\/wp\/v2\/types\/product"}],"replies":[{"embeddable":true,"href":"https:\/\/revolutionpadelstore.com\/pt-pt\/wp-json\/wp\/v2\/comments?post=93762"}],"wp:featuredmedia":[{"embeddable":true,"href":"https:\/\/revolutionpadelstore.com\/pt-pt\/wp-json\/wp\/v2\/media\/93532"}],"wp:attachment":[{"href":"https:\/\/revolutionpadelstore.com\/pt-pt\/wp-json\/wp\/v2\/media?parent=93762"}],"wp:term":[{"taxonomy":"acabado","embeddable":true,"href":"https:\/\/revolutionpadelstore.com\/pt-pt\/wp-json\/wp\/v2\/acabado?post=93762"},{"taxonomy":"balance","embeddable":true,"href":"https:\/\/revolutionpadelstore.com\/pt-pt\/wp-json\/wp\/v2\/balance?post=93762"},{"taxonomy":"dureza","embeddable":true,"href":"https:\/\/revolutionpadelstore.com\/pt-pt\/wp-json\/wp\/v2\/dureza?post=93762"},{"taxonomy":"forma","embeddable":true,"href":"https:\/\/revolutionpadelstore.com\/pt-pt\/wp-json\/wp\/v2\/forma?post=93762"},{"taxonomy":"jugador","embeddable":true,"href":"https:\/\/revolutionpadelstore.com\/pt-pt\/wp-json\/wp\/v2\/jugador?post=93762"},{"taxonomy":"marca","embeddable":true,"href":"https:\/\/revolutionpadelstore.com\/pt-pt\/wp-json\/wp\/v2\/marca?post=93762"},{"taxonomy":"nivel-de-juego","embeddable":true,"href":"https:\/\/revolutionpadelstore.com\/pt-pt\/wp-json\/wp\/v2\/nivel-de-juego?post=93762"},{"taxonomy":"superficie","embeddable":true,"href":"https:\/\/revolutionpadelstore.com\/pt-pt\/wp-json\/wp\/v2\/superficie?post=93762"},{"taxonomy":"tipo-de-juego","embeddable":true,"href":"https:\/\/revolutionpadelstore.com\/pt-pt\/wp-json\/wp\/v2\/tipo-de-juego?post=93762"},{"taxonomy":"product_brand","embeddable":true,"href":"https:\/\/revolutionpadelstore.com\/pt-pt\/wp-json\/wp\/v2\/product_brand?post=93762"},{"taxonomy":"product_cat","embeddable":true,"href":"https:\/\/revolutionpadelstore.com\/pt-pt\/wp-json\/wp\/v2\/product_cat?post=93762"},{"taxonomy":"product_tag","embeddable":true,"href":"https:\/\/revolutionpadelstore.com\/pt-pt\/wp-json\/wp\/v2\/product_tag?post=93762"}],"curies":[{"name":"wp","href":"https:\/\/api.w.org\/{rel}","templated":true}]}}