{"id":93757,"date":"2024-10-11T23:29:10","date_gmt":"2024-10-11T21:29:10","guid":{"rendered":"https:\/\/revolutionpadelstore.com\/starvie-brava-pro-2025\/"},"modified":"2026-04-08T10:29:05","modified_gmt":"2026-04-08T08:29:05","slug":"starvie-brava-pro-2025","status":"publish","type":"product","link":"https:\/\/revolutionpadelstore.com\/pt-pt\/produto\/starvie-brava-pro-2025\/","title":{"rendered":"STARVIE BRAVA PRO 2025"},"content":{"rendered":"<div class=\"flex max-w-full flex-col flex-grow\">\n<div class=\"min-h-8 text-message flex w-full flex-col items-end gap-2 whitespace-normal break-words [.text-message+&amp;]:mt-5\" dir=\"auto\" data-message-author-role=\"assistant\" data-message-id=\"1ad89067-fc6d-4e6d-8732-53eda61b34f8\" data-message-model-slug=\"gpt-4o-mini\">\n<div class=\"flex w-full flex-col gap-1 vazio:oculto primeiro:pt-[3px]\">\n<div class=\"markdown prosa w-full break-words dark:prose-invert dark\">\n<p><strong>StarVie Brava Pro 2025: controle e pot\u00eancia na pista<\/strong><\/p>\n<p>O StarVie Brava Pro 2025, parte da cole\u00e7\u00e3o Universe, foi projetado para oferecer excelente desempenho em cada jogada, permitindo um estilo de jogo vers\u00e1til. Seu formato de l\u00e1grima, com sweet spot localizado na parte superior, amplia a \u00e1rea de rebatida e proporciona mais for\u00e7a nos golpes a\u00e9reos.<\/p>\n<p><strong>Ideal para jogadores avan\u00e7ados<\/strong><\/p>\n<p>Com design robusto e materiais de alta qualidade, o Brava Pro 2025 \u00e9 perfeito para jogadores avan\u00e7ados ou profissionais que desejam versatilidade extra em seu jogo. Os jogadores t\u00e9cnicos ir\u00e3o apreciar o excelente controle e pot\u00eancia em seus chutes, bem como uma sa\u00edda de bola not\u00e1vel. A textura \u00e1spera da superf\u00edcie facilita a aplica\u00e7\u00e3o de giros, surpreendendo os rivais pela precis\u00e3o.<\/p>\n<p><strong>Construindo o StarVie Brava Pro<\/strong><\/p>\n<p style=\"padding-left: 40px\"><strong>-N\u00facleo de borracha EVA PRO 50:<\/strong> Densidade r\u00edgida, otimiza a velocidade da bola e melhora a precis\u00e3o na rebatida.<\/p>\n<p style=\"padding-left: 40px\"><strong>-15K Carbon Flats:<\/strong> proporcionam maior conforto, melhor capacidade de gerenciamento e flexibilidade superior ao rebater.<\/p>\n<p style=\"padding-left: 40px\"><strong>-Acabamento \u00e1spero em forma de estrela:<\/strong> Gra\u00e7as ao efeito Full Plane, permite que os efeitos sejam aplicados com mais precis\u00e3o.<\/p>\n<p style=\"padding-left: 40px\"><strong>-Noene Inside Technology:<\/strong> Melhora a absor\u00e7\u00e3o de vibra\u00e7\u00f5es, reduzindo a energia gerada pelo impacto.<\/p>\n<p style=\"padding-left: 40px\"><strong>-Sistema Core Brava no Cora\u00e7\u00e3o:<\/strong> equilibra o peso e minimiza as vibra\u00e7\u00f5es para maior estabilidade.<\/p>\n<p style=\"padding-left: 40px\"><strong>-Star Balance Piece:<\/strong> Move o equil\u00edbrio em dire\u00e7\u00e3o ao punho, melhorando a acelera\u00e7\u00e3o, agilidade e controle.<\/p>\n<p style=\"padding-left: 40px\"><strong>-Cinco Lados no Perfil:<\/strong> Aumenta a aerodin\u00e2mica e a agilidade da raquete.<\/p>\n<p style=\"padding-left: 40px\"><strong>-Peso:<\/strong> Entre 350-380 gramas.<\/p>\n<p style=\"padding-left: 40px\"><strong>-Fabrica\u00e7\u00e3o artesanal na Espanha:<\/strong> garante qualidade e aten\u00e7\u00e3o aos detalhes.<\/p>\n<p>A StarVie Brava Pro 2025 \u00e9 a sua aliada perfeita se voc\u00ea procura uma raquete que se adapte a qualquer situa\u00e7\u00e3o da quadra, permitindo oferecer o que h\u00e1 de melhor tanto no ataque quanto na defesa. Com seus planos \u00e1speros de carbono 15K, voc\u00ea desfrutar\u00e1 de mais giro e conforto em cada tacada. Descubra a versatilidade que voc\u00ea precisa na Revolution Padel Store!<\/p>\n<\/div>\n<\/div>\n<\/div>\n<\/div>\n","protected":false},"excerpt":{"rendered":"<p>StarVie Brava Pro 2025, pensado para garantir o melhor desempenho na defesa e no ataque aos jogadores t\u00e9cnicos de padel. N\u00facleo de borracha EVA Pro 50.<\/p>\n","protected":false},"featured_media":93514,"comment_status":"open","ping_status":"closed","template":"","meta":{"_acf_changed":false,"_joinchat":[]},"acabado":[1105],"balance":[1135],"dureza":[1160],"forma":[1185],"jugador":[1190,1200],"marca":[1290],"nivel-de-juego":[1335],"superficie":[1360],"tipo-de-juego":[1385],"product_brand":[],"product_cat":[300],"product_tag":[],"class_list":{"0":"post-93757","1":"product","2":"type-product","3":"status-publish","4":"has-post-thumbnail","6":"acabado-rugoso-pt-pt","7":"balance-alto-pt-pt","8":"dureza-dura-pt-pt","9":"forma-lagrima-pt-pt","10":"jugador-homem","11":"jugador-polivalente-pt-pt","12":"marca-starvie-pt-pt","13":"superficie-rugosa-pt-pt","14":"tipo-de-juego-polivalente-pt-pt","15":"product_cat-palas","17":"first","18":"instock","19":"sale","20":"taxable","21":"shipping-taxable","22":"purchasable","23":"product-type-simple"},"acf":[],"yoast_head":"<!-- This site is optimized with the Yoast SEO plugin v27.4 - https:\/\/yoast.com\/product\/yoast-seo-wordpress\/ -->\n<title>STARVIE BRAVA PRO 2025 - Revolution Padel Store<\/title>\n<meta name=\"description\" content=\"La pala de p\u00e1del StarVie Brava Pro 2025, parte de la colecci\u00f3n Universe, est\u00e1 dise\u00f1ada para ofrecer un rendimiento excepcional en todo momento, logrando un juego vers\u00e1til en la pista. Su formato en l\u00e1grima, con un punto dulce t\u00e9cnico en la parte superior, ampl\u00eda la zona de golpeo y potencia los golpes a\u00e9reos con mayor fuerza.\" \/>\n<meta name=\"robots\" content=\"index, follow, max-snippet:-1, max-image-preview:large, max-video-preview:-1\" \/>\n<link rel=\"canonical\" href=\"https:\/\/revolutionpadelstore.com\/pt-pt\/produto\/starvie-brava-pro-2025\/\" \/>\n<meta property=\"og:locale\" content=\"pt_PT\" \/>\n<meta property=\"og:type\" content=\"article\" \/>\n<meta property=\"og:title\" content=\"STARVIE BRAVA PRO 2025 - Revolution Padel Store\" \/>\n<meta property=\"og:description\" content=\"La pala de p\u00e1del StarVie Brava Pro 2025, parte de la colecci\u00f3n Universe, est\u00e1 dise\u00f1ada para ofrecer un rendimiento excepcional en todo momento, logrando un juego vers\u00e1til en la pista. Su formato en l\u00e1grima, con un punto dulce t\u00e9cnico en la parte superior, ampl\u00eda la zona de golpeo y potencia los golpes a\u00e9reos con mayor fuerza.\" \/>\n<meta property=\"og:url\" content=\"https:\/\/revolutionpadelstore.com\/pt-pt\/produto\/starvie-brava-pro-2025\/\" \/>\n<meta property=\"og:site_name\" content=\"Revolution Padel Store\" \/>\n<meta property=\"article:modified_time\" content=\"2026-04-08T08:29:05+00:00\" \/>\n<meta property=\"og:image\" content=\"https:\/\/revolutionpadelstore.com\/wp-content\/uploads\/2024\/10\/pala-starvie-brava-soft-2025-1-800x800-1.jpg\" \/>\n\t<meta property=\"og:image:width\" content=\"800\" \/>\n\t<meta property=\"og:image:height\" content=\"800\" \/>\n\t<meta property=\"og:image:type\" content=\"image\/jpeg\" \/>\n<meta name=\"twitter:card\" content=\"summary_large_image\" \/>\n<meta name=\"twitter:label1\" content=\"Tempo estimado de leitura\" \/>\n\t<meta name=\"twitter:data1\" content=\"2 minutos\" \/>\n<script type=\"application\/ld+json\" class=\"yoast-schema-graph\">{\"@context\":\"https:\\\/\\\/schema.org\",\"@graph\":[{\"@type\":\"WebPage\",\"@id\":\"https:\\\/\\\/revolutionpadelstore.com\\\/pt-pt\\\/produto\\\/starvie-brava-pro-2025\\\/\",\"url\":\"https:\\\/\\\/revolutionpadelstore.com\\\/pt-pt\\\/produto\\\/starvie-brava-pro-2025\\\/\",\"name\":\"STARVIE BRAVA PRO 2025 - Revolution Padel Store\",\"isPartOf\":{\"@id\":\"https:\\\/\\\/revolutionpadelstore.com\\\/pt-pt\\\/#website\"},\"primaryImageOfPage\":{\"@id\":\"https:\\\/\\\/revolutionpadelstore.com\\\/pt-pt\\\/produto\\\/starvie-brava-pro-2025\\\/#primaryimage\"},\"image\":{\"@id\":\"https:\\\/\\\/revolutionpadelstore.com\\\/pt-pt\\\/produto\\\/starvie-brava-pro-2025\\\/#primaryimage\"},\"thumbnailUrl\":\"https:\\\/\\\/revolutionpadelstore.com\\\/wp-content\\\/uploads\\\/2024\\\/10\\\/pala-starvie-brava-soft-2025-1-800x800-1.jpg\",\"datePublished\":\"2024-10-11T21:29:10+00:00\",\"dateModified\":\"2026-04-08T08:29:05+00:00\",\"description\":\"La pala de p\u00e1del StarVie Brava Pro 2025, parte de la colecci\u00f3n Universe, est\u00e1 dise\u00f1ada para ofrecer un rendimiento excepcional en todo momento, logrando un juego vers\u00e1til en la pista. Su formato en l\u00e1grima, con un punto dulce t\u00e9cnico en la parte superior, ampl\u00eda la zona de golpeo y potencia los golpes a\u00e9reos con mayor fuerza.\",\"breadcrumb\":{\"@id\":\"https:\\\/\\\/revolutionpadelstore.com\\\/pt-pt\\\/produto\\\/starvie-brava-pro-2025\\\/#breadcrumb\"},\"inLanguage\":\"pt-PT\",\"potentialAction\":[{\"@type\":\"ReadAction\",\"target\":[\"https:\\\/\\\/revolutionpadelstore.com\\\/pt-pt\\\/produto\\\/starvie-brava-pro-2025\\\/\"]}]},{\"@type\":\"ImageObject\",\"inLanguage\":\"pt-PT\",\"@id\":\"https:\\\/\\\/revolutionpadelstore.com\\\/pt-pt\\\/produto\\\/starvie-brava-pro-2025\\\/#primaryimage\",\"url\":\"https:\\\/\\\/revolutionpadelstore.com\\\/wp-content\\\/uploads\\\/2024\\\/10\\\/pala-starvie-brava-soft-2025-1-800x800-1.jpg\",\"contentUrl\":\"https:\\\/\\\/revolutionpadelstore.com\\\/wp-content\\\/uploads\\\/2024\\\/10\\\/pala-starvie-brava-soft-2025-1-800x800-1.jpg\",\"width\":800,\"height\":800},{\"@type\":\"BreadcrumbList\",\"@id\":\"https:\\\/\\\/revolutionpadelstore.com\\\/pt-pt\\\/produto\\\/starvie-brava-pro-2025\\\/#breadcrumb\",\"itemListElement\":[{\"@type\":\"ListItem\",\"position\":1,\"name\":\"Portada\",\"item\":\"https:\\\/\\\/revolutionpadelstore.com\\\/pt-pt\\\/\"},{\"@type\":\"ListItem\",\"position\":2,\"name\":\"Tienda\",\"item\":\"https:\\\/\\\/revolutionpadelstore.com\\\/pt-pt\\\/tienda\\\/\"},{\"@type\":\"ListItem\",\"position\":3,\"name\":\"STARVIE BRAVA PRO 2025\"}]},{\"@type\":\"WebSite\",\"@id\":\"https:\\\/\\\/revolutionpadelstore.com\\\/pt-pt\\\/#website\",\"url\":\"https:\\\/\\\/revolutionpadelstore.com\\\/pt-pt\\\/\",\"name\":\"Revolution Padel Store\",\"description\":\"\",\"publisher\":{\"@id\":\"https:\\\/\\\/revolutionpadelstore.com\\\/pt-pt\\\/#organization\"},\"potentialAction\":[{\"@type\":\"SearchAction\",\"target\":{\"@type\":\"EntryPoint\",\"urlTemplate\":\"https:\\\/\\\/revolutionpadelstore.com\\\/pt-pt\\\/?s={search_term_string}\"},\"query-input\":{\"@type\":\"PropertyValueSpecification\",\"valueRequired\":true,\"valueName\":\"search_term_string\"}}],\"inLanguage\":\"pt-PT\"},{\"@type\":\"Organization\",\"@id\":\"https:\\\/\\\/revolutionpadelstore.com\\\/pt-pt\\\/#organization\",\"name\":\"Revolution Padel Store\",\"url\":\"https:\\\/\\\/revolutionpadelstore.com\\\/pt-pt\\\/\",\"logo\":{\"@type\":\"ImageObject\",\"inLanguage\":\"pt-PT\",\"@id\":\"https:\\\/\\\/revolutionpadelstore.com\\\/pt-pt\\\/#\\\/schema\\\/logo\\\/image\\\/\",\"url\":\"https:\\\/\\\/revolutionpadelstore.com\\\/wp-content\\\/uploads\\\/2026\\\/02\\\/revolution-padel-store.jpg\",\"contentUrl\":\"https:\\\/\\\/revolutionpadelstore.com\\\/wp-content\\\/uploads\\\/2026\\\/02\\\/revolution-padel-store.jpg\",\"width\":2000,\"height\":2000,\"caption\":\"Revolution Padel Store\"},\"image\":{\"@id\":\"https:\\\/\\\/revolutionpadelstore.com\\\/pt-pt\\\/#\\\/schema\\\/logo\\\/image\\\/\"},\"sameAs\":[\"https:\\\/\\\/www.instagram.com\\\/revolutionpadelstore\\\/\"]}]}<\/script>\n<!-- \/ Yoast SEO plugin. -->","yoast_head_json":{"title":"STARVIE BRAVA PRO 2025 - Revolution Padel Store","description":"La pala de p\u00e1del StarVie Brava Pro 2025, parte de la colecci\u00f3n Universe, est\u00e1 dise\u00f1ada para ofrecer un rendimiento excepcional en todo momento, logrando un juego vers\u00e1til en la pista. Su formato en l\u00e1grima, con un punto dulce t\u00e9cnico en la parte superior, ampl\u00eda la zona de golpeo y potencia los golpes a\u00e9reos con mayor fuerza.","robots":{"index":"index","follow":"follow","max-snippet":"max-snippet:-1","max-image-preview":"max-image-preview:large","max-video-preview":"max-video-preview:-1"},"canonical":"https:\/\/revolutionpadelstore.com\/pt-pt\/produto\/starvie-brava-pro-2025\/","og_locale":"pt_PT","og_type":"article","og_title":"STARVIE BRAVA PRO 2025 - Revolution Padel Store","og_description":"La pala de p\u00e1del StarVie Brava Pro 2025, parte de la colecci\u00f3n Universe, est\u00e1 dise\u00f1ada para ofrecer un rendimiento excepcional en todo momento, logrando un juego vers\u00e1til en la pista. Su formato en l\u00e1grima, con un punto dulce t\u00e9cnico en la parte superior, ampl\u00eda la zona de golpeo y potencia los golpes a\u00e9reos con mayor fuerza.","og_url":"https:\/\/revolutionpadelstore.com\/pt-pt\/produto\/starvie-brava-pro-2025\/","og_site_name":"Revolution Padel Store","article_modified_time":"2026-04-08T08:29:05+00:00","og_image":[{"width":800,"height":800,"url":"https:\/\/revolutionpadelstore.com\/wp-content\/uploads\/2024\/10\/pala-starvie-brava-soft-2025-1-800x800-1.jpg","type":"image\/jpeg"}],"twitter_card":"summary_large_image","twitter_misc":{"Tempo estimado de leitura":"2 minutos"},"schema":{"@context":"https:\/\/schema.org","@graph":[{"@type":"WebPage","@id":"https:\/\/revolutionpadelstore.com\/pt-pt\/produto\/starvie-brava-pro-2025\/","url":"https:\/\/revolutionpadelstore.com\/pt-pt\/produto\/starvie-brava-pro-2025\/","name":"STARVIE BRAVA PRO 2025 - Revolution Padel Store","isPartOf":{"@id":"https:\/\/revolutionpadelstore.com\/pt-pt\/#website"},"primaryImageOfPage":{"@id":"https:\/\/revolutionpadelstore.com\/pt-pt\/produto\/starvie-brava-pro-2025\/#primaryimage"},"image":{"@id":"https:\/\/revolutionpadelstore.com\/pt-pt\/produto\/starvie-brava-pro-2025\/#primaryimage"},"thumbnailUrl":"https:\/\/revolutionpadelstore.com\/wp-content\/uploads\/2024\/10\/pala-starvie-brava-soft-2025-1-800x800-1.jpg","datePublished":"2024-10-11T21:29:10+00:00","dateModified":"2026-04-08T08:29:05+00:00","description":"La pala de p\u00e1del StarVie Brava Pro 2025, parte de la colecci\u00f3n Universe, est\u00e1 dise\u00f1ada para ofrecer un rendimiento excepcional en todo momento, logrando un juego vers\u00e1til en la pista. Su formato en l\u00e1grima, con un punto dulce t\u00e9cnico en la parte superior, ampl\u00eda la zona de golpeo y potencia los golpes a\u00e9reos con mayor fuerza.","breadcrumb":{"@id":"https:\/\/revolutionpadelstore.com\/pt-pt\/produto\/starvie-brava-pro-2025\/#breadcrumb"},"inLanguage":"pt-PT","potentialAction":[{"@type":"ReadAction","target":["https:\/\/revolutionpadelstore.com\/pt-pt\/produto\/starvie-brava-pro-2025\/"]}]},{"@type":"ImageObject","inLanguage":"pt-PT","@id":"https:\/\/revolutionpadelstore.com\/pt-pt\/produto\/starvie-brava-pro-2025\/#primaryimage","url":"https:\/\/revolutionpadelstore.com\/wp-content\/uploads\/2024\/10\/pala-starvie-brava-soft-2025-1-800x800-1.jpg","contentUrl":"https:\/\/revolutionpadelstore.com\/wp-content\/uploads\/2024\/10\/pala-starvie-brava-soft-2025-1-800x800-1.jpg","width":800,"height":800},{"@type":"BreadcrumbList","@id":"https:\/\/revolutionpadelstore.com\/pt-pt\/produto\/starvie-brava-pro-2025\/#breadcrumb","itemListElement":[{"@type":"ListItem","position":1,"name":"Portada","item":"https:\/\/revolutionpadelstore.com\/pt-pt\/"},{"@type":"ListItem","position":2,"name":"Tienda","item":"https:\/\/revolutionpadelstore.com\/pt-pt\/tienda\/"},{"@type":"ListItem","position":3,"name":"STARVIE BRAVA PRO 2025"}]},{"@type":"WebSite","@id":"https:\/\/revolutionpadelstore.com\/pt-pt\/#website","url":"https:\/\/revolutionpadelstore.com\/pt-pt\/","name":"Revolution Padel Store","description":"","publisher":{"@id":"https:\/\/revolutionpadelstore.com\/pt-pt\/#organization"},"potentialAction":[{"@type":"SearchAction","target":{"@type":"EntryPoint","urlTemplate":"https:\/\/revolutionpadelstore.com\/pt-pt\/?s={search_term_string}"},"query-input":{"@type":"PropertyValueSpecification","valueRequired":true,"valueName":"search_term_string"}}],"inLanguage":"pt-PT"},{"@type":"Organization","@id":"https:\/\/revolutionpadelstore.com\/pt-pt\/#organization","name":"Revolution Padel Store","url":"https:\/\/revolutionpadelstore.com\/pt-pt\/","logo":{"@type":"ImageObject","inLanguage":"pt-PT","@id":"https:\/\/revolutionpadelstore.com\/pt-pt\/#\/schema\/logo\/image\/","url":"https:\/\/revolutionpadelstore.com\/wp-content\/uploads\/2026\/02\/revolution-padel-store.jpg","contentUrl":"https:\/\/revolutionpadelstore.com\/wp-content\/uploads\/2026\/02\/revolution-padel-store.jpg","width":2000,"height":2000,"caption":"Revolution Padel Store"},"image":{"@id":"https:\/\/revolutionpadelstore.com\/pt-pt\/#\/schema\/logo\/image\/"},"sameAs":["https:\/\/www.instagram.com\/revolutionpadelstore\/"]}]}},"_links":{"self":[{"href":"https:\/\/revolutionpadelstore.com\/pt-pt\/wp-json\/wp\/v2\/product\/93757","targetHints":{"allow":["GET"]}}],"collection":[{"href":"https:\/\/revolutionpadelstore.com\/pt-pt\/wp-json\/wp\/v2\/product"}],"about":[{"href":"https:\/\/revolutionpadelstore.com\/pt-pt\/wp-json\/wp\/v2\/types\/product"}],"replies":[{"embeddable":true,"href":"https:\/\/revolutionpadelstore.com\/pt-pt\/wp-json\/wp\/v2\/comments?post=93757"}],"wp:featuredmedia":[{"embeddable":true,"href":"https:\/\/revolutionpadelstore.com\/pt-pt\/wp-json\/wp\/v2\/media\/93514"}],"wp:attachment":[{"href":"https:\/\/revolutionpadelstore.com\/pt-pt\/wp-json\/wp\/v2\/media?parent=93757"}],"wp:term":[{"taxonomy":"acabado","embeddable":true,"href":"https:\/\/revolutionpadelstore.com\/pt-pt\/wp-json\/wp\/v2\/acabado?post=93757"},{"taxonomy":"balance","embeddable":true,"href":"https:\/\/revolutionpadelstore.com\/pt-pt\/wp-json\/wp\/v2\/balance?post=93757"},{"taxonomy":"dureza","embeddable":true,"href":"https:\/\/revolutionpadelstore.com\/pt-pt\/wp-json\/wp\/v2\/dureza?post=93757"},{"taxonomy":"forma","embeddable":true,"href":"https:\/\/revolutionpadelstore.com\/pt-pt\/wp-json\/wp\/v2\/forma?post=93757"},{"taxonomy":"jugador","embeddable":true,"href":"https:\/\/revolutionpadelstore.com\/pt-pt\/wp-json\/wp\/v2\/jugador?post=93757"},{"taxonomy":"marca","embeddable":true,"href":"https:\/\/revolutionpadelstore.com\/pt-pt\/wp-json\/wp\/v2\/marca?post=93757"},{"taxonomy":"nivel-de-juego","embeddable":true,"href":"https:\/\/revolutionpadelstore.com\/pt-pt\/wp-json\/wp\/v2\/nivel-de-juego?post=93757"},{"taxonomy":"superficie","embeddable":true,"href":"https:\/\/revolutionpadelstore.com\/pt-pt\/wp-json\/wp\/v2\/superficie?post=93757"},{"taxonomy":"tipo-de-juego","embeddable":true,"href":"https:\/\/revolutionpadelstore.com\/pt-pt\/wp-json\/wp\/v2\/tipo-de-juego?post=93757"},{"taxonomy":"product_brand","embeddable":true,"href":"https:\/\/revolutionpadelstore.com\/pt-pt\/wp-json\/wp\/v2\/product_brand?post=93757"},{"taxonomy":"product_cat","embeddable":true,"href":"https:\/\/revolutionpadelstore.com\/pt-pt\/wp-json\/wp\/v2\/product_cat?post=93757"},{"taxonomy":"product_tag","embeddable":true,"href":"https:\/\/revolutionpadelstore.com\/pt-pt\/wp-json\/wp\/v2\/product_tag?post=93757"}],"curies":[{"name":"wp","href":"https:\/\/api.w.org\/{rel}","templated":true}]}}