{"id":93752,"date":"2024-10-12T20:33:28","date_gmt":"2024-10-12T18:33:28","guid":{"rendered":"https:\/\/revolutionpadelstore.com\/starvie-astrum-2025\/"},"modified":"2026-04-08T10:28:36","modified_gmt":"2026-04-08T08:28:36","slug":"starvie-astrum-2025","status":"publish","type":"product","link":"https:\/\/revolutionpadelstore.com\/pt-pt\/produto\/starvie-astrum-2025\/","title":{"rendered":"STARVIE ASTRUM 2025"},"content":{"rendered":"<p><strong>StarVie Astrum 2025: Desempenho e velocidade superiores no jogo<\/strong><\/p>\n<p>A raquete StarVie Astrum 2025, pertencente \u00e0 prestigiada linha Premium, possui um design arredondado com a ponta ideal localizada no centro, sendo uma op\u00e7\u00e3o ideal para um estilo de jogo vers\u00e1til. Seu peso, que varia entre 350 gramas, garante excelente manuseio e conforto.<\/p>\n<p><strong>Projetado para jogadores intermedi\u00e1rios<\/strong><\/p>\n<p>O Astrum 2025 foi projetado para oferecer excelente desempenho em quadra, especialmente para jogadores de n\u00edvel intermedi\u00e1rio que buscam maximizar o controle e a versatilidade em seus chutes. Esta raquete adapta-se facilmente a diferentes estilos de jogo, permitindo uma execu\u00e7\u00e3o precisa e eficaz em diversas situa\u00e7\u00f5es.<\/p>\n<p>A superf\u00edcie \u00e1spera da raquete facilita o giro da bola, proporcionando a oportunidade de surpreender os advers\u00e1rios com jogadas estrat\u00e9gicas.<\/p>\n<p><strong>Recursos e tecnologias avan\u00e7adas do StarVie Astrum<\/strong><\/p>\n<p style=\"padding-left: 40px\"><strong>-Core:<\/strong> Feito com borracha EVA Soft 30, que proporciona uma resposta r\u00e1pida e eficiente ao bater.<\/p>\n<p style=\"padding-left: 40px\"><strong>-Materiais de alta qualidade:<\/strong> Os avi\u00f5es s\u00e3o feitos com duas camadas de carbono aluminizado 15K, oferecendo toque macio e maior conforto.<\/p>\n<p style=\"padding-left: 40px\"><strong>-Superf\u00edcie \u00e1spera:<\/strong> Gra\u00e7as ao efeito Full Plane, permite imprimir efeitos com alta precis\u00e3o.<\/p>\n<p style=\"padding-left: 40px\"><strong>Estrutura resistente:<\/strong> estrutura tubular de carbono 3K que garante durabilidade e rigidez.<\/p>\n<p style=\"padding-left: 40px\"><strong>-Equil\u00edbrio otimizado:<\/strong> A tecnologia Star Balance no cora\u00e7\u00e3o melhora o equil\u00edbrio da raquete, facilitando um melhor controle durante o jogo.<\/p>\n<p style=\"padding-left: 40px\"><strong>-Prote\u00e7\u00e3o Avan\u00e7ada:<\/strong> O punho incorpora a tecnologia Noene Inside, que reduz 96% da energia negativa gerada pelos impactos.<\/p>\n<p style=\"padding-left: 40px\"><strong>-Design aerodin\u00e2mico:<\/strong> A tecnologia Five Side Tech melhora a aerodin\u00e2mica e a rigidez do perfil.<\/p>\n<p style=\"padding-left: 40px\"><strong>-Fabrica\u00e7\u00e3o Artesanal:<\/strong> Produto 100% fabricado na Espanha, garantindo qualidade e aten\u00e7\u00e3o aos detalhes.<\/p>\n<p style=\"padding-left: 40px\"><strong>-Acess\u00f3rios inclu\u00eddos:<\/strong> Equipado com corda de seguran\u00e7a ajust\u00e1vel e bolsa de gin\u00e1stica ecol\u00f3gica.<\/p>\n<p>Adquira a raquete de padel redonda StarVie Astrum 2025 na Revolution Padel Store e aumente seu desempenho tanto em jogadas defensivas quanto em ataques poderosos. Esta raquete \u00e9 a escolha ideal para jogadores intermedi\u00e1rios que procuram um equil\u00edbrio perfeito entre controle e pot\u00eancia no jogo.<strong>StarVie Astrum 2025: Rendimiento Superior y Velocidad en el Juego<\/strong><\/p>\n","protected":false},"excerpt":{"rendered":"<p>Raquete redonda com ponto doce centralizado StarVie Astrum 2025, focada em fornecer um jogo vers\u00e1til para jogadores de padel de n\u00edvel m\u00e9dio. Planos \u00e1speros de carbono aluminizado 15K de camada dupla.<\/p>\n","protected":false},"featured_media":93442,"comment_status":"open","ping_status":"closed","template":"","meta":{"_acf_changed":false,"_joinchat":[]},"acabado":[1090,1105],"balance":[1140],"dureza":[1150],"forma":[1180],"jugador":[1190,1200],"marca":[1290],"nivel-de-juego":[1335],"superficie":[1360],"tipo-de-juego":[1385],"product_brand":[],"product_cat":[300],"product_tag":[],"class_list":{"0":"post-93752","1":"product","2":"type-product","3":"status-publish","4":"has-post-thumbnail","6":"acabado-alivio-3d","7":"acabado-rugoso-pt-pt","8":"balance-medio-pt-pt","9":"dureza-blanda-pt-pt","10":"forma-rodada","11":"jugador-homem","12":"jugador-polivalente-pt-pt","13":"marca-starvie-pt-pt","14":"superficie-rugosa-pt-pt","15":"tipo-de-juego-polivalente-pt-pt","16":"product_cat-palas","18":"first","19":"instock","20":"sale","21":"taxable","22":"shipping-taxable","23":"purchasable","24":"product-type-simple"},"acf":[],"yoast_head":"<!-- This site is optimized with the Yoast SEO plugin v27.4 - https:\/\/yoast.com\/product\/yoast-seo-wordpress\/ -->\n<title>STARVIE ASTRUM 2025 - Revolution Padel Store<\/title>\n<meta name=\"description\" content=\"La pala de p\u00e1del StarVie Astrum 2025, de la gama Premium, tiene una forma redonda con el punto \u00f3ptimo ubicado en el centro del plano, por lo que es un modelo enfocado en un juego polivalente. La Astrum 2025 proporciona un excelente confort y, gracias a su peso que va desde los 350 gramos, se consigue una f\u00e1cil manejabilidad.\" \/>\n<meta name=\"robots\" content=\"index, follow, max-snippet:-1, max-image-preview:large, max-video-preview:-1\" \/>\n<link rel=\"canonical\" href=\"https:\/\/revolutionpadelstore.com\/pt-pt\/produto\/starvie-astrum-2025\/\" \/>\n<meta property=\"og:locale\" content=\"pt_PT\" \/>\n<meta property=\"og:type\" content=\"article\" \/>\n<meta property=\"og:title\" content=\"STARVIE ASTRUM 2025 - Revolution Padel Store\" \/>\n<meta property=\"og:description\" content=\"La pala de p\u00e1del StarVie Astrum 2025, de la gama Premium, tiene una forma redonda con el punto \u00f3ptimo ubicado en el centro del plano, por lo que es un modelo enfocado en un juego polivalente. La Astrum 2025 proporciona un excelente confort y, gracias a su peso que va desde los 350 gramos, se consigue una f\u00e1cil manejabilidad.\" \/>\n<meta property=\"og:url\" content=\"https:\/\/revolutionpadelstore.com\/pt-pt\/produto\/starvie-astrum-2025\/\" \/>\n<meta property=\"og:site_name\" content=\"Revolution Padel Store\" \/>\n<meta property=\"article:modified_time\" content=\"2026-04-08T08:28:36+00:00\" \/>\n<meta property=\"og:image\" content=\"https:\/\/revolutionpadelstore.com\/wp-content\/uploads\/2024\/10\/pala-starvie-astrum-soft-2025-1-800x800-1.jpg\" \/>\n\t<meta property=\"og:image:width\" content=\"800\" \/>\n\t<meta property=\"og:image:height\" content=\"800\" \/>\n\t<meta property=\"og:image:type\" content=\"image\/jpeg\" \/>\n<meta name=\"twitter:card\" content=\"summary_large_image\" \/>\n<meta name=\"twitter:label1\" content=\"Tempo estimado de leitura\" \/>\n\t<meta name=\"twitter:data1\" content=\"2 minutos\" \/>\n<script type=\"application\/ld+json\" class=\"yoast-schema-graph\">{\"@context\":\"https:\\\/\\\/schema.org\",\"@graph\":[{\"@type\":\"WebPage\",\"@id\":\"https:\\\/\\\/revolutionpadelstore.com\\\/pt-pt\\\/produto\\\/starvie-astrum-2025\\\/\",\"url\":\"https:\\\/\\\/revolutionpadelstore.com\\\/pt-pt\\\/produto\\\/starvie-astrum-2025\\\/\",\"name\":\"STARVIE ASTRUM 2025 - Revolution Padel Store\",\"isPartOf\":{\"@id\":\"https:\\\/\\\/revolutionpadelstore.com\\\/pt-pt\\\/#website\"},\"primaryImageOfPage\":{\"@id\":\"https:\\\/\\\/revolutionpadelstore.com\\\/pt-pt\\\/produto\\\/starvie-astrum-2025\\\/#primaryimage\"},\"image\":{\"@id\":\"https:\\\/\\\/revolutionpadelstore.com\\\/pt-pt\\\/produto\\\/starvie-astrum-2025\\\/#primaryimage\"},\"thumbnailUrl\":\"https:\\\/\\\/revolutionpadelstore.com\\\/wp-content\\\/uploads\\\/2024\\\/10\\\/pala-starvie-astrum-soft-2025-1-800x800-1.jpg\",\"datePublished\":\"2024-10-12T18:33:28+00:00\",\"dateModified\":\"2026-04-08T08:28:36+00:00\",\"description\":\"La pala de p\u00e1del StarVie Astrum 2025, de la gama Premium, tiene una forma redonda con el punto \u00f3ptimo ubicado en el centro del plano, por lo que es un modelo enfocado en un juego polivalente. La Astrum 2025 proporciona un excelente confort y, gracias a su peso que va desde los 350 gramos, se consigue una f\u00e1cil manejabilidad.\",\"breadcrumb\":{\"@id\":\"https:\\\/\\\/revolutionpadelstore.com\\\/pt-pt\\\/produto\\\/starvie-astrum-2025\\\/#breadcrumb\"},\"inLanguage\":\"pt-PT\",\"potentialAction\":[{\"@type\":\"ReadAction\",\"target\":[\"https:\\\/\\\/revolutionpadelstore.com\\\/pt-pt\\\/produto\\\/starvie-astrum-2025\\\/\"]}]},{\"@type\":\"ImageObject\",\"inLanguage\":\"pt-PT\",\"@id\":\"https:\\\/\\\/revolutionpadelstore.com\\\/pt-pt\\\/produto\\\/starvie-astrum-2025\\\/#primaryimage\",\"url\":\"https:\\\/\\\/revolutionpadelstore.com\\\/wp-content\\\/uploads\\\/2024\\\/10\\\/pala-starvie-astrum-soft-2025-1-800x800-1.jpg\",\"contentUrl\":\"https:\\\/\\\/revolutionpadelstore.com\\\/wp-content\\\/uploads\\\/2024\\\/10\\\/pala-starvie-astrum-soft-2025-1-800x800-1.jpg\",\"width\":800,\"height\":800},{\"@type\":\"BreadcrumbList\",\"@id\":\"https:\\\/\\\/revolutionpadelstore.com\\\/pt-pt\\\/produto\\\/starvie-astrum-2025\\\/#breadcrumb\",\"itemListElement\":[{\"@type\":\"ListItem\",\"position\":1,\"name\":\"Portada\",\"item\":\"https:\\\/\\\/revolutionpadelstore.com\\\/pt-pt\\\/\"},{\"@type\":\"ListItem\",\"position\":2,\"name\":\"Tienda\",\"item\":\"https:\\\/\\\/revolutionpadelstore.com\\\/pt-pt\\\/tienda\\\/\"},{\"@type\":\"ListItem\",\"position\":3,\"name\":\"STARVIE ASTRUM 2025\"}]},{\"@type\":\"WebSite\",\"@id\":\"https:\\\/\\\/revolutionpadelstore.com\\\/pt-pt\\\/#website\",\"url\":\"https:\\\/\\\/revolutionpadelstore.com\\\/pt-pt\\\/\",\"name\":\"Revolution Padel Store\",\"description\":\"\",\"publisher\":{\"@id\":\"https:\\\/\\\/revolutionpadelstore.com\\\/pt-pt\\\/#organization\"},\"potentialAction\":[{\"@type\":\"SearchAction\",\"target\":{\"@type\":\"EntryPoint\",\"urlTemplate\":\"https:\\\/\\\/revolutionpadelstore.com\\\/pt-pt\\\/?s={search_term_string}\"},\"query-input\":{\"@type\":\"PropertyValueSpecification\",\"valueRequired\":true,\"valueName\":\"search_term_string\"}}],\"inLanguage\":\"pt-PT\"},{\"@type\":\"Organization\",\"@id\":\"https:\\\/\\\/revolutionpadelstore.com\\\/pt-pt\\\/#organization\",\"name\":\"Revolution Padel Store\",\"url\":\"https:\\\/\\\/revolutionpadelstore.com\\\/pt-pt\\\/\",\"logo\":{\"@type\":\"ImageObject\",\"inLanguage\":\"pt-PT\",\"@id\":\"https:\\\/\\\/revolutionpadelstore.com\\\/pt-pt\\\/#\\\/schema\\\/logo\\\/image\\\/\",\"url\":\"https:\\\/\\\/revolutionpadelstore.com\\\/wp-content\\\/uploads\\\/2026\\\/02\\\/revolution-padel-store.jpg\",\"contentUrl\":\"https:\\\/\\\/revolutionpadelstore.com\\\/wp-content\\\/uploads\\\/2026\\\/02\\\/revolution-padel-store.jpg\",\"width\":2000,\"height\":2000,\"caption\":\"Revolution Padel Store\"},\"image\":{\"@id\":\"https:\\\/\\\/revolutionpadelstore.com\\\/pt-pt\\\/#\\\/schema\\\/logo\\\/image\\\/\"},\"sameAs\":[\"https:\\\/\\\/www.instagram.com\\\/revolutionpadelstore\\\/\"]}]}<\/script>\n<!-- \/ Yoast SEO plugin. -->","yoast_head_json":{"title":"STARVIE ASTRUM 2025 - Revolution Padel Store","description":"La pala de p\u00e1del StarVie Astrum 2025, de la gama Premium, tiene una forma redonda con el punto \u00f3ptimo ubicado en el centro del plano, por lo que es un modelo enfocado en un juego polivalente. La Astrum 2025 proporciona un excelente confort y, gracias a su peso que va desde los 350 gramos, se consigue una f\u00e1cil manejabilidad.","robots":{"index":"index","follow":"follow","max-snippet":"max-snippet:-1","max-image-preview":"max-image-preview:large","max-video-preview":"max-video-preview:-1"},"canonical":"https:\/\/revolutionpadelstore.com\/pt-pt\/produto\/starvie-astrum-2025\/","og_locale":"pt_PT","og_type":"article","og_title":"STARVIE ASTRUM 2025 - Revolution Padel Store","og_description":"La pala de p\u00e1del StarVie Astrum 2025, de la gama Premium, tiene una forma redonda con el punto \u00f3ptimo ubicado en el centro del plano, por lo que es un modelo enfocado en un juego polivalente. La Astrum 2025 proporciona un excelente confort y, gracias a su peso que va desde los 350 gramos, se consigue una f\u00e1cil manejabilidad.","og_url":"https:\/\/revolutionpadelstore.com\/pt-pt\/produto\/starvie-astrum-2025\/","og_site_name":"Revolution Padel Store","article_modified_time":"2026-04-08T08:28:36+00:00","og_image":[{"width":800,"height":800,"url":"https:\/\/revolutionpadelstore.com\/wp-content\/uploads\/2024\/10\/pala-starvie-astrum-soft-2025-1-800x800-1.jpg","type":"image\/jpeg"}],"twitter_card":"summary_large_image","twitter_misc":{"Tempo estimado de leitura":"2 minutos"},"schema":{"@context":"https:\/\/schema.org","@graph":[{"@type":"WebPage","@id":"https:\/\/revolutionpadelstore.com\/pt-pt\/produto\/starvie-astrum-2025\/","url":"https:\/\/revolutionpadelstore.com\/pt-pt\/produto\/starvie-astrum-2025\/","name":"STARVIE ASTRUM 2025 - Revolution Padel Store","isPartOf":{"@id":"https:\/\/revolutionpadelstore.com\/pt-pt\/#website"},"primaryImageOfPage":{"@id":"https:\/\/revolutionpadelstore.com\/pt-pt\/produto\/starvie-astrum-2025\/#primaryimage"},"image":{"@id":"https:\/\/revolutionpadelstore.com\/pt-pt\/produto\/starvie-astrum-2025\/#primaryimage"},"thumbnailUrl":"https:\/\/revolutionpadelstore.com\/wp-content\/uploads\/2024\/10\/pala-starvie-astrum-soft-2025-1-800x800-1.jpg","datePublished":"2024-10-12T18:33:28+00:00","dateModified":"2026-04-08T08:28:36+00:00","description":"La pala de p\u00e1del StarVie Astrum 2025, de la gama Premium, tiene una forma redonda con el punto \u00f3ptimo ubicado en el centro del plano, por lo que es un modelo enfocado en un juego polivalente. La Astrum 2025 proporciona un excelente confort y, gracias a su peso que va desde los 350 gramos, se consigue una f\u00e1cil manejabilidad.","breadcrumb":{"@id":"https:\/\/revolutionpadelstore.com\/pt-pt\/produto\/starvie-astrum-2025\/#breadcrumb"},"inLanguage":"pt-PT","potentialAction":[{"@type":"ReadAction","target":["https:\/\/revolutionpadelstore.com\/pt-pt\/produto\/starvie-astrum-2025\/"]}]},{"@type":"ImageObject","inLanguage":"pt-PT","@id":"https:\/\/revolutionpadelstore.com\/pt-pt\/produto\/starvie-astrum-2025\/#primaryimage","url":"https:\/\/revolutionpadelstore.com\/wp-content\/uploads\/2024\/10\/pala-starvie-astrum-soft-2025-1-800x800-1.jpg","contentUrl":"https:\/\/revolutionpadelstore.com\/wp-content\/uploads\/2024\/10\/pala-starvie-astrum-soft-2025-1-800x800-1.jpg","width":800,"height":800},{"@type":"BreadcrumbList","@id":"https:\/\/revolutionpadelstore.com\/pt-pt\/produto\/starvie-astrum-2025\/#breadcrumb","itemListElement":[{"@type":"ListItem","position":1,"name":"Portada","item":"https:\/\/revolutionpadelstore.com\/pt-pt\/"},{"@type":"ListItem","position":2,"name":"Tienda","item":"https:\/\/revolutionpadelstore.com\/pt-pt\/tienda\/"},{"@type":"ListItem","position":3,"name":"STARVIE ASTRUM 2025"}]},{"@type":"WebSite","@id":"https:\/\/revolutionpadelstore.com\/pt-pt\/#website","url":"https:\/\/revolutionpadelstore.com\/pt-pt\/","name":"Revolution Padel Store","description":"","publisher":{"@id":"https:\/\/revolutionpadelstore.com\/pt-pt\/#organization"},"potentialAction":[{"@type":"SearchAction","target":{"@type":"EntryPoint","urlTemplate":"https:\/\/revolutionpadelstore.com\/pt-pt\/?s={search_term_string}"},"query-input":{"@type":"PropertyValueSpecification","valueRequired":true,"valueName":"search_term_string"}}],"inLanguage":"pt-PT"},{"@type":"Organization","@id":"https:\/\/revolutionpadelstore.com\/pt-pt\/#organization","name":"Revolution Padel Store","url":"https:\/\/revolutionpadelstore.com\/pt-pt\/","logo":{"@type":"ImageObject","inLanguage":"pt-PT","@id":"https:\/\/revolutionpadelstore.com\/pt-pt\/#\/schema\/logo\/image\/","url":"https:\/\/revolutionpadelstore.com\/wp-content\/uploads\/2026\/02\/revolution-padel-store.jpg","contentUrl":"https:\/\/revolutionpadelstore.com\/wp-content\/uploads\/2026\/02\/revolution-padel-store.jpg","width":2000,"height":2000,"caption":"Revolution Padel Store"},"image":{"@id":"https:\/\/revolutionpadelstore.com\/pt-pt\/#\/schema\/logo\/image\/"},"sameAs":["https:\/\/www.instagram.com\/revolutionpadelstore\/"]}]}},"_links":{"self":[{"href":"https:\/\/revolutionpadelstore.com\/pt-pt\/wp-json\/wp\/v2\/product\/93752","targetHints":{"allow":["GET"]}}],"collection":[{"href":"https:\/\/revolutionpadelstore.com\/pt-pt\/wp-json\/wp\/v2\/product"}],"about":[{"href":"https:\/\/revolutionpadelstore.com\/pt-pt\/wp-json\/wp\/v2\/types\/product"}],"replies":[{"embeddable":true,"href":"https:\/\/revolutionpadelstore.com\/pt-pt\/wp-json\/wp\/v2\/comments?post=93752"}],"wp:featuredmedia":[{"embeddable":true,"href":"https:\/\/revolutionpadelstore.com\/pt-pt\/wp-json\/wp\/v2\/media\/93442"}],"wp:attachment":[{"href":"https:\/\/revolutionpadelstore.com\/pt-pt\/wp-json\/wp\/v2\/media?parent=93752"}],"wp:term":[{"taxonomy":"acabado","embeddable":true,"href":"https:\/\/revolutionpadelstore.com\/pt-pt\/wp-json\/wp\/v2\/acabado?post=93752"},{"taxonomy":"balance","embeddable":true,"href":"https:\/\/revolutionpadelstore.com\/pt-pt\/wp-json\/wp\/v2\/balance?post=93752"},{"taxonomy":"dureza","embeddable":true,"href":"https:\/\/revolutionpadelstore.com\/pt-pt\/wp-json\/wp\/v2\/dureza?post=93752"},{"taxonomy":"forma","embeddable":true,"href":"https:\/\/revolutionpadelstore.com\/pt-pt\/wp-json\/wp\/v2\/forma?post=93752"},{"taxonomy":"jugador","embeddable":true,"href":"https:\/\/revolutionpadelstore.com\/pt-pt\/wp-json\/wp\/v2\/jugador?post=93752"},{"taxonomy":"marca","embeddable":true,"href":"https:\/\/revolutionpadelstore.com\/pt-pt\/wp-json\/wp\/v2\/marca?post=93752"},{"taxonomy":"nivel-de-juego","embeddable":true,"href":"https:\/\/revolutionpadelstore.com\/pt-pt\/wp-json\/wp\/v2\/nivel-de-juego?post=93752"},{"taxonomy":"superficie","embeddable":true,"href":"https:\/\/revolutionpadelstore.com\/pt-pt\/wp-json\/wp\/v2\/superficie?post=93752"},{"taxonomy":"tipo-de-juego","embeddable":true,"href":"https:\/\/revolutionpadelstore.com\/pt-pt\/wp-json\/wp\/v2\/tipo-de-juego?post=93752"},{"taxonomy":"product_brand","embeddable":true,"href":"https:\/\/revolutionpadelstore.com\/pt-pt\/wp-json\/wp\/v2\/product_brand?post=93752"},{"taxonomy":"product_cat","embeddable":true,"href":"https:\/\/revolutionpadelstore.com\/pt-pt\/wp-json\/wp\/v2\/product_cat?post=93752"},{"taxonomy":"product_tag","embeddable":true,"href":"https:\/\/revolutionpadelstore.com\/pt-pt\/wp-json\/wp\/v2\/product_tag?post=93752"}],"curies":[{"name":"wp","href":"https:\/\/api.w.org\/{rel}","templated":true}]}}