{"id":93747,"date":"2024-10-12T20:43:03","date_gmt":"2024-10-12T18:43:03","guid":{"rendered":"https:\/\/revolutionpadelstore.com\/starvie-brava-2025\/"},"modified":"2026-04-08T10:28:06","modified_gmt":"2026-04-08T08:28:06","slug":"starvie-brava-2025","status":"publish","type":"product","link":"https:\/\/revolutionpadelstore.com\/pt-pt\/produto\/starvie-brava-2025\/","title":{"rendered":"STARVIE BRAVA 2025"},"content":{"rendered":"<p><strong>StarVie Brava 2025: Versatilidade no jogo<\/strong><\/p>\n<p>A raquete de padel StarVie Brava 2025, da linha Universe, foi projetada para oferecer desempenho excepcional em todas as situa\u00e7\u00f5es de jogo, sendo uma op\u00e7\u00e3o ideal para um estilo de jogo vers\u00e1til. Seu formato de l\u00e1grima, com um sweet spot mais t\u00e9cnico localizado na parte superior, maximiza a superf\u00edcie de rebatida, permitindo gerar pot\u00eancia not\u00e1vel em rebatidas a\u00e9reas.<\/p>\n<p><strong>Perfeito para jogadores intermedi\u00e1rios<\/strong><\/p>\n<p>Com seu design inovador e constru\u00e7\u00e3o robusta, fabricado com materiais de alta qualidade e tecnologias avan\u00e7adas, o Brava 2025 se posiciona como a escolha preferida para jogadores de n\u00edvel intermedi\u00e1rio que buscam aprimorar seu jogo vers\u00e1til.<\/p>\n<p>Os jogadores ir\u00e3o desfrutar de um excelente equil\u00edbrio entre controle e pot\u00eancia, bem como uma not\u00e1vel sa\u00edda de bola. A superf\u00edcie rugosa dos avi\u00f5es facilita a aplica\u00e7\u00e3o dos efeitos, permitindo que os advers\u00e1rios sejam surpreendidos de forma eficaz.<\/p>\n<p><strong>Recursos e tecnologias do StarVie Brava<\/strong><\/p>\n<p style=\"padding-left: 40px\"><strong>-N\u00facleo:<\/strong> Borracha EVA Soft 30 que otimiza a execu\u00e7\u00e3o do golpe e aumenta a velocidade.<\/p>\n<p style=\"padding-left: 40px\"><strong>-Materiais:<\/strong> Avi\u00f5es confeccionados em Carbono 15K, que oferecem maior conforto, maleabilidade e flexibilidade na hora de bater.<\/p>\n<p style=\"padding-left: 40px\"><strong>-Superf\u00edcie \u00e1spera:<\/strong> com o efeito Full Plane em forma de estrela, fornece precis\u00e3o ao aplicar giro \u00e0 bola.<\/p>\n<p style=\"padding-left: 40px\"><strong>-Absor\u00e7\u00e3o de vibra\u00e7\u00e3o:<\/strong> a tecnologia Noene Inside reduz a energia de vibra\u00e7\u00e3o para jogos mais confort\u00e1veis.<\/p>\n<p style=\"padding-left: 40px\"><strong>-Core Brava:<\/strong> No cora\u00e7\u00e3o da raquete, esta tecnologia melhora o equil\u00edbrio e a precis\u00e3o, minimizando as vibra\u00e7\u00f5es.<\/p>\n<p style=\"padding-left: 40px\"><strong>-Optimal Balance:<\/strong> Incorporando a pe\u00e7a Star Balance, o peso \u00e9 deslocado em dire\u00e7\u00e3o ao punho, melhorando a acelera\u00e7\u00e3o, agilidade e sensa\u00e7\u00f5es no jogo.<\/ p ><\/p>\n<p style=\"padding-left: 40px\"><strong>-Rigidez e Aerodin\u00e2mica:<\/strong> A tecnologia Five Side aplicada ao perfil aumenta a rigidez e melhora a aerodin\u00e2mica da l\u00e2mina.<\/p>\n<p style=\"padding-left: 40px\"><strong>-Design e Peso:<\/strong> Formato de l\u00e1grima, ponto ideal alto e peso que varia entre 350 e 380 gramas.<\/p>\n<p style=\"padding-left: 40px\"><strong>-Fabrica\u00e7\u00e3o Artesanal:<\/strong> Produto 100% fabricado na Espanha, garantindo qualidade e aten\u00e7\u00e3o aos detalhes.<\/p>\n<p>Compre a raquete de padel StarVie Brava 2025 na Revolution Padel Store e experimente uma versatilidade incompar\u00e1vel. Enfrente qualquer situa\u00e7\u00e3o na pista com confian\u00e7a, gra\u00e7as \u00e0 combina\u00e7\u00e3o de controle, pot\u00eancia e \u00e0 tecnologia avan\u00e7ada de seus robustos avi\u00f5es 15K Carbon.<strong>StarVie Brava 2025: Versatilidad en el Juego<\/strong><\/p>\n","protected":false},"excerpt":{"rendered":"<p>Raquete em forma de l\u00e1grima com alto equil\u00edbrio StarVie Brava 2025, ideal para jogadores vers\u00e1teis de n\u00edvel intermedi\u00e1rio. Avi\u00f5es de carbono 15K com efeito plano completo.<\/p>\n","protected":false},"featured_media":93514,"comment_status":"open","ping_status":"closed","template":"","meta":{"_acf_changed":false,"_joinchat":[]},"acabado":[1105],"balance":[1135],"dureza":[1150],"forma":[1185],"jugador":[1190,1200],"marca":[1290],"nivel-de-juego":[1340],"superficie":[1360],"tipo-de-juego":[1385],"product_brand":[],"product_cat":[300],"product_tag":[],"class_list":{"0":"post-93747","1":"product","2":"type-product","3":"status-publish","4":"has-post-thumbnail","6":"acabado-rugoso-pt-pt","7":"balance-alto-pt-pt","8":"dureza-blanda-pt-pt","9":"forma-lagrima-pt-pt","10":"jugador-homem","11":"jugador-polivalente-pt-pt","12":"marca-starvie-pt-pt","13":"superficie-rugosa-pt-pt","14":"tipo-de-juego-polivalente-pt-pt","15":"product_cat-palas","17":"first","18":"instock","19":"sale","20":"taxable","21":"shipping-taxable","22":"purchasable","23":"product-type-simple"},"acf":[],"yoast_head":"<!-- This site is optimized with the Yoast SEO plugin v27.4 - https:\/\/yoast.com\/product\/yoast-seo-wordpress\/ -->\n<title>STARVIE BRAVA 2025 - Revolution Padel Store<\/title>\n<meta name=\"description\" content=\"La pala de p\u00e1del StarVie Brava 2025, de la gama Universe, se enfoca en brindar el mejor rendimiento en todo momento para lograr un juego polivalente en el terreno de juego. Su forma de l\u00e1grima, con punto dulce m\u00e1s t\u00e9cnico ubicado en la parte superior, aumenta la superficie de golpeo y permite generar mucha m\u00e1s potencia en el juego a\u00e9reo.\" \/>\n<meta name=\"robots\" content=\"index, follow, max-snippet:-1, max-image-preview:large, max-video-preview:-1\" \/>\n<link rel=\"canonical\" href=\"https:\/\/revolutionpadelstore.com\/pt-pt\/produto\/starvie-brava-2025\/\" \/>\n<meta property=\"og:locale\" content=\"pt_PT\" \/>\n<meta property=\"og:type\" content=\"article\" \/>\n<meta property=\"og:title\" content=\"STARVIE BRAVA 2025 - Revolution Padel Store\" \/>\n<meta property=\"og:description\" content=\"La pala de p\u00e1del StarVie Brava 2025, de la gama Universe, se enfoca en brindar el mejor rendimiento en todo momento para lograr un juego polivalente en el terreno de juego. Su forma de l\u00e1grima, con punto dulce m\u00e1s t\u00e9cnico ubicado en la parte superior, aumenta la superficie de golpeo y permite generar mucha m\u00e1s potencia en el juego a\u00e9reo.\" \/>\n<meta property=\"og:url\" content=\"https:\/\/revolutionpadelstore.com\/pt-pt\/produto\/starvie-brava-2025\/\" \/>\n<meta property=\"og:site_name\" content=\"Revolution Padel Store\" \/>\n<meta property=\"article:modified_time\" content=\"2026-04-08T08:28:06+00:00\" \/>\n<meta property=\"og:image\" content=\"https:\/\/revolutionpadelstore.com\/wp-content\/uploads\/2024\/10\/pala-starvie-brava-soft-2025-1-800x800-1.jpg\" \/>\n\t<meta property=\"og:image:width\" content=\"800\" \/>\n\t<meta property=\"og:image:height\" content=\"800\" \/>\n\t<meta property=\"og:image:type\" content=\"image\/jpeg\" \/>\n<meta name=\"twitter:card\" content=\"summary_large_image\" \/>\n<meta name=\"twitter:label1\" content=\"Tempo estimado de leitura\" \/>\n\t<meta name=\"twitter:data1\" content=\"2 minutos\" \/>\n<script type=\"application\/ld+json\" class=\"yoast-schema-graph\">{\"@context\":\"https:\\\/\\\/schema.org\",\"@graph\":[{\"@type\":\"WebPage\",\"@id\":\"https:\\\/\\\/revolutionpadelstore.com\\\/pt-pt\\\/produto\\\/starvie-brava-2025\\\/\",\"url\":\"https:\\\/\\\/revolutionpadelstore.com\\\/pt-pt\\\/produto\\\/starvie-brava-2025\\\/\",\"name\":\"STARVIE BRAVA 2025 - Revolution Padel Store\",\"isPartOf\":{\"@id\":\"https:\\\/\\\/revolutionpadelstore.com\\\/pt-pt\\\/#website\"},\"primaryImageOfPage\":{\"@id\":\"https:\\\/\\\/revolutionpadelstore.com\\\/pt-pt\\\/produto\\\/starvie-brava-2025\\\/#primaryimage\"},\"image\":{\"@id\":\"https:\\\/\\\/revolutionpadelstore.com\\\/pt-pt\\\/produto\\\/starvie-brava-2025\\\/#primaryimage\"},\"thumbnailUrl\":\"https:\\\/\\\/revolutionpadelstore.com\\\/wp-content\\\/uploads\\\/2024\\\/10\\\/pala-starvie-brava-soft-2025-1-800x800-1.jpg\",\"datePublished\":\"2024-10-12T18:43:03+00:00\",\"dateModified\":\"2026-04-08T08:28:06+00:00\",\"description\":\"La pala de p\u00e1del StarVie Brava 2025, de la gama Universe, se enfoca en brindar el mejor rendimiento en todo momento para lograr un juego polivalente en el terreno de juego. Su forma de l\u00e1grima, con punto dulce m\u00e1s t\u00e9cnico ubicado en la parte superior, aumenta la superficie de golpeo y permite generar mucha m\u00e1s potencia en el juego a\u00e9reo.\",\"breadcrumb\":{\"@id\":\"https:\\\/\\\/revolutionpadelstore.com\\\/pt-pt\\\/produto\\\/starvie-brava-2025\\\/#breadcrumb\"},\"inLanguage\":\"pt-PT\",\"potentialAction\":[{\"@type\":\"ReadAction\",\"target\":[\"https:\\\/\\\/revolutionpadelstore.com\\\/pt-pt\\\/produto\\\/starvie-brava-2025\\\/\"]}]},{\"@type\":\"ImageObject\",\"inLanguage\":\"pt-PT\",\"@id\":\"https:\\\/\\\/revolutionpadelstore.com\\\/pt-pt\\\/produto\\\/starvie-brava-2025\\\/#primaryimage\",\"url\":\"https:\\\/\\\/revolutionpadelstore.com\\\/wp-content\\\/uploads\\\/2024\\\/10\\\/pala-starvie-brava-soft-2025-1-800x800-1.jpg\",\"contentUrl\":\"https:\\\/\\\/revolutionpadelstore.com\\\/wp-content\\\/uploads\\\/2024\\\/10\\\/pala-starvie-brava-soft-2025-1-800x800-1.jpg\",\"width\":800,\"height\":800},{\"@type\":\"BreadcrumbList\",\"@id\":\"https:\\\/\\\/revolutionpadelstore.com\\\/pt-pt\\\/produto\\\/starvie-brava-2025\\\/#breadcrumb\",\"itemListElement\":[{\"@type\":\"ListItem\",\"position\":1,\"name\":\"Portada\",\"item\":\"https:\\\/\\\/revolutionpadelstore.com\\\/pt-pt\\\/\"},{\"@type\":\"ListItem\",\"position\":2,\"name\":\"Tienda\",\"item\":\"https:\\\/\\\/revolutionpadelstore.com\\\/pt-pt\\\/tienda\\\/\"},{\"@type\":\"ListItem\",\"position\":3,\"name\":\"STARVIE BRAVA 2025\"}]},{\"@type\":\"WebSite\",\"@id\":\"https:\\\/\\\/revolutionpadelstore.com\\\/pt-pt\\\/#website\",\"url\":\"https:\\\/\\\/revolutionpadelstore.com\\\/pt-pt\\\/\",\"name\":\"Revolution Padel Store\",\"description\":\"\",\"publisher\":{\"@id\":\"https:\\\/\\\/revolutionpadelstore.com\\\/pt-pt\\\/#organization\"},\"potentialAction\":[{\"@type\":\"SearchAction\",\"target\":{\"@type\":\"EntryPoint\",\"urlTemplate\":\"https:\\\/\\\/revolutionpadelstore.com\\\/pt-pt\\\/?s={search_term_string}\"},\"query-input\":{\"@type\":\"PropertyValueSpecification\",\"valueRequired\":true,\"valueName\":\"search_term_string\"}}],\"inLanguage\":\"pt-PT\"},{\"@type\":\"Organization\",\"@id\":\"https:\\\/\\\/revolutionpadelstore.com\\\/pt-pt\\\/#organization\",\"name\":\"Revolution Padel Store\",\"url\":\"https:\\\/\\\/revolutionpadelstore.com\\\/pt-pt\\\/\",\"logo\":{\"@type\":\"ImageObject\",\"inLanguage\":\"pt-PT\",\"@id\":\"https:\\\/\\\/revolutionpadelstore.com\\\/pt-pt\\\/#\\\/schema\\\/logo\\\/image\\\/\",\"url\":\"https:\\\/\\\/revolutionpadelstore.com\\\/wp-content\\\/uploads\\\/2026\\\/02\\\/revolution-padel-store.jpg\",\"contentUrl\":\"https:\\\/\\\/revolutionpadelstore.com\\\/wp-content\\\/uploads\\\/2026\\\/02\\\/revolution-padel-store.jpg\",\"width\":2000,\"height\":2000,\"caption\":\"Revolution Padel Store\"},\"image\":{\"@id\":\"https:\\\/\\\/revolutionpadelstore.com\\\/pt-pt\\\/#\\\/schema\\\/logo\\\/image\\\/\"},\"sameAs\":[\"https:\\\/\\\/www.instagram.com\\\/revolutionpadelstore\\\/\"]}]}<\/script>\n<!-- \/ Yoast SEO plugin. -->","yoast_head_json":{"title":"STARVIE BRAVA 2025 - Revolution Padel Store","description":"La pala de p\u00e1del StarVie Brava 2025, de la gama Universe, se enfoca en brindar el mejor rendimiento en todo momento para lograr un juego polivalente en el terreno de juego. Su forma de l\u00e1grima, con punto dulce m\u00e1s t\u00e9cnico ubicado en la parte superior, aumenta la superficie de golpeo y permite generar mucha m\u00e1s potencia en el juego a\u00e9reo.","robots":{"index":"index","follow":"follow","max-snippet":"max-snippet:-1","max-image-preview":"max-image-preview:large","max-video-preview":"max-video-preview:-1"},"canonical":"https:\/\/revolutionpadelstore.com\/pt-pt\/produto\/starvie-brava-2025\/","og_locale":"pt_PT","og_type":"article","og_title":"STARVIE BRAVA 2025 - Revolution Padel Store","og_description":"La pala de p\u00e1del StarVie Brava 2025, de la gama Universe, se enfoca en brindar el mejor rendimiento en todo momento para lograr un juego polivalente en el terreno de juego. Su forma de l\u00e1grima, con punto dulce m\u00e1s t\u00e9cnico ubicado en la parte superior, aumenta la superficie de golpeo y permite generar mucha m\u00e1s potencia en el juego a\u00e9reo.","og_url":"https:\/\/revolutionpadelstore.com\/pt-pt\/produto\/starvie-brava-2025\/","og_site_name":"Revolution Padel Store","article_modified_time":"2026-04-08T08:28:06+00:00","og_image":[{"width":800,"height":800,"url":"https:\/\/revolutionpadelstore.com\/wp-content\/uploads\/2024\/10\/pala-starvie-brava-soft-2025-1-800x800-1.jpg","type":"image\/jpeg"}],"twitter_card":"summary_large_image","twitter_misc":{"Tempo estimado de leitura":"2 minutos"},"schema":{"@context":"https:\/\/schema.org","@graph":[{"@type":"WebPage","@id":"https:\/\/revolutionpadelstore.com\/pt-pt\/produto\/starvie-brava-2025\/","url":"https:\/\/revolutionpadelstore.com\/pt-pt\/produto\/starvie-brava-2025\/","name":"STARVIE BRAVA 2025 - Revolution Padel Store","isPartOf":{"@id":"https:\/\/revolutionpadelstore.com\/pt-pt\/#website"},"primaryImageOfPage":{"@id":"https:\/\/revolutionpadelstore.com\/pt-pt\/produto\/starvie-brava-2025\/#primaryimage"},"image":{"@id":"https:\/\/revolutionpadelstore.com\/pt-pt\/produto\/starvie-brava-2025\/#primaryimage"},"thumbnailUrl":"https:\/\/revolutionpadelstore.com\/wp-content\/uploads\/2024\/10\/pala-starvie-brava-soft-2025-1-800x800-1.jpg","datePublished":"2024-10-12T18:43:03+00:00","dateModified":"2026-04-08T08:28:06+00:00","description":"La pala de p\u00e1del StarVie Brava 2025, de la gama Universe, se enfoca en brindar el mejor rendimiento en todo momento para lograr un juego polivalente en el terreno de juego. Su forma de l\u00e1grima, con punto dulce m\u00e1s t\u00e9cnico ubicado en la parte superior, aumenta la superficie de golpeo y permite generar mucha m\u00e1s potencia en el juego a\u00e9reo.","breadcrumb":{"@id":"https:\/\/revolutionpadelstore.com\/pt-pt\/produto\/starvie-brava-2025\/#breadcrumb"},"inLanguage":"pt-PT","potentialAction":[{"@type":"ReadAction","target":["https:\/\/revolutionpadelstore.com\/pt-pt\/produto\/starvie-brava-2025\/"]}]},{"@type":"ImageObject","inLanguage":"pt-PT","@id":"https:\/\/revolutionpadelstore.com\/pt-pt\/produto\/starvie-brava-2025\/#primaryimage","url":"https:\/\/revolutionpadelstore.com\/wp-content\/uploads\/2024\/10\/pala-starvie-brava-soft-2025-1-800x800-1.jpg","contentUrl":"https:\/\/revolutionpadelstore.com\/wp-content\/uploads\/2024\/10\/pala-starvie-brava-soft-2025-1-800x800-1.jpg","width":800,"height":800},{"@type":"BreadcrumbList","@id":"https:\/\/revolutionpadelstore.com\/pt-pt\/produto\/starvie-brava-2025\/#breadcrumb","itemListElement":[{"@type":"ListItem","position":1,"name":"Portada","item":"https:\/\/revolutionpadelstore.com\/pt-pt\/"},{"@type":"ListItem","position":2,"name":"Tienda","item":"https:\/\/revolutionpadelstore.com\/pt-pt\/tienda\/"},{"@type":"ListItem","position":3,"name":"STARVIE BRAVA 2025"}]},{"@type":"WebSite","@id":"https:\/\/revolutionpadelstore.com\/pt-pt\/#website","url":"https:\/\/revolutionpadelstore.com\/pt-pt\/","name":"Revolution Padel Store","description":"","publisher":{"@id":"https:\/\/revolutionpadelstore.com\/pt-pt\/#organization"},"potentialAction":[{"@type":"SearchAction","target":{"@type":"EntryPoint","urlTemplate":"https:\/\/revolutionpadelstore.com\/pt-pt\/?s={search_term_string}"},"query-input":{"@type":"PropertyValueSpecification","valueRequired":true,"valueName":"search_term_string"}}],"inLanguage":"pt-PT"},{"@type":"Organization","@id":"https:\/\/revolutionpadelstore.com\/pt-pt\/#organization","name":"Revolution Padel Store","url":"https:\/\/revolutionpadelstore.com\/pt-pt\/","logo":{"@type":"ImageObject","inLanguage":"pt-PT","@id":"https:\/\/revolutionpadelstore.com\/pt-pt\/#\/schema\/logo\/image\/","url":"https:\/\/revolutionpadelstore.com\/wp-content\/uploads\/2026\/02\/revolution-padel-store.jpg","contentUrl":"https:\/\/revolutionpadelstore.com\/wp-content\/uploads\/2026\/02\/revolution-padel-store.jpg","width":2000,"height":2000,"caption":"Revolution Padel Store"},"image":{"@id":"https:\/\/revolutionpadelstore.com\/pt-pt\/#\/schema\/logo\/image\/"},"sameAs":["https:\/\/www.instagram.com\/revolutionpadelstore\/"]}]}},"_links":{"self":[{"href":"https:\/\/revolutionpadelstore.com\/pt-pt\/wp-json\/wp\/v2\/product\/93747","targetHints":{"allow":["GET"]}}],"collection":[{"href":"https:\/\/revolutionpadelstore.com\/pt-pt\/wp-json\/wp\/v2\/product"}],"about":[{"href":"https:\/\/revolutionpadelstore.com\/pt-pt\/wp-json\/wp\/v2\/types\/product"}],"replies":[{"embeddable":true,"href":"https:\/\/revolutionpadelstore.com\/pt-pt\/wp-json\/wp\/v2\/comments?post=93747"}],"wp:featuredmedia":[{"embeddable":true,"href":"https:\/\/revolutionpadelstore.com\/pt-pt\/wp-json\/wp\/v2\/media\/93514"}],"wp:attachment":[{"href":"https:\/\/revolutionpadelstore.com\/pt-pt\/wp-json\/wp\/v2\/media?parent=93747"}],"wp:term":[{"taxonomy":"acabado","embeddable":true,"href":"https:\/\/revolutionpadelstore.com\/pt-pt\/wp-json\/wp\/v2\/acabado?post=93747"},{"taxonomy":"balance","embeddable":true,"href":"https:\/\/revolutionpadelstore.com\/pt-pt\/wp-json\/wp\/v2\/balance?post=93747"},{"taxonomy":"dureza","embeddable":true,"href":"https:\/\/revolutionpadelstore.com\/pt-pt\/wp-json\/wp\/v2\/dureza?post=93747"},{"taxonomy":"forma","embeddable":true,"href":"https:\/\/revolutionpadelstore.com\/pt-pt\/wp-json\/wp\/v2\/forma?post=93747"},{"taxonomy":"jugador","embeddable":true,"href":"https:\/\/revolutionpadelstore.com\/pt-pt\/wp-json\/wp\/v2\/jugador?post=93747"},{"taxonomy":"marca","embeddable":true,"href":"https:\/\/revolutionpadelstore.com\/pt-pt\/wp-json\/wp\/v2\/marca?post=93747"},{"taxonomy":"nivel-de-juego","embeddable":true,"href":"https:\/\/revolutionpadelstore.com\/pt-pt\/wp-json\/wp\/v2\/nivel-de-juego?post=93747"},{"taxonomy":"superficie","embeddable":true,"href":"https:\/\/revolutionpadelstore.com\/pt-pt\/wp-json\/wp\/v2\/superficie?post=93747"},{"taxonomy":"tipo-de-juego","embeddable":true,"href":"https:\/\/revolutionpadelstore.com\/pt-pt\/wp-json\/wp\/v2\/tipo-de-juego?post=93747"},{"taxonomy":"product_brand","embeddable":true,"href":"https:\/\/revolutionpadelstore.com\/pt-pt\/wp-json\/wp\/v2\/product_brand?post=93747"},{"taxonomy":"product_cat","embeddable":true,"href":"https:\/\/revolutionpadelstore.com\/pt-pt\/wp-json\/wp\/v2\/product_cat?post=93747"},{"taxonomy":"product_tag","embeddable":true,"href":"https:\/\/revolutionpadelstore.com\/pt-pt\/wp-json\/wp\/v2\/product_tag?post=93747"}],"curies":[{"name":"wp","href":"https:\/\/api.w.org\/{rel}","templated":true}]}}