{"id":93742,"date":"2024-10-12T20:49:34","date_gmt":"2024-10-12T18:49:34","guid":{"rendered":"https:\/\/revolutionpadelstore.com\/starvie-triton-pro-touch-2025\/"},"modified":"2026-04-08T10:27:35","modified_gmt":"2026-04-08T08:27:35","slug":"starvie-triton-pro-touch-2025-5","status":"publish","type":"product","link":"https:\/\/revolutionpadelstore.com\/pt-pt\/produto\/starvie-triton-pro-touch-2025-5\/","title":{"rendered":"STARVIE TRIT\u00d3N PRO TOUCH 2025"},"content":{"rendered":"<p><strong>StarVie Trit\u00f3n Pro Touch 2025: formato Teardrop para desempenho ideal<\/strong><\/p>\n<p>A StarVie Trit\u00f3n Pro Touch 2025 \u00e9 uma raquete de padel premium, projetada para jogadores que buscam um equil\u00edbrio excepcional entre controle e pot\u00eancia. O seu formato de l\u00e1grima, combinado com um elegante design preto com detalhes prateados, real\u00e7a n\u00e3o s\u00f3 a sua est\u00e9tica moderna, mas tamb\u00e9m a sua tecnologia avan\u00e7ada. A borracha Pro Touch de densidade m\u00e9dia-dura oferece excelente sensibilidade, controle e pot\u00eancia em cada foto.<\/p>\n<p><strong>Destinado a jogadores avan\u00e7ados<\/strong><\/p>\n<p>Esta raquete destina-se especialmente a jogadores avan\u00e7ados, principalmente aqueles com um estilo de jogo ofensivo que pretendem maximizar o seu ataque e controlo. O formato de l\u00e1grima, com o ponto ideal movido em dire\u00e7\u00e3o \u00e0 cabe\u00e7a, permite gerar maior pot\u00eancia sem sacrificar a precis\u00e3o. Al\u00e9m disso, a rigidez proporcionada pelas duas camadas de carbono 3K garante um controle superior, ideal para jogadores experientes que buscam otimizar cada tacada.<\/p>\n<p><strong>Recursos e tecnologias do StarVie Triton Pro Touch 2025<\/strong><\/p>\n<p style=\"padding-left: 40px\"><strong>-Forma:<\/strong> design de l\u00e1grima com o ponto ideal localizado pr\u00f3ximo \u00e0 cabe\u00e7a.<\/p>\n<p style=\"padding-left: 40px\"><strong>-N\u00facleo:<\/strong> Borracha EVA Pro Touch de densidade m\u00e9dia e dura, que proporciona um equil\u00edbrio entre controle e pot\u00eancia.<\/p>\n<p style=\"padding-left: 40px\"><strong>-Materiais:<\/strong> Duas camadas de carbono 3K que aumentam a rigidez, melhorando o controle e a pot\u00eancia do golpe.<\/p>\n<p style=\"padding-left: 40px\"><strong>-Plane Roughness:<\/strong> tecnologia Full Plane Effect que melhora a precis\u00e3o ao aplicar efeitos \u00e0 bola.<\/p>\n<p style=\"padding-left: 40px\"><strong>-Aperto aprimorado:<\/strong> punho mais longo, que inclui 1 cm extra no punho para uma pegada mais confort\u00e1vel em socos com as duas m\u00e3os.<\/p>\n<p style=\"padding-left: 40px\"><strong>-Absor\u00e7\u00e3o de vibra\u00e7\u00e3o:<\/strong> Tecnologia Noene Inside que reduz at\u00e9 96% das vibra\u00e7\u00f5es, minimizando o impacto no bra\u00e7o.<\/p>\n<p style=\"padding-left: 40px\"><strong>-Est\u00e9tica:<\/strong> Design moderno em preto com detalhes prateados na moldura e logotipo.<\/p>\n<p>Em resumo, a StarVie Trit\u00f3n Pro Touch 2025 \u00e9 a raquete ideal para jogadores avan\u00e7ados que procuram alto desempenho em controle e pot\u00eancia, fundindo tecnologia inovadora com um design atraente. Se o seu objetivo \u00e9 elevar o seu n\u00edvel de jogo, esta raquete \u00e9 uma escolha excepcional.<strong>StarVie Trit\u00f3n Pro Touch 2025: Formato L\u00e1grima para un Rendimiento \u00d3ptimo<\/strong><\/p>\n","protected":false},"excerpt":{"rendered":"<p>O StarVie Triton Pro Touch 2025 oferece controle e pot\u00eancia com tecnologia avan\u00e7ada para jogadores ofensivos avan\u00e7ados, maximizando cada golpe com precis\u00e3o.<\/p>\n","protected":false},"featured_media":93676,"comment_status":"open","ping_status":"closed","template":"","meta":{"_acf_changed":false,"_joinchat":[]},"acabado":[1090],"balance":[1135],"dureza":[1155],"forma":[1185],"jugador":[1190,1200],"marca":[1290],"nivel-de-juego":[1335],"superficie":[1360],"tipo-de-juego":[1385],"product_brand":[],"product_cat":[300],"product_tag":[],"class_list":{"0":"post-93742","1":"product","2":"type-product","3":"status-publish","4":"has-post-thumbnail","6":"acabado-alivio-3d","7":"balance-alto-pt-pt","8":"dureza-media-pt-pt","9":"forma-lagrima-pt-pt","10":"jugador-homem","11":"jugador-polivalente-pt-pt","12":"marca-starvie-pt-pt","13":"superficie-rugosa-pt-pt","14":"tipo-de-juego-polivalente-pt-pt","15":"product_cat-palas","17":"first","18":"instock","19":"sale","20":"taxable","21":"shipping-taxable","22":"purchasable","23":"product-type-simple"},"acf":[],"yoast_head":"<!-- This site is optimized with the Yoast SEO plugin v27.4 - https:\/\/yoast.com\/product\/yoast-seo-wordpress\/ -->\n<title>STARVIE TRIT\u00d3N PRO TOUCH 2025 - Revolution Padel Store<\/title>\n<meta name=\"description\" content=\"La StarVie Trit\u00f3n Pro Touch 2025 es una pala de p\u00e1del premium dise\u00f1ada para aquellos que buscan un equilibrio perfecto entre control y potencia en su juego. Con una forma de l\u00e1grima y un dise\u00f1o en negro con detalles en plata, esta pala destaca por su est\u00e9tica moderna y su avanzada tecnolog\u00eda, incluyendo una novedosa goma Pro Touch de densidad media-dura, que ofrece una excelente combinaci\u00f3n de sensibilidad, control y potencia.\" \/>\n<meta name=\"robots\" content=\"index, follow, max-snippet:-1, max-image-preview:large, max-video-preview:-1\" \/>\n<link rel=\"canonical\" href=\"https:\/\/revolutionpadelstore.com\/pt-pt\/produto\/starvie-triton-pro-touch-2025-5\/\" \/>\n<meta property=\"og:locale\" content=\"pt_PT\" \/>\n<meta property=\"og:type\" content=\"article\" \/>\n<meta property=\"og:title\" content=\"STARVIE TRIT\u00d3N PRO TOUCH 2025 - Revolution Padel Store\" \/>\n<meta property=\"og:description\" content=\"La StarVie Trit\u00f3n Pro Touch 2025 es una pala de p\u00e1del premium dise\u00f1ada para aquellos que buscan un equilibrio perfecto entre control y potencia en su juego. Con una forma de l\u00e1grima y un dise\u00f1o en negro con detalles en plata, esta pala destaca por su est\u00e9tica moderna y su avanzada tecnolog\u00eda, incluyendo una novedosa goma Pro Touch de densidad media-dura, que ofrece una excelente combinaci\u00f3n de sensibilidad, control y potencia.\" \/>\n<meta property=\"og:url\" content=\"https:\/\/revolutionpadelstore.com\/pt-pt\/produto\/starvie-triton-pro-touch-2025-5\/\" \/>\n<meta property=\"og:site_name\" content=\"Revolution Padel Store\" \/>\n<meta property=\"article:modified_time\" content=\"2026-04-08T08:27:35+00:00\" \/>\n<meta property=\"og:image\" content=\"https:\/\/revolutionpadelstore.com\/wp-content\/uploads\/2024\/10\/pala-starvie-triton-pro-touch-2025-1-800x800-1.jpg\" \/>\n\t<meta property=\"og:image:width\" content=\"800\" \/>\n\t<meta property=\"og:image:height\" content=\"800\" \/>\n\t<meta property=\"og:image:type\" content=\"image\/jpeg\" \/>\n<meta name=\"twitter:card\" content=\"summary_large_image\" \/>\n<meta name=\"twitter:label1\" content=\"Tempo estimado de leitura\" \/>\n\t<meta name=\"twitter:data1\" content=\"2 minutos\" \/>\n<script type=\"application\/ld+json\" class=\"yoast-schema-graph\">{\"@context\":\"https:\\\/\\\/schema.org\",\"@graph\":[{\"@type\":\"WebPage\",\"@id\":\"https:\\\/\\\/revolutionpadelstore.com\\\/pt-pt\\\/produto\\\/starvie-triton-pro-touch-2025-5\\\/\",\"url\":\"https:\\\/\\\/revolutionpadelstore.com\\\/pt-pt\\\/produto\\\/starvie-triton-pro-touch-2025-5\\\/\",\"name\":\"STARVIE TRIT\u00d3N PRO TOUCH 2025 - Revolution Padel Store\",\"isPartOf\":{\"@id\":\"https:\\\/\\\/revolutionpadelstore.com\\\/pt-pt\\\/#website\"},\"primaryImageOfPage\":{\"@id\":\"https:\\\/\\\/revolutionpadelstore.com\\\/pt-pt\\\/produto\\\/starvie-triton-pro-touch-2025-5\\\/#primaryimage\"},\"image\":{\"@id\":\"https:\\\/\\\/revolutionpadelstore.com\\\/pt-pt\\\/produto\\\/starvie-triton-pro-touch-2025-5\\\/#primaryimage\"},\"thumbnailUrl\":\"https:\\\/\\\/revolutionpadelstore.com\\\/wp-content\\\/uploads\\\/2024\\\/10\\\/pala-starvie-triton-pro-touch-2025-1-800x800-1.jpg\",\"datePublished\":\"2024-10-12T18:49:34+00:00\",\"dateModified\":\"2026-04-08T08:27:35+00:00\",\"description\":\"La StarVie Trit\u00f3n Pro Touch 2025 es una pala de p\u00e1del premium dise\u00f1ada para aquellos que buscan un equilibrio perfecto entre control y potencia en su juego. Con una forma de l\u00e1grima y un dise\u00f1o en negro con detalles en plata, esta pala destaca por su est\u00e9tica moderna y su avanzada tecnolog\u00eda, incluyendo una novedosa goma Pro Touch de densidad media-dura, que ofrece una excelente combinaci\u00f3n de sensibilidad, control y potencia.\",\"breadcrumb\":{\"@id\":\"https:\\\/\\\/revolutionpadelstore.com\\\/pt-pt\\\/produto\\\/starvie-triton-pro-touch-2025-5\\\/#breadcrumb\"},\"inLanguage\":\"pt-PT\",\"potentialAction\":[{\"@type\":\"ReadAction\",\"target\":[\"https:\\\/\\\/revolutionpadelstore.com\\\/pt-pt\\\/produto\\\/starvie-triton-pro-touch-2025-5\\\/\"]}]},{\"@type\":\"ImageObject\",\"inLanguage\":\"pt-PT\",\"@id\":\"https:\\\/\\\/revolutionpadelstore.com\\\/pt-pt\\\/produto\\\/starvie-triton-pro-touch-2025-5\\\/#primaryimage\",\"url\":\"https:\\\/\\\/revolutionpadelstore.com\\\/wp-content\\\/uploads\\\/2024\\\/10\\\/pala-starvie-triton-pro-touch-2025-1-800x800-1.jpg\",\"contentUrl\":\"https:\\\/\\\/revolutionpadelstore.com\\\/wp-content\\\/uploads\\\/2024\\\/10\\\/pala-starvie-triton-pro-touch-2025-1-800x800-1.jpg\",\"width\":800,\"height\":800},{\"@type\":\"BreadcrumbList\",\"@id\":\"https:\\\/\\\/revolutionpadelstore.com\\\/pt-pt\\\/produto\\\/starvie-triton-pro-touch-2025-5\\\/#breadcrumb\",\"itemListElement\":[{\"@type\":\"ListItem\",\"position\":1,\"name\":\"Portada\",\"item\":\"https:\\\/\\\/revolutionpadelstore.com\\\/pt-pt\\\/\"},{\"@type\":\"ListItem\",\"position\":2,\"name\":\"Tienda\",\"item\":\"https:\\\/\\\/revolutionpadelstore.com\\\/pt-pt\\\/tienda\\\/\"},{\"@type\":\"ListItem\",\"position\":3,\"name\":\"STARVIE TRIT\u00d3N PRO TOUCH 2025\"}]},{\"@type\":\"WebSite\",\"@id\":\"https:\\\/\\\/revolutionpadelstore.com\\\/pt-pt\\\/#website\",\"url\":\"https:\\\/\\\/revolutionpadelstore.com\\\/pt-pt\\\/\",\"name\":\"Revolution Padel Store\",\"description\":\"\",\"publisher\":{\"@id\":\"https:\\\/\\\/revolutionpadelstore.com\\\/pt-pt\\\/#organization\"},\"potentialAction\":[{\"@type\":\"SearchAction\",\"target\":{\"@type\":\"EntryPoint\",\"urlTemplate\":\"https:\\\/\\\/revolutionpadelstore.com\\\/pt-pt\\\/?s={search_term_string}\"},\"query-input\":{\"@type\":\"PropertyValueSpecification\",\"valueRequired\":true,\"valueName\":\"search_term_string\"}}],\"inLanguage\":\"pt-PT\"},{\"@type\":\"Organization\",\"@id\":\"https:\\\/\\\/revolutionpadelstore.com\\\/pt-pt\\\/#organization\",\"name\":\"Revolution Padel Store\",\"url\":\"https:\\\/\\\/revolutionpadelstore.com\\\/pt-pt\\\/\",\"logo\":{\"@type\":\"ImageObject\",\"inLanguage\":\"pt-PT\",\"@id\":\"https:\\\/\\\/revolutionpadelstore.com\\\/pt-pt\\\/#\\\/schema\\\/logo\\\/image\\\/\",\"url\":\"https:\\\/\\\/revolutionpadelstore.com\\\/wp-content\\\/uploads\\\/2026\\\/02\\\/revolution-padel-store.jpg\",\"contentUrl\":\"https:\\\/\\\/revolutionpadelstore.com\\\/wp-content\\\/uploads\\\/2026\\\/02\\\/revolution-padel-store.jpg\",\"width\":2000,\"height\":2000,\"caption\":\"Revolution Padel Store\"},\"image\":{\"@id\":\"https:\\\/\\\/revolutionpadelstore.com\\\/pt-pt\\\/#\\\/schema\\\/logo\\\/image\\\/\"},\"sameAs\":[\"https:\\\/\\\/www.instagram.com\\\/revolutionpadelstore\\\/\"]}]}<\/script>\n<!-- \/ Yoast SEO plugin. -->","yoast_head_json":{"title":"STARVIE TRIT\u00d3N PRO TOUCH 2025 - Revolution Padel Store","description":"La StarVie Trit\u00f3n Pro Touch 2025 es una pala de p\u00e1del premium dise\u00f1ada para aquellos que buscan un equilibrio perfecto entre control y potencia en su juego. Con una forma de l\u00e1grima y un dise\u00f1o en negro con detalles en plata, esta pala destaca por su est\u00e9tica moderna y su avanzada tecnolog\u00eda, incluyendo una novedosa goma Pro Touch de densidad media-dura, que ofrece una excelente combinaci\u00f3n de sensibilidad, control y potencia.","robots":{"index":"index","follow":"follow","max-snippet":"max-snippet:-1","max-image-preview":"max-image-preview:large","max-video-preview":"max-video-preview:-1"},"canonical":"https:\/\/revolutionpadelstore.com\/pt-pt\/produto\/starvie-triton-pro-touch-2025-5\/","og_locale":"pt_PT","og_type":"article","og_title":"STARVIE TRIT\u00d3N PRO TOUCH 2025 - Revolution Padel Store","og_description":"La StarVie Trit\u00f3n Pro Touch 2025 es una pala de p\u00e1del premium dise\u00f1ada para aquellos que buscan un equilibrio perfecto entre control y potencia en su juego. Con una forma de l\u00e1grima y un dise\u00f1o en negro con detalles en plata, esta pala destaca por su est\u00e9tica moderna y su avanzada tecnolog\u00eda, incluyendo una novedosa goma Pro Touch de densidad media-dura, que ofrece una excelente combinaci\u00f3n de sensibilidad, control y potencia.","og_url":"https:\/\/revolutionpadelstore.com\/pt-pt\/produto\/starvie-triton-pro-touch-2025-5\/","og_site_name":"Revolution Padel Store","article_modified_time":"2026-04-08T08:27:35+00:00","og_image":[{"width":800,"height":800,"url":"https:\/\/revolutionpadelstore.com\/wp-content\/uploads\/2024\/10\/pala-starvie-triton-pro-touch-2025-1-800x800-1.jpg","type":"image\/jpeg"}],"twitter_card":"summary_large_image","twitter_misc":{"Tempo estimado de leitura":"2 minutos"},"schema":{"@context":"https:\/\/schema.org","@graph":[{"@type":"WebPage","@id":"https:\/\/revolutionpadelstore.com\/pt-pt\/produto\/starvie-triton-pro-touch-2025-5\/","url":"https:\/\/revolutionpadelstore.com\/pt-pt\/produto\/starvie-triton-pro-touch-2025-5\/","name":"STARVIE TRIT\u00d3N PRO TOUCH 2025 - Revolution Padel Store","isPartOf":{"@id":"https:\/\/revolutionpadelstore.com\/pt-pt\/#website"},"primaryImageOfPage":{"@id":"https:\/\/revolutionpadelstore.com\/pt-pt\/produto\/starvie-triton-pro-touch-2025-5\/#primaryimage"},"image":{"@id":"https:\/\/revolutionpadelstore.com\/pt-pt\/produto\/starvie-triton-pro-touch-2025-5\/#primaryimage"},"thumbnailUrl":"https:\/\/revolutionpadelstore.com\/wp-content\/uploads\/2024\/10\/pala-starvie-triton-pro-touch-2025-1-800x800-1.jpg","datePublished":"2024-10-12T18:49:34+00:00","dateModified":"2026-04-08T08:27:35+00:00","description":"La StarVie Trit\u00f3n Pro Touch 2025 es una pala de p\u00e1del premium dise\u00f1ada para aquellos que buscan un equilibrio perfecto entre control y potencia en su juego. Con una forma de l\u00e1grima y un dise\u00f1o en negro con detalles en plata, esta pala destaca por su est\u00e9tica moderna y su avanzada tecnolog\u00eda, incluyendo una novedosa goma Pro Touch de densidad media-dura, que ofrece una excelente combinaci\u00f3n de sensibilidad, control y potencia.","breadcrumb":{"@id":"https:\/\/revolutionpadelstore.com\/pt-pt\/produto\/starvie-triton-pro-touch-2025-5\/#breadcrumb"},"inLanguage":"pt-PT","potentialAction":[{"@type":"ReadAction","target":["https:\/\/revolutionpadelstore.com\/pt-pt\/produto\/starvie-triton-pro-touch-2025-5\/"]}]},{"@type":"ImageObject","inLanguage":"pt-PT","@id":"https:\/\/revolutionpadelstore.com\/pt-pt\/produto\/starvie-triton-pro-touch-2025-5\/#primaryimage","url":"https:\/\/revolutionpadelstore.com\/wp-content\/uploads\/2024\/10\/pala-starvie-triton-pro-touch-2025-1-800x800-1.jpg","contentUrl":"https:\/\/revolutionpadelstore.com\/wp-content\/uploads\/2024\/10\/pala-starvie-triton-pro-touch-2025-1-800x800-1.jpg","width":800,"height":800},{"@type":"BreadcrumbList","@id":"https:\/\/revolutionpadelstore.com\/pt-pt\/produto\/starvie-triton-pro-touch-2025-5\/#breadcrumb","itemListElement":[{"@type":"ListItem","position":1,"name":"Portada","item":"https:\/\/revolutionpadelstore.com\/pt-pt\/"},{"@type":"ListItem","position":2,"name":"Tienda","item":"https:\/\/revolutionpadelstore.com\/pt-pt\/tienda\/"},{"@type":"ListItem","position":3,"name":"STARVIE TRIT\u00d3N PRO TOUCH 2025"}]},{"@type":"WebSite","@id":"https:\/\/revolutionpadelstore.com\/pt-pt\/#website","url":"https:\/\/revolutionpadelstore.com\/pt-pt\/","name":"Revolution Padel Store","description":"","publisher":{"@id":"https:\/\/revolutionpadelstore.com\/pt-pt\/#organization"},"potentialAction":[{"@type":"SearchAction","target":{"@type":"EntryPoint","urlTemplate":"https:\/\/revolutionpadelstore.com\/pt-pt\/?s={search_term_string}"},"query-input":{"@type":"PropertyValueSpecification","valueRequired":true,"valueName":"search_term_string"}}],"inLanguage":"pt-PT"},{"@type":"Organization","@id":"https:\/\/revolutionpadelstore.com\/pt-pt\/#organization","name":"Revolution Padel Store","url":"https:\/\/revolutionpadelstore.com\/pt-pt\/","logo":{"@type":"ImageObject","inLanguage":"pt-PT","@id":"https:\/\/revolutionpadelstore.com\/pt-pt\/#\/schema\/logo\/image\/","url":"https:\/\/revolutionpadelstore.com\/wp-content\/uploads\/2026\/02\/revolution-padel-store.jpg","contentUrl":"https:\/\/revolutionpadelstore.com\/wp-content\/uploads\/2026\/02\/revolution-padel-store.jpg","width":2000,"height":2000,"caption":"Revolution Padel Store"},"image":{"@id":"https:\/\/revolutionpadelstore.com\/pt-pt\/#\/schema\/logo\/image\/"},"sameAs":["https:\/\/www.instagram.com\/revolutionpadelstore\/"]}]}},"_links":{"self":[{"href":"https:\/\/revolutionpadelstore.com\/pt-pt\/wp-json\/wp\/v2\/product\/93742","targetHints":{"allow":["GET"]}}],"collection":[{"href":"https:\/\/revolutionpadelstore.com\/pt-pt\/wp-json\/wp\/v2\/product"}],"about":[{"href":"https:\/\/revolutionpadelstore.com\/pt-pt\/wp-json\/wp\/v2\/types\/product"}],"replies":[{"embeddable":true,"href":"https:\/\/revolutionpadelstore.com\/pt-pt\/wp-json\/wp\/v2\/comments?post=93742"}],"wp:featuredmedia":[{"embeddable":true,"href":"https:\/\/revolutionpadelstore.com\/pt-pt\/wp-json\/wp\/v2\/media\/93676"}],"wp:attachment":[{"href":"https:\/\/revolutionpadelstore.com\/pt-pt\/wp-json\/wp\/v2\/media?parent=93742"}],"wp:term":[{"taxonomy":"acabado","embeddable":true,"href":"https:\/\/revolutionpadelstore.com\/pt-pt\/wp-json\/wp\/v2\/acabado?post=93742"},{"taxonomy":"balance","embeddable":true,"href":"https:\/\/revolutionpadelstore.com\/pt-pt\/wp-json\/wp\/v2\/balance?post=93742"},{"taxonomy":"dureza","embeddable":true,"href":"https:\/\/revolutionpadelstore.com\/pt-pt\/wp-json\/wp\/v2\/dureza?post=93742"},{"taxonomy":"forma","embeddable":true,"href":"https:\/\/revolutionpadelstore.com\/pt-pt\/wp-json\/wp\/v2\/forma?post=93742"},{"taxonomy":"jugador","embeddable":true,"href":"https:\/\/revolutionpadelstore.com\/pt-pt\/wp-json\/wp\/v2\/jugador?post=93742"},{"taxonomy":"marca","embeddable":true,"href":"https:\/\/revolutionpadelstore.com\/pt-pt\/wp-json\/wp\/v2\/marca?post=93742"},{"taxonomy":"nivel-de-juego","embeddable":true,"href":"https:\/\/revolutionpadelstore.com\/pt-pt\/wp-json\/wp\/v2\/nivel-de-juego?post=93742"},{"taxonomy":"superficie","embeddable":true,"href":"https:\/\/revolutionpadelstore.com\/pt-pt\/wp-json\/wp\/v2\/superficie?post=93742"},{"taxonomy":"tipo-de-juego","embeddable":true,"href":"https:\/\/revolutionpadelstore.com\/pt-pt\/wp-json\/wp\/v2\/tipo-de-juego?post=93742"},{"taxonomy":"product_brand","embeddable":true,"href":"https:\/\/revolutionpadelstore.com\/pt-pt\/wp-json\/wp\/v2\/product_brand?post=93742"},{"taxonomy":"product_cat","embeddable":true,"href":"https:\/\/revolutionpadelstore.com\/pt-pt\/wp-json\/wp\/v2\/product_cat?post=93742"},{"taxonomy":"product_tag","embeddable":true,"href":"https:\/\/revolutionpadelstore.com\/pt-pt\/wp-json\/wp\/v2\/product_tag?post=93742"}],"curies":[{"name":"wp","href":"https:\/\/api.w.org\/{rel}","templated":true}]}}