{"id":72944,"date":"2024-07-23T09:04:22","date_gmt":"2024-07-23T07:04:22","guid":{"rendered":"https:\/\/revolutionpadelstore.com\/bullpadel-pearl\/"},"modified":"2026-04-08T11:13:31","modified_gmt":"2026-04-08T09:13:31","slug":"bullpadel-pearl-5","status":"publish","type":"product","link":"https:\/\/revolutionpadelstore.com\/pt-pt\/produto\/bullpadel-pearl-5\/","title":{"rendered":"BULLPADEL PEARL"},"content":{"rendered":"<h2>Bullpadel Pearl Bea Gonz\u00e1lez 2024, raquete de padel diamante<\/h2>\n<p>A Bullpadel Pearl Bea Gonz\u00e1lez 2024 \u00e9 a raquete oficial da talentosa jogadora Bea Gonz\u00e1lez, desenhada especificamente para a cole\u00e7\u00e3o Bullpadel 2024. Esta raquete destaca-se pelo equil\u00edbrio perfeito entre pot\u00eancia e controle, oferecendo desempenho excepcional para os jogadores mais exigentes. Com design inovador e tecnologias de ponta, torna-se a op\u00e7\u00e3o ideal para quem busca se destacar na quadra a cada tacada.<\/p>\n<h2>Linha profissional Bullpadel Pearl Bea Gonz\u00e1lez 2024<\/h2>\n<p>Indicada para jogadores avan\u00e7ados ou profissionais, a Bullpadel Pearl Woman \u00e9 perfeita para quem quer levar o seu jogo para o pr\u00f3ximo n\u00edvel. Sua estrutura e materiais foram pensados \u200b\u200bpara maximizar o desempenho em todas as situa\u00e7\u00f5es de jogo, permitindo maior precis\u00e3o e pot\u00eancia nos chutes. Seu alto equil\u00edbrio e formato de diamante a tornam ideal para jogadores que preferem uma raquete com maior soco e sa\u00edda de bola, sem abrir m\u00e3o do controle necess\u00e1rio para os momentos mais t\u00e9cnicos do jogo.<\/p>\n<h2>Caracter\u00edsticas e tecnologias do Bullpadel Pearl Bea Gonz\u00e1lez 2024<\/h2>\n<p>Carbontube: <strong>quadro 100% carbono<\/strong> intertravamento bidirecional que fornece resposta mec\u00e2nica m\u00e1xima.<\/p>\n<p><strong>Fibrix Faces<\/strong>: <strong>composto h\u00edbrido entre X-Glass e carbono<\/strong>, fundido com uma resina el\u00e1stica para maior flexibilidade e elasticidade.<\/p>\n<p><strong>N\u00facleo MultiEVA<\/strong>: 2 <strong>densidades diferentes de EVA<\/strong>, a externa mais compacta para pot\u00eancia e a interna mais macia para controle.<\/p>\n<p>Peso: <strong>355-365 gramas<\/strong>, ideal para um manuseio equilibrado.<\/p>\n<p><strong>Pearl Heart<\/strong>: geometria triangular invertida para maior estabilidade.<\/p>\n<p>Tecnologia 3DGrain:<strong>acabamento poligonal na superf\u00edcie<\/strong>das faces para um equil\u00edbrio perfeito entre rota\u00e7\u00e3o e controle.<\/p>\n<p><em>Protetor<\/em> SYS: <strong>placas adesivas de alum\u00ednio que permitem modificar o equil\u00edbrio e o peso<\/strong> da raquete.<\/p>\n<p>Tecnologia <em>Vibradrive<\/em>: sistema de punho com borracha de alta densidade que absorve a maior parte das vibra\u00e7\u00f5es.<\/p>\n<p>Tecnologia <em>Air React Channel<\/em>: <strong>estrutura oca que proporciona estabilidade ao quadro<\/strong>para maior rendimento e precis\u00e3o de golpes.<\/p>\n<h3>Bullpadel Pearl Bea Gonz\u00e1lez 2024 dispon\u00edvel na REVOLUTION PADEL STORE<\/h3>\n<p>Se procura uma raquete que lhe permita dominar todas as partidas, a Bullpadel Pearl Bea Gonz\u00e1lez 2024 \u00e9 a op\u00e7\u00e3o perfeita. Com seu design inovador e as melhores tecnologias do mercado, esta raquete oferece desempenho incompar\u00e1vel. N\u00e3o perca a oportunidade de melhorar o seu jogo com uma ferramenta que se adapta \u00e0s suas necessidades e permite que voc\u00ea tire o melhor proveito de cada jogada. Adquira o Bullpadel Pearl de Bea Gonz\u00e1lez e experimente a diferen\u00e7a na quadra!<\/p>\n<h2>Bullpadel Pearl Bea Gonz\u00e1lez 2024, pala de p\u00e1del diamante<\/h2>\n","protected":false},"excerpt":{"rendered":"<p>A nova raquete da nossa \u00faltima assinatura <strong>Bea Gonz\u00e1lez<\/strong> destaca-se sobretudo pela tecnologia TRINAMIC: O cora\u00e7\u00e3o perolado, com geometria triangular invertida, apresenta diferentes entradas e sa\u00eddas na diagonal, gerando volumes triangulares. <\/p>\n","protected":false},"featured_media":99937,"comment_status":"open","ping_status":"closed","template":"","meta":{"_acf_changed":false,"_joinchat":[]},"acabado":[1090],"balance":[1135],"dureza":[1155],"forma":[1170],"jugador":[1195],"marca":[1255],"nivel-de-juego":[1335,1345],"superficie":[1360],"tipo-de-juego":[1385],"product_brand":[],"product_cat":[300],"product_tag":[],"class_list":{"0":"post-72944","1":"product","2":"type-product","3":"status-publish","4":"has-post-thumbnail","6":"acabado-alivio-3d","7":"balance-alto-pt-pt","8":"dureza-media-pt-pt","9":"forma-diamante-pt-pt","10":"jugador-mulher","11":"marca-bullpadel-pt-pt","12":"superficie-rugosa-pt-pt","13":"tipo-de-juego-polivalente-pt-pt","14":"product_cat-palas","16":"first","17":"instock","18":"sale","19":"taxable","20":"shipping-taxable","21":"purchasable","22":"product-type-simple"},"acf":[],"yoast_head":"<!-- This site is optimized with the Yoast SEO plugin v27.4 - https:\/\/yoast.com\/product\/yoast-seo-wordpress\/ -->\n<title>BULLPADEL PEARL - Revolution Padel Store<\/title>\n<meta name=\"description\" content=\"La nueva pala de nuestro flamante \u00faltimo fichaje\u00a0Bea Gonz\u00e1lez, destaca sobre todo por la tecnolog\u00eda TRINAMIC: El coraz\u00f3n pearl, con geometr\u00eda triangular invertida, presenta diferentes entradas y salidas en diagonal, generando vol\u00famenes triangulares.\" \/>\n<meta name=\"robots\" content=\"index, follow, max-snippet:-1, max-image-preview:large, max-video-preview:-1\" \/>\n<link rel=\"canonical\" href=\"https:\/\/revolutionpadelstore.com\/pt-pt\/produto\/bullpadel-pearl-5\/\" \/>\n<meta property=\"og:locale\" content=\"pt_PT\" \/>\n<meta property=\"og:type\" content=\"article\" \/>\n<meta property=\"og:title\" content=\"COMPRAR BULLPADEL PEARL\" \/>\n<meta property=\"og:description\" content=\"La nueva pala de nuestro flamante \u00faltimo fichaje\u00a0Bea Gonz\u00e1lez, destaca sobre todo por la tecnolog\u00eda TRINAMIC: El coraz\u00f3n pearl, con geometr\u00eda triangular invertida, presenta diferentes entradas y salidas en diagonal, generando vol\u00famenes triangulares.\" \/>\n<meta property=\"og:url\" content=\"https:\/\/revolutionpadelstore.com\/pt-pt\/produto\/bullpadel-pearl-5\/\" \/>\n<meta property=\"og:site_name\" content=\"Revolution Padel Store\" \/>\n<meta property=\"article:modified_time\" content=\"2026-04-08T09:13:31+00:00\" \/>\n<meta property=\"og:image\" content=\"https:\/\/revolutionpadelstore.com\/wp-content\/uploads\/2024\/07\/pala-bullpadel-pearl.jpg\" \/>\n\t<meta property=\"og:image:width\" content=\"1000\" \/>\n\t<meta property=\"og:image:height\" content=\"1188\" \/>\n\t<meta property=\"og:image:type\" content=\"image\/jpeg\" \/>\n<meta name=\"twitter:card\" content=\"summary_large_image\" \/>\n<meta name=\"twitter:label1\" content=\"Tempo estimado de leitura\" \/>\n\t<meta name=\"twitter:data1\" content=\"3 minutos\" \/>\n<script type=\"application\/ld+json\" class=\"yoast-schema-graph\">{\"@context\":\"https:\\\/\\\/schema.org\",\"@graph\":[{\"@type\":\"WebPage\",\"@id\":\"https:\\\/\\\/revolutionpadelstore.com\\\/pt-pt\\\/produto\\\/bullpadel-pearl-5\\\/\",\"url\":\"https:\\\/\\\/revolutionpadelstore.com\\\/pt-pt\\\/produto\\\/bullpadel-pearl-5\\\/\",\"name\":\"BULLPADEL PEARL - Revolution Padel Store\",\"isPartOf\":{\"@id\":\"https:\\\/\\\/revolutionpadelstore.com\\\/pt-pt\\\/#website\"},\"primaryImageOfPage\":{\"@id\":\"https:\\\/\\\/revolutionpadelstore.com\\\/pt-pt\\\/produto\\\/bullpadel-pearl-5\\\/#primaryimage\"},\"image\":{\"@id\":\"https:\\\/\\\/revolutionpadelstore.com\\\/pt-pt\\\/produto\\\/bullpadel-pearl-5\\\/#primaryimage\"},\"thumbnailUrl\":\"https:\\\/\\\/revolutionpadelstore.com\\\/wp-content\\\/uploads\\\/2024\\\/09\\\/112922_pala_bullpadel_pearl_bea_gonzalez_473782_mujer_1500x1500_vista1_f424.webp\",\"datePublished\":\"2024-07-23T07:04:22+00:00\",\"dateModified\":\"2026-04-08T09:13:31+00:00\",\"description\":\"La nueva pala de nuestro flamante \u00faltimo fichaje\u00a0Bea Gonz\u00e1lez, destaca sobre todo por la tecnolog\u00eda TRINAMIC: El coraz\u00f3n pearl, con geometr\u00eda triangular invertida, presenta diferentes entradas y salidas en diagonal, generando vol\u00famenes triangulares.\",\"breadcrumb\":{\"@id\":\"https:\\\/\\\/revolutionpadelstore.com\\\/pt-pt\\\/produto\\\/bullpadel-pearl-5\\\/#breadcrumb\"},\"inLanguage\":\"pt-PT\",\"potentialAction\":[{\"@type\":\"ReadAction\",\"target\":[\"https:\\\/\\\/revolutionpadelstore.com\\\/pt-pt\\\/produto\\\/bullpadel-pearl-5\\\/\"]}]},{\"@type\":\"ImageObject\",\"inLanguage\":\"pt-PT\",\"@id\":\"https:\\\/\\\/revolutionpadelstore.com\\\/pt-pt\\\/produto\\\/bullpadel-pearl-5\\\/#primaryimage\",\"url\":\"https:\\\/\\\/revolutionpadelstore.com\\\/wp-content\\\/uploads\\\/2024\\\/09\\\/112922_pala_bullpadel_pearl_bea_gonzalez_473782_mujer_1500x1500_vista1_f424.webp\",\"contentUrl\":\"https:\\\/\\\/revolutionpadelstore.com\\\/wp-content\\\/uploads\\\/2024\\\/09\\\/112922_pala_bullpadel_pearl_bea_gonzalez_473782_mujer_1500x1500_vista1_f424.webp\",\"width\":1500,\"height\":1500},{\"@type\":\"BreadcrumbList\",\"@id\":\"https:\\\/\\\/revolutionpadelstore.com\\\/pt-pt\\\/produto\\\/bullpadel-pearl-5\\\/#breadcrumb\",\"itemListElement\":[{\"@type\":\"ListItem\",\"position\":1,\"name\":\"Portada\",\"item\":\"https:\\\/\\\/revolutionpadelstore.com\\\/pt-pt\\\/\"},{\"@type\":\"ListItem\",\"position\":2,\"name\":\"Tienda\",\"item\":\"https:\\\/\\\/revolutionpadelstore.com\\\/pt-pt\\\/tienda\\\/\"},{\"@type\":\"ListItem\",\"position\":3,\"name\":\"BULLPADEL PEARL\"}]},{\"@type\":\"WebSite\",\"@id\":\"https:\\\/\\\/revolutionpadelstore.com\\\/pt-pt\\\/#website\",\"url\":\"https:\\\/\\\/revolutionpadelstore.com\\\/pt-pt\\\/\",\"name\":\"Revolution Padel Store\",\"description\":\"\",\"publisher\":{\"@id\":\"https:\\\/\\\/revolutionpadelstore.com\\\/pt-pt\\\/#organization\"},\"potentialAction\":[{\"@type\":\"SearchAction\",\"target\":{\"@type\":\"EntryPoint\",\"urlTemplate\":\"https:\\\/\\\/revolutionpadelstore.com\\\/pt-pt\\\/?s={search_term_string}\"},\"query-input\":{\"@type\":\"PropertyValueSpecification\",\"valueRequired\":true,\"valueName\":\"search_term_string\"}}],\"inLanguage\":\"pt-PT\"},{\"@type\":\"Organization\",\"@id\":\"https:\\\/\\\/revolutionpadelstore.com\\\/pt-pt\\\/#organization\",\"name\":\"Revolution Padel Store\",\"url\":\"https:\\\/\\\/revolutionpadelstore.com\\\/pt-pt\\\/\",\"logo\":{\"@type\":\"ImageObject\",\"inLanguage\":\"pt-PT\",\"@id\":\"https:\\\/\\\/revolutionpadelstore.com\\\/pt-pt\\\/#\\\/schema\\\/logo\\\/image\\\/\",\"url\":\"https:\\\/\\\/revolutionpadelstore.com\\\/wp-content\\\/uploads\\\/2026\\\/02\\\/revolution-padel-store.jpg\",\"contentUrl\":\"https:\\\/\\\/revolutionpadelstore.com\\\/wp-content\\\/uploads\\\/2026\\\/02\\\/revolution-padel-store.jpg\",\"width\":2000,\"height\":2000,\"caption\":\"Revolution Padel Store\"},\"image\":{\"@id\":\"https:\\\/\\\/revolutionpadelstore.com\\\/pt-pt\\\/#\\\/schema\\\/logo\\\/image\\\/\"},\"sameAs\":[\"https:\\\/\\\/www.instagram.com\\\/revolutionpadelstore\\\/\"]}]}<\/script>\n<!-- \/ Yoast SEO plugin. -->","yoast_head_json":{"title":"BULLPADEL PEARL - Revolution Padel Store","description":"La nueva pala de nuestro flamante \u00faltimo fichaje\u00a0Bea Gonz\u00e1lez, destaca sobre todo por la tecnolog\u00eda TRINAMIC: El coraz\u00f3n pearl, con geometr\u00eda triangular invertida, presenta diferentes entradas y salidas en diagonal, generando vol\u00famenes triangulares.","robots":{"index":"index","follow":"follow","max-snippet":"max-snippet:-1","max-image-preview":"max-image-preview:large","max-video-preview":"max-video-preview:-1"},"canonical":"https:\/\/revolutionpadelstore.com\/pt-pt\/produto\/bullpadel-pearl-5\/","og_locale":"pt_PT","og_type":"article","og_title":"COMPRAR BULLPADEL PEARL","og_description":"La nueva pala de nuestro flamante \u00faltimo fichaje\u00a0Bea Gonz\u00e1lez, destaca sobre todo por la tecnolog\u00eda TRINAMIC: El coraz\u00f3n pearl, con geometr\u00eda triangular invertida, presenta diferentes entradas y salidas en diagonal, generando vol\u00famenes triangulares.","og_url":"https:\/\/revolutionpadelstore.com\/pt-pt\/produto\/bullpadel-pearl-5\/","og_site_name":"Revolution Padel Store","article_modified_time":"2026-04-08T09:13:31+00:00","og_image":[{"width":1000,"height":1188,"url":"https:\/\/revolutionpadelstore.com\/wp-content\/uploads\/2024\/07\/pala-bullpadel-pearl.jpg","type":"image\/jpeg"}],"twitter_card":"summary_large_image","twitter_misc":{"Tempo estimado de leitura":"3 minutos"},"schema":{"@context":"https:\/\/schema.org","@graph":[{"@type":"WebPage","@id":"https:\/\/revolutionpadelstore.com\/pt-pt\/produto\/bullpadel-pearl-5\/","url":"https:\/\/revolutionpadelstore.com\/pt-pt\/produto\/bullpadel-pearl-5\/","name":"BULLPADEL PEARL - Revolution Padel Store","isPartOf":{"@id":"https:\/\/revolutionpadelstore.com\/pt-pt\/#website"},"primaryImageOfPage":{"@id":"https:\/\/revolutionpadelstore.com\/pt-pt\/produto\/bullpadel-pearl-5\/#primaryimage"},"image":{"@id":"https:\/\/revolutionpadelstore.com\/pt-pt\/produto\/bullpadel-pearl-5\/#primaryimage"},"thumbnailUrl":"https:\/\/revolutionpadelstore.com\/wp-content\/uploads\/2024\/09\/112922_pala_bullpadel_pearl_bea_gonzalez_473782_mujer_1500x1500_vista1_f424.webp","datePublished":"2024-07-23T07:04:22+00:00","dateModified":"2026-04-08T09:13:31+00:00","description":"La nueva pala de nuestro flamante \u00faltimo fichaje\u00a0Bea Gonz\u00e1lez, destaca sobre todo por la tecnolog\u00eda TRINAMIC: El coraz\u00f3n pearl, con geometr\u00eda triangular invertida, presenta diferentes entradas y salidas en diagonal, generando vol\u00famenes triangulares.","breadcrumb":{"@id":"https:\/\/revolutionpadelstore.com\/pt-pt\/produto\/bullpadel-pearl-5\/#breadcrumb"},"inLanguage":"pt-PT","potentialAction":[{"@type":"ReadAction","target":["https:\/\/revolutionpadelstore.com\/pt-pt\/produto\/bullpadel-pearl-5\/"]}]},{"@type":"ImageObject","inLanguage":"pt-PT","@id":"https:\/\/revolutionpadelstore.com\/pt-pt\/produto\/bullpadel-pearl-5\/#primaryimage","url":"https:\/\/revolutionpadelstore.com\/wp-content\/uploads\/2024\/09\/112922_pala_bullpadel_pearl_bea_gonzalez_473782_mujer_1500x1500_vista1_f424.webp","contentUrl":"https:\/\/revolutionpadelstore.com\/wp-content\/uploads\/2024\/09\/112922_pala_bullpadel_pearl_bea_gonzalez_473782_mujer_1500x1500_vista1_f424.webp","width":1500,"height":1500},{"@type":"BreadcrumbList","@id":"https:\/\/revolutionpadelstore.com\/pt-pt\/produto\/bullpadel-pearl-5\/#breadcrumb","itemListElement":[{"@type":"ListItem","position":1,"name":"Portada","item":"https:\/\/revolutionpadelstore.com\/pt-pt\/"},{"@type":"ListItem","position":2,"name":"Tienda","item":"https:\/\/revolutionpadelstore.com\/pt-pt\/tienda\/"},{"@type":"ListItem","position":3,"name":"BULLPADEL PEARL"}]},{"@type":"WebSite","@id":"https:\/\/revolutionpadelstore.com\/pt-pt\/#website","url":"https:\/\/revolutionpadelstore.com\/pt-pt\/","name":"Revolution Padel Store","description":"","publisher":{"@id":"https:\/\/revolutionpadelstore.com\/pt-pt\/#organization"},"potentialAction":[{"@type":"SearchAction","target":{"@type":"EntryPoint","urlTemplate":"https:\/\/revolutionpadelstore.com\/pt-pt\/?s={search_term_string}"},"query-input":{"@type":"PropertyValueSpecification","valueRequired":true,"valueName":"search_term_string"}}],"inLanguage":"pt-PT"},{"@type":"Organization","@id":"https:\/\/revolutionpadelstore.com\/pt-pt\/#organization","name":"Revolution Padel Store","url":"https:\/\/revolutionpadelstore.com\/pt-pt\/","logo":{"@type":"ImageObject","inLanguage":"pt-PT","@id":"https:\/\/revolutionpadelstore.com\/pt-pt\/#\/schema\/logo\/image\/","url":"https:\/\/revolutionpadelstore.com\/wp-content\/uploads\/2026\/02\/revolution-padel-store.jpg","contentUrl":"https:\/\/revolutionpadelstore.com\/wp-content\/uploads\/2026\/02\/revolution-padel-store.jpg","width":2000,"height":2000,"caption":"Revolution Padel Store"},"image":{"@id":"https:\/\/revolutionpadelstore.com\/pt-pt\/#\/schema\/logo\/image\/"},"sameAs":["https:\/\/www.instagram.com\/revolutionpadelstore\/"]}]}},"_links":{"self":[{"href":"https:\/\/revolutionpadelstore.com\/pt-pt\/wp-json\/wp\/v2\/product\/72944","targetHints":{"allow":["GET"]}}],"collection":[{"href":"https:\/\/revolutionpadelstore.com\/pt-pt\/wp-json\/wp\/v2\/product"}],"about":[{"href":"https:\/\/revolutionpadelstore.com\/pt-pt\/wp-json\/wp\/v2\/types\/product"}],"replies":[{"embeddable":true,"href":"https:\/\/revolutionpadelstore.com\/pt-pt\/wp-json\/wp\/v2\/comments?post=72944"}],"wp:featuredmedia":[{"embeddable":true,"href":"https:\/\/revolutionpadelstore.com\/pt-pt\/wp-json\/wp\/v2\/media\/99937"}],"wp:attachment":[{"href":"https:\/\/revolutionpadelstore.com\/pt-pt\/wp-json\/wp\/v2\/media?parent=72944"}],"wp:term":[{"taxonomy":"acabado","embeddable":true,"href":"https:\/\/revolutionpadelstore.com\/pt-pt\/wp-json\/wp\/v2\/acabado?post=72944"},{"taxonomy":"balance","embeddable":true,"href":"https:\/\/revolutionpadelstore.com\/pt-pt\/wp-json\/wp\/v2\/balance?post=72944"},{"taxonomy":"dureza","embeddable":true,"href":"https:\/\/revolutionpadelstore.com\/pt-pt\/wp-json\/wp\/v2\/dureza?post=72944"},{"taxonomy":"forma","embeddable":true,"href":"https:\/\/revolutionpadelstore.com\/pt-pt\/wp-json\/wp\/v2\/forma?post=72944"},{"taxonomy":"jugador","embeddable":true,"href":"https:\/\/revolutionpadelstore.com\/pt-pt\/wp-json\/wp\/v2\/jugador?post=72944"},{"taxonomy":"marca","embeddable":true,"href":"https:\/\/revolutionpadelstore.com\/pt-pt\/wp-json\/wp\/v2\/marca?post=72944"},{"taxonomy":"nivel-de-juego","embeddable":true,"href":"https:\/\/revolutionpadelstore.com\/pt-pt\/wp-json\/wp\/v2\/nivel-de-juego?post=72944"},{"taxonomy":"superficie","embeddable":true,"href":"https:\/\/revolutionpadelstore.com\/pt-pt\/wp-json\/wp\/v2\/superficie?post=72944"},{"taxonomy":"tipo-de-juego","embeddable":true,"href":"https:\/\/revolutionpadelstore.com\/pt-pt\/wp-json\/wp\/v2\/tipo-de-juego?post=72944"},{"taxonomy":"product_brand","embeddable":true,"href":"https:\/\/revolutionpadelstore.com\/pt-pt\/wp-json\/wp\/v2\/product_brand?post=72944"},{"taxonomy":"product_cat","embeddable":true,"href":"https:\/\/revolutionpadelstore.com\/pt-pt\/wp-json\/wp\/v2\/product_cat?post=72944"},{"taxonomy":"product_tag","embeddable":true,"href":"https:\/\/revolutionpadelstore.com\/pt-pt\/wp-json\/wp\/v2\/product_tag?post=72944"}],"curies":[{"name":"wp","href":"https:\/\/api.w.org\/{rel}","templated":true}]}}