{"id":72939,"date":"2024-07-24T13:19:13","date_gmt":"2024-07-24T11:19:13","guid":{"rendered":"https:\/\/revolutionpadelstore.com\/wilson-blade-pro-v3\/"},"modified":"2026-04-08T11:10:53","modified_gmt":"2026-04-08T09:10:53","slug":"wilson-blade-pro-v3-5","status":"publish","type":"product","link":"https:\/\/revolutionpadelstore.com\/pt-pt\/produto\/wilson-blade-pro-v3-5\/","title":{"rendered":"WILSON BLADE PRO V3"},"content":{"rendered":"<h2>Padel Wilson Blade Pro V3<\/h2>\n<p>O<strong>Wilson Blade Pro V3<\/strong>\u00e9 a mais recente inova\u00e7\u00e3o em raquetes de padel, projetada para oferecer excelente desempenho em cada tacada. Esta raquete, que se destaca pelo poderoso formato de l\u00e1grima, proporciona uma combina\u00e7\u00e3o explosiva de pot\u00eancia e estabilidade, ideal para quem busca dominar a quadra com for\u00e7a e precis\u00e3o. Seu elegante design verde, com o distintivo logotipo preto da Wilson, n\u00e3o \u00e9 apenas visualmente atraente, mas tamb\u00e9m destaca a qualidade e o design avan\u00e7ado deste modelo.<\/p>\n<h2>Wilson Blade Pro V3 Padel para jogadores de n\u00edvel avan\u00e7ado<\/h2>\n<p>Esta raquete \u00e9 especialmente adequada para jogadores avan\u00e7ados e competitivos que procuram elevar o seu jogo ao pr\u00f3ximo n\u00edvel. A Wilson Blade Pro V3 \u00e9 perfeita para quem tem um estilo de jogo agressivo e precisa de uma raquete que resista a altos impactos sem comprometer o controle. Seu design foi pensado para oferecer uma sensa\u00e7\u00e3o mais firme e sens\u00edvel no impacto, proporcionando maior pot\u00eancia e estabilidade, mesmo em golpes descentrados.<\/p>\n<h3>Recursos e tecnologias do Padel Wilson Blade Pro V3:<\/h3>\n<p><strong>Formato de l\u00e1grima<\/strong>: Fornece um equil\u00edbrio ideal entre pot\u00eancia e controle.<\/p>\n<p><strong>-Quadro de fibra de carbono<\/strong>: Refor\u00e7ado na cabe\u00e7a para maior durabilidade.<\/p>\n<p><strong>-Superf\u00edcie girat\u00f3ria<\/strong>: Facilita o efeito controlado na bola de diferentes \u00e1reas da raquete.<\/p>\n<p><strong>-Duo Grid Pattern<\/strong>: Otimiza a pot\u00eancia e o controle com furos de diferentes tamanhos.<\/p>\n<p><strong>-Espuma EVA firme<\/strong>: proporciona golpes limpos com excelente controle.<\/p>\n<p><strong>-Tecnologia Sharp Hole<\/em><\/strong>: Aumenta a efic\u00e1cia do saque a cada golpe.<\/p>\n<p><strong>Constru\u00e7\u00e3o tubular -C2<\/strong>: Garante durabilidade e controle superior.<\/p>\n<p><strong>-Borda anti-quebra<\/strong>: Refor\u00e7a a cabe\u00e7a da raquete para resistir a jogadas agressivas.<\/p>\n<p>Com o Wilson Blade Pro V3, cada golpe se torna uma declara\u00e7\u00e3o de for\u00e7a e precis\u00e3o. Se voc\u00ea \u00e9 um jogador que busca maximizar seu desempenho e se destacar em quadra, esta raquete \u00e9 a ferramenta que voc\u00ea precisa para atingir seus objetivos. N\u00e3o perca a oportunidade de elevar o seu jogo e dominar a partida com esta raquete de \u00faltima gera\u00e7\u00e3o.<\/p>\n<h2>Wilson Blade Pro V3 Padel<\/h2>\n","protected":false},"excerpt":{"rendered":"<p>Com o Wilson Blade Pro V3, cada golpe se torna uma declara\u00e7\u00e3o de<strong>for\u00e7a e precis\u00e3o<\/strong>. Se voc\u00ea \u00e9 um jogador que busca maximizar seu desempenho e se destacar em quadra, esta raquete \u00e9 a ferramenta que voc\u00ea precisa para atingir seus objetivos. N\u00e3o perca a oportunidade de elevar o seu jogo e dominar a partida com esta raquete de \u00faltima gera\u00e7\u00e3o.<\/p>\n","protected":false},"featured_media":71300,"comment_status":"open","ping_status":"closed","template":"","meta":{"_acf_changed":false,"_joinchat":[]},"acabado":[1090],"balance":[1135],"dureza":[1160,1155],"forma":[1175],"jugador":[1190,1200],"marca":[1265],"nivel-de-juego":[1335,1345],"superficie":[1360],"tipo-de-juego":[1375],"product_brand":[],"product_cat":[300],"product_tag":[],"class_list":{"0":"post-72939","1":"product","2":"type-product","3":"status-publish","4":"has-post-thumbnail","6":"acabado-alivio-3d","7":"balance-alto-pt-pt","8":"dureza-dura-pt-pt","9":"dureza-media-pt-pt","10":"forma-hibrido","11":"jugador-homem","12":"jugador-polivalente-pt-pt","13":"marca-wilson-pt-pt","14":"superficie-rugosa-pt-pt","15":"tipo-de-juego-poder","16":"product_cat-palas","18":"first","19":"instock","20":"sale","21":"taxable","22":"shipping-taxable","23":"purchasable","24":"product-type-simple"},"acf":[],"yoast_head":"<!-- This site is optimized with the Yoast SEO plugin v27.4 - https:\/\/yoast.com\/product\/yoast-seo-wordpress\/ -->\n<title>WILSON BLADE PRO V3 - Revolution Padel Store<\/title>\n<meta name=\"description\" content=\"La raqueta de p\u00e1del Blade Pro V3 de Wilson ofrece un uno o dos punch de impresionante potencia explosiva y estabilidad para los jugadores de ataque. Para jugadores avanzados y competitivos, esta pala con forma de l\u00e1grima te ofrece todas las herramientas para elevar tu juego.El fuerte marco de fibra de carbono de la cara est\u00e1 reforzado en la cabeza para ofrecer mayor durabilidad durante el juego agresivo. Comparada con la V2, esta raqueta ofrece una sensaci\u00f3n m\u00e1s firme y sensible en el impacto. Proporciona m\u00e1s potencia con una sensaci\u00f3n explosiva, por lo que puedes esperar una sensaci\u00f3n estable incluso en los golpes descentrados.\" \/>\n<meta name=\"robots\" content=\"index, follow, max-snippet:-1, max-image-preview:large, max-video-preview:-1\" \/>\n<link rel=\"canonical\" href=\"https:\/\/revolutionpadelstore.com\/pt-pt\/produto\/wilson-blade-pro-v3-5\/\" \/>\n<meta property=\"og:locale\" content=\"pt_PT\" \/>\n<meta property=\"og:type\" content=\"article\" \/>\n<meta property=\"og:title\" content=\"COMPRAR WILSON BLADE PRO V3\" \/>\n<meta property=\"og:description\" content=\"La raqueta de p\u00e1del Blade Pro V3 de Wilson ofrece un uno o dos punch de impresionante potencia explosiva y estabilidad para los jugadores de ataque. Para jugadores avanzados y competitivos, esta pala con forma de l\u00e1grima te ofrece todas las herramientas para elevar tu juego.\" \/>\n<meta property=\"og:url\" content=\"https:\/\/revolutionpadelstore.com\/pt-pt\/produto\/wilson-blade-pro-v3-5\/\" \/>\n<meta property=\"og:site_name\" content=\"Revolution Padel Store\" \/>\n<meta property=\"article:modified_time\" content=\"2026-04-08T09:10:53+00:00\" \/>\n<meta property=\"og:image\" content=\"https:\/\/revolutionpadelstore.com\/wp-content\/uploads\/2024\/07\/113593_pala_wilson_blade_pro_v3_padel_wr166911u_1500x1500_1_10af.webp\" \/>\n\t<meta property=\"og:image:width\" content=\"1500\" \/>\n\t<meta property=\"og:image:height\" content=\"1500\" \/>\n\t<meta property=\"og:image:type\" content=\"image\/webp\" \/>\n<meta name=\"twitter:card\" content=\"summary_large_image\" \/>\n<meta name=\"twitter:label1\" content=\"Tempo estimado de leitura\" \/>\n\t<meta name=\"twitter:data1\" content=\"2 minutos\" \/>\n<script type=\"application\/ld+json\" class=\"yoast-schema-graph\">{\"@context\":\"https:\\\/\\\/schema.org\",\"@graph\":[{\"@type\":\"WebPage\",\"@id\":\"https:\\\/\\\/revolutionpadelstore.com\\\/pt-pt\\\/produto\\\/wilson-blade-pro-v3-5\\\/\",\"url\":\"https:\\\/\\\/revolutionpadelstore.com\\\/pt-pt\\\/produto\\\/wilson-blade-pro-v3-5\\\/\",\"name\":\"WILSON BLADE PRO V3 - Revolution Padel Store\",\"isPartOf\":{\"@id\":\"https:\\\/\\\/revolutionpadelstore.com\\\/pt-pt\\\/#website\"},\"primaryImageOfPage\":{\"@id\":\"https:\\\/\\\/revolutionpadelstore.com\\\/pt-pt\\\/produto\\\/wilson-blade-pro-v3-5\\\/#primaryimage\"},\"image\":{\"@id\":\"https:\\\/\\\/revolutionpadelstore.com\\\/pt-pt\\\/produto\\\/wilson-blade-pro-v3-5\\\/#primaryimage\"},\"thumbnailUrl\":\"https:\\\/\\\/revolutionpadelstore.com\\\/wp-content\\\/uploads\\\/2024\\\/07\\\/113593_pala_wilson_blade_pro_v3_padel_wr166911u_1500x1500_1_10af.webp\",\"datePublished\":\"2024-07-24T11:19:13+00:00\",\"dateModified\":\"2026-04-08T09:10:53+00:00\",\"description\":\"La raqueta de p\u00e1del Blade Pro V3 de Wilson ofrece un uno o dos punch de impresionante potencia explosiva y estabilidad para los jugadores de ataque. Para jugadores avanzados y competitivos, esta pala con forma de l\u00e1grima te ofrece todas las herramientas para elevar tu juego.El fuerte marco de fibra de carbono de la cara est\u00e1 reforzado en la cabeza para ofrecer mayor durabilidad durante el juego agresivo. Comparada con la V2, esta raqueta ofrece una sensaci\u00f3n m\u00e1s firme y sensible en el impacto. Proporciona m\u00e1s potencia con una sensaci\u00f3n explosiva, por lo que puedes esperar una sensaci\u00f3n estable incluso en los golpes descentrados.\",\"breadcrumb\":{\"@id\":\"https:\\\/\\\/revolutionpadelstore.com\\\/pt-pt\\\/produto\\\/wilson-blade-pro-v3-5\\\/#breadcrumb\"},\"inLanguage\":\"pt-PT\",\"potentialAction\":[{\"@type\":\"ReadAction\",\"target\":[\"https:\\\/\\\/revolutionpadelstore.com\\\/pt-pt\\\/produto\\\/wilson-blade-pro-v3-5\\\/\"]}]},{\"@type\":\"ImageObject\",\"inLanguage\":\"pt-PT\",\"@id\":\"https:\\\/\\\/revolutionpadelstore.com\\\/pt-pt\\\/produto\\\/wilson-blade-pro-v3-5\\\/#primaryimage\",\"url\":\"https:\\\/\\\/revolutionpadelstore.com\\\/wp-content\\\/uploads\\\/2024\\\/07\\\/113593_pala_wilson_blade_pro_v3_padel_wr166911u_1500x1500_1_10af.webp\",\"contentUrl\":\"https:\\\/\\\/revolutionpadelstore.com\\\/wp-content\\\/uploads\\\/2024\\\/07\\\/113593_pala_wilson_blade_pro_v3_padel_wr166911u_1500x1500_1_10af.webp\",\"width\":1500,\"height\":1500},{\"@type\":\"BreadcrumbList\",\"@id\":\"https:\\\/\\\/revolutionpadelstore.com\\\/pt-pt\\\/produto\\\/wilson-blade-pro-v3-5\\\/#breadcrumb\",\"itemListElement\":[{\"@type\":\"ListItem\",\"position\":1,\"name\":\"Portada\",\"item\":\"https:\\\/\\\/revolutionpadelstore.com\\\/pt-pt\\\/\"},{\"@type\":\"ListItem\",\"position\":2,\"name\":\"Tienda\",\"item\":\"https:\\\/\\\/revolutionpadelstore.com\\\/pt-pt\\\/tienda\\\/\"},{\"@type\":\"ListItem\",\"position\":3,\"name\":\"WILSON BLADE PRO V3\"}]},{\"@type\":\"WebSite\",\"@id\":\"https:\\\/\\\/revolutionpadelstore.com\\\/pt-pt\\\/#website\",\"url\":\"https:\\\/\\\/revolutionpadelstore.com\\\/pt-pt\\\/\",\"name\":\"Revolution Padel Store\",\"description\":\"\",\"publisher\":{\"@id\":\"https:\\\/\\\/revolutionpadelstore.com\\\/pt-pt\\\/#organization\"},\"potentialAction\":[{\"@type\":\"SearchAction\",\"target\":{\"@type\":\"EntryPoint\",\"urlTemplate\":\"https:\\\/\\\/revolutionpadelstore.com\\\/pt-pt\\\/?s={search_term_string}\"},\"query-input\":{\"@type\":\"PropertyValueSpecification\",\"valueRequired\":true,\"valueName\":\"search_term_string\"}}],\"inLanguage\":\"pt-PT\"},{\"@type\":\"Organization\",\"@id\":\"https:\\\/\\\/revolutionpadelstore.com\\\/pt-pt\\\/#organization\",\"name\":\"Revolution Padel Store\",\"url\":\"https:\\\/\\\/revolutionpadelstore.com\\\/pt-pt\\\/\",\"logo\":{\"@type\":\"ImageObject\",\"inLanguage\":\"pt-PT\",\"@id\":\"https:\\\/\\\/revolutionpadelstore.com\\\/pt-pt\\\/#\\\/schema\\\/logo\\\/image\\\/\",\"url\":\"https:\\\/\\\/revolutionpadelstore.com\\\/wp-content\\\/uploads\\\/2026\\\/02\\\/revolution-padel-store.jpg\",\"contentUrl\":\"https:\\\/\\\/revolutionpadelstore.com\\\/wp-content\\\/uploads\\\/2026\\\/02\\\/revolution-padel-store.jpg\",\"width\":2000,\"height\":2000,\"caption\":\"Revolution Padel Store\"},\"image\":{\"@id\":\"https:\\\/\\\/revolutionpadelstore.com\\\/pt-pt\\\/#\\\/schema\\\/logo\\\/image\\\/\"},\"sameAs\":[\"https:\\\/\\\/www.instagram.com\\\/revolutionpadelstore\\\/\"]}]}<\/script>\n<!-- \/ Yoast SEO plugin. -->","yoast_head_json":{"title":"WILSON BLADE PRO V3 - Revolution Padel Store","description":"La raqueta de p\u00e1del Blade Pro V3 de Wilson ofrece un uno o dos punch de impresionante potencia explosiva y estabilidad para los jugadores de ataque. Para jugadores avanzados y competitivos, esta pala con forma de l\u00e1grima te ofrece todas las herramientas para elevar tu juego.El fuerte marco de fibra de carbono de la cara est\u00e1 reforzado en la cabeza para ofrecer mayor durabilidad durante el juego agresivo. Comparada con la V2, esta raqueta ofrece una sensaci\u00f3n m\u00e1s firme y sensible en el impacto. Proporciona m\u00e1s potencia con una sensaci\u00f3n explosiva, por lo que puedes esperar una sensaci\u00f3n estable incluso en los golpes descentrados.","robots":{"index":"index","follow":"follow","max-snippet":"max-snippet:-1","max-image-preview":"max-image-preview:large","max-video-preview":"max-video-preview:-1"},"canonical":"https:\/\/revolutionpadelstore.com\/pt-pt\/produto\/wilson-blade-pro-v3-5\/","og_locale":"pt_PT","og_type":"article","og_title":"COMPRAR WILSON BLADE PRO V3","og_description":"La raqueta de p\u00e1del Blade Pro V3 de Wilson ofrece un uno o dos punch de impresionante potencia explosiva y estabilidad para los jugadores de ataque. Para jugadores avanzados y competitivos, esta pala con forma de l\u00e1grima te ofrece todas las herramientas para elevar tu juego.","og_url":"https:\/\/revolutionpadelstore.com\/pt-pt\/produto\/wilson-blade-pro-v3-5\/","og_site_name":"Revolution Padel Store","article_modified_time":"2026-04-08T09:10:53+00:00","og_image":[{"width":1500,"height":1500,"url":"https:\/\/revolutionpadelstore.com\/wp-content\/uploads\/2024\/07\/113593_pala_wilson_blade_pro_v3_padel_wr166911u_1500x1500_1_10af.webp","type":"image\/webp"}],"twitter_card":"summary_large_image","twitter_misc":{"Tempo estimado de leitura":"2 minutos"},"schema":{"@context":"https:\/\/schema.org","@graph":[{"@type":"WebPage","@id":"https:\/\/revolutionpadelstore.com\/pt-pt\/produto\/wilson-blade-pro-v3-5\/","url":"https:\/\/revolutionpadelstore.com\/pt-pt\/produto\/wilson-blade-pro-v3-5\/","name":"WILSON BLADE PRO V3 - Revolution Padel Store","isPartOf":{"@id":"https:\/\/revolutionpadelstore.com\/pt-pt\/#website"},"primaryImageOfPage":{"@id":"https:\/\/revolutionpadelstore.com\/pt-pt\/produto\/wilson-blade-pro-v3-5\/#primaryimage"},"image":{"@id":"https:\/\/revolutionpadelstore.com\/pt-pt\/produto\/wilson-blade-pro-v3-5\/#primaryimage"},"thumbnailUrl":"https:\/\/revolutionpadelstore.com\/wp-content\/uploads\/2024\/07\/113593_pala_wilson_blade_pro_v3_padel_wr166911u_1500x1500_1_10af.webp","datePublished":"2024-07-24T11:19:13+00:00","dateModified":"2026-04-08T09:10:53+00:00","description":"La raqueta de p\u00e1del Blade Pro V3 de Wilson ofrece un uno o dos punch de impresionante potencia explosiva y estabilidad para los jugadores de ataque. Para jugadores avanzados y competitivos, esta pala con forma de l\u00e1grima te ofrece todas las herramientas para elevar tu juego.El fuerte marco de fibra de carbono de la cara est\u00e1 reforzado en la cabeza para ofrecer mayor durabilidad durante el juego agresivo. Comparada con la V2, esta raqueta ofrece una sensaci\u00f3n m\u00e1s firme y sensible en el impacto. Proporciona m\u00e1s potencia con una sensaci\u00f3n explosiva, por lo que puedes esperar una sensaci\u00f3n estable incluso en los golpes descentrados.","breadcrumb":{"@id":"https:\/\/revolutionpadelstore.com\/pt-pt\/produto\/wilson-blade-pro-v3-5\/#breadcrumb"},"inLanguage":"pt-PT","potentialAction":[{"@type":"ReadAction","target":["https:\/\/revolutionpadelstore.com\/pt-pt\/produto\/wilson-blade-pro-v3-5\/"]}]},{"@type":"ImageObject","inLanguage":"pt-PT","@id":"https:\/\/revolutionpadelstore.com\/pt-pt\/produto\/wilson-blade-pro-v3-5\/#primaryimage","url":"https:\/\/revolutionpadelstore.com\/wp-content\/uploads\/2024\/07\/113593_pala_wilson_blade_pro_v3_padel_wr166911u_1500x1500_1_10af.webp","contentUrl":"https:\/\/revolutionpadelstore.com\/wp-content\/uploads\/2024\/07\/113593_pala_wilson_blade_pro_v3_padel_wr166911u_1500x1500_1_10af.webp","width":1500,"height":1500},{"@type":"BreadcrumbList","@id":"https:\/\/revolutionpadelstore.com\/pt-pt\/produto\/wilson-blade-pro-v3-5\/#breadcrumb","itemListElement":[{"@type":"ListItem","position":1,"name":"Portada","item":"https:\/\/revolutionpadelstore.com\/pt-pt\/"},{"@type":"ListItem","position":2,"name":"Tienda","item":"https:\/\/revolutionpadelstore.com\/pt-pt\/tienda\/"},{"@type":"ListItem","position":3,"name":"WILSON BLADE PRO V3"}]},{"@type":"WebSite","@id":"https:\/\/revolutionpadelstore.com\/pt-pt\/#website","url":"https:\/\/revolutionpadelstore.com\/pt-pt\/","name":"Revolution Padel Store","description":"","publisher":{"@id":"https:\/\/revolutionpadelstore.com\/pt-pt\/#organization"},"potentialAction":[{"@type":"SearchAction","target":{"@type":"EntryPoint","urlTemplate":"https:\/\/revolutionpadelstore.com\/pt-pt\/?s={search_term_string}"},"query-input":{"@type":"PropertyValueSpecification","valueRequired":true,"valueName":"search_term_string"}}],"inLanguage":"pt-PT"},{"@type":"Organization","@id":"https:\/\/revolutionpadelstore.com\/pt-pt\/#organization","name":"Revolution Padel Store","url":"https:\/\/revolutionpadelstore.com\/pt-pt\/","logo":{"@type":"ImageObject","inLanguage":"pt-PT","@id":"https:\/\/revolutionpadelstore.com\/pt-pt\/#\/schema\/logo\/image\/","url":"https:\/\/revolutionpadelstore.com\/wp-content\/uploads\/2026\/02\/revolution-padel-store.jpg","contentUrl":"https:\/\/revolutionpadelstore.com\/wp-content\/uploads\/2026\/02\/revolution-padel-store.jpg","width":2000,"height":2000,"caption":"Revolution Padel Store"},"image":{"@id":"https:\/\/revolutionpadelstore.com\/pt-pt\/#\/schema\/logo\/image\/"},"sameAs":["https:\/\/www.instagram.com\/revolutionpadelstore\/"]}]}},"_links":{"self":[{"href":"https:\/\/revolutionpadelstore.com\/pt-pt\/wp-json\/wp\/v2\/product\/72939","targetHints":{"allow":["GET"]}}],"collection":[{"href":"https:\/\/revolutionpadelstore.com\/pt-pt\/wp-json\/wp\/v2\/product"}],"about":[{"href":"https:\/\/revolutionpadelstore.com\/pt-pt\/wp-json\/wp\/v2\/types\/product"}],"replies":[{"embeddable":true,"href":"https:\/\/revolutionpadelstore.com\/pt-pt\/wp-json\/wp\/v2\/comments?post=72939"}],"wp:featuredmedia":[{"embeddable":true,"href":"https:\/\/revolutionpadelstore.com\/pt-pt\/wp-json\/wp\/v2\/media\/71300"}],"wp:attachment":[{"href":"https:\/\/revolutionpadelstore.com\/pt-pt\/wp-json\/wp\/v2\/media?parent=72939"}],"wp:term":[{"taxonomy":"acabado","embeddable":true,"href":"https:\/\/revolutionpadelstore.com\/pt-pt\/wp-json\/wp\/v2\/acabado?post=72939"},{"taxonomy":"balance","embeddable":true,"href":"https:\/\/revolutionpadelstore.com\/pt-pt\/wp-json\/wp\/v2\/balance?post=72939"},{"taxonomy":"dureza","embeddable":true,"href":"https:\/\/revolutionpadelstore.com\/pt-pt\/wp-json\/wp\/v2\/dureza?post=72939"},{"taxonomy":"forma","embeddable":true,"href":"https:\/\/revolutionpadelstore.com\/pt-pt\/wp-json\/wp\/v2\/forma?post=72939"},{"taxonomy":"jugador","embeddable":true,"href":"https:\/\/revolutionpadelstore.com\/pt-pt\/wp-json\/wp\/v2\/jugador?post=72939"},{"taxonomy":"marca","embeddable":true,"href":"https:\/\/revolutionpadelstore.com\/pt-pt\/wp-json\/wp\/v2\/marca?post=72939"},{"taxonomy":"nivel-de-juego","embeddable":true,"href":"https:\/\/revolutionpadelstore.com\/pt-pt\/wp-json\/wp\/v2\/nivel-de-juego?post=72939"},{"taxonomy":"superficie","embeddable":true,"href":"https:\/\/revolutionpadelstore.com\/pt-pt\/wp-json\/wp\/v2\/superficie?post=72939"},{"taxonomy":"tipo-de-juego","embeddable":true,"href":"https:\/\/revolutionpadelstore.com\/pt-pt\/wp-json\/wp\/v2\/tipo-de-juego?post=72939"},{"taxonomy":"product_brand","embeddable":true,"href":"https:\/\/revolutionpadelstore.com\/pt-pt\/wp-json\/wp\/v2\/product_brand?post=72939"},{"taxonomy":"product_cat","embeddable":true,"href":"https:\/\/revolutionpadelstore.com\/pt-pt\/wp-json\/wp\/v2\/product_cat?post=72939"},{"taxonomy":"product_tag","embeddable":true,"href":"https:\/\/revolutionpadelstore.com\/pt-pt\/wp-json\/wp\/v2\/product_tag?post=72939"}],"curies":[{"name":"wp","href":"https:\/\/api.w.org\/{rel}","templated":true}]}}