{"id":72934,"date":"2024-08-22T13:24:26","date_gmt":"2024-08-22T11:24:26","guid":{"rendered":"https:\/\/revolutionpadelstore.com\/mizuno-wave-enforce-court-61gb2437-06-rojo\/"},"modified":"2026-04-08T11:07:04","modified_gmt":"2026-04-08T09:07:04","slug":"mizuno-wave-enforce-court-padel-rojo-5","status":"publish","type":"product","link":"https:\/\/revolutionpadelstore.com\/pt-pt\/produto\/mizuno-wave-enforce-court-padel-rojo-5\/","title":{"rendered":"MIZUNO WAVE ENFORCE COURT PADEL ROJO"},"content":{"rendered":"<h2>Mizuno Wave Enforce Court Vermelho<\/h2>\n<p>Os t\u00e9nis Mizuno Wave Enforce Court Red destacam-se por incorporar tecnologias inovadoras que otimizam o desempenho no campo de padel. A tecnologia <em>Mizuno Wave<\/em> \u00e9 um diferencial, inspirado na natureza, que oferece amortecimento e estabilidade excepcionais na entressola. Esta tecnologia garante que cada passo seja firme e confort\u00e1vel permitindo movimentos r\u00e1pidos e seguros.<\/p>\n<p>A tecnologia X10, por sua vez, utiliza uma borracha de carbono muito dur\u00e1vel nas \u00e1reas de alto impacto da sola. Isto n\u00e3o s\u00f3 prolonga a vida \u00fatil do cal\u00e7ado, mas tamb\u00e9m melhora a tra\u00e7\u00e3o da sola mista no impacto do calcanhar, oferecendo ader\u00eancia superior na quadra.<\/p>\n<p>O Mizuno Wave Enforce Court em vermelho oferece uma combina\u00e7\u00e3o perfeita de durabilidade, conforto e desempenho. S\u00e3o a escolha ideal para jogadores que procuram melhorar o seu jogo com cal\u00e7ado de alta qualidade e tecnologia de cal\u00e7ado espec\u00edfica para padel.<\/p>\n<h2>Mizuno Wave Enforce Court Rojo<\/h2>\n","protected":false},"excerpt":{"rendered":"<p>Mizuno Wave Enforce Court Red oferece amortecimento, estabilidade, leveza e durabilidade. Projetado para jogadores de padel que buscam o m\u00e1ximo desempenho em seus jogos de padel.<\/p>\n","protected":false},"featured_media":62792,"comment_status":"open","ping_status":"closed","template":"","meta":{"_acf_changed":false,"_joinchat":[]},"acabado":[],"balance":[],"dureza":[],"forma":[],"jugador":[1190],"marca":[1330],"nivel-de-juego":[],"superficie":[],"tipo-de-juego":[],"product_brand":[],"product_cat":[401],"product_tag":[],"class_list":{"0":"post-72934","1":"product","2":"type-product","3":"status-publish","4":"has-post-thumbnail","6":"jugador-homem","7":"marca-mizuno-pt-pt","8":"product_cat-tenis-masculino","10":"first","11":"outofstock","12":"sale","13":"taxable","14":"shipping-taxable","15":"purchasable","16":"product-type-variable"},"acf":[],"yoast_head":"<!-- This site is optimized with the Yoast SEO plugin v27.4 - https:\/\/yoast.com\/product\/yoast-seo-wordpress\/ -->\n<title>MIZUNO WAVE ENFORCE COURT PADEL ROJO - Revolution Padel Store<\/title>\n<meta name=\"description\" content=\"Las zapatillas de p\u00e1del Mizuno Wave Enforce Court Rojo destacan por incorporar tecnolog\u00edas innovadoras que optimizan el rendimiento en la pista de p\u00e1del. La tecnolog\u00eda Mizuno Wave es una caracter\u00edstica distintiva, inspirada en la naturaleza, que ofrece una amortiguaci\u00f3n y estabilidad excepcionales en la entresuela. Esta tecnolog\u00eda asegura que cada paso sea firme y c\u00f3modo, permitiendo movimientos r\u00e1pidos y seguros. El material Mizuno Enerzy, utilizado en la entresuela, se caracteriza por su tacto dleicado y capacidad de rebote. Este material no solo mejora la comodidad del jugador, sino que tambi\u00e9n aumenta la durabilidad del calzado, asegurando un rendimiento \u00f3ptimo durante m\u00e1s tiempo.\" \/>\n<meta name=\"robots\" content=\"index, follow, max-snippet:-1, max-image-preview:large, max-video-preview:-1\" \/>\n<link rel=\"canonical\" href=\"https:\/\/revolutionpadelstore.com\/pt-pt\/produto\/mizuno-wave-enforce-court-padel-rojo-5\/\" \/>\n<meta property=\"og:locale\" content=\"pt_PT\" \/>\n<meta property=\"og:type\" content=\"article\" \/>\n<meta property=\"og:title\" content=\"COMPRAR MIZUNO WAVE ENFORCE COURT 61GB2437 06 ROJO\" \/>\n<meta property=\"og:description\" content=\"Las zapatillas de p\u00e1del Mizuno Wave Enforce Court Rojo destacan por incorporar tecnolog\u00edas innovadoras que optimizan el rendimiento en la pista de p\u00e1del. La tecnolog\u00eda Mizuno Wave es una caracter\u00edstica distintiva, inspirada en la naturaleza, que ofrece una amortiguaci\u00f3n y estabilidad excepcionales en la entresuela. Esta tecnolog\u00eda asegura que cada paso sea firme y c\u00f3modo, permitiendo movimientos r\u00e1pidos y seguros.\" \/>\n<meta property=\"og:url\" content=\"https:\/\/revolutionpadelstore.com\/pt-pt\/produto\/mizuno-wave-enforce-court-padel-rojo-5\/\" \/>\n<meta property=\"og:site_name\" content=\"Revolution Padel Store\" \/>\n<meta property=\"article:modified_time\" content=\"2026-04-08T09:07:04+00:00\" \/>\n<meta property=\"og:image\" content=\"https:\/\/revolutionpadelstore.com\/wp-content\/uploads\/2024\/08\/MIZUNO-ROJA.jpg\" \/>\n\t<meta property=\"og:image:width\" content=\"900\" \/>\n\t<meta property=\"og:image:height\" content=\"900\" \/>\n\t<meta property=\"og:image:type\" content=\"image\/jpeg\" \/>\n<meta name=\"twitter:card\" content=\"summary_large_image\" \/>\n<meta name=\"twitter:label1\" content=\"Tempo estimado de leitura\" \/>\n\t<meta name=\"twitter:data1\" content=\"1 minuto\" \/>\n<script type=\"application\/ld+json\" class=\"yoast-schema-graph\">{\"@context\":\"https:\\\/\\\/schema.org\",\"@graph\":[{\"@type\":\"WebPage\",\"@id\":\"https:\\\/\\\/revolutionpadelstore.com\\\/pt-pt\\\/produto\\\/mizuno-wave-enforce-court-padel-rojo-5\\\/\",\"url\":\"https:\\\/\\\/revolutionpadelstore.com\\\/pt-pt\\\/produto\\\/mizuno-wave-enforce-court-padel-rojo-5\\\/\",\"name\":\"MIZUNO WAVE ENFORCE COURT PADEL ROJO - Revolution Padel Store\",\"isPartOf\":{\"@id\":\"https:\\\/\\\/revolutionpadelstore.com\\\/pt-pt\\\/#website\"},\"primaryImageOfPage\":{\"@id\":\"https:\\\/\\\/revolutionpadelstore.com\\\/pt-pt\\\/produto\\\/mizuno-wave-enforce-court-padel-rojo-5\\\/#primaryimage\"},\"image\":{\"@id\":\"https:\\\/\\\/revolutionpadelstore.com\\\/pt-pt\\\/produto\\\/mizuno-wave-enforce-court-padel-rojo-5\\\/#primaryimage\"},\"thumbnailUrl\":\"https:\\\/\\\/revolutionpadelstore.com\\\/wp-content\\\/uploads\\\/2024\\\/08\\\/MIZUNO-ROJA.jpg\",\"datePublished\":\"2024-08-22T11:24:26+00:00\",\"dateModified\":\"2026-04-08T09:07:04+00:00\",\"description\":\"Las zapatillas de p\u00e1del Mizuno Wave Enforce Court Rojo destacan por incorporar tecnolog\u00edas innovadoras que optimizan el rendimiento en la pista de p\u00e1del. La tecnolog\u00eda Mizuno Wave es una caracter\u00edstica distintiva, inspirada en la naturaleza, que ofrece una amortiguaci\u00f3n y estabilidad excepcionales en la entresuela. Esta tecnolog\u00eda asegura que cada paso sea firme y c\u00f3modo, permitiendo movimientos r\u00e1pidos y seguros. El material Mizuno Enerzy, utilizado en la entresuela, se caracteriza por su tacto dleicado y capacidad de rebote. Este material no solo mejora la comodidad del jugador, sino que tambi\u00e9n aumenta la durabilidad del calzado, asegurando un rendimiento \u00f3ptimo durante m\u00e1s tiempo.\",\"breadcrumb\":{\"@id\":\"https:\\\/\\\/revolutionpadelstore.com\\\/pt-pt\\\/produto\\\/mizuno-wave-enforce-court-padel-rojo-5\\\/#breadcrumb\"},\"inLanguage\":\"pt-PT\",\"potentialAction\":[{\"@type\":\"ReadAction\",\"target\":[\"https:\\\/\\\/revolutionpadelstore.com\\\/pt-pt\\\/produto\\\/mizuno-wave-enforce-court-padel-rojo-5\\\/\"]}]},{\"@type\":\"ImageObject\",\"inLanguage\":\"pt-PT\",\"@id\":\"https:\\\/\\\/revolutionpadelstore.com\\\/pt-pt\\\/produto\\\/mizuno-wave-enforce-court-padel-rojo-5\\\/#primaryimage\",\"url\":\"https:\\\/\\\/revolutionpadelstore.com\\\/wp-content\\\/uploads\\\/2024\\\/08\\\/MIZUNO-ROJA.jpg\",\"contentUrl\":\"https:\\\/\\\/revolutionpadelstore.com\\\/wp-content\\\/uploads\\\/2024\\\/08\\\/MIZUNO-ROJA.jpg\",\"width\":900,\"height\":900},{\"@type\":\"BreadcrumbList\",\"@id\":\"https:\\\/\\\/revolutionpadelstore.com\\\/pt-pt\\\/produto\\\/mizuno-wave-enforce-court-padel-rojo-5\\\/#breadcrumb\",\"itemListElement\":[{\"@type\":\"ListItem\",\"position\":1,\"name\":\"Portada\",\"item\":\"https:\\\/\\\/revolutionpadelstore.com\\\/pt-pt\\\/\"},{\"@type\":\"ListItem\",\"position\":2,\"name\":\"Tienda\",\"item\":\"https:\\\/\\\/revolutionpadelstore.com\\\/pt-pt\\\/tienda\\\/\"},{\"@type\":\"ListItem\",\"position\":3,\"name\":\"MIZUNO WAVE ENFORCE COURT PADEL ROJO\"}]},{\"@type\":\"WebSite\",\"@id\":\"https:\\\/\\\/revolutionpadelstore.com\\\/pt-pt\\\/#website\",\"url\":\"https:\\\/\\\/revolutionpadelstore.com\\\/pt-pt\\\/\",\"name\":\"Revolution Padel Store\",\"description\":\"\",\"publisher\":{\"@id\":\"https:\\\/\\\/revolutionpadelstore.com\\\/pt-pt\\\/#organization\"},\"potentialAction\":[{\"@type\":\"SearchAction\",\"target\":{\"@type\":\"EntryPoint\",\"urlTemplate\":\"https:\\\/\\\/revolutionpadelstore.com\\\/pt-pt\\\/?s={search_term_string}\"},\"query-input\":{\"@type\":\"PropertyValueSpecification\",\"valueRequired\":true,\"valueName\":\"search_term_string\"}}],\"inLanguage\":\"pt-PT\"},{\"@type\":\"Organization\",\"@id\":\"https:\\\/\\\/revolutionpadelstore.com\\\/pt-pt\\\/#organization\",\"name\":\"Revolution Padel Store\",\"url\":\"https:\\\/\\\/revolutionpadelstore.com\\\/pt-pt\\\/\",\"logo\":{\"@type\":\"ImageObject\",\"inLanguage\":\"pt-PT\",\"@id\":\"https:\\\/\\\/revolutionpadelstore.com\\\/pt-pt\\\/#\\\/schema\\\/logo\\\/image\\\/\",\"url\":\"https:\\\/\\\/revolutionpadelstore.com\\\/wp-content\\\/uploads\\\/2026\\\/02\\\/revolution-padel-store.jpg\",\"contentUrl\":\"https:\\\/\\\/revolutionpadelstore.com\\\/wp-content\\\/uploads\\\/2026\\\/02\\\/revolution-padel-store.jpg\",\"width\":2000,\"height\":2000,\"caption\":\"Revolution Padel Store\"},\"image\":{\"@id\":\"https:\\\/\\\/revolutionpadelstore.com\\\/pt-pt\\\/#\\\/schema\\\/logo\\\/image\\\/\"},\"sameAs\":[\"https:\\\/\\\/www.instagram.com\\\/revolutionpadelstore\\\/\"]}]}<\/script>\n<!-- \/ Yoast SEO plugin. -->","yoast_head_json":{"title":"MIZUNO WAVE ENFORCE COURT PADEL ROJO - Revolution Padel Store","description":"Las zapatillas de p\u00e1del Mizuno Wave Enforce Court Rojo destacan por incorporar tecnolog\u00edas innovadoras que optimizan el rendimiento en la pista de p\u00e1del. La tecnolog\u00eda Mizuno Wave es una caracter\u00edstica distintiva, inspirada en la naturaleza, que ofrece una amortiguaci\u00f3n y estabilidad excepcionales en la entresuela. Esta tecnolog\u00eda asegura que cada paso sea firme y c\u00f3modo, permitiendo movimientos r\u00e1pidos y seguros. El material Mizuno Enerzy, utilizado en la entresuela, se caracteriza por su tacto dleicado y capacidad de rebote. Este material no solo mejora la comodidad del jugador, sino que tambi\u00e9n aumenta la durabilidad del calzado, asegurando un rendimiento \u00f3ptimo durante m\u00e1s tiempo.","robots":{"index":"index","follow":"follow","max-snippet":"max-snippet:-1","max-image-preview":"max-image-preview:large","max-video-preview":"max-video-preview:-1"},"canonical":"https:\/\/revolutionpadelstore.com\/pt-pt\/produto\/mizuno-wave-enforce-court-padel-rojo-5\/","og_locale":"pt_PT","og_type":"article","og_title":"COMPRAR MIZUNO WAVE ENFORCE COURT 61GB2437 06 ROJO","og_description":"Las zapatillas de p\u00e1del Mizuno Wave Enforce Court Rojo destacan por incorporar tecnolog\u00edas innovadoras que optimizan el rendimiento en la pista de p\u00e1del. La tecnolog\u00eda Mizuno Wave es una caracter\u00edstica distintiva, inspirada en la naturaleza, que ofrece una amortiguaci\u00f3n y estabilidad excepcionales en la entresuela. Esta tecnolog\u00eda asegura que cada paso sea firme y c\u00f3modo, permitiendo movimientos r\u00e1pidos y seguros.","og_url":"https:\/\/revolutionpadelstore.com\/pt-pt\/produto\/mizuno-wave-enforce-court-padel-rojo-5\/","og_site_name":"Revolution Padel Store","article_modified_time":"2026-04-08T09:07:04+00:00","og_image":[{"width":900,"height":900,"url":"https:\/\/revolutionpadelstore.com\/wp-content\/uploads\/2024\/08\/MIZUNO-ROJA.jpg","type":"image\/jpeg"}],"twitter_card":"summary_large_image","twitter_misc":{"Tempo estimado de leitura":"1 minuto"},"schema":{"@context":"https:\/\/schema.org","@graph":[{"@type":"WebPage","@id":"https:\/\/revolutionpadelstore.com\/pt-pt\/produto\/mizuno-wave-enforce-court-padel-rojo-5\/","url":"https:\/\/revolutionpadelstore.com\/pt-pt\/produto\/mizuno-wave-enforce-court-padel-rojo-5\/","name":"MIZUNO WAVE ENFORCE COURT PADEL ROJO - Revolution Padel Store","isPartOf":{"@id":"https:\/\/revolutionpadelstore.com\/pt-pt\/#website"},"primaryImageOfPage":{"@id":"https:\/\/revolutionpadelstore.com\/pt-pt\/produto\/mizuno-wave-enforce-court-padel-rojo-5\/#primaryimage"},"image":{"@id":"https:\/\/revolutionpadelstore.com\/pt-pt\/produto\/mizuno-wave-enforce-court-padel-rojo-5\/#primaryimage"},"thumbnailUrl":"https:\/\/revolutionpadelstore.com\/wp-content\/uploads\/2024\/08\/MIZUNO-ROJA.jpg","datePublished":"2024-08-22T11:24:26+00:00","dateModified":"2026-04-08T09:07:04+00:00","description":"Las zapatillas de p\u00e1del Mizuno Wave Enforce Court Rojo destacan por incorporar tecnolog\u00edas innovadoras que optimizan el rendimiento en la pista de p\u00e1del. La tecnolog\u00eda Mizuno Wave es una caracter\u00edstica distintiva, inspirada en la naturaleza, que ofrece una amortiguaci\u00f3n y estabilidad excepcionales en la entresuela. Esta tecnolog\u00eda asegura que cada paso sea firme y c\u00f3modo, permitiendo movimientos r\u00e1pidos y seguros. El material Mizuno Enerzy, utilizado en la entresuela, se caracteriza por su tacto dleicado y capacidad de rebote. Este material no solo mejora la comodidad del jugador, sino que tambi\u00e9n aumenta la durabilidad del calzado, asegurando un rendimiento \u00f3ptimo durante m\u00e1s tiempo.","breadcrumb":{"@id":"https:\/\/revolutionpadelstore.com\/pt-pt\/produto\/mizuno-wave-enforce-court-padel-rojo-5\/#breadcrumb"},"inLanguage":"pt-PT","potentialAction":[{"@type":"ReadAction","target":["https:\/\/revolutionpadelstore.com\/pt-pt\/produto\/mizuno-wave-enforce-court-padel-rojo-5\/"]}]},{"@type":"ImageObject","inLanguage":"pt-PT","@id":"https:\/\/revolutionpadelstore.com\/pt-pt\/produto\/mizuno-wave-enforce-court-padel-rojo-5\/#primaryimage","url":"https:\/\/revolutionpadelstore.com\/wp-content\/uploads\/2024\/08\/MIZUNO-ROJA.jpg","contentUrl":"https:\/\/revolutionpadelstore.com\/wp-content\/uploads\/2024\/08\/MIZUNO-ROJA.jpg","width":900,"height":900},{"@type":"BreadcrumbList","@id":"https:\/\/revolutionpadelstore.com\/pt-pt\/produto\/mizuno-wave-enforce-court-padel-rojo-5\/#breadcrumb","itemListElement":[{"@type":"ListItem","position":1,"name":"Portada","item":"https:\/\/revolutionpadelstore.com\/pt-pt\/"},{"@type":"ListItem","position":2,"name":"Tienda","item":"https:\/\/revolutionpadelstore.com\/pt-pt\/tienda\/"},{"@type":"ListItem","position":3,"name":"MIZUNO WAVE ENFORCE COURT PADEL ROJO"}]},{"@type":"WebSite","@id":"https:\/\/revolutionpadelstore.com\/pt-pt\/#website","url":"https:\/\/revolutionpadelstore.com\/pt-pt\/","name":"Revolution Padel Store","description":"","publisher":{"@id":"https:\/\/revolutionpadelstore.com\/pt-pt\/#organization"},"potentialAction":[{"@type":"SearchAction","target":{"@type":"EntryPoint","urlTemplate":"https:\/\/revolutionpadelstore.com\/pt-pt\/?s={search_term_string}"},"query-input":{"@type":"PropertyValueSpecification","valueRequired":true,"valueName":"search_term_string"}}],"inLanguage":"pt-PT"},{"@type":"Organization","@id":"https:\/\/revolutionpadelstore.com\/pt-pt\/#organization","name":"Revolution Padel Store","url":"https:\/\/revolutionpadelstore.com\/pt-pt\/","logo":{"@type":"ImageObject","inLanguage":"pt-PT","@id":"https:\/\/revolutionpadelstore.com\/pt-pt\/#\/schema\/logo\/image\/","url":"https:\/\/revolutionpadelstore.com\/wp-content\/uploads\/2026\/02\/revolution-padel-store.jpg","contentUrl":"https:\/\/revolutionpadelstore.com\/wp-content\/uploads\/2026\/02\/revolution-padel-store.jpg","width":2000,"height":2000,"caption":"Revolution Padel Store"},"image":{"@id":"https:\/\/revolutionpadelstore.com\/pt-pt\/#\/schema\/logo\/image\/"},"sameAs":["https:\/\/www.instagram.com\/revolutionpadelstore\/"]}]}},"_links":{"self":[{"href":"https:\/\/revolutionpadelstore.com\/pt-pt\/wp-json\/wp\/v2\/product\/72934","targetHints":{"allow":["GET"]}}],"collection":[{"href":"https:\/\/revolutionpadelstore.com\/pt-pt\/wp-json\/wp\/v2\/product"}],"about":[{"href":"https:\/\/revolutionpadelstore.com\/pt-pt\/wp-json\/wp\/v2\/types\/product"}],"replies":[{"embeddable":true,"href":"https:\/\/revolutionpadelstore.com\/pt-pt\/wp-json\/wp\/v2\/comments?post=72934"}],"wp:featuredmedia":[{"embeddable":true,"href":"https:\/\/revolutionpadelstore.com\/pt-pt\/wp-json\/wp\/v2\/media\/62792"}],"wp:attachment":[{"href":"https:\/\/revolutionpadelstore.com\/pt-pt\/wp-json\/wp\/v2\/media?parent=72934"}],"wp:term":[{"taxonomy":"acabado","embeddable":true,"href":"https:\/\/revolutionpadelstore.com\/pt-pt\/wp-json\/wp\/v2\/acabado?post=72934"},{"taxonomy":"balance","embeddable":true,"href":"https:\/\/revolutionpadelstore.com\/pt-pt\/wp-json\/wp\/v2\/balance?post=72934"},{"taxonomy":"dureza","embeddable":true,"href":"https:\/\/revolutionpadelstore.com\/pt-pt\/wp-json\/wp\/v2\/dureza?post=72934"},{"taxonomy":"forma","embeddable":true,"href":"https:\/\/revolutionpadelstore.com\/pt-pt\/wp-json\/wp\/v2\/forma?post=72934"},{"taxonomy":"jugador","embeddable":true,"href":"https:\/\/revolutionpadelstore.com\/pt-pt\/wp-json\/wp\/v2\/jugador?post=72934"},{"taxonomy":"marca","embeddable":true,"href":"https:\/\/revolutionpadelstore.com\/pt-pt\/wp-json\/wp\/v2\/marca?post=72934"},{"taxonomy":"nivel-de-juego","embeddable":true,"href":"https:\/\/revolutionpadelstore.com\/pt-pt\/wp-json\/wp\/v2\/nivel-de-juego?post=72934"},{"taxonomy":"superficie","embeddable":true,"href":"https:\/\/revolutionpadelstore.com\/pt-pt\/wp-json\/wp\/v2\/superficie?post=72934"},{"taxonomy":"tipo-de-juego","embeddable":true,"href":"https:\/\/revolutionpadelstore.com\/pt-pt\/wp-json\/wp\/v2\/tipo-de-juego?post=72934"},{"taxonomy":"product_brand","embeddable":true,"href":"https:\/\/revolutionpadelstore.com\/pt-pt\/wp-json\/wp\/v2\/product_brand?post=72934"},{"taxonomy":"product_cat","embeddable":true,"href":"https:\/\/revolutionpadelstore.com\/pt-pt\/wp-json\/wp\/v2\/product_cat?post=72934"},{"taxonomy":"product_tag","embeddable":true,"href":"https:\/\/revolutionpadelstore.com\/pt-pt\/wp-json\/wp\/v2\/product_tag?post=72934"}],"curies":[{"name":"wp","href":"https:\/\/api.w.org\/{rel}","templated":true}]}}