{"id":72924,"date":"2024-08-22T17:21:49","date_gmt":"2024-08-22T15:21:49","guid":{"rendered":"https:\/\/revolutionpadelstore.com\/mizuno-wave-exceed-tour-6-cc-61gc2475-45-blanco-mujer\/"},"modified":"2026-04-08T11:03:59","modified_gmt":"2026-04-08T09:03:59","slug":"mizuno-wave-exceed-tour-6-cc-blanco-mujer-5","status":"publish","type":"product","link":"https:\/\/revolutionpadelstore.com\/pt-pt\/produto\/mizuno-wave-exceed-tour-6-cc-blanco-mujer-5\/","title":{"rendered":"MIZUNO WAVE EXCEED TOUR 6 CC BLANCO MUJER"},"content":{"rendered":"<h2>Mizuno Wave Exceed Tour 6 CC Branco Mulher, capacidade de resposta<\/h2>\n<p>Os <strong>t\u00eanis de padel feminino Wave Exceed Tour 6 CC<\/strong> na cor branca da Mizuno s\u00e3o o modelo ideal para os padelistas que procuram um cal\u00e7ado leve e resistente que lhes proporcione velocidade extra e versatilidade na pista.<\/p>\n<p>A sola, <strong>adequada para todos os tipos de superf\u00edcies<\/strong>, inclui ranhuras flex\u00edveis que promovem o dinamismo e melhoram a capacidade de adapta\u00e7\u00e3o no campo de jogo. Desta forma, sentir\u00e1 incr\u00edveis sensa\u00e7\u00f5es de ader\u00eancia e tra\u00e7\u00e3o em qualquer pista.<\/p>\n<p>Na zona do meio do p\u00e9 possui um D-Flex Groove diagonal, que permite ao jogador fazer mudan\u00e7as de dire\u00e7\u00e3o e curvas mais suaves e naturais.<\/p>\n<h3>Respirabilidade e frescor<\/h3>\n<p>A parte superior foi confeccionada com uma combina\u00e7\u00e3o de malha respir\u00e1vel e macia com uma malha de TPU resistente e flex\u00edvel, que permite uma perfeita <strong>adapta\u00e7\u00e3o \u00e0 forma e movimento do p\u00e9<\/strong>. Gra\u00e7as \u00e0 tecnologia 3D-SOLID na parte superior, consegue-se suavidade e respirabilidade sem precedentes. O sistema de cadar\u00e7o Dyna-Eyelet Wrap envolve o p\u00e9 para um suporte ideal.<\/p>\n<p>A entressola, por sua vez, incorpora a tecnologia <em>Enerzy<\/em>, que proporciona \u00f3timo retorno de energia e amortecimento para uma sensa\u00e7\u00e3o de conforto e capacidade de resposta sem precedentes. A tecnologia <em>Wave<\/em> consegue aumentar o n\u00edvel de amortecimento a cada passo, dispersando a for\u00e7a do impacto. Al\u00e9m disso, o material PoWnCe proporciona durabilidade, conforto e leveza.<\/p>\n<h2>Mizuno Wave Exceed Tour 6 CC Blanco Mujer, capacidad de reacci\u00f3n<\/h2>\n","protected":false},"excerpt":{"rendered":"<p>Cal\u00e7ado feminino Mizuno Wave Exceed Tour 6 CC Branco, com sola adequada para qualquer superf\u00edcie. Parte superior macia, flex\u00edvel e respir\u00e1vel que promove uma sensa\u00e7\u00e3o de frescor.<\/p>\n","protected":false},"featured_media":62468,"comment_status":"open","ping_status":"closed","template":"","meta":{"_acf_changed":false,"_joinchat":[]},"acabado":[],"balance":[],"dureza":[],"forma":[],"jugador":[1195],"marca":[1330],"nivel-de-juego":[],"superficie":[],"tipo-de-juego":[],"product_brand":[],"product_cat":[454],"product_tag":[],"class_list":{"0":"post-72924","1":"product","2":"type-product","3":"status-publish","4":"has-post-thumbnail","6":"jugador-mulher","7":"marca-mizuno-pt-pt","8":"product_cat-tenis-femininos","10":"first","11":"instock","12":"sale","13":"taxable","14":"shipping-taxable","15":"purchasable","16":"product-type-variable","17":"has-default-attributes"},"acf":[],"yoast_head":"<!-- This site is optimized with the Yoast SEO plugin v27.4 - https:\/\/yoast.com\/product\/yoast-seo-wordpress\/ -->\n<title>MIZUNO WAVE EXCEED TOUR 6 CC BLANCO MUJER - Revolution Padel Store<\/title>\n<meta name=\"description\" content=\"Las zapatillas de p\u00e1del para mujer Wave Exceed Tour 6 CC en color blanco de Mizuno son el modelo ideal para aquellas jugadoras de p\u00e1del que buscan un calzado ligero y resistente que les conceda un plus de velocidad y versatilidad en la pista.La suela, apta para todo tipo de superficies, incluye unos surcos de flexi\u00f3n que favorecen el dinamismo y mejoran la capacidad de adaptaci\u00f3n en el terreno de juego. De esta manera, sentir\u00e1s unas incre\u00edbles sensaciones de agarre y tracci\u00f3n cualquier pista.\" \/>\n<meta name=\"robots\" content=\"index, follow, max-snippet:-1, max-image-preview:large, max-video-preview:-1\" \/>\n<link rel=\"canonical\" href=\"https:\/\/revolutionpadelstore.com\/pt-pt\/produto\/mizuno-wave-exceed-tour-6-cc-blanco-mujer-5\/\" \/>\n<meta property=\"og:locale\" content=\"pt_PT\" \/>\n<meta property=\"og:type\" content=\"article\" \/>\n<meta property=\"og:title\" content=\"COMPRAR MIZUNO WAVE EXCEED TOUR 6 CC 61GC2475 45 BLANCO MUJER\" \/>\n<meta property=\"og:description\" content=\"Zapatilla para mujer Mizuno Wave Exceed Tour 6 CC Blanco, con una suela apta para cualquier superficie. Parte superior suave, flexible y transpirable que favorece una sensaci\u00f3n de frescura.\" \/>\n<meta property=\"og:url\" content=\"https:\/\/revolutionpadelstore.com\/pt-pt\/produto\/mizuno-wave-exceed-tour-6-cc-blanco-mujer-5\/\" \/>\n<meta property=\"og:site_name\" content=\"Revolution Padel Store\" \/>\n<meta property=\"article:modified_time\" content=\"2026-04-08T09:03:59+00:00\" \/>\n<meta property=\"og:image\" content=\"https:\/\/revolutionpadelstore.com\/wp-content\/uploads\/2024\/08\/111984_zapatillas_mizuno_wave_exceed_tour_6_cc_61gc2475_45_mujer_1000x1000_1_ed46.webp\" \/>\n\t<meta property=\"og:image:width\" content=\"1000\" \/>\n\t<meta property=\"og:image:height\" content=\"1000\" \/>\n\t<meta property=\"og:image:type\" content=\"image\/webp\" \/>\n<meta name=\"twitter:card\" content=\"summary_large_image\" \/>\n<meta name=\"twitter:label1\" content=\"Tempo estimado de leitura\" \/>\n\t<meta name=\"twitter:data1\" content=\"2 minutos\" \/>\n<script type=\"application\/ld+json\" class=\"yoast-schema-graph\">{\"@context\":\"https:\\\/\\\/schema.org\",\"@graph\":[{\"@type\":\"WebPage\",\"@id\":\"https:\\\/\\\/revolutionpadelstore.com\\\/pt-pt\\\/produto\\\/mizuno-wave-exceed-tour-6-cc-blanco-mujer-5\\\/\",\"url\":\"https:\\\/\\\/revolutionpadelstore.com\\\/pt-pt\\\/produto\\\/mizuno-wave-exceed-tour-6-cc-blanco-mujer-5\\\/\",\"name\":\"MIZUNO WAVE EXCEED TOUR 6 CC BLANCO MUJER - Revolution Padel Store\",\"isPartOf\":{\"@id\":\"https:\\\/\\\/revolutionpadelstore.com\\\/pt-pt\\\/#website\"},\"primaryImageOfPage\":{\"@id\":\"https:\\\/\\\/revolutionpadelstore.com\\\/pt-pt\\\/produto\\\/mizuno-wave-exceed-tour-6-cc-blanco-mujer-5\\\/#primaryimage\"},\"image\":{\"@id\":\"https:\\\/\\\/revolutionpadelstore.com\\\/pt-pt\\\/produto\\\/mizuno-wave-exceed-tour-6-cc-blanco-mujer-5\\\/#primaryimage\"},\"thumbnailUrl\":\"https:\\\/\\\/revolutionpadelstore.com\\\/wp-content\\\/uploads\\\/2024\\\/08\\\/111984_zapatillas_mizuno_wave_exceed_tour_6_cc_61gc2475_45_mujer_1000x1000_1_ed46.webp\",\"datePublished\":\"2024-08-22T15:21:49+00:00\",\"dateModified\":\"2026-04-08T09:03:59+00:00\",\"description\":\"Las zapatillas de p\u00e1del para mujer Wave Exceed Tour 6 CC en color blanco de Mizuno son el modelo ideal para aquellas jugadoras de p\u00e1del que buscan un calzado ligero y resistente que les conceda un plus de velocidad y versatilidad en la pista.La suela, apta para todo tipo de superficies, incluye unos surcos de flexi\u00f3n que favorecen el dinamismo y mejoran la capacidad de adaptaci\u00f3n en el terreno de juego. De esta manera, sentir\u00e1s unas incre\u00edbles sensaciones de agarre y tracci\u00f3n cualquier pista.\",\"breadcrumb\":{\"@id\":\"https:\\\/\\\/revolutionpadelstore.com\\\/pt-pt\\\/produto\\\/mizuno-wave-exceed-tour-6-cc-blanco-mujer-5\\\/#breadcrumb\"},\"inLanguage\":\"pt-PT\",\"potentialAction\":[{\"@type\":\"ReadAction\",\"target\":[\"https:\\\/\\\/revolutionpadelstore.com\\\/pt-pt\\\/produto\\\/mizuno-wave-exceed-tour-6-cc-blanco-mujer-5\\\/\"]}]},{\"@type\":\"ImageObject\",\"inLanguage\":\"pt-PT\",\"@id\":\"https:\\\/\\\/revolutionpadelstore.com\\\/pt-pt\\\/produto\\\/mizuno-wave-exceed-tour-6-cc-blanco-mujer-5\\\/#primaryimage\",\"url\":\"https:\\\/\\\/revolutionpadelstore.com\\\/wp-content\\\/uploads\\\/2024\\\/08\\\/111984_zapatillas_mizuno_wave_exceed_tour_6_cc_61gc2475_45_mujer_1000x1000_1_ed46.webp\",\"contentUrl\":\"https:\\\/\\\/revolutionpadelstore.com\\\/wp-content\\\/uploads\\\/2024\\\/08\\\/111984_zapatillas_mizuno_wave_exceed_tour_6_cc_61gc2475_45_mujer_1000x1000_1_ed46.webp\",\"width\":1000,\"height\":1000},{\"@type\":\"BreadcrumbList\",\"@id\":\"https:\\\/\\\/revolutionpadelstore.com\\\/pt-pt\\\/produto\\\/mizuno-wave-exceed-tour-6-cc-blanco-mujer-5\\\/#breadcrumb\",\"itemListElement\":[{\"@type\":\"ListItem\",\"position\":1,\"name\":\"Portada\",\"item\":\"https:\\\/\\\/revolutionpadelstore.com\\\/pt-pt\\\/\"},{\"@type\":\"ListItem\",\"position\":2,\"name\":\"Tienda\",\"item\":\"https:\\\/\\\/revolutionpadelstore.com\\\/pt-pt\\\/tienda\\\/\"},{\"@type\":\"ListItem\",\"position\":3,\"name\":\"MIZUNO WAVE EXCEED TOUR 6 CC BLANCO MUJER\"}]},{\"@type\":\"WebSite\",\"@id\":\"https:\\\/\\\/revolutionpadelstore.com\\\/pt-pt\\\/#website\",\"url\":\"https:\\\/\\\/revolutionpadelstore.com\\\/pt-pt\\\/\",\"name\":\"Revolution Padel Store\",\"description\":\"\",\"publisher\":{\"@id\":\"https:\\\/\\\/revolutionpadelstore.com\\\/pt-pt\\\/#organization\"},\"potentialAction\":[{\"@type\":\"SearchAction\",\"target\":{\"@type\":\"EntryPoint\",\"urlTemplate\":\"https:\\\/\\\/revolutionpadelstore.com\\\/pt-pt\\\/?s={search_term_string}\"},\"query-input\":{\"@type\":\"PropertyValueSpecification\",\"valueRequired\":true,\"valueName\":\"search_term_string\"}}],\"inLanguage\":\"pt-PT\"},{\"@type\":\"Organization\",\"@id\":\"https:\\\/\\\/revolutionpadelstore.com\\\/pt-pt\\\/#organization\",\"name\":\"Revolution Padel Store\",\"url\":\"https:\\\/\\\/revolutionpadelstore.com\\\/pt-pt\\\/\",\"logo\":{\"@type\":\"ImageObject\",\"inLanguage\":\"pt-PT\",\"@id\":\"https:\\\/\\\/revolutionpadelstore.com\\\/pt-pt\\\/#\\\/schema\\\/logo\\\/image\\\/\",\"url\":\"https:\\\/\\\/revolutionpadelstore.com\\\/wp-content\\\/uploads\\\/2026\\\/02\\\/revolution-padel-store.jpg\",\"contentUrl\":\"https:\\\/\\\/revolutionpadelstore.com\\\/wp-content\\\/uploads\\\/2026\\\/02\\\/revolution-padel-store.jpg\",\"width\":2000,\"height\":2000,\"caption\":\"Revolution Padel Store\"},\"image\":{\"@id\":\"https:\\\/\\\/revolutionpadelstore.com\\\/pt-pt\\\/#\\\/schema\\\/logo\\\/image\\\/\"},\"sameAs\":[\"https:\\\/\\\/www.instagram.com\\\/revolutionpadelstore\\\/\"]}]}<\/script>\n<!-- \/ Yoast SEO plugin. -->","yoast_head_json":{"title":"MIZUNO WAVE EXCEED TOUR 6 CC BLANCO MUJER - Revolution Padel Store","description":"Las zapatillas de p\u00e1del para mujer Wave Exceed Tour 6 CC en color blanco de Mizuno son el modelo ideal para aquellas jugadoras de p\u00e1del que buscan un calzado ligero y resistente que les conceda un plus de velocidad y versatilidad en la pista.La suela, apta para todo tipo de superficies, incluye unos surcos de flexi\u00f3n que favorecen el dinamismo y mejoran la capacidad de adaptaci\u00f3n en el terreno de juego. De esta manera, sentir\u00e1s unas incre\u00edbles sensaciones de agarre y tracci\u00f3n cualquier pista.","robots":{"index":"index","follow":"follow","max-snippet":"max-snippet:-1","max-image-preview":"max-image-preview:large","max-video-preview":"max-video-preview:-1"},"canonical":"https:\/\/revolutionpadelstore.com\/pt-pt\/produto\/mizuno-wave-exceed-tour-6-cc-blanco-mujer-5\/","og_locale":"pt_PT","og_type":"article","og_title":"COMPRAR MIZUNO WAVE EXCEED TOUR 6 CC 61GC2475 45 BLANCO MUJER","og_description":"Zapatilla para mujer Mizuno Wave Exceed Tour 6 CC Blanco, con una suela apta para cualquier superficie. Parte superior suave, flexible y transpirable que favorece una sensaci\u00f3n de frescura.","og_url":"https:\/\/revolutionpadelstore.com\/pt-pt\/produto\/mizuno-wave-exceed-tour-6-cc-blanco-mujer-5\/","og_site_name":"Revolution Padel Store","article_modified_time":"2026-04-08T09:03:59+00:00","og_image":[{"width":1000,"height":1000,"url":"https:\/\/revolutionpadelstore.com\/wp-content\/uploads\/2024\/08\/111984_zapatillas_mizuno_wave_exceed_tour_6_cc_61gc2475_45_mujer_1000x1000_1_ed46.webp","type":"image\/webp"}],"twitter_card":"summary_large_image","twitter_misc":{"Tempo estimado de leitura":"2 minutos"},"schema":{"@context":"https:\/\/schema.org","@graph":[{"@type":"WebPage","@id":"https:\/\/revolutionpadelstore.com\/pt-pt\/produto\/mizuno-wave-exceed-tour-6-cc-blanco-mujer-5\/","url":"https:\/\/revolutionpadelstore.com\/pt-pt\/produto\/mizuno-wave-exceed-tour-6-cc-blanco-mujer-5\/","name":"MIZUNO WAVE EXCEED TOUR 6 CC BLANCO MUJER - Revolution Padel Store","isPartOf":{"@id":"https:\/\/revolutionpadelstore.com\/pt-pt\/#website"},"primaryImageOfPage":{"@id":"https:\/\/revolutionpadelstore.com\/pt-pt\/produto\/mizuno-wave-exceed-tour-6-cc-blanco-mujer-5\/#primaryimage"},"image":{"@id":"https:\/\/revolutionpadelstore.com\/pt-pt\/produto\/mizuno-wave-exceed-tour-6-cc-blanco-mujer-5\/#primaryimage"},"thumbnailUrl":"https:\/\/revolutionpadelstore.com\/wp-content\/uploads\/2024\/08\/111984_zapatillas_mizuno_wave_exceed_tour_6_cc_61gc2475_45_mujer_1000x1000_1_ed46.webp","datePublished":"2024-08-22T15:21:49+00:00","dateModified":"2026-04-08T09:03:59+00:00","description":"Las zapatillas de p\u00e1del para mujer Wave Exceed Tour 6 CC en color blanco de Mizuno son el modelo ideal para aquellas jugadoras de p\u00e1del que buscan un calzado ligero y resistente que les conceda un plus de velocidad y versatilidad en la pista.La suela, apta para todo tipo de superficies, incluye unos surcos de flexi\u00f3n que favorecen el dinamismo y mejoran la capacidad de adaptaci\u00f3n en el terreno de juego. De esta manera, sentir\u00e1s unas incre\u00edbles sensaciones de agarre y tracci\u00f3n cualquier pista.","breadcrumb":{"@id":"https:\/\/revolutionpadelstore.com\/pt-pt\/produto\/mizuno-wave-exceed-tour-6-cc-blanco-mujer-5\/#breadcrumb"},"inLanguage":"pt-PT","potentialAction":[{"@type":"ReadAction","target":["https:\/\/revolutionpadelstore.com\/pt-pt\/produto\/mizuno-wave-exceed-tour-6-cc-blanco-mujer-5\/"]}]},{"@type":"ImageObject","inLanguage":"pt-PT","@id":"https:\/\/revolutionpadelstore.com\/pt-pt\/produto\/mizuno-wave-exceed-tour-6-cc-blanco-mujer-5\/#primaryimage","url":"https:\/\/revolutionpadelstore.com\/wp-content\/uploads\/2024\/08\/111984_zapatillas_mizuno_wave_exceed_tour_6_cc_61gc2475_45_mujer_1000x1000_1_ed46.webp","contentUrl":"https:\/\/revolutionpadelstore.com\/wp-content\/uploads\/2024\/08\/111984_zapatillas_mizuno_wave_exceed_tour_6_cc_61gc2475_45_mujer_1000x1000_1_ed46.webp","width":1000,"height":1000},{"@type":"BreadcrumbList","@id":"https:\/\/revolutionpadelstore.com\/pt-pt\/produto\/mizuno-wave-exceed-tour-6-cc-blanco-mujer-5\/#breadcrumb","itemListElement":[{"@type":"ListItem","position":1,"name":"Portada","item":"https:\/\/revolutionpadelstore.com\/pt-pt\/"},{"@type":"ListItem","position":2,"name":"Tienda","item":"https:\/\/revolutionpadelstore.com\/pt-pt\/tienda\/"},{"@type":"ListItem","position":3,"name":"MIZUNO WAVE EXCEED TOUR 6 CC BLANCO MUJER"}]},{"@type":"WebSite","@id":"https:\/\/revolutionpadelstore.com\/pt-pt\/#website","url":"https:\/\/revolutionpadelstore.com\/pt-pt\/","name":"Revolution Padel Store","description":"","publisher":{"@id":"https:\/\/revolutionpadelstore.com\/pt-pt\/#organization"},"potentialAction":[{"@type":"SearchAction","target":{"@type":"EntryPoint","urlTemplate":"https:\/\/revolutionpadelstore.com\/pt-pt\/?s={search_term_string}"},"query-input":{"@type":"PropertyValueSpecification","valueRequired":true,"valueName":"search_term_string"}}],"inLanguage":"pt-PT"},{"@type":"Organization","@id":"https:\/\/revolutionpadelstore.com\/pt-pt\/#organization","name":"Revolution Padel Store","url":"https:\/\/revolutionpadelstore.com\/pt-pt\/","logo":{"@type":"ImageObject","inLanguage":"pt-PT","@id":"https:\/\/revolutionpadelstore.com\/pt-pt\/#\/schema\/logo\/image\/","url":"https:\/\/revolutionpadelstore.com\/wp-content\/uploads\/2026\/02\/revolution-padel-store.jpg","contentUrl":"https:\/\/revolutionpadelstore.com\/wp-content\/uploads\/2026\/02\/revolution-padel-store.jpg","width":2000,"height":2000,"caption":"Revolution Padel Store"},"image":{"@id":"https:\/\/revolutionpadelstore.com\/pt-pt\/#\/schema\/logo\/image\/"},"sameAs":["https:\/\/www.instagram.com\/revolutionpadelstore\/"]}]}},"_links":{"self":[{"href":"https:\/\/revolutionpadelstore.com\/pt-pt\/wp-json\/wp\/v2\/product\/72924","targetHints":{"allow":["GET"]}}],"collection":[{"href":"https:\/\/revolutionpadelstore.com\/pt-pt\/wp-json\/wp\/v2\/product"}],"about":[{"href":"https:\/\/revolutionpadelstore.com\/pt-pt\/wp-json\/wp\/v2\/types\/product"}],"replies":[{"embeddable":true,"href":"https:\/\/revolutionpadelstore.com\/pt-pt\/wp-json\/wp\/v2\/comments?post=72924"}],"wp:featuredmedia":[{"embeddable":true,"href":"https:\/\/revolutionpadelstore.com\/pt-pt\/wp-json\/wp\/v2\/media\/62468"}],"wp:attachment":[{"href":"https:\/\/revolutionpadelstore.com\/pt-pt\/wp-json\/wp\/v2\/media?parent=72924"}],"wp:term":[{"taxonomy":"acabado","embeddable":true,"href":"https:\/\/revolutionpadelstore.com\/pt-pt\/wp-json\/wp\/v2\/acabado?post=72924"},{"taxonomy":"balance","embeddable":true,"href":"https:\/\/revolutionpadelstore.com\/pt-pt\/wp-json\/wp\/v2\/balance?post=72924"},{"taxonomy":"dureza","embeddable":true,"href":"https:\/\/revolutionpadelstore.com\/pt-pt\/wp-json\/wp\/v2\/dureza?post=72924"},{"taxonomy":"forma","embeddable":true,"href":"https:\/\/revolutionpadelstore.com\/pt-pt\/wp-json\/wp\/v2\/forma?post=72924"},{"taxonomy":"jugador","embeddable":true,"href":"https:\/\/revolutionpadelstore.com\/pt-pt\/wp-json\/wp\/v2\/jugador?post=72924"},{"taxonomy":"marca","embeddable":true,"href":"https:\/\/revolutionpadelstore.com\/pt-pt\/wp-json\/wp\/v2\/marca?post=72924"},{"taxonomy":"nivel-de-juego","embeddable":true,"href":"https:\/\/revolutionpadelstore.com\/pt-pt\/wp-json\/wp\/v2\/nivel-de-juego?post=72924"},{"taxonomy":"superficie","embeddable":true,"href":"https:\/\/revolutionpadelstore.com\/pt-pt\/wp-json\/wp\/v2\/superficie?post=72924"},{"taxonomy":"tipo-de-juego","embeddable":true,"href":"https:\/\/revolutionpadelstore.com\/pt-pt\/wp-json\/wp\/v2\/tipo-de-juego?post=72924"},{"taxonomy":"product_brand","embeddable":true,"href":"https:\/\/revolutionpadelstore.com\/pt-pt\/wp-json\/wp\/v2\/product_brand?post=72924"},{"taxonomy":"product_cat","embeddable":true,"href":"https:\/\/revolutionpadelstore.com\/pt-pt\/wp-json\/wp\/v2\/product_cat?post=72924"},{"taxonomy":"product_tag","embeddable":true,"href":"https:\/\/revolutionpadelstore.com\/pt-pt\/wp-json\/wp\/v2\/product_tag?post=72924"}],"curies":[{"name":"wp","href":"https:\/\/api.w.org\/{rel}","templated":true}]}}