{"id":72919,"date":"2024-08-22T17:39:45","date_gmt":"2024-08-22T15:39:45","guid":{"rendered":"https:\/\/revolutionpadelstore.com\/cajon-pelotas-wilson-premier-padel\/"},"modified":"2026-04-08T11:03:35","modified_gmt":"2026-04-08T09:03:35","slug":"cajon-pelotas-wilson-premier-padel-5","status":"publish","type":"product","link":"https:\/\/revolutionpadelstore.com\/pt-pt\/produto\/cajon-pelotas-wilson-premier-padel-5\/","title":{"rendered":"CAJON PELOTAS WILSON PREMIER PADEL"},"content":{"rendered":"<p>As novas <a href=\"https:\/\/www.padeliberico.es\/pelotas-padel-wilson\"><strong>bolas Wilson<\/strong> <\/a>Premier Padel s\u00e3o projetadas para o circuito Premier Padel, como o pr\u00f3prio nome indica. Estas bolas profissionais s\u00e3o as melhores dispon\u00edveis atualmente no mercado, fabricadas pela Wilson com os mais exigentes padr\u00f5es de qualidade.<\/p>\n<p>Entre suas caracter\u00edsticas a destacar, temos a durabilidade. Projetado para durar mais sem perder desempenho, perfeito para jogadores que buscam resist\u00eancia e consist\u00eancia.<\/p>\n<p><strong>Quantidade:<\/strong> A caixa cont\u00e9m 24 latas, cada uma com 3 bolas, totalizando 72 bolas.<\/p>\n","protected":false},"excerpt":{"rendered":"<p>As novas bolas Wilson Premier Padel s\u00e3o projetadas para o circuito Premier Padel, como o pr\u00f3prio nome indica. Estas bolas profissionais s\u00e3o as melhores dispon\u00edveis atualmente no mercado, fabricadas pela Wilson com os mais exigentes padr\u00f5es de qualidade. Entre suas caracter\u00edsticas a destacar, temos a durabilidade. Projetado para durar mais sem perder desempenho, perfeito para [&hellip;]<\/p>\n","protected":false},"featured_media":62499,"comment_status":"open","ping_status":"closed","template":"","meta":{"_acf_changed":false,"_joinchat":[]},"acabado":[],"balance":[],"dureza":[],"forma":[],"jugador":[],"marca":[1265],"nivel-de-juego":[],"superficie":[],"tipo-de-juego":[],"product_brand":[],"product_cat":[604],"product_tag":[],"class_list":{"0":"post-72919","1":"product","2":"type-product","3":"status-publish","4":"has-post-thumbnail","6":"marca-wilson-pt-pt","7":"product_cat-bolas","9":"first","10":"outofstock","11":"sale","12":"taxable","13":"shipping-taxable","14":"purchasable","15":"product-type-simple"},"acf":[],"yoast_head":"<!-- This site is optimized with the Yoast SEO plugin v27.4 - https:\/\/yoast.com\/product\/yoast-seo-wordpress\/ -->\n<title>CAJON PELOTAS WILSON PREMIER PADEL - Revolution Padel Store<\/title>\n<meta name=\"description\" content=\"Ya tenemos por aqu\u00ed, las que ser\u00e1n claramente unas de las mejores pelotas de p\u00e1del para los jugadores profesionales. Las nuevas pelotas Wilson Premier Padel est\u00e1n dise\u00f1adas para el circuito Premier Padel, como su nombre nos indica. Estas pelotas profesionales son de lo mejor disponible a d\u00eda de hoy en el mercado, fabricadas por Wilson con los est\u00e1ndares de calidad m\u00e1s exigentes.\" \/>\n<meta name=\"robots\" content=\"index, follow, max-snippet:-1, max-image-preview:large, max-video-preview:-1\" \/>\n<link rel=\"canonical\" href=\"https:\/\/revolutionpadelstore.com\/pt-pt\/produto\/cajon-pelotas-wilson-premier-padel-5\/\" \/>\n<meta property=\"og:locale\" content=\"pt_PT\" \/>\n<meta property=\"og:type\" content=\"article\" \/>\n<meta property=\"og:title\" content=\"COMPRAR CAJON PELOTAS WILSON PREMIER PADEL\" \/>\n<meta property=\"og:description\" content=\"Ya tenemos por aqu\u00ed, las que ser\u00e1n claramente unas de las mejores pelotas de p\u00e1del para los jugadores profesionales. Las nuevas pelotas Wilson Premier Padel est\u00e1n dise\u00f1adas para el circuito Premier Padel, como su nombre nos indica. Estas pelotas profesionales son de lo mejor disponible a d\u00eda de hoy en el mercado, fabricadas por Wilson con los est\u00e1ndares de calidad m\u00e1s exigentes.\" \/>\n<meta property=\"og:url\" content=\"https:\/\/revolutionpadelstore.com\/pt-pt\/produto\/cajon-pelotas-wilson-premier-padel-5\/\" \/>\n<meta property=\"og:site_name\" content=\"Revolution Padel Store\" \/>\n<meta property=\"article:modified_time\" content=\"2026-04-08T09:03:35+00:00\" \/>\n<meta property=\"og:image\" content=\"https:\/\/revolutionpadelstore.com\/wp-content\/uploads\/2024\/08\/cajon-pelotas-wilson-premier-padel.jpg\" \/>\n\t<meta property=\"og:image:width\" content=\"800\" \/>\n\t<meta property=\"og:image:height\" content=\"800\" \/>\n\t<meta property=\"og:image:type\" content=\"image\/jpeg\" \/>\n<meta name=\"twitter:card\" content=\"summary_large_image\" \/>\n<meta name=\"twitter:label1\" content=\"Tempo estimado de leitura\" \/>\n\t<meta name=\"twitter:data1\" content=\"1 minuto\" \/>\n<script type=\"application\/ld+json\" class=\"yoast-schema-graph\">{\"@context\":\"https:\\\/\\\/schema.org\",\"@graph\":[{\"@type\":\"WebPage\",\"@id\":\"https:\\\/\\\/revolutionpadelstore.com\\\/pt-pt\\\/produto\\\/cajon-pelotas-wilson-premier-padel-5\\\/\",\"url\":\"https:\\\/\\\/revolutionpadelstore.com\\\/pt-pt\\\/produto\\\/cajon-pelotas-wilson-premier-padel-5\\\/\",\"name\":\"CAJON PELOTAS WILSON PREMIER PADEL - Revolution Padel Store\",\"isPartOf\":{\"@id\":\"https:\\\/\\\/revolutionpadelstore.com\\\/pt-pt\\\/#website\"},\"primaryImageOfPage\":{\"@id\":\"https:\\\/\\\/revolutionpadelstore.com\\\/pt-pt\\\/produto\\\/cajon-pelotas-wilson-premier-padel-5\\\/#primaryimage\"},\"image\":{\"@id\":\"https:\\\/\\\/revolutionpadelstore.com\\\/pt-pt\\\/produto\\\/cajon-pelotas-wilson-premier-padel-5\\\/#primaryimage\"},\"thumbnailUrl\":\"https:\\\/\\\/revolutionpadelstore.com\\\/wp-content\\\/uploads\\\/2024\\\/08\\\/cajon-pelotas-wilson-premier-padel.jpg\",\"datePublished\":\"2024-08-22T15:39:45+00:00\",\"dateModified\":\"2026-04-08T09:03:35+00:00\",\"description\":\"Ya tenemos por aqu\u00ed, las que ser\u00e1n claramente unas de las mejores pelotas de p\u00e1del para los jugadores profesionales. Las nuevas pelotas Wilson Premier Padel est\u00e1n dise\u00f1adas para el circuito Premier Padel, como su nombre nos indica. Estas pelotas profesionales son de lo mejor disponible a d\u00eda de hoy en el mercado, fabricadas por Wilson con los est\u00e1ndares de calidad m\u00e1s exigentes.\",\"breadcrumb\":{\"@id\":\"https:\\\/\\\/revolutionpadelstore.com\\\/pt-pt\\\/produto\\\/cajon-pelotas-wilson-premier-padel-5\\\/#breadcrumb\"},\"inLanguage\":\"pt-PT\",\"potentialAction\":[{\"@type\":\"ReadAction\",\"target\":[\"https:\\\/\\\/revolutionpadelstore.com\\\/pt-pt\\\/produto\\\/cajon-pelotas-wilson-premier-padel-5\\\/\"]}]},{\"@type\":\"ImageObject\",\"inLanguage\":\"pt-PT\",\"@id\":\"https:\\\/\\\/revolutionpadelstore.com\\\/pt-pt\\\/produto\\\/cajon-pelotas-wilson-premier-padel-5\\\/#primaryimage\",\"url\":\"https:\\\/\\\/revolutionpadelstore.com\\\/wp-content\\\/uploads\\\/2024\\\/08\\\/cajon-pelotas-wilson-premier-padel.jpg\",\"contentUrl\":\"https:\\\/\\\/revolutionpadelstore.com\\\/wp-content\\\/uploads\\\/2024\\\/08\\\/cajon-pelotas-wilson-premier-padel.jpg\",\"width\":800,\"height\":800},{\"@type\":\"BreadcrumbList\",\"@id\":\"https:\\\/\\\/revolutionpadelstore.com\\\/pt-pt\\\/produto\\\/cajon-pelotas-wilson-premier-padel-5\\\/#breadcrumb\",\"itemListElement\":[{\"@type\":\"ListItem\",\"position\":1,\"name\":\"Portada\",\"item\":\"https:\\\/\\\/revolutionpadelstore.com\\\/pt-pt\\\/\"},{\"@type\":\"ListItem\",\"position\":2,\"name\":\"Tienda\",\"item\":\"https:\\\/\\\/revolutionpadelstore.com\\\/pt-pt\\\/tienda\\\/\"},{\"@type\":\"ListItem\",\"position\":3,\"name\":\"CAJON PELOTAS WILSON PREMIER PADEL\"}]},{\"@type\":\"WebSite\",\"@id\":\"https:\\\/\\\/revolutionpadelstore.com\\\/pt-pt\\\/#website\",\"url\":\"https:\\\/\\\/revolutionpadelstore.com\\\/pt-pt\\\/\",\"name\":\"Revolution Padel Store\",\"description\":\"\",\"publisher\":{\"@id\":\"https:\\\/\\\/revolutionpadelstore.com\\\/pt-pt\\\/#organization\"},\"potentialAction\":[{\"@type\":\"SearchAction\",\"target\":{\"@type\":\"EntryPoint\",\"urlTemplate\":\"https:\\\/\\\/revolutionpadelstore.com\\\/pt-pt\\\/?s={search_term_string}\"},\"query-input\":{\"@type\":\"PropertyValueSpecification\",\"valueRequired\":true,\"valueName\":\"search_term_string\"}}],\"inLanguage\":\"pt-PT\"},{\"@type\":\"Organization\",\"@id\":\"https:\\\/\\\/revolutionpadelstore.com\\\/pt-pt\\\/#organization\",\"name\":\"Revolution Padel Store\",\"url\":\"https:\\\/\\\/revolutionpadelstore.com\\\/pt-pt\\\/\",\"logo\":{\"@type\":\"ImageObject\",\"inLanguage\":\"pt-PT\",\"@id\":\"https:\\\/\\\/revolutionpadelstore.com\\\/pt-pt\\\/#\\\/schema\\\/logo\\\/image\\\/\",\"url\":\"https:\\\/\\\/revolutionpadelstore.com\\\/wp-content\\\/uploads\\\/2026\\\/02\\\/revolution-padel-store.jpg\",\"contentUrl\":\"https:\\\/\\\/revolutionpadelstore.com\\\/wp-content\\\/uploads\\\/2026\\\/02\\\/revolution-padel-store.jpg\",\"width\":2000,\"height\":2000,\"caption\":\"Revolution Padel Store\"},\"image\":{\"@id\":\"https:\\\/\\\/revolutionpadelstore.com\\\/pt-pt\\\/#\\\/schema\\\/logo\\\/image\\\/\"},\"sameAs\":[\"https:\\\/\\\/www.instagram.com\\\/revolutionpadelstore\\\/\"]}]}<\/script>\n<!-- \/ Yoast SEO plugin. -->","yoast_head_json":{"title":"CAJON PELOTAS WILSON PREMIER PADEL - Revolution Padel Store","description":"Ya tenemos por aqu\u00ed, las que ser\u00e1n claramente unas de las mejores pelotas de p\u00e1del para los jugadores profesionales. Las nuevas pelotas Wilson Premier Padel est\u00e1n dise\u00f1adas para el circuito Premier Padel, como su nombre nos indica. Estas pelotas profesionales son de lo mejor disponible a d\u00eda de hoy en el mercado, fabricadas por Wilson con los est\u00e1ndares de calidad m\u00e1s exigentes.","robots":{"index":"index","follow":"follow","max-snippet":"max-snippet:-1","max-image-preview":"max-image-preview:large","max-video-preview":"max-video-preview:-1"},"canonical":"https:\/\/revolutionpadelstore.com\/pt-pt\/produto\/cajon-pelotas-wilson-premier-padel-5\/","og_locale":"pt_PT","og_type":"article","og_title":"COMPRAR CAJON PELOTAS WILSON PREMIER PADEL","og_description":"Ya tenemos por aqu\u00ed, las que ser\u00e1n claramente unas de las mejores pelotas de p\u00e1del para los jugadores profesionales. Las nuevas pelotas Wilson Premier Padel est\u00e1n dise\u00f1adas para el circuito Premier Padel, como su nombre nos indica. Estas pelotas profesionales son de lo mejor disponible a d\u00eda de hoy en el mercado, fabricadas por Wilson con los est\u00e1ndares de calidad m\u00e1s exigentes.","og_url":"https:\/\/revolutionpadelstore.com\/pt-pt\/produto\/cajon-pelotas-wilson-premier-padel-5\/","og_site_name":"Revolution Padel Store","article_modified_time":"2026-04-08T09:03:35+00:00","og_image":[{"width":800,"height":800,"url":"https:\/\/revolutionpadelstore.com\/wp-content\/uploads\/2024\/08\/cajon-pelotas-wilson-premier-padel.jpg","type":"image\/jpeg"}],"twitter_card":"summary_large_image","twitter_misc":{"Tempo estimado de leitura":"1 minuto"},"schema":{"@context":"https:\/\/schema.org","@graph":[{"@type":"WebPage","@id":"https:\/\/revolutionpadelstore.com\/pt-pt\/produto\/cajon-pelotas-wilson-premier-padel-5\/","url":"https:\/\/revolutionpadelstore.com\/pt-pt\/produto\/cajon-pelotas-wilson-premier-padel-5\/","name":"CAJON PELOTAS WILSON PREMIER PADEL - Revolution Padel Store","isPartOf":{"@id":"https:\/\/revolutionpadelstore.com\/pt-pt\/#website"},"primaryImageOfPage":{"@id":"https:\/\/revolutionpadelstore.com\/pt-pt\/produto\/cajon-pelotas-wilson-premier-padel-5\/#primaryimage"},"image":{"@id":"https:\/\/revolutionpadelstore.com\/pt-pt\/produto\/cajon-pelotas-wilson-premier-padel-5\/#primaryimage"},"thumbnailUrl":"https:\/\/revolutionpadelstore.com\/wp-content\/uploads\/2024\/08\/cajon-pelotas-wilson-premier-padel.jpg","datePublished":"2024-08-22T15:39:45+00:00","dateModified":"2026-04-08T09:03:35+00:00","description":"Ya tenemos por aqu\u00ed, las que ser\u00e1n claramente unas de las mejores pelotas de p\u00e1del para los jugadores profesionales. Las nuevas pelotas Wilson Premier Padel est\u00e1n dise\u00f1adas para el circuito Premier Padel, como su nombre nos indica. Estas pelotas profesionales son de lo mejor disponible a d\u00eda de hoy en el mercado, fabricadas por Wilson con los est\u00e1ndares de calidad m\u00e1s exigentes.","breadcrumb":{"@id":"https:\/\/revolutionpadelstore.com\/pt-pt\/produto\/cajon-pelotas-wilson-premier-padel-5\/#breadcrumb"},"inLanguage":"pt-PT","potentialAction":[{"@type":"ReadAction","target":["https:\/\/revolutionpadelstore.com\/pt-pt\/produto\/cajon-pelotas-wilson-premier-padel-5\/"]}]},{"@type":"ImageObject","inLanguage":"pt-PT","@id":"https:\/\/revolutionpadelstore.com\/pt-pt\/produto\/cajon-pelotas-wilson-premier-padel-5\/#primaryimage","url":"https:\/\/revolutionpadelstore.com\/wp-content\/uploads\/2024\/08\/cajon-pelotas-wilson-premier-padel.jpg","contentUrl":"https:\/\/revolutionpadelstore.com\/wp-content\/uploads\/2024\/08\/cajon-pelotas-wilson-premier-padel.jpg","width":800,"height":800},{"@type":"BreadcrumbList","@id":"https:\/\/revolutionpadelstore.com\/pt-pt\/produto\/cajon-pelotas-wilson-premier-padel-5\/#breadcrumb","itemListElement":[{"@type":"ListItem","position":1,"name":"Portada","item":"https:\/\/revolutionpadelstore.com\/pt-pt\/"},{"@type":"ListItem","position":2,"name":"Tienda","item":"https:\/\/revolutionpadelstore.com\/pt-pt\/tienda\/"},{"@type":"ListItem","position":3,"name":"CAJON PELOTAS WILSON PREMIER PADEL"}]},{"@type":"WebSite","@id":"https:\/\/revolutionpadelstore.com\/pt-pt\/#website","url":"https:\/\/revolutionpadelstore.com\/pt-pt\/","name":"Revolution Padel Store","description":"","publisher":{"@id":"https:\/\/revolutionpadelstore.com\/pt-pt\/#organization"},"potentialAction":[{"@type":"SearchAction","target":{"@type":"EntryPoint","urlTemplate":"https:\/\/revolutionpadelstore.com\/pt-pt\/?s={search_term_string}"},"query-input":{"@type":"PropertyValueSpecification","valueRequired":true,"valueName":"search_term_string"}}],"inLanguage":"pt-PT"},{"@type":"Organization","@id":"https:\/\/revolutionpadelstore.com\/pt-pt\/#organization","name":"Revolution Padel Store","url":"https:\/\/revolutionpadelstore.com\/pt-pt\/","logo":{"@type":"ImageObject","inLanguage":"pt-PT","@id":"https:\/\/revolutionpadelstore.com\/pt-pt\/#\/schema\/logo\/image\/","url":"https:\/\/revolutionpadelstore.com\/wp-content\/uploads\/2026\/02\/revolution-padel-store.jpg","contentUrl":"https:\/\/revolutionpadelstore.com\/wp-content\/uploads\/2026\/02\/revolution-padel-store.jpg","width":2000,"height":2000,"caption":"Revolution Padel Store"},"image":{"@id":"https:\/\/revolutionpadelstore.com\/pt-pt\/#\/schema\/logo\/image\/"},"sameAs":["https:\/\/www.instagram.com\/revolutionpadelstore\/"]}]}},"_links":{"self":[{"href":"https:\/\/revolutionpadelstore.com\/pt-pt\/wp-json\/wp\/v2\/product\/72919","targetHints":{"allow":["GET"]}}],"collection":[{"href":"https:\/\/revolutionpadelstore.com\/pt-pt\/wp-json\/wp\/v2\/product"}],"about":[{"href":"https:\/\/revolutionpadelstore.com\/pt-pt\/wp-json\/wp\/v2\/types\/product"}],"replies":[{"embeddable":true,"href":"https:\/\/revolutionpadelstore.com\/pt-pt\/wp-json\/wp\/v2\/comments?post=72919"}],"wp:featuredmedia":[{"embeddable":true,"href":"https:\/\/revolutionpadelstore.com\/pt-pt\/wp-json\/wp\/v2\/media\/62499"}],"wp:attachment":[{"href":"https:\/\/revolutionpadelstore.com\/pt-pt\/wp-json\/wp\/v2\/media?parent=72919"}],"wp:term":[{"taxonomy":"acabado","embeddable":true,"href":"https:\/\/revolutionpadelstore.com\/pt-pt\/wp-json\/wp\/v2\/acabado?post=72919"},{"taxonomy":"balance","embeddable":true,"href":"https:\/\/revolutionpadelstore.com\/pt-pt\/wp-json\/wp\/v2\/balance?post=72919"},{"taxonomy":"dureza","embeddable":true,"href":"https:\/\/revolutionpadelstore.com\/pt-pt\/wp-json\/wp\/v2\/dureza?post=72919"},{"taxonomy":"forma","embeddable":true,"href":"https:\/\/revolutionpadelstore.com\/pt-pt\/wp-json\/wp\/v2\/forma?post=72919"},{"taxonomy":"jugador","embeddable":true,"href":"https:\/\/revolutionpadelstore.com\/pt-pt\/wp-json\/wp\/v2\/jugador?post=72919"},{"taxonomy":"marca","embeddable":true,"href":"https:\/\/revolutionpadelstore.com\/pt-pt\/wp-json\/wp\/v2\/marca?post=72919"},{"taxonomy":"nivel-de-juego","embeddable":true,"href":"https:\/\/revolutionpadelstore.com\/pt-pt\/wp-json\/wp\/v2\/nivel-de-juego?post=72919"},{"taxonomy":"superficie","embeddable":true,"href":"https:\/\/revolutionpadelstore.com\/pt-pt\/wp-json\/wp\/v2\/superficie?post=72919"},{"taxonomy":"tipo-de-juego","embeddable":true,"href":"https:\/\/revolutionpadelstore.com\/pt-pt\/wp-json\/wp\/v2\/tipo-de-juego?post=72919"},{"taxonomy":"product_brand","embeddable":true,"href":"https:\/\/revolutionpadelstore.com\/pt-pt\/wp-json\/wp\/v2\/product_brand?post=72919"},{"taxonomy":"product_cat","embeddable":true,"href":"https:\/\/revolutionpadelstore.com\/pt-pt\/wp-json\/wp\/v2\/product_cat?post=72919"},{"taxonomy":"product_tag","embeddable":true,"href":"https:\/\/revolutionpadelstore.com\/pt-pt\/wp-json\/wp\/v2\/product_tag?post=72919"}],"curies":[{"name":"wp","href":"https:\/\/api.w.org\/{rel}","templated":true}]}}