{"id":72914,"date":"2024-08-22T17:44:29","date_gmt":"2024-08-22T15:44:29","guid":{"rendered":"https:\/\/revolutionpadelstore.com\/cajon-pelotas-wilson-premier-padel-speed\/"},"modified":"2026-04-16T14:02:32","modified_gmt":"2026-04-16T12:02:32","slug":"cajon-pelotas-wilson-premier-padel-speed-5","status":"publish","type":"product","link":"https:\/\/revolutionpadelstore.com\/pt-pt\/produto\/cajon-pelotas-wilson-premier-padel-speed-5\/","title":{"rendered":"CAJON PELOTAS WILSON PREMIER PADEL SPEED"},"content":{"rendered":"<p>A espera valeu a pena. Temos agora dispon\u00edvel a WILSON PREMIER PADEL SPEED BALL BOX, as novas bolas profissionais para o circuito Premier Padel, a melhor competi\u00e7\u00e3o de padel do mundo. Ap\u00f3s este novo acordo entre Wilson e Premier Padel, eles criaram bolas de padel incr\u00edveis, algumas das mais r\u00e1pidas que existem para quaisquer condi\u00e7\u00f5es em que sejam utilizadas.<\/p>\n<p>S\u00e3o <a href=\"https:\/\/www.padeliberico.es\/pelotas-softee\"><strong>bolas de remo<\/strong><\/a> muito r\u00e1pidas, o que melhora nosso jogo na zona de ataque para ver melhorado. Al\u00e9m disso, apostaram, como n\u00e3o poderia deixar de ser, na durabilidade, o que os torna ideais para jogadores que procuram um modelo que dure mais sem perder o desempenho.<\/p>\n<p>Esta caixa cont\u00e9m 24 potes com 3 bolas cada.<\/p>\n","protected":false},"excerpt":{"rendered":"<p>As melhores bolas de padel do mercado. \u00c9 a bola oficial do circuito profissional Premier Padel.<\/p>\n","protected":false},"featured_media":62512,"comment_status":"open","ping_status":"closed","template":"","meta":{"_acf_changed":false,"_joinchat":[]},"acabado":[],"balance":[],"dureza":[],"forma":[],"jugador":[],"marca":[1265],"nivel-de-juego":[],"superficie":[],"tipo-de-juego":[],"product_brand":[],"product_cat":[604],"product_tag":[],"class_list":{"0":"post-72914","1":"product","2":"type-product","3":"status-publish","4":"has-post-thumbnail","6":"marca-wilson-pt-pt","7":"product_cat-bolas","9":"first","10":"instock","11":"sale","12":"taxable","13":"shipping-taxable","14":"purchasable","15":"product-type-simple"},"acf":[],"yoast_head":"<!-- This site is optimized with the Yoast SEO plugin v27.4 - https:\/\/yoast.com\/product\/yoast-seo-wordpress\/ -->\n<title>CAJON PELOTAS WILSON PREMIER PADEL SPEED - Revolution Padel Store<\/title>\n<meta name=\"description\" content=\"La espera ha valido la pena. Ya tenemos disponible el CAJON PELOTAS WILSON PREMIER PADEL SPEED, las nuevas pelotas profesionales para el circuito Premier Padel, la mejor competici\u00f3n de p\u00e1del a nivel mundial. Tras este nuevo acuerdo de Wilson con Premier Padel, han creado unas pelotas de p\u00e1del incre\u00edbles, de las m\u00e1s r\u00e1pidas que hay para cualquier condici\u00f3n donde se usen.Son unas pelotas de p\u00e1del muy r\u00e1pidas con lo que nuestro juego en la zona de ataque se va a ver potenciado. Adem\u00e1s, se han enfocado como no puede ser de otro modo en la durabilidad, lo que las hace ideales para jugadores que buscan un modelo que dure m\u00e1s tiempo sin perder su rendimiento.\" \/>\n<meta name=\"robots\" content=\"index, follow, max-snippet:-1, max-image-preview:large, max-video-preview:-1\" \/>\n<link rel=\"canonical\" href=\"https:\/\/revolutionpadelstore.com\/pt-pt\/produto\/cajon-pelotas-wilson-premier-padel-speed-5\/\" \/>\n<meta property=\"og:locale\" content=\"pt_PT\" \/>\n<meta property=\"og:type\" content=\"article\" \/>\n<meta property=\"og:title\" content=\"CAJON PELOTAS WILSON PREMIER PADEL SPEED - Revolution Padel Store\" \/>\n<meta property=\"og:description\" content=\"La espera ha valido la pena. Ya tenemos disponible el CAJON PELOTAS WILSON PREMIER PADEL SPEED, las nuevas pelotas profesionales para el circuito Premier Padel, la mejor competici\u00f3n de p\u00e1del a nivel mundial. Tras este nuevo acuerdo de Wilson con Premier Padel, han creado unas pelotas de p\u00e1del incre\u00edbles, de las m\u00e1s r\u00e1pidas que hay para cualquier condici\u00f3n donde se usen.Son unas pelotas de p\u00e1del muy r\u00e1pidas con lo que nuestro juego en la zona de ataque se va a ver potenciado. Adem\u00e1s, se han enfocado como no puede ser de otro modo en la durabilidad, lo que las hace ideales para jugadores que buscan un modelo que dure m\u00e1s tiempo sin perder su rendimiento.\" \/>\n<meta property=\"og:url\" content=\"https:\/\/revolutionpadelstore.com\/pt-pt\/produto\/cajon-pelotas-wilson-premier-padel-speed-5\/\" \/>\n<meta property=\"og:site_name\" content=\"Revolution Padel Store\" \/>\n<meta property=\"article:modified_time\" content=\"2026-04-16T12:02:32+00:00\" \/>\n<meta property=\"og:image\" content=\"https:\/\/revolutionpadelstore.com\/wp-content\/uploads\/2024\/08\/cajon-pelotas-wilson-premier-padel-speed.jpg\" \/>\n\t<meta property=\"og:image:width\" content=\"800\" \/>\n\t<meta property=\"og:image:height\" content=\"800\" \/>\n\t<meta property=\"og:image:type\" content=\"image\/jpeg\" \/>\n<meta name=\"twitter:card\" content=\"summary_large_image\" \/>\n<meta name=\"twitter:label1\" content=\"Tempo estimado de leitura\" \/>\n\t<meta name=\"twitter:data1\" content=\"1 minuto\" \/>\n<script type=\"application\/ld+json\" class=\"yoast-schema-graph\">{\"@context\":\"https:\\\/\\\/schema.org\",\"@graph\":[{\"@type\":\"WebPage\",\"@id\":\"https:\\\/\\\/revolutionpadelstore.com\\\/pt-pt\\\/produto\\\/cajon-pelotas-wilson-premier-padel-speed-5\\\/\",\"url\":\"https:\\\/\\\/revolutionpadelstore.com\\\/pt-pt\\\/produto\\\/cajon-pelotas-wilson-premier-padel-speed-5\\\/\",\"name\":\"CAJON PELOTAS WILSON PREMIER PADEL SPEED - Revolution Padel Store\",\"isPartOf\":{\"@id\":\"https:\\\/\\\/revolutionpadelstore.com\\\/pt-pt\\\/#website\"},\"primaryImageOfPage\":{\"@id\":\"https:\\\/\\\/revolutionpadelstore.com\\\/pt-pt\\\/produto\\\/cajon-pelotas-wilson-premier-padel-speed-5\\\/#primaryimage\"},\"image\":{\"@id\":\"https:\\\/\\\/revolutionpadelstore.com\\\/pt-pt\\\/produto\\\/cajon-pelotas-wilson-premier-padel-speed-5\\\/#primaryimage\"},\"thumbnailUrl\":\"https:\\\/\\\/revolutionpadelstore.com\\\/wp-content\\\/uploads\\\/2024\\\/08\\\/cajon-pelotas-wilson-premier-padel-speed.jpg\",\"datePublished\":\"2024-08-22T15:44:29+00:00\",\"dateModified\":\"2026-04-16T12:02:32+00:00\",\"description\":\"La espera ha valido la pena. Ya tenemos disponible el CAJON PELOTAS WILSON PREMIER PADEL SPEED, las nuevas pelotas profesionales para el circuito Premier Padel, la mejor competici\u00f3n de p\u00e1del a nivel mundial. Tras este nuevo acuerdo de Wilson con Premier Padel, han creado unas pelotas de p\u00e1del incre\u00edbles, de las m\u00e1s r\u00e1pidas que hay para cualquier condici\u00f3n donde se usen.Son unas pelotas de p\u00e1del muy r\u00e1pidas con lo que nuestro juego en la zona de ataque se va a ver potenciado. Adem\u00e1s, se han enfocado como no puede ser de otro modo en la durabilidad, lo que las hace ideales para jugadores que buscan un modelo que dure m\u00e1s tiempo sin perder su rendimiento.\",\"breadcrumb\":{\"@id\":\"https:\\\/\\\/revolutionpadelstore.com\\\/pt-pt\\\/produto\\\/cajon-pelotas-wilson-premier-padel-speed-5\\\/#breadcrumb\"},\"inLanguage\":\"pt-PT\",\"potentialAction\":[{\"@type\":\"ReadAction\",\"target\":[\"https:\\\/\\\/revolutionpadelstore.com\\\/pt-pt\\\/produto\\\/cajon-pelotas-wilson-premier-padel-speed-5\\\/\"]}]},{\"@type\":\"ImageObject\",\"inLanguage\":\"pt-PT\",\"@id\":\"https:\\\/\\\/revolutionpadelstore.com\\\/pt-pt\\\/produto\\\/cajon-pelotas-wilson-premier-padel-speed-5\\\/#primaryimage\",\"url\":\"https:\\\/\\\/revolutionpadelstore.com\\\/wp-content\\\/uploads\\\/2024\\\/08\\\/cajon-pelotas-wilson-premier-padel-speed.jpg\",\"contentUrl\":\"https:\\\/\\\/revolutionpadelstore.com\\\/wp-content\\\/uploads\\\/2024\\\/08\\\/cajon-pelotas-wilson-premier-padel-speed.jpg\",\"width\":800,\"height\":800},{\"@type\":\"BreadcrumbList\",\"@id\":\"https:\\\/\\\/revolutionpadelstore.com\\\/pt-pt\\\/produto\\\/cajon-pelotas-wilson-premier-padel-speed-5\\\/#breadcrumb\",\"itemListElement\":[{\"@type\":\"ListItem\",\"position\":1,\"name\":\"Portada\",\"item\":\"https:\\\/\\\/revolutionpadelstore.com\\\/pt-pt\\\/\"},{\"@type\":\"ListItem\",\"position\":2,\"name\":\"Tienda\",\"item\":\"https:\\\/\\\/revolutionpadelstore.com\\\/pt-pt\\\/tienda\\\/\"},{\"@type\":\"ListItem\",\"position\":3,\"name\":\"CAJON PELOTAS WILSON PREMIER PADEL SPEED\"}]},{\"@type\":\"WebSite\",\"@id\":\"https:\\\/\\\/revolutionpadelstore.com\\\/pt-pt\\\/#website\",\"url\":\"https:\\\/\\\/revolutionpadelstore.com\\\/pt-pt\\\/\",\"name\":\"Revolution Padel Store\",\"description\":\"\",\"publisher\":{\"@id\":\"https:\\\/\\\/revolutionpadelstore.com\\\/pt-pt\\\/#organization\"},\"potentialAction\":[{\"@type\":\"SearchAction\",\"target\":{\"@type\":\"EntryPoint\",\"urlTemplate\":\"https:\\\/\\\/revolutionpadelstore.com\\\/pt-pt\\\/?s={search_term_string}\"},\"query-input\":{\"@type\":\"PropertyValueSpecification\",\"valueRequired\":true,\"valueName\":\"search_term_string\"}}],\"inLanguage\":\"pt-PT\"},{\"@type\":\"Organization\",\"@id\":\"https:\\\/\\\/revolutionpadelstore.com\\\/pt-pt\\\/#organization\",\"name\":\"Revolution Padel Store\",\"url\":\"https:\\\/\\\/revolutionpadelstore.com\\\/pt-pt\\\/\",\"logo\":{\"@type\":\"ImageObject\",\"inLanguage\":\"pt-PT\",\"@id\":\"https:\\\/\\\/revolutionpadelstore.com\\\/pt-pt\\\/#\\\/schema\\\/logo\\\/image\\\/\",\"url\":\"https:\\\/\\\/revolutionpadelstore.com\\\/wp-content\\\/uploads\\\/2026\\\/02\\\/revolution-padel-store.jpg\",\"contentUrl\":\"https:\\\/\\\/revolutionpadelstore.com\\\/wp-content\\\/uploads\\\/2026\\\/02\\\/revolution-padel-store.jpg\",\"width\":2000,\"height\":2000,\"caption\":\"Revolution Padel Store\"},\"image\":{\"@id\":\"https:\\\/\\\/revolutionpadelstore.com\\\/pt-pt\\\/#\\\/schema\\\/logo\\\/image\\\/\"},\"sameAs\":[\"https:\\\/\\\/www.instagram.com\\\/revolutionpadelstore\\\/\"]}]}<\/script>\n<!-- \/ Yoast SEO plugin. -->","yoast_head_json":{"title":"CAJON PELOTAS WILSON PREMIER PADEL SPEED - Revolution Padel Store","description":"La espera ha valido la pena. Ya tenemos disponible el CAJON PELOTAS WILSON PREMIER PADEL SPEED, las nuevas pelotas profesionales para el circuito Premier Padel, la mejor competici\u00f3n de p\u00e1del a nivel mundial. Tras este nuevo acuerdo de Wilson con Premier Padel, han creado unas pelotas de p\u00e1del incre\u00edbles, de las m\u00e1s r\u00e1pidas que hay para cualquier condici\u00f3n donde se usen.Son unas pelotas de p\u00e1del muy r\u00e1pidas con lo que nuestro juego en la zona de ataque se va a ver potenciado. Adem\u00e1s, se han enfocado como no puede ser de otro modo en la durabilidad, lo que las hace ideales para jugadores que buscan un modelo que dure m\u00e1s tiempo sin perder su rendimiento.","robots":{"index":"index","follow":"follow","max-snippet":"max-snippet:-1","max-image-preview":"max-image-preview:large","max-video-preview":"max-video-preview:-1"},"canonical":"https:\/\/revolutionpadelstore.com\/pt-pt\/produto\/cajon-pelotas-wilson-premier-padel-speed-5\/","og_locale":"pt_PT","og_type":"article","og_title":"CAJON PELOTAS WILSON PREMIER PADEL SPEED - Revolution Padel Store","og_description":"La espera ha valido la pena. Ya tenemos disponible el CAJON PELOTAS WILSON PREMIER PADEL SPEED, las nuevas pelotas profesionales para el circuito Premier Padel, la mejor competici\u00f3n de p\u00e1del a nivel mundial. Tras este nuevo acuerdo de Wilson con Premier Padel, han creado unas pelotas de p\u00e1del incre\u00edbles, de las m\u00e1s r\u00e1pidas que hay para cualquier condici\u00f3n donde se usen.Son unas pelotas de p\u00e1del muy r\u00e1pidas con lo que nuestro juego en la zona de ataque se va a ver potenciado. Adem\u00e1s, se han enfocado como no puede ser de otro modo en la durabilidad, lo que las hace ideales para jugadores que buscan un modelo que dure m\u00e1s tiempo sin perder su rendimiento.","og_url":"https:\/\/revolutionpadelstore.com\/pt-pt\/produto\/cajon-pelotas-wilson-premier-padel-speed-5\/","og_site_name":"Revolution Padel Store","article_modified_time":"2026-04-16T12:02:32+00:00","og_image":[{"width":800,"height":800,"url":"https:\/\/revolutionpadelstore.com\/wp-content\/uploads\/2024\/08\/cajon-pelotas-wilson-premier-padel-speed.jpg","type":"image\/jpeg"}],"twitter_card":"summary_large_image","twitter_misc":{"Tempo estimado de leitura":"1 minuto"},"schema":{"@context":"https:\/\/schema.org","@graph":[{"@type":"WebPage","@id":"https:\/\/revolutionpadelstore.com\/pt-pt\/produto\/cajon-pelotas-wilson-premier-padel-speed-5\/","url":"https:\/\/revolutionpadelstore.com\/pt-pt\/produto\/cajon-pelotas-wilson-premier-padel-speed-5\/","name":"CAJON PELOTAS WILSON PREMIER PADEL SPEED - Revolution Padel Store","isPartOf":{"@id":"https:\/\/revolutionpadelstore.com\/pt-pt\/#website"},"primaryImageOfPage":{"@id":"https:\/\/revolutionpadelstore.com\/pt-pt\/produto\/cajon-pelotas-wilson-premier-padel-speed-5\/#primaryimage"},"image":{"@id":"https:\/\/revolutionpadelstore.com\/pt-pt\/produto\/cajon-pelotas-wilson-premier-padel-speed-5\/#primaryimage"},"thumbnailUrl":"https:\/\/revolutionpadelstore.com\/wp-content\/uploads\/2024\/08\/cajon-pelotas-wilson-premier-padel-speed.jpg","datePublished":"2024-08-22T15:44:29+00:00","dateModified":"2026-04-16T12:02:32+00:00","description":"La espera ha valido la pena. Ya tenemos disponible el CAJON PELOTAS WILSON PREMIER PADEL SPEED, las nuevas pelotas profesionales para el circuito Premier Padel, la mejor competici\u00f3n de p\u00e1del a nivel mundial. Tras este nuevo acuerdo de Wilson con Premier Padel, han creado unas pelotas de p\u00e1del incre\u00edbles, de las m\u00e1s r\u00e1pidas que hay para cualquier condici\u00f3n donde se usen.Son unas pelotas de p\u00e1del muy r\u00e1pidas con lo que nuestro juego en la zona de ataque se va a ver potenciado. Adem\u00e1s, se han enfocado como no puede ser de otro modo en la durabilidad, lo que las hace ideales para jugadores que buscan un modelo que dure m\u00e1s tiempo sin perder su rendimiento.","breadcrumb":{"@id":"https:\/\/revolutionpadelstore.com\/pt-pt\/produto\/cajon-pelotas-wilson-premier-padel-speed-5\/#breadcrumb"},"inLanguage":"pt-PT","potentialAction":[{"@type":"ReadAction","target":["https:\/\/revolutionpadelstore.com\/pt-pt\/produto\/cajon-pelotas-wilson-premier-padel-speed-5\/"]}]},{"@type":"ImageObject","inLanguage":"pt-PT","@id":"https:\/\/revolutionpadelstore.com\/pt-pt\/produto\/cajon-pelotas-wilson-premier-padel-speed-5\/#primaryimage","url":"https:\/\/revolutionpadelstore.com\/wp-content\/uploads\/2024\/08\/cajon-pelotas-wilson-premier-padel-speed.jpg","contentUrl":"https:\/\/revolutionpadelstore.com\/wp-content\/uploads\/2024\/08\/cajon-pelotas-wilson-premier-padel-speed.jpg","width":800,"height":800},{"@type":"BreadcrumbList","@id":"https:\/\/revolutionpadelstore.com\/pt-pt\/produto\/cajon-pelotas-wilson-premier-padel-speed-5\/#breadcrumb","itemListElement":[{"@type":"ListItem","position":1,"name":"Portada","item":"https:\/\/revolutionpadelstore.com\/pt-pt\/"},{"@type":"ListItem","position":2,"name":"Tienda","item":"https:\/\/revolutionpadelstore.com\/pt-pt\/tienda\/"},{"@type":"ListItem","position":3,"name":"CAJON PELOTAS WILSON PREMIER PADEL SPEED"}]},{"@type":"WebSite","@id":"https:\/\/revolutionpadelstore.com\/pt-pt\/#website","url":"https:\/\/revolutionpadelstore.com\/pt-pt\/","name":"Revolution Padel Store","description":"","publisher":{"@id":"https:\/\/revolutionpadelstore.com\/pt-pt\/#organization"},"potentialAction":[{"@type":"SearchAction","target":{"@type":"EntryPoint","urlTemplate":"https:\/\/revolutionpadelstore.com\/pt-pt\/?s={search_term_string}"},"query-input":{"@type":"PropertyValueSpecification","valueRequired":true,"valueName":"search_term_string"}}],"inLanguage":"pt-PT"},{"@type":"Organization","@id":"https:\/\/revolutionpadelstore.com\/pt-pt\/#organization","name":"Revolution Padel Store","url":"https:\/\/revolutionpadelstore.com\/pt-pt\/","logo":{"@type":"ImageObject","inLanguage":"pt-PT","@id":"https:\/\/revolutionpadelstore.com\/pt-pt\/#\/schema\/logo\/image\/","url":"https:\/\/revolutionpadelstore.com\/wp-content\/uploads\/2026\/02\/revolution-padel-store.jpg","contentUrl":"https:\/\/revolutionpadelstore.com\/wp-content\/uploads\/2026\/02\/revolution-padel-store.jpg","width":2000,"height":2000,"caption":"Revolution Padel Store"},"image":{"@id":"https:\/\/revolutionpadelstore.com\/pt-pt\/#\/schema\/logo\/image\/"},"sameAs":["https:\/\/www.instagram.com\/revolutionpadelstore\/"]}]}},"_links":{"self":[{"href":"https:\/\/revolutionpadelstore.com\/pt-pt\/wp-json\/wp\/v2\/product\/72914","targetHints":{"allow":["GET"]}}],"collection":[{"href":"https:\/\/revolutionpadelstore.com\/pt-pt\/wp-json\/wp\/v2\/product"}],"about":[{"href":"https:\/\/revolutionpadelstore.com\/pt-pt\/wp-json\/wp\/v2\/types\/product"}],"replies":[{"embeddable":true,"href":"https:\/\/revolutionpadelstore.com\/pt-pt\/wp-json\/wp\/v2\/comments?post=72914"}],"wp:featuredmedia":[{"embeddable":true,"href":"https:\/\/revolutionpadelstore.com\/pt-pt\/wp-json\/wp\/v2\/media\/62512"}],"wp:attachment":[{"href":"https:\/\/revolutionpadelstore.com\/pt-pt\/wp-json\/wp\/v2\/media?parent=72914"}],"wp:term":[{"taxonomy":"acabado","embeddable":true,"href":"https:\/\/revolutionpadelstore.com\/pt-pt\/wp-json\/wp\/v2\/acabado?post=72914"},{"taxonomy":"balance","embeddable":true,"href":"https:\/\/revolutionpadelstore.com\/pt-pt\/wp-json\/wp\/v2\/balance?post=72914"},{"taxonomy":"dureza","embeddable":true,"href":"https:\/\/revolutionpadelstore.com\/pt-pt\/wp-json\/wp\/v2\/dureza?post=72914"},{"taxonomy":"forma","embeddable":true,"href":"https:\/\/revolutionpadelstore.com\/pt-pt\/wp-json\/wp\/v2\/forma?post=72914"},{"taxonomy":"jugador","embeddable":true,"href":"https:\/\/revolutionpadelstore.com\/pt-pt\/wp-json\/wp\/v2\/jugador?post=72914"},{"taxonomy":"marca","embeddable":true,"href":"https:\/\/revolutionpadelstore.com\/pt-pt\/wp-json\/wp\/v2\/marca?post=72914"},{"taxonomy":"nivel-de-juego","embeddable":true,"href":"https:\/\/revolutionpadelstore.com\/pt-pt\/wp-json\/wp\/v2\/nivel-de-juego?post=72914"},{"taxonomy":"superficie","embeddable":true,"href":"https:\/\/revolutionpadelstore.com\/pt-pt\/wp-json\/wp\/v2\/superficie?post=72914"},{"taxonomy":"tipo-de-juego","embeddable":true,"href":"https:\/\/revolutionpadelstore.com\/pt-pt\/wp-json\/wp\/v2\/tipo-de-juego?post=72914"},{"taxonomy":"product_brand","embeddable":true,"href":"https:\/\/revolutionpadelstore.com\/pt-pt\/wp-json\/wp\/v2\/product_brand?post=72914"},{"taxonomy":"product_cat","embeddable":true,"href":"https:\/\/revolutionpadelstore.com\/pt-pt\/wp-json\/wp\/v2\/product_cat?post=72914"},{"taxonomy":"product_tag","embeddable":true,"href":"https:\/\/revolutionpadelstore.com\/pt-pt\/wp-json\/wp\/v2\/product_tag?post=72914"}],"curies":[{"name":"wp","href":"https:\/\/api.w.org\/{rel}","templated":true}]}}