{"id":72889,"date":"2024-08-24T23:16:47","date_gmt":"2024-08-24T21:16:47","guid":{"rendered":"https:\/\/revolutionpadelstore.com\/zapatilla-head-motion-team-padel-men-whbb-blanco\/"},"modified":"2026-04-08T10:52:06","modified_gmt":"2026-04-08T08:52:06","slug":"zapatilla-head-motion-team-padel-men-whbb-blanco-5","status":"publish","type":"product","link":"https:\/\/revolutionpadelstore.com\/pt-pt\/produto\/zapatilla-head-motion-team-padel-men-whbb-blanco-5\/","title":{"rendered":"ZAPATILLA HEAD MOTION TEAM PADEL MEN WHBB BLANCO"},"content":{"rendered":"<h2>Head Motion Team Padel Masculino Branco<\/h2>\n<p>Os cal\u00e7ados <strong>Head Motion Team Padel Men White<\/strong> s\u00e3o ideais para jogadores de padel. Confort\u00e1veis \u200b\u200be dur\u00e1veis, oferecem estabilidade e flexibilidade a cada passo. Sua sola com padr\u00e3o misto e borracha resistente <em>Hybrasion<\/em> garante \u00f3tima ader\u00eancia e 360\u00ba em todas as dire\u00e7\u00f5es da quadra.<\/p>\n<p>Al\u00e9m disso, a entressola com haste anti-tor\u00e7\u00e3o de tripla densidade proporciona estabilidade e a borracha EVA proporciona amortecimento excepcional. O design tem uma parte superior em malha leve e respir\u00e1vel e o sistema Lockdown Strap garante um suporte ideal na zona do meio do p\u00e9. Com recursos como prote\u00e7\u00e3o Drift Defense na ponta e na parte central, esses cal\u00e7ados se destacam pela qualidade e desempenho.<\/p>\n<h2>Caracter\u00edsticas da equipe Head Motion Padel Masculino Branco<\/h2>\n<p>Sola mista com ader\u00eancia 360 em qualquer dire\u00e7\u00e3o.<br \/>\nTecnologia de controle lateral, estabilidade lateral para evitar tor\u00e7\u00e3o do tornozelo<br \/>\nProte\u00e7\u00e3o dos dedos dos p\u00e9s.<br \/>\nMateriais resistentes e leves.<\/p>\n<h2>Head Motion Team Padel Men Blanco<\/h2>\n","protected":false},"excerpt":{"rendered":"<p>Head Motion Team Padel Men Branco, sapatos de padel com sola mista 360 grip.<\/p>\n","protected":false},"featured_media":62680,"comment_status":"open","ping_status":"closed","template":"","meta":{"_acf_changed":false,"_joinchat":[]},"acabado":[],"balance":[],"dureza":[],"forma":[],"jugador":[1190],"marca":[1220],"nivel-de-juego":[],"superficie":[],"tipo-de-juego":[],"product_brand":[],"product_cat":[401],"product_tag":[],"class_list":{"0":"post-72889","1":"product","2":"type-product","3":"status-publish","4":"has-post-thumbnail","6":"jugador-homem","7":"marca-cabeca","8":"product_cat-tenis-masculino","10":"first","11":"outofstock","12":"sale","13":"taxable","14":"shipping-taxable","15":"purchasable","16":"product-type-variable"},"acf":[],"yoast_head":"<!-- This site is optimized with the Yoast SEO plugin v27.4 - https:\/\/yoast.com\/product\/yoast-seo-wordpress\/ -->\n<title>ZAPATILLA HEAD MOTION TEAM PADEL MEN WHBB BLANCO - Revolution Padel Store<\/title>\n<meta name=\"description\" content=\"Las zapatillas\u00a0Head Motion Team Padel Men Blanco\u00a0son ideales para las jugadores de p\u00e1del. Confortables y duraderas, ofrecen estabilidad y flexibilidad en cada paso. Su suela con dibujo mixto y goma resistente\u00a0Hybrasion\u00a0garantiza un agarre \u00f3ptimo y 360 en todas las direcciones en la pista.\" \/>\n<meta name=\"robots\" content=\"index, follow, max-snippet:-1, max-image-preview:large, max-video-preview:-1\" \/>\n<link rel=\"canonical\" href=\"https:\/\/revolutionpadelstore.com\/pt-pt\/produto\/zapatilla-head-motion-team-padel-men-whbb-blanco-5\/\" \/>\n<meta property=\"og:locale\" content=\"pt_PT\" \/>\n<meta property=\"og:type\" content=\"article\" \/>\n<meta property=\"og:title\" content=\"ZAPATILLA HEAD MOTION TEAM PADEL MEN WHBB BLANCO - Revolution Padel Store\" \/>\n<meta property=\"og:description\" content=\"Las zapatillas\u00a0Head Motion Team Padel Men Blanco\u00a0son ideales para las jugadores de p\u00e1del. Confortables y duraderas, ofrecen estabilidad y flexibilidad en cada paso. Su suela con dibujo mixto y goma resistente\u00a0Hybrasion\u00a0garantiza un agarre \u00f3ptimo y 360 en todas las direcciones en la pista.\" \/>\n<meta property=\"og:url\" content=\"https:\/\/revolutionpadelstore.com\/pt-pt\/produto\/zapatilla-head-motion-team-padel-men-whbb-blanco-5\/\" \/>\n<meta property=\"og:site_name\" content=\"Revolution Padel Store\" \/>\n<meta property=\"article:modified_time\" content=\"2026-04-08T08:52:06+00:00\" \/>\n<meta property=\"og:image\" content=\"https:\/\/revolutionpadelstore.com\/wp-content\/uploads\/2024\/08\/mob1.jpg\" \/>\n\t<meta property=\"og:image:width\" content=\"800\" \/>\n\t<meta property=\"og:image:height\" content=\"800\" \/>\n\t<meta property=\"og:image:type\" content=\"image\/jpeg\" \/>\n<meta name=\"twitter:card\" content=\"summary_large_image\" \/>\n<meta name=\"twitter:label1\" content=\"Tempo estimado de leitura\" \/>\n\t<meta name=\"twitter:data1\" content=\"1 minuto\" \/>\n<script type=\"application\/ld+json\" class=\"yoast-schema-graph\">{\"@context\":\"https:\\\/\\\/schema.org\",\"@graph\":[{\"@type\":\"WebPage\",\"@id\":\"https:\\\/\\\/revolutionpadelstore.com\\\/pt-pt\\\/produto\\\/zapatilla-head-motion-team-padel-men-whbb-blanco-5\\\/\",\"url\":\"https:\\\/\\\/revolutionpadelstore.com\\\/pt-pt\\\/produto\\\/zapatilla-head-motion-team-padel-men-whbb-blanco-5\\\/\",\"name\":\"ZAPATILLA HEAD MOTION TEAM PADEL MEN WHBB BLANCO - Revolution Padel Store\",\"isPartOf\":{\"@id\":\"https:\\\/\\\/revolutionpadelstore.com\\\/pt-pt\\\/#website\"},\"primaryImageOfPage\":{\"@id\":\"https:\\\/\\\/revolutionpadelstore.com\\\/pt-pt\\\/produto\\\/zapatilla-head-motion-team-padel-men-whbb-blanco-5\\\/#primaryimage\"},\"image\":{\"@id\":\"https:\\\/\\\/revolutionpadelstore.com\\\/pt-pt\\\/produto\\\/zapatilla-head-motion-team-padel-men-whbb-blanco-5\\\/#primaryimage\"},\"thumbnailUrl\":\"https:\\\/\\\/revolutionpadelstore.com\\\/wp-content\\\/uploads\\\/2024\\\/08\\\/mob1.jpg\",\"datePublished\":\"2024-08-24T21:16:47+00:00\",\"dateModified\":\"2026-04-08T08:52:06+00:00\",\"description\":\"Las zapatillas\u00a0Head Motion Team Padel Men Blanco\u00a0son ideales para las jugadores de p\u00e1del. Confortables y duraderas, ofrecen estabilidad y flexibilidad en cada paso. Su suela con dibujo mixto y goma resistente\u00a0Hybrasion\u00a0garantiza un agarre \u00f3ptimo y 360 en todas las direcciones en la pista.\",\"breadcrumb\":{\"@id\":\"https:\\\/\\\/revolutionpadelstore.com\\\/pt-pt\\\/produto\\\/zapatilla-head-motion-team-padel-men-whbb-blanco-5\\\/#breadcrumb\"},\"inLanguage\":\"pt-PT\",\"potentialAction\":[{\"@type\":\"ReadAction\",\"target\":[\"https:\\\/\\\/revolutionpadelstore.com\\\/pt-pt\\\/produto\\\/zapatilla-head-motion-team-padel-men-whbb-blanco-5\\\/\"]}]},{\"@type\":\"ImageObject\",\"inLanguage\":\"pt-PT\",\"@id\":\"https:\\\/\\\/revolutionpadelstore.com\\\/pt-pt\\\/produto\\\/zapatilla-head-motion-team-padel-men-whbb-blanco-5\\\/#primaryimage\",\"url\":\"https:\\\/\\\/revolutionpadelstore.com\\\/wp-content\\\/uploads\\\/2024\\\/08\\\/mob1.jpg\",\"contentUrl\":\"https:\\\/\\\/revolutionpadelstore.com\\\/wp-content\\\/uploads\\\/2024\\\/08\\\/mob1.jpg\",\"width\":800,\"height\":800},{\"@type\":\"BreadcrumbList\",\"@id\":\"https:\\\/\\\/revolutionpadelstore.com\\\/pt-pt\\\/produto\\\/zapatilla-head-motion-team-padel-men-whbb-blanco-5\\\/#breadcrumb\",\"itemListElement\":[{\"@type\":\"ListItem\",\"position\":1,\"name\":\"Portada\",\"item\":\"https:\\\/\\\/revolutionpadelstore.com\\\/pt-pt\\\/\"},{\"@type\":\"ListItem\",\"position\":2,\"name\":\"Tienda\",\"item\":\"https:\\\/\\\/revolutionpadelstore.com\\\/pt-pt\\\/tienda\\\/\"},{\"@type\":\"ListItem\",\"position\":3,\"name\":\"ZAPATILLA HEAD MOTION TEAM PADEL MEN WHBB BLANCO\"}]},{\"@type\":\"WebSite\",\"@id\":\"https:\\\/\\\/revolutionpadelstore.com\\\/pt-pt\\\/#website\",\"url\":\"https:\\\/\\\/revolutionpadelstore.com\\\/pt-pt\\\/\",\"name\":\"Revolution Padel Store\",\"description\":\"\",\"publisher\":{\"@id\":\"https:\\\/\\\/revolutionpadelstore.com\\\/pt-pt\\\/#organization\"},\"potentialAction\":[{\"@type\":\"SearchAction\",\"target\":{\"@type\":\"EntryPoint\",\"urlTemplate\":\"https:\\\/\\\/revolutionpadelstore.com\\\/pt-pt\\\/?s={search_term_string}\"},\"query-input\":{\"@type\":\"PropertyValueSpecification\",\"valueRequired\":true,\"valueName\":\"search_term_string\"}}],\"inLanguage\":\"pt-PT\"},{\"@type\":\"Organization\",\"@id\":\"https:\\\/\\\/revolutionpadelstore.com\\\/pt-pt\\\/#organization\",\"name\":\"Revolution Padel Store\",\"url\":\"https:\\\/\\\/revolutionpadelstore.com\\\/pt-pt\\\/\",\"logo\":{\"@type\":\"ImageObject\",\"inLanguage\":\"pt-PT\",\"@id\":\"https:\\\/\\\/revolutionpadelstore.com\\\/pt-pt\\\/#\\\/schema\\\/logo\\\/image\\\/\",\"url\":\"https:\\\/\\\/revolutionpadelstore.com\\\/wp-content\\\/uploads\\\/2026\\\/02\\\/revolution-padel-store.jpg\",\"contentUrl\":\"https:\\\/\\\/revolutionpadelstore.com\\\/wp-content\\\/uploads\\\/2026\\\/02\\\/revolution-padel-store.jpg\",\"width\":2000,\"height\":2000,\"caption\":\"Revolution Padel Store\"},\"image\":{\"@id\":\"https:\\\/\\\/revolutionpadelstore.com\\\/pt-pt\\\/#\\\/schema\\\/logo\\\/image\\\/\"},\"sameAs\":[\"https:\\\/\\\/www.instagram.com\\\/revolutionpadelstore\\\/\"]}]}<\/script>\n<!-- \/ Yoast SEO plugin. -->","yoast_head_json":{"title":"ZAPATILLA HEAD MOTION TEAM PADEL MEN WHBB BLANCO - Revolution Padel Store","description":"Las zapatillas\u00a0Head Motion Team Padel Men Blanco\u00a0son ideales para las jugadores de p\u00e1del. Confortables y duraderas, ofrecen estabilidad y flexibilidad en cada paso. Su suela con dibujo mixto y goma resistente\u00a0Hybrasion\u00a0garantiza un agarre \u00f3ptimo y 360 en todas las direcciones en la pista.","robots":{"index":"index","follow":"follow","max-snippet":"max-snippet:-1","max-image-preview":"max-image-preview:large","max-video-preview":"max-video-preview:-1"},"canonical":"https:\/\/revolutionpadelstore.com\/pt-pt\/produto\/zapatilla-head-motion-team-padel-men-whbb-blanco-5\/","og_locale":"pt_PT","og_type":"article","og_title":"ZAPATILLA HEAD MOTION TEAM PADEL MEN WHBB BLANCO - Revolution Padel Store","og_description":"Las zapatillas\u00a0Head Motion Team Padel Men Blanco\u00a0son ideales para las jugadores de p\u00e1del. Confortables y duraderas, ofrecen estabilidad y flexibilidad en cada paso. Su suela con dibujo mixto y goma resistente\u00a0Hybrasion\u00a0garantiza un agarre \u00f3ptimo y 360 en todas las direcciones en la pista.","og_url":"https:\/\/revolutionpadelstore.com\/pt-pt\/produto\/zapatilla-head-motion-team-padel-men-whbb-blanco-5\/","og_site_name":"Revolution Padel Store","article_modified_time":"2026-04-08T08:52:06+00:00","og_image":[{"width":800,"height":800,"url":"https:\/\/revolutionpadelstore.com\/wp-content\/uploads\/2024\/08\/mob1.jpg","type":"image\/jpeg"}],"twitter_card":"summary_large_image","twitter_misc":{"Tempo estimado de leitura":"1 minuto"},"schema":{"@context":"https:\/\/schema.org","@graph":[{"@type":"WebPage","@id":"https:\/\/revolutionpadelstore.com\/pt-pt\/produto\/zapatilla-head-motion-team-padel-men-whbb-blanco-5\/","url":"https:\/\/revolutionpadelstore.com\/pt-pt\/produto\/zapatilla-head-motion-team-padel-men-whbb-blanco-5\/","name":"ZAPATILLA HEAD MOTION TEAM PADEL MEN WHBB BLANCO - Revolution Padel Store","isPartOf":{"@id":"https:\/\/revolutionpadelstore.com\/pt-pt\/#website"},"primaryImageOfPage":{"@id":"https:\/\/revolutionpadelstore.com\/pt-pt\/produto\/zapatilla-head-motion-team-padel-men-whbb-blanco-5\/#primaryimage"},"image":{"@id":"https:\/\/revolutionpadelstore.com\/pt-pt\/produto\/zapatilla-head-motion-team-padel-men-whbb-blanco-5\/#primaryimage"},"thumbnailUrl":"https:\/\/revolutionpadelstore.com\/wp-content\/uploads\/2024\/08\/mob1.jpg","datePublished":"2024-08-24T21:16:47+00:00","dateModified":"2026-04-08T08:52:06+00:00","description":"Las zapatillas\u00a0Head Motion Team Padel Men Blanco\u00a0son ideales para las jugadores de p\u00e1del. Confortables y duraderas, ofrecen estabilidad y flexibilidad en cada paso. Su suela con dibujo mixto y goma resistente\u00a0Hybrasion\u00a0garantiza un agarre \u00f3ptimo y 360 en todas las direcciones en la pista.","breadcrumb":{"@id":"https:\/\/revolutionpadelstore.com\/pt-pt\/produto\/zapatilla-head-motion-team-padel-men-whbb-blanco-5\/#breadcrumb"},"inLanguage":"pt-PT","potentialAction":[{"@type":"ReadAction","target":["https:\/\/revolutionpadelstore.com\/pt-pt\/produto\/zapatilla-head-motion-team-padel-men-whbb-blanco-5\/"]}]},{"@type":"ImageObject","inLanguage":"pt-PT","@id":"https:\/\/revolutionpadelstore.com\/pt-pt\/produto\/zapatilla-head-motion-team-padel-men-whbb-blanco-5\/#primaryimage","url":"https:\/\/revolutionpadelstore.com\/wp-content\/uploads\/2024\/08\/mob1.jpg","contentUrl":"https:\/\/revolutionpadelstore.com\/wp-content\/uploads\/2024\/08\/mob1.jpg","width":800,"height":800},{"@type":"BreadcrumbList","@id":"https:\/\/revolutionpadelstore.com\/pt-pt\/produto\/zapatilla-head-motion-team-padel-men-whbb-blanco-5\/#breadcrumb","itemListElement":[{"@type":"ListItem","position":1,"name":"Portada","item":"https:\/\/revolutionpadelstore.com\/pt-pt\/"},{"@type":"ListItem","position":2,"name":"Tienda","item":"https:\/\/revolutionpadelstore.com\/pt-pt\/tienda\/"},{"@type":"ListItem","position":3,"name":"ZAPATILLA HEAD MOTION TEAM PADEL MEN WHBB BLANCO"}]},{"@type":"WebSite","@id":"https:\/\/revolutionpadelstore.com\/pt-pt\/#website","url":"https:\/\/revolutionpadelstore.com\/pt-pt\/","name":"Revolution Padel Store","description":"","publisher":{"@id":"https:\/\/revolutionpadelstore.com\/pt-pt\/#organization"},"potentialAction":[{"@type":"SearchAction","target":{"@type":"EntryPoint","urlTemplate":"https:\/\/revolutionpadelstore.com\/pt-pt\/?s={search_term_string}"},"query-input":{"@type":"PropertyValueSpecification","valueRequired":true,"valueName":"search_term_string"}}],"inLanguage":"pt-PT"},{"@type":"Organization","@id":"https:\/\/revolutionpadelstore.com\/pt-pt\/#organization","name":"Revolution Padel Store","url":"https:\/\/revolutionpadelstore.com\/pt-pt\/","logo":{"@type":"ImageObject","inLanguage":"pt-PT","@id":"https:\/\/revolutionpadelstore.com\/pt-pt\/#\/schema\/logo\/image\/","url":"https:\/\/revolutionpadelstore.com\/wp-content\/uploads\/2026\/02\/revolution-padel-store.jpg","contentUrl":"https:\/\/revolutionpadelstore.com\/wp-content\/uploads\/2026\/02\/revolution-padel-store.jpg","width":2000,"height":2000,"caption":"Revolution Padel Store"},"image":{"@id":"https:\/\/revolutionpadelstore.com\/pt-pt\/#\/schema\/logo\/image\/"},"sameAs":["https:\/\/www.instagram.com\/revolutionpadelstore\/"]}]}},"_links":{"self":[{"href":"https:\/\/revolutionpadelstore.com\/pt-pt\/wp-json\/wp\/v2\/product\/72889","targetHints":{"allow":["GET"]}}],"collection":[{"href":"https:\/\/revolutionpadelstore.com\/pt-pt\/wp-json\/wp\/v2\/product"}],"about":[{"href":"https:\/\/revolutionpadelstore.com\/pt-pt\/wp-json\/wp\/v2\/types\/product"}],"replies":[{"embeddable":true,"href":"https:\/\/revolutionpadelstore.com\/pt-pt\/wp-json\/wp\/v2\/comments?post=72889"}],"wp:featuredmedia":[{"embeddable":true,"href":"https:\/\/revolutionpadelstore.com\/pt-pt\/wp-json\/wp\/v2\/media\/62680"}],"wp:attachment":[{"href":"https:\/\/revolutionpadelstore.com\/pt-pt\/wp-json\/wp\/v2\/media?parent=72889"}],"wp:term":[{"taxonomy":"acabado","embeddable":true,"href":"https:\/\/revolutionpadelstore.com\/pt-pt\/wp-json\/wp\/v2\/acabado?post=72889"},{"taxonomy":"balance","embeddable":true,"href":"https:\/\/revolutionpadelstore.com\/pt-pt\/wp-json\/wp\/v2\/balance?post=72889"},{"taxonomy":"dureza","embeddable":true,"href":"https:\/\/revolutionpadelstore.com\/pt-pt\/wp-json\/wp\/v2\/dureza?post=72889"},{"taxonomy":"forma","embeddable":true,"href":"https:\/\/revolutionpadelstore.com\/pt-pt\/wp-json\/wp\/v2\/forma?post=72889"},{"taxonomy":"jugador","embeddable":true,"href":"https:\/\/revolutionpadelstore.com\/pt-pt\/wp-json\/wp\/v2\/jugador?post=72889"},{"taxonomy":"marca","embeddable":true,"href":"https:\/\/revolutionpadelstore.com\/pt-pt\/wp-json\/wp\/v2\/marca?post=72889"},{"taxonomy":"nivel-de-juego","embeddable":true,"href":"https:\/\/revolutionpadelstore.com\/pt-pt\/wp-json\/wp\/v2\/nivel-de-juego?post=72889"},{"taxonomy":"superficie","embeddable":true,"href":"https:\/\/revolutionpadelstore.com\/pt-pt\/wp-json\/wp\/v2\/superficie?post=72889"},{"taxonomy":"tipo-de-juego","embeddable":true,"href":"https:\/\/revolutionpadelstore.com\/pt-pt\/wp-json\/wp\/v2\/tipo-de-juego?post=72889"},{"taxonomy":"product_brand","embeddable":true,"href":"https:\/\/revolutionpadelstore.com\/pt-pt\/wp-json\/wp\/v2\/product_brand?post=72889"},{"taxonomy":"product_cat","embeddable":true,"href":"https:\/\/revolutionpadelstore.com\/pt-pt\/wp-json\/wp\/v2\/product_cat?post=72889"},{"taxonomy":"product_tag","embeddable":true,"href":"https:\/\/revolutionpadelstore.com\/pt-pt\/wp-json\/wp\/v2\/product_tag?post=72889"}],"curies":[{"name":"wp","href":"https:\/\/api.w.org\/{rel}","templated":true}]}}