{"id":72884,"date":"2024-08-24T23:44:33","date_gmt":"2024-08-24T21:44:33","guid":{"rendered":"https:\/\/revolutionpadelstore.com\/zapatilla-mizuno-wave-enforce-court-cc-blanco\/"},"modified":"2026-04-08T10:50:31","modified_gmt":"2026-04-08T08:50:31","slug":"zapatilla-mizuno-wave-enforce-court-cc-blanco-5","status":"publish","type":"product","link":"https:\/\/revolutionpadelstore.com\/pt-pt\/produto\/zapatilla-mizuno-wave-enforce-court-cc-blanco-5\/","title":{"rendered":"ZAPATILLA MIZUNO WAVE ENFORCE COURT CC BLANCO"},"content":{"rendered":"<h2>Mizuno Wave Enforce Court CC Branco<\/h2>\n<p>Os <strong>Mizuno Wave Enforce Court CC White<\/strong> s\u00e3o cal\u00e7ados de padel projetados para jogadores exigentes. Vindo na combina\u00e7\u00e3o das cores branco e azul, esses cal\u00e7ados n\u00e3o s\u00f3 oferecem um design atraente, mas tamb\u00e9m grande funcionalidade na quadra.<\/p>\n<p>Estes cal\u00e7ados s\u00e3o voltados para jogadores avan\u00e7ados que preferem jogar no fundo da quadra. Ideal para quem mant\u00e9m contato firme com o solo e desenvolve um jogo agressivo com golpes poderosos, o Mizuno Wave Enforce oferece suporte essencial para movimentos de rebatidas intensos.<\/p>\n<p>Se procura um cal\u00e7ado que o mantenha potente e est\u00e1vel at\u00e9 ao final do jogo, os Mizuno Wave Enforce Court CC s\u00e3o a escolha perfeita. Seu design e tecnologias avan\u00e7adas permitir\u00e3o que voc\u00ea desenvolva seu jogo ao mais alto n\u00edvel.<\/p>\n<h2>Mizuno Wave Enforce Court CC Blanco<\/h2>\n","protected":false},"excerpt":{"rendered":"<p>Descubra o t\u00eanis Mizuno Wave Enforce Court Cc feminino branco MIZUNO projetado para melhorar seu jogo. Com a tecnologia MIZUNO ENERZY CORE para alta recupera\u00e7\u00e3o de energia, amortece o impacto do solo e transfere peso suavemente. Com sola plana e refor\u00e7o lateral para suportar movimentos de rota\u00e7\u00e3o, garantindo estabilidade e ader\u00eancia.<\/p>\n","protected":false},"featured_media":68125,"comment_status":"open","ping_status":"closed","template":"","meta":{"_acf_changed":false,"_joinchat":[]},"acabado":[],"balance":[],"dureza":[],"forma":[],"jugador":[1195],"marca":[1330],"nivel-de-juego":[],"superficie":[],"tipo-de-juego":[],"product_brand":[],"product_cat":[454],"product_tag":[],"class_list":{"0":"post-72884","1":"product","2":"type-product","3":"status-publish","4":"has-post-thumbnail","6":"jugador-mulher","7":"marca-mizuno-pt-pt","8":"product_cat-tenis-femininos","10":"first","11":"outofstock","12":"sale","13":"taxable","14":"shipping-taxable","15":"purchasable","16":"product-type-variable"},"acf":[],"yoast_head":"<!-- This site is optimized with the Yoast SEO plugin v27.4 - https:\/\/yoast.com\/product\/yoast-seo-wordpress\/ -->\n<title>ZAPATILLA MIZUNO WAVE ENFORCE COURT CC BLANCO - Revolution Padel Store<\/title>\n<meta name=\"description\" content=\"Estas zapatillas est\u00e1n\u00a0dirigidas a jugadores avanzados\u00a0que prefieren un juego desde el fondo de la pista. Ideales para quienes mantienen un firme contacto con el suelo y desarrollan un juego agresivo con golpes potentes, las Mizuno Wave Enforce proporcionan un apoyo esencial para movimientos de golpeo intensos.\" \/>\n<meta name=\"robots\" content=\"index, follow, max-snippet:-1, max-image-preview:large, max-video-preview:-1\" \/>\n<link rel=\"canonical\" href=\"https:\/\/revolutionpadelstore.com\/pt-pt\/produto\/zapatilla-mizuno-wave-enforce-court-cc-blanco-5\/\" \/>\n<meta property=\"og:locale\" content=\"pt_PT\" \/>\n<meta property=\"og:type\" content=\"article\" \/>\n<meta property=\"og:title\" content=\"ZAPATILLA MIZUNO WAVE ENFORCE COURT CC BLANCO - Revolution Padel Store\" \/>\n<meta property=\"og:description\" content=\"Estas zapatillas est\u00e1n\u00a0dirigidas a jugadores avanzados\u00a0que prefieren un juego desde el fondo de la pista. Ideales para quienes mantienen un firme contacto con el suelo y desarrollan un juego agresivo con golpes potentes, las Mizuno Wave Enforce proporcionan un apoyo esencial para movimientos de golpeo intensos.\" \/>\n<meta property=\"og:url\" content=\"https:\/\/revolutionpadelstore.com\/pt-pt\/produto\/zapatilla-mizuno-wave-enforce-court-cc-blanco-5\/\" \/>\n<meta property=\"og:site_name\" content=\"Revolution Padel Store\" \/>\n<meta property=\"article:modified_time\" content=\"2026-04-08T08:50:31+00:00\" \/>\n<meta property=\"og:image\" content=\"https:\/\/revolutionpadelstore.com\/wp-content\/uploads\/2024\/08\/ASSASAS.webp\" \/>\n\t<meta property=\"og:image:width\" content=\"661\" \/>\n\t<meta property=\"og:image:height\" content=\"783\" \/>\n\t<meta property=\"og:image:type\" content=\"image\/webp\" \/>\n<meta name=\"twitter:card\" content=\"summary_large_image\" \/>\n<meta name=\"twitter:label1\" content=\"Tempo estimado de leitura\" \/>\n\t<meta name=\"twitter:data1\" content=\"1 minuto\" \/>\n<script type=\"application\/ld+json\" class=\"yoast-schema-graph\">{\"@context\":\"https:\\\/\\\/schema.org\",\"@graph\":[{\"@type\":\"WebPage\",\"@id\":\"https:\\\/\\\/revolutionpadelstore.com\\\/pt-pt\\\/produto\\\/zapatilla-mizuno-wave-enforce-court-cc-blanco-5\\\/\",\"url\":\"https:\\\/\\\/revolutionpadelstore.com\\\/pt-pt\\\/produto\\\/zapatilla-mizuno-wave-enforce-court-cc-blanco-5\\\/\",\"name\":\"ZAPATILLA MIZUNO WAVE ENFORCE COURT CC BLANCO - Revolution Padel Store\",\"isPartOf\":{\"@id\":\"https:\\\/\\\/revolutionpadelstore.com\\\/pt-pt\\\/#website\"},\"primaryImageOfPage\":{\"@id\":\"https:\\\/\\\/revolutionpadelstore.com\\\/pt-pt\\\/produto\\\/zapatilla-mizuno-wave-enforce-court-cc-blanco-5\\\/#primaryimage\"},\"image\":{\"@id\":\"https:\\\/\\\/revolutionpadelstore.com\\\/pt-pt\\\/produto\\\/zapatilla-mizuno-wave-enforce-court-cc-blanco-5\\\/#primaryimage\"},\"thumbnailUrl\":\"https:\\\/\\\/revolutionpadelstore.com\\\/wp-content\\\/uploads\\\/2024\\\/08\\\/ASSASAS.webp\",\"datePublished\":\"2024-08-24T21:44:33+00:00\",\"dateModified\":\"2026-04-08T08:50:31+00:00\",\"description\":\"Estas zapatillas est\u00e1n\u00a0dirigidas a jugadores avanzados\u00a0que prefieren un juego desde el fondo de la pista. Ideales para quienes mantienen un firme contacto con el suelo y desarrollan un juego agresivo con golpes potentes, las Mizuno Wave Enforce proporcionan un apoyo esencial para movimientos de golpeo intensos.\",\"breadcrumb\":{\"@id\":\"https:\\\/\\\/revolutionpadelstore.com\\\/pt-pt\\\/produto\\\/zapatilla-mizuno-wave-enforce-court-cc-blanco-5\\\/#breadcrumb\"},\"inLanguage\":\"pt-PT\",\"potentialAction\":[{\"@type\":\"ReadAction\",\"target\":[\"https:\\\/\\\/revolutionpadelstore.com\\\/pt-pt\\\/produto\\\/zapatilla-mizuno-wave-enforce-court-cc-blanco-5\\\/\"]}]},{\"@type\":\"ImageObject\",\"inLanguage\":\"pt-PT\",\"@id\":\"https:\\\/\\\/revolutionpadelstore.com\\\/pt-pt\\\/produto\\\/zapatilla-mizuno-wave-enforce-court-cc-blanco-5\\\/#primaryimage\",\"url\":\"https:\\\/\\\/revolutionpadelstore.com\\\/wp-content\\\/uploads\\\/2024\\\/08\\\/ASSASAS.webp\",\"contentUrl\":\"https:\\\/\\\/revolutionpadelstore.com\\\/wp-content\\\/uploads\\\/2024\\\/08\\\/ASSASAS.webp\",\"width\":661,\"height\":783},{\"@type\":\"BreadcrumbList\",\"@id\":\"https:\\\/\\\/revolutionpadelstore.com\\\/pt-pt\\\/produto\\\/zapatilla-mizuno-wave-enforce-court-cc-blanco-5\\\/#breadcrumb\",\"itemListElement\":[{\"@type\":\"ListItem\",\"position\":1,\"name\":\"Portada\",\"item\":\"https:\\\/\\\/revolutionpadelstore.com\\\/pt-pt\\\/\"},{\"@type\":\"ListItem\",\"position\":2,\"name\":\"Tienda\",\"item\":\"https:\\\/\\\/revolutionpadelstore.com\\\/pt-pt\\\/tienda\\\/\"},{\"@type\":\"ListItem\",\"position\":3,\"name\":\"ZAPATILLA MIZUNO WAVE ENFORCE COURT CC BLANCO\"}]},{\"@type\":\"WebSite\",\"@id\":\"https:\\\/\\\/revolutionpadelstore.com\\\/pt-pt\\\/#website\",\"url\":\"https:\\\/\\\/revolutionpadelstore.com\\\/pt-pt\\\/\",\"name\":\"Revolution Padel Store\",\"description\":\"\",\"publisher\":{\"@id\":\"https:\\\/\\\/revolutionpadelstore.com\\\/pt-pt\\\/#organization\"},\"potentialAction\":[{\"@type\":\"SearchAction\",\"target\":{\"@type\":\"EntryPoint\",\"urlTemplate\":\"https:\\\/\\\/revolutionpadelstore.com\\\/pt-pt\\\/?s={search_term_string}\"},\"query-input\":{\"@type\":\"PropertyValueSpecification\",\"valueRequired\":true,\"valueName\":\"search_term_string\"}}],\"inLanguage\":\"pt-PT\"},{\"@type\":\"Organization\",\"@id\":\"https:\\\/\\\/revolutionpadelstore.com\\\/pt-pt\\\/#organization\",\"name\":\"Revolution Padel Store\",\"url\":\"https:\\\/\\\/revolutionpadelstore.com\\\/pt-pt\\\/\",\"logo\":{\"@type\":\"ImageObject\",\"inLanguage\":\"pt-PT\",\"@id\":\"https:\\\/\\\/revolutionpadelstore.com\\\/pt-pt\\\/#\\\/schema\\\/logo\\\/image\\\/\",\"url\":\"https:\\\/\\\/revolutionpadelstore.com\\\/wp-content\\\/uploads\\\/2026\\\/02\\\/revolution-padel-store.jpg\",\"contentUrl\":\"https:\\\/\\\/revolutionpadelstore.com\\\/wp-content\\\/uploads\\\/2026\\\/02\\\/revolution-padel-store.jpg\",\"width\":2000,\"height\":2000,\"caption\":\"Revolution Padel Store\"},\"image\":{\"@id\":\"https:\\\/\\\/revolutionpadelstore.com\\\/pt-pt\\\/#\\\/schema\\\/logo\\\/image\\\/\"},\"sameAs\":[\"https:\\\/\\\/www.instagram.com\\\/revolutionpadelstore\\\/\"]}]}<\/script>\n<!-- \/ Yoast SEO plugin. -->","yoast_head_json":{"title":"ZAPATILLA MIZUNO WAVE ENFORCE COURT CC BLANCO - Revolution Padel Store","description":"Estas zapatillas est\u00e1n\u00a0dirigidas a jugadores avanzados\u00a0que prefieren un juego desde el fondo de la pista. Ideales para quienes mantienen un firme contacto con el suelo y desarrollan un juego agresivo con golpes potentes, las Mizuno Wave Enforce proporcionan un apoyo esencial para movimientos de golpeo intensos.","robots":{"index":"index","follow":"follow","max-snippet":"max-snippet:-1","max-image-preview":"max-image-preview:large","max-video-preview":"max-video-preview:-1"},"canonical":"https:\/\/revolutionpadelstore.com\/pt-pt\/produto\/zapatilla-mizuno-wave-enforce-court-cc-blanco-5\/","og_locale":"pt_PT","og_type":"article","og_title":"ZAPATILLA MIZUNO WAVE ENFORCE COURT CC BLANCO - Revolution Padel Store","og_description":"Estas zapatillas est\u00e1n\u00a0dirigidas a jugadores avanzados\u00a0que prefieren un juego desde el fondo de la pista. Ideales para quienes mantienen un firme contacto con el suelo y desarrollan un juego agresivo con golpes potentes, las Mizuno Wave Enforce proporcionan un apoyo esencial para movimientos de golpeo intensos.","og_url":"https:\/\/revolutionpadelstore.com\/pt-pt\/produto\/zapatilla-mizuno-wave-enforce-court-cc-blanco-5\/","og_site_name":"Revolution Padel Store","article_modified_time":"2026-04-08T08:50:31+00:00","og_image":[{"width":661,"height":783,"url":"https:\/\/revolutionpadelstore.com\/wp-content\/uploads\/2024\/08\/ASSASAS.webp","type":"image\/webp"}],"twitter_card":"summary_large_image","twitter_misc":{"Tempo estimado de leitura":"1 minuto"},"schema":{"@context":"https:\/\/schema.org","@graph":[{"@type":"WebPage","@id":"https:\/\/revolutionpadelstore.com\/pt-pt\/produto\/zapatilla-mizuno-wave-enforce-court-cc-blanco-5\/","url":"https:\/\/revolutionpadelstore.com\/pt-pt\/produto\/zapatilla-mizuno-wave-enforce-court-cc-blanco-5\/","name":"ZAPATILLA MIZUNO WAVE ENFORCE COURT CC BLANCO - Revolution Padel Store","isPartOf":{"@id":"https:\/\/revolutionpadelstore.com\/pt-pt\/#website"},"primaryImageOfPage":{"@id":"https:\/\/revolutionpadelstore.com\/pt-pt\/produto\/zapatilla-mizuno-wave-enforce-court-cc-blanco-5\/#primaryimage"},"image":{"@id":"https:\/\/revolutionpadelstore.com\/pt-pt\/produto\/zapatilla-mizuno-wave-enforce-court-cc-blanco-5\/#primaryimage"},"thumbnailUrl":"https:\/\/revolutionpadelstore.com\/wp-content\/uploads\/2024\/08\/ASSASAS.webp","datePublished":"2024-08-24T21:44:33+00:00","dateModified":"2026-04-08T08:50:31+00:00","description":"Estas zapatillas est\u00e1n\u00a0dirigidas a jugadores avanzados\u00a0que prefieren un juego desde el fondo de la pista. Ideales para quienes mantienen un firme contacto con el suelo y desarrollan un juego agresivo con golpes potentes, las Mizuno Wave Enforce proporcionan un apoyo esencial para movimientos de golpeo intensos.","breadcrumb":{"@id":"https:\/\/revolutionpadelstore.com\/pt-pt\/produto\/zapatilla-mizuno-wave-enforce-court-cc-blanco-5\/#breadcrumb"},"inLanguage":"pt-PT","potentialAction":[{"@type":"ReadAction","target":["https:\/\/revolutionpadelstore.com\/pt-pt\/produto\/zapatilla-mizuno-wave-enforce-court-cc-blanco-5\/"]}]},{"@type":"ImageObject","inLanguage":"pt-PT","@id":"https:\/\/revolutionpadelstore.com\/pt-pt\/produto\/zapatilla-mizuno-wave-enforce-court-cc-blanco-5\/#primaryimage","url":"https:\/\/revolutionpadelstore.com\/wp-content\/uploads\/2024\/08\/ASSASAS.webp","contentUrl":"https:\/\/revolutionpadelstore.com\/wp-content\/uploads\/2024\/08\/ASSASAS.webp","width":661,"height":783},{"@type":"BreadcrumbList","@id":"https:\/\/revolutionpadelstore.com\/pt-pt\/produto\/zapatilla-mizuno-wave-enforce-court-cc-blanco-5\/#breadcrumb","itemListElement":[{"@type":"ListItem","position":1,"name":"Portada","item":"https:\/\/revolutionpadelstore.com\/pt-pt\/"},{"@type":"ListItem","position":2,"name":"Tienda","item":"https:\/\/revolutionpadelstore.com\/pt-pt\/tienda\/"},{"@type":"ListItem","position":3,"name":"ZAPATILLA MIZUNO WAVE ENFORCE COURT CC BLANCO"}]},{"@type":"WebSite","@id":"https:\/\/revolutionpadelstore.com\/pt-pt\/#website","url":"https:\/\/revolutionpadelstore.com\/pt-pt\/","name":"Revolution Padel Store","description":"","publisher":{"@id":"https:\/\/revolutionpadelstore.com\/pt-pt\/#organization"},"potentialAction":[{"@type":"SearchAction","target":{"@type":"EntryPoint","urlTemplate":"https:\/\/revolutionpadelstore.com\/pt-pt\/?s={search_term_string}"},"query-input":{"@type":"PropertyValueSpecification","valueRequired":true,"valueName":"search_term_string"}}],"inLanguage":"pt-PT"},{"@type":"Organization","@id":"https:\/\/revolutionpadelstore.com\/pt-pt\/#organization","name":"Revolution Padel Store","url":"https:\/\/revolutionpadelstore.com\/pt-pt\/","logo":{"@type":"ImageObject","inLanguage":"pt-PT","@id":"https:\/\/revolutionpadelstore.com\/pt-pt\/#\/schema\/logo\/image\/","url":"https:\/\/revolutionpadelstore.com\/wp-content\/uploads\/2026\/02\/revolution-padel-store.jpg","contentUrl":"https:\/\/revolutionpadelstore.com\/wp-content\/uploads\/2026\/02\/revolution-padel-store.jpg","width":2000,"height":2000,"caption":"Revolution Padel Store"},"image":{"@id":"https:\/\/revolutionpadelstore.com\/pt-pt\/#\/schema\/logo\/image\/"},"sameAs":["https:\/\/www.instagram.com\/revolutionpadelstore\/"]}]}},"_links":{"self":[{"href":"https:\/\/revolutionpadelstore.com\/pt-pt\/wp-json\/wp\/v2\/product\/72884","targetHints":{"allow":["GET"]}}],"collection":[{"href":"https:\/\/revolutionpadelstore.com\/pt-pt\/wp-json\/wp\/v2\/product"}],"about":[{"href":"https:\/\/revolutionpadelstore.com\/pt-pt\/wp-json\/wp\/v2\/types\/product"}],"replies":[{"embeddable":true,"href":"https:\/\/revolutionpadelstore.com\/pt-pt\/wp-json\/wp\/v2\/comments?post=72884"}],"wp:featuredmedia":[{"embeddable":true,"href":"https:\/\/revolutionpadelstore.com\/pt-pt\/wp-json\/wp\/v2\/media\/68125"}],"wp:attachment":[{"href":"https:\/\/revolutionpadelstore.com\/pt-pt\/wp-json\/wp\/v2\/media?parent=72884"}],"wp:term":[{"taxonomy":"acabado","embeddable":true,"href":"https:\/\/revolutionpadelstore.com\/pt-pt\/wp-json\/wp\/v2\/acabado?post=72884"},{"taxonomy":"balance","embeddable":true,"href":"https:\/\/revolutionpadelstore.com\/pt-pt\/wp-json\/wp\/v2\/balance?post=72884"},{"taxonomy":"dureza","embeddable":true,"href":"https:\/\/revolutionpadelstore.com\/pt-pt\/wp-json\/wp\/v2\/dureza?post=72884"},{"taxonomy":"forma","embeddable":true,"href":"https:\/\/revolutionpadelstore.com\/pt-pt\/wp-json\/wp\/v2\/forma?post=72884"},{"taxonomy":"jugador","embeddable":true,"href":"https:\/\/revolutionpadelstore.com\/pt-pt\/wp-json\/wp\/v2\/jugador?post=72884"},{"taxonomy":"marca","embeddable":true,"href":"https:\/\/revolutionpadelstore.com\/pt-pt\/wp-json\/wp\/v2\/marca?post=72884"},{"taxonomy":"nivel-de-juego","embeddable":true,"href":"https:\/\/revolutionpadelstore.com\/pt-pt\/wp-json\/wp\/v2\/nivel-de-juego?post=72884"},{"taxonomy":"superficie","embeddable":true,"href":"https:\/\/revolutionpadelstore.com\/pt-pt\/wp-json\/wp\/v2\/superficie?post=72884"},{"taxonomy":"tipo-de-juego","embeddable":true,"href":"https:\/\/revolutionpadelstore.com\/pt-pt\/wp-json\/wp\/v2\/tipo-de-juego?post=72884"},{"taxonomy":"product_brand","embeddable":true,"href":"https:\/\/revolutionpadelstore.com\/pt-pt\/wp-json\/wp\/v2\/product_brand?post=72884"},{"taxonomy":"product_cat","embeddable":true,"href":"https:\/\/revolutionpadelstore.com\/pt-pt\/wp-json\/wp\/v2\/product_cat?post=72884"},{"taxonomy":"product_tag","embeddable":true,"href":"https:\/\/revolutionpadelstore.com\/pt-pt\/wp-json\/wp\/v2\/product_tag?post=72884"}],"curies":[{"name":"wp","href":"https:\/\/api.w.org\/{rel}","templated":true}]}}