{"id":72874,"date":"2024-08-27T21:15:23","date_gmt":"2024-08-27T19:15:23","guid":{"rendered":"https:\/\/revolutionpadelstore.com\/joma-smash-a1-padel-blanco\/"},"modified":"2026-04-08T10:46:29","modified_gmt":"2026-04-08T08:46:29","slug":"joma-smash-a1-padel-blanco-5","status":"publish","type":"product","link":"https:\/\/revolutionpadelstore.com\/pt-pt\/produto\/joma-smash-a1-padel-blanco-5\/","title":{"rendered":"JOMA SMASH A1 PADEL BLANCO"},"content":{"rendered":"<p>Sapatos de padel unissex. Edi\u00e7\u00e3o especial para o circuito A1 P\u00e1del. Alta performance e tecnologia em um \u00fanico cal\u00e7ado desenvolvido para padel profissional. Destinado a jogadores com boa t\u00e9cnica que necessitam do m\u00e1ximo amortecimento, reatividade, prote\u00e7\u00e3o e ader\u00eancia.<\/p>\n<p>Parte superior em malha com elegante acabamento Jacquard personalizado para proporcionar leveza e flexibilidade. Respirabilidade otimizada gra\u00e7as \u00e0 tecnologia VTS. O sistema de selagem t\u00e9rmica JOMA SPORTECH preserva as propriedades de ajuste e suporte sem adicionar peso aos cal\u00e7ados.<\/p>\n<p>Refor\u00e7o de borracha nas \u00e1reas mais sens\u00edveis ao atrito e aos choques. Estas aplica\u00e7\u00f5es formam o sistema PROTECTION.<\/p>\n<p>Entressola DUAL REATIVA. A parte superior \u00e9 feita de phylon, enquanto a parte inferior incorpora a tecnologia REACTIVE BALL, que absorve impactos e impulsiona. Equipado com pe\u00e7a central STABILIS para evitar tor\u00e7\u00f5es do cal\u00e7ado e devolver estabilidade superior.<\/p>\n<p>DURABILIDADE Sola em espinha ou borracha argilosa. Proporciona a ader\u00eancia necess\u00e1ria em superf\u00edcies escorregadias, pois expele a areia da sola, mas permite deslizar na quadra sem dificuldades<\/p>\n","protected":false},"excerpt":{"rendered":"<p>Sapatos de padel unissex. Edi\u00e7\u00e3o especial para o circuito A1 P\u00e1del. Desempenho e tecnologia de ponta, m\u00e1ximo em um \u00fanico cal\u00e7ado desenvolvido para padel profissional<\/p>\n","protected":false},"featured_media":70483,"comment_status":"open","ping_status":"closed","template":"","meta":{"_acf_changed":false,"_joinchat":[]},"acabado":[],"balance":[],"dureza":[],"forma":[],"jugador":[1190],"marca":[1225],"nivel-de-juego":[],"superficie":[],"tipo-de-juego":[],"product_brand":[],"product_cat":[401],"product_tag":[],"class_list":{"0":"post-72874","1":"product","2":"type-product","3":"status-publish","4":"has-post-thumbnail","6":"jugador-homem","7":"marca-joma-pt-pt","8":"product_cat-tenis-masculino","10":"first","11":"outofstock","12":"sale","13":"taxable","14":"shipping-taxable","15":"purchasable","16":"product-type-variable","17":"has-default-attributes"},"acf":[],"yoast_head":"<!-- This site is optimized with the Yoast SEO plugin v27.4 - https:\/\/yoast.com\/product\/yoast-seo-wordpress\/ -->\n<title>JOMA SMASH A1 PADEL BLANCO - Revolution Padel Store<\/title>\n<meta name=\"description\" content=\"Zapatillas de p\u00e1del unisex. Edici\u00f3n especial para circuito A1 P\u00e1del. Alta gama, m\u00e1ximo rendimiento y tecnolog\u00eda en unas solas zapatillas desarrolladas para el p\u00e1del profesional. Destinadas a jugadores con buena t\u00e9cnica que necesitan lo m\u00e1ximo en amortiguaci\u00f3n, reactividad, protecci\u00f3n y agarre.\" \/>\n<meta name=\"robots\" content=\"index, follow, max-snippet:-1, max-image-preview:large, max-video-preview:-1\" \/>\n<link rel=\"canonical\" href=\"https:\/\/revolutionpadelstore.com\/pt-pt\/produto\/joma-smash-a1-padel-blanco-5\/\" \/>\n<meta property=\"og:locale\" content=\"pt_PT\" \/>\n<meta property=\"og:type\" content=\"article\" \/>\n<meta property=\"og:title\" content=\"JOMA SMASH A1 PADEL BLANCO - Revolution Padel Store\" \/>\n<meta property=\"og:description\" content=\"Zapatillas de p\u00e1del unisex. Edici\u00f3n especial para circuito A1 P\u00e1del. Alta gama, m\u00e1ximo rendimiento y tecnolog\u00eda en unas solas zapatillas desarrolladas para el p\u00e1del profesional. Destinadas a jugadores con buena t\u00e9cnica que necesitan lo m\u00e1ximo en amortiguaci\u00f3n, reactividad, protecci\u00f3n y agarre.\" \/>\n<meta property=\"og:url\" content=\"https:\/\/revolutionpadelstore.com\/pt-pt\/produto\/joma-smash-a1-padel-blanco-5\/\" \/>\n<meta property=\"og:site_name\" content=\"Revolution Padel Store\" \/>\n<meta property=\"article:modified_time\" content=\"2026-04-08T08:46:29+00:00\" \/>\n<meta property=\"og:image\" content=\"https:\/\/revolutionpadelstore.com\/wp-content\/uploads\/2024\/08\/a1-blanca-1.webp\" \/>\n\t<meta property=\"og:image:width\" content=\"800\" \/>\n\t<meta property=\"og:image:height\" content=\"800\" \/>\n\t<meta property=\"og:image:type\" content=\"image\/webp\" \/>\n<meta name=\"twitter:card\" content=\"summary_large_image\" \/>\n<meta name=\"twitter:label1\" content=\"Tempo estimado de leitura\" \/>\n\t<meta name=\"twitter:data1\" content=\"2 minutos\" \/>\n<script type=\"application\/ld+json\" class=\"yoast-schema-graph\">{\"@context\":\"https:\\\/\\\/schema.org\",\"@graph\":[{\"@type\":\"WebPage\",\"@id\":\"https:\\\/\\\/revolutionpadelstore.com\\\/pt-pt\\\/produto\\\/joma-smash-a1-padel-blanco-5\\\/\",\"url\":\"https:\\\/\\\/revolutionpadelstore.com\\\/pt-pt\\\/produto\\\/joma-smash-a1-padel-blanco-5\\\/\",\"name\":\"JOMA SMASH A1 PADEL BLANCO - Revolution Padel Store\",\"isPartOf\":{\"@id\":\"https:\\\/\\\/revolutionpadelstore.com\\\/pt-pt\\\/#website\"},\"primaryImageOfPage\":{\"@id\":\"https:\\\/\\\/revolutionpadelstore.com\\\/pt-pt\\\/produto\\\/joma-smash-a1-padel-blanco-5\\\/#primaryimage\"},\"image\":{\"@id\":\"https:\\\/\\\/revolutionpadelstore.com\\\/pt-pt\\\/produto\\\/joma-smash-a1-padel-blanco-5\\\/#primaryimage\"},\"thumbnailUrl\":\"https:\\\/\\\/revolutionpadelstore.com\\\/wp-content\\\/uploads\\\/2024\\\/08\\\/a1-blanca-1.webp\",\"datePublished\":\"2024-08-27T19:15:23+00:00\",\"dateModified\":\"2026-04-08T08:46:29+00:00\",\"description\":\"Zapatillas de p\u00e1del unisex. Edici\u00f3n especial para circuito A1 P\u00e1del. Alta gama, m\u00e1ximo rendimiento y tecnolog\u00eda en unas solas zapatillas desarrolladas para el p\u00e1del profesional. Destinadas a jugadores con buena t\u00e9cnica que necesitan lo m\u00e1ximo en amortiguaci\u00f3n, reactividad, protecci\u00f3n y agarre.\",\"breadcrumb\":{\"@id\":\"https:\\\/\\\/revolutionpadelstore.com\\\/pt-pt\\\/produto\\\/joma-smash-a1-padel-blanco-5\\\/#breadcrumb\"},\"inLanguage\":\"pt-PT\",\"potentialAction\":[{\"@type\":\"ReadAction\",\"target\":[\"https:\\\/\\\/revolutionpadelstore.com\\\/pt-pt\\\/produto\\\/joma-smash-a1-padel-blanco-5\\\/\"]}]},{\"@type\":\"ImageObject\",\"inLanguage\":\"pt-PT\",\"@id\":\"https:\\\/\\\/revolutionpadelstore.com\\\/pt-pt\\\/produto\\\/joma-smash-a1-padel-blanco-5\\\/#primaryimage\",\"url\":\"https:\\\/\\\/revolutionpadelstore.com\\\/wp-content\\\/uploads\\\/2024\\\/08\\\/a1-blanca-1.webp\",\"contentUrl\":\"https:\\\/\\\/revolutionpadelstore.com\\\/wp-content\\\/uploads\\\/2024\\\/08\\\/a1-blanca-1.webp\",\"width\":800,\"height\":800},{\"@type\":\"BreadcrumbList\",\"@id\":\"https:\\\/\\\/revolutionpadelstore.com\\\/pt-pt\\\/produto\\\/joma-smash-a1-padel-blanco-5\\\/#breadcrumb\",\"itemListElement\":[{\"@type\":\"ListItem\",\"position\":1,\"name\":\"Portada\",\"item\":\"https:\\\/\\\/revolutionpadelstore.com\\\/pt-pt\\\/\"},{\"@type\":\"ListItem\",\"position\":2,\"name\":\"Tienda\",\"item\":\"https:\\\/\\\/revolutionpadelstore.com\\\/pt-pt\\\/tienda\\\/\"},{\"@type\":\"ListItem\",\"position\":3,\"name\":\"JOMA SMASH A1 PADEL BLANCO\"}]},{\"@type\":\"WebSite\",\"@id\":\"https:\\\/\\\/revolutionpadelstore.com\\\/pt-pt\\\/#website\",\"url\":\"https:\\\/\\\/revolutionpadelstore.com\\\/pt-pt\\\/\",\"name\":\"Revolution Padel Store\",\"description\":\"\",\"publisher\":{\"@id\":\"https:\\\/\\\/revolutionpadelstore.com\\\/pt-pt\\\/#organization\"},\"potentialAction\":[{\"@type\":\"SearchAction\",\"target\":{\"@type\":\"EntryPoint\",\"urlTemplate\":\"https:\\\/\\\/revolutionpadelstore.com\\\/pt-pt\\\/?s={search_term_string}\"},\"query-input\":{\"@type\":\"PropertyValueSpecification\",\"valueRequired\":true,\"valueName\":\"search_term_string\"}}],\"inLanguage\":\"pt-PT\"},{\"@type\":\"Organization\",\"@id\":\"https:\\\/\\\/revolutionpadelstore.com\\\/pt-pt\\\/#organization\",\"name\":\"Revolution Padel Store\",\"url\":\"https:\\\/\\\/revolutionpadelstore.com\\\/pt-pt\\\/\",\"logo\":{\"@type\":\"ImageObject\",\"inLanguage\":\"pt-PT\",\"@id\":\"https:\\\/\\\/revolutionpadelstore.com\\\/pt-pt\\\/#\\\/schema\\\/logo\\\/image\\\/\",\"url\":\"https:\\\/\\\/revolutionpadelstore.com\\\/wp-content\\\/uploads\\\/2026\\\/02\\\/revolution-padel-store.jpg\",\"contentUrl\":\"https:\\\/\\\/revolutionpadelstore.com\\\/wp-content\\\/uploads\\\/2026\\\/02\\\/revolution-padel-store.jpg\",\"width\":2000,\"height\":2000,\"caption\":\"Revolution Padel Store\"},\"image\":{\"@id\":\"https:\\\/\\\/revolutionpadelstore.com\\\/pt-pt\\\/#\\\/schema\\\/logo\\\/image\\\/\"},\"sameAs\":[\"https:\\\/\\\/www.instagram.com\\\/revolutionpadelstore\\\/\"]}]}<\/script>\n<!-- \/ Yoast SEO plugin. -->","yoast_head_json":{"title":"JOMA SMASH A1 PADEL BLANCO - Revolution Padel Store","description":"Zapatillas de p\u00e1del unisex. Edici\u00f3n especial para circuito A1 P\u00e1del. Alta gama, m\u00e1ximo rendimiento y tecnolog\u00eda en unas solas zapatillas desarrolladas para el p\u00e1del profesional. Destinadas a jugadores con buena t\u00e9cnica que necesitan lo m\u00e1ximo en amortiguaci\u00f3n, reactividad, protecci\u00f3n y agarre.","robots":{"index":"index","follow":"follow","max-snippet":"max-snippet:-1","max-image-preview":"max-image-preview:large","max-video-preview":"max-video-preview:-1"},"canonical":"https:\/\/revolutionpadelstore.com\/pt-pt\/produto\/joma-smash-a1-padel-blanco-5\/","og_locale":"pt_PT","og_type":"article","og_title":"JOMA SMASH A1 PADEL BLANCO - Revolution Padel Store","og_description":"Zapatillas de p\u00e1del unisex. Edici\u00f3n especial para circuito A1 P\u00e1del. Alta gama, m\u00e1ximo rendimiento y tecnolog\u00eda en unas solas zapatillas desarrolladas para el p\u00e1del profesional. Destinadas a jugadores con buena t\u00e9cnica que necesitan lo m\u00e1ximo en amortiguaci\u00f3n, reactividad, protecci\u00f3n y agarre.","og_url":"https:\/\/revolutionpadelstore.com\/pt-pt\/produto\/joma-smash-a1-padel-blanco-5\/","og_site_name":"Revolution Padel Store","article_modified_time":"2026-04-08T08:46:29+00:00","og_image":[{"width":800,"height":800,"url":"https:\/\/revolutionpadelstore.com\/wp-content\/uploads\/2024\/08\/a1-blanca-1.webp","type":"image\/webp"}],"twitter_card":"summary_large_image","twitter_misc":{"Tempo estimado de leitura":"2 minutos"},"schema":{"@context":"https:\/\/schema.org","@graph":[{"@type":"WebPage","@id":"https:\/\/revolutionpadelstore.com\/pt-pt\/produto\/joma-smash-a1-padel-blanco-5\/","url":"https:\/\/revolutionpadelstore.com\/pt-pt\/produto\/joma-smash-a1-padel-blanco-5\/","name":"JOMA SMASH A1 PADEL BLANCO - Revolution Padel Store","isPartOf":{"@id":"https:\/\/revolutionpadelstore.com\/pt-pt\/#website"},"primaryImageOfPage":{"@id":"https:\/\/revolutionpadelstore.com\/pt-pt\/produto\/joma-smash-a1-padel-blanco-5\/#primaryimage"},"image":{"@id":"https:\/\/revolutionpadelstore.com\/pt-pt\/produto\/joma-smash-a1-padel-blanco-5\/#primaryimage"},"thumbnailUrl":"https:\/\/revolutionpadelstore.com\/wp-content\/uploads\/2024\/08\/a1-blanca-1.webp","datePublished":"2024-08-27T19:15:23+00:00","dateModified":"2026-04-08T08:46:29+00:00","description":"Zapatillas de p\u00e1del unisex. Edici\u00f3n especial para circuito A1 P\u00e1del. Alta gama, m\u00e1ximo rendimiento y tecnolog\u00eda en unas solas zapatillas desarrolladas para el p\u00e1del profesional. Destinadas a jugadores con buena t\u00e9cnica que necesitan lo m\u00e1ximo en amortiguaci\u00f3n, reactividad, protecci\u00f3n y agarre.","breadcrumb":{"@id":"https:\/\/revolutionpadelstore.com\/pt-pt\/produto\/joma-smash-a1-padel-blanco-5\/#breadcrumb"},"inLanguage":"pt-PT","potentialAction":[{"@type":"ReadAction","target":["https:\/\/revolutionpadelstore.com\/pt-pt\/produto\/joma-smash-a1-padel-blanco-5\/"]}]},{"@type":"ImageObject","inLanguage":"pt-PT","@id":"https:\/\/revolutionpadelstore.com\/pt-pt\/produto\/joma-smash-a1-padel-blanco-5\/#primaryimage","url":"https:\/\/revolutionpadelstore.com\/wp-content\/uploads\/2024\/08\/a1-blanca-1.webp","contentUrl":"https:\/\/revolutionpadelstore.com\/wp-content\/uploads\/2024\/08\/a1-blanca-1.webp","width":800,"height":800},{"@type":"BreadcrumbList","@id":"https:\/\/revolutionpadelstore.com\/pt-pt\/produto\/joma-smash-a1-padel-blanco-5\/#breadcrumb","itemListElement":[{"@type":"ListItem","position":1,"name":"Portada","item":"https:\/\/revolutionpadelstore.com\/pt-pt\/"},{"@type":"ListItem","position":2,"name":"Tienda","item":"https:\/\/revolutionpadelstore.com\/pt-pt\/tienda\/"},{"@type":"ListItem","position":3,"name":"JOMA SMASH A1 PADEL BLANCO"}]},{"@type":"WebSite","@id":"https:\/\/revolutionpadelstore.com\/pt-pt\/#website","url":"https:\/\/revolutionpadelstore.com\/pt-pt\/","name":"Revolution Padel Store","description":"","publisher":{"@id":"https:\/\/revolutionpadelstore.com\/pt-pt\/#organization"},"potentialAction":[{"@type":"SearchAction","target":{"@type":"EntryPoint","urlTemplate":"https:\/\/revolutionpadelstore.com\/pt-pt\/?s={search_term_string}"},"query-input":{"@type":"PropertyValueSpecification","valueRequired":true,"valueName":"search_term_string"}}],"inLanguage":"pt-PT"},{"@type":"Organization","@id":"https:\/\/revolutionpadelstore.com\/pt-pt\/#organization","name":"Revolution Padel Store","url":"https:\/\/revolutionpadelstore.com\/pt-pt\/","logo":{"@type":"ImageObject","inLanguage":"pt-PT","@id":"https:\/\/revolutionpadelstore.com\/pt-pt\/#\/schema\/logo\/image\/","url":"https:\/\/revolutionpadelstore.com\/wp-content\/uploads\/2026\/02\/revolution-padel-store.jpg","contentUrl":"https:\/\/revolutionpadelstore.com\/wp-content\/uploads\/2026\/02\/revolution-padel-store.jpg","width":2000,"height":2000,"caption":"Revolution Padel Store"},"image":{"@id":"https:\/\/revolutionpadelstore.com\/pt-pt\/#\/schema\/logo\/image\/"},"sameAs":["https:\/\/www.instagram.com\/revolutionpadelstore\/"]}]}},"_links":{"self":[{"href":"https:\/\/revolutionpadelstore.com\/pt-pt\/wp-json\/wp\/v2\/product\/72874","targetHints":{"allow":["GET"]}}],"collection":[{"href":"https:\/\/revolutionpadelstore.com\/pt-pt\/wp-json\/wp\/v2\/product"}],"about":[{"href":"https:\/\/revolutionpadelstore.com\/pt-pt\/wp-json\/wp\/v2\/types\/product"}],"replies":[{"embeddable":true,"href":"https:\/\/revolutionpadelstore.com\/pt-pt\/wp-json\/wp\/v2\/comments?post=72874"}],"wp:featuredmedia":[{"embeddable":true,"href":"https:\/\/revolutionpadelstore.com\/pt-pt\/wp-json\/wp\/v2\/media\/70483"}],"wp:attachment":[{"href":"https:\/\/revolutionpadelstore.com\/pt-pt\/wp-json\/wp\/v2\/media?parent=72874"}],"wp:term":[{"taxonomy":"acabado","embeddable":true,"href":"https:\/\/revolutionpadelstore.com\/pt-pt\/wp-json\/wp\/v2\/acabado?post=72874"},{"taxonomy":"balance","embeddable":true,"href":"https:\/\/revolutionpadelstore.com\/pt-pt\/wp-json\/wp\/v2\/balance?post=72874"},{"taxonomy":"dureza","embeddable":true,"href":"https:\/\/revolutionpadelstore.com\/pt-pt\/wp-json\/wp\/v2\/dureza?post=72874"},{"taxonomy":"forma","embeddable":true,"href":"https:\/\/revolutionpadelstore.com\/pt-pt\/wp-json\/wp\/v2\/forma?post=72874"},{"taxonomy":"jugador","embeddable":true,"href":"https:\/\/revolutionpadelstore.com\/pt-pt\/wp-json\/wp\/v2\/jugador?post=72874"},{"taxonomy":"marca","embeddable":true,"href":"https:\/\/revolutionpadelstore.com\/pt-pt\/wp-json\/wp\/v2\/marca?post=72874"},{"taxonomy":"nivel-de-juego","embeddable":true,"href":"https:\/\/revolutionpadelstore.com\/pt-pt\/wp-json\/wp\/v2\/nivel-de-juego?post=72874"},{"taxonomy":"superficie","embeddable":true,"href":"https:\/\/revolutionpadelstore.com\/pt-pt\/wp-json\/wp\/v2\/superficie?post=72874"},{"taxonomy":"tipo-de-juego","embeddable":true,"href":"https:\/\/revolutionpadelstore.com\/pt-pt\/wp-json\/wp\/v2\/tipo-de-juego?post=72874"},{"taxonomy":"product_brand","embeddable":true,"href":"https:\/\/revolutionpadelstore.com\/pt-pt\/wp-json\/wp\/v2\/product_brand?post=72874"},{"taxonomy":"product_cat","embeddable":true,"href":"https:\/\/revolutionpadelstore.com\/pt-pt\/wp-json\/wp\/v2\/product_cat?post=72874"},{"taxonomy":"product_tag","embeddable":true,"href":"https:\/\/revolutionpadelstore.com\/pt-pt\/wp-json\/wp\/v2\/product_tag?post=72874"}],"curies":[{"name":"wp","href":"https:\/\/api.w.org\/{rel}","templated":true}]}}