{"id":72854,"date":"2024-09-06T00:30:59","date_gmt":"2024-09-05T22:30:59","guid":{"rendered":"https:\/\/revolutionpadelstore.com\/bullpadel-vertex-04-hybrid-25\/"},"modified":"2026-04-08T10:44:28","modified_gmt":"2026-04-08T08:44:28","slug":"bullpadel-vertex-04-hybrid-25-5","status":"publish","type":"product","link":"https:\/\/revolutionpadelstore.com\/pt-pt\/produto\/bullpadel-vertex-04-hybrid-25-5\/","title":{"rendered":"BULLPADEL VERTEX 04 HYBRID 25"},"content":{"rendered":"<p>O melhor VERTEX da hist\u00f3ria para fazer a diferen\u00e7a na pista. A raquete mais vendida do mercado, implementando um novo futuro em jogabilidade.<\/p>\n<p>A busca pela perfei\u00e7\u00e3o \u00e9 uma filosofia compartilhada por todos os atletas. Nosso trabalho \u00e9 simplificar o caminho para eles e para isso desenvolvemos a nova linha Vertex, a raquete de padel total, projetada para se adaptar a qualquer estilo de jogo, sem penalidades.<\/p>\n<p>A inova\u00e7\u00e3o \u00e9 um dos pilares fundamentais no desenvolvimento dos nossos produtos. Nossa equipe de pesquisa e desenvolvimento trabalha em estreita colabora\u00e7\u00e3o com nossos jogadores profissionais para alcan\u00e7ar a excel\u00eancia. Seu valioso feedback desempenha um papel cr\u00edtico no desenvolvimento de nossos blades, permitindo-nos tra\u00e7ar o caminho para a cria\u00e7\u00e3o dos blades e tecnologias mais excepcionais para nossos usu\u00e1rios.<\/p>\n<p><strong>Curv:Aktiv Tech<\/strong><\/p>\n<p>Gra\u00e7as \u00e0 rota\u00e7\u00e3o de suas faces na lateral da l\u00e2mina, \u00e9 gerada uma se\u00e7\u00e3o vari\u00e1vel na lateral da l\u00e2mina ao longo do perfil. Esta nova se\u00e7\u00e3o torcida torna a Vertex 04 h\u00edbrida uma raquete mais resistente, com melhor distribui\u00e7\u00e3o de vibra\u00e7\u00f5es e uma contribui\u00e7\u00e3o extra de rigidez. Com a introdu\u00e7\u00e3o desta tecnologia, o seu jogo aumentar\u00e1 em maior conforto desde o primeiro golpe na bola, sentindo-se confort\u00e1vel em qualquer faceta do seu jogo.<\/p>\n<p><strong>PODER DO AR<\/strong><\/p>\n<p>O AIR POWER \u00e9 a evolu\u00e7\u00e3o natural do sistema Air React Channel. Com esta nova tecnologia, ampliamos o tamanho do canal na parte inferior da moldura em 50%. Como podemos conseguir isso? aumentando o comprimento das superf\u00edcies envolvidas da estrutura oca. Isso torna o Air Power uma zona muito mais eficiente em compara\u00e7\u00e3o com uma l\u00e2mina s\u00f3lida ou sua vers\u00e3o anterior, o Air React Channel. Com a Air Power agregamos ainda mais retorno de energia na hora de bater, mais agilidade, mais leveza na \u00e1rea e maior acelera\u00e7\u00e3o, tornando a nova Vertex 04 Hybrid uma raquete mais reativa, est\u00e1vel, aerodin\u00e2mica e manej\u00e1vel.<\/p>\n<p><strong>POT\u00caNCIA DO AR + CURV:AKTIV<\/strong><\/p>\n<p>A Vertex 04 Hybrid combina as tecnologias Air Power e Curv:Aktiv para oferecer desempenho total, criando a raquete mais equilibrada e completa j\u00e1 desenvolvida pela nossa marca. Curv:Aktiv potencializa o efeito Coanda, canalizando o ar para o sistema Air Power, reduzindo a resist\u00eancia do ar e melhorando a aerodin\u00e2mica da p\u00e1 em at\u00e9 23%. O resultado \u00e9 uma raquete mais \u00e1gil, com maior capacidade de acelera\u00e7\u00e3o, o que se traduz em um manuseio impec\u00e1vel, controle absoluto e reatividade excepcional em cada bra\u00e7ada.<\/p>\n<p><strong>N\u00daCLEO DO V\u00c9RTICE<\/strong><\/p>\n<p>A ess\u00eancia habitual, levada ao pr\u00f3ximo n\u00edvel. Caracterizado pela sua ponte dupla diagonal, o novo cora\u00e7\u00e3o Vertex sofre um Restyle em rela\u00e7\u00e3o ao seu antecessor na sua estrutura, para conseguir uma geometria mais triangular para melhor distribuir as for\u00e7as entre as suas arestas, eliminando assim vibra\u00e7\u00f5es, tor\u00e7\u00f5es e aumentando a rigidez do s\u00f3lido. Com tudo isso, as sensa\u00e7\u00f5es para o jogador ser\u00e3o de uma raquete com a qual voc\u00ea poder\u00e1 dar alto rendimento aos seus chutes tanto no fundo da quadra quanto na rede.<\/p>\n<p><strong>Vibra\u00e7\u00e3o facilitada<\/strong><\/p>\n<p>Os Ease Vibe s\u00e3o amortecedores de \u00faltima gera\u00e7\u00e3o, projetados para otimizar seu desempenho na quadra de padel. Integrados em quatro orif\u00edcios estrat\u00e9gicos na l\u00e2mina, os Ease Vibe foram submetidos a rigorosos estudos pela Universidade Polit\u00e9cnica de Madrid, demonstrando a sua capacidade de absorver at\u00e9 49% das vibra\u00e7\u00f5es produzidas ao bater na bola. Gra\u00e7as \u00e0 sua geometria redesenhada em forma de mola, estes amortecedores n\u00e3o s\u00f3 melhoram a absor\u00e7\u00e3o de vibra\u00e7\u00f5es, mas tamb\u00e9m aumentam o seu desempenho geral. Este formato inovador permite uma personaliza\u00e7\u00e3o \u00fanica do toque e equil\u00edbrio da raquete, dando-lhe flexibilidade para ajustar o seu jogo de acordo com as suas necessidades. Quer procure maior controlo ou pot\u00eancia, o Ease Vibe permite-lhe adaptar a sua raquete para maximizar cada tacada e garantir uma experi\u00eancia de jogo mais confort\u00e1vel e eficaz.<\/p>\n<p><strong>PESO PERSONALIZADO<\/strong><\/p>\n<p>O sistema de pesagem CustomWeight \u00e9 composto por placas com acabamento em gel ou alum\u00ednio com peso de 3g por unidade, que proporcionam peso extra nas \u00e1reas espec\u00edficas onde s\u00e3o colocadas. Com isso conseguimos modificar o equil\u00edbrio da raquete dependendo da necessidade de cada jogador. A estrutura Vertex est\u00e1 desenhada para a coloca\u00e7\u00e3o de um total de 5 pesos. 4 no topo da l\u00e2mina e mais um na parte da tampa com peso de 5g ou 10g. Com tudo isso, podemos criar diferentes especifica\u00e7\u00f5es de at\u00e9 22g a mais e uma altera\u00e7\u00e3o de equil\u00edbrio de +-1cm.<\/p>\n<p><strong>ROTA\u00c7\u00c3O SUPERIOR<\/strong><\/p>\n<p>O Vertex 04 Hybrid aumenta a quantidade de granula\u00e7\u00e3o na \u00faltima camada da face da raquete, conseguindo efeitos mais marcados e precisos que permitir\u00e3o dominar cada golpe. Este aumento na quantidade de gr\u00e3os n\u00e3o s\u00f3 melhora a gera\u00e7\u00e3o de spin agressivo em slices, volleys, layups e spikes, mas tamb\u00e9m torna esta tecnologia mais dur\u00e1vel ao longo do tempo, garantindo um desempenho superior e consistente para mais partidas.<\/p>\n<p><strong>HESACORE<\/strong><\/p>\n<p>Descubra o novo Hesacore com a sua f\u00f3rmula renovada para proteger ainda mais o seu jogo. Com o novo hesacore, voc\u00ea n\u00e3o ter\u00e1 que se preocupar com desconforto no bra\u00e7o ou vibra\u00e7\u00f5es indesejadas, j\u00e1 que nosso elast\u00f4mero antivibra\u00e7\u00e3o aprimorado \u00e9 respons\u00e1vel por filtrar e minimizar essas sensa\u00e7\u00f5es, permitindo que voc\u00ea se concentre no seu desempenho sem distra\u00e7\u00f5es. Seu design ergon\u00f4mico em favo de mel cria uma maior superf\u00edcie de contato entre a m\u00e3o e o punho. Isto permite que os dedos apoiem nas superf\u00edcies c\u00f4ncavas, reduzindo assim o esfor\u00e7o e as les\u00f5es, proporcionando tamb\u00e9m uma pegada firme e confort\u00e1vel que permite manter o controle total da raquete em todos os momentos.<\/p>\n<p><strong>VIBRADRIVE<\/strong><\/p>\n<p>Vibradrive \u00e9 caracterizado pela inser\u00e7\u00e3o de um elast\u00f4mero altamente el\u00e1stico que fragmenta o cabo ao longo de seu eixo longitudinal. A implementa\u00e7\u00e3o deste elast\u00f4mero \u00e9 um elemento chave na otimiza\u00e7\u00e3o do desempenho do jogador. A excepcional elasticidade do material utilizado aliada \u00e0 sua localiza\u00e7\u00e3o estrat\u00e9gica fazem do vibradrive um elemento essencial para absorver vibra\u00e7\u00f5es, principalmente em situa\u00e7\u00f5es de impacto descentralizado.<\/p>\n<p><strong>Xtend Carbono 12K<\/strong><\/p>\n<p>O Vertex 04 Hybrid destaca-se pela sua constru\u00e7\u00e3o com X-Tend Carbon, um material avan\u00e7ado de filamentos de carbono 12K entrela\u00e7ados biaxialmente. Este carbono, 20% a 30% mais leve que o carbono convencional, oferece manobrabilidade excepcional e equil\u00edbrio ideal. Portanto, o X-Tend Carbon \u00e9 o material ideal para esta raquete, melhorando significativamente o manuseio e a reatividade.<\/p>\n<p><strong>Multieva<\/strong><\/p>\n<p>O n\u00facleo desta raquete de padel foi desenhado com uma estrutura tipo \u201csandu\u00edche\u201d, composta por tr\u00eas camadas de EVA (Etileno-Vinil-Acetato) de diferentes densidades, cuidadosamente adaptadas para otimizar o desempenho em cada situa\u00e7\u00e3o de jogo.<\/p>\n<p>1. Camadas externas: As duas camadas externas, confeccionadas com EVA de maior densidade e rigidez, s\u00e3o projetadas para maximizar a pot\u00eancia nos golpes mais explosivos, oferecendo uma resposta r\u00e1pida e contundente ao impactar a bola.<\/p>\n<p>2. Camada interna: A camada interna, feita de EVA mais macio e de menor densidade, atua como um n\u00facleo de absor\u00e7\u00e3o de choque, aumentando a toler\u00e2ncia e o conforto em golpes de baixa velocidade. Essa suavidade interna n\u00e3o s\u00f3 melhora a sensa\u00e7\u00e3o de golpe, mas tamb\u00e9m ajuda a reduzir as vibra\u00e7\u00f5es, diminuindo o risco de les\u00f5es e proporcionando maior controle nos golpes mais delicados.<\/p>\n","protected":false},"excerpt":{"rendered":"<p>Projetado para quem busca dominar cada ponto com uma combina\u00e7\u00e3o perfeita de velocidade, reatividade e controle, o<strong>VERTEX 04<\/strong>redefine o jogo como um todo. Agora em sua vers\u00e3o h\u00edbrida, esta raquete oferece um equil\u00edbrio mais baixo e manej\u00e1vel, ideal para jogadores que preferem o controle no fundo da quadra.<\/p>\n","protected":false},"featured_media":99979,"comment_status":"open","ping_status":"closed","template":"","meta":{"_acf_changed":false,"_joinchat":[]},"acabado":[1090],"balance":[1135,1140],"dureza":[1160,1155],"forma":[1175],"jugador":[1190,1200],"marca":[1255],"nivel-de-juego":[1335,1345],"superficie":[1360],"tipo-de-juego":[1385],"product_brand":[],"product_cat":[300],"product_tag":[],"class_list":{"0":"post-72854","1":"product","2":"type-product","3":"status-publish","4":"has-post-thumbnail","6":"acabado-alivio-3d","7":"balance-alto-pt-pt","8":"balance-medio-pt-pt","9":"dureza-dura-pt-pt","10":"dureza-media-pt-pt","11":"forma-hibrido","12":"jugador-homem","13":"jugador-polivalente-pt-pt","14":"marca-bullpadel-pt-pt","15":"superficie-rugosa-pt-pt","16":"tipo-de-juego-polivalente-pt-pt","17":"product_cat-palas","19":"first","20":"instock","21":"sale","22":"taxable","23":"shipping-taxable","24":"purchasable","25":"product-type-simple"},"acf":[],"yoast_head":"<!-- This site is optimized with the Yoast SEO plugin v27.3 - https:\/\/yoast.com\/product\/yoast-seo-wordpress\/ -->\n<title>BULLPADEL VERTEX 04 HYBRID 25 - Revolution Padel Store<\/title>\n<meta name=\"description\" content=\"La mejor VERTEX de la historia para marcar la diferencia en la pista. La pala m\u00e1s vendida del mercado implantando un nuevo futuro en la jugabilidad.La b\u00fasqueda de la perfecci\u00f3n es una filosof\u00eda compartida por todos los deportistas. Nuestra labor consiste en simplificarles el camino, y para ello desarrollamos la nueva linea Vertex, la pala total, dise\u00f1ada para adaptarse a cualquier estilo de juego, sin penalizaci\u00f3n.\" \/>\n<meta name=\"robots\" content=\"index, follow, max-snippet:-1, max-image-preview:large, max-video-preview:-1\" \/>\n<link rel=\"canonical\" href=\"https:\/\/revolutionpadelstore.com\/pt-pt\/produto\/bullpadel-vertex-04-hybrid-25-5\/\" \/>\n<meta property=\"og:locale\" content=\"pt_PT\" \/>\n<meta property=\"og:type\" content=\"article\" \/>\n<meta property=\"og:title\" content=\"BULLPADEL VERTEX 04 HYBRID 25 - Revolution Padel Store\" \/>\n<meta property=\"og:description\" content=\"La mejor VERTEX de la historia para marcar la diferencia en la pista. La pala m\u00e1s vendida del mercado implantando un nuevo futuro en la jugabilidad.La b\u00fasqueda de la perfecci\u00f3n es una filosof\u00eda compartida por todos los deportistas. Nuestra labor consiste en simplificarles el camino, y para ello desarrollamos la nueva linea Vertex, la pala total, dise\u00f1ada para adaptarse a cualquier estilo de juego, sin penalizaci\u00f3n.\" \/>\n<meta property=\"og:url\" content=\"https:\/\/revolutionpadelstore.com\/pt-pt\/produto\/bullpadel-vertex-04-hybrid-25-5\/\" \/>\n<meta property=\"og:site_name\" content=\"Revolution Padel Store\" \/>\n<meta property=\"article:modified_time\" content=\"2026-04-08T08:44:28+00:00\" \/>\n<meta property=\"og:image\" content=\"https:\/\/revolutionpadelstore.com\/wp-content\/uploads\/2024\/09\/113773_pala_bullpadel_vertex_04_hybrid_25_448116_1500x1500_1_c30d.webp\" \/>\n\t<meta property=\"og:image:width\" content=\"1500\" \/>\n\t<meta property=\"og:image:height\" content=\"1500\" \/>\n\t<meta property=\"og:image:type\" content=\"image\/webp\" \/>\n<meta name=\"twitter:card\" content=\"summary_large_image\" \/>\n<meta name=\"twitter:label1\" content=\"Tempo estimado de leitura\" \/>\n\t<meta name=\"twitter:data1\" content=\"6 minutos\" \/>\n<script type=\"application\/ld+json\" class=\"yoast-schema-graph\">{\"@context\":\"https:\\\/\\\/schema.org\",\"@graph\":[{\"@type\":\"WebPage\",\"@id\":\"https:\\\/\\\/revolutionpadelstore.com\\\/pt-pt\\\/produto\\\/bullpadel-vertex-04-hybrid-25-5\\\/\",\"url\":\"https:\\\/\\\/revolutionpadelstore.com\\\/pt-pt\\\/produto\\\/bullpadel-vertex-04-hybrid-25-5\\\/\",\"name\":\"BULLPADEL VERTEX 04 HYBRID 25 - Revolution Padel Store\",\"isPartOf\":{\"@id\":\"https:\\\/\\\/revolutionpadelstore.com\\\/pt-pt\\\/#website\"},\"primaryImageOfPage\":{\"@id\":\"https:\\\/\\\/revolutionpadelstore.com\\\/pt-pt\\\/produto\\\/bullpadel-vertex-04-hybrid-25-5\\\/#primaryimage\"},\"image\":{\"@id\":\"https:\\\/\\\/revolutionpadelstore.com\\\/pt-pt\\\/produto\\\/bullpadel-vertex-04-hybrid-25-5\\\/#primaryimage\"},\"thumbnailUrl\":\"https:\\\/\\\/revolutionpadelstore.com\\\/wp-content\\\/uploads\\\/2024\\\/09\\\/113773_pala_bullpadel_vertex_04_hybrid_25_448116_1500x1500_1_c30d.webp\",\"datePublished\":\"2024-09-05T22:30:59+00:00\",\"dateModified\":\"2026-04-08T08:44:28+00:00\",\"description\":\"La mejor VERTEX de la historia para marcar la diferencia en la pista. La pala m\u00e1s vendida del mercado implantando un nuevo futuro en la jugabilidad.La b\u00fasqueda de la perfecci\u00f3n es una filosof\u00eda compartida por todos los deportistas. Nuestra labor consiste en simplificarles el camino, y para ello desarrollamos la nueva linea Vertex, la pala total, dise\u00f1ada para adaptarse a cualquier estilo de juego, sin penalizaci\u00f3n.\",\"breadcrumb\":{\"@id\":\"https:\\\/\\\/revolutionpadelstore.com\\\/pt-pt\\\/produto\\\/bullpadel-vertex-04-hybrid-25-5\\\/#breadcrumb\"},\"inLanguage\":\"pt-PT\",\"potentialAction\":[{\"@type\":\"ReadAction\",\"target\":[\"https:\\\/\\\/revolutionpadelstore.com\\\/pt-pt\\\/produto\\\/bullpadel-vertex-04-hybrid-25-5\\\/\"]}]},{\"@type\":\"ImageObject\",\"inLanguage\":\"pt-PT\",\"@id\":\"https:\\\/\\\/revolutionpadelstore.com\\\/pt-pt\\\/produto\\\/bullpadel-vertex-04-hybrid-25-5\\\/#primaryimage\",\"url\":\"https:\\\/\\\/revolutionpadelstore.com\\\/wp-content\\\/uploads\\\/2024\\\/09\\\/113773_pala_bullpadel_vertex_04_hybrid_25_448116_1500x1500_1_c30d.webp\",\"contentUrl\":\"https:\\\/\\\/revolutionpadelstore.com\\\/wp-content\\\/uploads\\\/2024\\\/09\\\/113773_pala_bullpadel_vertex_04_hybrid_25_448116_1500x1500_1_c30d.webp\",\"width\":1500,\"height\":1500},{\"@type\":\"BreadcrumbList\",\"@id\":\"https:\\\/\\\/revolutionpadelstore.com\\\/pt-pt\\\/produto\\\/bullpadel-vertex-04-hybrid-25-5\\\/#breadcrumb\",\"itemListElement\":[{\"@type\":\"ListItem\",\"position\":1,\"name\":\"Portada\",\"item\":\"https:\\\/\\\/revolutionpadelstore.com\\\/pt-pt\\\/\"},{\"@type\":\"ListItem\",\"position\":2,\"name\":\"Tienda\",\"item\":\"https:\\\/\\\/revolutionpadelstore.com\\\/pt-pt\\\/tienda\\\/\"},{\"@type\":\"ListItem\",\"position\":3,\"name\":\"BULLPADEL VERTEX 04 HYBRID 25\"}]},{\"@type\":\"WebSite\",\"@id\":\"https:\\\/\\\/revolutionpadelstore.com\\\/pt-pt\\\/#website\",\"url\":\"https:\\\/\\\/revolutionpadelstore.com\\\/pt-pt\\\/\",\"name\":\"Revolution Padel Store\",\"description\":\"\",\"publisher\":{\"@id\":\"https:\\\/\\\/revolutionpadelstore.com\\\/pt-pt\\\/#organization\"},\"potentialAction\":[{\"@type\":\"SearchAction\",\"target\":{\"@type\":\"EntryPoint\",\"urlTemplate\":\"https:\\\/\\\/revolutionpadelstore.com\\\/pt-pt\\\/?s={search_term_string}\"},\"query-input\":{\"@type\":\"PropertyValueSpecification\",\"valueRequired\":true,\"valueName\":\"search_term_string\"}}],\"inLanguage\":\"pt-PT\"},{\"@type\":\"Organization\",\"@id\":\"https:\\\/\\\/revolutionpadelstore.com\\\/pt-pt\\\/#organization\",\"name\":\"Revolution Padel Store\",\"url\":\"https:\\\/\\\/revolutionpadelstore.com\\\/pt-pt\\\/\",\"logo\":{\"@type\":\"ImageObject\",\"inLanguage\":\"pt-PT\",\"@id\":\"https:\\\/\\\/revolutionpadelstore.com\\\/pt-pt\\\/#\\\/schema\\\/logo\\\/image\\\/\",\"url\":\"https:\\\/\\\/revolutionpadelstore.com\\\/wp-content\\\/uploads\\\/2026\\\/02\\\/revolution-padel-store.jpg\",\"contentUrl\":\"https:\\\/\\\/revolutionpadelstore.com\\\/wp-content\\\/uploads\\\/2026\\\/02\\\/revolution-padel-store.jpg\",\"width\":2000,\"height\":2000,\"caption\":\"Revolution Padel Store\"},\"image\":{\"@id\":\"https:\\\/\\\/revolutionpadelstore.com\\\/pt-pt\\\/#\\\/schema\\\/logo\\\/image\\\/\"},\"sameAs\":[\"https:\\\/\\\/www.instagram.com\\\/revolutionpadelstore\\\/\"]}]}<\/script>\n<!-- \/ Yoast SEO plugin. -->","yoast_head_json":{"title":"BULLPADEL VERTEX 04 HYBRID 25 - Revolution Padel Store","description":"La mejor VERTEX de la historia para marcar la diferencia en la pista. La pala m\u00e1s vendida del mercado implantando un nuevo futuro en la jugabilidad.La b\u00fasqueda de la perfecci\u00f3n es una filosof\u00eda compartida por todos los deportistas. Nuestra labor consiste en simplificarles el camino, y para ello desarrollamos la nueva linea Vertex, la pala total, dise\u00f1ada para adaptarse a cualquier estilo de juego, sin penalizaci\u00f3n.","robots":{"index":"index","follow":"follow","max-snippet":"max-snippet:-1","max-image-preview":"max-image-preview:large","max-video-preview":"max-video-preview:-1"},"canonical":"https:\/\/revolutionpadelstore.com\/pt-pt\/produto\/bullpadel-vertex-04-hybrid-25-5\/","og_locale":"pt_PT","og_type":"article","og_title":"BULLPADEL VERTEX 04 HYBRID 25 - Revolution Padel Store","og_description":"La mejor VERTEX de la historia para marcar la diferencia en la pista. La pala m\u00e1s vendida del mercado implantando un nuevo futuro en la jugabilidad.La b\u00fasqueda de la perfecci\u00f3n es una filosof\u00eda compartida por todos los deportistas. Nuestra labor consiste en simplificarles el camino, y para ello desarrollamos la nueva linea Vertex, la pala total, dise\u00f1ada para adaptarse a cualquier estilo de juego, sin penalizaci\u00f3n.","og_url":"https:\/\/revolutionpadelstore.com\/pt-pt\/produto\/bullpadel-vertex-04-hybrid-25-5\/","og_site_name":"Revolution Padel Store","article_modified_time":"2026-04-08T08:44:28+00:00","og_image":[{"width":1500,"height":1500,"url":"https:\/\/revolutionpadelstore.com\/wp-content\/uploads\/2024\/09\/113773_pala_bullpadel_vertex_04_hybrid_25_448116_1500x1500_1_c30d.webp","type":"image\/webp"}],"twitter_card":"summary_large_image","twitter_misc":{"Tempo estimado de leitura":"6 minutos"},"schema":{"@context":"https:\/\/schema.org","@graph":[{"@type":"WebPage","@id":"https:\/\/revolutionpadelstore.com\/pt-pt\/produto\/bullpadel-vertex-04-hybrid-25-5\/","url":"https:\/\/revolutionpadelstore.com\/pt-pt\/produto\/bullpadel-vertex-04-hybrid-25-5\/","name":"BULLPADEL VERTEX 04 HYBRID 25 - Revolution Padel Store","isPartOf":{"@id":"https:\/\/revolutionpadelstore.com\/pt-pt\/#website"},"primaryImageOfPage":{"@id":"https:\/\/revolutionpadelstore.com\/pt-pt\/produto\/bullpadel-vertex-04-hybrid-25-5\/#primaryimage"},"image":{"@id":"https:\/\/revolutionpadelstore.com\/pt-pt\/produto\/bullpadel-vertex-04-hybrid-25-5\/#primaryimage"},"thumbnailUrl":"https:\/\/revolutionpadelstore.com\/wp-content\/uploads\/2024\/09\/113773_pala_bullpadel_vertex_04_hybrid_25_448116_1500x1500_1_c30d.webp","datePublished":"2024-09-05T22:30:59+00:00","dateModified":"2026-04-08T08:44:28+00:00","description":"La mejor VERTEX de la historia para marcar la diferencia en la pista. La pala m\u00e1s vendida del mercado implantando un nuevo futuro en la jugabilidad.La b\u00fasqueda de la perfecci\u00f3n es una filosof\u00eda compartida por todos los deportistas. Nuestra labor consiste en simplificarles el camino, y para ello desarrollamos la nueva linea Vertex, la pala total, dise\u00f1ada para adaptarse a cualquier estilo de juego, sin penalizaci\u00f3n.","breadcrumb":{"@id":"https:\/\/revolutionpadelstore.com\/pt-pt\/produto\/bullpadel-vertex-04-hybrid-25-5\/#breadcrumb"},"inLanguage":"pt-PT","potentialAction":[{"@type":"ReadAction","target":["https:\/\/revolutionpadelstore.com\/pt-pt\/produto\/bullpadel-vertex-04-hybrid-25-5\/"]}]},{"@type":"ImageObject","inLanguage":"pt-PT","@id":"https:\/\/revolutionpadelstore.com\/pt-pt\/produto\/bullpadel-vertex-04-hybrid-25-5\/#primaryimage","url":"https:\/\/revolutionpadelstore.com\/wp-content\/uploads\/2024\/09\/113773_pala_bullpadel_vertex_04_hybrid_25_448116_1500x1500_1_c30d.webp","contentUrl":"https:\/\/revolutionpadelstore.com\/wp-content\/uploads\/2024\/09\/113773_pala_bullpadel_vertex_04_hybrid_25_448116_1500x1500_1_c30d.webp","width":1500,"height":1500},{"@type":"BreadcrumbList","@id":"https:\/\/revolutionpadelstore.com\/pt-pt\/produto\/bullpadel-vertex-04-hybrid-25-5\/#breadcrumb","itemListElement":[{"@type":"ListItem","position":1,"name":"Portada","item":"https:\/\/revolutionpadelstore.com\/pt-pt\/"},{"@type":"ListItem","position":2,"name":"Tienda","item":"https:\/\/revolutionpadelstore.com\/pt-pt\/tienda\/"},{"@type":"ListItem","position":3,"name":"BULLPADEL VERTEX 04 HYBRID 25"}]},{"@type":"WebSite","@id":"https:\/\/revolutionpadelstore.com\/pt-pt\/#website","url":"https:\/\/revolutionpadelstore.com\/pt-pt\/","name":"Revolution Padel Store","description":"","publisher":{"@id":"https:\/\/revolutionpadelstore.com\/pt-pt\/#organization"},"potentialAction":[{"@type":"SearchAction","target":{"@type":"EntryPoint","urlTemplate":"https:\/\/revolutionpadelstore.com\/pt-pt\/?s={search_term_string}"},"query-input":{"@type":"PropertyValueSpecification","valueRequired":true,"valueName":"search_term_string"}}],"inLanguage":"pt-PT"},{"@type":"Organization","@id":"https:\/\/revolutionpadelstore.com\/pt-pt\/#organization","name":"Revolution Padel Store","url":"https:\/\/revolutionpadelstore.com\/pt-pt\/","logo":{"@type":"ImageObject","inLanguage":"pt-PT","@id":"https:\/\/revolutionpadelstore.com\/pt-pt\/#\/schema\/logo\/image\/","url":"https:\/\/revolutionpadelstore.com\/wp-content\/uploads\/2026\/02\/revolution-padel-store.jpg","contentUrl":"https:\/\/revolutionpadelstore.com\/wp-content\/uploads\/2026\/02\/revolution-padel-store.jpg","width":2000,"height":2000,"caption":"Revolution Padel Store"},"image":{"@id":"https:\/\/revolutionpadelstore.com\/pt-pt\/#\/schema\/logo\/image\/"},"sameAs":["https:\/\/www.instagram.com\/revolutionpadelstore\/"]}]}},"_links":{"self":[{"href":"https:\/\/revolutionpadelstore.com\/pt-pt\/wp-json\/wp\/v2\/product\/72854","targetHints":{"allow":["GET"]}}],"collection":[{"href":"https:\/\/revolutionpadelstore.com\/pt-pt\/wp-json\/wp\/v2\/product"}],"about":[{"href":"https:\/\/revolutionpadelstore.com\/pt-pt\/wp-json\/wp\/v2\/types\/product"}],"replies":[{"embeddable":true,"href":"https:\/\/revolutionpadelstore.com\/pt-pt\/wp-json\/wp\/v2\/comments?post=72854"}],"wp:featuredmedia":[{"embeddable":true,"href":"https:\/\/revolutionpadelstore.com\/pt-pt\/wp-json\/wp\/v2\/media\/99979"}],"wp:attachment":[{"href":"https:\/\/revolutionpadelstore.com\/pt-pt\/wp-json\/wp\/v2\/media?parent=72854"}],"wp:term":[{"taxonomy":"acabado","embeddable":true,"href":"https:\/\/revolutionpadelstore.com\/pt-pt\/wp-json\/wp\/v2\/acabado?post=72854"},{"taxonomy":"balance","embeddable":true,"href":"https:\/\/revolutionpadelstore.com\/pt-pt\/wp-json\/wp\/v2\/balance?post=72854"},{"taxonomy":"dureza","embeddable":true,"href":"https:\/\/revolutionpadelstore.com\/pt-pt\/wp-json\/wp\/v2\/dureza?post=72854"},{"taxonomy":"forma","embeddable":true,"href":"https:\/\/revolutionpadelstore.com\/pt-pt\/wp-json\/wp\/v2\/forma?post=72854"},{"taxonomy":"jugador","embeddable":true,"href":"https:\/\/revolutionpadelstore.com\/pt-pt\/wp-json\/wp\/v2\/jugador?post=72854"},{"taxonomy":"marca","embeddable":true,"href":"https:\/\/revolutionpadelstore.com\/pt-pt\/wp-json\/wp\/v2\/marca?post=72854"},{"taxonomy":"nivel-de-juego","embeddable":true,"href":"https:\/\/revolutionpadelstore.com\/pt-pt\/wp-json\/wp\/v2\/nivel-de-juego?post=72854"},{"taxonomy":"superficie","embeddable":true,"href":"https:\/\/revolutionpadelstore.com\/pt-pt\/wp-json\/wp\/v2\/superficie?post=72854"},{"taxonomy":"tipo-de-juego","embeddable":true,"href":"https:\/\/revolutionpadelstore.com\/pt-pt\/wp-json\/wp\/v2\/tipo-de-juego?post=72854"},{"taxonomy":"product_brand","embeddable":true,"href":"https:\/\/revolutionpadelstore.com\/pt-pt\/wp-json\/wp\/v2\/product_brand?post=72854"},{"taxonomy":"product_cat","embeddable":true,"href":"https:\/\/revolutionpadelstore.com\/pt-pt\/wp-json\/wp\/v2\/product_cat?post=72854"},{"taxonomy":"product_tag","embeddable":true,"href":"https:\/\/revolutionpadelstore.com\/pt-pt\/wp-json\/wp\/v2\/product_tag?post=72854"}],"curies":[{"name":"wp","href":"https:\/\/api.w.org\/{rel}","templated":true}]}}