{"id":72849,"date":"2024-09-06T00:38:02","date_gmt":"2024-09-05T22:38:02","guid":{"rendered":"https:\/\/revolutionpadelstore.com\/bullpadel-elite-w-25\/"},"modified":"2026-04-21T02:02:37","modified_gmt":"2026-04-21T00:02:37","slug":"bullpadel-elite-w-25-5","status":"publish","type":"product","link":"https:\/\/revolutionpadelstore.com\/pt-pt\/produto\/bullpadel-elite-w-25-5\/","title":{"rendered":"BULLPADEL ELITE W 25"},"content":{"rendered":"<p>Elite uma raquete mais leve, projetada especialmente para os jogadores mais exigentes. Com peso reduzido e formato h\u00edbrido, oferece manuseio \u00e1gil permitindo jogar com confian\u00e7a e impactar com estilo, seja dominando desde a linha de base ou destruindo a rede.<br \/>\nProjetado para oferecer desempenho excepcional, proporciona o equil\u00edbrio perfeito entre pot\u00eancia, controle e manobrabilidade, permitindo que voc\u00ea libere todo o seu potencial a cada golpe. Porque quando o estilo encontra o jogo, porqu\u00ea contentar-se com algo menos do que extraordin\u00e1rio? Descubra as tecnologias Elite e tudo o que ela pode oferecer para aperfei\u00e7oar sua t\u00e9cnica e se destacar em todos os aspectos.<\/p>\n<p><strong>N\u00daCLEO DE ELITE<\/strong><br \/>\nO cora\u00e7\u00e3o Elite, com sua geometria triangular invertida e refor\u00e7o na regi\u00e3o inicial dos bra\u00e7os, aumenta o volume e a massa em pontos-chave da estrutura, o que aumenta o momento de in\u00e9rcia da raquete. Como resultado, a raquete oferece maior firmeza e estabilidade, reduzindo significativamente a tor\u00e7\u00e3o ao bater na bola. Isto traduz-se num melhor controlo superior e numa sensa\u00e7\u00e3o de seguran\u00e7a em cada remate, ideal para jogadores que procuram precis\u00e3o e consist\u00eancia no seu jogo.<\/p>\n<p><strong>CANAL DE REA\u00c7\u00c3O A\u00c9REA<\/strong><br \/>\nElite possui tecnologia Air React Channel. O primeiro canal de ar que se desenvolveu no mundo do paddle, tornando-se uma refer\u00eancia de design na ind\u00fastria.<br \/>\nEsta tecnologia reduz a resist\u00eancia do ar na zona do cora\u00e7\u00e3o da raquete e torna a raquete mais \u00e1gil e leve, permitindo maior velocidade de acelera\u00e7\u00e3o e uma execu\u00e7\u00e3o mais r\u00e1pida e eficaz em cada bra\u00e7ada.<br \/>\nAl\u00e9m disso, o Air React Channel n\u00e3o \u00e9 apenas uma melhoria na aerodin\u00e2mica da raquete, mas tamb\u00e9m refor\u00e7a a sua integridade estrutural gra\u00e7as aos seus quatro bra\u00e7os no cora\u00e7\u00e3o, otimiza o retorno de energia, aumenta a velocidade de sa\u00edda da bola e aumenta a reatividade do seu jogo .<\/p>\n<p><strong>VIBRADRIVE<\/strong><br \/>\nVibradrive \u00e9 caracterizado pela inser\u00e7\u00e3o de um elast\u00f4mero altamente el\u00e1stico que fragmenta o cabo ao longo de seu eixo longitudinal. A excepcional elasticidade do material utilizado, aliada \u00e0 sua localiza\u00e7\u00e3o estrat\u00e9gica, fazem do Vibradrive um elemento essencial para absorver vibra\u00e7\u00f5es, principalmente em situa\u00e7\u00f5es de impacto descentrado.<\/p>\n<p><strong>FIBRIX<\/strong><br \/>\nElite foi criado para oferecer uma experi\u00eancia de jogo confort\u00e1vel e vers\u00e1til em todos os cantos da quadra. Seu material Fibrix, que combina fibras de vidro flex\u00edveis com carbono r\u00edgido, garante um toque macio e acess\u00edvel sem comprometer a capacidade de resposta. Com este material h\u00edbrido, portanto, voc\u00ea poder\u00e1 se destacar em todos os aspectos da partida, aumentando seu desempenho e confian\u00e7a em quadra para um jogo total.<\/p>\n<p><strong>Multieva<\/strong><br \/>\nO n\u00facleo desta raquete de padel foi desenhado com uma estrutura tipo \u201csandu\u00edche\u201d, composta por tr\u00eas camadas de EVA (Etileno-Vinil-Acetato) de diferentes densidades, cuidadosamente adaptadas para otimizar o desempenho em cada situa\u00e7\u00e3o de jogo.<br \/>\n1. Camadas externas: As duas camadas externas, confeccionadas com EVA de maior densidade e rigidez, s\u00e3o projetadas para maximizar a pot\u00eancia nos golpes mais explosivos, oferecendo uma resposta r\u00e1pida e contundente ao impactar a bola.<br \/>\n2. Camada interna: A camada interna, feita de EVA mais macio e de menor densidade, atua como um n\u00facleo de absor\u00e7\u00e3o de choque, aumentando a toler\u00e2ncia e o conforto em golpes de baixa velocidade. Essa suavidade interna n\u00e3o s\u00f3 melhora a sensa\u00e7\u00e3o de golpe, mas tamb\u00e9m ajuda a reduzir as vibra\u00e7\u00f5es, diminuindo o risco de les\u00f5es e proporcionando maior controle nos golpes mais delicados.<\/p>\n","protected":false},"excerpt":{"rendered":"<p><strong>Elite<\/strong>, a raquete <strong>Gemma Triay<\/strong>, \u00e9 o equil\u00edbrio perfeito entre eleg\u00e2ncia, controle e pot\u00eancia. Criado para o jogador que quer tudo: estilo, performance e presen\u00e7a. Com seu design chique, Elite se torna uma extens\u00e3o natural do seu estilo, fundindo perfeitamente desempenho e moda. Elite n\u00e3o \u00e9 apenas uma ferramenta de jogo; \u00c9 uma declara\u00e7\u00e3o de inten\u00e7\u00f5es.<strong>Elite<\/strong><\/p>\n","protected":false},"featured_media":99943,"comment_status":"open","ping_status":"closed","template":"","meta":{"_acf_changed":false,"_joinchat":[]},"acabado":[1085],"balance":[1135,1140],"dureza":[1155],"forma":[1175],"jugador":[1195],"marca":[1255],"nivel-de-juego":[1335,1340],"superficie":[],"tipo-de-juego":[1385],"product_brand":[],"product_cat":[300],"product_tag":[],"class_list":{"0":"post-72849","1":"product","2":"type-product","3":"status-publish","4":"has-post-thumbnail","6":"acabado-companheiro","7":"balance-alto-pt-pt","8":"balance-medio-pt-pt","9":"dureza-media-pt-pt","10":"forma-hibrido","11":"jugador-mulher","12":"marca-bullpadel-pt-pt","13":"tipo-de-juego-polivalente-pt-pt","14":"product_cat-palas","16":"first","17":"instock","18":"sale","19":"taxable","20":"shipping-taxable","21":"purchasable","22":"product-type-simple"},"acf":[],"yoast_head":"<!-- This site is optimized with the Yoast SEO plugin v27.4 - https:\/\/yoast.com\/product\/yoast-seo-wordpress\/ -->\n<title>BULLPADEL ELITE W 25 - Revolution Padel Store<\/title>\n<meta name=\"description\" content=\"Elite una pala m\u00e1s liviana, dise\u00f1ada especialmente para las jugadoras m\u00e1s exigentes. Con un peso reducido y un formato h\u00edbrido, ofrece un manejo \u00e1gil permiti\u00e9ndote jugar con confianza e impactar con estilo, ya sea dominando desde la l\u00ednea de fondo o arrasando en la red.Dise\u00f1ada para ofrecer un rendimiento excepcional, proporciona el equilibrio perfecto entre potencia, control y maniobrabilidad, capacit\u00e1ndote para desatar todo tu potencial con cada golpe. Porque cuando el estilo se encuentra con el juego, \u00bfpor qu\u00e9 conformarse con algo menos que extraordinario? Descubre las tecnolog\u00edas de Elite y todo lo que puede ofrecerte para perfeccionar tu t\u00e9cnica y destacar en cada punto.\" \/>\n<meta name=\"robots\" content=\"index, follow, max-snippet:-1, max-image-preview:large, max-video-preview:-1\" \/>\n<link rel=\"canonical\" href=\"https:\/\/revolutionpadelstore.com\/pt-pt\/produto\/bullpadel-elite-w-25-5\/\" \/>\n<meta property=\"og:locale\" content=\"pt_PT\" \/>\n<meta property=\"og:type\" content=\"article\" \/>\n<meta property=\"og:title\" content=\"BULLPADEL ELITE W 25 - Revolution Padel Store\" \/>\n<meta property=\"og:description\" content=\"Elite una pala m\u00e1s liviana, dise\u00f1ada especialmente para las jugadoras m\u00e1s exigentes. Con un peso reducido y un formato h\u00edbrido, ofrece un manejo \u00e1gil permiti\u00e9ndote jugar con confianza e impactar con estilo, ya sea dominando desde la l\u00ednea de fondo o arrasando en la red.Dise\u00f1ada para ofrecer un rendimiento excepcional, proporciona el equilibrio perfecto entre potencia, control y maniobrabilidad, capacit\u00e1ndote para desatar todo tu potencial con cada golpe. Porque cuando el estilo se encuentra con el juego, \u00bfpor qu\u00e9 conformarse con algo menos que extraordinario? Descubre las tecnolog\u00edas de Elite y todo lo que puede ofrecerte para perfeccionar tu t\u00e9cnica y destacar en cada punto.\" \/>\n<meta property=\"og:url\" content=\"https:\/\/revolutionpadelstore.com\/pt-pt\/produto\/bullpadel-elite-w-25-5\/\" \/>\n<meta property=\"og:site_name\" content=\"Revolution Padel Store\" \/>\n<meta property=\"article:modified_time\" content=\"2026-04-21T00:02:37+00:00\" \/>\n<meta property=\"og:image\" content=\"https:\/\/revolutionpadelstore.com\/wp-content\/uploads\/2024\/09\/113751_pala_bullpadel_elite_w_25_448124_mujer_1500x1500_1_904c.webp\" \/>\n\t<meta property=\"og:image:width\" content=\"1500\" \/>\n\t<meta property=\"og:image:height\" content=\"1500\" \/>\n\t<meta property=\"og:image:type\" content=\"image\/webp\" \/>\n<meta name=\"twitter:card\" content=\"summary_large_image\" \/>\n<meta name=\"twitter:label1\" content=\"Tempo estimado de leitura\" \/>\n\t<meta name=\"twitter:data1\" content=\"3 minutos\" \/>\n<script type=\"application\/ld+json\" class=\"yoast-schema-graph\">{\"@context\":\"https:\\\/\\\/schema.org\",\"@graph\":[{\"@type\":\"WebPage\",\"@id\":\"https:\\\/\\\/revolutionpadelstore.com\\\/pt-pt\\\/produto\\\/bullpadel-elite-w-25-5\\\/\",\"url\":\"https:\\\/\\\/revolutionpadelstore.com\\\/pt-pt\\\/produto\\\/bullpadel-elite-w-25-5\\\/\",\"name\":\"BULLPADEL ELITE W 25 - Revolution Padel Store\",\"isPartOf\":{\"@id\":\"https:\\\/\\\/revolutionpadelstore.com\\\/pt-pt\\\/#website\"},\"primaryImageOfPage\":{\"@id\":\"https:\\\/\\\/revolutionpadelstore.com\\\/pt-pt\\\/produto\\\/bullpadel-elite-w-25-5\\\/#primaryimage\"},\"image\":{\"@id\":\"https:\\\/\\\/revolutionpadelstore.com\\\/pt-pt\\\/produto\\\/bullpadel-elite-w-25-5\\\/#primaryimage\"},\"thumbnailUrl\":\"https:\\\/\\\/revolutionpadelstore.com\\\/wp-content\\\/uploads\\\/2024\\\/09\\\/113751_pala_bullpadel_elite_w_25_448124_mujer_1500x1500_1_904c.webp\",\"datePublished\":\"2024-09-05T22:38:02+00:00\",\"dateModified\":\"2026-04-21T00:02:37+00:00\",\"description\":\"Elite una pala m\u00e1s liviana, dise\u00f1ada especialmente para las jugadoras m\u00e1s exigentes. Con un peso reducido y un formato h\u00edbrido, ofrece un manejo \u00e1gil permiti\u00e9ndote jugar con confianza e impactar con estilo, ya sea dominando desde la l\u00ednea de fondo o arrasando en la red.Dise\u00f1ada para ofrecer un rendimiento excepcional, proporciona el equilibrio perfecto entre potencia, control y maniobrabilidad, capacit\u00e1ndote para desatar todo tu potencial con cada golpe. Porque cuando el estilo se encuentra con el juego, \u00bfpor qu\u00e9 conformarse con algo menos que extraordinario? Descubre las tecnolog\u00edas de Elite y todo lo que puede ofrecerte para perfeccionar tu t\u00e9cnica y destacar en cada punto.\",\"breadcrumb\":{\"@id\":\"https:\\\/\\\/revolutionpadelstore.com\\\/pt-pt\\\/produto\\\/bullpadel-elite-w-25-5\\\/#breadcrumb\"},\"inLanguage\":\"pt-PT\",\"potentialAction\":[{\"@type\":\"ReadAction\",\"target\":[\"https:\\\/\\\/revolutionpadelstore.com\\\/pt-pt\\\/produto\\\/bullpadel-elite-w-25-5\\\/\"]}]},{\"@type\":\"ImageObject\",\"inLanguage\":\"pt-PT\",\"@id\":\"https:\\\/\\\/revolutionpadelstore.com\\\/pt-pt\\\/produto\\\/bullpadel-elite-w-25-5\\\/#primaryimage\",\"url\":\"https:\\\/\\\/revolutionpadelstore.com\\\/wp-content\\\/uploads\\\/2024\\\/09\\\/113751_pala_bullpadel_elite_w_25_448124_mujer_1500x1500_1_904c.webp\",\"contentUrl\":\"https:\\\/\\\/revolutionpadelstore.com\\\/wp-content\\\/uploads\\\/2024\\\/09\\\/113751_pala_bullpadel_elite_w_25_448124_mujer_1500x1500_1_904c.webp\",\"width\":1500,\"height\":1500},{\"@type\":\"BreadcrumbList\",\"@id\":\"https:\\\/\\\/revolutionpadelstore.com\\\/pt-pt\\\/produto\\\/bullpadel-elite-w-25-5\\\/#breadcrumb\",\"itemListElement\":[{\"@type\":\"ListItem\",\"position\":1,\"name\":\"Portada\",\"item\":\"https:\\\/\\\/revolutionpadelstore.com\\\/pt-pt\\\/\"},{\"@type\":\"ListItem\",\"position\":2,\"name\":\"Tienda\",\"item\":\"https:\\\/\\\/revolutionpadelstore.com\\\/pt-pt\\\/tienda\\\/\"},{\"@type\":\"ListItem\",\"position\":3,\"name\":\"BULLPADEL ELITE W 25\"}]},{\"@type\":\"WebSite\",\"@id\":\"https:\\\/\\\/revolutionpadelstore.com\\\/pt-pt\\\/#website\",\"url\":\"https:\\\/\\\/revolutionpadelstore.com\\\/pt-pt\\\/\",\"name\":\"Revolution Padel Store\",\"description\":\"\",\"publisher\":{\"@id\":\"https:\\\/\\\/revolutionpadelstore.com\\\/pt-pt\\\/#organization\"},\"potentialAction\":[{\"@type\":\"SearchAction\",\"target\":{\"@type\":\"EntryPoint\",\"urlTemplate\":\"https:\\\/\\\/revolutionpadelstore.com\\\/pt-pt\\\/?s={search_term_string}\"},\"query-input\":{\"@type\":\"PropertyValueSpecification\",\"valueRequired\":true,\"valueName\":\"search_term_string\"}}],\"inLanguage\":\"pt-PT\"},{\"@type\":\"Organization\",\"@id\":\"https:\\\/\\\/revolutionpadelstore.com\\\/pt-pt\\\/#organization\",\"name\":\"Revolution Padel Store\",\"url\":\"https:\\\/\\\/revolutionpadelstore.com\\\/pt-pt\\\/\",\"logo\":{\"@type\":\"ImageObject\",\"inLanguage\":\"pt-PT\",\"@id\":\"https:\\\/\\\/revolutionpadelstore.com\\\/pt-pt\\\/#\\\/schema\\\/logo\\\/image\\\/\",\"url\":\"https:\\\/\\\/revolutionpadelstore.com\\\/wp-content\\\/uploads\\\/2026\\\/02\\\/revolution-padel-store.jpg\",\"contentUrl\":\"https:\\\/\\\/revolutionpadelstore.com\\\/wp-content\\\/uploads\\\/2026\\\/02\\\/revolution-padel-store.jpg\",\"width\":2000,\"height\":2000,\"caption\":\"Revolution Padel Store\"},\"image\":{\"@id\":\"https:\\\/\\\/revolutionpadelstore.com\\\/pt-pt\\\/#\\\/schema\\\/logo\\\/image\\\/\"},\"sameAs\":[\"https:\\\/\\\/www.instagram.com\\\/revolutionpadelstore\\\/\"]}]}<\/script>\n<!-- \/ Yoast SEO plugin. -->","yoast_head_json":{"title":"BULLPADEL ELITE W 25 - Revolution Padel Store","description":"Elite una pala m\u00e1s liviana, dise\u00f1ada especialmente para las jugadoras m\u00e1s exigentes. Con un peso reducido y un formato h\u00edbrido, ofrece un manejo \u00e1gil permiti\u00e9ndote jugar con confianza e impactar con estilo, ya sea dominando desde la l\u00ednea de fondo o arrasando en la red.Dise\u00f1ada para ofrecer un rendimiento excepcional, proporciona el equilibrio perfecto entre potencia, control y maniobrabilidad, capacit\u00e1ndote para desatar todo tu potencial con cada golpe. Porque cuando el estilo se encuentra con el juego, \u00bfpor qu\u00e9 conformarse con algo menos que extraordinario? Descubre las tecnolog\u00edas de Elite y todo lo que puede ofrecerte para perfeccionar tu t\u00e9cnica y destacar en cada punto.","robots":{"index":"index","follow":"follow","max-snippet":"max-snippet:-1","max-image-preview":"max-image-preview:large","max-video-preview":"max-video-preview:-1"},"canonical":"https:\/\/revolutionpadelstore.com\/pt-pt\/produto\/bullpadel-elite-w-25-5\/","og_locale":"pt_PT","og_type":"article","og_title":"BULLPADEL ELITE W 25 - Revolution Padel Store","og_description":"Elite una pala m\u00e1s liviana, dise\u00f1ada especialmente para las jugadoras m\u00e1s exigentes. Con un peso reducido y un formato h\u00edbrido, ofrece un manejo \u00e1gil permiti\u00e9ndote jugar con confianza e impactar con estilo, ya sea dominando desde la l\u00ednea de fondo o arrasando en la red.Dise\u00f1ada para ofrecer un rendimiento excepcional, proporciona el equilibrio perfecto entre potencia, control y maniobrabilidad, capacit\u00e1ndote para desatar todo tu potencial con cada golpe. Porque cuando el estilo se encuentra con el juego, \u00bfpor qu\u00e9 conformarse con algo menos que extraordinario? Descubre las tecnolog\u00edas de Elite y todo lo que puede ofrecerte para perfeccionar tu t\u00e9cnica y destacar en cada punto.","og_url":"https:\/\/revolutionpadelstore.com\/pt-pt\/produto\/bullpadel-elite-w-25-5\/","og_site_name":"Revolution Padel Store","article_modified_time":"2026-04-21T00:02:37+00:00","og_image":[{"width":1500,"height":1500,"url":"https:\/\/revolutionpadelstore.com\/wp-content\/uploads\/2024\/09\/113751_pala_bullpadel_elite_w_25_448124_mujer_1500x1500_1_904c.webp","type":"image\/webp"}],"twitter_card":"summary_large_image","twitter_misc":{"Tempo estimado de leitura":"3 minutos"},"schema":{"@context":"https:\/\/schema.org","@graph":[{"@type":"WebPage","@id":"https:\/\/revolutionpadelstore.com\/pt-pt\/produto\/bullpadel-elite-w-25-5\/","url":"https:\/\/revolutionpadelstore.com\/pt-pt\/produto\/bullpadel-elite-w-25-5\/","name":"BULLPADEL ELITE W 25 - Revolution Padel Store","isPartOf":{"@id":"https:\/\/revolutionpadelstore.com\/pt-pt\/#website"},"primaryImageOfPage":{"@id":"https:\/\/revolutionpadelstore.com\/pt-pt\/produto\/bullpadel-elite-w-25-5\/#primaryimage"},"image":{"@id":"https:\/\/revolutionpadelstore.com\/pt-pt\/produto\/bullpadel-elite-w-25-5\/#primaryimage"},"thumbnailUrl":"https:\/\/revolutionpadelstore.com\/wp-content\/uploads\/2024\/09\/113751_pala_bullpadel_elite_w_25_448124_mujer_1500x1500_1_904c.webp","datePublished":"2024-09-05T22:38:02+00:00","dateModified":"2026-04-21T00:02:37+00:00","description":"Elite una pala m\u00e1s liviana, dise\u00f1ada especialmente para las jugadoras m\u00e1s exigentes. Con un peso reducido y un formato h\u00edbrido, ofrece un manejo \u00e1gil permiti\u00e9ndote jugar con confianza e impactar con estilo, ya sea dominando desde la l\u00ednea de fondo o arrasando en la red.Dise\u00f1ada para ofrecer un rendimiento excepcional, proporciona el equilibrio perfecto entre potencia, control y maniobrabilidad, capacit\u00e1ndote para desatar todo tu potencial con cada golpe. Porque cuando el estilo se encuentra con el juego, \u00bfpor qu\u00e9 conformarse con algo menos que extraordinario? Descubre las tecnolog\u00edas de Elite y todo lo que puede ofrecerte para perfeccionar tu t\u00e9cnica y destacar en cada punto.","breadcrumb":{"@id":"https:\/\/revolutionpadelstore.com\/pt-pt\/produto\/bullpadel-elite-w-25-5\/#breadcrumb"},"inLanguage":"pt-PT","potentialAction":[{"@type":"ReadAction","target":["https:\/\/revolutionpadelstore.com\/pt-pt\/produto\/bullpadel-elite-w-25-5\/"]}]},{"@type":"ImageObject","inLanguage":"pt-PT","@id":"https:\/\/revolutionpadelstore.com\/pt-pt\/produto\/bullpadel-elite-w-25-5\/#primaryimage","url":"https:\/\/revolutionpadelstore.com\/wp-content\/uploads\/2024\/09\/113751_pala_bullpadel_elite_w_25_448124_mujer_1500x1500_1_904c.webp","contentUrl":"https:\/\/revolutionpadelstore.com\/wp-content\/uploads\/2024\/09\/113751_pala_bullpadel_elite_w_25_448124_mujer_1500x1500_1_904c.webp","width":1500,"height":1500},{"@type":"BreadcrumbList","@id":"https:\/\/revolutionpadelstore.com\/pt-pt\/produto\/bullpadel-elite-w-25-5\/#breadcrumb","itemListElement":[{"@type":"ListItem","position":1,"name":"Portada","item":"https:\/\/revolutionpadelstore.com\/pt-pt\/"},{"@type":"ListItem","position":2,"name":"Tienda","item":"https:\/\/revolutionpadelstore.com\/pt-pt\/tienda\/"},{"@type":"ListItem","position":3,"name":"BULLPADEL ELITE W 25"}]},{"@type":"WebSite","@id":"https:\/\/revolutionpadelstore.com\/pt-pt\/#website","url":"https:\/\/revolutionpadelstore.com\/pt-pt\/","name":"Revolution Padel Store","description":"","publisher":{"@id":"https:\/\/revolutionpadelstore.com\/pt-pt\/#organization"},"potentialAction":[{"@type":"SearchAction","target":{"@type":"EntryPoint","urlTemplate":"https:\/\/revolutionpadelstore.com\/pt-pt\/?s={search_term_string}"},"query-input":{"@type":"PropertyValueSpecification","valueRequired":true,"valueName":"search_term_string"}}],"inLanguage":"pt-PT"},{"@type":"Organization","@id":"https:\/\/revolutionpadelstore.com\/pt-pt\/#organization","name":"Revolution Padel Store","url":"https:\/\/revolutionpadelstore.com\/pt-pt\/","logo":{"@type":"ImageObject","inLanguage":"pt-PT","@id":"https:\/\/revolutionpadelstore.com\/pt-pt\/#\/schema\/logo\/image\/","url":"https:\/\/revolutionpadelstore.com\/wp-content\/uploads\/2026\/02\/revolution-padel-store.jpg","contentUrl":"https:\/\/revolutionpadelstore.com\/wp-content\/uploads\/2026\/02\/revolution-padel-store.jpg","width":2000,"height":2000,"caption":"Revolution Padel Store"},"image":{"@id":"https:\/\/revolutionpadelstore.com\/pt-pt\/#\/schema\/logo\/image\/"},"sameAs":["https:\/\/www.instagram.com\/revolutionpadelstore\/"]}]}},"_links":{"self":[{"href":"https:\/\/revolutionpadelstore.com\/pt-pt\/wp-json\/wp\/v2\/product\/72849","targetHints":{"allow":["GET"]}}],"collection":[{"href":"https:\/\/revolutionpadelstore.com\/pt-pt\/wp-json\/wp\/v2\/product"}],"about":[{"href":"https:\/\/revolutionpadelstore.com\/pt-pt\/wp-json\/wp\/v2\/types\/product"}],"replies":[{"embeddable":true,"href":"https:\/\/revolutionpadelstore.com\/pt-pt\/wp-json\/wp\/v2\/comments?post=72849"}],"wp:featuredmedia":[{"embeddable":true,"href":"https:\/\/revolutionpadelstore.com\/pt-pt\/wp-json\/wp\/v2\/media\/99943"}],"wp:attachment":[{"href":"https:\/\/revolutionpadelstore.com\/pt-pt\/wp-json\/wp\/v2\/media?parent=72849"}],"wp:term":[{"taxonomy":"acabado","embeddable":true,"href":"https:\/\/revolutionpadelstore.com\/pt-pt\/wp-json\/wp\/v2\/acabado?post=72849"},{"taxonomy":"balance","embeddable":true,"href":"https:\/\/revolutionpadelstore.com\/pt-pt\/wp-json\/wp\/v2\/balance?post=72849"},{"taxonomy":"dureza","embeddable":true,"href":"https:\/\/revolutionpadelstore.com\/pt-pt\/wp-json\/wp\/v2\/dureza?post=72849"},{"taxonomy":"forma","embeddable":true,"href":"https:\/\/revolutionpadelstore.com\/pt-pt\/wp-json\/wp\/v2\/forma?post=72849"},{"taxonomy":"jugador","embeddable":true,"href":"https:\/\/revolutionpadelstore.com\/pt-pt\/wp-json\/wp\/v2\/jugador?post=72849"},{"taxonomy":"marca","embeddable":true,"href":"https:\/\/revolutionpadelstore.com\/pt-pt\/wp-json\/wp\/v2\/marca?post=72849"},{"taxonomy":"nivel-de-juego","embeddable":true,"href":"https:\/\/revolutionpadelstore.com\/pt-pt\/wp-json\/wp\/v2\/nivel-de-juego?post=72849"},{"taxonomy":"superficie","embeddable":true,"href":"https:\/\/revolutionpadelstore.com\/pt-pt\/wp-json\/wp\/v2\/superficie?post=72849"},{"taxonomy":"tipo-de-juego","embeddable":true,"href":"https:\/\/revolutionpadelstore.com\/pt-pt\/wp-json\/wp\/v2\/tipo-de-juego?post=72849"},{"taxonomy":"product_brand","embeddable":true,"href":"https:\/\/revolutionpadelstore.com\/pt-pt\/wp-json\/wp\/v2\/product_brand?post=72849"},{"taxonomy":"product_cat","embeddable":true,"href":"https:\/\/revolutionpadelstore.com\/pt-pt\/wp-json\/wp\/v2\/product_cat?post=72849"},{"taxonomy":"product_tag","embeddable":true,"href":"https:\/\/revolutionpadelstore.com\/pt-pt\/wp-json\/wp\/v2\/product_tag?post=72849"}],"curies":[{"name":"wp","href":"https:\/\/api.w.org\/{rel}","templated":true}]}}