{"id":72844,"date":"2024-09-06T00:45:59","date_gmt":"2024-09-05T22:45:59","guid":{"rendered":"https:\/\/revolutionpadelstore.com\/bullpadel-flow-woman-25\/"},"modified":"2026-04-08T10:43:24","modified_gmt":"2026-04-08T08:43:24","slug":"bullpadel-flow-woman-25-5","status":"publish","type":"product","link":"https:\/\/revolutionpadelstore.com\/pt-pt\/produto\/bullpadel-flow-woman-25-5\/","title":{"rendered":"BULLPADEL FLOW WOMAN 25"},"content":{"rendered":"<p>Inspirada no jogo de Alejandra Salazar, esta raquete poderosa foi projetada especialmente para mulheres que buscam o equil\u00edbrio perfeito entre leveza e desempenho. Com um toque extra de pot\u00eancia em rela\u00e7\u00e3o ao seu antecessor, o Flow se adapta a novos estilos de jogo, permitindo que voc\u00ea flua em cada troca.<\/p>\n<p>Sua estrutura avan\u00e7ada e materiais de alta qualidade proporcionam a pot\u00eancia e a precis\u00e3o necess\u00e1rias para dominar os chutes pr\u00f3ximos \u00e0 rede e executar bandejas impec\u00e1veis, emulando a eleg\u00e2ncia e maestria da pr\u00f3pria Alejandra Salazar.<\/p>\n<p>Mova-se com uma fluidez invej\u00e1vel, fa\u00e7a da pista uma dan\u00e7a e tenha toda a facilidade que deseja para deslumbrar em cada movimento.<\/p>\n<p><strong>FOR\u00c7A DE FLUXO<\/strong><\/p>\n<p>Com este modelo, Bullpadel apresenta o conceito FLOWFORCE. a tecnologia do cora\u00e7\u00e3o da sua raquete de padel que est\u00e1 estrategicamente integrada ao bra\u00e7o da raquete, proporcionando refor\u00e7os estruturais.<\/p>\n<p>Estes refor\u00e7os n\u00e3o s\u00f3 fortalecem a estrutura da raquete, mas tamb\u00e9m otimizam a transfer\u00eancia de energia, permitindo bater com maior pot\u00eancia e precis\u00e3o. Usando o FLOWFORCE, cada chute se torna uma experi\u00eancia fluida e poderosa, dando a voc\u00ea uma sensa\u00e7\u00e3o de controle total sobre a bola e permitindo que voc\u00ea dite o ritmo do jogo com confian\u00e7a.<\/p>\n<p>Esteja voc\u00ea executando uma bandeja perfeitamente posicionada ou desencadeando um golpe impar\u00e1vel, a tecnologia FLOWFORCE oferece o suporte necess\u00e1rio para se destacar em cada troca.<\/p>\n<p><strong>Gr\u00e3o 3D<\/strong><\/p>\n<p>O Flow aumenta a quantidade de granula\u00e7\u00e3o na \u00faltima camada da face da raquete, implementando um padr\u00e3o de pontos com relevo 3D especialmente desenhado para maximizar o efeito em cada golpe. Este padr\u00e3o foi meticulosamente estudado e testado em colabora\u00e7\u00e3o com Alejandra Salazar, que trabalhou em estreita colabora\u00e7\u00e3o no desenvolvimento para identificar o design que melhor favorece os seus remates ofensivos. Gra\u00e7as a este trabalho conjunto, o Flow permitir\u00e1 executar bandejas com precis\u00e3o e pot\u00eancia compar\u00e1vel \u00e0 da pr\u00f3pria Salazar, elevando o seu jogo na rede a um n\u00edvel superior.<\/p>\n<p><strong>VIBRADRIVE<\/strong><\/p>\n<p>Vibradrive \u00e9 caracterizado pela inser\u00e7\u00e3o de um elast\u00f4mero altamente el\u00e1stico que fragmenta o cabo ao longo de seu eixo longitudinal. A excepcional elasticidade do material utilizado, aliada \u00e0 sua localiza\u00e7\u00e3o estrat\u00e9gica, fazem do Vibradrive um elemento essencial para absorver vibra\u00e7\u00f5es, principalmente em situa\u00e7\u00f5es de impacto descentrado.<\/p>\n<p><strong>FIBRIX<\/strong><\/p>\n<p>A raquete Flow possui constru\u00e7\u00e3o final na \u00faltima face com Fibrix, combina\u00e7\u00e3o de fibras de vidro flex\u00edveis com carbono r\u00edgido, que proporciona um toque mais macio e acess\u00edvel, facilitando maior sa\u00edda de bola. Isso garante uma resposta f\u00e1cil e eficaz, concentrando-se em ser capaz de se mover com fluidez e confian\u00e7a na quadra.<\/p>\n<p><strong>Multieva<\/strong><\/p>\n<p>O n\u00facleo desta raquete de padel foi desenhado com uma estrutura tipo \u201csandu\u00edche\u201d, composta por tr\u00eas camadas de EVA (Etileno-Vinil-Acetato) de diferentes densidades, cuidadosamente adaptadas para otimizar o desempenho em cada situa\u00e7\u00e3o de jogo.<\/p>\n<p>1. Camadas externas: As duas camadas externas, confeccionadas com EVA de maior densidade e rigidez, s\u00e3o projetadas para maximizar a pot\u00eancia nos golpes mais explosivos, oferecendo uma resposta r\u00e1pida e contundente ao impactar a bola.<\/p>\n<p>2. Camada interna: A camada interna, feita de EVA mais macio e de menor densidade, atua como um n\u00facleo de absor\u00e7\u00e3o de choque, aumentando a toler\u00e2ncia e o conforto em golpes de baixa velocidade. Essa suavidade interna n\u00e3o s\u00f3 melhora a sensa\u00e7\u00e3o de golpe, mas tamb\u00e9m ajuda a reduzir as vibra\u00e7\u00f5es, diminuindo o risco de les\u00f5es e proporcionando maior controle nos golpes mais delicados.<\/p>\n","protected":false},"excerpt":{"rendered":"<p>Imagine estar em quadra e se sentir completamente imerso no jogo, como se cada tacada flu\u00edsse com uma eleg\u00e2ncia natural e encantadora. Flow d\u00e1-lhe aquela sensa\u00e7\u00e3o m\u00e1gica, o estado perfeito em que est\u00e1 totalmente focado em desfrutar do paddle, como Alejandra Salazar nos seus momentos mais inspiradores.<\/p>\n","protected":false},"featured_media":99949,"comment_status":"open","ping_status":"closed","template":"","meta":{"_acf_changed":false,"_joinchat":[]},"acabado":[1090],"balance":[1135,1140],"dureza":[1155],"forma":[1170],"jugador":[1195],"marca":[1255],"nivel-de-juego":[1335],"superficie":[1360],"tipo-de-juego":[1380,1375],"product_brand":[],"product_cat":[300],"product_tag":[],"class_list":{"0":"post-72844","1":"product","2":"type-product","3":"status-publish","4":"has-post-thumbnail","6":"acabado-alivio-3d","7":"balance-alto-pt-pt","8":"balance-medio-pt-pt","9":"dureza-media-pt-pt","10":"forma-diamante-pt-pt","11":"jugador-mulher","12":"marca-bullpadel-pt-pt","13":"superficie-rugosa-pt-pt","14":"tipo-de-juego-ataque-pt-pt","15":"tipo-de-juego-poder","16":"product_cat-palas","18":"first","19":"instock","20":"sale","21":"taxable","22":"shipping-taxable","23":"purchasable","24":"product-type-simple"},"acf":[],"yoast_head":"<!-- This site is optimized with the Yoast SEO plugin v27.4 - https:\/\/yoast.com\/product\/yoast-seo-wordpress\/ -->\n<title>BULLPADEL FLOW WOMAN 25 - Revolution Padel Store<\/title>\n<meta name=\"description\" content=\"Imagina estar en la pista y sentirte completamente inmersa en el juego, como si cada golpe fluyera con una elegancia natural y encantadora. Flow te brinda esa sensaci\u00f3n m\u00e1gica, el estado perfecto en el que est\u00e1s totalmente centrada en disfrutar del p\u00e1del, como Alejandra Salazar en sus momentos m\u00e1s inspiradores.\" \/>\n<meta name=\"robots\" content=\"index, follow, max-snippet:-1, max-image-preview:large, max-video-preview:-1\" \/>\n<link rel=\"canonical\" href=\"https:\/\/revolutionpadelstore.com\/pt-pt\/produto\/bullpadel-flow-woman-25-5\/\" \/>\n<meta property=\"og:locale\" content=\"pt_PT\" \/>\n<meta property=\"og:type\" content=\"article\" \/>\n<meta property=\"og:title\" content=\"BULLPADEL FLOW WOMAN 25 - Revolution Padel Store\" \/>\n<meta property=\"og:description\" content=\"Imagina estar en la pista y sentirte completamente inmersa en el juego, como si cada golpe fluyera con una elegancia natural y encantadora. Flow te brinda esa sensaci\u00f3n m\u00e1gica, el estado perfecto en el que est\u00e1s totalmente centrada en disfrutar del p\u00e1del, como Alejandra Salazar en sus momentos m\u00e1s inspiradores.\" \/>\n<meta property=\"og:url\" content=\"https:\/\/revolutionpadelstore.com\/pt-pt\/produto\/bullpadel-flow-woman-25-5\/\" \/>\n<meta property=\"og:site_name\" content=\"Revolution Padel Store\" \/>\n<meta property=\"article:modified_time\" content=\"2026-04-08T08:43:24+00:00\" \/>\n<meta property=\"og:image\" content=\"https:\/\/revolutionpadelstore.com\/wp-content\/uploads\/2024\/09\/113753_pala_bullpadel_flow_woman_25_448123_mujer_1500x1500_1_1b91.webp\" \/>\n\t<meta property=\"og:image:width\" content=\"1500\" \/>\n\t<meta property=\"og:image:height\" content=\"1500\" \/>\n\t<meta property=\"og:image:type\" content=\"image\/webp\" \/>\n<meta name=\"twitter:card\" content=\"summary_large_image\" \/>\n<meta name=\"twitter:label1\" content=\"Tempo estimado de leitura\" \/>\n\t<meta name=\"twitter:data1\" content=\"3 minutos\" \/>\n<script type=\"application\/ld+json\" class=\"yoast-schema-graph\">{\"@context\":\"https:\\\/\\\/schema.org\",\"@graph\":[{\"@type\":\"WebPage\",\"@id\":\"https:\\\/\\\/revolutionpadelstore.com\\\/pt-pt\\\/produto\\\/bullpadel-flow-woman-25-5\\\/\",\"url\":\"https:\\\/\\\/revolutionpadelstore.com\\\/pt-pt\\\/produto\\\/bullpadel-flow-woman-25-5\\\/\",\"name\":\"BULLPADEL FLOW WOMAN 25 - Revolution Padel Store\",\"isPartOf\":{\"@id\":\"https:\\\/\\\/revolutionpadelstore.com\\\/pt-pt\\\/#website\"},\"primaryImageOfPage\":{\"@id\":\"https:\\\/\\\/revolutionpadelstore.com\\\/pt-pt\\\/produto\\\/bullpadel-flow-woman-25-5\\\/#primaryimage\"},\"image\":{\"@id\":\"https:\\\/\\\/revolutionpadelstore.com\\\/pt-pt\\\/produto\\\/bullpadel-flow-woman-25-5\\\/#primaryimage\"},\"thumbnailUrl\":\"https:\\\/\\\/revolutionpadelstore.com\\\/wp-content\\\/uploads\\\/2024\\\/09\\\/113753_pala_bullpadel_flow_woman_25_448123_mujer_1500x1500_1_1b91.webp\",\"datePublished\":\"2024-09-05T22:45:59+00:00\",\"dateModified\":\"2026-04-08T08:43:24+00:00\",\"description\":\"Imagina estar en la pista y sentirte completamente inmersa en el juego, como si cada golpe fluyera con una elegancia natural y encantadora. Flow te brinda esa sensaci\u00f3n m\u00e1gica, el estado perfecto en el que est\u00e1s totalmente centrada en disfrutar del p\u00e1del, como Alejandra Salazar en sus momentos m\u00e1s inspiradores.\",\"breadcrumb\":{\"@id\":\"https:\\\/\\\/revolutionpadelstore.com\\\/pt-pt\\\/produto\\\/bullpadel-flow-woman-25-5\\\/#breadcrumb\"},\"inLanguage\":\"pt-PT\",\"potentialAction\":[{\"@type\":\"ReadAction\",\"target\":[\"https:\\\/\\\/revolutionpadelstore.com\\\/pt-pt\\\/produto\\\/bullpadel-flow-woman-25-5\\\/\"]}]},{\"@type\":\"ImageObject\",\"inLanguage\":\"pt-PT\",\"@id\":\"https:\\\/\\\/revolutionpadelstore.com\\\/pt-pt\\\/produto\\\/bullpadel-flow-woman-25-5\\\/#primaryimage\",\"url\":\"https:\\\/\\\/revolutionpadelstore.com\\\/wp-content\\\/uploads\\\/2024\\\/09\\\/113753_pala_bullpadel_flow_woman_25_448123_mujer_1500x1500_1_1b91.webp\",\"contentUrl\":\"https:\\\/\\\/revolutionpadelstore.com\\\/wp-content\\\/uploads\\\/2024\\\/09\\\/113753_pala_bullpadel_flow_woman_25_448123_mujer_1500x1500_1_1b91.webp\",\"width\":1500,\"height\":1500},{\"@type\":\"BreadcrumbList\",\"@id\":\"https:\\\/\\\/revolutionpadelstore.com\\\/pt-pt\\\/produto\\\/bullpadel-flow-woman-25-5\\\/#breadcrumb\",\"itemListElement\":[{\"@type\":\"ListItem\",\"position\":1,\"name\":\"Portada\",\"item\":\"https:\\\/\\\/revolutionpadelstore.com\\\/pt-pt\\\/\"},{\"@type\":\"ListItem\",\"position\":2,\"name\":\"Tienda\",\"item\":\"https:\\\/\\\/revolutionpadelstore.com\\\/pt-pt\\\/tienda\\\/\"},{\"@type\":\"ListItem\",\"position\":3,\"name\":\"BULLPADEL FLOW WOMAN 25\"}]},{\"@type\":\"WebSite\",\"@id\":\"https:\\\/\\\/revolutionpadelstore.com\\\/pt-pt\\\/#website\",\"url\":\"https:\\\/\\\/revolutionpadelstore.com\\\/pt-pt\\\/\",\"name\":\"Revolution Padel Store\",\"description\":\"\",\"publisher\":{\"@id\":\"https:\\\/\\\/revolutionpadelstore.com\\\/pt-pt\\\/#organization\"},\"potentialAction\":[{\"@type\":\"SearchAction\",\"target\":{\"@type\":\"EntryPoint\",\"urlTemplate\":\"https:\\\/\\\/revolutionpadelstore.com\\\/pt-pt\\\/?s={search_term_string}\"},\"query-input\":{\"@type\":\"PropertyValueSpecification\",\"valueRequired\":true,\"valueName\":\"search_term_string\"}}],\"inLanguage\":\"pt-PT\"},{\"@type\":\"Organization\",\"@id\":\"https:\\\/\\\/revolutionpadelstore.com\\\/pt-pt\\\/#organization\",\"name\":\"Revolution Padel Store\",\"url\":\"https:\\\/\\\/revolutionpadelstore.com\\\/pt-pt\\\/\",\"logo\":{\"@type\":\"ImageObject\",\"inLanguage\":\"pt-PT\",\"@id\":\"https:\\\/\\\/revolutionpadelstore.com\\\/pt-pt\\\/#\\\/schema\\\/logo\\\/image\\\/\",\"url\":\"https:\\\/\\\/revolutionpadelstore.com\\\/wp-content\\\/uploads\\\/2026\\\/02\\\/revolution-padel-store.jpg\",\"contentUrl\":\"https:\\\/\\\/revolutionpadelstore.com\\\/wp-content\\\/uploads\\\/2026\\\/02\\\/revolution-padel-store.jpg\",\"width\":2000,\"height\":2000,\"caption\":\"Revolution Padel Store\"},\"image\":{\"@id\":\"https:\\\/\\\/revolutionpadelstore.com\\\/pt-pt\\\/#\\\/schema\\\/logo\\\/image\\\/\"},\"sameAs\":[\"https:\\\/\\\/www.instagram.com\\\/revolutionpadelstore\\\/\"]}]}<\/script>\n<!-- \/ Yoast SEO plugin. -->","yoast_head_json":{"title":"BULLPADEL FLOW WOMAN 25 - Revolution Padel Store","description":"Imagina estar en la pista y sentirte completamente inmersa en el juego, como si cada golpe fluyera con una elegancia natural y encantadora. Flow te brinda esa sensaci\u00f3n m\u00e1gica, el estado perfecto en el que est\u00e1s totalmente centrada en disfrutar del p\u00e1del, como Alejandra Salazar en sus momentos m\u00e1s inspiradores.","robots":{"index":"index","follow":"follow","max-snippet":"max-snippet:-1","max-image-preview":"max-image-preview:large","max-video-preview":"max-video-preview:-1"},"canonical":"https:\/\/revolutionpadelstore.com\/pt-pt\/produto\/bullpadel-flow-woman-25-5\/","og_locale":"pt_PT","og_type":"article","og_title":"BULLPADEL FLOW WOMAN 25 - Revolution Padel Store","og_description":"Imagina estar en la pista y sentirte completamente inmersa en el juego, como si cada golpe fluyera con una elegancia natural y encantadora. Flow te brinda esa sensaci\u00f3n m\u00e1gica, el estado perfecto en el que est\u00e1s totalmente centrada en disfrutar del p\u00e1del, como Alejandra Salazar en sus momentos m\u00e1s inspiradores.","og_url":"https:\/\/revolutionpadelstore.com\/pt-pt\/produto\/bullpadel-flow-woman-25-5\/","og_site_name":"Revolution Padel Store","article_modified_time":"2026-04-08T08:43:24+00:00","og_image":[{"width":1500,"height":1500,"url":"https:\/\/revolutionpadelstore.com\/wp-content\/uploads\/2024\/09\/113753_pala_bullpadel_flow_woman_25_448123_mujer_1500x1500_1_1b91.webp","type":"image\/webp"}],"twitter_card":"summary_large_image","twitter_misc":{"Tempo estimado de leitura":"3 minutos"},"schema":{"@context":"https:\/\/schema.org","@graph":[{"@type":"WebPage","@id":"https:\/\/revolutionpadelstore.com\/pt-pt\/produto\/bullpadel-flow-woman-25-5\/","url":"https:\/\/revolutionpadelstore.com\/pt-pt\/produto\/bullpadel-flow-woman-25-5\/","name":"BULLPADEL FLOW WOMAN 25 - Revolution Padel Store","isPartOf":{"@id":"https:\/\/revolutionpadelstore.com\/pt-pt\/#website"},"primaryImageOfPage":{"@id":"https:\/\/revolutionpadelstore.com\/pt-pt\/produto\/bullpadel-flow-woman-25-5\/#primaryimage"},"image":{"@id":"https:\/\/revolutionpadelstore.com\/pt-pt\/produto\/bullpadel-flow-woman-25-5\/#primaryimage"},"thumbnailUrl":"https:\/\/revolutionpadelstore.com\/wp-content\/uploads\/2024\/09\/113753_pala_bullpadel_flow_woman_25_448123_mujer_1500x1500_1_1b91.webp","datePublished":"2024-09-05T22:45:59+00:00","dateModified":"2026-04-08T08:43:24+00:00","description":"Imagina estar en la pista y sentirte completamente inmersa en el juego, como si cada golpe fluyera con una elegancia natural y encantadora. Flow te brinda esa sensaci\u00f3n m\u00e1gica, el estado perfecto en el que est\u00e1s totalmente centrada en disfrutar del p\u00e1del, como Alejandra Salazar en sus momentos m\u00e1s inspiradores.","breadcrumb":{"@id":"https:\/\/revolutionpadelstore.com\/pt-pt\/produto\/bullpadel-flow-woman-25-5\/#breadcrumb"},"inLanguage":"pt-PT","potentialAction":[{"@type":"ReadAction","target":["https:\/\/revolutionpadelstore.com\/pt-pt\/produto\/bullpadel-flow-woman-25-5\/"]}]},{"@type":"ImageObject","inLanguage":"pt-PT","@id":"https:\/\/revolutionpadelstore.com\/pt-pt\/produto\/bullpadel-flow-woman-25-5\/#primaryimage","url":"https:\/\/revolutionpadelstore.com\/wp-content\/uploads\/2024\/09\/113753_pala_bullpadel_flow_woman_25_448123_mujer_1500x1500_1_1b91.webp","contentUrl":"https:\/\/revolutionpadelstore.com\/wp-content\/uploads\/2024\/09\/113753_pala_bullpadel_flow_woman_25_448123_mujer_1500x1500_1_1b91.webp","width":1500,"height":1500},{"@type":"BreadcrumbList","@id":"https:\/\/revolutionpadelstore.com\/pt-pt\/produto\/bullpadel-flow-woman-25-5\/#breadcrumb","itemListElement":[{"@type":"ListItem","position":1,"name":"Portada","item":"https:\/\/revolutionpadelstore.com\/pt-pt\/"},{"@type":"ListItem","position":2,"name":"Tienda","item":"https:\/\/revolutionpadelstore.com\/pt-pt\/tienda\/"},{"@type":"ListItem","position":3,"name":"BULLPADEL FLOW WOMAN 25"}]},{"@type":"WebSite","@id":"https:\/\/revolutionpadelstore.com\/pt-pt\/#website","url":"https:\/\/revolutionpadelstore.com\/pt-pt\/","name":"Revolution Padel Store","description":"","publisher":{"@id":"https:\/\/revolutionpadelstore.com\/pt-pt\/#organization"},"potentialAction":[{"@type":"SearchAction","target":{"@type":"EntryPoint","urlTemplate":"https:\/\/revolutionpadelstore.com\/pt-pt\/?s={search_term_string}"},"query-input":{"@type":"PropertyValueSpecification","valueRequired":true,"valueName":"search_term_string"}}],"inLanguage":"pt-PT"},{"@type":"Organization","@id":"https:\/\/revolutionpadelstore.com\/pt-pt\/#organization","name":"Revolution Padel Store","url":"https:\/\/revolutionpadelstore.com\/pt-pt\/","logo":{"@type":"ImageObject","inLanguage":"pt-PT","@id":"https:\/\/revolutionpadelstore.com\/pt-pt\/#\/schema\/logo\/image\/","url":"https:\/\/revolutionpadelstore.com\/wp-content\/uploads\/2026\/02\/revolution-padel-store.jpg","contentUrl":"https:\/\/revolutionpadelstore.com\/wp-content\/uploads\/2026\/02\/revolution-padel-store.jpg","width":2000,"height":2000,"caption":"Revolution Padel Store"},"image":{"@id":"https:\/\/revolutionpadelstore.com\/pt-pt\/#\/schema\/logo\/image\/"},"sameAs":["https:\/\/www.instagram.com\/revolutionpadelstore\/"]}]}},"_links":{"self":[{"href":"https:\/\/revolutionpadelstore.com\/pt-pt\/wp-json\/wp\/v2\/product\/72844","targetHints":{"allow":["GET"]}}],"collection":[{"href":"https:\/\/revolutionpadelstore.com\/pt-pt\/wp-json\/wp\/v2\/product"}],"about":[{"href":"https:\/\/revolutionpadelstore.com\/pt-pt\/wp-json\/wp\/v2\/types\/product"}],"replies":[{"embeddable":true,"href":"https:\/\/revolutionpadelstore.com\/pt-pt\/wp-json\/wp\/v2\/comments?post=72844"}],"wp:featuredmedia":[{"embeddable":true,"href":"https:\/\/revolutionpadelstore.com\/pt-pt\/wp-json\/wp\/v2\/media\/99949"}],"wp:attachment":[{"href":"https:\/\/revolutionpadelstore.com\/pt-pt\/wp-json\/wp\/v2\/media?parent=72844"}],"wp:term":[{"taxonomy":"acabado","embeddable":true,"href":"https:\/\/revolutionpadelstore.com\/pt-pt\/wp-json\/wp\/v2\/acabado?post=72844"},{"taxonomy":"balance","embeddable":true,"href":"https:\/\/revolutionpadelstore.com\/pt-pt\/wp-json\/wp\/v2\/balance?post=72844"},{"taxonomy":"dureza","embeddable":true,"href":"https:\/\/revolutionpadelstore.com\/pt-pt\/wp-json\/wp\/v2\/dureza?post=72844"},{"taxonomy":"forma","embeddable":true,"href":"https:\/\/revolutionpadelstore.com\/pt-pt\/wp-json\/wp\/v2\/forma?post=72844"},{"taxonomy":"jugador","embeddable":true,"href":"https:\/\/revolutionpadelstore.com\/pt-pt\/wp-json\/wp\/v2\/jugador?post=72844"},{"taxonomy":"marca","embeddable":true,"href":"https:\/\/revolutionpadelstore.com\/pt-pt\/wp-json\/wp\/v2\/marca?post=72844"},{"taxonomy":"nivel-de-juego","embeddable":true,"href":"https:\/\/revolutionpadelstore.com\/pt-pt\/wp-json\/wp\/v2\/nivel-de-juego?post=72844"},{"taxonomy":"superficie","embeddable":true,"href":"https:\/\/revolutionpadelstore.com\/pt-pt\/wp-json\/wp\/v2\/superficie?post=72844"},{"taxonomy":"tipo-de-juego","embeddable":true,"href":"https:\/\/revolutionpadelstore.com\/pt-pt\/wp-json\/wp\/v2\/tipo-de-juego?post=72844"},{"taxonomy":"product_brand","embeddable":true,"href":"https:\/\/revolutionpadelstore.com\/pt-pt\/wp-json\/wp\/v2\/product_brand?post=72844"},{"taxonomy":"product_cat","embeddable":true,"href":"https:\/\/revolutionpadelstore.com\/pt-pt\/wp-json\/wp\/v2\/product_cat?post=72844"},{"taxonomy":"product_tag","embeddable":true,"href":"https:\/\/revolutionpadelstore.com\/pt-pt\/wp-json\/wp\/v2\/product_tag?post=72844"}],"curies":[{"name":"wp","href":"https:\/\/api.w.org\/{rel}","templated":true}]}}