{"id":72839,"date":"2024-09-08T18:09:27","date_gmt":"2024-09-08T16:09:27","guid":{"rendered":"https:\/\/revolutionpadelstore.com\/bullpadel-hack-04-25\/"},"modified":"2026-04-10T02:05:34","modified_gmt":"2026-04-10T00:05:34","slug":"bullpadel-hack-04-25-5","status":"publish","type":"product","link":"https:\/\/revolutionpadelstore.com\/pt-pt\/produto\/bullpadel-hack-04-25-5\/","title":{"rendered":"BULLPADEL HACK 04 25"},"content":{"rendered":"<p>A gama Hack, com uma hist\u00f3ria de 10 anos de desenvolvimento, deixou uma marca indel\u00e9vel na hist\u00f3ria das pistas. L\u00edder de vendas e portador de uma abordagem revolucion\u00e1ria, o Hack sempre foi um porta-estandarte do poder bruto. Agora redefina sua experi\u00eancia de jogo, para um novo conceito. O <strong>poder din\u00e2mico<\/strong>.<\/p>\n<p>A busca incans\u00e1vel pela perfei\u00e7\u00e3o \u00e9 o motor que move todos os atletas. Na vontade de facilitar o jogo aos nossos jogadores, evolu\u00edmos os nossos produtos \u00e0 medida das suas necessidades, tendo em conta a evolu\u00e7\u00e3o do jogo que os nossos jogadores profissionais nos transmitem.<\/p>\n<p>\u00c9 por isso que a Hack 04 une suas valiosas opini\u00f5es para alcan\u00e7ar a excel\u00eancia com suas novas tecnologias.<\/p>\n<p><strong>Total, Canal<\/strong><\/p>\n<p>O HACK 04 vai al\u00e9m das expectativas, introduzindo o conceito de pot\u00eancia din\u00e2mica. A chave est\u00e1 na capacidade de maximizar a velocidade gerada pelo movimento do jogador, transformando a energia cin\u00e9tica em impactos poderosos e precisos.<\/p>\n<p>A aerodin\u00e2mica do HACK 04 foi meticulosamente refinada para otimizar a velocidade de giro com a introdu\u00e7\u00e3o de um canal em todo o per\u00edmetro. Seu objetivo? reduza ao m\u00e1ximo a resist\u00eancia do ar, conectando o sistema Air React Channel.<\/p>\n<p>Este canal perimetral tamb\u00e9m melhora a estabilidade torcional e proporciona maior rigidez ao quadro, otimizando assim a transfer\u00eancia de energia em cada golpe.<\/p>\n<p>Com o novo HACK 04 voc\u00ea pode sentir uma acelera\u00e7\u00e3o r\u00e1pida e transform\u00e1-la em golpes poderosos.<\/p>\n<p><strong>Tricore<\/strong><\/p>\n<p>O novo cora\u00e7\u00e3o TRICORE aumenta a espessura dos seus vetores para reduzir as vibra\u00e7\u00f5es e melhorar a estabilidade e a pot\u00eancia. Al\u00e9m do mais. Agora, o CANAL AIR REACT passa completamente pelo cora\u00e7\u00e3o! O fluxo de ar \u00e9 mais r\u00e1pido, sem turbul\u00eancia, o que melhora a maneabilidade e a ACELERA\u00c7\u00c3O, permitindo movimentos mais r\u00e1pidos, aumentando a pot\u00eancia em cada bra\u00e7ada.<\/p>\n<p><strong>Canal Air React<\/strong><\/p>\n<p>A aerodin\u00e2mica se acentua no mundo do padel com este Hack 04. Para complementar o perfil que percorre toda a estrutura da raquete, o Hack 04 adiciona a tecnologia Air React Channel. O primeiro canal de ar que se desenvolveu no mundo do paddle, tornando-se uma refer\u00eancia de design na ind\u00fastria.<\/p>\n<p>Esta tecnologia reduz a resist\u00eancia do ar na zona do cora\u00e7\u00e3o da raquete e torna a raquete mais \u00e1gil e leve, permitindo maior velocidade de acelera\u00e7\u00e3o e uma execu\u00e7\u00e3o mais r\u00e1pida e eficaz em cada bra\u00e7ada.<\/p>\n<p>Al\u00e9m disso, o Air React Channel n\u00e3o \u00e9 apenas uma melhoria na aerodin\u00e2mica da raquete, mas tamb\u00e9m refor\u00e7a a sua integridade estrutural gra\u00e7as aos seus quatro bra\u00e7os no cora\u00e7\u00e3o, otimiza o retorno de energia, aumenta a velocidade de sa\u00edda da bola e aumenta a reatividade do seu jogo .<\/p>\n<p><strong>Vibra\u00e7\u00e3o facilitada<\/strong><\/p>\n<p>Os Ease Vibe s\u00e3o amortecedores de \u00faltima gera\u00e7\u00e3o, projetados para otimizar seu desempenho na quadra de padel. Integrados em quatro orif\u00edcios estrat\u00e9gicos na l\u00e2mina, os Ease Vibe foram submetidos a rigorosos estudos pela Universidade Polit\u00e9cnica de Madrid, demonstrando a sua capacidade de absorver at\u00e9 49% das vibra\u00e7\u00f5es produzidas ao bater na bola.<\/p>\n<p>Gra\u00e7as \u00e0 sua geometria redesenhada em forma de mola, estes amortecedores n\u00e3o s\u00f3 melhoram a absor\u00e7\u00e3o de vibra\u00e7\u00f5es, mas tamb\u00e9m aumentam o seu desempenho geral. Este formato inovador permite uma personaliza\u00e7\u00e3o \u00fanica do toque e equil\u00edbrio da raquete, dando-lhe flexibilidade para ajustar o seu jogo de acordo com as suas necessidades. Quer procure maior controlo ou pot\u00eancia, o Ease Vibe permite-lhe adaptar a sua raquete para maximizar cada tacada e garantir uma experi\u00eancia de jogo mais confort\u00e1vel e eficaz.<\/p>\n<p><strong>Peso personalizado<\/strong><\/p>\n<p>O sistema de pesagem CustomWeight \u00e9 composto por placas com acabamento em gel com peso de 3g por unidade, que proporcionam peso extra nas \u00e1reas espec\u00edficas onde s\u00e3o colocadas. Com isso conseguimos modificar o equil\u00edbrio da raquete dependendo da necessidade de cada jogador. A estrutura HACK 04 foi projetada para a coloca\u00e7\u00e3o de um total de 5 pesos. 4 no topo da l\u00e2mina e mais um na parte da tampa com peso de 5g ou 10g. Com tudo isso, podemos criar diferentes especifica\u00e7\u00f5es de at\u00e9 22g a mais e uma altera\u00e7\u00e3o de equil\u00edbrio de +-1cm.<\/p>\n<p><strong>SmartHoles<\/strong><\/p>\n<p>A distribui\u00e7\u00e3o dos furos em uma raquete de padel desempenha um papel importante no desempenho, influenciando fatores como controle, sa\u00edda de bola ou pot\u00eancia. O novo padr\u00e3o de furos da linha Hack 04 foi redesenhado com formato de c\u00edrculos conc\u00eantricos que permite uma distribui\u00e7\u00e3o mais equilibrada, maior flexibilidade na face da raquete, e com isso maior sa\u00edda de bola e maior sweet spot.<\/p>\n<p><strong>Gr\u00e3o 3D<\/strong><\/p>\n<p>O Bullpadel HACK 04 incorpora uma nova superf\u00edcie rugosa 3D com c\u00edrculos conc\u00eantricos, projetada para otimizar os efeitos. Ao impactar a bola, esta nova rugosidade gera maior fric\u00e7\u00e3o, garantindo um contacto mais longo e preciso, o que se traduz em efeitos vencedores, tanto nos remates desde a linha de fundo como nos remates subtis perto da rede.<\/p>\n<p><strong>Hesacore<\/strong><\/p>\n<p>Descubra o novo Hesacore e a sua f\u00f3rmula renovada para aumentar a prote\u00e7\u00e3o do seu jogo. Com o novo Hesacore, esque\u00e7a o desconforto no bra\u00e7o e as vibra\u00e7\u00f5es indesejadas: nosso avan\u00e7ado elast\u00f4mero antivibra\u00e7\u00e3o filtra e minimiza essas sensa\u00e7\u00f5es, permitindo que voc\u00ea se concentre no seu desempenho sem distra\u00e7\u00f5es.<\/p>\n<p>Seu design ergon\u00f4mico em forma de favo de mel maximiza o contato entre a m\u00e3o e o punho, permitindo que os dedos descansem nas superf\u00edcies c\u00f4ncavas. Isto reduz a tens\u00e3o e o risco de les\u00f5es, ao mesmo tempo que proporciona uma ader\u00eancia firme e confort\u00e1vel. Com a nova Hesacore, mantenha sempre o controle total da sua raquete.<\/p>\n<p><strong>Vibradrive<\/strong><\/p>\n<p>Vibradrive \u00e9 caracterizado pela inser\u00e7\u00e3o de um elast\u00f4mero altamente el\u00e1stico que fragmenta o cabo ao longo de seu eixo longitudinal. A excepcional elasticidade do material utilizado, aliada \u00e0 sua localiza\u00e7\u00e3o estrat\u00e9gica, fazem do vibradrive um elemento essencial para absorver vibra\u00e7\u00f5es, principalmente em situa\u00e7\u00f5es de impacto descentrado.<\/p>\n<p><strong>TriCarbono 18K<\/strong><\/p>\n<p>O Hack 04 incorpora a avan\u00e7ada fibra de carbono Tricarbon, desenvolvida pela Bullpadel. Este material inovador \u00e9 composto por filamentos de carbono ultraleves e mais finos de 18K, entrela\u00e7ados em tr\u00eas dire\u00e7\u00f5es estrat\u00e9gicas.<\/p>\n<p>Gra\u00e7as a esta estrutura tridimensional, o Tricarbon n\u00e3o s\u00f3 melhora a velocidade de rea\u00e7\u00e3o do n\u00facleo no momento do impacto, mas tamb\u00e9m otimiza o retorno da l\u00e2mina ap\u00f3s o golpe. Isto se traduz em uma transfer\u00eancia de energia mais eficiente, permitindo que cada movimento flua com maior velocidade.<\/p>\n<p><strong>Multieva<\/strong><\/p>\n<p>O n\u00facleo desta raquete de padel foi desenhado com uma estrutura tipo \u201csandu\u00edche\u201d, composta por tr\u00eas camadas de EVA (Etileno-Vinil-Acetato) de diferentes densidades, cuidadosamente adaptadas para otimizar o desempenho em cada situa\u00e7\u00e3o de jogo.<\/p>\n<p>1. Camadas externas: As duas camadas externas, confeccionadas com EVA de maior densidade e rigidez, s\u00e3o projetadas para maximizar a pot\u00eancia nos golpes mais explosivos, oferecendo uma resposta r\u00e1pida e contundente ao impactar a bola.<\/p>\n<p>2. Camada interna: A camada interna, feita de EVA mais macio e de menor densidade, atua como um n\u00facleo de absor\u00e7\u00e3o de choque, aumentando a toler\u00e2ncia e o conforto em golpes de baixa velocidade. Essa suavidade interna n\u00e3o s\u00f3 melhora a sensa\u00e7\u00e3o de golpe, mas tamb\u00e9m ajuda a reduzir as vibra\u00e7\u00f5es, diminuindo o risco de les\u00f5es e proporcionando maior controle nos golpes mais delicados.<\/p>\n<p>Esta combina\u00e7\u00e3o de materiais permite que a raquete se adapte dinamicamente a diferentes estilos de jogo.<\/p>\n","protected":false},"excerpt":{"rendered":"<p>Apresentamos a voc\u00eas o novo Bullpadel <strong>HACK 04<\/strong>, a raquete de padel da <strong>Paquito Navarro <\/strong>com sua inovadora tecnologia Total Channel e ponte tripla no cora\u00e7\u00e3o. Descubra seu poder din\u00e2mico e libere um vendaval com seus movimentos.<\/p>\n<p>Uma raquete de padel mais r\u00e1pida, potente, din\u00e2mica e \u00e1gil. Projetado para colocar fogo na bola a cada chute, gra\u00e7as \u00e0 combina\u00e7\u00e3o de seu exclusivo Total Channel e seu incompar\u00e1vel ponto ideal que permite acelerar seus chutes com mais facilidade para lev\u00e1-los a outro n\u00edvel.<br \/>\nSe voc\u00ea gosta de jogar r\u00e1pido, a nova HACK 04 \u00e9 a sua raquete!<\/p>\n","protected":false},"featured_media":99955,"comment_status":"open","ping_status":"closed","template":"","meta":{"_acf_changed":false,"_joinchat":[]},"acabado":[1090],"balance":[1135,1140],"dureza":[1160],"forma":[1170],"jugador":[1190,1200],"marca":[1255],"nivel-de-juego":[1335,1345],"superficie":[1360],"tipo-de-juego":[1380,1375],"product_brand":[],"product_cat":[300],"product_tag":[],"class_list":{"0":"post-72839","1":"product","2":"type-product","3":"status-publish","4":"has-post-thumbnail","6":"acabado-alivio-3d","7":"balance-alto-pt-pt","8":"balance-medio-pt-pt","9":"dureza-dura-pt-pt","10":"forma-diamante-pt-pt","11":"jugador-homem","12":"jugador-polivalente-pt-pt","13":"marca-bullpadel-pt-pt","14":"superficie-rugosa-pt-pt","15":"tipo-de-juego-ataque-pt-pt","16":"tipo-de-juego-poder","17":"product_cat-palas","19":"first","20":"instock","21":"sale","22":"taxable","23":"shipping-taxable","24":"purchasable","25":"product-type-simple"},"acf":[],"yoast_head":"<!-- This site is optimized with the Yoast SEO plugin v27.4 - https:\/\/yoast.com\/product\/yoast-seo-wordpress\/ -->\n<title>BULLPADEL HACK 04 25 - Revolution Padel Store<\/title>\n<meta name=\"description\" content=\"La gama Hack, con una trayectoria de 10 a\u00f1os de desarrollo, ha dejado una huella imborrable en la historia de las pistas. L\u00edder en ventas y portadora de un enfoque revolucionario, la Hack siempre fue un estandarte de la potencia bruta. Ahora redefine su experiencia de juego, por un nuevo concepto. La\u00a0potencia din\u00e1mica.\" \/>\n<meta name=\"robots\" content=\"index, follow, max-snippet:-1, max-image-preview:large, max-video-preview:-1\" \/>\n<link rel=\"canonical\" href=\"https:\/\/revolutionpadelstore.com\/pt-pt\/produto\/bullpadel-hack-04-25-5\/\" \/>\n<meta property=\"og:locale\" content=\"pt_PT\" \/>\n<meta property=\"og:type\" content=\"article\" \/>\n<meta property=\"og:title\" content=\"BULLPADEL HACK 04 25 - Revolution Padel Store\" \/>\n<meta property=\"og:description\" content=\"La gama Hack, con una trayectoria de 10 a\u00f1os de desarrollo, ha dejado una huella imborrable en la historia de las pistas. L\u00edder en ventas y portadora de un enfoque revolucionario, la Hack siempre fue un estandarte de la potencia bruta. Ahora redefine su experiencia de juego, por un nuevo concepto. La\u00a0potencia din\u00e1mica.\" \/>\n<meta property=\"og:url\" content=\"https:\/\/revolutionpadelstore.com\/pt-pt\/produto\/bullpadel-hack-04-25-5\/\" \/>\n<meta property=\"og:site_name\" content=\"Revolution Padel Store\" \/>\n<meta property=\"article:modified_time\" content=\"2026-04-10T00:05:34+00:00\" \/>\n<meta property=\"og:image\" content=\"https:\/\/revolutionpadelstore.com\/wp-content\/uploads\/2024\/09\/113754_pala_bullpadel_hack_04_25_448113_1500x1500_1_2c48.webp\" \/>\n\t<meta property=\"og:image:width\" content=\"1500\" \/>\n\t<meta property=\"og:image:height\" content=\"1500\" \/>\n\t<meta property=\"og:image:type\" content=\"image\/webp\" \/>\n<meta name=\"twitter:card\" content=\"summary_large_image\" \/>\n<meta name=\"twitter:label1\" content=\"Tempo estimado de leitura\" \/>\n\t<meta name=\"twitter:data1\" content=\"6 minutos\" \/>\n<script type=\"application\/ld+json\" class=\"yoast-schema-graph\">{\"@context\":\"https:\\\/\\\/schema.org\",\"@graph\":[{\"@type\":\"WebPage\",\"@id\":\"https:\\\/\\\/revolutionpadelstore.com\\\/pt-pt\\\/produto\\\/bullpadel-hack-04-25-5\\\/\",\"url\":\"https:\\\/\\\/revolutionpadelstore.com\\\/pt-pt\\\/produto\\\/bullpadel-hack-04-25-5\\\/\",\"name\":\"BULLPADEL HACK 04 25 - Revolution Padel Store\",\"isPartOf\":{\"@id\":\"https:\\\/\\\/revolutionpadelstore.com\\\/pt-pt\\\/#website\"},\"primaryImageOfPage\":{\"@id\":\"https:\\\/\\\/revolutionpadelstore.com\\\/pt-pt\\\/produto\\\/bullpadel-hack-04-25-5\\\/#primaryimage\"},\"image\":{\"@id\":\"https:\\\/\\\/revolutionpadelstore.com\\\/pt-pt\\\/produto\\\/bullpadel-hack-04-25-5\\\/#primaryimage\"},\"thumbnailUrl\":\"https:\\\/\\\/revolutionpadelstore.com\\\/wp-content\\\/uploads\\\/2024\\\/09\\\/113754_pala_bullpadel_hack_04_25_448113_1500x1500_1_2c48.webp\",\"datePublished\":\"2024-09-08T16:09:27+00:00\",\"dateModified\":\"2026-04-10T00:05:34+00:00\",\"description\":\"La gama Hack, con una trayectoria de 10 a\u00f1os de desarrollo, ha dejado una huella imborrable en la historia de las pistas. L\u00edder en ventas y portadora de un enfoque revolucionario, la Hack siempre fue un estandarte de la potencia bruta. Ahora redefine su experiencia de juego, por un nuevo concepto. La\u00a0potencia din\u00e1mica.\",\"breadcrumb\":{\"@id\":\"https:\\\/\\\/revolutionpadelstore.com\\\/pt-pt\\\/produto\\\/bullpadel-hack-04-25-5\\\/#breadcrumb\"},\"inLanguage\":\"pt-PT\",\"potentialAction\":[{\"@type\":\"ReadAction\",\"target\":[\"https:\\\/\\\/revolutionpadelstore.com\\\/pt-pt\\\/produto\\\/bullpadel-hack-04-25-5\\\/\"]}]},{\"@type\":\"ImageObject\",\"inLanguage\":\"pt-PT\",\"@id\":\"https:\\\/\\\/revolutionpadelstore.com\\\/pt-pt\\\/produto\\\/bullpadel-hack-04-25-5\\\/#primaryimage\",\"url\":\"https:\\\/\\\/revolutionpadelstore.com\\\/wp-content\\\/uploads\\\/2024\\\/09\\\/113754_pala_bullpadel_hack_04_25_448113_1500x1500_1_2c48.webp\",\"contentUrl\":\"https:\\\/\\\/revolutionpadelstore.com\\\/wp-content\\\/uploads\\\/2024\\\/09\\\/113754_pala_bullpadel_hack_04_25_448113_1500x1500_1_2c48.webp\",\"width\":1500,\"height\":1500},{\"@type\":\"BreadcrumbList\",\"@id\":\"https:\\\/\\\/revolutionpadelstore.com\\\/pt-pt\\\/produto\\\/bullpadel-hack-04-25-5\\\/#breadcrumb\",\"itemListElement\":[{\"@type\":\"ListItem\",\"position\":1,\"name\":\"Portada\",\"item\":\"https:\\\/\\\/revolutionpadelstore.com\\\/pt-pt\\\/\"},{\"@type\":\"ListItem\",\"position\":2,\"name\":\"Tienda\",\"item\":\"https:\\\/\\\/revolutionpadelstore.com\\\/pt-pt\\\/tienda\\\/\"},{\"@type\":\"ListItem\",\"position\":3,\"name\":\"BULLPADEL HACK 04 25\"}]},{\"@type\":\"WebSite\",\"@id\":\"https:\\\/\\\/revolutionpadelstore.com\\\/pt-pt\\\/#website\",\"url\":\"https:\\\/\\\/revolutionpadelstore.com\\\/pt-pt\\\/\",\"name\":\"Revolution Padel Store\",\"description\":\"\",\"publisher\":{\"@id\":\"https:\\\/\\\/revolutionpadelstore.com\\\/pt-pt\\\/#organization\"},\"potentialAction\":[{\"@type\":\"SearchAction\",\"target\":{\"@type\":\"EntryPoint\",\"urlTemplate\":\"https:\\\/\\\/revolutionpadelstore.com\\\/pt-pt\\\/?s={search_term_string}\"},\"query-input\":{\"@type\":\"PropertyValueSpecification\",\"valueRequired\":true,\"valueName\":\"search_term_string\"}}],\"inLanguage\":\"pt-PT\"},{\"@type\":\"Organization\",\"@id\":\"https:\\\/\\\/revolutionpadelstore.com\\\/pt-pt\\\/#organization\",\"name\":\"Revolution Padel Store\",\"url\":\"https:\\\/\\\/revolutionpadelstore.com\\\/pt-pt\\\/\",\"logo\":{\"@type\":\"ImageObject\",\"inLanguage\":\"pt-PT\",\"@id\":\"https:\\\/\\\/revolutionpadelstore.com\\\/pt-pt\\\/#\\\/schema\\\/logo\\\/image\\\/\",\"url\":\"https:\\\/\\\/revolutionpadelstore.com\\\/wp-content\\\/uploads\\\/2026\\\/02\\\/revolution-padel-store.jpg\",\"contentUrl\":\"https:\\\/\\\/revolutionpadelstore.com\\\/wp-content\\\/uploads\\\/2026\\\/02\\\/revolution-padel-store.jpg\",\"width\":2000,\"height\":2000,\"caption\":\"Revolution Padel Store\"},\"image\":{\"@id\":\"https:\\\/\\\/revolutionpadelstore.com\\\/pt-pt\\\/#\\\/schema\\\/logo\\\/image\\\/\"},\"sameAs\":[\"https:\\\/\\\/www.instagram.com\\\/revolutionpadelstore\\\/\"]}]}<\/script>\n<!-- \/ Yoast SEO plugin. -->","yoast_head_json":{"title":"BULLPADEL HACK 04 25 - Revolution Padel Store","description":"La gama Hack, con una trayectoria de 10 a\u00f1os de desarrollo, ha dejado una huella imborrable en la historia de las pistas. L\u00edder en ventas y portadora de un enfoque revolucionario, la Hack siempre fue un estandarte de la potencia bruta. Ahora redefine su experiencia de juego, por un nuevo concepto. La\u00a0potencia din\u00e1mica.","robots":{"index":"index","follow":"follow","max-snippet":"max-snippet:-1","max-image-preview":"max-image-preview:large","max-video-preview":"max-video-preview:-1"},"canonical":"https:\/\/revolutionpadelstore.com\/pt-pt\/produto\/bullpadel-hack-04-25-5\/","og_locale":"pt_PT","og_type":"article","og_title":"BULLPADEL HACK 04 25 - Revolution Padel Store","og_description":"La gama Hack, con una trayectoria de 10 a\u00f1os de desarrollo, ha dejado una huella imborrable en la historia de las pistas. L\u00edder en ventas y portadora de un enfoque revolucionario, la Hack siempre fue un estandarte de la potencia bruta. Ahora redefine su experiencia de juego, por un nuevo concepto. La\u00a0potencia din\u00e1mica.","og_url":"https:\/\/revolutionpadelstore.com\/pt-pt\/produto\/bullpadel-hack-04-25-5\/","og_site_name":"Revolution Padel Store","article_modified_time":"2026-04-10T00:05:34+00:00","og_image":[{"width":1500,"height":1500,"url":"https:\/\/revolutionpadelstore.com\/wp-content\/uploads\/2024\/09\/113754_pala_bullpadel_hack_04_25_448113_1500x1500_1_2c48.webp","type":"image\/webp"}],"twitter_card":"summary_large_image","twitter_misc":{"Tempo estimado de leitura":"6 minutos"},"schema":{"@context":"https:\/\/schema.org","@graph":[{"@type":"WebPage","@id":"https:\/\/revolutionpadelstore.com\/pt-pt\/produto\/bullpadel-hack-04-25-5\/","url":"https:\/\/revolutionpadelstore.com\/pt-pt\/produto\/bullpadel-hack-04-25-5\/","name":"BULLPADEL HACK 04 25 - Revolution Padel Store","isPartOf":{"@id":"https:\/\/revolutionpadelstore.com\/pt-pt\/#website"},"primaryImageOfPage":{"@id":"https:\/\/revolutionpadelstore.com\/pt-pt\/produto\/bullpadel-hack-04-25-5\/#primaryimage"},"image":{"@id":"https:\/\/revolutionpadelstore.com\/pt-pt\/produto\/bullpadel-hack-04-25-5\/#primaryimage"},"thumbnailUrl":"https:\/\/revolutionpadelstore.com\/wp-content\/uploads\/2024\/09\/113754_pala_bullpadel_hack_04_25_448113_1500x1500_1_2c48.webp","datePublished":"2024-09-08T16:09:27+00:00","dateModified":"2026-04-10T00:05:34+00:00","description":"La gama Hack, con una trayectoria de 10 a\u00f1os de desarrollo, ha dejado una huella imborrable en la historia de las pistas. L\u00edder en ventas y portadora de un enfoque revolucionario, la Hack siempre fue un estandarte de la potencia bruta. Ahora redefine su experiencia de juego, por un nuevo concepto. La\u00a0potencia din\u00e1mica.","breadcrumb":{"@id":"https:\/\/revolutionpadelstore.com\/pt-pt\/produto\/bullpadel-hack-04-25-5\/#breadcrumb"},"inLanguage":"pt-PT","potentialAction":[{"@type":"ReadAction","target":["https:\/\/revolutionpadelstore.com\/pt-pt\/produto\/bullpadel-hack-04-25-5\/"]}]},{"@type":"ImageObject","inLanguage":"pt-PT","@id":"https:\/\/revolutionpadelstore.com\/pt-pt\/produto\/bullpadel-hack-04-25-5\/#primaryimage","url":"https:\/\/revolutionpadelstore.com\/wp-content\/uploads\/2024\/09\/113754_pala_bullpadel_hack_04_25_448113_1500x1500_1_2c48.webp","contentUrl":"https:\/\/revolutionpadelstore.com\/wp-content\/uploads\/2024\/09\/113754_pala_bullpadel_hack_04_25_448113_1500x1500_1_2c48.webp","width":1500,"height":1500},{"@type":"BreadcrumbList","@id":"https:\/\/revolutionpadelstore.com\/pt-pt\/produto\/bullpadel-hack-04-25-5\/#breadcrumb","itemListElement":[{"@type":"ListItem","position":1,"name":"Portada","item":"https:\/\/revolutionpadelstore.com\/pt-pt\/"},{"@type":"ListItem","position":2,"name":"Tienda","item":"https:\/\/revolutionpadelstore.com\/pt-pt\/tienda\/"},{"@type":"ListItem","position":3,"name":"BULLPADEL HACK 04 25"}]},{"@type":"WebSite","@id":"https:\/\/revolutionpadelstore.com\/pt-pt\/#website","url":"https:\/\/revolutionpadelstore.com\/pt-pt\/","name":"Revolution Padel Store","description":"","publisher":{"@id":"https:\/\/revolutionpadelstore.com\/pt-pt\/#organization"},"potentialAction":[{"@type":"SearchAction","target":{"@type":"EntryPoint","urlTemplate":"https:\/\/revolutionpadelstore.com\/pt-pt\/?s={search_term_string}"},"query-input":{"@type":"PropertyValueSpecification","valueRequired":true,"valueName":"search_term_string"}}],"inLanguage":"pt-PT"},{"@type":"Organization","@id":"https:\/\/revolutionpadelstore.com\/pt-pt\/#organization","name":"Revolution Padel Store","url":"https:\/\/revolutionpadelstore.com\/pt-pt\/","logo":{"@type":"ImageObject","inLanguage":"pt-PT","@id":"https:\/\/revolutionpadelstore.com\/pt-pt\/#\/schema\/logo\/image\/","url":"https:\/\/revolutionpadelstore.com\/wp-content\/uploads\/2026\/02\/revolution-padel-store.jpg","contentUrl":"https:\/\/revolutionpadelstore.com\/wp-content\/uploads\/2026\/02\/revolution-padel-store.jpg","width":2000,"height":2000,"caption":"Revolution Padel Store"},"image":{"@id":"https:\/\/revolutionpadelstore.com\/pt-pt\/#\/schema\/logo\/image\/"},"sameAs":["https:\/\/www.instagram.com\/revolutionpadelstore\/"]}]}},"_links":{"self":[{"href":"https:\/\/revolutionpadelstore.com\/pt-pt\/wp-json\/wp\/v2\/product\/72839","targetHints":{"allow":["GET"]}}],"collection":[{"href":"https:\/\/revolutionpadelstore.com\/pt-pt\/wp-json\/wp\/v2\/product"}],"about":[{"href":"https:\/\/revolutionpadelstore.com\/pt-pt\/wp-json\/wp\/v2\/types\/product"}],"replies":[{"embeddable":true,"href":"https:\/\/revolutionpadelstore.com\/pt-pt\/wp-json\/wp\/v2\/comments?post=72839"}],"wp:featuredmedia":[{"embeddable":true,"href":"https:\/\/revolutionpadelstore.com\/pt-pt\/wp-json\/wp\/v2\/media\/99955"}],"wp:attachment":[{"href":"https:\/\/revolutionpadelstore.com\/pt-pt\/wp-json\/wp\/v2\/media?parent=72839"}],"wp:term":[{"taxonomy":"acabado","embeddable":true,"href":"https:\/\/revolutionpadelstore.com\/pt-pt\/wp-json\/wp\/v2\/acabado?post=72839"},{"taxonomy":"balance","embeddable":true,"href":"https:\/\/revolutionpadelstore.com\/pt-pt\/wp-json\/wp\/v2\/balance?post=72839"},{"taxonomy":"dureza","embeddable":true,"href":"https:\/\/revolutionpadelstore.com\/pt-pt\/wp-json\/wp\/v2\/dureza?post=72839"},{"taxonomy":"forma","embeddable":true,"href":"https:\/\/revolutionpadelstore.com\/pt-pt\/wp-json\/wp\/v2\/forma?post=72839"},{"taxonomy":"jugador","embeddable":true,"href":"https:\/\/revolutionpadelstore.com\/pt-pt\/wp-json\/wp\/v2\/jugador?post=72839"},{"taxonomy":"marca","embeddable":true,"href":"https:\/\/revolutionpadelstore.com\/pt-pt\/wp-json\/wp\/v2\/marca?post=72839"},{"taxonomy":"nivel-de-juego","embeddable":true,"href":"https:\/\/revolutionpadelstore.com\/pt-pt\/wp-json\/wp\/v2\/nivel-de-juego?post=72839"},{"taxonomy":"superficie","embeddable":true,"href":"https:\/\/revolutionpadelstore.com\/pt-pt\/wp-json\/wp\/v2\/superficie?post=72839"},{"taxonomy":"tipo-de-juego","embeddable":true,"href":"https:\/\/revolutionpadelstore.com\/pt-pt\/wp-json\/wp\/v2\/tipo-de-juego?post=72839"},{"taxonomy":"product_brand","embeddable":true,"href":"https:\/\/revolutionpadelstore.com\/pt-pt\/wp-json\/wp\/v2\/product_brand?post=72839"},{"taxonomy":"product_cat","embeddable":true,"href":"https:\/\/revolutionpadelstore.com\/pt-pt\/wp-json\/wp\/v2\/product_cat?post=72839"},{"taxonomy":"product_tag","embeddable":true,"href":"https:\/\/revolutionpadelstore.com\/pt-pt\/wp-json\/wp\/v2\/product_tag?post=72839"}],"curies":[{"name":"wp","href":"https:\/\/api.w.org\/{rel}","templated":true}]}}