{"id":72829,"date":"2024-09-08T18:25:29","date_gmt":"2024-09-08T16:25:29","guid":{"rendered":"https:\/\/revolutionpadelstore.com\/bullpadel-neuron-25\/"},"modified":"2026-04-08T10:41:48","modified_gmt":"2026-04-08T08:41:48","slug":"bullpadel-neuron-25-5","status":"publish","type":"product","link":"https:\/\/revolutionpadelstore.com\/pt-pt\/produto\/bullpadel-neuron-25-5\/","title":{"rendered":"BULLPADEL NEURON 25"},"content":{"rendered":"<p>Voc\u00ea queria dom\u00ednio, n\u00f3s lhe damos o controle.<br \/>\nAssuma o controle total da quadra com nossa raquete Neuron! Projetada para jogadores que buscam precis\u00e3o e dom\u00ednio, esta raquete \u00e9 sua melhor aliada. Junto com um design elegante, cada golpe ser\u00e1 um espet\u00e1culo de precis\u00e3o. Descubra o segredo de Fede e leve o seu jogo ao \u00faltimo canto da quadra com as mais recentes tecnologias Bullpadel-LAB!<\/p>\n<p><strong>SISTEMA DE ONDAS<\/strong><br \/>\nMergulhe na inova\u00e7\u00e3o com nossa exclusiva arma\u00e7\u00e3o Wave ondulada, uma estrutura meticulosamente projetada para levar o controle da bola \u00e0 sua melhor express\u00e3o. Este design exclusivo otimiza a flexibilidade e a rigidez em pontos espec\u00edficos do quadro, proporcionando uma sensa\u00e7\u00e3o seca e firme que lhe permitir\u00e1 dominar cada tiro com uma precis\u00e3o incompar\u00e1vel. Gra\u00e7as \u00e0 configura\u00e7\u00e3o Wave, voc\u00ea desfrutar\u00e1 de um controle excepcional sobre a bola, sentindo cada impacto com clareza e precis\u00e3o. Al\u00e9m disso, o design curvo do Wave favorece a dissipa\u00e7\u00e3o das vibra\u00e7\u00f5es ao longo do seu percurso, evitando concentra\u00e7\u00f5es espec\u00edficas de compress\u00f5es longitudinais e garantindo uma experi\u00eancia de batida constante e controlada. Com esta tecnologia voc\u00ea ter\u00e1 total controle do jogo, com a confian\u00e7a de um toque forte e preciso em cada ponto.<\/p>\n<p><strong>PONTE ONDA<\/strong><br \/>\nO cora\u00e7\u00e3o Neuron possui ponte horizontal, proporcionando maior estabilidade contra as tor\u00e7\u00f5es causadas pelo golpe da bola. contribuem para a estabilidade da raquete durante a bra\u00e7ada, ajuda a distribuir o peso da bra\u00e7ada de forma mais uniforme ao longo da superf\u00edcie da raquete e assim reduz a tor\u00e7\u00e3o e a vibra\u00e7\u00e3o, tendo uma sensa\u00e7\u00e3o mais s\u00f3lida e controlada durante o jogo.<\/p>\n<p><strong>CANAL AERO<\/strong><br \/>\nEstrategicamente localizado no topo da l\u00e2mina, o canal foi inclu\u00eddo para melhorar o movimento no jogo e melhorar a aerodin\u00e2mica. O Air Channel permite ao jogador movimentar a ponta da raquete com maior acelera\u00e7\u00e3o e melhor manuseio, favorecendo uma movimenta\u00e7\u00e3o mais fluida e \u00e1gil na quadra.<\/p>\n<p><strong>Peso personalizado<\/strong><br \/>\nO sistema de peso CustomWeight para a raquete Neuron \u00e9 composto por placas com acabamento em alum\u00ednio, que proporcionam peso extra na \u00e1rea do cabo. Com isso conseguimos modificar o equil\u00edbrio da raquete dependendo da necessidade de cada jogador.<br \/>\nNo caso do Neuron, ele foi projetado para colocar um total de 1 peso na parte inferior da al\u00e7a. Podendo escolher entre adicionar 5g ou 10g. Com tudo isso, podemos criar especifica\u00e7\u00f5es diferenciadas e uma mudan\u00e7a de equil\u00edbrio para customizar nossa raquete para um controle ainda maior.<\/p>\n<p><strong>FUROS INTELIGENTES<\/strong><br \/>\nA distribui\u00e7\u00e3o dos furos em uma raquete de padel \u00e9 fundamental para o desempenho, pois afeta fatores como controle e sensa\u00e7\u00e3o ao bater. No Neuron, o design espec\u00edfico do furo foi otimizado para proporcionar uma sensa\u00e7\u00e3o mais firme, permitindo que voc\u00ea sinta melhor a bola a cada tacada. Isto melhora significativamente o controle, permitindo que os jogadores mantenham maior precis\u00e3o em cada jogada, independentemente do n\u00edvel de habilidade.<\/p>\n<p><strong>Gr\u00e3o 3D<\/strong><br \/>\nO Neuron apresenta uma nova superf\u00edcie \u00e1spera especialmente marcada, projetada para melhorar o controle de seus golpes girat\u00f3rios. Ao impactar a bola, esta sali\u00eancia acentuada gera maior atrito, garantindo um contato mais preciso e controlado. Isso se traduz em total dom\u00ednio do giro, tanto nos chutes da linha de fundo quanto nas a\u00e7\u00f5es mais delicadas perto da rede.<\/p>\n<p><strong>Hesacore<\/strong><br \/>\nDescubra o novo Hesacore e a sua f\u00f3rmula renovada para aumentar a prote\u00e7\u00e3o do seu jogo. Com o novo Hesacore, esque\u00e7a o desconforto no bra\u00e7o e as vibra\u00e7\u00f5es indesejadas: nosso avan\u00e7ado elast\u00f4mero antivibra\u00e7\u00e3o filtra e minimiza essas sensa\u00e7\u00f5es, permitindo que voc\u00ea se concentre no seu desempenho sem distra\u00e7\u00f5es.<br \/>\nSeu design ergon\u00f4mico em forma de favo de mel maximiza o contato entre a m\u00e3o e o punho, permitindo que os dedos descansem nas superf\u00edcies c\u00f4ncavas. Isto reduz a tens\u00e3o e o risco de les\u00f5es, ao mesmo tempo que proporciona uma ader\u00eancia firme e confort\u00e1vel. Com a nova Hesacore, mantenha sempre o controle total da sua raquete.<\/p>\n<p><strong>Vibradrive<\/strong><br \/>\nVibradrive \u00e9 caracterizado pela inser\u00e7\u00e3o de um elast\u00f4mero altamente el\u00e1stico que fragmenta o cabo ao longo de seu eixo longitudinal. A excepcional elasticidade do material utilizado, aliada \u00e0 sua localiza\u00e7\u00e3o estrat\u00e9gica, fazem do vibradrive um elemento essencial para absorver vibra\u00e7\u00f5es, principalmente em situa\u00e7\u00f5es de impacto descentrado.<\/p>\n<p><strong>X-Tend Carbono 3K<\/strong><br \/>\nO Neuron incorpora um carbono 3K mais pesado, composto por 3.000 filamentos que proporcionam um toque mais duro e preciso. Este material, aliado a uma resina ep\u00f3xi especialmente desenvolvida, proporciona controle extra em cada golpe e maior resist\u00eancia a toda a raquete. A estrutura de carbono 3K, combinada com esta resina avan\u00e7ada, otimiza a transfer\u00eancia de energia, proporcionando uma sensa\u00e7\u00e3o de seguran\u00e7a e precis\u00e3o que lhe permitir\u00e1 dominar cada jogada com total confian\u00e7a.<\/p>\n<p><strong>Multieva<\/strong><br \/>\nO n\u00facleo desta raquete de padel foi desenhado com uma estrutura tipo \u201csandu\u00edche\u201d, composta por tr\u00eas camadas de EVA (Etileno-Vinil-Acetato) de diferentes densidades, cuidadosamente adaptadas para otimizar o desempenho em cada situa\u00e7\u00e3o de jogo.<br \/>\n1. Camadas externas: As duas camadas externas, feitas de EVA mais macio e de menor densidade, atuam como um n\u00facleo de absor\u00e7\u00e3o de choque, aumentando a toler\u00e2ncia e o conforto em golpes de baixa velocidade. Essa suavidade interna n\u00e3o s\u00f3 melhora a sensa\u00e7\u00e3o de golpe, mas tamb\u00e9m ajuda a reduzir as vibra\u00e7\u00f5es, diminuindo o risco de les\u00f5es e proporcionando maior controle nos golpes mais delicados.<br \/>\n2. Camada interna: A camada interna, confeccionada com EVA de maior densidade e rigidez, foi projetada para oferecer um toque duro que garante controle absoluto em cada golpe. Esta composi\u00e7\u00e3o permite uma resposta precisa e controlada ao impactar a bola, proporcionando sensa\u00e7\u00e3o de seguran\u00e7a e controle em cada jogada.<br \/>\nEsta combina\u00e7\u00e3o de materiais permite que a raquete se adapte dinamicamente a diferentes estilos de jogo.<\/p>\n","protected":false},"excerpt":{"rendered":"<p>Com <strong>Neuron<\/strong>, a raquete de <strong>Federico Chingotto<\/strong>, voc\u00ea ter\u00e1 a \u00fanica raquete que pode seguir aquela mente r\u00e1pida com a qual voc\u00ea antecipa a pr\u00f3xima jogada. Uma raquete de padel que est\u00e1 \u00e0 sua altura, permitindo uma resposta imediata e precisa em cada bra\u00e7ada.<\/p>\n<p>Desenvolvida pela equipe Bullpadel-Lab, e integrada com as mais recentes tecnologias como o Wave System, esta raquete foi projetada para controlar o seu jogo e maximizar a conex\u00e3o entre a sua mente e a bola. Experimente seu toque \u00fanico e voc\u00ea sentir\u00e1 um controle aut\u00eantico em suas m\u00e3os.<\/p>\n","protected":false},"featured_media":99967,"comment_status":"open","ping_status":"closed","template":"","meta":{"_acf_changed":false,"_joinchat":[]},"acabado":[1090],"balance":[1140],"dureza":[1155],"forma":[1175],"jugador":[1190,1200],"marca":[1255],"nivel-de-juego":[1335],"superficie":[1360],"tipo-de-juego":[1370,1385],"product_brand":[],"product_cat":[300],"product_tag":[],"class_list":{"0":"post-72829","1":"product","2":"type-product","3":"status-publish","4":"has-post-thumbnail","6":"acabado-alivio-3d","7":"balance-medio-pt-pt","8":"dureza-media-pt-pt","9":"forma-hibrido","10":"jugador-homem","11":"jugador-polivalente-pt-pt","12":"marca-bullpadel-pt-pt","13":"superficie-rugosa-pt-pt","14":"tipo-de-juego-controle","15":"tipo-de-juego-polivalente-pt-pt","16":"product_cat-palas","18":"first","19":"instock","20":"sale","21":"taxable","22":"shipping-taxable","23":"purchasable","24":"product-type-simple"},"acf":[],"yoast_head":"<!-- This site is optimized with the Yoast SEO plugin v27.4 - https:\/\/yoast.com\/product\/yoast-seo-wordpress\/ -->\n<title>BULLPADEL NEURON 25 - Revolution Padel Store<\/title>\n<meta name=\"description\" content=\"Deseabas dominio, te damos Control.\u00a1Hazte con el control total en la pista con nuestra pala Neuron! Dise\u00f1ada para los jugadores que buscan precisi\u00f3n y dominio, esta pala es tu mejor aliada. Junto a un dise\u00f1o elegante, cada golpe ser\u00e1 un espect\u00e1culo de precisi\u00f3n. \u00a1Descubre el secreto de Fede y lleva tu juego al \u00faltimo rinc\u00f3n de la pista con las \u00faltimas tecnolog\u00edas del Bullpadel-LAB!\" \/>\n<meta name=\"robots\" content=\"index, follow, max-snippet:-1, max-image-preview:large, max-video-preview:-1\" \/>\n<link rel=\"canonical\" href=\"https:\/\/revolutionpadelstore.com\/pt-pt\/produto\/bullpadel-neuron-25-5\/\" \/>\n<meta property=\"og:locale\" content=\"pt_PT\" \/>\n<meta property=\"og:type\" content=\"article\" \/>\n<meta property=\"og:title\" content=\"BULLPADEL NEURON 25 - Revolution Padel Store\" \/>\n<meta property=\"og:description\" content=\"Deseabas dominio, te damos Control.\u00a1Hazte con el control total en la pista con nuestra pala Neuron! Dise\u00f1ada para los jugadores que buscan precisi\u00f3n y dominio, esta pala es tu mejor aliada. Junto a un dise\u00f1o elegante, cada golpe ser\u00e1 un espect\u00e1culo de precisi\u00f3n. \u00a1Descubre el secreto de Fede y lleva tu juego al \u00faltimo rinc\u00f3n de la pista con las \u00faltimas tecnolog\u00edas del Bullpadel-LAB!\" \/>\n<meta property=\"og:url\" content=\"https:\/\/revolutionpadelstore.com\/pt-pt\/produto\/bullpadel-neuron-25-5\/\" \/>\n<meta property=\"og:site_name\" content=\"Revolution Padel Store\" \/>\n<meta property=\"article:modified_time\" content=\"2026-04-08T08:41:48+00:00\" \/>\n<meta property=\"og:image\" content=\"https:\/\/revolutionpadelstore.com\/wp-content\/uploads\/2024\/09\/113768_pala_bullpadel_neuron_25_448120_1500x1500_1_612c.webp\" \/>\n\t<meta property=\"og:image:width\" content=\"1500\" \/>\n\t<meta property=\"og:image:height\" content=\"1500\" \/>\n\t<meta property=\"og:image:type\" content=\"image\/webp\" \/>\n<meta name=\"twitter:card\" content=\"summary_large_image\" \/>\n<meta name=\"twitter:label1\" content=\"Tempo estimado de leitura\" \/>\n\t<meta name=\"twitter:data1\" content=\"5 minutos\" \/>\n<script type=\"application\/ld+json\" class=\"yoast-schema-graph\">{\"@context\":\"https:\\\/\\\/schema.org\",\"@graph\":[{\"@type\":\"WebPage\",\"@id\":\"https:\\\/\\\/revolutionpadelstore.com\\\/pt-pt\\\/produto\\\/bullpadel-neuron-25-5\\\/\",\"url\":\"https:\\\/\\\/revolutionpadelstore.com\\\/pt-pt\\\/produto\\\/bullpadel-neuron-25-5\\\/\",\"name\":\"BULLPADEL NEURON 25 - Revolution Padel Store\",\"isPartOf\":{\"@id\":\"https:\\\/\\\/revolutionpadelstore.com\\\/pt-pt\\\/#website\"},\"primaryImageOfPage\":{\"@id\":\"https:\\\/\\\/revolutionpadelstore.com\\\/pt-pt\\\/produto\\\/bullpadel-neuron-25-5\\\/#primaryimage\"},\"image\":{\"@id\":\"https:\\\/\\\/revolutionpadelstore.com\\\/pt-pt\\\/produto\\\/bullpadel-neuron-25-5\\\/#primaryimage\"},\"thumbnailUrl\":\"https:\\\/\\\/revolutionpadelstore.com\\\/wp-content\\\/uploads\\\/2024\\\/09\\\/113768_pala_bullpadel_neuron_25_448120_1500x1500_1_612c.webp\",\"datePublished\":\"2024-09-08T16:25:29+00:00\",\"dateModified\":\"2026-04-08T08:41:48+00:00\",\"description\":\"Deseabas dominio, te damos Control.\u00a1Hazte con el control total en la pista con nuestra pala Neuron! Dise\u00f1ada para los jugadores que buscan precisi\u00f3n y dominio, esta pala es tu mejor aliada. Junto a un dise\u00f1o elegante, cada golpe ser\u00e1 un espect\u00e1culo de precisi\u00f3n. \u00a1Descubre el secreto de Fede y lleva tu juego al \u00faltimo rinc\u00f3n de la pista con las \u00faltimas tecnolog\u00edas del Bullpadel-LAB!\",\"breadcrumb\":{\"@id\":\"https:\\\/\\\/revolutionpadelstore.com\\\/pt-pt\\\/produto\\\/bullpadel-neuron-25-5\\\/#breadcrumb\"},\"inLanguage\":\"pt-PT\",\"potentialAction\":[{\"@type\":\"ReadAction\",\"target\":[\"https:\\\/\\\/revolutionpadelstore.com\\\/pt-pt\\\/produto\\\/bullpadel-neuron-25-5\\\/\"]}]},{\"@type\":\"ImageObject\",\"inLanguage\":\"pt-PT\",\"@id\":\"https:\\\/\\\/revolutionpadelstore.com\\\/pt-pt\\\/produto\\\/bullpadel-neuron-25-5\\\/#primaryimage\",\"url\":\"https:\\\/\\\/revolutionpadelstore.com\\\/wp-content\\\/uploads\\\/2024\\\/09\\\/113768_pala_bullpadel_neuron_25_448120_1500x1500_1_612c.webp\",\"contentUrl\":\"https:\\\/\\\/revolutionpadelstore.com\\\/wp-content\\\/uploads\\\/2024\\\/09\\\/113768_pala_bullpadel_neuron_25_448120_1500x1500_1_612c.webp\",\"width\":1500,\"height\":1500},{\"@type\":\"BreadcrumbList\",\"@id\":\"https:\\\/\\\/revolutionpadelstore.com\\\/pt-pt\\\/produto\\\/bullpadel-neuron-25-5\\\/#breadcrumb\",\"itemListElement\":[{\"@type\":\"ListItem\",\"position\":1,\"name\":\"Portada\",\"item\":\"https:\\\/\\\/revolutionpadelstore.com\\\/pt-pt\\\/\"},{\"@type\":\"ListItem\",\"position\":2,\"name\":\"Tienda\",\"item\":\"https:\\\/\\\/revolutionpadelstore.com\\\/pt-pt\\\/tienda\\\/\"},{\"@type\":\"ListItem\",\"position\":3,\"name\":\"BULLPADEL NEURON 25\"}]},{\"@type\":\"WebSite\",\"@id\":\"https:\\\/\\\/revolutionpadelstore.com\\\/pt-pt\\\/#website\",\"url\":\"https:\\\/\\\/revolutionpadelstore.com\\\/pt-pt\\\/\",\"name\":\"Revolution Padel Store\",\"description\":\"\",\"publisher\":{\"@id\":\"https:\\\/\\\/revolutionpadelstore.com\\\/pt-pt\\\/#organization\"},\"potentialAction\":[{\"@type\":\"SearchAction\",\"target\":{\"@type\":\"EntryPoint\",\"urlTemplate\":\"https:\\\/\\\/revolutionpadelstore.com\\\/pt-pt\\\/?s={search_term_string}\"},\"query-input\":{\"@type\":\"PropertyValueSpecification\",\"valueRequired\":true,\"valueName\":\"search_term_string\"}}],\"inLanguage\":\"pt-PT\"},{\"@type\":\"Organization\",\"@id\":\"https:\\\/\\\/revolutionpadelstore.com\\\/pt-pt\\\/#organization\",\"name\":\"Revolution Padel Store\",\"url\":\"https:\\\/\\\/revolutionpadelstore.com\\\/pt-pt\\\/\",\"logo\":{\"@type\":\"ImageObject\",\"inLanguage\":\"pt-PT\",\"@id\":\"https:\\\/\\\/revolutionpadelstore.com\\\/pt-pt\\\/#\\\/schema\\\/logo\\\/image\\\/\",\"url\":\"https:\\\/\\\/revolutionpadelstore.com\\\/wp-content\\\/uploads\\\/2026\\\/02\\\/revolution-padel-store.jpg\",\"contentUrl\":\"https:\\\/\\\/revolutionpadelstore.com\\\/wp-content\\\/uploads\\\/2026\\\/02\\\/revolution-padel-store.jpg\",\"width\":2000,\"height\":2000,\"caption\":\"Revolution Padel Store\"},\"image\":{\"@id\":\"https:\\\/\\\/revolutionpadelstore.com\\\/pt-pt\\\/#\\\/schema\\\/logo\\\/image\\\/\"},\"sameAs\":[\"https:\\\/\\\/www.instagram.com\\\/revolutionpadelstore\\\/\"]}]}<\/script>\n<!-- \/ Yoast SEO plugin. -->","yoast_head_json":{"title":"BULLPADEL NEURON 25 - Revolution Padel Store","description":"Deseabas dominio, te damos Control.\u00a1Hazte con el control total en la pista con nuestra pala Neuron! Dise\u00f1ada para los jugadores que buscan precisi\u00f3n y dominio, esta pala es tu mejor aliada. Junto a un dise\u00f1o elegante, cada golpe ser\u00e1 un espect\u00e1culo de precisi\u00f3n. \u00a1Descubre el secreto de Fede y lleva tu juego al \u00faltimo rinc\u00f3n de la pista con las \u00faltimas tecnolog\u00edas del Bullpadel-LAB!","robots":{"index":"index","follow":"follow","max-snippet":"max-snippet:-1","max-image-preview":"max-image-preview:large","max-video-preview":"max-video-preview:-1"},"canonical":"https:\/\/revolutionpadelstore.com\/pt-pt\/produto\/bullpadel-neuron-25-5\/","og_locale":"pt_PT","og_type":"article","og_title":"BULLPADEL NEURON 25 - Revolution Padel Store","og_description":"Deseabas dominio, te damos Control.\u00a1Hazte con el control total en la pista con nuestra pala Neuron! Dise\u00f1ada para los jugadores que buscan precisi\u00f3n y dominio, esta pala es tu mejor aliada. Junto a un dise\u00f1o elegante, cada golpe ser\u00e1 un espect\u00e1culo de precisi\u00f3n. \u00a1Descubre el secreto de Fede y lleva tu juego al \u00faltimo rinc\u00f3n de la pista con las \u00faltimas tecnolog\u00edas del Bullpadel-LAB!","og_url":"https:\/\/revolutionpadelstore.com\/pt-pt\/produto\/bullpadel-neuron-25-5\/","og_site_name":"Revolution Padel Store","article_modified_time":"2026-04-08T08:41:48+00:00","og_image":[{"width":1500,"height":1500,"url":"https:\/\/revolutionpadelstore.com\/wp-content\/uploads\/2024\/09\/113768_pala_bullpadel_neuron_25_448120_1500x1500_1_612c.webp","type":"image\/webp"}],"twitter_card":"summary_large_image","twitter_misc":{"Tempo estimado de leitura":"5 minutos"},"schema":{"@context":"https:\/\/schema.org","@graph":[{"@type":"WebPage","@id":"https:\/\/revolutionpadelstore.com\/pt-pt\/produto\/bullpadel-neuron-25-5\/","url":"https:\/\/revolutionpadelstore.com\/pt-pt\/produto\/bullpadel-neuron-25-5\/","name":"BULLPADEL NEURON 25 - Revolution Padel Store","isPartOf":{"@id":"https:\/\/revolutionpadelstore.com\/pt-pt\/#website"},"primaryImageOfPage":{"@id":"https:\/\/revolutionpadelstore.com\/pt-pt\/produto\/bullpadel-neuron-25-5\/#primaryimage"},"image":{"@id":"https:\/\/revolutionpadelstore.com\/pt-pt\/produto\/bullpadel-neuron-25-5\/#primaryimage"},"thumbnailUrl":"https:\/\/revolutionpadelstore.com\/wp-content\/uploads\/2024\/09\/113768_pala_bullpadel_neuron_25_448120_1500x1500_1_612c.webp","datePublished":"2024-09-08T16:25:29+00:00","dateModified":"2026-04-08T08:41:48+00:00","description":"Deseabas dominio, te damos Control.\u00a1Hazte con el control total en la pista con nuestra pala Neuron! Dise\u00f1ada para los jugadores que buscan precisi\u00f3n y dominio, esta pala es tu mejor aliada. Junto a un dise\u00f1o elegante, cada golpe ser\u00e1 un espect\u00e1culo de precisi\u00f3n. \u00a1Descubre el secreto de Fede y lleva tu juego al \u00faltimo rinc\u00f3n de la pista con las \u00faltimas tecnolog\u00edas del Bullpadel-LAB!","breadcrumb":{"@id":"https:\/\/revolutionpadelstore.com\/pt-pt\/produto\/bullpadel-neuron-25-5\/#breadcrumb"},"inLanguage":"pt-PT","potentialAction":[{"@type":"ReadAction","target":["https:\/\/revolutionpadelstore.com\/pt-pt\/produto\/bullpadel-neuron-25-5\/"]}]},{"@type":"ImageObject","inLanguage":"pt-PT","@id":"https:\/\/revolutionpadelstore.com\/pt-pt\/produto\/bullpadel-neuron-25-5\/#primaryimage","url":"https:\/\/revolutionpadelstore.com\/wp-content\/uploads\/2024\/09\/113768_pala_bullpadel_neuron_25_448120_1500x1500_1_612c.webp","contentUrl":"https:\/\/revolutionpadelstore.com\/wp-content\/uploads\/2024\/09\/113768_pala_bullpadel_neuron_25_448120_1500x1500_1_612c.webp","width":1500,"height":1500},{"@type":"BreadcrumbList","@id":"https:\/\/revolutionpadelstore.com\/pt-pt\/produto\/bullpadel-neuron-25-5\/#breadcrumb","itemListElement":[{"@type":"ListItem","position":1,"name":"Portada","item":"https:\/\/revolutionpadelstore.com\/pt-pt\/"},{"@type":"ListItem","position":2,"name":"Tienda","item":"https:\/\/revolutionpadelstore.com\/pt-pt\/tienda\/"},{"@type":"ListItem","position":3,"name":"BULLPADEL NEURON 25"}]},{"@type":"WebSite","@id":"https:\/\/revolutionpadelstore.com\/pt-pt\/#website","url":"https:\/\/revolutionpadelstore.com\/pt-pt\/","name":"Revolution Padel Store","description":"","publisher":{"@id":"https:\/\/revolutionpadelstore.com\/pt-pt\/#organization"},"potentialAction":[{"@type":"SearchAction","target":{"@type":"EntryPoint","urlTemplate":"https:\/\/revolutionpadelstore.com\/pt-pt\/?s={search_term_string}"},"query-input":{"@type":"PropertyValueSpecification","valueRequired":true,"valueName":"search_term_string"}}],"inLanguage":"pt-PT"},{"@type":"Organization","@id":"https:\/\/revolutionpadelstore.com\/pt-pt\/#organization","name":"Revolution Padel Store","url":"https:\/\/revolutionpadelstore.com\/pt-pt\/","logo":{"@type":"ImageObject","inLanguage":"pt-PT","@id":"https:\/\/revolutionpadelstore.com\/pt-pt\/#\/schema\/logo\/image\/","url":"https:\/\/revolutionpadelstore.com\/wp-content\/uploads\/2026\/02\/revolution-padel-store.jpg","contentUrl":"https:\/\/revolutionpadelstore.com\/wp-content\/uploads\/2026\/02\/revolution-padel-store.jpg","width":2000,"height":2000,"caption":"Revolution Padel Store"},"image":{"@id":"https:\/\/revolutionpadelstore.com\/pt-pt\/#\/schema\/logo\/image\/"},"sameAs":["https:\/\/www.instagram.com\/revolutionpadelstore\/"]}]}},"_links":{"self":[{"href":"https:\/\/revolutionpadelstore.com\/pt-pt\/wp-json\/wp\/v2\/product\/72829","targetHints":{"allow":["GET"]}}],"collection":[{"href":"https:\/\/revolutionpadelstore.com\/pt-pt\/wp-json\/wp\/v2\/product"}],"about":[{"href":"https:\/\/revolutionpadelstore.com\/pt-pt\/wp-json\/wp\/v2\/types\/product"}],"replies":[{"embeddable":true,"href":"https:\/\/revolutionpadelstore.com\/pt-pt\/wp-json\/wp\/v2\/comments?post=72829"}],"wp:featuredmedia":[{"embeddable":true,"href":"https:\/\/revolutionpadelstore.com\/pt-pt\/wp-json\/wp\/v2\/media\/99967"}],"wp:attachment":[{"href":"https:\/\/revolutionpadelstore.com\/pt-pt\/wp-json\/wp\/v2\/media?parent=72829"}],"wp:term":[{"taxonomy":"acabado","embeddable":true,"href":"https:\/\/revolutionpadelstore.com\/pt-pt\/wp-json\/wp\/v2\/acabado?post=72829"},{"taxonomy":"balance","embeddable":true,"href":"https:\/\/revolutionpadelstore.com\/pt-pt\/wp-json\/wp\/v2\/balance?post=72829"},{"taxonomy":"dureza","embeddable":true,"href":"https:\/\/revolutionpadelstore.com\/pt-pt\/wp-json\/wp\/v2\/dureza?post=72829"},{"taxonomy":"forma","embeddable":true,"href":"https:\/\/revolutionpadelstore.com\/pt-pt\/wp-json\/wp\/v2\/forma?post=72829"},{"taxonomy":"jugador","embeddable":true,"href":"https:\/\/revolutionpadelstore.com\/pt-pt\/wp-json\/wp\/v2\/jugador?post=72829"},{"taxonomy":"marca","embeddable":true,"href":"https:\/\/revolutionpadelstore.com\/pt-pt\/wp-json\/wp\/v2\/marca?post=72829"},{"taxonomy":"nivel-de-juego","embeddable":true,"href":"https:\/\/revolutionpadelstore.com\/pt-pt\/wp-json\/wp\/v2\/nivel-de-juego?post=72829"},{"taxonomy":"superficie","embeddable":true,"href":"https:\/\/revolutionpadelstore.com\/pt-pt\/wp-json\/wp\/v2\/superficie?post=72829"},{"taxonomy":"tipo-de-juego","embeddable":true,"href":"https:\/\/revolutionpadelstore.com\/pt-pt\/wp-json\/wp\/v2\/tipo-de-juego?post=72829"},{"taxonomy":"product_brand","embeddable":true,"href":"https:\/\/revolutionpadelstore.com\/pt-pt\/wp-json\/wp\/v2\/product_brand?post=72829"},{"taxonomy":"product_cat","embeddable":true,"href":"https:\/\/revolutionpadelstore.com\/pt-pt\/wp-json\/wp\/v2\/product_cat?post=72829"},{"taxonomy":"product_tag","embeddable":true,"href":"https:\/\/revolutionpadelstore.com\/pt-pt\/wp-json\/wp\/v2\/product_tag?post=72829"}],"curies":[{"name":"wp","href":"https:\/\/api.w.org\/{rel}","templated":true}]}}