{"id":72794,"date":"2024-09-22T19:45:17","date_gmt":"2024-09-22T17:45:17","guid":{"rendered":"https:\/\/revolutionpadelstore.com\/bullpadel-vertex-04-25-w\/"},"modified":"2026-04-08T10:38:37","modified_gmt":"2026-04-08T08:38:37","slug":"bullpadel-vertex-04-25-w","status":"publish","type":"product","link":"https:\/\/revolutionpadelstore.com\/pt-pt\/produto\/bullpadel-vertex-04-25-w\/","title":{"rendered":"BULLPADEL VERTEX 04 25 W"},"content":{"rendered":"<h2>Bullpadel Vertex 04 25 W, pot\u00eancia a servi\u00e7o das jogadoras<\/h2>\n<p>A raquete Bullpadel Vertex 04, da cole\u00e7\u00e3o 2025, ser\u00e1 uma das raquetes femininas mais potentes do mercado. \u00c9 o escolhido pelo jogador profissional Delfi Brea. Seu design esportivo e moderno \u00e9 perfeito para dar ao seu look um estilo muito personalizado. Seu peso, que varia entre 340 e 360 \u200b\u200bgramas, o torna muito <strong>manej\u00e1vel<\/strong> e <strong>leve<\/strong>.<\/p>\n<h2>Bullpadel Vertex 04 25 W, alto desempenho em quadra<\/h2>\n<p>Projetado para jogadores de n\u00edvel experiente, este Vertex 04 possui formato de diamante e alto equil\u00edbrio, que proporciona pot\u00eancia m\u00e1xima, sem perder o controle da bola. Esta raquete de alto desempenho ir\u00e1 ajud\u00e1-lo a melhorar o seu n\u00edvel, enquanto voc\u00ea \u00e9 decisivo em cada ponto. Al\u00e9m disso, voc\u00ea desfrutar\u00e1 de melhor ader\u00eancia e giro da bola, gra\u00e7as \u00e0 superf\u00edcie \u00e1spera do Topspin.<\/p>\n<h2>Caracter\u00edsticas Bullpadel Vertex 04 25 W<\/h2>\n<p>Este Bullpadel Vertex 04 apresenta novidades no quadro. Por um lado, o <strong>sistema Curvatik<\/strong>, uma estrutura que proporciona <strong>maior resist\u00eancia<\/strong> em tor\u00e7\u00f5es. Foi introduzida uma se\u00e7\u00e3o na lateral da l\u00e2mina, menor que no Vertex 03, que aumenta a <strong>rigidez<\/strong> e consegue uma <strong>melhor transmiss\u00e3o<\/strong> de tens\u00f5es. Este sistema est\u00e1 ligado ao <strong>Air Power<\/strong>, um canal gerado numa pe\u00e7a oca, na parte inferior, com a qual a estrutura \u00e9 refor\u00e7ada.<\/p>\n<p>O n\u00facleo externo \u00e9 feito de <strong>fibra h\u00edbrida Fibrix<\/strong>, o n\u00facleo interno \u00e9 feito de <strong>MultiEva<\/strong> e a estrutura tubular \u00e9 feita de <strong>CarbonTube<\/strong> em 100% carbono . Al\u00e9m disso, apresenta o novo cora\u00e7\u00e3o Vertex.<\/p>\n<h2>Bullpadel Vertex 04 25 W, potencia al servicio de las jugadoras<\/h2>\n","protected":false},"excerpt":{"rendered":"<p>A raquete Bullpadel Vertex 04, da cole\u00e7\u00e3o 2025, ser\u00e1 uma das raquetes femininas mais potentes do mercado. \u00c9 o escolhido pelo jogador profissional Delfi Brea <\/p>\n<p>.<strong>pala Bullpadel Vertex 04<\/strong><\/p>\n","protected":false},"featured_media":99985,"comment_status":"open","ping_status":"closed","template":"","meta":{"_acf_changed":false,"_joinchat":[]},"acabado":[1095,1105],"balance":[1135],"dureza":[1155],"forma":[1170],"jugador":[1195],"marca":[1255],"nivel-de-juego":[1335,1345],"superficie":[1360],"tipo-de-juego":[1375],"product_brand":[],"product_cat":[300],"product_tag":[],"class_list":{"0":"post-72794","1":"product","2":"type-product","3":"status-publish","4":"has-post-thumbnail","6":"acabado-arenoso-pt-pt","7":"acabado-rugoso-pt-pt","8":"balance-alto-pt-pt","9":"dureza-media-pt-pt","10":"forma-diamante-pt-pt","11":"jugador-mulher","12":"marca-bullpadel-pt-pt","13":"superficie-rugosa-pt-pt","14":"tipo-de-juego-poder","15":"product_cat-palas","17":"first","18":"instock","19":"sale","20":"taxable","21":"shipping-taxable","22":"purchasable","23":"product-type-simple"},"acf":[],"yoast_head":"<!-- This site is optimized with the Yoast SEO plugin v27.3 - https:\/\/yoast.com\/product\/yoast-seo-wordpress\/ -->\n<title>BULLPADEL VERTEX 04 25 W - Revolution Padel Store<\/title>\n<meta name=\"description\" content=\"La\u00a0pala Bullpadel Vertex 04, de la colecci\u00f3n para 2025, ser\u00e1 una de las palas para mujer m\u00e1s\u00a0potentes\u00a0del mercado. Es la elegida por la jugadora profesional,\u00a0Delfi Brea. Su dise\u00f1o, deportivo y moderno, es perfecto para dar a tu look, un estilo muy personalizado. Su peso, que oscila entre los 340 y 360 gramos, la hacen muy\u00a0manejable\u00a0y\u00a0ligera.\" \/>\n<meta name=\"robots\" content=\"index, follow, max-snippet:-1, max-image-preview:large, max-video-preview:-1\" \/>\n<link rel=\"canonical\" href=\"https:\/\/revolutionpadelstore.com\/pt-pt\/produto\/bullpadel-vertex-04-25-w\/\" \/>\n<meta property=\"og:locale\" content=\"pt_PT\" \/>\n<meta property=\"og:type\" content=\"article\" \/>\n<meta property=\"og:title\" content=\"BULLPADEL VERTEX 04 25 W - Revolution Padel Store\" \/>\n<meta property=\"og:description\" content=\"La\u00a0pala Bullpadel Vertex 04, de la colecci\u00f3n para 2025, ser\u00e1 una de las palas para mujer m\u00e1s\u00a0potentes\u00a0del mercado. Es la elegida por la jugadora profesional,\u00a0Delfi Brea. Su dise\u00f1o, deportivo y moderno, es perfecto para dar a tu look, un estilo muy personalizado. Su peso, que oscila entre los 340 y 360 gramos, la hacen muy\u00a0manejable\u00a0y\u00a0ligera.\" \/>\n<meta property=\"og:url\" content=\"https:\/\/revolutionpadelstore.com\/pt-pt\/produto\/bullpadel-vertex-04-25-w\/\" \/>\n<meta property=\"og:site_name\" content=\"Revolution Padel Store\" \/>\n<meta property=\"article:modified_time\" content=\"2026-04-08T08:38:37+00:00\" \/>\n<meta property=\"og:image\" content=\"https:\/\/revolutionpadelstore.com\/wp-content\/uploads\/2024\/09\/113774_pala_bullpadel_vertex_04_w_25_448118_mujer_1500x1500_1_bbd1.webp\" \/>\n\t<meta property=\"og:image:width\" content=\"1500\" \/>\n\t<meta property=\"og:image:height\" content=\"1500\" \/>\n\t<meta property=\"og:image:type\" content=\"image\/webp\" \/>\n<meta name=\"twitter:card\" content=\"summary_large_image\" \/>\n<meta name=\"twitter:label1\" content=\"Tempo estimado de leitura\" \/>\n\t<meta name=\"twitter:data1\" content=\"2 minutos\" \/>\n<script type=\"application\/ld+json\" class=\"yoast-schema-graph\">{\"@context\":\"https:\\\/\\\/schema.org\",\"@graph\":[{\"@type\":\"WebPage\",\"@id\":\"https:\\\/\\\/revolutionpadelstore.com\\\/pt-pt\\\/produto\\\/bullpadel-vertex-04-25-w\\\/\",\"url\":\"https:\\\/\\\/revolutionpadelstore.com\\\/pt-pt\\\/produto\\\/bullpadel-vertex-04-25-w\\\/\",\"name\":\"BULLPADEL VERTEX 04 25 W - Revolution Padel Store\",\"isPartOf\":{\"@id\":\"https:\\\/\\\/revolutionpadelstore.com\\\/pt-pt\\\/#website\"},\"primaryImageOfPage\":{\"@id\":\"https:\\\/\\\/revolutionpadelstore.com\\\/pt-pt\\\/produto\\\/bullpadel-vertex-04-25-w\\\/#primaryimage\"},\"image\":{\"@id\":\"https:\\\/\\\/revolutionpadelstore.com\\\/pt-pt\\\/produto\\\/bullpadel-vertex-04-25-w\\\/#primaryimage\"},\"thumbnailUrl\":\"https:\\\/\\\/revolutionpadelstore.com\\\/wp-content\\\/uploads\\\/2024\\\/09\\\/113774_pala_bullpadel_vertex_04_w_25_448118_mujer_1500x1500_1_bbd1.webp\",\"datePublished\":\"2024-09-22T17:45:17+00:00\",\"dateModified\":\"2026-04-08T08:38:37+00:00\",\"description\":\"La\u00a0pala Bullpadel Vertex 04, de la colecci\u00f3n para 2025, ser\u00e1 una de las palas para mujer m\u00e1s\u00a0potentes\u00a0del mercado. Es la elegida por la jugadora profesional,\u00a0Delfi Brea. Su dise\u00f1o, deportivo y moderno, es perfecto para dar a tu look, un estilo muy personalizado. Su peso, que oscila entre los 340 y 360 gramos, la hacen muy\u00a0manejable\u00a0y\u00a0ligera.\",\"breadcrumb\":{\"@id\":\"https:\\\/\\\/revolutionpadelstore.com\\\/pt-pt\\\/produto\\\/bullpadel-vertex-04-25-w\\\/#breadcrumb\"},\"inLanguage\":\"pt-PT\",\"potentialAction\":[{\"@type\":\"ReadAction\",\"target\":[\"https:\\\/\\\/revolutionpadelstore.com\\\/pt-pt\\\/produto\\\/bullpadel-vertex-04-25-w\\\/\"]}]},{\"@type\":\"ImageObject\",\"inLanguage\":\"pt-PT\",\"@id\":\"https:\\\/\\\/revolutionpadelstore.com\\\/pt-pt\\\/produto\\\/bullpadel-vertex-04-25-w\\\/#primaryimage\",\"url\":\"https:\\\/\\\/revolutionpadelstore.com\\\/wp-content\\\/uploads\\\/2024\\\/09\\\/113774_pala_bullpadel_vertex_04_w_25_448118_mujer_1500x1500_1_bbd1.webp\",\"contentUrl\":\"https:\\\/\\\/revolutionpadelstore.com\\\/wp-content\\\/uploads\\\/2024\\\/09\\\/113774_pala_bullpadel_vertex_04_w_25_448118_mujer_1500x1500_1_bbd1.webp\",\"width\":1500,\"height\":1500},{\"@type\":\"BreadcrumbList\",\"@id\":\"https:\\\/\\\/revolutionpadelstore.com\\\/pt-pt\\\/produto\\\/bullpadel-vertex-04-25-w\\\/#breadcrumb\",\"itemListElement\":[{\"@type\":\"ListItem\",\"position\":1,\"name\":\"Portada\",\"item\":\"https:\\\/\\\/revolutionpadelstore.com\\\/pt-pt\\\/\"},{\"@type\":\"ListItem\",\"position\":2,\"name\":\"Tienda\",\"item\":\"https:\\\/\\\/revolutionpadelstore.com\\\/pt-pt\\\/tienda\\\/\"},{\"@type\":\"ListItem\",\"position\":3,\"name\":\"BULLPADEL VERTEX 04 25 W\"}]},{\"@type\":\"WebSite\",\"@id\":\"https:\\\/\\\/revolutionpadelstore.com\\\/pt-pt\\\/#website\",\"url\":\"https:\\\/\\\/revolutionpadelstore.com\\\/pt-pt\\\/\",\"name\":\"Revolution Padel Store\",\"description\":\"\",\"publisher\":{\"@id\":\"https:\\\/\\\/revolutionpadelstore.com\\\/pt-pt\\\/#organization\"},\"potentialAction\":[{\"@type\":\"SearchAction\",\"target\":{\"@type\":\"EntryPoint\",\"urlTemplate\":\"https:\\\/\\\/revolutionpadelstore.com\\\/pt-pt\\\/?s={search_term_string}\"},\"query-input\":{\"@type\":\"PropertyValueSpecification\",\"valueRequired\":true,\"valueName\":\"search_term_string\"}}],\"inLanguage\":\"pt-PT\"},{\"@type\":\"Organization\",\"@id\":\"https:\\\/\\\/revolutionpadelstore.com\\\/pt-pt\\\/#organization\",\"name\":\"Revolution Padel Store\",\"url\":\"https:\\\/\\\/revolutionpadelstore.com\\\/pt-pt\\\/\",\"logo\":{\"@type\":\"ImageObject\",\"inLanguage\":\"pt-PT\",\"@id\":\"https:\\\/\\\/revolutionpadelstore.com\\\/pt-pt\\\/#\\\/schema\\\/logo\\\/image\\\/\",\"url\":\"https:\\\/\\\/revolutionpadelstore.com\\\/wp-content\\\/uploads\\\/2026\\\/02\\\/revolution-padel-store.jpg\",\"contentUrl\":\"https:\\\/\\\/revolutionpadelstore.com\\\/wp-content\\\/uploads\\\/2026\\\/02\\\/revolution-padel-store.jpg\",\"width\":2000,\"height\":2000,\"caption\":\"Revolution Padel Store\"},\"image\":{\"@id\":\"https:\\\/\\\/revolutionpadelstore.com\\\/pt-pt\\\/#\\\/schema\\\/logo\\\/image\\\/\"},\"sameAs\":[\"https:\\\/\\\/www.instagram.com\\\/revolutionpadelstore\\\/\"]}]}<\/script>\n<!-- \/ Yoast SEO plugin. -->","yoast_head_json":{"title":"BULLPADEL VERTEX 04 25 W - Revolution Padel Store","description":"La\u00a0pala Bullpadel Vertex 04, de la colecci\u00f3n para 2025, ser\u00e1 una de las palas para mujer m\u00e1s\u00a0potentes\u00a0del mercado. Es la elegida por la jugadora profesional,\u00a0Delfi Brea. Su dise\u00f1o, deportivo y moderno, es perfecto para dar a tu look, un estilo muy personalizado. Su peso, que oscila entre los 340 y 360 gramos, la hacen muy\u00a0manejable\u00a0y\u00a0ligera.","robots":{"index":"index","follow":"follow","max-snippet":"max-snippet:-1","max-image-preview":"max-image-preview:large","max-video-preview":"max-video-preview:-1"},"canonical":"https:\/\/revolutionpadelstore.com\/pt-pt\/produto\/bullpadel-vertex-04-25-w\/","og_locale":"pt_PT","og_type":"article","og_title":"BULLPADEL VERTEX 04 25 W - Revolution Padel Store","og_description":"La\u00a0pala Bullpadel Vertex 04, de la colecci\u00f3n para 2025, ser\u00e1 una de las palas para mujer m\u00e1s\u00a0potentes\u00a0del mercado. Es la elegida por la jugadora profesional,\u00a0Delfi Brea. Su dise\u00f1o, deportivo y moderno, es perfecto para dar a tu look, un estilo muy personalizado. Su peso, que oscila entre los 340 y 360 gramos, la hacen muy\u00a0manejable\u00a0y\u00a0ligera.","og_url":"https:\/\/revolutionpadelstore.com\/pt-pt\/produto\/bullpadel-vertex-04-25-w\/","og_site_name":"Revolution Padel Store","article_modified_time":"2026-04-08T08:38:37+00:00","og_image":[{"width":1500,"height":1500,"url":"https:\/\/revolutionpadelstore.com\/wp-content\/uploads\/2024\/09\/113774_pala_bullpadel_vertex_04_w_25_448118_mujer_1500x1500_1_bbd1.webp","type":"image\/webp"}],"twitter_card":"summary_large_image","twitter_misc":{"Tempo estimado de leitura":"2 minutos"},"schema":{"@context":"https:\/\/schema.org","@graph":[{"@type":"WebPage","@id":"https:\/\/revolutionpadelstore.com\/pt-pt\/produto\/bullpadel-vertex-04-25-w\/","url":"https:\/\/revolutionpadelstore.com\/pt-pt\/produto\/bullpadel-vertex-04-25-w\/","name":"BULLPADEL VERTEX 04 25 W - Revolution Padel Store","isPartOf":{"@id":"https:\/\/revolutionpadelstore.com\/pt-pt\/#website"},"primaryImageOfPage":{"@id":"https:\/\/revolutionpadelstore.com\/pt-pt\/produto\/bullpadel-vertex-04-25-w\/#primaryimage"},"image":{"@id":"https:\/\/revolutionpadelstore.com\/pt-pt\/produto\/bullpadel-vertex-04-25-w\/#primaryimage"},"thumbnailUrl":"https:\/\/revolutionpadelstore.com\/wp-content\/uploads\/2024\/09\/113774_pala_bullpadel_vertex_04_w_25_448118_mujer_1500x1500_1_bbd1.webp","datePublished":"2024-09-22T17:45:17+00:00","dateModified":"2026-04-08T08:38:37+00:00","description":"La\u00a0pala Bullpadel Vertex 04, de la colecci\u00f3n para 2025, ser\u00e1 una de las palas para mujer m\u00e1s\u00a0potentes\u00a0del mercado. Es la elegida por la jugadora profesional,\u00a0Delfi Brea. Su dise\u00f1o, deportivo y moderno, es perfecto para dar a tu look, un estilo muy personalizado. Su peso, que oscila entre los 340 y 360 gramos, la hacen muy\u00a0manejable\u00a0y\u00a0ligera.","breadcrumb":{"@id":"https:\/\/revolutionpadelstore.com\/pt-pt\/produto\/bullpadel-vertex-04-25-w\/#breadcrumb"},"inLanguage":"pt-PT","potentialAction":[{"@type":"ReadAction","target":["https:\/\/revolutionpadelstore.com\/pt-pt\/produto\/bullpadel-vertex-04-25-w\/"]}]},{"@type":"ImageObject","inLanguage":"pt-PT","@id":"https:\/\/revolutionpadelstore.com\/pt-pt\/produto\/bullpadel-vertex-04-25-w\/#primaryimage","url":"https:\/\/revolutionpadelstore.com\/wp-content\/uploads\/2024\/09\/113774_pala_bullpadel_vertex_04_w_25_448118_mujer_1500x1500_1_bbd1.webp","contentUrl":"https:\/\/revolutionpadelstore.com\/wp-content\/uploads\/2024\/09\/113774_pala_bullpadel_vertex_04_w_25_448118_mujer_1500x1500_1_bbd1.webp","width":1500,"height":1500},{"@type":"BreadcrumbList","@id":"https:\/\/revolutionpadelstore.com\/pt-pt\/produto\/bullpadel-vertex-04-25-w\/#breadcrumb","itemListElement":[{"@type":"ListItem","position":1,"name":"Portada","item":"https:\/\/revolutionpadelstore.com\/pt-pt\/"},{"@type":"ListItem","position":2,"name":"Tienda","item":"https:\/\/revolutionpadelstore.com\/pt-pt\/tienda\/"},{"@type":"ListItem","position":3,"name":"BULLPADEL VERTEX 04 25 W"}]},{"@type":"WebSite","@id":"https:\/\/revolutionpadelstore.com\/pt-pt\/#website","url":"https:\/\/revolutionpadelstore.com\/pt-pt\/","name":"Revolution Padel Store","description":"","publisher":{"@id":"https:\/\/revolutionpadelstore.com\/pt-pt\/#organization"},"potentialAction":[{"@type":"SearchAction","target":{"@type":"EntryPoint","urlTemplate":"https:\/\/revolutionpadelstore.com\/pt-pt\/?s={search_term_string}"},"query-input":{"@type":"PropertyValueSpecification","valueRequired":true,"valueName":"search_term_string"}}],"inLanguage":"pt-PT"},{"@type":"Organization","@id":"https:\/\/revolutionpadelstore.com\/pt-pt\/#organization","name":"Revolution Padel Store","url":"https:\/\/revolutionpadelstore.com\/pt-pt\/","logo":{"@type":"ImageObject","inLanguage":"pt-PT","@id":"https:\/\/revolutionpadelstore.com\/pt-pt\/#\/schema\/logo\/image\/","url":"https:\/\/revolutionpadelstore.com\/wp-content\/uploads\/2026\/02\/revolution-padel-store.jpg","contentUrl":"https:\/\/revolutionpadelstore.com\/wp-content\/uploads\/2026\/02\/revolution-padel-store.jpg","width":2000,"height":2000,"caption":"Revolution Padel Store"},"image":{"@id":"https:\/\/revolutionpadelstore.com\/pt-pt\/#\/schema\/logo\/image\/"},"sameAs":["https:\/\/www.instagram.com\/revolutionpadelstore\/"]}]}},"_links":{"self":[{"href":"https:\/\/revolutionpadelstore.com\/pt-pt\/wp-json\/wp\/v2\/product\/72794","targetHints":{"allow":["GET"]}}],"collection":[{"href":"https:\/\/revolutionpadelstore.com\/pt-pt\/wp-json\/wp\/v2\/product"}],"about":[{"href":"https:\/\/revolutionpadelstore.com\/pt-pt\/wp-json\/wp\/v2\/types\/product"}],"replies":[{"embeddable":true,"href":"https:\/\/revolutionpadelstore.com\/pt-pt\/wp-json\/wp\/v2\/comments?post=72794"}],"wp:featuredmedia":[{"embeddable":true,"href":"https:\/\/revolutionpadelstore.com\/pt-pt\/wp-json\/wp\/v2\/media\/99985"}],"wp:attachment":[{"href":"https:\/\/revolutionpadelstore.com\/pt-pt\/wp-json\/wp\/v2\/media?parent=72794"}],"wp:term":[{"taxonomy":"acabado","embeddable":true,"href":"https:\/\/revolutionpadelstore.com\/pt-pt\/wp-json\/wp\/v2\/acabado?post=72794"},{"taxonomy":"balance","embeddable":true,"href":"https:\/\/revolutionpadelstore.com\/pt-pt\/wp-json\/wp\/v2\/balance?post=72794"},{"taxonomy":"dureza","embeddable":true,"href":"https:\/\/revolutionpadelstore.com\/pt-pt\/wp-json\/wp\/v2\/dureza?post=72794"},{"taxonomy":"forma","embeddable":true,"href":"https:\/\/revolutionpadelstore.com\/pt-pt\/wp-json\/wp\/v2\/forma?post=72794"},{"taxonomy":"jugador","embeddable":true,"href":"https:\/\/revolutionpadelstore.com\/pt-pt\/wp-json\/wp\/v2\/jugador?post=72794"},{"taxonomy":"marca","embeddable":true,"href":"https:\/\/revolutionpadelstore.com\/pt-pt\/wp-json\/wp\/v2\/marca?post=72794"},{"taxonomy":"nivel-de-juego","embeddable":true,"href":"https:\/\/revolutionpadelstore.com\/pt-pt\/wp-json\/wp\/v2\/nivel-de-juego?post=72794"},{"taxonomy":"superficie","embeddable":true,"href":"https:\/\/revolutionpadelstore.com\/pt-pt\/wp-json\/wp\/v2\/superficie?post=72794"},{"taxonomy":"tipo-de-juego","embeddable":true,"href":"https:\/\/revolutionpadelstore.com\/pt-pt\/wp-json\/wp\/v2\/tipo-de-juego?post=72794"},{"taxonomy":"product_brand","embeddable":true,"href":"https:\/\/revolutionpadelstore.com\/pt-pt\/wp-json\/wp\/v2\/product_brand?post=72794"},{"taxonomy":"product_cat","embeddable":true,"href":"https:\/\/revolutionpadelstore.com\/pt-pt\/wp-json\/wp\/v2\/product_cat?post=72794"},{"taxonomy":"product_tag","embeddable":true,"href":"https:\/\/revolutionpadelstore.com\/pt-pt\/wp-json\/wp\/v2\/product_tag?post=72794"}],"curies":[{"name":"wp","href":"https:\/\/api.w.org\/{rel}","templated":true}]}}