{"id":72784,"date":"2024-09-25T08:40:22","date_gmt":"2024-09-25T06:40:22","guid":{"rendered":"https:\/\/revolutionpadelstore.com\/nox-at10-genius-attack-18k-alum-by-agustin-tapia-2025\/"},"modified":"2026-04-21T02:02:42","modified_gmt":"2026-04-21T00:02:42","slug":"nox-at10-genius-attack-18k-alum-by-agustin-tapia-2025-5","status":"publish","type":"product","link":"https:\/\/revolutionpadelstore.com\/pt-pt\/produto\/nox-at10-genius-attack-18k-alum-by-agustin-tapia-2025-5\/","title":{"rendered":"NOX AT10 GENIUS ATTACK 18K ALUM BY AGUSTIN TAPIA 2025"},"content":{"rendered":"<h2>Nox AT10 Genius Attack 18K Alum por Agustin Tapia 2025<\/h2>\n<p>A <strong>Nox AT10 Genius Attack 18K Alum By Agust\u00edn Tapia 2025<\/strong> \u00e9 uma raquete de padel projetada para jogadores de elite, em colabora\u00e7\u00e3o com o renomado jogador <strong>Agust\u00edn Tapia<\/strong>. Esta raquete faz parte da exclusiva <strong>Luxury Series 2025<\/strong>, destacando-se pela sua constru\u00e7\u00e3o inovadora e design elegante em preto, azul e bronze. Com formato <strong>diamante<\/strong> e superf\u00edcies de carbono Alum 18K, a raquete foi projetada para oferecer o m\u00e1ximo desempenho em todas as partidas.<\/p>\n<h2>Nox AT10 Genius Attack 18K Alum 2025 para jogadores profissionais poderosos<\/h2>\n<p>O Nox AT10 Genius Attack 18K Alum \u00e9 ideal para jogadores avan\u00e7ados ou profissionais que priorizam pot\u00eancia e precis\u00e3o. O formato diamante favorece um chute mais forte e agressivo, o que o torna perfeito para quem busca dominar o jogo desde a rede e finalizar com for\u00e7a. A empunhadura estendida proporciona melhor controle, ideal para quem prefere uma empunhadura mais longa e confort\u00e1vel.<\/p>\n<h3><strong>Recursos e tecnologias Nox AT10 Genius Attack 18K Alum 2025<\/strong><\/h3>\n<p style=\"padding-left: 40px\"><strong>-Formato diamante<\/strong>, para aumentar o poder no acabamento.<\/p>\n<p style=\"padding-left: 40px\"><strong>-18K Alum carbono flats<\/strong>, que proporcionam um golpe s\u00f3lido e duradouro.<\/p>\n<p style=\"padding-left: 40px\"><strong>-Core<\/strong> MLD Black EVA, com <strong>distribui\u00e7\u00e3o multicamadas de diferentes densidades<\/strong> para otimizar a sa\u00edda da bola.<\/p>\n<p>Tecnologia <\/p>\n<p style=\"padding-left: 40px\">-EOS<em>Flap<\/em>, perfura\u00e7\u00f5es que melhoram a <strong>capacidade de gerenciamento<\/strong>.<\/p>\n<p style=\"padding-left: 40px\">-DCS (<em>Dynamic Composit Structure<\/em>), maior quantidade de material para <strong>evitar quebras<\/strong> nas \u00e1reas externas.<\/p>\n<p style=\"padding-left: 40px\"><em>-Smartstrap\u00ae<\/em>, <strong>cabo de seguran\u00e7a<\/strong> intercambi\u00e1vel.<\/p>\n<p style=\"padding-left: 40px\"><em>-Ader\u00eancia grande<\/em>, <strong>ader\u00eancia 10 mm mais longa<\/strong>.<\/p>\n<p style=\"padding-left: 40px\"><em>-Pulse System,<\/em> sistema que <strong> reduz vibra\u00e7\u00f5es<\/strong> com inser\u00e7\u00f5es de borracha.<\/p>\n<p style=\"padding-left: 40px\"><em>-Spin exclusivo,<\/em><strong> superf\u00edcie \u00e1spera<\/strong> para melhorar o controle sobre a bola.<\/p>\n<p>Se voc\u00ea procura uma raquete que combine tecnologia avan\u00e7ada, pot\u00eancia e design elegante, a Nox AT10 Genius Attack 18K Alum \u00e9 a escolha perfeita. Aumente suas tacadas e jogue como um profissional.<\/p>\n<h2>Nox AT10 Genius Attack 18K Alum By Agustin Tapia 2025<\/h2>\n","protected":false},"excerpt":{"rendered":"<p>O Nox AT10 Genius Attack 18K Alum combina pot\u00eancia e controle, ideal para jogadores avan\u00e7ados que buscam desempenho ideal. Com tecnologias avan\u00e7adas e design exclusivo, se destaca na pista.<\/p>\n","protected":false},"featured_media":125343,"comment_status":"open","ping_status":"closed","template":"","meta":{"_acf_changed":false,"_joinchat":[]},"acabado":[1105],"balance":[1135],"dureza":[1160],"forma":[1170],"jugador":[1190,1200],"marca":[1260],"nivel-de-juego":[1335,1345],"superficie":[1360],"tipo-de-juego":[1380],"product_brand":[],"product_cat":[300],"product_tag":[],"class_list":{"0":"post-72784","1":"product","2":"type-product","3":"status-publish","4":"has-post-thumbnail","6":"acabado-rugoso-pt-pt","7":"balance-alto-pt-pt","8":"dureza-dura-pt-pt","9":"forma-diamante-pt-pt","10":"jugador-homem","11":"jugador-polivalente-pt-pt","12":"marca-nox-pt-pt","13":"superficie-rugosa-pt-pt","14":"tipo-de-juego-ataque-pt-pt","15":"product_cat-palas","17":"first","18":"instock","19":"sale","20":"taxable","21":"shipping-taxable","22":"purchasable","23":"product-type-simple"},"acf":[],"yoast_head":"<!-- This site is optimized with the Yoast SEO plugin v27.4 - https:\/\/yoast.com\/product\/yoast-seo-wordpress\/ -->\n<title>NOX AT10 GENIUS ATTACK 18K ALUM BY AGUSTIN TAPIA 2025 - Revolution Padel Store<\/title>\n<meta name=\"description\" content=\"La\u00a0Nox AT10 Genius Attack 18K Alum By Agust\u00edn Tapia 2025\u00a0es una pala de p\u00e1del dise\u00f1ada para jugadores de \u00e9lite, en colaboraci\u00f3n con el reconocido jugador\u00a0Agust\u00edn Tapia. Esta pala forma parte de la exclusiva\u00a0Luxury Series 2025, destacando por su innovadora construcci\u00f3n y elegante dise\u00f1o en negro, azul y bronce. Con un formato\u00a0diamante\u00a0y planos en carbono 18K Alum, la pala est\u00e1 dise\u00f1ada para ofrecer el m\u00e1ximo rendimiento en cada partido.\" \/>\n<meta name=\"robots\" content=\"index, follow, max-snippet:-1, max-image-preview:large, max-video-preview:-1\" \/>\n<link rel=\"canonical\" href=\"https:\/\/revolutionpadelstore.com\/pt-pt\/produto\/nox-at10-genius-attack-18k-alum-by-agustin-tapia-2025-5\/\" \/>\n<meta property=\"og:locale\" content=\"pt_PT\" \/>\n<meta property=\"og:type\" content=\"article\" \/>\n<meta property=\"og:title\" content=\"NOX AT10 GENIUS ATTACK 18K ALUM BY AGUSTIN TAPIA 2025 - Revolution Padel Store\" \/>\n<meta property=\"og:description\" content=\"La\u00a0Nox AT10 Genius Attack 18K Alum By Agust\u00edn Tapia 2025\u00a0es una pala de p\u00e1del dise\u00f1ada para jugadores de \u00e9lite, en colaboraci\u00f3n con el reconocido jugador\u00a0Agust\u00edn Tapia. Esta pala forma parte de la exclusiva\u00a0Luxury Series 2025, destacando por su innovadora construcci\u00f3n y elegante dise\u00f1o en negro, azul y bronce. Con un formato\u00a0diamante\u00a0y planos en carbono 18K Alum, la pala est\u00e1 dise\u00f1ada para ofrecer el m\u00e1ximo rendimiento en cada partido.\" \/>\n<meta property=\"og:url\" content=\"https:\/\/revolutionpadelstore.com\/pt-pt\/produto\/nox-at10-genius-attack-18k-alum-by-agustin-tapia-2025-5\/\" \/>\n<meta property=\"og:site_name\" content=\"Revolution Padel Store\" \/>\n<meta property=\"article:modified_time\" content=\"2026-04-21T00:02:42+00:00\" \/>\n<meta property=\"og:image\" content=\"https:\/\/revolutionpadelstore.com\/wp-content\/uploads\/2024\/10\/113542_pala_nox_at10_genius_attack_18k_alum_by_agustin_tapia_pat10geniusat1825__2d50.webp\" \/>\n\t<meta property=\"og:image:width\" content=\"1500\" \/>\n\t<meta property=\"og:image:height\" content=\"1500\" \/>\n\t<meta property=\"og:image:type\" content=\"image\/webp\" \/>\n<meta name=\"twitter:card\" content=\"summary_large_image\" \/>\n<meta name=\"twitter:label1\" content=\"Tempo estimado de leitura\" \/>\n\t<meta name=\"twitter:data1\" content=\"2 minutos\" \/>\n<script type=\"application\/ld+json\" class=\"yoast-schema-graph\">{\"@context\":\"https:\\\/\\\/schema.org\",\"@graph\":[{\"@type\":\"WebPage\",\"@id\":\"https:\\\/\\\/revolutionpadelstore.com\\\/pt-pt\\\/produto\\\/nox-at10-genius-attack-18k-alum-by-agustin-tapia-2025-5\\\/\",\"url\":\"https:\\\/\\\/revolutionpadelstore.com\\\/pt-pt\\\/produto\\\/nox-at10-genius-attack-18k-alum-by-agustin-tapia-2025-5\\\/\",\"name\":\"NOX AT10 GENIUS ATTACK 18K ALUM BY AGUSTIN TAPIA 2025 - Revolution Padel Store\",\"isPartOf\":{\"@id\":\"https:\\\/\\\/revolutionpadelstore.com\\\/pt-pt\\\/#website\"},\"primaryImageOfPage\":{\"@id\":\"https:\\\/\\\/revolutionpadelstore.com\\\/pt-pt\\\/produto\\\/nox-at10-genius-attack-18k-alum-by-agustin-tapia-2025-5\\\/#primaryimage\"},\"image\":{\"@id\":\"https:\\\/\\\/revolutionpadelstore.com\\\/pt-pt\\\/produto\\\/nox-at10-genius-attack-18k-alum-by-agustin-tapia-2025-5\\\/#primaryimage\"},\"thumbnailUrl\":\"https:\\\/\\\/revolutionpadelstore.com\\\/wp-content\\\/uploads\\\/2024\\\/10\\\/113542_pala_nox_at10_genius_attack_18k_alum_by_agustin_tapia_pat10geniusat1825__2d50.webp\",\"datePublished\":\"2024-09-25T06:40:22+00:00\",\"dateModified\":\"2026-04-21T00:02:42+00:00\",\"description\":\"La\u00a0Nox AT10 Genius Attack 18K Alum By Agust\u00edn Tapia 2025\u00a0es una pala de p\u00e1del dise\u00f1ada para jugadores de \u00e9lite, en colaboraci\u00f3n con el reconocido jugador\u00a0Agust\u00edn Tapia. Esta pala forma parte de la exclusiva\u00a0Luxury Series 2025, destacando por su innovadora construcci\u00f3n y elegante dise\u00f1o en negro, azul y bronce. Con un formato\u00a0diamante\u00a0y planos en carbono 18K Alum, la pala est\u00e1 dise\u00f1ada para ofrecer el m\u00e1ximo rendimiento en cada partido.\",\"breadcrumb\":{\"@id\":\"https:\\\/\\\/revolutionpadelstore.com\\\/pt-pt\\\/produto\\\/nox-at10-genius-attack-18k-alum-by-agustin-tapia-2025-5\\\/#breadcrumb\"},\"inLanguage\":\"pt-PT\",\"potentialAction\":[{\"@type\":\"ReadAction\",\"target\":[\"https:\\\/\\\/revolutionpadelstore.com\\\/pt-pt\\\/produto\\\/nox-at10-genius-attack-18k-alum-by-agustin-tapia-2025-5\\\/\"]}]},{\"@type\":\"ImageObject\",\"inLanguage\":\"pt-PT\",\"@id\":\"https:\\\/\\\/revolutionpadelstore.com\\\/pt-pt\\\/produto\\\/nox-at10-genius-attack-18k-alum-by-agustin-tapia-2025-5\\\/#primaryimage\",\"url\":\"https:\\\/\\\/revolutionpadelstore.com\\\/wp-content\\\/uploads\\\/2024\\\/10\\\/113542_pala_nox_at10_genius_attack_18k_alum_by_agustin_tapia_pat10geniusat1825__2d50.webp\",\"contentUrl\":\"https:\\\/\\\/revolutionpadelstore.com\\\/wp-content\\\/uploads\\\/2024\\\/10\\\/113542_pala_nox_at10_genius_attack_18k_alum_by_agustin_tapia_pat10geniusat1825__2d50.webp\",\"width\":1500,\"height\":1500},{\"@type\":\"BreadcrumbList\",\"@id\":\"https:\\\/\\\/revolutionpadelstore.com\\\/pt-pt\\\/produto\\\/nox-at10-genius-attack-18k-alum-by-agustin-tapia-2025-5\\\/#breadcrumb\",\"itemListElement\":[{\"@type\":\"ListItem\",\"position\":1,\"name\":\"Portada\",\"item\":\"https:\\\/\\\/revolutionpadelstore.com\\\/pt-pt\\\/\"},{\"@type\":\"ListItem\",\"position\":2,\"name\":\"Tienda\",\"item\":\"https:\\\/\\\/revolutionpadelstore.com\\\/pt-pt\\\/tienda\\\/\"},{\"@type\":\"ListItem\",\"position\":3,\"name\":\"NOX AT10 GENIUS ATTACK 18K ALUM BY AGUSTIN TAPIA 2025\"}]},{\"@type\":\"WebSite\",\"@id\":\"https:\\\/\\\/revolutionpadelstore.com\\\/pt-pt\\\/#website\",\"url\":\"https:\\\/\\\/revolutionpadelstore.com\\\/pt-pt\\\/\",\"name\":\"Revolution Padel Store\",\"description\":\"\",\"publisher\":{\"@id\":\"https:\\\/\\\/revolutionpadelstore.com\\\/pt-pt\\\/#organization\"},\"potentialAction\":[{\"@type\":\"SearchAction\",\"target\":{\"@type\":\"EntryPoint\",\"urlTemplate\":\"https:\\\/\\\/revolutionpadelstore.com\\\/pt-pt\\\/?s={search_term_string}\"},\"query-input\":{\"@type\":\"PropertyValueSpecification\",\"valueRequired\":true,\"valueName\":\"search_term_string\"}}],\"inLanguage\":\"pt-PT\"},{\"@type\":\"Organization\",\"@id\":\"https:\\\/\\\/revolutionpadelstore.com\\\/pt-pt\\\/#organization\",\"name\":\"Revolution Padel Store\",\"url\":\"https:\\\/\\\/revolutionpadelstore.com\\\/pt-pt\\\/\",\"logo\":{\"@type\":\"ImageObject\",\"inLanguage\":\"pt-PT\",\"@id\":\"https:\\\/\\\/revolutionpadelstore.com\\\/pt-pt\\\/#\\\/schema\\\/logo\\\/image\\\/\",\"url\":\"https:\\\/\\\/revolutionpadelstore.com\\\/wp-content\\\/uploads\\\/2026\\\/02\\\/revolution-padel-store.jpg\",\"contentUrl\":\"https:\\\/\\\/revolutionpadelstore.com\\\/wp-content\\\/uploads\\\/2026\\\/02\\\/revolution-padel-store.jpg\",\"width\":2000,\"height\":2000,\"caption\":\"Revolution Padel Store\"},\"image\":{\"@id\":\"https:\\\/\\\/revolutionpadelstore.com\\\/pt-pt\\\/#\\\/schema\\\/logo\\\/image\\\/\"},\"sameAs\":[\"https:\\\/\\\/www.instagram.com\\\/revolutionpadelstore\\\/\"]}]}<\/script>\n<!-- \/ Yoast SEO plugin. -->","yoast_head_json":{"title":"NOX AT10 GENIUS ATTACK 18K ALUM BY AGUSTIN TAPIA 2025 - Revolution Padel Store","description":"La\u00a0Nox AT10 Genius Attack 18K Alum By Agust\u00edn Tapia 2025\u00a0es una pala de p\u00e1del dise\u00f1ada para jugadores de \u00e9lite, en colaboraci\u00f3n con el reconocido jugador\u00a0Agust\u00edn Tapia. Esta pala forma parte de la exclusiva\u00a0Luxury Series 2025, destacando por su innovadora construcci\u00f3n y elegante dise\u00f1o en negro, azul y bronce. Con un formato\u00a0diamante\u00a0y planos en carbono 18K Alum, la pala est\u00e1 dise\u00f1ada para ofrecer el m\u00e1ximo rendimiento en cada partido.","robots":{"index":"index","follow":"follow","max-snippet":"max-snippet:-1","max-image-preview":"max-image-preview:large","max-video-preview":"max-video-preview:-1"},"canonical":"https:\/\/revolutionpadelstore.com\/pt-pt\/produto\/nox-at10-genius-attack-18k-alum-by-agustin-tapia-2025-5\/","og_locale":"pt_PT","og_type":"article","og_title":"NOX AT10 GENIUS ATTACK 18K ALUM BY AGUSTIN TAPIA 2025 - Revolution Padel Store","og_description":"La\u00a0Nox AT10 Genius Attack 18K Alum By Agust\u00edn Tapia 2025\u00a0es una pala de p\u00e1del dise\u00f1ada para jugadores de \u00e9lite, en colaboraci\u00f3n con el reconocido jugador\u00a0Agust\u00edn Tapia. Esta pala forma parte de la exclusiva\u00a0Luxury Series 2025, destacando por su innovadora construcci\u00f3n y elegante dise\u00f1o en negro, azul y bronce. Con un formato\u00a0diamante\u00a0y planos en carbono 18K Alum, la pala est\u00e1 dise\u00f1ada para ofrecer el m\u00e1ximo rendimiento en cada partido.","og_url":"https:\/\/revolutionpadelstore.com\/pt-pt\/produto\/nox-at10-genius-attack-18k-alum-by-agustin-tapia-2025-5\/","og_site_name":"Revolution Padel Store","article_modified_time":"2026-04-21T00:02:42+00:00","og_image":[{"width":1500,"height":1500,"url":"https:\/\/revolutionpadelstore.com\/wp-content\/uploads\/2024\/10\/113542_pala_nox_at10_genius_attack_18k_alum_by_agustin_tapia_pat10geniusat1825__2d50.webp","type":"image\/webp"}],"twitter_card":"summary_large_image","twitter_misc":{"Tempo estimado de leitura":"2 minutos"},"schema":{"@context":"https:\/\/schema.org","@graph":[{"@type":"WebPage","@id":"https:\/\/revolutionpadelstore.com\/pt-pt\/produto\/nox-at10-genius-attack-18k-alum-by-agustin-tapia-2025-5\/","url":"https:\/\/revolutionpadelstore.com\/pt-pt\/produto\/nox-at10-genius-attack-18k-alum-by-agustin-tapia-2025-5\/","name":"NOX AT10 GENIUS ATTACK 18K ALUM BY AGUSTIN TAPIA 2025 - Revolution Padel Store","isPartOf":{"@id":"https:\/\/revolutionpadelstore.com\/pt-pt\/#website"},"primaryImageOfPage":{"@id":"https:\/\/revolutionpadelstore.com\/pt-pt\/produto\/nox-at10-genius-attack-18k-alum-by-agustin-tapia-2025-5\/#primaryimage"},"image":{"@id":"https:\/\/revolutionpadelstore.com\/pt-pt\/produto\/nox-at10-genius-attack-18k-alum-by-agustin-tapia-2025-5\/#primaryimage"},"thumbnailUrl":"https:\/\/revolutionpadelstore.com\/wp-content\/uploads\/2024\/10\/113542_pala_nox_at10_genius_attack_18k_alum_by_agustin_tapia_pat10geniusat1825__2d50.webp","datePublished":"2024-09-25T06:40:22+00:00","dateModified":"2026-04-21T00:02:42+00:00","description":"La\u00a0Nox AT10 Genius Attack 18K Alum By Agust\u00edn Tapia 2025\u00a0es una pala de p\u00e1del dise\u00f1ada para jugadores de \u00e9lite, en colaboraci\u00f3n con el reconocido jugador\u00a0Agust\u00edn Tapia. Esta pala forma parte de la exclusiva\u00a0Luxury Series 2025, destacando por su innovadora construcci\u00f3n y elegante dise\u00f1o en negro, azul y bronce. Con un formato\u00a0diamante\u00a0y planos en carbono 18K Alum, la pala est\u00e1 dise\u00f1ada para ofrecer el m\u00e1ximo rendimiento en cada partido.","breadcrumb":{"@id":"https:\/\/revolutionpadelstore.com\/pt-pt\/produto\/nox-at10-genius-attack-18k-alum-by-agustin-tapia-2025-5\/#breadcrumb"},"inLanguage":"pt-PT","potentialAction":[{"@type":"ReadAction","target":["https:\/\/revolutionpadelstore.com\/pt-pt\/produto\/nox-at10-genius-attack-18k-alum-by-agustin-tapia-2025-5\/"]}]},{"@type":"ImageObject","inLanguage":"pt-PT","@id":"https:\/\/revolutionpadelstore.com\/pt-pt\/produto\/nox-at10-genius-attack-18k-alum-by-agustin-tapia-2025-5\/#primaryimage","url":"https:\/\/revolutionpadelstore.com\/wp-content\/uploads\/2024\/10\/113542_pala_nox_at10_genius_attack_18k_alum_by_agustin_tapia_pat10geniusat1825__2d50.webp","contentUrl":"https:\/\/revolutionpadelstore.com\/wp-content\/uploads\/2024\/10\/113542_pala_nox_at10_genius_attack_18k_alum_by_agustin_tapia_pat10geniusat1825__2d50.webp","width":1500,"height":1500},{"@type":"BreadcrumbList","@id":"https:\/\/revolutionpadelstore.com\/pt-pt\/produto\/nox-at10-genius-attack-18k-alum-by-agustin-tapia-2025-5\/#breadcrumb","itemListElement":[{"@type":"ListItem","position":1,"name":"Portada","item":"https:\/\/revolutionpadelstore.com\/pt-pt\/"},{"@type":"ListItem","position":2,"name":"Tienda","item":"https:\/\/revolutionpadelstore.com\/pt-pt\/tienda\/"},{"@type":"ListItem","position":3,"name":"NOX AT10 GENIUS ATTACK 18K ALUM BY AGUSTIN TAPIA 2025"}]},{"@type":"WebSite","@id":"https:\/\/revolutionpadelstore.com\/pt-pt\/#website","url":"https:\/\/revolutionpadelstore.com\/pt-pt\/","name":"Revolution Padel Store","description":"","publisher":{"@id":"https:\/\/revolutionpadelstore.com\/pt-pt\/#organization"},"potentialAction":[{"@type":"SearchAction","target":{"@type":"EntryPoint","urlTemplate":"https:\/\/revolutionpadelstore.com\/pt-pt\/?s={search_term_string}"},"query-input":{"@type":"PropertyValueSpecification","valueRequired":true,"valueName":"search_term_string"}}],"inLanguage":"pt-PT"},{"@type":"Organization","@id":"https:\/\/revolutionpadelstore.com\/pt-pt\/#organization","name":"Revolution Padel Store","url":"https:\/\/revolutionpadelstore.com\/pt-pt\/","logo":{"@type":"ImageObject","inLanguage":"pt-PT","@id":"https:\/\/revolutionpadelstore.com\/pt-pt\/#\/schema\/logo\/image\/","url":"https:\/\/revolutionpadelstore.com\/wp-content\/uploads\/2026\/02\/revolution-padel-store.jpg","contentUrl":"https:\/\/revolutionpadelstore.com\/wp-content\/uploads\/2026\/02\/revolution-padel-store.jpg","width":2000,"height":2000,"caption":"Revolution Padel Store"},"image":{"@id":"https:\/\/revolutionpadelstore.com\/pt-pt\/#\/schema\/logo\/image\/"},"sameAs":["https:\/\/www.instagram.com\/revolutionpadelstore\/"]}]}},"_links":{"self":[{"href":"https:\/\/revolutionpadelstore.com\/pt-pt\/wp-json\/wp\/v2\/product\/72784","targetHints":{"allow":["GET"]}}],"collection":[{"href":"https:\/\/revolutionpadelstore.com\/pt-pt\/wp-json\/wp\/v2\/product"}],"about":[{"href":"https:\/\/revolutionpadelstore.com\/pt-pt\/wp-json\/wp\/v2\/types\/product"}],"replies":[{"embeddable":true,"href":"https:\/\/revolutionpadelstore.com\/pt-pt\/wp-json\/wp\/v2\/comments?post=72784"}],"wp:featuredmedia":[{"embeddable":true,"href":"https:\/\/revolutionpadelstore.com\/pt-pt\/wp-json\/wp\/v2\/media\/125343"}],"wp:attachment":[{"href":"https:\/\/revolutionpadelstore.com\/pt-pt\/wp-json\/wp\/v2\/media?parent=72784"}],"wp:term":[{"taxonomy":"acabado","embeddable":true,"href":"https:\/\/revolutionpadelstore.com\/pt-pt\/wp-json\/wp\/v2\/acabado?post=72784"},{"taxonomy":"balance","embeddable":true,"href":"https:\/\/revolutionpadelstore.com\/pt-pt\/wp-json\/wp\/v2\/balance?post=72784"},{"taxonomy":"dureza","embeddable":true,"href":"https:\/\/revolutionpadelstore.com\/pt-pt\/wp-json\/wp\/v2\/dureza?post=72784"},{"taxonomy":"forma","embeddable":true,"href":"https:\/\/revolutionpadelstore.com\/pt-pt\/wp-json\/wp\/v2\/forma?post=72784"},{"taxonomy":"jugador","embeddable":true,"href":"https:\/\/revolutionpadelstore.com\/pt-pt\/wp-json\/wp\/v2\/jugador?post=72784"},{"taxonomy":"marca","embeddable":true,"href":"https:\/\/revolutionpadelstore.com\/pt-pt\/wp-json\/wp\/v2\/marca?post=72784"},{"taxonomy":"nivel-de-juego","embeddable":true,"href":"https:\/\/revolutionpadelstore.com\/pt-pt\/wp-json\/wp\/v2\/nivel-de-juego?post=72784"},{"taxonomy":"superficie","embeddable":true,"href":"https:\/\/revolutionpadelstore.com\/pt-pt\/wp-json\/wp\/v2\/superficie?post=72784"},{"taxonomy":"tipo-de-juego","embeddable":true,"href":"https:\/\/revolutionpadelstore.com\/pt-pt\/wp-json\/wp\/v2\/tipo-de-juego?post=72784"},{"taxonomy":"product_brand","embeddable":true,"href":"https:\/\/revolutionpadelstore.com\/pt-pt\/wp-json\/wp\/v2\/product_brand?post=72784"},{"taxonomy":"product_cat","embeddable":true,"href":"https:\/\/revolutionpadelstore.com\/pt-pt\/wp-json\/wp\/v2\/product_cat?post=72784"},{"taxonomy":"product_tag","embeddable":true,"href":"https:\/\/revolutionpadelstore.com\/pt-pt\/wp-json\/wp\/v2\/product_tag?post=72784"}],"curies":[{"name":"wp","href":"https:\/\/api.w.org\/{rel}","templated":true}]}}