{"id":72779,"date":"2024-09-25T08:50:42","date_gmt":"2024-09-25T06:50:42","guid":{"rendered":"https:\/\/revolutionpadelstore.com\/nox-at10-genius-12k-by-agustin-tapia-2025\/"},"modified":"2026-04-01T07:16:47","modified_gmt":"2026-04-01T05:16:47","slug":"nox-at10-genius-12k-by-agustin-tapia-2025-5","status":"publish","type":"product","link":"https:\/\/revolutionpadelstore.com\/pt-pt\/produto\/nox-at10-genius-12k-by-agustin-tapia-2025-5\/","title":{"rendered":"NOX AT10 GENIUS 12K BY AGUSTIN TAPIA 2025"},"content":{"rendered":"<h2>Nox AT10 Genius 12K Por Agust\u00edn Tapia 2025, sucessos s\u00f3lidos<\/h2>\n<p>A <strong>raquete de padel Nox AT10 Genius 12K<\/strong> \u00e9 o modelo desenhado pelo jogador <strong>Agust\u00edn Tapia<\/strong> para esta temporada de 2025. \u00c9 uma raquete em forma de l\u00e1grima &gt; com equil\u00edbrio ajustado \u00e0 pontaria. de adicionar velocidade extra em golpes defensivos.<\/p>\n<p>Com um peso que varia entre 360-375 gramas e o EOS Flap, voc\u00ea obt\u00e9m uma raquete de padel facilmente manej\u00e1vel, r\u00e1pida e letal no campo de jogo.<\/p>\n<h2>P\u00e1 AT10 Genius 12K Agust\u00edn Tapia, para profissionais<\/h2>\n<p>Projetado para aqueles <strong>jogadores de padel de n\u00edvel avan\u00e7ado<\/strong> que procuram solidez e rigidez na rebatida. \u00c9 uma raquete Nox masculina ideal para quem busca excelente controle e pot\u00eancia em todas as jogadas.<\/p>\n<p>Proporciona velocidade e permite dar muito mais giro \u00e0 bola.<\/p>\n<h2>Recursos e tecnologias do AT10 Genius 12K 2025<\/h2>\n<p style=\"padding-left: 40px\">-12K Carbon Flats que reduzem o peso da l\u00e2mina e adicionam rigidez<\/p>\n<p style=\"padding-left: 40px\"><em>-Giro exclusivo<\/em> com rugosidade dupla para <strong>maior controle e mais giro<\/strong><\/p>\n<p style=\"padding-left: 40px\">-Quadro tubular de carbono resistente<\/p>\n<p style=\"padding-left: 40px\">-N\u00facleo multicamadas MLD Black EVA, dureza m\u00e9dia-alta, para uma <strong>sensa\u00e7\u00e3o de golpe mais s\u00f3lida<\/strong><\/p>\n<p style=\"padding-left: 40px\">-O <em>EOS Flap<\/em> otimiza o manuseio da raquete redistribuindo o peso de forma eficiente<\/p>\n<p style=\"padding-left: 40px\">-Maior ader\u00eancia com o <em>Custom Grip<\/em><\/p>\n<p style=\"padding-left: 40px\">-Vibra\u00e7\u00f5es reduzidas e maior conforto gra\u00e7as ao <em>Pulse System<\/em><\/p>\n<p style=\"padding-left: 40px\"><em>-Estrutura Composta Din\u00e2mica<\/em> que minimiza a diferen\u00e7a de dureza entre a moldura e a face<\/p>\n<p style=\"padding-left: 40px\">-Sistema <em>Smartstrap<\/em>, cord\u00e3o de seguran\u00e7a substitu\u00edvel, mais seguro e higi\u00eanico<\/p>\n<p style=\"padding-left: 40px\">-Gama de s\u00e9ries de luxo<\/em><\/p>\n<p style=\"padding-left: 40px\">-Formato de l\u00e1grima e peso de 360-375 gramas.<\/p>\n<h3>Compre agora a raquete Nox AT10 Genius 12K By Agust\u00edn Tapia 2025 na Revolution Padel Store<\/h3>\n<p>Desfrute de sensa\u00e7\u00f5es incr\u00edveis em cada partida ou treino gra\u00e7as \u00e0s magn\u00edficas caracter\u00edsticas da raquete Nox AT10 Genius 12K By Agust\u00edn Tapia 2025 para jogadores avan\u00e7ados.<\/strong><\/p>\n","protected":false},"excerpt":{"rendered":"<p>Nox AT10 Genius 12K By Agust\u00edn Tapia 2025, raquete em forma de l\u00e1grima com planos de carbono 12K com acabamento rugoso e n\u00facleo de borracha EVA preta. Grande absor\u00e7\u00e3o de vibra\u00e7\u00f5es para um golpe mais confort\u00e1vel e s\u00f3lido.<\/p>\n","protected":false},"featured_media":125331,"comment_status":"open","ping_status":"closed","template":"","meta":{"_acf_changed":false,"_joinchat":[]},"acabado":[1095,1105],"balance":[1140],"dureza":[1155],"forma":[1185],"jugador":[1190,1200],"marca":[1260],"nivel-de-juego":[1335],"superficie":[1360],"tipo-de-juego":[1385],"product_brand":[],"product_cat":[300],"product_tag":[],"class_list":{"0":"post-72779","1":"product","2":"type-product","3":"status-publish","4":"has-post-thumbnail","6":"acabado-arenoso-pt-pt","7":"acabado-rugoso-pt-pt","8":"balance-medio-pt-pt","9":"dureza-media-pt-pt","10":"forma-lagrima-pt-pt","11":"jugador-homem","12":"jugador-polivalente-pt-pt","13":"marca-nox-pt-pt","14":"superficie-rugosa-pt-pt","15":"tipo-de-juego-polivalente-pt-pt","16":"product_cat-palas","18":"first","19":"instock","20":"sale","21":"taxable","22":"shipping-taxable","23":"purchasable","24":"product-type-simple"},"acf":[],"yoast_head":"<!-- This site is optimized with the Yoast SEO plugin v27.3 - https:\/\/yoast.com\/product\/yoast-seo-wordpress\/ -->\n<title>NOX AT10 GENIUS 12K BY AGUSTIN TAPIA 2025 - Revolution Padel Store<\/title>\n<meta name=\"description\" content=\"La\u00a0pala de p\u00e1del AT10 Genius 12K de Nox\u00a0es el modelo dise\u00f1ado por el jugador\u00a0Agust\u00edn Tapia\u00a0para esta temporada 2025. Es una pala con\u00a0forma de l\u00e1grima\u00a0con un balance ajustado con el objetivo de a\u00f1adir un extra de velocidad en los golpes defensivos.Con un peso que oscila entre los 360-375 gramos y el\u00a0EOS Flap\u00a0se consigue una pala f\u00e1cilmente manejable, r\u00e1pida y letal en el terreno de juego. Dise\u00f1ada para aquellos\u00a0jugadores de p\u00e1del de nivel avanzado\u00a0que buscan solidez y rigidez en el golpeo. Es una pala Nox para hombre ideal para los que buscan un control y potencia sobresalientes en cada jugada.\" \/>\n<meta name=\"robots\" content=\"index, follow, max-snippet:-1, max-image-preview:large, max-video-preview:-1\" \/>\n<link rel=\"canonical\" href=\"https:\/\/revolutionpadelstore.com\/pt-pt\/produto\/nox-at10-genius-12k-by-agustin-tapia-2025-5\/\" \/>\n<meta property=\"og:locale\" content=\"pt_PT\" \/>\n<meta property=\"og:type\" content=\"article\" \/>\n<meta property=\"og:title\" content=\"NOX AT10 GENIUS 12K BY AGUSTIN TAPIA 2025 - Revolution Padel Store\" \/>\n<meta property=\"og:description\" content=\"La\u00a0pala de p\u00e1del AT10 Genius 12K de Nox\u00a0es el modelo dise\u00f1ado por el jugador\u00a0Agust\u00edn Tapia\u00a0para esta temporada 2025. Es una pala con\u00a0forma de l\u00e1grima\u00a0con un balance ajustado con el objetivo de a\u00f1adir un extra de velocidad en los golpes defensivos.Con un peso que oscila entre los 360-375 gramos y el\u00a0EOS Flap\u00a0se consigue una pala f\u00e1cilmente manejable, r\u00e1pida y letal en el terreno de juego. Dise\u00f1ada para aquellos\u00a0jugadores de p\u00e1del de nivel avanzado\u00a0que buscan solidez y rigidez en el golpeo. Es una pala Nox para hombre ideal para los que buscan un control y potencia sobresalientes en cada jugada.\" \/>\n<meta property=\"og:url\" content=\"https:\/\/revolutionpadelstore.com\/pt-pt\/produto\/nox-at10-genius-12k-by-agustin-tapia-2025-5\/\" \/>\n<meta property=\"og:site_name\" content=\"Revolution Padel Store\" \/>\n<meta property=\"article:modified_time\" content=\"2026-04-01T05:16:47+00:00\" \/>\n<meta property=\"og:image\" content=\"https:\/\/revolutionpadelstore.com\/wp-content\/uploads\/2024\/10\/113539_pala_nox_at10_genius_12k_by_agustin_tapia_pat10genius25_1500x1500_1_d12d.webp\" \/>\n\t<meta property=\"og:image:width\" content=\"1500\" \/>\n\t<meta property=\"og:image:height\" content=\"1500\" \/>\n\t<meta property=\"og:image:type\" content=\"image\/webp\" \/>\n<meta name=\"twitter:card\" content=\"summary_large_image\" \/>\n<meta name=\"twitter:label1\" content=\"Tempo estimado de leitura\" \/>\n\t<meta name=\"twitter:data1\" content=\"2 minutos\" \/>\n<script type=\"application\/ld+json\" class=\"yoast-schema-graph\">{\"@context\":\"https:\\\/\\\/schema.org\",\"@graph\":[{\"@type\":\"WebPage\",\"@id\":\"https:\\\/\\\/revolutionpadelstore.com\\\/pt-pt\\\/produto\\\/nox-at10-genius-12k-by-agustin-tapia-2025-5\\\/\",\"url\":\"https:\\\/\\\/revolutionpadelstore.com\\\/pt-pt\\\/produto\\\/nox-at10-genius-12k-by-agustin-tapia-2025-5\\\/\",\"name\":\"NOX AT10 GENIUS 12K BY AGUSTIN TAPIA 2025 - Revolution Padel Store\",\"isPartOf\":{\"@id\":\"https:\\\/\\\/revolutionpadelstore.com\\\/pt-pt\\\/#website\"},\"primaryImageOfPage\":{\"@id\":\"https:\\\/\\\/revolutionpadelstore.com\\\/pt-pt\\\/produto\\\/nox-at10-genius-12k-by-agustin-tapia-2025-5\\\/#primaryimage\"},\"image\":{\"@id\":\"https:\\\/\\\/revolutionpadelstore.com\\\/pt-pt\\\/produto\\\/nox-at10-genius-12k-by-agustin-tapia-2025-5\\\/#primaryimage\"},\"thumbnailUrl\":\"https:\\\/\\\/revolutionpadelstore.com\\\/wp-content\\\/uploads\\\/2024\\\/10\\\/113539_pala_nox_at10_genius_12k_by_agustin_tapia_pat10genius25_1500x1500_1_d12d.webp\",\"datePublished\":\"2024-09-25T06:50:42+00:00\",\"dateModified\":\"2026-04-01T05:16:47+00:00\",\"description\":\"La\u00a0pala de p\u00e1del AT10 Genius 12K de Nox\u00a0es el modelo dise\u00f1ado por el jugador\u00a0Agust\u00edn Tapia\u00a0para esta temporada 2025. Es una pala con\u00a0forma de l\u00e1grima\u00a0con un balance ajustado con el objetivo de a\u00f1adir un extra de velocidad en los golpes defensivos.Con un peso que oscila entre los 360-375 gramos y el\u00a0EOS Flap\u00a0se consigue una pala f\u00e1cilmente manejable, r\u00e1pida y letal en el terreno de juego. Dise\u00f1ada para aquellos\u00a0jugadores de p\u00e1del de nivel avanzado\u00a0que buscan solidez y rigidez en el golpeo. Es una pala Nox para hombre ideal para los que buscan un control y potencia sobresalientes en cada jugada.\",\"breadcrumb\":{\"@id\":\"https:\\\/\\\/revolutionpadelstore.com\\\/pt-pt\\\/produto\\\/nox-at10-genius-12k-by-agustin-tapia-2025-5\\\/#breadcrumb\"},\"inLanguage\":\"pt-PT\",\"potentialAction\":[{\"@type\":\"ReadAction\",\"target\":[\"https:\\\/\\\/revolutionpadelstore.com\\\/pt-pt\\\/produto\\\/nox-at10-genius-12k-by-agustin-tapia-2025-5\\\/\"]}]},{\"@type\":\"ImageObject\",\"inLanguage\":\"pt-PT\",\"@id\":\"https:\\\/\\\/revolutionpadelstore.com\\\/pt-pt\\\/produto\\\/nox-at10-genius-12k-by-agustin-tapia-2025-5\\\/#primaryimage\",\"url\":\"https:\\\/\\\/revolutionpadelstore.com\\\/wp-content\\\/uploads\\\/2024\\\/10\\\/113539_pala_nox_at10_genius_12k_by_agustin_tapia_pat10genius25_1500x1500_1_d12d.webp\",\"contentUrl\":\"https:\\\/\\\/revolutionpadelstore.com\\\/wp-content\\\/uploads\\\/2024\\\/10\\\/113539_pala_nox_at10_genius_12k_by_agustin_tapia_pat10genius25_1500x1500_1_d12d.webp\",\"width\":1500,\"height\":1500},{\"@type\":\"BreadcrumbList\",\"@id\":\"https:\\\/\\\/revolutionpadelstore.com\\\/pt-pt\\\/produto\\\/nox-at10-genius-12k-by-agustin-tapia-2025-5\\\/#breadcrumb\",\"itemListElement\":[{\"@type\":\"ListItem\",\"position\":1,\"name\":\"Portada\",\"item\":\"https:\\\/\\\/revolutionpadelstore.com\\\/pt-pt\\\/\"},{\"@type\":\"ListItem\",\"position\":2,\"name\":\"Tienda\",\"item\":\"https:\\\/\\\/revolutionpadelstore.com\\\/pt-pt\\\/tienda\\\/\"},{\"@type\":\"ListItem\",\"position\":3,\"name\":\"NOX AT10 GENIUS 12K BY AGUSTIN TAPIA 2025\"}]},{\"@type\":\"WebSite\",\"@id\":\"https:\\\/\\\/revolutionpadelstore.com\\\/pt-pt\\\/#website\",\"url\":\"https:\\\/\\\/revolutionpadelstore.com\\\/pt-pt\\\/\",\"name\":\"Revolution Padel Store\",\"description\":\"\",\"publisher\":{\"@id\":\"https:\\\/\\\/revolutionpadelstore.com\\\/pt-pt\\\/#organization\"},\"potentialAction\":[{\"@type\":\"SearchAction\",\"target\":{\"@type\":\"EntryPoint\",\"urlTemplate\":\"https:\\\/\\\/revolutionpadelstore.com\\\/pt-pt\\\/?s={search_term_string}\"},\"query-input\":{\"@type\":\"PropertyValueSpecification\",\"valueRequired\":true,\"valueName\":\"search_term_string\"}}],\"inLanguage\":\"pt-PT\"},{\"@type\":\"Organization\",\"@id\":\"https:\\\/\\\/revolutionpadelstore.com\\\/pt-pt\\\/#organization\",\"name\":\"Revolution Padel Store\",\"url\":\"https:\\\/\\\/revolutionpadelstore.com\\\/pt-pt\\\/\",\"logo\":{\"@type\":\"ImageObject\",\"inLanguage\":\"pt-PT\",\"@id\":\"https:\\\/\\\/revolutionpadelstore.com\\\/pt-pt\\\/#\\\/schema\\\/logo\\\/image\\\/\",\"url\":\"https:\\\/\\\/revolutionpadelstore.com\\\/wp-content\\\/uploads\\\/2026\\\/02\\\/revolution-padel-store.jpg\",\"contentUrl\":\"https:\\\/\\\/revolutionpadelstore.com\\\/wp-content\\\/uploads\\\/2026\\\/02\\\/revolution-padel-store.jpg\",\"width\":2000,\"height\":2000,\"caption\":\"Revolution Padel Store\"},\"image\":{\"@id\":\"https:\\\/\\\/revolutionpadelstore.com\\\/pt-pt\\\/#\\\/schema\\\/logo\\\/image\\\/\"},\"sameAs\":[\"https:\\\/\\\/www.instagram.com\\\/revolutionpadelstore\\\/\"]}]}<\/script>\n<!-- \/ Yoast SEO plugin. -->","yoast_head_json":{"title":"NOX AT10 GENIUS 12K BY AGUSTIN TAPIA 2025 - Revolution Padel Store","description":"La\u00a0pala de p\u00e1del AT10 Genius 12K de Nox\u00a0es el modelo dise\u00f1ado por el jugador\u00a0Agust\u00edn Tapia\u00a0para esta temporada 2025. Es una pala con\u00a0forma de l\u00e1grima\u00a0con un balance ajustado con el objetivo de a\u00f1adir un extra de velocidad en los golpes defensivos.Con un peso que oscila entre los 360-375 gramos y el\u00a0EOS Flap\u00a0se consigue una pala f\u00e1cilmente manejable, r\u00e1pida y letal en el terreno de juego. Dise\u00f1ada para aquellos\u00a0jugadores de p\u00e1del de nivel avanzado\u00a0que buscan solidez y rigidez en el golpeo. Es una pala Nox para hombre ideal para los que buscan un control y potencia sobresalientes en cada jugada.","robots":{"index":"index","follow":"follow","max-snippet":"max-snippet:-1","max-image-preview":"max-image-preview:large","max-video-preview":"max-video-preview:-1"},"canonical":"https:\/\/revolutionpadelstore.com\/pt-pt\/produto\/nox-at10-genius-12k-by-agustin-tapia-2025-5\/","og_locale":"pt_PT","og_type":"article","og_title":"NOX AT10 GENIUS 12K BY AGUSTIN TAPIA 2025 - Revolution Padel Store","og_description":"La\u00a0pala de p\u00e1del AT10 Genius 12K de Nox\u00a0es el modelo dise\u00f1ado por el jugador\u00a0Agust\u00edn Tapia\u00a0para esta temporada 2025. Es una pala con\u00a0forma de l\u00e1grima\u00a0con un balance ajustado con el objetivo de a\u00f1adir un extra de velocidad en los golpes defensivos.Con un peso que oscila entre los 360-375 gramos y el\u00a0EOS Flap\u00a0se consigue una pala f\u00e1cilmente manejable, r\u00e1pida y letal en el terreno de juego. Dise\u00f1ada para aquellos\u00a0jugadores de p\u00e1del de nivel avanzado\u00a0que buscan solidez y rigidez en el golpeo. Es una pala Nox para hombre ideal para los que buscan un control y potencia sobresalientes en cada jugada.","og_url":"https:\/\/revolutionpadelstore.com\/pt-pt\/produto\/nox-at10-genius-12k-by-agustin-tapia-2025-5\/","og_site_name":"Revolution Padel Store","article_modified_time":"2026-04-01T05:16:47+00:00","og_image":[{"width":1500,"height":1500,"url":"https:\/\/revolutionpadelstore.com\/wp-content\/uploads\/2024\/10\/113539_pala_nox_at10_genius_12k_by_agustin_tapia_pat10genius25_1500x1500_1_d12d.webp","type":"image\/webp"}],"twitter_card":"summary_large_image","twitter_misc":{"Tempo estimado de leitura":"2 minutos"},"schema":{"@context":"https:\/\/schema.org","@graph":[{"@type":"WebPage","@id":"https:\/\/revolutionpadelstore.com\/pt-pt\/produto\/nox-at10-genius-12k-by-agustin-tapia-2025-5\/","url":"https:\/\/revolutionpadelstore.com\/pt-pt\/produto\/nox-at10-genius-12k-by-agustin-tapia-2025-5\/","name":"NOX AT10 GENIUS 12K BY AGUSTIN TAPIA 2025 - Revolution Padel Store","isPartOf":{"@id":"https:\/\/revolutionpadelstore.com\/pt-pt\/#website"},"primaryImageOfPage":{"@id":"https:\/\/revolutionpadelstore.com\/pt-pt\/produto\/nox-at10-genius-12k-by-agustin-tapia-2025-5\/#primaryimage"},"image":{"@id":"https:\/\/revolutionpadelstore.com\/pt-pt\/produto\/nox-at10-genius-12k-by-agustin-tapia-2025-5\/#primaryimage"},"thumbnailUrl":"https:\/\/revolutionpadelstore.com\/wp-content\/uploads\/2024\/10\/113539_pala_nox_at10_genius_12k_by_agustin_tapia_pat10genius25_1500x1500_1_d12d.webp","datePublished":"2024-09-25T06:50:42+00:00","dateModified":"2026-04-01T05:16:47+00:00","description":"La\u00a0pala de p\u00e1del AT10 Genius 12K de Nox\u00a0es el modelo dise\u00f1ado por el jugador\u00a0Agust\u00edn Tapia\u00a0para esta temporada 2025. Es una pala con\u00a0forma de l\u00e1grima\u00a0con un balance ajustado con el objetivo de a\u00f1adir un extra de velocidad en los golpes defensivos.Con un peso que oscila entre los 360-375 gramos y el\u00a0EOS Flap\u00a0se consigue una pala f\u00e1cilmente manejable, r\u00e1pida y letal en el terreno de juego. Dise\u00f1ada para aquellos\u00a0jugadores de p\u00e1del de nivel avanzado\u00a0que buscan solidez y rigidez en el golpeo. Es una pala Nox para hombre ideal para los que buscan un control y potencia sobresalientes en cada jugada.","breadcrumb":{"@id":"https:\/\/revolutionpadelstore.com\/pt-pt\/produto\/nox-at10-genius-12k-by-agustin-tapia-2025-5\/#breadcrumb"},"inLanguage":"pt-PT","potentialAction":[{"@type":"ReadAction","target":["https:\/\/revolutionpadelstore.com\/pt-pt\/produto\/nox-at10-genius-12k-by-agustin-tapia-2025-5\/"]}]},{"@type":"ImageObject","inLanguage":"pt-PT","@id":"https:\/\/revolutionpadelstore.com\/pt-pt\/produto\/nox-at10-genius-12k-by-agustin-tapia-2025-5\/#primaryimage","url":"https:\/\/revolutionpadelstore.com\/wp-content\/uploads\/2024\/10\/113539_pala_nox_at10_genius_12k_by_agustin_tapia_pat10genius25_1500x1500_1_d12d.webp","contentUrl":"https:\/\/revolutionpadelstore.com\/wp-content\/uploads\/2024\/10\/113539_pala_nox_at10_genius_12k_by_agustin_tapia_pat10genius25_1500x1500_1_d12d.webp","width":1500,"height":1500},{"@type":"BreadcrumbList","@id":"https:\/\/revolutionpadelstore.com\/pt-pt\/produto\/nox-at10-genius-12k-by-agustin-tapia-2025-5\/#breadcrumb","itemListElement":[{"@type":"ListItem","position":1,"name":"Portada","item":"https:\/\/revolutionpadelstore.com\/pt-pt\/"},{"@type":"ListItem","position":2,"name":"Tienda","item":"https:\/\/revolutionpadelstore.com\/pt-pt\/tienda\/"},{"@type":"ListItem","position":3,"name":"NOX AT10 GENIUS 12K BY AGUSTIN TAPIA 2025"}]},{"@type":"WebSite","@id":"https:\/\/revolutionpadelstore.com\/pt-pt\/#website","url":"https:\/\/revolutionpadelstore.com\/pt-pt\/","name":"Revolution Padel Store","description":"","publisher":{"@id":"https:\/\/revolutionpadelstore.com\/pt-pt\/#organization"},"potentialAction":[{"@type":"SearchAction","target":{"@type":"EntryPoint","urlTemplate":"https:\/\/revolutionpadelstore.com\/pt-pt\/?s={search_term_string}"},"query-input":{"@type":"PropertyValueSpecification","valueRequired":true,"valueName":"search_term_string"}}],"inLanguage":"pt-PT"},{"@type":"Organization","@id":"https:\/\/revolutionpadelstore.com\/pt-pt\/#organization","name":"Revolution Padel Store","url":"https:\/\/revolutionpadelstore.com\/pt-pt\/","logo":{"@type":"ImageObject","inLanguage":"pt-PT","@id":"https:\/\/revolutionpadelstore.com\/pt-pt\/#\/schema\/logo\/image\/","url":"https:\/\/revolutionpadelstore.com\/wp-content\/uploads\/2026\/02\/revolution-padel-store.jpg","contentUrl":"https:\/\/revolutionpadelstore.com\/wp-content\/uploads\/2026\/02\/revolution-padel-store.jpg","width":2000,"height":2000,"caption":"Revolution Padel Store"},"image":{"@id":"https:\/\/revolutionpadelstore.com\/pt-pt\/#\/schema\/logo\/image\/"},"sameAs":["https:\/\/www.instagram.com\/revolutionpadelstore\/"]}]}},"_links":{"self":[{"href":"https:\/\/revolutionpadelstore.com\/pt-pt\/wp-json\/wp\/v2\/product\/72779","targetHints":{"allow":["GET"]}}],"collection":[{"href":"https:\/\/revolutionpadelstore.com\/pt-pt\/wp-json\/wp\/v2\/product"}],"about":[{"href":"https:\/\/revolutionpadelstore.com\/pt-pt\/wp-json\/wp\/v2\/types\/product"}],"replies":[{"embeddable":true,"href":"https:\/\/revolutionpadelstore.com\/pt-pt\/wp-json\/wp\/v2\/comments?post=72779"}],"wp:featuredmedia":[{"embeddable":true,"href":"https:\/\/revolutionpadelstore.com\/pt-pt\/wp-json\/wp\/v2\/media\/125331"}],"wp:attachment":[{"href":"https:\/\/revolutionpadelstore.com\/pt-pt\/wp-json\/wp\/v2\/media?parent=72779"}],"wp:term":[{"taxonomy":"acabado","embeddable":true,"href":"https:\/\/revolutionpadelstore.com\/pt-pt\/wp-json\/wp\/v2\/acabado?post=72779"},{"taxonomy":"balance","embeddable":true,"href":"https:\/\/revolutionpadelstore.com\/pt-pt\/wp-json\/wp\/v2\/balance?post=72779"},{"taxonomy":"dureza","embeddable":true,"href":"https:\/\/revolutionpadelstore.com\/pt-pt\/wp-json\/wp\/v2\/dureza?post=72779"},{"taxonomy":"forma","embeddable":true,"href":"https:\/\/revolutionpadelstore.com\/pt-pt\/wp-json\/wp\/v2\/forma?post=72779"},{"taxonomy":"jugador","embeddable":true,"href":"https:\/\/revolutionpadelstore.com\/pt-pt\/wp-json\/wp\/v2\/jugador?post=72779"},{"taxonomy":"marca","embeddable":true,"href":"https:\/\/revolutionpadelstore.com\/pt-pt\/wp-json\/wp\/v2\/marca?post=72779"},{"taxonomy":"nivel-de-juego","embeddable":true,"href":"https:\/\/revolutionpadelstore.com\/pt-pt\/wp-json\/wp\/v2\/nivel-de-juego?post=72779"},{"taxonomy":"superficie","embeddable":true,"href":"https:\/\/revolutionpadelstore.com\/pt-pt\/wp-json\/wp\/v2\/superficie?post=72779"},{"taxonomy":"tipo-de-juego","embeddable":true,"href":"https:\/\/revolutionpadelstore.com\/pt-pt\/wp-json\/wp\/v2\/tipo-de-juego?post=72779"},{"taxonomy":"product_brand","embeddable":true,"href":"https:\/\/revolutionpadelstore.com\/pt-pt\/wp-json\/wp\/v2\/product_brand?post=72779"},{"taxonomy":"product_cat","embeddable":true,"href":"https:\/\/revolutionpadelstore.com\/pt-pt\/wp-json\/wp\/v2\/product_cat?post=72779"},{"taxonomy":"product_tag","embeddable":true,"href":"https:\/\/revolutionpadelstore.com\/pt-pt\/wp-json\/wp\/v2\/product_tag?post=72779"}],"curies":[{"name":"wp","href":"https:\/\/api.w.org\/{rel}","templated":true}]}}