{"id":72774,"date":"2024-09-25T14:58:55","date_gmt":"2024-09-25T12:58:55","guid":{"rendered":"https:\/\/revolutionpadelstore.com\/nox-at10-genius-18k-alum-by-agustin-tapia-2025\/"},"modified":"2026-04-20T14:02:18","modified_gmt":"2026-04-20T12:02:18","slug":"nox-at10-genius-18k-alum-by-agustin-tapia-2025-6","status":"publish","type":"product","link":"https:\/\/revolutionpadelstore.com\/pt-pt\/produto\/nox-at10-genius-18k-alum-by-agustin-tapia-2025-6\/","title":{"rendered":"NOX AT10 GENIUS 18K ALUM BY AGUSTIN TAPIA 2025"},"content":{"rendered":"<h2>Nox AT10 Genius 18K Alum By Agust\u00edn Tapia 2025, firmeza e durabilidade<\/h2>\n<p>A raquete de padel<strong>AT10 Genius 18K Alum By Agust\u00edn Tapia<\/strong>\u00e9 um modelo em forma de l\u00e1grima criado em colabora\u00e7\u00e3o com Agust\u00edn Tapia que oferece um equil\u00edbrio ideal para adicionar velocidade nos golpes defensivos e pot\u00eancia nos ataques.<\/p>\n<p>Com um peso que varia entre <strong>360 e 375 gramas<\/strong>, esta raquete caracteriza-se por ser manej\u00e1vel e \u00e1gil, o que facilita um jogo r\u00e1pido e preciso.<\/strong><\/p>\n<h2>P\u00e1 AT10 Genius 18K Alum Agust\u00edn Tapia, para profissionais<\/h2>\n<p>O AT10 Genius 18K Alum 2025 \u00e9 ideal para os padelistas de alto n\u00edvel que procuram um modelo de alto desempenho, feito com materiais resistentes e incorporando as mais recentes tecnologias para ajudar a melhorar seu desempenho na pista.<\/p>\n<p>Oferece uma sensa\u00e7\u00e3o de rebatida confort\u00e1vel, s\u00f3lida e controlada, tornando-a perfeita para os jogadores mais exigentes que gostam tanto de defesa como de ataque.<\/p>\n<h2>Recursos do AT10 Genius 18K Alum 2025<\/h2>\n<p style=\"padding-left: 40px\">-Flats de <strong>18K Alum Carbon<\/strong>para um toque s\u00f3lido e muito mais confort\u00e1vel e desempenho homog\u00eaneo<\/p>\n<p style=\"padding-left: 40px\">-Superf\u00edcie com exclusivo padr\u00e3o Spin 3D e acabamento em areia \u00e1spera para dar mais giro e controle \u00e0 bola<\/p>\n<p style=\"padding-left: 40px\">-Quadro tubular em carbono para maior durabilidade e rigidez<\/p>\n<p style=\"padding-left: 40px\">-N\u00facleo multicamadas <em>MLD Black EVA<\/em>, que <strong>otimiza a sa\u00edda da bola<\/strong> na defesa e adiciona for\u00e7a em golpes ofensivos<\/strong>p&gt;<\/p>\n<p style=\"padding-left: 40px\">-Maior manuseio e peso redistribu\u00eddo gra\u00e7as ao EOS Flap<\/p>\n<p style=\"padding-left: 40px\">-Com<em>Aperto Personalizado<\/em>para maior ader\u00eancia e menos vibra\u00e7\u00f5es<\/p>\n<p style=\"padding-left: 40px\">-As vibra\u00e7\u00f5es ap\u00f3s o impacto s\u00e3o reduzidas com o <em>Pulse System<\/em><\/p>\n<p style=\"padding-left: 40px\">-Redu\u00e7\u00e3o de rachaduras externas com a<em>Estrutura Composta Din\u00e2mica<\/em><\/p>\n<p style=\"padding-left: 40px\">-Cord\u00e3o de seguran\u00e7a <em>Smartstrap<\/em> intercambi\u00e1vel<\/p>\n<p style=\"padding-left: 40px\">-Forma de l\u00e1grima<\/p>\n<p style=\"padding-left: 40px\">-Gama de s\u00e9ries de luxo<\/em><\/p>\n<h3> Obtenha o Nox AT10 Genius 18K Alum de Agust\u00edn Tapia 2025 na Revolution Padel Store<\/h3>\n<p>Com a raquete em forma de l\u00e1grima AT10 Genius 18K Alum By Agust\u00edn Tapia 2025 da Nox voc\u00ea obter\u00e1 golpes precisos, cheios de giro e confort\u00e1veis. Projetado para <strong>jogadores vers\u00e1teis de n\u00edvel avan\u00e7ado.<\/strong><\/p>\n","protected":false},"excerpt":{"rendered":"<p>Raquete de l\u00e1grima Nox AT10 Genius 18K de Agust\u00edn Tapia 2025, com n\u00facleo multicamadas de MLD Black EVA e planos \u00e1speros de carbono aluminizado 18K para maior durabilidade.<\/p>\n","protected":false},"featured_media":72112,"comment_status":"open","ping_status":"closed","template":"","meta":{"_acf_changed":false,"_joinchat":[]},"acabado":[1095,1105],"balance":[1140],"dureza":[1155],"forma":[1185],"jugador":[1190,1200],"marca":[1260],"nivel-de-juego":[1335,1345],"superficie":[1360],"tipo-de-juego":[1385],"product_brand":[],"product_cat":[300],"product_tag":[],"class_list":{"0":"post-72774","1":"product","2":"type-product","3":"status-publish","4":"has-post-thumbnail","6":"acabado-arenoso-pt-pt","7":"acabado-rugoso-pt-pt","8":"balance-medio-pt-pt","9":"dureza-media-pt-pt","10":"forma-lagrima-pt-pt","11":"jugador-homem","12":"jugador-polivalente-pt-pt","13":"marca-nox-pt-pt","14":"superficie-rugosa-pt-pt","15":"tipo-de-juego-polivalente-pt-pt","16":"product_cat-palas","18":"first","19":"instock","20":"sale","21":"taxable","22":"shipping-taxable","23":"purchasable","24":"product-type-simple"},"acf":[],"yoast_head":"<!-- This site is optimized with the Yoast SEO plugin v27.4 - https:\/\/yoast.com\/product\/yoast-seo-wordpress\/ -->\n<title>NOX AT10 GENIUS 18K ALUM BY AGUSTIN TAPIA 2025 - Revolution Padel Store<\/title>\n<meta name=\"description\" content=\"La\u00a0pala de p\u00e1del AT10 Genius 18K Alum By Agust\u00edn Tapia\u00a0es un modelo de l\u00e1grima creado en colaboraci\u00f3n con Agust\u00edn Tapia que proporciona un balance ideal para a\u00f1adir velocidad en golpes defensivos y potencia en los ataques.Con un peso que var\u00eda entre los\u00a0360 y 375 gramos, esta pala se caracteriza por ser manejable y \u00e1gil, lo que facilita un\u00a0juego r\u00e1pido y preciso.\" \/>\n<meta name=\"robots\" content=\"index, follow, max-snippet:-1, max-image-preview:large, max-video-preview:-1\" \/>\n<link rel=\"canonical\" href=\"https:\/\/revolutionpadelstore.com\/pt-pt\/produto\/nox-at10-genius-18k-alum-by-agustin-tapia-2025-6\/\" \/>\n<meta property=\"og:locale\" content=\"pt_PT\" \/>\n<meta property=\"og:type\" content=\"article\" \/>\n<meta property=\"og:title\" content=\"NOX AT10 GENIUS 18K ALUM BY AGUSTIN TAPIA 2025 - Revolution Padel Store\" \/>\n<meta property=\"og:description\" content=\"La\u00a0pala de p\u00e1del AT10 Genius 18K Alum By Agust\u00edn Tapia\u00a0es un modelo de l\u00e1grima creado en colaboraci\u00f3n con Agust\u00edn Tapia que proporciona un balance ideal para a\u00f1adir velocidad en golpes defensivos y potencia en los ataques.Con un peso que var\u00eda entre los\u00a0360 y 375 gramos, esta pala se caracteriza por ser manejable y \u00e1gil, lo que facilita un\u00a0juego r\u00e1pido y preciso.\" \/>\n<meta property=\"og:url\" content=\"https:\/\/revolutionpadelstore.com\/pt-pt\/produto\/nox-at10-genius-18k-alum-by-agustin-tapia-2025-6\/\" \/>\n<meta property=\"og:site_name\" content=\"Revolution Padel Store\" \/>\n<meta property=\"article:modified_time\" content=\"2026-04-20T12:02:18+00:00\" \/>\n<meta property=\"og:image\" content=\"https:\/\/revolutionpadelstore.com\/wp-content\/uploads\/2024\/09\/113540_pala_nox_at10_genius_18k_alum_by_agustin_tapia_pat10genius1825_1500x1500_6e6f.webp\" \/>\n\t<meta property=\"og:image:width\" content=\"1500\" \/>\n\t<meta property=\"og:image:height\" content=\"1500\" \/>\n\t<meta property=\"og:image:type\" content=\"image\/webp\" \/>\n<meta name=\"twitter:card\" content=\"summary_large_image\" \/>\n<meta name=\"twitter:label1\" content=\"Tempo estimado de leitura\" \/>\n\t<meta name=\"twitter:data1\" content=\"2 minutos\" \/>\n<script type=\"application\/ld+json\" class=\"yoast-schema-graph\">{\"@context\":\"https:\\\/\\\/schema.org\",\"@graph\":[{\"@type\":\"WebPage\",\"@id\":\"https:\\\/\\\/revolutionpadelstore.com\\\/pt-pt\\\/produto\\\/nox-at10-genius-18k-alum-by-agustin-tapia-2025-6\\\/\",\"url\":\"https:\\\/\\\/revolutionpadelstore.com\\\/pt-pt\\\/produto\\\/nox-at10-genius-18k-alum-by-agustin-tapia-2025-6\\\/\",\"name\":\"NOX AT10 GENIUS 18K ALUM BY AGUSTIN TAPIA 2025 - Revolution Padel Store\",\"isPartOf\":{\"@id\":\"https:\\\/\\\/revolutionpadelstore.com\\\/pt-pt\\\/#website\"},\"primaryImageOfPage\":{\"@id\":\"https:\\\/\\\/revolutionpadelstore.com\\\/pt-pt\\\/produto\\\/nox-at10-genius-18k-alum-by-agustin-tapia-2025-6\\\/#primaryimage\"},\"image\":{\"@id\":\"https:\\\/\\\/revolutionpadelstore.com\\\/pt-pt\\\/produto\\\/nox-at10-genius-18k-alum-by-agustin-tapia-2025-6\\\/#primaryimage\"},\"thumbnailUrl\":\"https:\\\/\\\/revolutionpadelstore.com\\\/wp-content\\\/uploads\\\/2024\\\/09\\\/113540_pala_nox_at10_genius_18k_alum_by_agustin_tapia_pat10genius1825_1500x1500_6e6f.webp\",\"datePublished\":\"2024-09-25T12:58:55+00:00\",\"dateModified\":\"2026-04-20T12:02:18+00:00\",\"description\":\"La\u00a0pala de p\u00e1del AT10 Genius 18K Alum By Agust\u00edn Tapia\u00a0es un modelo de l\u00e1grima creado en colaboraci\u00f3n con Agust\u00edn Tapia que proporciona un balance ideal para a\u00f1adir velocidad en golpes defensivos y potencia en los ataques.Con un peso que var\u00eda entre los\u00a0360 y 375 gramos, esta pala se caracteriza por ser manejable y \u00e1gil, lo que facilita un\u00a0juego r\u00e1pido y preciso.\",\"breadcrumb\":{\"@id\":\"https:\\\/\\\/revolutionpadelstore.com\\\/pt-pt\\\/produto\\\/nox-at10-genius-18k-alum-by-agustin-tapia-2025-6\\\/#breadcrumb\"},\"inLanguage\":\"pt-PT\",\"potentialAction\":[{\"@type\":\"ReadAction\",\"target\":[\"https:\\\/\\\/revolutionpadelstore.com\\\/pt-pt\\\/produto\\\/nox-at10-genius-18k-alum-by-agustin-tapia-2025-6\\\/\"]}]},{\"@type\":\"ImageObject\",\"inLanguage\":\"pt-PT\",\"@id\":\"https:\\\/\\\/revolutionpadelstore.com\\\/pt-pt\\\/produto\\\/nox-at10-genius-18k-alum-by-agustin-tapia-2025-6\\\/#primaryimage\",\"url\":\"https:\\\/\\\/revolutionpadelstore.com\\\/wp-content\\\/uploads\\\/2024\\\/09\\\/113540_pala_nox_at10_genius_18k_alum_by_agustin_tapia_pat10genius1825_1500x1500_6e6f.webp\",\"contentUrl\":\"https:\\\/\\\/revolutionpadelstore.com\\\/wp-content\\\/uploads\\\/2024\\\/09\\\/113540_pala_nox_at10_genius_18k_alum_by_agustin_tapia_pat10genius1825_1500x1500_6e6f.webp\",\"width\":1500,\"height\":1500},{\"@type\":\"BreadcrumbList\",\"@id\":\"https:\\\/\\\/revolutionpadelstore.com\\\/pt-pt\\\/produto\\\/nox-at10-genius-18k-alum-by-agustin-tapia-2025-6\\\/#breadcrumb\",\"itemListElement\":[{\"@type\":\"ListItem\",\"position\":1,\"name\":\"Portada\",\"item\":\"https:\\\/\\\/revolutionpadelstore.com\\\/pt-pt\\\/\"},{\"@type\":\"ListItem\",\"position\":2,\"name\":\"Tienda\",\"item\":\"https:\\\/\\\/revolutionpadelstore.com\\\/pt-pt\\\/tienda\\\/\"},{\"@type\":\"ListItem\",\"position\":3,\"name\":\"NOX AT10 GENIUS 18K ALUM BY AGUSTIN TAPIA 2025\"}]},{\"@type\":\"WebSite\",\"@id\":\"https:\\\/\\\/revolutionpadelstore.com\\\/pt-pt\\\/#website\",\"url\":\"https:\\\/\\\/revolutionpadelstore.com\\\/pt-pt\\\/\",\"name\":\"Revolution Padel Store\",\"description\":\"\",\"publisher\":{\"@id\":\"https:\\\/\\\/revolutionpadelstore.com\\\/pt-pt\\\/#organization\"},\"potentialAction\":[{\"@type\":\"SearchAction\",\"target\":{\"@type\":\"EntryPoint\",\"urlTemplate\":\"https:\\\/\\\/revolutionpadelstore.com\\\/pt-pt\\\/?s={search_term_string}\"},\"query-input\":{\"@type\":\"PropertyValueSpecification\",\"valueRequired\":true,\"valueName\":\"search_term_string\"}}],\"inLanguage\":\"pt-PT\"},{\"@type\":\"Organization\",\"@id\":\"https:\\\/\\\/revolutionpadelstore.com\\\/pt-pt\\\/#organization\",\"name\":\"Revolution Padel Store\",\"url\":\"https:\\\/\\\/revolutionpadelstore.com\\\/pt-pt\\\/\",\"logo\":{\"@type\":\"ImageObject\",\"inLanguage\":\"pt-PT\",\"@id\":\"https:\\\/\\\/revolutionpadelstore.com\\\/pt-pt\\\/#\\\/schema\\\/logo\\\/image\\\/\",\"url\":\"https:\\\/\\\/revolutionpadelstore.com\\\/wp-content\\\/uploads\\\/2026\\\/02\\\/revolution-padel-store.jpg\",\"contentUrl\":\"https:\\\/\\\/revolutionpadelstore.com\\\/wp-content\\\/uploads\\\/2026\\\/02\\\/revolution-padel-store.jpg\",\"width\":2000,\"height\":2000,\"caption\":\"Revolution Padel Store\"},\"image\":{\"@id\":\"https:\\\/\\\/revolutionpadelstore.com\\\/pt-pt\\\/#\\\/schema\\\/logo\\\/image\\\/\"},\"sameAs\":[\"https:\\\/\\\/www.instagram.com\\\/revolutionpadelstore\\\/\"]}]}<\/script>\n<!-- \/ Yoast SEO plugin. -->","yoast_head_json":{"title":"NOX AT10 GENIUS 18K ALUM BY AGUSTIN TAPIA 2025 - Revolution Padel Store","description":"La\u00a0pala de p\u00e1del AT10 Genius 18K Alum By Agust\u00edn Tapia\u00a0es un modelo de l\u00e1grima creado en colaboraci\u00f3n con Agust\u00edn Tapia que proporciona un balance ideal para a\u00f1adir velocidad en golpes defensivos y potencia en los ataques.Con un peso que var\u00eda entre los\u00a0360 y 375 gramos, esta pala se caracteriza por ser manejable y \u00e1gil, lo que facilita un\u00a0juego r\u00e1pido y preciso.","robots":{"index":"index","follow":"follow","max-snippet":"max-snippet:-1","max-image-preview":"max-image-preview:large","max-video-preview":"max-video-preview:-1"},"canonical":"https:\/\/revolutionpadelstore.com\/pt-pt\/produto\/nox-at10-genius-18k-alum-by-agustin-tapia-2025-6\/","og_locale":"pt_PT","og_type":"article","og_title":"NOX AT10 GENIUS 18K ALUM BY AGUSTIN TAPIA 2025 - Revolution Padel Store","og_description":"La\u00a0pala de p\u00e1del AT10 Genius 18K Alum By Agust\u00edn Tapia\u00a0es un modelo de l\u00e1grima creado en colaboraci\u00f3n con Agust\u00edn Tapia que proporciona un balance ideal para a\u00f1adir velocidad en golpes defensivos y potencia en los ataques.Con un peso que var\u00eda entre los\u00a0360 y 375 gramos, esta pala se caracteriza por ser manejable y \u00e1gil, lo que facilita un\u00a0juego r\u00e1pido y preciso.","og_url":"https:\/\/revolutionpadelstore.com\/pt-pt\/produto\/nox-at10-genius-18k-alum-by-agustin-tapia-2025-6\/","og_site_name":"Revolution Padel Store","article_modified_time":"2026-04-20T12:02:18+00:00","og_image":[{"width":1500,"height":1500,"url":"https:\/\/revolutionpadelstore.com\/wp-content\/uploads\/2024\/09\/113540_pala_nox_at10_genius_18k_alum_by_agustin_tapia_pat10genius1825_1500x1500_6e6f.webp","type":"image\/webp"}],"twitter_card":"summary_large_image","twitter_misc":{"Tempo estimado de leitura":"2 minutos"},"schema":{"@context":"https:\/\/schema.org","@graph":[{"@type":"WebPage","@id":"https:\/\/revolutionpadelstore.com\/pt-pt\/produto\/nox-at10-genius-18k-alum-by-agustin-tapia-2025-6\/","url":"https:\/\/revolutionpadelstore.com\/pt-pt\/produto\/nox-at10-genius-18k-alum-by-agustin-tapia-2025-6\/","name":"NOX AT10 GENIUS 18K ALUM BY AGUSTIN TAPIA 2025 - Revolution Padel Store","isPartOf":{"@id":"https:\/\/revolutionpadelstore.com\/pt-pt\/#website"},"primaryImageOfPage":{"@id":"https:\/\/revolutionpadelstore.com\/pt-pt\/produto\/nox-at10-genius-18k-alum-by-agustin-tapia-2025-6\/#primaryimage"},"image":{"@id":"https:\/\/revolutionpadelstore.com\/pt-pt\/produto\/nox-at10-genius-18k-alum-by-agustin-tapia-2025-6\/#primaryimage"},"thumbnailUrl":"https:\/\/revolutionpadelstore.com\/wp-content\/uploads\/2024\/09\/113540_pala_nox_at10_genius_18k_alum_by_agustin_tapia_pat10genius1825_1500x1500_6e6f.webp","datePublished":"2024-09-25T12:58:55+00:00","dateModified":"2026-04-20T12:02:18+00:00","description":"La\u00a0pala de p\u00e1del AT10 Genius 18K Alum By Agust\u00edn Tapia\u00a0es un modelo de l\u00e1grima creado en colaboraci\u00f3n con Agust\u00edn Tapia que proporciona un balance ideal para a\u00f1adir velocidad en golpes defensivos y potencia en los ataques.Con un peso que var\u00eda entre los\u00a0360 y 375 gramos, esta pala se caracteriza por ser manejable y \u00e1gil, lo que facilita un\u00a0juego r\u00e1pido y preciso.","breadcrumb":{"@id":"https:\/\/revolutionpadelstore.com\/pt-pt\/produto\/nox-at10-genius-18k-alum-by-agustin-tapia-2025-6\/#breadcrumb"},"inLanguage":"pt-PT","potentialAction":[{"@type":"ReadAction","target":["https:\/\/revolutionpadelstore.com\/pt-pt\/produto\/nox-at10-genius-18k-alum-by-agustin-tapia-2025-6\/"]}]},{"@type":"ImageObject","inLanguage":"pt-PT","@id":"https:\/\/revolutionpadelstore.com\/pt-pt\/produto\/nox-at10-genius-18k-alum-by-agustin-tapia-2025-6\/#primaryimage","url":"https:\/\/revolutionpadelstore.com\/wp-content\/uploads\/2024\/09\/113540_pala_nox_at10_genius_18k_alum_by_agustin_tapia_pat10genius1825_1500x1500_6e6f.webp","contentUrl":"https:\/\/revolutionpadelstore.com\/wp-content\/uploads\/2024\/09\/113540_pala_nox_at10_genius_18k_alum_by_agustin_tapia_pat10genius1825_1500x1500_6e6f.webp","width":1500,"height":1500},{"@type":"BreadcrumbList","@id":"https:\/\/revolutionpadelstore.com\/pt-pt\/produto\/nox-at10-genius-18k-alum-by-agustin-tapia-2025-6\/#breadcrumb","itemListElement":[{"@type":"ListItem","position":1,"name":"Portada","item":"https:\/\/revolutionpadelstore.com\/pt-pt\/"},{"@type":"ListItem","position":2,"name":"Tienda","item":"https:\/\/revolutionpadelstore.com\/pt-pt\/tienda\/"},{"@type":"ListItem","position":3,"name":"NOX AT10 GENIUS 18K ALUM BY AGUSTIN TAPIA 2025"}]},{"@type":"WebSite","@id":"https:\/\/revolutionpadelstore.com\/pt-pt\/#website","url":"https:\/\/revolutionpadelstore.com\/pt-pt\/","name":"Revolution Padel Store","description":"","publisher":{"@id":"https:\/\/revolutionpadelstore.com\/pt-pt\/#organization"},"potentialAction":[{"@type":"SearchAction","target":{"@type":"EntryPoint","urlTemplate":"https:\/\/revolutionpadelstore.com\/pt-pt\/?s={search_term_string}"},"query-input":{"@type":"PropertyValueSpecification","valueRequired":true,"valueName":"search_term_string"}}],"inLanguage":"pt-PT"},{"@type":"Organization","@id":"https:\/\/revolutionpadelstore.com\/pt-pt\/#organization","name":"Revolution Padel Store","url":"https:\/\/revolutionpadelstore.com\/pt-pt\/","logo":{"@type":"ImageObject","inLanguage":"pt-PT","@id":"https:\/\/revolutionpadelstore.com\/pt-pt\/#\/schema\/logo\/image\/","url":"https:\/\/revolutionpadelstore.com\/wp-content\/uploads\/2026\/02\/revolution-padel-store.jpg","contentUrl":"https:\/\/revolutionpadelstore.com\/wp-content\/uploads\/2026\/02\/revolution-padel-store.jpg","width":2000,"height":2000,"caption":"Revolution Padel Store"},"image":{"@id":"https:\/\/revolutionpadelstore.com\/pt-pt\/#\/schema\/logo\/image\/"},"sameAs":["https:\/\/www.instagram.com\/revolutionpadelstore\/"]}]}},"_links":{"self":[{"href":"https:\/\/revolutionpadelstore.com\/pt-pt\/wp-json\/wp\/v2\/product\/72774","targetHints":{"allow":["GET"]}}],"collection":[{"href":"https:\/\/revolutionpadelstore.com\/pt-pt\/wp-json\/wp\/v2\/product"}],"about":[{"href":"https:\/\/revolutionpadelstore.com\/pt-pt\/wp-json\/wp\/v2\/types\/product"}],"replies":[{"embeddable":true,"href":"https:\/\/revolutionpadelstore.com\/pt-pt\/wp-json\/wp\/v2\/comments?post=72774"}],"wp:featuredmedia":[{"embeddable":true,"href":"https:\/\/revolutionpadelstore.com\/pt-pt\/wp-json\/wp\/v2\/media\/72112"}],"wp:attachment":[{"href":"https:\/\/revolutionpadelstore.com\/pt-pt\/wp-json\/wp\/v2\/media?parent=72774"}],"wp:term":[{"taxonomy":"acabado","embeddable":true,"href":"https:\/\/revolutionpadelstore.com\/pt-pt\/wp-json\/wp\/v2\/acabado?post=72774"},{"taxonomy":"balance","embeddable":true,"href":"https:\/\/revolutionpadelstore.com\/pt-pt\/wp-json\/wp\/v2\/balance?post=72774"},{"taxonomy":"dureza","embeddable":true,"href":"https:\/\/revolutionpadelstore.com\/pt-pt\/wp-json\/wp\/v2\/dureza?post=72774"},{"taxonomy":"forma","embeddable":true,"href":"https:\/\/revolutionpadelstore.com\/pt-pt\/wp-json\/wp\/v2\/forma?post=72774"},{"taxonomy":"jugador","embeddable":true,"href":"https:\/\/revolutionpadelstore.com\/pt-pt\/wp-json\/wp\/v2\/jugador?post=72774"},{"taxonomy":"marca","embeddable":true,"href":"https:\/\/revolutionpadelstore.com\/pt-pt\/wp-json\/wp\/v2\/marca?post=72774"},{"taxonomy":"nivel-de-juego","embeddable":true,"href":"https:\/\/revolutionpadelstore.com\/pt-pt\/wp-json\/wp\/v2\/nivel-de-juego?post=72774"},{"taxonomy":"superficie","embeddable":true,"href":"https:\/\/revolutionpadelstore.com\/pt-pt\/wp-json\/wp\/v2\/superficie?post=72774"},{"taxonomy":"tipo-de-juego","embeddable":true,"href":"https:\/\/revolutionpadelstore.com\/pt-pt\/wp-json\/wp\/v2\/tipo-de-juego?post=72774"},{"taxonomy":"product_brand","embeddable":true,"href":"https:\/\/revolutionpadelstore.com\/pt-pt\/wp-json\/wp\/v2\/product_brand?post=72774"},{"taxonomy":"product_cat","embeddable":true,"href":"https:\/\/revolutionpadelstore.com\/pt-pt\/wp-json\/wp\/v2\/product_cat?post=72774"},{"taxonomy":"product_tag","embeddable":true,"href":"https:\/\/revolutionpadelstore.com\/pt-pt\/wp-json\/wp\/v2\/product_tag?post=72774"}],"curies":[{"name":"wp","href":"https:\/\/api.w.org\/{rel}","templated":true}]}}