{"id":72769,"date":"2024-09-25T22:28:19","date_gmt":"2024-09-25T20:28:19","guid":{"rendered":"https:\/\/revolutionpadelstore.com\/nox-at10-genius-attack-12k-by-agustin-tapia-2025\/"},"modified":"2026-04-01T07:15:49","modified_gmt":"2026-04-01T05:15:49","slug":"nox-at10-genius-attack-12k-by-agustin-tapia-2025-5","status":"publish","type":"product","link":"https:\/\/revolutionpadelstore.com\/pt-pt\/produto\/nox-at10-genius-attack-12k-by-agustin-tapia-2025-5\/","title":{"rendered":"NOX AT10 GENIUS ATTACK 12K BY AGUSTIN TAPIA 2025"},"content":{"rendered":"<h2>Nox AT10 Genius Attack 12K Por Agustin Tapia 2025<\/h2>\n<p>A Nox AT10 Genius Attack 12K By Agust\u00edn Tapia 2025 \u00e9 uma raquete de padel de \u00faltima gera\u00e7\u00e3o projetada em colabora\u00e7\u00e3o com o jogador profissional Agust\u00edn Tapia. Esta raquete faz parte da cole\u00e7\u00e3o <strong>Luxury Series 2025<\/strong> da Nox, destacando-se pelo design exclusivo na cor preta com detalhes em laranja e por incorporar as tecnologias mais avan\u00e7adas do mercado.<\/p>\n<p>Com <strong>formato de diamante<\/strong>, foi pensado para jogadores que procuram pot\u00eancia e precis\u00e3o nos remates.<\/p>\n<h2>Nox AT10 Genius Attack 12K 2025 para jogadores de n\u00edvel avan\u00e7ado<\/h2>\n<p>O Nox AT10 Genius Attack 12K \u00e9 ideal para jogadores de n\u00edvel avan\u00e7ado ou profissional que priorizam a pot\u00eancia em cada golpe. Seu formato diamante e n\u00facleo Black EVA MLD proporcionam uma sa\u00edda de bola explosiva, perfeita para quem gosta de jogar perto da rede e busca finalizar com for\u00e7a. Al\u00e9m disso, a empunhadura estendida melhora o controle, tornando-a adequada para jogadores que preferem uma empunhadura mais longa.<\/p>\n<h3><strong>Recursos e tecnologias da raquete Nox AT10 Genius Attack 12K 2025<\/strong><\/h3>\n<p style=\"padding-left: 40px\"><strong>-Formato diamante<\/strong>, ideal para gerar maior pot\u00eancia.<\/p>\n<p style=\"padding-left: 40px\"><strong>-12K planos de carbono<\/strong> para um golpe s\u00f3lido e preciso.<\/p>\n<p style=\"padding-left: 40px\"><strong>-estrutura de carbono<\/strong> para aumentar a durabilidade e a rigidez.<\/p>\n<p style=\"padding-left: 40px\"><strong>-MLD n\u00facleo de EVA <em>preto<\/em>, <strong>multicamadas para otimizar a sa\u00edda da bola<\/strong> e aprimorar os leil\u00f5es.<\/p>\n<p style=\"padding-left: 40px\">-Tecnologia <em>Flap<\/em>-EOS, <strong>perfura\u00e7\u00f5es laterais que melhoram a capacidade de gerenciamento<\/strong>.<\/p>\n<p style=\"padding-left: 40px\"><strong>Tecnologia -DCS<\/strong> minimiza a dureza nas partes externas da l\u00e2mina para <strong>evitar quebras<\/strong>.<\/p>\n<p style=\"padding-left: 40px\"><em>-Smartstrap\u00ae<\/em>,<strong>cord\u00e3o de seguran\u00e7a substitu\u00edvel<\/strong>.<\/p>\n<p style=\"padding-left: 40px\"><em>-Ader\u00eancia grande<\/em>, <strong>ader\u00eancia estendida<\/strong> em 10 mm.<\/p>\n<p style=\"padding-left: 40px\"><em>-Pulse System<\/em>, <strong> inser\u00e7\u00f5es de borracha que reduzem as vibra\u00e7\u00f5es<\/strong>.<\/p>\n<p style=\"padding-left: 40px\"><em>-Spin exclusivo<\/em>, <strong>superf\u00edcie rugosa<\/strong> que proporciona maior ader\u00eancia \u00e0 bola.<\/p>\n<p>Se voc\u00ea procura uma raquete que combine design, pot\u00eancia e tecnologia de ponta, a Nox AT10 Genius Attack 12K \u00e9 uma op\u00e7\u00e3o imbat\u00edvel. Projetado para os jogadores mais exigentes, permitir\u00e1 que voc\u00ea leve seu jogo para o pr\u00f3ximo n\u00edvel.<\/p>\n<h2>Nox AT10 Genius Attack 12K By Agustin Tapia 2025<\/h2>\n","protected":false},"excerpt":{"rendered":"<p>O Nox AT10 Genius Attack 12K de Agust\u00edn Tapia 2025 combina pot\u00eancia, controle e durabilidade, projetado para jogadores avan\u00e7ados que buscam desempenho ideal e tecnologia de ponta.<\/p>\n","protected":false},"featured_media":125337,"comment_status":"open","ping_status":"closed","template":"","meta":{"_acf_changed":false,"_joinchat":[]},"acabado":[1095],"balance":[1135],"dureza":[1155],"forma":[1170],"jugador":[1190,1200],"marca":[1260],"nivel-de-juego":[1335],"superficie":[1360],"tipo-de-juego":[1375],"product_brand":[],"product_cat":[300],"product_tag":[],"class_list":{"0":"post-72769","1":"product","2":"type-product","3":"status-publish","4":"has-post-thumbnail","6":"acabado-arenoso-pt-pt","7":"balance-alto-pt-pt","8":"dureza-media-pt-pt","9":"forma-diamante-pt-pt","10":"jugador-homem","11":"jugador-polivalente-pt-pt","12":"marca-nox-pt-pt","13":"superficie-rugosa-pt-pt","14":"tipo-de-juego-poder","15":"product_cat-palas","17":"first","18":"instock","19":"sale","20":"taxable","21":"shipping-taxable","22":"purchasable","23":"product-type-simple"},"acf":[],"yoast_head":"<!-- This site is optimized with the Yoast SEO plugin v27.3 - https:\/\/yoast.com\/product\/yoast-seo-wordpress\/ -->\n<title>NOX AT10 GENIUS ATTACK 12K BY AGUSTIN TAPIA 2025 - Revolution Padel Store<\/title>\n<meta name=\"description\" content=\"La\u00a0Nox AT10 Genius Attack 12K By Agust\u00edn Tapia 2025\u00a0es una pala de p\u00e1del de alta gama dise\u00f1ada en colaboraci\u00f3n con el jugador profesional\u00a0Agust\u00edn Tapia. Esta pala forma parte de la colecci\u00f3n\u00a0Luxury Series 2025\u00a0de Nox, destacando por su dise\u00f1o exclusivo en negro con detalles en naranja y por incorporar las tecnolog\u00edas m\u00e1s avanzadas del mercado. Con un\u00a0formato diamante, est\u00e1 pensada para jugadores que buscan potencia y precisi\u00f3n en sus golpes\" \/>\n<meta name=\"robots\" content=\"index, follow, max-snippet:-1, max-image-preview:large, max-video-preview:-1\" \/>\n<link rel=\"canonical\" href=\"https:\/\/revolutionpadelstore.com\/pt-pt\/produto\/nox-at10-genius-attack-12k-by-agustin-tapia-2025-5\/\" \/>\n<meta property=\"og:locale\" content=\"pt_PT\" \/>\n<meta property=\"og:type\" content=\"article\" \/>\n<meta property=\"og:title\" content=\"NOX AT10 GENIUS ATTACK 12K BY AGUSTIN TAPIA 2025 - Revolution Padel Store\" \/>\n<meta property=\"og:description\" content=\"La\u00a0Nox AT10 Genius Attack 12K By Agust\u00edn Tapia 2025\u00a0es una pala de p\u00e1del de alta gama dise\u00f1ada en colaboraci\u00f3n con el jugador profesional\u00a0Agust\u00edn Tapia. Esta pala forma parte de la colecci\u00f3n\u00a0Luxury Series 2025\u00a0de Nox, destacando por su dise\u00f1o exclusivo en negro con detalles en naranja y por incorporar las tecnolog\u00edas m\u00e1s avanzadas del mercado. Con un\u00a0formato diamante, est\u00e1 pensada para jugadores que buscan potencia y precisi\u00f3n en sus golpes\" \/>\n<meta property=\"og:url\" content=\"https:\/\/revolutionpadelstore.com\/pt-pt\/produto\/nox-at10-genius-attack-12k-by-agustin-tapia-2025-5\/\" \/>\n<meta property=\"og:site_name\" content=\"Revolution Padel Store\" \/>\n<meta property=\"article:modified_time\" content=\"2026-04-01T05:15:49+00:00\" \/>\n<meta property=\"og:image\" content=\"https:\/\/revolutionpadelstore.com\/wp-content\/uploads\/2024\/10\/113541_pala_nox_at10_genius_attack_12k_by_agustin_tapia_pat10geniusat25_1500x15_2b18.webp\" \/>\n\t<meta property=\"og:image:width\" content=\"1500\" \/>\n\t<meta property=\"og:image:height\" content=\"1500\" \/>\n\t<meta property=\"og:image:type\" content=\"image\/webp\" \/>\n<meta name=\"twitter:card\" content=\"summary_large_image\" \/>\n<meta name=\"twitter:label1\" content=\"Tempo estimado de leitura\" \/>\n\t<meta name=\"twitter:data1\" content=\"2 minutos\" \/>\n<script type=\"application\/ld+json\" class=\"yoast-schema-graph\">{\"@context\":\"https:\\\/\\\/schema.org\",\"@graph\":[{\"@type\":\"WebPage\",\"@id\":\"https:\\\/\\\/revolutionpadelstore.com\\\/pt-pt\\\/produto\\\/nox-at10-genius-attack-12k-by-agustin-tapia-2025-5\\\/\",\"url\":\"https:\\\/\\\/revolutionpadelstore.com\\\/pt-pt\\\/produto\\\/nox-at10-genius-attack-12k-by-agustin-tapia-2025-5\\\/\",\"name\":\"NOX AT10 GENIUS ATTACK 12K BY AGUSTIN TAPIA 2025 - Revolution Padel Store\",\"isPartOf\":{\"@id\":\"https:\\\/\\\/revolutionpadelstore.com\\\/pt-pt\\\/#website\"},\"primaryImageOfPage\":{\"@id\":\"https:\\\/\\\/revolutionpadelstore.com\\\/pt-pt\\\/produto\\\/nox-at10-genius-attack-12k-by-agustin-tapia-2025-5\\\/#primaryimage\"},\"image\":{\"@id\":\"https:\\\/\\\/revolutionpadelstore.com\\\/pt-pt\\\/produto\\\/nox-at10-genius-attack-12k-by-agustin-tapia-2025-5\\\/#primaryimage\"},\"thumbnailUrl\":\"https:\\\/\\\/revolutionpadelstore.com\\\/wp-content\\\/uploads\\\/2024\\\/10\\\/113541_pala_nox_at10_genius_attack_12k_by_agustin_tapia_pat10geniusat25_1500x15_2b18.webp\",\"datePublished\":\"2024-09-25T20:28:19+00:00\",\"dateModified\":\"2026-04-01T05:15:49+00:00\",\"description\":\"La\u00a0Nox AT10 Genius Attack 12K By Agust\u00edn Tapia 2025\u00a0es una pala de p\u00e1del de alta gama dise\u00f1ada en colaboraci\u00f3n con el jugador profesional\u00a0Agust\u00edn Tapia. Esta pala forma parte de la colecci\u00f3n\u00a0Luxury Series 2025\u00a0de Nox, destacando por su dise\u00f1o exclusivo en negro con detalles en naranja y por incorporar las tecnolog\u00edas m\u00e1s avanzadas del mercado. Con un\u00a0formato diamante, est\u00e1 pensada para jugadores que buscan potencia y precisi\u00f3n en sus golpes\",\"breadcrumb\":{\"@id\":\"https:\\\/\\\/revolutionpadelstore.com\\\/pt-pt\\\/produto\\\/nox-at10-genius-attack-12k-by-agustin-tapia-2025-5\\\/#breadcrumb\"},\"inLanguage\":\"pt-PT\",\"potentialAction\":[{\"@type\":\"ReadAction\",\"target\":[\"https:\\\/\\\/revolutionpadelstore.com\\\/pt-pt\\\/produto\\\/nox-at10-genius-attack-12k-by-agustin-tapia-2025-5\\\/\"]}]},{\"@type\":\"ImageObject\",\"inLanguage\":\"pt-PT\",\"@id\":\"https:\\\/\\\/revolutionpadelstore.com\\\/pt-pt\\\/produto\\\/nox-at10-genius-attack-12k-by-agustin-tapia-2025-5\\\/#primaryimage\",\"url\":\"https:\\\/\\\/revolutionpadelstore.com\\\/wp-content\\\/uploads\\\/2024\\\/10\\\/113541_pala_nox_at10_genius_attack_12k_by_agustin_tapia_pat10geniusat25_1500x15_2b18.webp\",\"contentUrl\":\"https:\\\/\\\/revolutionpadelstore.com\\\/wp-content\\\/uploads\\\/2024\\\/10\\\/113541_pala_nox_at10_genius_attack_12k_by_agustin_tapia_pat10geniusat25_1500x15_2b18.webp\",\"width\":1500,\"height\":1500},{\"@type\":\"BreadcrumbList\",\"@id\":\"https:\\\/\\\/revolutionpadelstore.com\\\/pt-pt\\\/produto\\\/nox-at10-genius-attack-12k-by-agustin-tapia-2025-5\\\/#breadcrumb\",\"itemListElement\":[{\"@type\":\"ListItem\",\"position\":1,\"name\":\"Portada\",\"item\":\"https:\\\/\\\/revolutionpadelstore.com\\\/pt-pt\\\/\"},{\"@type\":\"ListItem\",\"position\":2,\"name\":\"Tienda\",\"item\":\"https:\\\/\\\/revolutionpadelstore.com\\\/pt-pt\\\/tienda\\\/\"},{\"@type\":\"ListItem\",\"position\":3,\"name\":\"NOX AT10 GENIUS ATTACK 12K BY AGUSTIN TAPIA 2025\"}]},{\"@type\":\"WebSite\",\"@id\":\"https:\\\/\\\/revolutionpadelstore.com\\\/pt-pt\\\/#website\",\"url\":\"https:\\\/\\\/revolutionpadelstore.com\\\/pt-pt\\\/\",\"name\":\"Revolution Padel Store\",\"description\":\"\",\"publisher\":{\"@id\":\"https:\\\/\\\/revolutionpadelstore.com\\\/pt-pt\\\/#organization\"},\"potentialAction\":[{\"@type\":\"SearchAction\",\"target\":{\"@type\":\"EntryPoint\",\"urlTemplate\":\"https:\\\/\\\/revolutionpadelstore.com\\\/pt-pt\\\/?s={search_term_string}\"},\"query-input\":{\"@type\":\"PropertyValueSpecification\",\"valueRequired\":true,\"valueName\":\"search_term_string\"}}],\"inLanguage\":\"pt-PT\"},{\"@type\":\"Organization\",\"@id\":\"https:\\\/\\\/revolutionpadelstore.com\\\/pt-pt\\\/#organization\",\"name\":\"Revolution Padel Store\",\"url\":\"https:\\\/\\\/revolutionpadelstore.com\\\/pt-pt\\\/\",\"logo\":{\"@type\":\"ImageObject\",\"inLanguage\":\"pt-PT\",\"@id\":\"https:\\\/\\\/revolutionpadelstore.com\\\/pt-pt\\\/#\\\/schema\\\/logo\\\/image\\\/\",\"url\":\"https:\\\/\\\/revolutionpadelstore.com\\\/wp-content\\\/uploads\\\/2026\\\/02\\\/revolution-padel-store.jpg\",\"contentUrl\":\"https:\\\/\\\/revolutionpadelstore.com\\\/wp-content\\\/uploads\\\/2026\\\/02\\\/revolution-padel-store.jpg\",\"width\":2000,\"height\":2000,\"caption\":\"Revolution Padel Store\"},\"image\":{\"@id\":\"https:\\\/\\\/revolutionpadelstore.com\\\/pt-pt\\\/#\\\/schema\\\/logo\\\/image\\\/\"},\"sameAs\":[\"https:\\\/\\\/www.instagram.com\\\/revolutionpadelstore\\\/\"]}]}<\/script>\n<!-- \/ Yoast SEO plugin. -->","yoast_head_json":{"title":"NOX AT10 GENIUS ATTACK 12K BY AGUSTIN TAPIA 2025 - Revolution Padel Store","description":"La\u00a0Nox AT10 Genius Attack 12K By Agust\u00edn Tapia 2025\u00a0es una pala de p\u00e1del de alta gama dise\u00f1ada en colaboraci\u00f3n con el jugador profesional\u00a0Agust\u00edn Tapia. Esta pala forma parte de la colecci\u00f3n\u00a0Luxury Series 2025\u00a0de Nox, destacando por su dise\u00f1o exclusivo en negro con detalles en naranja y por incorporar las tecnolog\u00edas m\u00e1s avanzadas del mercado. Con un\u00a0formato diamante, est\u00e1 pensada para jugadores que buscan potencia y precisi\u00f3n en sus golpes","robots":{"index":"index","follow":"follow","max-snippet":"max-snippet:-1","max-image-preview":"max-image-preview:large","max-video-preview":"max-video-preview:-1"},"canonical":"https:\/\/revolutionpadelstore.com\/pt-pt\/produto\/nox-at10-genius-attack-12k-by-agustin-tapia-2025-5\/","og_locale":"pt_PT","og_type":"article","og_title":"NOX AT10 GENIUS ATTACK 12K BY AGUSTIN TAPIA 2025 - Revolution Padel Store","og_description":"La\u00a0Nox AT10 Genius Attack 12K By Agust\u00edn Tapia 2025\u00a0es una pala de p\u00e1del de alta gama dise\u00f1ada en colaboraci\u00f3n con el jugador profesional\u00a0Agust\u00edn Tapia. Esta pala forma parte de la colecci\u00f3n\u00a0Luxury Series 2025\u00a0de Nox, destacando por su dise\u00f1o exclusivo en negro con detalles en naranja y por incorporar las tecnolog\u00edas m\u00e1s avanzadas del mercado. Con un\u00a0formato diamante, est\u00e1 pensada para jugadores que buscan potencia y precisi\u00f3n en sus golpes","og_url":"https:\/\/revolutionpadelstore.com\/pt-pt\/produto\/nox-at10-genius-attack-12k-by-agustin-tapia-2025-5\/","og_site_name":"Revolution Padel Store","article_modified_time":"2026-04-01T05:15:49+00:00","og_image":[{"width":1500,"height":1500,"url":"https:\/\/revolutionpadelstore.com\/wp-content\/uploads\/2024\/10\/113541_pala_nox_at10_genius_attack_12k_by_agustin_tapia_pat10geniusat25_1500x15_2b18.webp","type":"image\/webp"}],"twitter_card":"summary_large_image","twitter_misc":{"Tempo estimado de leitura":"2 minutos"},"schema":{"@context":"https:\/\/schema.org","@graph":[{"@type":"WebPage","@id":"https:\/\/revolutionpadelstore.com\/pt-pt\/produto\/nox-at10-genius-attack-12k-by-agustin-tapia-2025-5\/","url":"https:\/\/revolutionpadelstore.com\/pt-pt\/produto\/nox-at10-genius-attack-12k-by-agustin-tapia-2025-5\/","name":"NOX AT10 GENIUS ATTACK 12K BY AGUSTIN TAPIA 2025 - Revolution Padel Store","isPartOf":{"@id":"https:\/\/revolutionpadelstore.com\/pt-pt\/#website"},"primaryImageOfPage":{"@id":"https:\/\/revolutionpadelstore.com\/pt-pt\/produto\/nox-at10-genius-attack-12k-by-agustin-tapia-2025-5\/#primaryimage"},"image":{"@id":"https:\/\/revolutionpadelstore.com\/pt-pt\/produto\/nox-at10-genius-attack-12k-by-agustin-tapia-2025-5\/#primaryimage"},"thumbnailUrl":"https:\/\/revolutionpadelstore.com\/wp-content\/uploads\/2024\/10\/113541_pala_nox_at10_genius_attack_12k_by_agustin_tapia_pat10geniusat25_1500x15_2b18.webp","datePublished":"2024-09-25T20:28:19+00:00","dateModified":"2026-04-01T05:15:49+00:00","description":"La\u00a0Nox AT10 Genius Attack 12K By Agust\u00edn Tapia 2025\u00a0es una pala de p\u00e1del de alta gama dise\u00f1ada en colaboraci\u00f3n con el jugador profesional\u00a0Agust\u00edn Tapia. Esta pala forma parte de la colecci\u00f3n\u00a0Luxury Series 2025\u00a0de Nox, destacando por su dise\u00f1o exclusivo en negro con detalles en naranja y por incorporar las tecnolog\u00edas m\u00e1s avanzadas del mercado. Con un\u00a0formato diamante, est\u00e1 pensada para jugadores que buscan potencia y precisi\u00f3n en sus golpes","breadcrumb":{"@id":"https:\/\/revolutionpadelstore.com\/pt-pt\/produto\/nox-at10-genius-attack-12k-by-agustin-tapia-2025-5\/#breadcrumb"},"inLanguage":"pt-PT","potentialAction":[{"@type":"ReadAction","target":["https:\/\/revolutionpadelstore.com\/pt-pt\/produto\/nox-at10-genius-attack-12k-by-agustin-tapia-2025-5\/"]}]},{"@type":"ImageObject","inLanguage":"pt-PT","@id":"https:\/\/revolutionpadelstore.com\/pt-pt\/produto\/nox-at10-genius-attack-12k-by-agustin-tapia-2025-5\/#primaryimage","url":"https:\/\/revolutionpadelstore.com\/wp-content\/uploads\/2024\/10\/113541_pala_nox_at10_genius_attack_12k_by_agustin_tapia_pat10geniusat25_1500x15_2b18.webp","contentUrl":"https:\/\/revolutionpadelstore.com\/wp-content\/uploads\/2024\/10\/113541_pala_nox_at10_genius_attack_12k_by_agustin_tapia_pat10geniusat25_1500x15_2b18.webp","width":1500,"height":1500},{"@type":"BreadcrumbList","@id":"https:\/\/revolutionpadelstore.com\/pt-pt\/produto\/nox-at10-genius-attack-12k-by-agustin-tapia-2025-5\/#breadcrumb","itemListElement":[{"@type":"ListItem","position":1,"name":"Portada","item":"https:\/\/revolutionpadelstore.com\/pt-pt\/"},{"@type":"ListItem","position":2,"name":"Tienda","item":"https:\/\/revolutionpadelstore.com\/pt-pt\/tienda\/"},{"@type":"ListItem","position":3,"name":"NOX AT10 GENIUS ATTACK 12K BY AGUSTIN TAPIA 2025"}]},{"@type":"WebSite","@id":"https:\/\/revolutionpadelstore.com\/pt-pt\/#website","url":"https:\/\/revolutionpadelstore.com\/pt-pt\/","name":"Revolution Padel Store","description":"","publisher":{"@id":"https:\/\/revolutionpadelstore.com\/pt-pt\/#organization"},"potentialAction":[{"@type":"SearchAction","target":{"@type":"EntryPoint","urlTemplate":"https:\/\/revolutionpadelstore.com\/pt-pt\/?s={search_term_string}"},"query-input":{"@type":"PropertyValueSpecification","valueRequired":true,"valueName":"search_term_string"}}],"inLanguage":"pt-PT"},{"@type":"Organization","@id":"https:\/\/revolutionpadelstore.com\/pt-pt\/#organization","name":"Revolution Padel Store","url":"https:\/\/revolutionpadelstore.com\/pt-pt\/","logo":{"@type":"ImageObject","inLanguage":"pt-PT","@id":"https:\/\/revolutionpadelstore.com\/pt-pt\/#\/schema\/logo\/image\/","url":"https:\/\/revolutionpadelstore.com\/wp-content\/uploads\/2026\/02\/revolution-padel-store.jpg","contentUrl":"https:\/\/revolutionpadelstore.com\/wp-content\/uploads\/2026\/02\/revolution-padel-store.jpg","width":2000,"height":2000,"caption":"Revolution Padel Store"},"image":{"@id":"https:\/\/revolutionpadelstore.com\/pt-pt\/#\/schema\/logo\/image\/"},"sameAs":["https:\/\/www.instagram.com\/revolutionpadelstore\/"]}]}},"_links":{"self":[{"href":"https:\/\/revolutionpadelstore.com\/pt-pt\/wp-json\/wp\/v2\/product\/72769","targetHints":{"allow":["GET"]}}],"collection":[{"href":"https:\/\/revolutionpadelstore.com\/pt-pt\/wp-json\/wp\/v2\/product"}],"about":[{"href":"https:\/\/revolutionpadelstore.com\/pt-pt\/wp-json\/wp\/v2\/types\/product"}],"replies":[{"embeddable":true,"href":"https:\/\/revolutionpadelstore.com\/pt-pt\/wp-json\/wp\/v2\/comments?post=72769"}],"wp:featuredmedia":[{"embeddable":true,"href":"https:\/\/revolutionpadelstore.com\/pt-pt\/wp-json\/wp\/v2\/media\/125337"}],"wp:attachment":[{"href":"https:\/\/revolutionpadelstore.com\/pt-pt\/wp-json\/wp\/v2\/media?parent=72769"}],"wp:term":[{"taxonomy":"acabado","embeddable":true,"href":"https:\/\/revolutionpadelstore.com\/pt-pt\/wp-json\/wp\/v2\/acabado?post=72769"},{"taxonomy":"balance","embeddable":true,"href":"https:\/\/revolutionpadelstore.com\/pt-pt\/wp-json\/wp\/v2\/balance?post=72769"},{"taxonomy":"dureza","embeddable":true,"href":"https:\/\/revolutionpadelstore.com\/pt-pt\/wp-json\/wp\/v2\/dureza?post=72769"},{"taxonomy":"forma","embeddable":true,"href":"https:\/\/revolutionpadelstore.com\/pt-pt\/wp-json\/wp\/v2\/forma?post=72769"},{"taxonomy":"jugador","embeddable":true,"href":"https:\/\/revolutionpadelstore.com\/pt-pt\/wp-json\/wp\/v2\/jugador?post=72769"},{"taxonomy":"marca","embeddable":true,"href":"https:\/\/revolutionpadelstore.com\/pt-pt\/wp-json\/wp\/v2\/marca?post=72769"},{"taxonomy":"nivel-de-juego","embeddable":true,"href":"https:\/\/revolutionpadelstore.com\/pt-pt\/wp-json\/wp\/v2\/nivel-de-juego?post=72769"},{"taxonomy":"superficie","embeddable":true,"href":"https:\/\/revolutionpadelstore.com\/pt-pt\/wp-json\/wp\/v2\/superficie?post=72769"},{"taxonomy":"tipo-de-juego","embeddable":true,"href":"https:\/\/revolutionpadelstore.com\/pt-pt\/wp-json\/wp\/v2\/tipo-de-juego?post=72769"},{"taxonomy":"product_brand","embeddable":true,"href":"https:\/\/revolutionpadelstore.com\/pt-pt\/wp-json\/wp\/v2\/product_brand?post=72769"},{"taxonomy":"product_cat","embeddable":true,"href":"https:\/\/revolutionpadelstore.com\/pt-pt\/wp-json\/wp\/v2\/product_cat?post=72769"},{"taxonomy":"product_tag","embeddable":true,"href":"https:\/\/revolutionpadelstore.com\/pt-pt\/wp-json\/wp\/v2\/product_tag?post=72769"}],"curies":[{"name":"wp","href":"https:\/\/api.w.org\/{rel}","templated":true}]}}