{"id":72759,"date":"2024-09-25T22:52:04","date_gmt":"2024-09-25T20:52:04","guid":{"rendered":"https:\/\/revolutionpadelstore.com\/nox-la10-quantum-12k-by-leo-augsburguer-2025\/"},"modified":"2026-04-01T07:14:49","modified_gmt":"2026-04-01T05:14:49","slug":"nox-la10-quantum-12k-by-leo-augsburguer-2025-5","status":"publish","type":"product","link":"https:\/\/revolutionpadelstore.com\/pt-pt\/produto\/nox-la10-quantum-12k-by-leo-augsburguer-2025-5\/","title":{"rendered":"NOX LA10 QUANTUM 12K BY LEO AUGSBURGUER 2025"},"content":{"rendered":"<h2>Nox LA10 Quantum 12K Por Leo Augsburguer 2025, pot\u00eancia m\u00e1xima<\/h2>\n<p>A raquete de padel Nox LA10 Quantum 12K, projetada em colabora\u00e7\u00e3o com o jogador Leo Augsburguer para a temporada 2025, apresenta um molde redesenhado em forma de diamante &gt; que permitir\u00e1 imprimir pot\u00eancia m\u00e1xima em cada golpe.<\/p>\n<p>Seu peso de <strong>360-375 gramas<\/strong> facilita o manuseio e proporciona conforto em dias longos, perfeito para competi\u00e7\u00f5es exigentes. Design moderno e chamativo feito com tinta no cora\u00e7\u00e3o que sincroniza com a cor da borracha.<\/p>\n<h2>LA10 Quantum 12K da Nox, para jogadores de ataque<\/h2>\n<p>As tecnologias de \u00faltima gera\u00e7\u00e3o e as tecnologias avan\u00e7adas tornam-no a op\u00e7\u00e3o ideal para aqueles <strong>jogadores de padel de n\u00edvel avan\u00e7ado ou profissional<\/strong> que procuram um golpe s\u00f3lido, est\u00e1vel e firme.<\/p>\n<p>\u00c9 o modelo ideal para atacar jogadas com uma pot\u00eancia incr\u00edvel. Voc\u00ea ser\u00e1 letal na rede com a m\u00e1xima agressividade.<\/p>\n<h2>Recursos e tecnologias do Nox LA10 Quantum 12K<\/h2>\n<p style=\"padding-left: 40px\">-N\u00facleo <em>HR3 Color EVA <\/em>de alta densidade com boa capacidade de recupera\u00e7\u00e3o, \u00f3tima sa\u00edda de bola e pot\u00eancia de rebatida<\/p>\n<p style=\"padding-left: 40px\">-Quadro de carbono para durabilidade incr\u00edvel<\/p>\n<p style=\"padding-left: 40px\">-12K Carbon Flats que proporcionam maior rigidez e menor peso<\/p>\n<p style=\"padding-left: 40px\">-Superf\u00edcie com padr\u00e3o exclusivo <em>SPIN 3D<\/em> e areia \u00e1spera que facilita os efeitos<\/p>\n<p style=\"padding-left: 40px\">-Com tecnologia <em>EOS Flap<\/em> para maior ader\u00eancia e melhor manuseio<\/p>\n<p style=\"padding-left: 40px\">-Com <em>Custom Grip<\/em> que contribui para a absor\u00e7\u00e3o de vibra\u00e7\u00f5es<\/p>\n<p style=\"padding-left: 40px\">-Cord\u00e3o de seguran\u00e7a Smartstrap substitu\u00edvel<\/p>\n<p style=\"padding-left: 40px\">-Pintura reativa<em> Tinta fotocrom\u00e1tica<\/em> no cora\u00e7\u00e3o<\/p>\n<p style=\"padding-left: 40px\"><em>-Pulse System<\/em> para um golpe mais est\u00e1vel e confort\u00e1vel<\/p>\n<h3>Melhore seu jogo com o Nox LA10 Quantum 12K de Leo Augsburguer<\/h3>\n<p>Com o <strong>Nox LA10 Quantum 12K By Leo Augsburguer<\/strong> voc\u00ea pode desfrutar de uma velocidade impar\u00e1vel em cada jogada e surpreender os advers\u00e1rios com efeitos incr\u00edveis.<\/p>\n<p><strong>L\u00e2mina de diamante<\/strong> projetada para fornecer enorme poder a jogadores avan\u00e7ados em golpes de ataque.<\/p>\n<h2>Nox LA10 Quantum 12K By Leo Augsburguer 2025, m\u00e1xima potencia<\/h2>\n","protected":false},"excerpt":{"rendered":"<p>Raquete diamante para jogadores ofensivos que buscam maior agressividade na rede Nox LA1O Quantum 12K Por Leo Augsburguer 2025, com planos \u00e1speros de carbono 12K.<\/p>\n","protected":false},"featured_media":125361,"comment_status":"open","ping_status":"closed","template":"","meta":{"_acf_changed":false,"_joinchat":[]},"acabado":[1090,1105],"balance":[1135],"dureza":[1160,1155],"forma":[1170],"jugador":[1190,1200],"marca":[1260],"nivel-de-juego":[1335,1345],"superficie":[1360],"tipo-de-juego":[],"product_brand":[],"product_cat":[300],"product_tag":[],"class_list":{"0":"post-72759","1":"product","2":"type-product","3":"status-publish","4":"has-post-thumbnail","6":"acabado-alivio-3d","7":"acabado-rugoso-pt-pt","8":"balance-alto-pt-pt","9":"dureza-dura-pt-pt","10":"dureza-media-pt-pt","11":"forma-diamante-pt-pt","12":"jugador-homem","13":"jugador-polivalente-pt-pt","14":"marca-nox-pt-pt","15":"superficie-rugosa-pt-pt","16":"product_cat-palas","18":"first","19":"instock","20":"sale","21":"taxable","22":"shipping-taxable","23":"purchasable","24":"product-type-simple"},"acf":[],"yoast_head":"<!-- This site is optimized with the Yoast SEO plugin v27.3 - https:\/\/yoast.com\/product\/yoast-seo-wordpress\/ -->\n<title>NOX LA10 QUANTUM 12K BY LEO AUGSBURGUER 2025 - Revolution Padel Store<\/title>\n<meta name=\"description\" content=\"La\u00a0pala de p\u00e1del Nox LA10 Quantum 12K, dise\u00f1ada en colaboraci\u00f3n con el jugador\u00a0Leo Augsburguer\u00a0para la temporada 2025, presenta un molde redise\u00f1ado con\u00a0forma de diamante\u00a0que te permitir\u00e1 imprimir m\u00e1xima potencia en cada golpe.Su peso de\u00a0360-375 gramos\u00a0facilita su manejo y aporta confort durante largas jornadas, perfecto para competiciones exigentes. Dise\u00f1o moderno y llamativo fabricado con pintura en el coraz\u00f3n que se sincroniza con el color de la goma.\" \/>\n<meta name=\"robots\" content=\"index, follow, max-snippet:-1, max-image-preview:large, max-video-preview:-1\" \/>\n<link rel=\"canonical\" href=\"https:\/\/revolutionpadelstore.com\/pt-pt\/produto\/nox-la10-quantum-12k-by-leo-augsburguer-2025-5\/\" \/>\n<meta property=\"og:locale\" content=\"pt_PT\" \/>\n<meta property=\"og:type\" content=\"article\" \/>\n<meta property=\"og:title\" content=\"NOX LA10 QUANTUM 12K BY LEO AUGSBURGUER 2025 - Revolution Padel Store\" \/>\n<meta property=\"og:description\" content=\"La\u00a0pala de p\u00e1del Nox LA10 Quantum 12K, dise\u00f1ada en colaboraci\u00f3n con el jugador\u00a0Leo Augsburguer\u00a0para la temporada 2025, presenta un molde redise\u00f1ado con\u00a0forma de diamante\u00a0que te permitir\u00e1 imprimir m\u00e1xima potencia en cada golpe.Su peso de\u00a0360-375 gramos\u00a0facilita su manejo y aporta confort durante largas jornadas, perfecto para competiciones exigentes. Dise\u00f1o moderno y llamativo fabricado con pintura en el coraz\u00f3n que se sincroniza con el color de la goma.\" \/>\n<meta property=\"og:url\" content=\"https:\/\/revolutionpadelstore.com\/pt-pt\/produto\/nox-la10-quantum-12k-by-leo-augsburguer-2025-5\/\" \/>\n<meta property=\"og:site_name\" content=\"Revolution Padel Store\" \/>\n<meta property=\"article:modified_time\" content=\"2026-04-01T05:14:49+00:00\" \/>\n<meta property=\"og:image\" content=\"https:\/\/revolutionpadelstore.com\/wp-content\/uploads\/2024\/10\/113547_pala_nox_la10_quantum_12k_by_leo_augsburguer_pla10luxq25_1500x1500_1_2ccd.webp\" \/>\n\t<meta property=\"og:image:width\" content=\"1500\" \/>\n\t<meta property=\"og:image:height\" content=\"1500\" \/>\n\t<meta property=\"og:image:type\" content=\"image\/webp\" \/>\n<meta name=\"twitter:card\" content=\"summary_large_image\" \/>\n<meta name=\"twitter:label1\" content=\"Tempo estimado de leitura\" \/>\n\t<meta name=\"twitter:data1\" content=\"2 minutos\" \/>\n<script type=\"application\/ld+json\" class=\"yoast-schema-graph\">{\"@context\":\"https:\\\/\\\/schema.org\",\"@graph\":[{\"@type\":\"WebPage\",\"@id\":\"https:\\\/\\\/revolutionpadelstore.com\\\/pt-pt\\\/produto\\\/nox-la10-quantum-12k-by-leo-augsburguer-2025-5\\\/\",\"url\":\"https:\\\/\\\/revolutionpadelstore.com\\\/pt-pt\\\/produto\\\/nox-la10-quantum-12k-by-leo-augsburguer-2025-5\\\/\",\"name\":\"NOX LA10 QUANTUM 12K BY LEO AUGSBURGUER 2025 - Revolution Padel Store\",\"isPartOf\":{\"@id\":\"https:\\\/\\\/revolutionpadelstore.com\\\/pt-pt\\\/#website\"},\"primaryImageOfPage\":{\"@id\":\"https:\\\/\\\/revolutionpadelstore.com\\\/pt-pt\\\/produto\\\/nox-la10-quantum-12k-by-leo-augsburguer-2025-5\\\/#primaryimage\"},\"image\":{\"@id\":\"https:\\\/\\\/revolutionpadelstore.com\\\/pt-pt\\\/produto\\\/nox-la10-quantum-12k-by-leo-augsburguer-2025-5\\\/#primaryimage\"},\"thumbnailUrl\":\"https:\\\/\\\/revolutionpadelstore.com\\\/wp-content\\\/uploads\\\/2024\\\/10\\\/113547_pala_nox_la10_quantum_12k_by_leo_augsburguer_pla10luxq25_1500x1500_1_2ccd.webp\",\"datePublished\":\"2024-09-25T20:52:04+00:00\",\"dateModified\":\"2026-04-01T05:14:49+00:00\",\"description\":\"La\u00a0pala de p\u00e1del Nox LA10 Quantum 12K, dise\u00f1ada en colaboraci\u00f3n con el jugador\u00a0Leo Augsburguer\u00a0para la temporada 2025, presenta un molde redise\u00f1ado con\u00a0forma de diamante\u00a0que te permitir\u00e1 imprimir m\u00e1xima potencia en cada golpe.Su peso de\u00a0360-375 gramos\u00a0facilita su manejo y aporta confort durante largas jornadas, perfecto para competiciones exigentes. Dise\u00f1o moderno y llamativo fabricado con pintura en el coraz\u00f3n que se sincroniza con el color de la goma.\",\"breadcrumb\":{\"@id\":\"https:\\\/\\\/revolutionpadelstore.com\\\/pt-pt\\\/produto\\\/nox-la10-quantum-12k-by-leo-augsburguer-2025-5\\\/#breadcrumb\"},\"inLanguage\":\"pt-PT\",\"potentialAction\":[{\"@type\":\"ReadAction\",\"target\":[\"https:\\\/\\\/revolutionpadelstore.com\\\/pt-pt\\\/produto\\\/nox-la10-quantum-12k-by-leo-augsburguer-2025-5\\\/\"]}]},{\"@type\":\"ImageObject\",\"inLanguage\":\"pt-PT\",\"@id\":\"https:\\\/\\\/revolutionpadelstore.com\\\/pt-pt\\\/produto\\\/nox-la10-quantum-12k-by-leo-augsburguer-2025-5\\\/#primaryimage\",\"url\":\"https:\\\/\\\/revolutionpadelstore.com\\\/wp-content\\\/uploads\\\/2024\\\/10\\\/113547_pala_nox_la10_quantum_12k_by_leo_augsburguer_pla10luxq25_1500x1500_1_2ccd.webp\",\"contentUrl\":\"https:\\\/\\\/revolutionpadelstore.com\\\/wp-content\\\/uploads\\\/2024\\\/10\\\/113547_pala_nox_la10_quantum_12k_by_leo_augsburguer_pla10luxq25_1500x1500_1_2ccd.webp\",\"width\":1500,\"height\":1500},{\"@type\":\"BreadcrumbList\",\"@id\":\"https:\\\/\\\/revolutionpadelstore.com\\\/pt-pt\\\/produto\\\/nox-la10-quantum-12k-by-leo-augsburguer-2025-5\\\/#breadcrumb\",\"itemListElement\":[{\"@type\":\"ListItem\",\"position\":1,\"name\":\"Portada\",\"item\":\"https:\\\/\\\/revolutionpadelstore.com\\\/pt-pt\\\/\"},{\"@type\":\"ListItem\",\"position\":2,\"name\":\"Tienda\",\"item\":\"https:\\\/\\\/revolutionpadelstore.com\\\/pt-pt\\\/tienda\\\/\"},{\"@type\":\"ListItem\",\"position\":3,\"name\":\"NOX LA10 QUANTUM 12K BY LEO AUGSBURGUER 2025\"}]},{\"@type\":\"WebSite\",\"@id\":\"https:\\\/\\\/revolutionpadelstore.com\\\/pt-pt\\\/#website\",\"url\":\"https:\\\/\\\/revolutionpadelstore.com\\\/pt-pt\\\/\",\"name\":\"Revolution Padel Store\",\"description\":\"\",\"publisher\":{\"@id\":\"https:\\\/\\\/revolutionpadelstore.com\\\/pt-pt\\\/#organization\"},\"potentialAction\":[{\"@type\":\"SearchAction\",\"target\":{\"@type\":\"EntryPoint\",\"urlTemplate\":\"https:\\\/\\\/revolutionpadelstore.com\\\/pt-pt\\\/?s={search_term_string}\"},\"query-input\":{\"@type\":\"PropertyValueSpecification\",\"valueRequired\":true,\"valueName\":\"search_term_string\"}}],\"inLanguage\":\"pt-PT\"},{\"@type\":\"Organization\",\"@id\":\"https:\\\/\\\/revolutionpadelstore.com\\\/pt-pt\\\/#organization\",\"name\":\"Revolution Padel Store\",\"url\":\"https:\\\/\\\/revolutionpadelstore.com\\\/pt-pt\\\/\",\"logo\":{\"@type\":\"ImageObject\",\"inLanguage\":\"pt-PT\",\"@id\":\"https:\\\/\\\/revolutionpadelstore.com\\\/pt-pt\\\/#\\\/schema\\\/logo\\\/image\\\/\",\"url\":\"https:\\\/\\\/revolutionpadelstore.com\\\/wp-content\\\/uploads\\\/2026\\\/02\\\/revolution-padel-store.jpg\",\"contentUrl\":\"https:\\\/\\\/revolutionpadelstore.com\\\/wp-content\\\/uploads\\\/2026\\\/02\\\/revolution-padel-store.jpg\",\"width\":2000,\"height\":2000,\"caption\":\"Revolution Padel Store\"},\"image\":{\"@id\":\"https:\\\/\\\/revolutionpadelstore.com\\\/pt-pt\\\/#\\\/schema\\\/logo\\\/image\\\/\"},\"sameAs\":[\"https:\\\/\\\/www.instagram.com\\\/revolutionpadelstore\\\/\"]}]}<\/script>\n<!-- \/ Yoast SEO plugin. -->","yoast_head_json":{"title":"NOX LA10 QUANTUM 12K BY LEO AUGSBURGUER 2025 - Revolution Padel Store","description":"La\u00a0pala de p\u00e1del Nox LA10 Quantum 12K, dise\u00f1ada en colaboraci\u00f3n con el jugador\u00a0Leo Augsburguer\u00a0para la temporada 2025, presenta un molde redise\u00f1ado con\u00a0forma de diamante\u00a0que te permitir\u00e1 imprimir m\u00e1xima potencia en cada golpe.Su peso de\u00a0360-375 gramos\u00a0facilita su manejo y aporta confort durante largas jornadas, perfecto para competiciones exigentes. Dise\u00f1o moderno y llamativo fabricado con pintura en el coraz\u00f3n que se sincroniza con el color de la goma.","robots":{"index":"index","follow":"follow","max-snippet":"max-snippet:-1","max-image-preview":"max-image-preview:large","max-video-preview":"max-video-preview:-1"},"canonical":"https:\/\/revolutionpadelstore.com\/pt-pt\/produto\/nox-la10-quantum-12k-by-leo-augsburguer-2025-5\/","og_locale":"pt_PT","og_type":"article","og_title":"NOX LA10 QUANTUM 12K BY LEO AUGSBURGUER 2025 - Revolution Padel Store","og_description":"La\u00a0pala de p\u00e1del Nox LA10 Quantum 12K, dise\u00f1ada en colaboraci\u00f3n con el jugador\u00a0Leo Augsburguer\u00a0para la temporada 2025, presenta un molde redise\u00f1ado con\u00a0forma de diamante\u00a0que te permitir\u00e1 imprimir m\u00e1xima potencia en cada golpe.Su peso de\u00a0360-375 gramos\u00a0facilita su manejo y aporta confort durante largas jornadas, perfecto para competiciones exigentes. Dise\u00f1o moderno y llamativo fabricado con pintura en el coraz\u00f3n que se sincroniza con el color de la goma.","og_url":"https:\/\/revolutionpadelstore.com\/pt-pt\/produto\/nox-la10-quantum-12k-by-leo-augsburguer-2025-5\/","og_site_name":"Revolution Padel Store","article_modified_time":"2026-04-01T05:14:49+00:00","og_image":[{"width":1500,"height":1500,"url":"https:\/\/revolutionpadelstore.com\/wp-content\/uploads\/2024\/10\/113547_pala_nox_la10_quantum_12k_by_leo_augsburguer_pla10luxq25_1500x1500_1_2ccd.webp","type":"image\/webp"}],"twitter_card":"summary_large_image","twitter_misc":{"Tempo estimado de leitura":"2 minutos"},"schema":{"@context":"https:\/\/schema.org","@graph":[{"@type":"WebPage","@id":"https:\/\/revolutionpadelstore.com\/pt-pt\/produto\/nox-la10-quantum-12k-by-leo-augsburguer-2025-5\/","url":"https:\/\/revolutionpadelstore.com\/pt-pt\/produto\/nox-la10-quantum-12k-by-leo-augsburguer-2025-5\/","name":"NOX LA10 QUANTUM 12K BY LEO AUGSBURGUER 2025 - Revolution Padel Store","isPartOf":{"@id":"https:\/\/revolutionpadelstore.com\/pt-pt\/#website"},"primaryImageOfPage":{"@id":"https:\/\/revolutionpadelstore.com\/pt-pt\/produto\/nox-la10-quantum-12k-by-leo-augsburguer-2025-5\/#primaryimage"},"image":{"@id":"https:\/\/revolutionpadelstore.com\/pt-pt\/produto\/nox-la10-quantum-12k-by-leo-augsburguer-2025-5\/#primaryimage"},"thumbnailUrl":"https:\/\/revolutionpadelstore.com\/wp-content\/uploads\/2024\/10\/113547_pala_nox_la10_quantum_12k_by_leo_augsburguer_pla10luxq25_1500x1500_1_2ccd.webp","datePublished":"2024-09-25T20:52:04+00:00","dateModified":"2026-04-01T05:14:49+00:00","description":"La\u00a0pala de p\u00e1del Nox LA10 Quantum 12K, dise\u00f1ada en colaboraci\u00f3n con el jugador\u00a0Leo Augsburguer\u00a0para la temporada 2025, presenta un molde redise\u00f1ado con\u00a0forma de diamante\u00a0que te permitir\u00e1 imprimir m\u00e1xima potencia en cada golpe.Su peso de\u00a0360-375 gramos\u00a0facilita su manejo y aporta confort durante largas jornadas, perfecto para competiciones exigentes. Dise\u00f1o moderno y llamativo fabricado con pintura en el coraz\u00f3n que se sincroniza con el color de la goma.","breadcrumb":{"@id":"https:\/\/revolutionpadelstore.com\/pt-pt\/produto\/nox-la10-quantum-12k-by-leo-augsburguer-2025-5\/#breadcrumb"},"inLanguage":"pt-PT","potentialAction":[{"@type":"ReadAction","target":["https:\/\/revolutionpadelstore.com\/pt-pt\/produto\/nox-la10-quantum-12k-by-leo-augsburguer-2025-5\/"]}]},{"@type":"ImageObject","inLanguage":"pt-PT","@id":"https:\/\/revolutionpadelstore.com\/pt-pt\/produto\/nox-la10-quantum-12k-by-leo-augsburguer-2025-5\/#primaryimage","url":"https:\/\/revolutionpadelstore.com\/wp-content\/uploads\/2024\/10\/113547_pala_nox_la10_quantum_12k_by_leo_augsburguer_pla10luxq25_1500x1500_1_2ccd.webp","contentUrl":"https:\/\/revolutionpadelstore.com\/wp-content\/uploads\/2024\/10\/113547_pala_nox_la10_quantum_12k_by_leo_augsburguer_pla10luxq25_1500x1500_1_2ccd.webp","width":1500,"height":1500},{"@type":"BreadcrumbList","@id":"https:\/\/revolutionpadelstore.com\/pt-pt\/produto\/nox-la10-quantum-12k-by-leo-augsburguer-2025-5\/#breadcrumb","itemListElement":[{"@type":"ListItem","position":1,"name":"Portada","item":"https:\/\/revolutionpadelstore.com\/pt-pt\/"},{"@type":"ListItem","position":2,"name":"Tienda","item":"https:\/\/revolutionpadelstore.com\/pt-pt\/tienda\/"},{"@type":"ListItem","position":3,"name":"NOX LA10 QUANTUM 12K BY LEO AUGSBURGUER 2025"}]},{"@type":"WebSite","@id":"https:\/\/revolutionpadelstore.com\/pt-pt\/#website","url":"https:\/\/revolutionpadelstore.com\/pt-pt\/","name":"Revolution Padel Store","description":"","publisher":{"@id":"https:\/\/revolutionpadelstore.com\/pt-pt\/#organization"},"potentialAction":[{"@type":"SearchAction","target":{"@type":"EntryPoint","urlTemplate":"https:\/\/revolutionpadelstore.com\/pt-pt\/?s={search_term_string}"},"query-input":{"@type":"PropertyValueSpecification","valueRequired":true,"valueName":"search_term_string"}}],"inLanguage":"pt-PT"},{"@type":"Organization","@id":"https:\/\/revolutionpadelstore.com\/pt-pt\/#organization","name":"Revolution Padel Store","url":"https:\/\/revolutionpadelstore.com\/pt-pt\/","logo":{"@type":"ImageObject","inLanguage":"pt-PT","@id":"https:\/\/revolutionpadelstore.com\/pt-pt\/#\/schema\/logo\/image\/","url":"https:\/\/revolutionpadelstore.com\/wp-content\/uploads\/2026\/02\/revolution-padel-store.jpg","contentUrl":"https:\/\/revolutionpadelstore.com\/wp-content\/uploads\/2026\/02\/revolution-padel-store.jpg","width":2000,"height":2000,"caption":"Revolution Padel Store"},"image":{"@id":"https:\/\/revolutionpadelstore.com\/pt-pt\/#\/schema\/logo\/image\/"},"sameAs":["https:\/\/www.instagram.com\/revolutionpadelstore\/"]}]}},"_links":{"self":[{"href":"https:\/\/revolutionpadelstore.com\/pt-pt\/wp-json\/wp\/v2\/product\/72759","targetHints":{"allow":["GET"]}}],"collection":[{"href":"https:\/\/revolutionpadelstore.com\/pt-pt\/wp-json\/wp\/v2\/product"}],"about":[{"href":"https:\/\/revolutionpadelstore.com\/pt-pt\/wp-json\/wp\/v2\/types\/product"}],"replies":[{"embeddable":true,"href":"https:\/\/revolutionpadelstore.com\/pt-pt\/wp-json\/wp\/v2\/comments?post=72759"}],"wp:featuredmedia":[{"embeddable":true,"href":"https:\/\/revolutionpadelstore.com\/pt-pt\/wp-json\/wp\/v2\/media\/125361"}],"wp:attachment":[{"href":"https:\/\/revolutionpadelstore.com\/pt-pt\/wp-json\/wp\/v2\/media?parent=72759"}],"wp:term":[{"taxonomy":"acabado","embeddable":true,"href":"https:\/\/revolutionpadelstore.com\/pt-pt\/wp-json\/wp\/v2\/acabado?post=72759"},{"taxonomy":"balance","embeddable":true,"href":"https:\/\/revolutionpadelstore.com\/pt-pt\/wp-json\/wp\/v2\/balance?post=72759"},{"taxonomy":"dureza","embeddable":true,"href":"https:\/\/revolutionpadelstore.com\/pt-pt\/wp-json\/wp\/v2\/dureza?post=72759"},{"taxonomy":"forma","embeddable":true,"href":"https:\/\/revolutionpadelstore.com\/pt-pt\/wp-json\/wp\/v2\/forma?post=72759"},{"taxonomy":"jugador","embeddable":true,"href":"https:\/\/revolutionpadelstore.com\/pt-pt\/wp-json\/wp\/v2\/jugador?post=72759"},{"taxonomy":"marca","embeddable":true,"href":"https:\/\/revolutionpadelstore.com\/pt-pt\/wp-json\/wp\/v2\/marca?post=72759"},{"taxonomy":"nivel-de-juego","embeddable":true,"href":"https:\/\/revolutionpadelstore.com\/pt-pt\/wp-json\/wp\/v2\/nivel-de-juego?post=72759"},{"taxonomy":"superficie","embeddable":true,"href":"https:\/\/revolutionpadelstore.com\/pt-pt\/wp-json\/wp\/v2\/superficie?post=72759"},{"taxonomy":"tipo-de-juego","embeddable":true,"href":"https:\/\/revolutionpadelstore.com\/pt-pt\/wp-json\/wp\/v2\/tipo-de-juego?post=72759"},{"taxonomy":"product_brand","embeddable":true,"href":"https:\/\/revolutionpadelstore.com\/pt-pt\/wp-json\/wp\/v2\/product_brand?post=72759"},{"taxonomy":"product_cat","embeddable":true,"href":"https:\/\/revolutionpadelstore.com\/pt-pt\/wp-json\/wp\/v2\/product_cat?post=72759"},{"taxonomy":"product_tag","embeddable":true,"href":"https:\/\/revolutionpadelstore.com\/pt-pt\/wp-json\/wp\/v2\/product_tag?post=72759"}],"curies":[{"name":"wp","href":"https:\/\/api.w.org\/{rel}","templated":true}]}}