{"id":72754,"date":"2024-09-25T22:58:23","date_gmt":"2024-09-25T20:58:23","guid":{"rendered":"https:\/\/revolutionpadelstore.com\/nox-tl10-quantum-12k-by-tino-libaak-2025\/"},"modified":"2026-04-01T07:14:23","modified_gmt":"2026-04-01T05:14:23","slug":"nox-tl10-quantum-12k-by-tino-libaak-2025-5","status":"publish","type":"product","link":"https:\/\/revolutionpadelstore.com\/pt-pt\/produto\/nox-tl10-quantum-12k-by-tino-libaak-2025-5\/","title":{"rendered":"NOX TL10 QUANTUM 12K BY TINO LIBAAK 2025"},"content":{"rendered":"<h2>Nox TL10 Quantum 12K Por Tino Libaak 2025, versatilidade ideal<\/h2>\n<p>A Nox TL 10 Quantum 12K \u00e9 uma raquete de padel projetada em colabora\u00e7\u00e3o com o jogador Tino Libaak para a nova temporada 2025. Foi fabricada em formato de l\u00e1grima para proporcionar versatilidade incr\u00edvel em cada partida ou treino de padel.<\/p>\n<p>\u00c9 um modelo f\u00e1cil de manusear e muito confort\u00e1vel gra\u00e7as ao seu peso, que varia entre 3<strong>60-375 gramas<\/strong>. Sua est\u00e9tica preta com detalhes em azul se destaca por ser marcante, moderna e harmoniosa.<\/p>\n<h2>TL10 Quantum 12K da Nox, para jogadores avan\u00e7ados<\/h2>\n<p>Esta <strong>raquete de padel Nox para homens<\/strong> foi projetada especificamente para atingir um n\u00edvel incompar\u00e1vel de versatilidade e pot\u00eancia, o que ajudar\u00e1 os jogadores de padel de n\u00edvel avan\u00e7ado ou profissional<\/strong> a se adaptarem efetivamente a qualquer situa\u00e7\u00e3o no campo de jogo. .<\/p>\n<p>Este modelo garante sensa\u00e7\u00e3o intermedi\u00e1ria, conforto e rapidez de jogo, para que voc\u00ea seja um jogador letal em quadra.<\/p>\n<h2>Recursos e tecnologias do Nox TL10 Quantum 12K<\/h2>\n<p style=\"padding-left: 40px\">-Flats feitos com <strong>carbono 12K<\/strong> que proporciona mais durabilidade e resist\u00eancia<\/p>\n<p style=\"padding-left: 40px\">-N\u00facleo de borracha de alta densidade <em>HR3 Color EVA<\/em>, que fornece pot\u00eancia e boa sa\u00edda de bola<\/p>\n<p style=\"padding-left: 40px\"><em>-Carbon Frame<\/em> para maior prote\u00e7\u00e3o contra impactos e quebras<\/p>\n<p style=\"padding-left: 40px\">-Faces com tecnologia <em>Spin exclusivo<\/em>, com acabamento rugoso duplo para dar mais spin \u00e0 bola<\/p>\n<p style=\"padding-left: 40px\"><em>-Custom Grip<\/em> e <em>Pulse System<\/em> para uma ader\u00eancia mais firme e redu\u00e7\u00e3o eficaz da vibra\u00e7\u00e3o<\/p>\n<p style=\"padding-left: 40px\">-Com tecnologia <em>EOS Flap<\/em> para maior ader\u00eancia e melhor manuseio<\/p>\n<p style=\"padding-left: 40px\">-Smartstrap, cord\u00e3o de seguran\u00e7a intercambi\u00e1vel de acordo com suas necessidades<\/p>\n<p style=\"padding-left: 40px\">-N\u00facleo com tinta reativa <em>Pintura Fotocrom\u00e1tica<\/em> que sincroniza com a cor da borracha<\/p>\n<h3>Experi\u00eancia \u00fanica com o Nox TL10 Quantum 12K de Tino Libaak<\/h3>\n<p>A raquete Nox TL10 Quantum 12K By Tino Libaak se tornar\u00e1 sua aliada perfeita em qualquer jogada, pois oferece pot\u00eancia e controle equilibrados.<\/p>\n<h2>Nox TL10 Quantum 12K By Tino Libaak 2025,\u00a0polivalencia ideal<\/h2>\n","protected":false},"excerpt":{"rendered":"<p>Raquete Nox TL10 Quantum 12K em forma de l\u00e1grima de Tino Libaak, com planos de carbono 12K com acabamento \u00e1spero para maior resist\u00eancia e facilidade de golpe com giro.<\/p>\n","protected":false},"featured_media":125373,"comment_status":"open","ping_status":"closed","template":"","meta":{"_acf_changed":false,"_joinchat":[]},"acabado":[1105],"balance":[1140],"dureza":[1155],"forma":[1185],"jugador":[1190,1200],"marca":[1260],"nivel-de-juego":[1335,1345],"superficie":[1360],"tipo-de-juego":[],"product_brand":[],"product_cat":[300],"product_tag":[],"class_list":{"0":"post-72754","1":"product","2":"type-product","3":"status-publish","4":"has-post-thumbnail","6":"acabado-rugoso-pt-pt","7":"balance-medio-pt-pt","8":"dureza-media-pt-pt","9":"forma-lagrima-pt-pt","10":"jugador-homem","11":"jugador-polivalente-pt-pt","12":"marca-nox-pt-pt","13":"superficie-rugosa-pt-pt","14":"product_cat-palas","16":"first","17":"instock","18":"sale","19":"taxable","20":"shipping-taxable","21":"purchasable","22":"product-type-simple"},"acf":[],"yoast_head":"<!-- This site is optimized with the Yoast SEO plugin v27.3 - https:\/\/yoast.com\/product\/yoast-seo-wordpress\/ -->\n<title>NOX TL10 QUANTUM 12K BY TINO LIBAAK 2025 - Revolution Padel Store<\/title>\n<meta name=\"description\" content=\"Esta\u00a0pala de p\u00e1del Nox para hombre\u00a0se ha dise\u00f1ado espec\u00edficamente para conseguir un nivel de versatilidad y potencia sin igual, lo que ayudar\u00e1 a los\u00a0jugadores de p\u00e1del de nivel avanzado o profesional\u00a0a adaptarse con eficacia a cualquier situaci\u00f3n en el terreno de juego.Este modelo asegura un tacto intermedio, comodidad y juego r\u00e1pido, para que seas un jugador letal en la pista.\" \/>\n<meta name=\"robots\" content=\"index, follow, max-snippet:-1, max-image-preview:large, max-video-preview:-1\" \/>\n<link rel=\"canonical\" href=\"https:\/\/revolutionpadelstore.com\/pt-pt\/produto\/nox-tl10-quantum-12k-by-tino-libaak-2025-5\/\" \/>\n<meta property=\"og:locale\" content=\"pt_PT\" \/>\n<meta property=\"og:type\" content=\"article\" \/>\n<meta property=\"og:title\" content=\"NOX TL10 QUANTUM 12K BY TINO LIBAAK 2025 - Revolution Padel Store\" \/>\n<meta property=\"og:description\" content=\"Esta\u00a0pala de p\u00e1del Nox para hombre\u00a0se ha dise\u00f1ado espec\u00edficamente para conseguir un nivel de versatilidad y potencia sin igual, lo que ayudar\u00e1 a los\u00a0jugadores de p\u00e1del de nivel avanzado o profesional\u00a0a adaptarse con eficacia a cualquier situaci\u00f3n en el terreno de juego.Este modelo asegura un tacto intermedio, comodidad y juego r\u00e1pido, para que seas un jugador letal en la pista.\" \/>\n<meta property=\"og:url\" content=\"https:\/\/revolutionpadelstore.com\/pt-pt\/produto\/nox-tl10-quantum-12k-by-tino-libaak-2025-5\/\" \/>\n<meta property=\"og:site_name\" content=\"Revolution Padel Store\" \/>\n<meta property=\"article:modified_time\" content=\"2026-04-01T05:14:23+00:00\" \/>\n<meta property=\"og:image\" content=\"https:\/\/revolutionpadelstore.com\/wp-content\/uploads\/2024\/10\/113549_pala_nox_tl10_quantum_12k_by_tino_libaak_ptl10luxq25_1500x1500_1_3434.webp\" \/>\n\t<meta property=\"og:image:width\" content=\"1500\" \/>\n\t<meta property=\"og:image:height\" content=\"1500\" \/>\n\t<meta property=\"og:image:type\" content=\"image\/webp\" \/>\n<meta name=\"twitter:card\" content=\"summary_large_image\" \/>\n<meta name=\"twitter:label1\" content=\"Tempo estimado de leitura\" \/>\n\t<meta name=\"twitter:data1\" content=\"2 minutos\" \/>\n<script type=\"application\/ld+json\" class=\"yoast-schema-graph\">{\"@context\":\"https:\\\/\\\/schema.org\",\"@graph\":[{\"@type\":\"WebPage\",\"@id\":\"https:\\\/\\\/revolutionpadelstore.com\\\/pt-pt\\\/produto\\\/nox-tl10-quantum-12k-by-tino-libaak-2025-5\\\/\",\"url\":\"https:\\\/\\\/revolutionpadelstore.com\\\/pt-pt\\\/produto\\\/nox-tl10-quantum-12k-by-tino-libaak-2025-5\\\/\",\"name\":\"NOX TL10 QUANTUM 12K BY TINO LIBAAK 2025 - Revolution Padel Store\",\"isPartOf\":{\"@id\":\"https:\\\/\\\/revolutionpadelstore.com\\\/pt-pt\\\/#website\"},\"primaryImageOfPage\":{\"@id\":\"https:\\\/\\\/revolutionpadelstore.com\\\/pt-pt\\\/produto\\\/nox-tl10-quantum-12k-by-tino-libaak-2025-5\\\/#primaryimage\"},\"image\":{\"@id\":\"https:\\\/\\\/revolutionpadelstore.com\\\/pt-pt\\\/produto\\\/nox-tl10-quantum-12k-by-tino-libaak-2025-5\\\/#primaryimage\"},\"thumbnailUrl\":\"https:\\\/\\\/revolutionpadelstore.com\\\/wp-content\\\/uploads\\\/2024\\\/10\\\/113549_pala_nox_tl10_quantum_12k_by_tino_libaak_ptl10luxq25_1500x1500_1_3434.webp\",\"datePublished\":\"2024-09-25T20:58:23+00:00\",\"dateModified\":\"2026-04-01T05:14:23+00:00\",\"description\":\"Esta\u00a0pala de p\u00e1del Nox para hombre\u00a0se ha dise\u00f1ado espec\u00edficamente para conseguir un nivel de versatilidad y potencia sin igual, lo que ayudar\u00e1 a los\u00a0jugadores de p\u00e1del de nivel avanzado o profesional\u00a0a adaptarse con eficacia a cualquier situaci\u00f3n en el terreno de juego.Este modelo asegura un tacto intermedio, comodidad y juego r\u00e1pido, para que seas un jugador letal en la pista.\",\"breadcrumb\":{\"@id\":\"https:\\\/\\\/revolutionpadelstore.com\\\/pt-pt\\\/produto\\\/nox-tl10-quantum-12k-by-tino-libaak-2025-5\\\/#breadcrumb\"},\"inLanguage\":\"pt-PT\",\"potentialAction\":[{\"@type\":\"ReadAction\",\"target\":[\"https:\\\/\\\/revolutionpadelstore.com\\\/pt-pt\\\/produto\\\/nox-tl10-quantum-12k-by-tino-libaak-2025-5\\\/\"]}]},{\"@type\":\"ImageObject\",\"inLanguage\":\"pt-PT\",\"@id\":\"https:\\\/\\\/revolutionpadelstore.com\\\/pt-pt\\\/produto\\\/nox-tl10-quantum-12k-by-tino-libaak-2025-5\\\/#primaryimage\",\"url\":\"https:\\\/\\\/revolutionpadelstore.com\\\/wp-content\\\/uploads\\\/2024\\\/10\\\/113549_pala_nox_tl10_quantum_12k_by_tino_libaak_ptl10luxq25_1500x1500_1_3434.webp\",\"contentUrl\":\"https:\\\/\\\/revolutionpadelstore.com\\\/wp-content\\\/uploads\\\/2024\\\/10\\\/113549_pala_nox_tl10_quantum_12k_by_tino_libaak_ptl10luxq25_1500x1500_1_3434.webp\",\"width\":1500,\"height\":1500},{\"@type\":\"BreadcrumbList\",\"@id\":\"https:\\\/\\\/revolutionpadelstore.com\\\/pt-pt\\\/produto\\\/nox-tl10-quantum-12k-by-tino-libaak-2025-5\\\/#breadcrumb\",\"itemListElement\":[{\"@type\":\"ListItem\",\"position\":1,\"name\":\"Portada\",\"item\":\"https:\\\/\\\/revolutionpadelstore.com\\\/pt-pt\\\/\"},{\"@type\":\"ListItem\",\"position\":2,\"name\":\"Tienda\",\"item\":\"https:\\\/\\\/revolutionpadelstore.com\\\/pt-pt\\\/tienda\\\/\"},{\"@type\":\"ListItem\",\"position\":3,\"name\":\"NOX TL10 QUANTUM 12K BY TINO LIBAAK 2025\"}]},{\"@type\":\"WebSite\",\"@id\":\"https:\\\/\\\/revolutionpadelstore.com\\\/pt-pt\\\/#website\",\"url\":\"https:\\\/\\\/revolutionpadelstore.com\\\/pt-pt\\\/\",\"name\":\"Revolution Padel Store\",\"description\":\"\",\"publisher\":{\"@id\":\"https:\\\/\\\/revolutionpadelstore.com\\\/pt-pt\\\/#organization\"},\"potentialAction\":[{\"@type\":\"SearchAction\",\"target\":{\"@type\":\"EntryPoint\",\"urlTemplate\":\"https:\\\/\\\/revolutionpadelstore.com\\\/pt-pt\\\/?s={search_term_string}\"},\"query-input\":{\"@type\":\"PropertyValueSpecification\",\"valueRequired\":true,\"valueName\":\"search_term_string\"}}],\"inLanguage\":\"pt-PT\"},{\"@type\":\"Organization\",\"@id\":\"https:\\\/\\\/revolutionpadelstore.com\\\/pt-pt\\\/#organization\",\"name\":\"Revolution Padel Store\",\"url\":\"https:\\\/\\\/revolutionpadelstore.com\\\/pt-pt\\\/\",\"logo\":{\"@type\":\"ImageObject\",\"inLanguage\":\"pt-PT\",\"@id\":\"https:\\\/\\\/revolutionpadelstore.com\\\/pt-pt\\\/#\\\/schema\\\/logo\\\/image\\\/\",\"url\":\"https:\\\/\\\/revolutionpadelstore.com\\\/wp-content\\\/uploads\\\/2026\\\/02\\\/revolution-padel-store.jpg\",\"contentUrl\":\"https:\\\/\\\/revolutionpadelstore.com\\\/wp-content\\\/uploads\\\/2026\\\/02\\\/revolution-padel-store.jpg\",\"width\":2000,\"height\":2000,\"caption\":\"Revolution Padel Store\"},\"image\":{\"@id\":\"https:\\\/\\\/revolutionpadelstore.com\\\/pt-pt\\\/#\\\/schema\\\/logo\\\/image\\\/\"},\"sameAs\":[\"https:\\\/\\\/www.instagram.com\\\/revolutionpadelstore\\\/\"]}]}<\/script>\n<!-- \/ Yoast SEO plugin. -->","yoast_head_json":{"title":"NOX TL10 QUANTUM 12K BY TINO LIBAAK 2025 - Revolution Padel Store","description":"Esta\u00a0pala de p\u00e1del Nox para hombre\u00a0se ha dise\u00f1ado espec\u00edficamente para conseguir un nivel de versatilidad y potencia sin igual, lo que ayudar\u00e1 a los\u00a0jugadores de p\u00e1del de nivel avanzado o profesional\u00a0a adaptarse con eficacia a cualquier situaci\u00f3n en el terreno de juego.Este modelo asegura un tacto intermedio, comodidad y juego r\u00e1pido, para que seas un jugador letal en la pista.","robots":{"index":"index","follow":"follow","max-snippet":"max-snippet:-1","max-image-preview":"max-image-preview:large","max-video-preview":"max-video-preview:-1"},"canonical":"https:\/\/revolutionpadelstore.com\/pt-pt\/produto\/nox-tl10-quantum-12k-by-tino-libaak-2025-5\/","og_locale":"pt_PT","og_type":"article","og_title":"NOX TL10 QUANTUM 12K BY TINO LIBAAK 2025 - Revolution Padel Store","og_description":"Esta\u00a0pala de p\u00e1del Nox para hombre\u00a0se ha dise\u00f1ado espec\u00edficamente para conseguir un nivel de versatilidad y potencia sin igual, lo que ayudar\u00e1 a los\u00a0jugadores de p\u00e1del de nivel avanzado o profesional\u00a0a adaptarse con eficacia a cualquier situaci\u00f3n en el terreno de juego.Este modelo asegura un tacto intermedio, comodidad y juego r\u00e1pido, para que seas un jugador letal en la pista.","og_url":"https:\/\/revolutionpadelstore.com\/pt-pt\/produto\/nox-tl10-quantum-12k-by-tino-libaak-2025-5\/","og_site_name":"Revolution Padel Store","article_modified_time":"2026-04-01T05:14:23+00:00","og_image":[{"width":1500,"height":1500,"url":"https:\/\/revolutionpadelstore.com\/wp-content\/uploads\/2024\/10\/113549_pala_nox_tl10_quantum_12k_by_tino_libaak_ptl10luxq25_1500x1500_1_3434.webp","type":"image\/webp"}],"twitter_card":"summary_large_image","twitter_misc":{"Tempo estimado de leitura":"2 minutos"},"schema":{"@context":"https:\/\/schema.org","@graph":[{"@type":"WebPage","@id":"https:\/\/revolutionpadelstore.com\/pt-pt\/produto\/nox-tl10-quantum-12k-by-tino-libaak-2025-5\/","url":"https:\/\/revolutionpadelstore.com\/pt-pt\/produto\/nox-tl10-quantum-12k-by-tino-libaak-2025-5\/","name":"NOX TL10 QUANTUM 12K BY TINO LIBAAK 2025 - Revolution Padel Store","isPartOf":{"@id":"https:\/\/revolutionpadelstore.com\/pt-pt\/#website"},"primaryImageOfPage":{"@id":"https:\/\/revolutionpadelstore.com\/pt-pt\/produto\/nox-tl10-quantum-12k-by-tino-libaak-2025-5\/#primaryimage"},"image":{"@id":"https:\/\/revolutionpadelstore.com\/pt-pt\/produto\/nox-tl10-quantum-12k-by-tino-libaak-2025-5\/#primaryimage"},"thumbnailUrl":"https:\/\/revolutionpadelstore.com\/wp-content\/uploads\/2024\/10\/113549_pala_nox_tl10_quantum_12k_by_tino_libaak_ptl10luxq25_1500x1500_1_3434.webp","datePublished":"2024-09-25T20:58:23+00:00","dateModified":"2026-04-01T05:14:23+00:00","description":"Esta\u00a0pala de p\u00e1del Nox para hombre\u00a0se ha dise\u00f1ado espec\u00edficamente para conseguir un nivel de versatilidad y potencia sin igual, lo que ayudar\u00e1 a los\u00a0jugadores de p\u00e1del de nivel avanzado o profesional\u00a0a adaptarse con eficacia a cualquier situaci\u00f3n en el terreno de juego.Este modelo asegura un tacto intermedio, comodidad y juego r\u00e1pido, para que seas un jugador letal en la pista.","breadcrumb":{"@id":"https:\/\/revolutionpadelstore.com\/pt-pt\/produto\/nox-tl10-quantum-12k-by-tino-libaak-2025-5\/#breadcrumb"},"inLanguage":"pt-PT","potentialAction":[{"@type":"ReadAction","target":["https:\/\/revolutionpadelstore.com\/pt-pt\/produto\/nox-tl10-quantum-12k-by-tino-libaak-2025-5\/"]}]},{"@type":"ImageObject","inLanguage":"pt-PT","@id":"https:\/\/revolutionpadelstore.com\/pt-pt\/produto\/nox-tl10-quantum-12k-by-tino-libaak-2025-5\/#primaryimage","url":"https:\/\/revolutionpadelstore.com\/wp-content\/uploads\/2024\/10\/113549_pala_nox_tl10_quantum_12k_by_tino_libaak_ptl10luxq25_1500x1500_1_3434.webp","contentUrl":"https:\/\/revolutionpadelstore.com\/wp-content\/uploads\/2024\/10\/113549_pala_nox_tl10_quantum_12k_by_tino_libaak_ptl10luxq25_1500x1500_1_3434.webp","width":1500,"height":1500},{"@type":"BreadcrumbList","@id":"https:\/\/revolutionpadelstore.com\/pt-pt\/produto\/nox-tl10-quantum-12k-by-tino-libaak-2025-5\/#breadcrumb","itemListElement":[{"@type":"ListItem","position":1,"name":"Portada","item":"https:\/\/revolutionpadelstore.com\/pt-pt\/"},{"@type":"ListItem","position":2,"name":"Tienda","item":"https:\/\/revolutionpadelstore.com\/pt-pt\/tienda\/"},{"@type":"ListItem","position":3,"name":"NOX TL10 QUANTUM 12K BY TINO LIBAAK 2025"}]},{"@type":"WebSite","@id":"https:\/\/revolutionpadelstore.com\/pt-pt\/#website","url":"https:\/\/revolutionpadelstore.com\/pt-pt\/","name":"Revolution Padel Store","description":"","publisher":{"@id":"https:\/\/revolutionpadelstore.com\/pt-pt\/#organization"},"potentialAction":[{"@type":"SearchAction","target":{"@type":"EntryPoint","urlTemplate":"https:\/\/revolutionpadelstore.com\/pt-pt\/?s={search_term_string}"},"query-input":{"@type":"PropertyValueSpecification","valueRequired":true,"valueName":"search_term_string"}}],"inLanguage":"pt-PT"},{"@type":"Organization","@id":"https:\/\/revolutionpadelstore.com\/pt-pt\/#organization","name":"Revolution Padel Store","url":"https:\/\/revolutionpadelstore.com\/pt-pt\/","logo":{"@type":"ImageObject","inLanguage":"pt-PT","@id":"https:\/\/revolutionpadelstore.com\/pt-pt\/#\/schema\/logo\/image\/","url":"https:\/\/revolutionpadelstore.com\/wp-content\/uploads\/2026\/02\/revolution-padel-store.jpg","contentUrl":"https:\/\/revolutionpadelstore.com\/wp-content\/uploads\/2026\/02\/revolution-padel-store.jpg","width":2000,"height":2000,"caption":"Revolution Padel Store"},"image":{"@id":"https:\/\/revolutionpadelstore.com\/pt-pt\/#\/schema\/logo\/image\/"},"sameAs":["https:\/\/www.instagram.com\/revolutionpadelstore\/"]}]}},"_links":{"self":[{"href":"https:\/\/revolutionpadelstore.com\/pt-pt\/wp-json\/wp\/v2\/product\/72754","targetHints":{"allow":["GET"]}}],"collection":[{"href":"https:\/\/revolutionpadelstore.com\/pt-pt\/wp-json\/wp\/v2\/product"}],"about":[{"href":"https:\/\/revolutionpadelstore.com\/pt-pt\/wp-json\/wp\/v2\/types\/product"}],"replies":[{"embeddable":true,"href":"https:\/\/revolutionpadelstore.com\/pt-pt\/wp-json\/wp\/v2\/comments?post=72754"}],"wp:featuredmedia":[{"embeddable":true,"href":"https:\/\/revolutionpadelstore.com\/pt-pt\/wp-json\/wp\/v2\/media\/125373"}],"wp:attachment":[{"href":"https:\/\/revolutionpadelstore.com\/pt-pt\/wp-json\/wp\/v2\/media?parent=72754"}],"wp:term":[{"taxonomy":"acabado","embeddable":true,"href":"https:\/\/revolutionpadelstore.com\/pt-pt\/wp-json\/wp\/v2\/acabado?post=72754"},{"taxonomy":"balance","embeddable":true,"href":"https:\/\/revolutionpadelstore.com\/pt-pt\/wp-json\/wp\/v2\/balance?post=72754"},{"taxonomy":"dureza","embeddable":true,"href":"https:\/\/revolutionpadelstore.com\/pt-pt\/wp-json\/wp\/v2\/dureza?post=72754"},{"taxonomy":"forma","embeddable":true,"href":"https:\/\/revolutionpadelstore.com\/pt-pt\/wp-json\/wp\/v2\/forma?post=72754"},{"taxonomy":"jugador","embeddable":true,"href":"https:\/\/revolutionpadelstore.com\/pt-pt\/wp-json\/wp\/v2\/jugador?post=72754"},{"taxonomy":"marca","embeddable":true,"href":"https:\/\/revolutionpadelstore.com\/pt-pt\/wp-json\/wp\/v2\/marca?post=72754"},{"taxonomy":"nivel-de-juego","embeddable":true,"href":"https:\/\/revolutionpadelstore.com\/pt-pt\/wp-json\/wp\/v2\/nivel-de-juego?post=72754"},{"taxonomy":"superficie","embeddable":true,"href":"https:\/\/revolutionpadelstore.com\/pt-pt\/wp-json\/wp\/v2\/superficie?post=72754"},{"taxonomy":"tipo-de-juego","embeddable":true,"href":"https:\/\/revolutionpadelstore.com\/pt-pt\/wp-json\/wp\/v2\/tipo-de-juego?post=72754"},{"taxonomy":"product_brand","embeddable":true,"href":"https:\/\/revolutionpadelstore.com\/pt-pt\/wp-json\/wp\/v2\/product_brand?post=72754"},{"taxonomy":"product_cat","embeddable":true,"href":"https:\/\/revolutionpadelstore.com\/pt-pt\/wp-json\/wp\/v2\/product_cat?post=72754"},{"taxonomy":"product_tag","embeddable":true,"href":"https:\/\/revolutionpadelstore.com\/pt-pt\/wp-json\/wp\/v2\/product_tag?post=72754"}],"curies":[{"name":"wp","href":"https:\/\/api.w.org\/{rel}","templated":true}]}}