{"id":72744,"date":"2024-09-25T23:17:45","date_gmt":"2024-09-25T21:17:45","guid":{"rendered":"https:\/\/revolutionpadelstore.com\/nox-at10-pro-cup-hard-by-agustin-tapia-2025\/"},"modified":"2026-04-01T07:13:28","modified_gmt":"2026-04-01T05:13:28","slug":"nox-at10-pro-cup-hard-by-agustin-tapia-2025-5","status":"publish","type":"product","link":"https:\/\/revolutionpadelstore.com\/pt-pt\/produto\/nox-at10-pro-cup-hard-by-agustin-tapia-2025-5\/","title":{"rendered":"NOX AT10 PRO CUP HARD BY AGUSTIN TAPIA 2025"},"content":{"rendered":"<h2>Nox AT10 Pro Cup Hard Por Agust\u00edn Tapia 2025, chutes r\u00e1pidos com a maior precis\u00e3o<\/h2>\n<p>A raquete Nox AT10 Pro Cup Hard, parte da cole\u00e7\u00e3o 2025, foi escolhida por um dos jogadores mais destacados do padel mundial, o argentino <strong>Agust\u00edn Tapia<\/strong>. Este modelo foi pensado para oferecer um desempenho superior, permitindo dominar cada ponto com uma not\u00e1vel melhoria na t\u00e9cnica e no controle do jogo. Seu elegante design preto, com detalhes prateados e textura 3D, confere-lhe um toque estilizado e moderno que n\u00e3o passa despercebido na quadra.<\/p>\n<h2>Nox AT10 Pro Cup Hard Por Agust\u00edn Tapia 2025, jogadores profissionais de alto desempenho<\/h2>\n<p>Este novo lan\u00e7amento da Nox \u00e9 voltado para jogadores avan\u00e7ados e profissionais que buscam aumentar a velocidade de seu jogo. O formato de l\u00e1grima e o equil\u00edbrio m\u00e9dio da raquete proporcionam um excelente equil\u00edbrio entre controle e pot\u00eancia, facilitando um \u00f3timo desempenho tanto em golpes defensivos quanto ofensivos. Cada batida com o AT10 Pro Cup Hard permite que voc\u00ea sinta como controla o ritmo da partida, uma caracter\u00edstica ideal para jogadores t\u00e9cnicos como o pr\u00f3prio &#8220;Mozart&#8221; do padel, Agust\u00edn Tapia. Esta raquete possui uma s\u00e9rie de tecnologias avan\u00e7adas que melhoram sua qualidade e desempenho.<\/p>\n<h2>Apresenta Nox AT10 Pro Cup Hard de Agust\u00edn Tapia 2025<\/h2>\n<p style=\"padding-left: 40px\"><em>-Fiber Glass Silver<\/em>, uma fibra de vidro que oferece uma rigidez intermedi\u00e1ria entre o carbono e o vidro, proporcionando uma sensa\u00e7\u00e3o de <strong>controle<\/em> forte&gt; sem sacrificar o <strong>poder<\/strong>.<\/p>\n<p style=\"padding-left: 40px\"><em>-Borracha EV50<\/em>, alta densidade e reatividade, que aumenta a velocidade da bola em golpes pr\u00f3ximos \u00e0 rede, oferecendo um toque s\u00f3lido com m\u00e9dio-alto dureza.<\/p>\n<p style=\"padding-left: 40px\"><em>-Carbon Frame<\/em>, que garante maior <strong>durabilidade<\/strong> e rigidez a toda a estrutura da raquete<\/p>\n<p style=\"padding-left: 40px\"><em>-Smart Strap System<\/em>, que permite a f\u00e1cil substitui\u00e7\u00e3o do cabo, melhorando a higiene e mantendo a garantia intacta.<\/p>\n<h3>Nox AT10 Pro Cup Hard By Agust\u00edn Tapia 2025 agora dispon\u00edvel na Revolution Padel Store<\/h3>\n<p>Se voc\u00ea \u00e9 um jogador competitivo que busca equil\u00edbrio no jogo e maior velocidade nos chutes, o Nox AT10 Pro Cup Hard \u00e9 a op\u00e7\u00e3o perfeita.<\/p>\n<h2>Nox AT10 Pro Cup Hard By Agust\u00edn Tapia 2025, golpes veloces con la mayor precisi\u00f3n<\/h2>\n","protected":false},"excerpt":{"rendered":"<p>Raquete Nox AT10 Pro Cup Hard do jogador Agust\u00edn Tapia, da cole\u00e7\u00e3o 2025 em formato Teardrop, para jogadores de alto desempenho.<\/p>\n","protected":false},"featured_media":125355,"comment_status":"open","ping_status":"closed","template":"","meta":{"_acf_changed":false,"_joinchat":[]},"acabado":[1090],"balance":[1140],"dureza":[1155],"forma":[1185],"jugador":[1190,1200],"marca":[1260],"nivel-de-juego":[1335],"superficie":[1360],"tipo-de-juego":[1385],"product_brand":[],"product_cat":[300],"product_tag":[],"class_list":{"0":"post-72744","1":"product","2":"type-product","3":"status-publish","4":"has-post-thumbnail","6":"acabado-alivio-3d","7":"balance-medio-pt-pt","8":"dureza-media-pt-pt","9":"forma-lagrima-pt-pt","10":"jugador-homem","11":"jugador-polivalente-pt-pt","12":"marca-nox-pt-pt","13":"superficie-rugosa-pt-pt","14":"tipo-de-juego-polivalente-pt-pt","15":"product_cat-palas","17":"first","18":"instock","19":"sale","20":"taxable","21":"shipping-taxable","22":"purchasable","23":"product-type-simple"},"acf":[],"yoast_head":"<!-- This site is optimized with the Yoast SEO plugin v27.3 - https:\/\/yoast.com\/product\/yoast-seo-wordpress\/ -->\n<title>NOX AT10 PRO CUP HARD BY AGUSTIN TAPIA 2025 - Revolution Padel Store<\/title>\n<meta name=\"description\" content=\"Este nuevo lanzamiento de Nox est\u00e1 dirigido a jugadores de\u00a0nivel avanzado\u00a0y\u00a0profesional\u00a0que buscan aumentar la velocidad de su juego. La\u00a0forma de l\u00e1grima\u00a0y el balance medio de la pala proporcionan un equilibrio excelente entre control y potencia, lo que facilita un\u00a0rendimiento\u00a0\u00f3ptimo tanto en golpes defensivos como ofensivos. Cada golpe con la AT10 Pro Cup Hard te permite sentir c\u00f3mo\u00a0controlas el ritmo\u00a0del partido, una caracter\u00edstica ideal para jugadores t\u00e9cnicos como el propio &quot;Mozart&quot; del p\u00e1del, Agust\u00edn Tapia. Esta pala cuenta con una serie de tecnolog\u00edas avanzadas que mejoran su calidad y rendimiento.\" \/>\n<meta name=\"robots\" content=\"index, follow, max-snippet:-1, max-image-preview:large, max-video-preview:-1\" \/>\n<link rel=\"canonical\" href=\"https:\/\/revolutionpadelstore.com\/pt-pt\/produto\/nox-at10-pro-cup-hard-by-agustin-tapia-2025-5\/\" \/>\n<meta property=\"og:locale\" content=\"pt_PT\" \/>\n<meta property=\"og:type\" content=\"article\" \/>\n<meta property=\"og:title\" content=\"NOX AT10 PRO CUP HARD BY AGUSTIN TAPIA 2025 - Revolution Padel Store\" \/>\n<meta property=\"og:description\" content=\"Este nuevo lanzamiento de Nox est\u00e1 dirigido a jugadores de\u00a0nivel avanzado\u00a0y\u00a0profesional\u00a0que buscan aumentar la velocidad de su juego. La\u00a0forma de l\u00e1grima\u00a0y el balance medio de la pala proporcionan un equilibrio excelente entre control y potencia, lo que facilita un\u00a0rendimiento\u00a0\u00f3ptimo tanto en golpes defensivos como ofensivos. Cada golpe con la AT10 Pro Cup Hard te permite sentir c\u00f3mo\u00a0controlas el ritmo\u00a0del partido, una caracter\u00edstica ideal para jugadores t\u00e9cnicos como el propio &quot;Mozart&quot; del p\u00e1del, Agust\u00edn Tapia. Esta pala cuenta con una serie de tecnolog\u00edas avanzadas que mejoran su calidad y rendimiento.\" \/>\n<meta property=\"og:url\" content=\"https:\/\/revolutionpadelstore.com\/pt-pt\/produto\/nox-at10-pro-cup-hard-by-agustin-tapia-2025-5\/\" \/>\n<meta property=\"og:site_name\" content=\"Revolution Padel Store\" \/>\n<meta property=\"article:modified_time\" content=\"2026-04-01T05:13:28+00:00\" \/>\n<meta property=\"og:image\" content=\"https:\/\/revolutionpadelstore.com\/wp-content\/uploads\/2024\/10\/113544_pala_nox_at10_pro_cup_hard_by_agustin_tapia_pat10pch25_1500x1500_1_f947.webp\" \/>\n\t<meta property=\"og:image:width\" content=\"1500\" \/>\n\t<meta property=\"og:image:height\" content=\"1500\" \/>\n\t<meta property=\"og:image:type\" content=\"image\/webp\" \/>\n<meta name=\"twitter:card\" content=\"summary_large_image\" \/>\n<meta name=\"twitter:label1\" content=\"Tempo estimado de leitura\" \/>\n\t<meta name=\"twitter:data1\" content=\"2 minutos\" \/>\n<script type=\"application\/ld+json\" class=\"yoast-schema-graph\">{\"@context\":\"https:\\\/\\\/schema.org\",\"@graph\":[{\"@type\":\"WebPage\",\"@id\":\"https:\\\/\\\/revolutionpadelstore.com\\\/pt-pt\\\/produto\\\/nox-at10-pro-cup-hard-by-agustin-tapia-2025-5\\\/\",\"url\":\"https:\\\/\\\/revolutionpadelstore.com\\\/pt-pt\\\/produto\\\/nox-at10-pro-cup-hard-by-agustin-tapia-2025-5\\\/\",\"name\":\"NOX AT10 PRO CUP HARD BY AGUSTIN TAPIA 2025 - Revolution Padel Store\",\"isPartOf\":{\"@id\":\"https:\\\/\\\/revolutionpadelstore.com\\\/pt-pt\\\/#website\"},\"primaryImageOfPage\":{\"@id\":\"https:\\\/\\\/revolutionpadelstore.com\\\/pt-pt\\\/produto\\\/nox-at10-pro-cup-hard-by-agustin-tapia-2025-5\\\/#primaryimage\"},\"image\":{\"@id\":\"https:\\\/\\\/revolutionpadelstore.com\\\/pt-pt\\\/produto\\\/nox-at10-pro-cup-hard-by-agustin-tapia-2025-5\\\/#primaryimage\"},\"thumbnailUrl\":\"https:\\\/\\\/revolutionpadelstore.com\\\/wp-content\\\/uploads\\\/2024\\\/10\\\/113544_pala_nox_at10_pro_cup_hard_by_agustin_tapia_pat10pch25_1500x1500_1_f947.webp\",\"datePublished\":\"2024-09-25T21:17:45+00:00\",\"dateModified\":\"2026-04-01T05:13:28+00:00\",\"description\":\"Este nuevo lanzamiento de Nox est\u00e1 dirigido a jugadores de\u00a0nivel avanzado\u00a0y\u00a0profesional\u00a0que buscan aumentar la velocidad de su juego. La\u00a0forma de l\u00e1grima\u00a0y el balance medio de la pala proporcionan un equilibrio excelente entre control y potencia, lo que facilita un\u00a0rendimiento\u00a0\u00f3ptimo tanto en golpes defensivos como ofensivos. Cada golpe con la AT10 Pro Cup Hard te permite sentir c\u00f3mo\u00a0controlas el ritmo\u00a0del partido, una caracter\u00edstica ideal para jugadores t\u00e9cnicos como el propio \\\"Mozart\\\" del p\u00e1del, Agust\u00edn Tapia. Esta pala cuenta con una serie de tecnolog\u00edas avanzadas que mejoran su calidad y rendimiento.\",\"breadcrumb\":{\"@id\":\"https:\\\/\\\/revolutionpadelstore.com\\\/pt-pt\\\/produto\\\/nox-at10-pro-cup-hard-by-agustin-tapia-2025-5\\\/#breadcrumb\"},\"inLanguage\":\"pt-PT\",\"potentialAction\":[{\"@type\":\"ReadAction\",\"target\":[\"https:\\\/\\\/revolutionpadelstore.com\\\/pt-pt\\\/produto\\\/nox-at10-pro-cup-hard-by-agustin-tapia-2025-5\\\/\"]}]},{\"@type\":\"ImageObject\",\"inLanguage\":\"pt-PT\",\"@id\":\"https:\\\/\\\/revolutionpadelstore.com\\\/pt-pt\\\/produto\\\/nox-at10-pro-cup-hard-by-agustin-tapia-2025-5\\\/#primaryimage\",\"url\":\"https:\\\/\\\/revolutionpadelstore.com\\\/wp-content\\\/uploads\\\/2024\\\/10\\\/113544_pala_nox_at10_pro_cup_hard_by_agustin_tapia_pat10pch25_1500x1500_1_f947.webp\",\"contentUrl\":\"https:\\\/\\\/revolutionpadelstore.com\\\/wp-content\\\/uploads\\\/2024\\\/10\\\/113544_pala_nox_at10_pro_cup_hard_by_agustin_tapia_pat10pch25_1500x1500_1_f947.webp\",\"width\":1500,\"height\":1500},{\"@type\":\"BreadcrumbList\",\"@id\":\"https:\\\/\\\/revolutionpadelstore.com\\\/pt-pt\\\/produto\\\/nox-at10-pro-cup-hard-by-agustin-tapia-2025-5\\\/#breadcrumb\",\"itemListElement\":[{\"@type\":\"ListItem\",\"position\":1,\"name\":\"Portada\",\"item\":\"https:\\\/\\\/revolutionpadelstore.com\\\/pt-pt\\\/\"},{\"@type\":\"ListItem\",\"position\":2,\"name\":\"Tienda\",\"item\":\"https:\\\/\\\/revolutionpadelstore.com\\\/pt-pt\\\/tienda\\\/\"},{\"@type\":\"ListItem\",\"position\":3,\"name\":\"NOX AT10 PRO CUP HARD BY AGUSTIN TAPIA 2025\"}]},{\"@type\":\"WebSite\",\"@id\":\"https:\\\/\\\/revolutionpadelstore.com\\\/pt-pt\\\/#website\",\"url\":\"https:\\\/\\\/revolutionpadelstore.com\\\/pt-pt\\\/\",\"name\":\"Revolution Padel Store\",\"description\":\"\",\"publisher\":{\"@id\":\"https:\\\/\\\/revolutionpadelstore.com\\\/pt-pt\\\/#organization\"},\"potentialAction\":[{\"@type\":\"SearchAction\",\"target\":{\"@type\":\"EntryPoint\",\"urlTemplate\":\"https:\\\/\\\/revolutionpadelstore.com\\\/pt-pt\\\/?s={search_term_string}\"},\"query-input\":{\"@type\":\"PropertyValueSpecification\",\"valueRequired\":true,\"valueName\":\"search_term_string\"}}],\"inLanguage\":\"pt-PT\"},{\"@type\":\"Organization\",\"@id\":\"https:\\\/\\\/revolutionpadelstore.com\\\/pt-pt\\\/#organization\",\"name\":\"Revolution Padel Store\",\"url\":\"https:\\\/\\\/revolutionpadelstore.com\\\/pt-pt\\\/\",\"logo\":{\"@type\":\"ImageObject\",\"inLanguage\":\"pt-PT\",\"@id\":\"https:\\\/\\\/revolutionpadelstore.com\\\/pt-pt\\\/#\\\/schema\\\/logo\\\/image\\\/\",\"url\":\"https:\\\/\\\/revolutionpadelstore.com\\\/wp-content\\\/uploads\\\/2026\\\/02\\\/revolution-padel-store.jpg\",\"contentUrl\":\"https:\\\/\\\/revolutionpadelstore.com\\\/wp-content\\\/uploads\\\/2026\\\/02\\\/revolution-padel-store.jpg\",\"width\":2000,\"height\":2000,\"caption\":\"Revolution Padel Store\"},\"image\":{\"@id\":\"https:\\\/\\\/revolutionpadelstore.com\\\/pt-pt\\\/#\\\/schema\\\/logo\\\/image\\\/\"},\"sameAs\":[\"https:\\\/\\\/www.instagram.com\\\/revolutionpadelstore\\\/\"]}]}<\/script>\n<!-- \/ Yoast SEO plugin. -->","yoast_head_json":{"title":"NOX AT10 PRO CUP HARD BY AGUSTIN TAPIA 2025 - Revolution Padel Store","description":"Este nuevo lanzamiento de Nox est\u00e1 dirigido a jugadores de\u00a0nivel avanzado\u00a0y\u00a0profesional\u00a0que buscan aumentar la velocidad de su juego. La\u00a0forma de l\u00e1grima\u00a0y el balance medio de la pala proporcionan un equilibrio excelente entre control y potencia, lo que facilita un\u00a0rendimiento\u00a0\u00f3ptimo tanto en golpes defensivos como ofensivos. Cada golpe con la AT10 Pro Cup Hard te permite sentir c\u00f3mo\u00a0controlas el ritmo\u00a0del partido, una caracter\u00edstica ideal para jugadores t\u00e9cnicos como el propio \"Mozart\" del p\u00e1del, Agust\u00edn Tapia. Esta pala cuenta con una serie de tecnolog\u00edas avanzadas que mejoran su calidad y rendimiento.","robots":{"index":"index","follow":"follow","max-snippet":"max-snippet:-1","max-image-preview":"max-image-preview:large","max-video-preview":"max-video-preview:-1"},"canonical":"https:\/\/revolutionpadelstore.com\/pt-pt\/produto\/nox-at10-pro-cup-hard-by-agustin-tapia-2025-5\/","og_locale":"pt_PT","og_type":"article","og_title":"NOX AT10 PRO CUP HARD BY AGUSTIN TAPIA 2025 - Revolution Padel Store","og_description":"Este nuevo lanzamiento de Nox est\u00e1 dirigido a jugadores de\u00a0nivel avanzado\u00a0y\u00a0profesional\u00a0que buscan aumentar la velocidad de su juego. La\u00a0forma de l\u00e1grima\u00a0y el balance medio de la pala proporcionan un equilibrio excelente entre control y potencia, lo que facilita un\u00a0rendimiento\u00a0\u00f3ptimo tanto en golpes defensivos como ofensivos. Cada golpe con la AT10 Pro Cup Hard te permite sentir c\u00f3mo\u00a0controlas el ritmo\u00a0del partido, una caracter\u00edstica ideal para jugadores t\u00e9cnicos como el propio \"Mozart\" del p\u00e1del, Agust\u00edn Tapia. Esta pala cuenta con una serie de tecnolog\u00edas avanzadas que mejoran su calidad y rendimiento.","og_url":"https:\/\/revolutionpadelstore.com\/pt-pt\/produto\/nox-at10-pro-cup-hard-by-agustin-tapia-2025-5\/","og_site_name":"Revolution Padel Store","article_modified_time":"2026-04-01T05:13:28+00:00","og_image":[{"width":1500,"height":1500,"url":"https:\/\/revolutionpadelstore.com\/wp-content\/uploads\/2024\/10\/113544_pala_nox_at10_pro_cup_hard_by_agustin_tapia_pat10pch25_1500x1500_1_f947.webp","type":"image\/webp"}],"twitter_card":"summary_large_image","twitter_misc":{"Tempo estimado de leitura":"2 minutos"},"schema":{"@context":"https:\/\/schema.org","@graph":[{"@type":"WebPage","@id":"https:\/\/revolutionpadelstore.com\/pt-pt\/produto\/nox-at10-pro-cup-hard-by-agustin-tapia-2025-5\/","url":"https:\/\/revolutionpadelstore.com\/pt-pt\/produto\/nox-at10-pro-cup-hard-by-agustin-tapia-2025-5\/","name":"NOX AT10 PRO CUP HARD BY AGUSTIN TAPIA 2025 - Revolution Padel Store","isPartOf":{"@id":"https:\/\/revolutionpadelstore.com\/pt-pt\/#website"},"primaryImageOfPage":{"@id":"https:\/\/revolutionpadelstore.com\/pt-pt\/produto\/nox-at10-pro-cup-hard-by-agustin-tapia-2025-5\/#primaryimage"},"image":{"@id":"https:\/\/revolutionpadelstore.com\/pt-pt\/produto\/nox-at10-pro-cup-hard-by-agustin-tapia-2025-5\/#primaryimage"},"thumbnailUrl":"https:\/\/revolutionpadelstore.com\/wp-content\/uploads\/2024\/10\/113544_pala_nox_at10_pro_cup_hard_by_agustin_tapia_pat10pch25_1500x1500_1_f947.webp","datePublished":"2024-09-25T21:17:45+00:00","dateModified":"2026-04-01T05:13:28+00:00","description":"Este nuevo lanzamiento de Nox est\u00e1 dirigido a jugadores de\u00a0nivel avanzado\u00a0y\u00a0profesional\u00a0que buscan aumentar la velocidad de su juego. La\u00a0forma de l\u00e1grima\u00a0y el balance medio de la pala proporcionan un equilibrio excelente entre control y potencia, lo que facilita un\u00a0rendimiento\u00a0\u00f3ptimo tanto en golpes defensivos como ofensivos. Cada golpe con la AT10 Pro Cup Hard te permite sentir c\u00f3mo\u00a0controlas el ritmo\u00a0del partido, una caracter\u00edstica ideal para jugadores t\u00e9cnicos como el propio \"Mozart\" del p\u00e1del, Agust\u00edn Tapia. Esta pala cuenta con una serie de tecnolog\u00edas avanzadas que mejoran su calidad y rendimiento.","breadcrumb":{"@id":"https:\/\/revolutionpadelstore.com\/pt-pt\/produto\/nox-at10-pro-cup-hard-by-agustin-tapia-2025-5\/#breadcrumb"},"inLanguage":"pt-PT","potentialAction":[{"@type":"ReadAction","target":["https:\/\/revolutionpadelstore.com\/pt-pt\/produto\/nox-at10-pro-cup-hard-by-agustin-tapia-2025-5\/"]}]},{"@type":"ImageObject","inLanguage":"pt-PT","@id":"https:\/\/revolutionpadelstore.com\/pt-pt\/produto\/nox-at10-pro-cup-hard-by-agustin-tapia-2025-5\/#primaryimage","url":"https:\/\/revolutionpadelstore.com\/wp-content\/uploads\/2024\/10\/113544_pala_nox_at10_pro_cup_hard_by_agustin_tapia_pat10pch25_1500x1500_1_f947.webp","contentUrl":"https:\/\/revolutionpadelstore.com\/wp-content\/uploads\/2024\/10\/113544_pala_nox_at10_pro_cup_hard_by_agustin_tapia_pat10pch25_1500x1500_1_f947.webp","width":1500,"height":1500},{"@type":"BreadcrumbList","@id":"https:\/\/revolutionpadelstore.com\/pt-pt\/produto\/nox-at10-pro-cup-hard-by-agustin-tapia-2025-5\/#breadcrumb","itemListElement":[{"@type":"ListItem","position":1,"name":"Portada","item":"https:\/\/revolutionpadelstore.com\/pt-pt\/"},{"@type":"ListItem","position":2,"name":"Tienda","item":"https:\/\/revolutionpadelstore.com\/pt-pt\/tienda\/"},{"@type":"ListItem","position":3,"name":"NOX AT10 PRO CUP HARD BY AGUSTIN TAPIA 2025"}]},{"@type":"WebSite","@id":"https:\/\/revolutionpadelstore.com\/pt-pt\/#website","url":"https:\/\/revolutionpadelstore.com\/pt-pt\/","name":"Revolution Padel Store","description":"","publisher":{"@id":"https:\/\/revolutionpadelstore.com\/pt-pt\/#organization"},"potentialAction":[{"@type":"SearchAction","target":{"@type":"EntryPoint","urlTemplate":"https:\/\/revolutionpadelstore.com\/pt-pt\/?s={search_term_string}"},"query-input":{"@type":"PropertyValueSpecification","valueRequired":true,"valueName":"search_term_string"}}],"inLanguage":"pt-PT"},{"@type":"Organization","@id":"https:\/\/revolutionpadelstore.com\/pt-pt\/#organization","name":"Revolution Padel Store","url":"https:\/\/revolutionpadelstore.com\/pt-pt\/","logo":{"@type":"ImageObject","inLanguage":"pt-PT","@id":"https:\/\/revolutionpadelstore.com\/pt-pt\/#\/schema\/logo\/image\/","url":"https:\/\/revolutionpadelstore.com\/wp-content\/uploads\/2026\/02\/revolution-padel-store.jpg","contentUrl":"https:\/\/revolutionpadelstore.com\/wp-content\/uploads\/2026\/02\/revolution-padel-store.jpg","width":2000,"height":2000,"caption":"Revolution Padel Store"},"image":{"@id":"https:\/\/revolutionpadelstore.com\/pt-pt\/#\/schema\/logo\/image\/"},"sameAs":["https:\/\/www.instagram.com\/revolutionpadelstore\/"]}]}},"_links":{"self":[{"href":"https:\/\/revolutionpadelstore.com\/pt-pt\/wp-json\/wp\/v2\/product\/72744","targetHints":{"allow":["GET"]}}],"collection":[{"href":"https:\/\/revolutionpadelstore.com\/pt-pt\/wp-json\/wp\/v2\/product"}],"about":[{"href":"https:\/\/revolutionpadelstore.com\/pt-pt\/wp-json\/wp\/v2\/types\/product"}],"replies":[{"embeddable":true,"href":"https:\/\/revolutionpadelstore.com\/pt-pt\/wp-json\/wp\/v2\/comments?post=72744"}],"wp:featuredmedia":[{"embeddable":true,"href":"https:\/\/revolutionpadelstore.com\/pt-pt\/wp-json\/wp\/v2\/media\/125355"}],"wp:attachment":[{"href":"https:\/\/revolutionpadelstore.com\/pt-pt\/wp-json\/wp\/v2\/media?parent=72744"}],"wp:term":[{"taxonomy":"acabado","embeddable":true,"href":"https:\/\/revolutionpadelstore.com\/pt-pt\/wp-json\/wp\/v2\/acabado?post=72744"},{"taxonomy":"balance","embeddable":true,"href":"https:\/\/revolutionpadelstore.com\/pt-pt\/wp-json\/wp\/v2\/balance?post=72744"},{"taxonomy":"dureza","embeddable":true,"href":"https:\/\/revolutionpadelstore.com\/pt-pt\/wp-json\/wp\/v2\/dureza?post=72744"},{"taxonomy":"forma","embeddable":true,"href":"https:\/\/revolutionpadelstore.com\/pt-pt\/wp-json\/wp\/v2\/forma?post=72744"},{"taxonomy":"jugador","embeddable":true,"href":"https:\/\/revolutionpadelstore.com\/pt-pt\/wp-json\/wp\/v2\/jugador?post=72744"},{"taxonomy":"marca","embeddable":true,"href":"https:\/\/revolutionpadelstore.com\/pt-pt\/wp-json\/wp\/v2\/marca?post=72744"},{"taxonomy":"nivel-de-juego","embeddable":true,"href":"https:\/\/revolutionpadelstore.com\/pt-pt\/wp-json\/wp\/v2\/nivel-de-juego?post=72744"},{"taxonomy":"superficie","embeddable":true,"href":"https:\/\/revolutionpadelstore.com\/pt-pt\/wp-json\/wp\/v2\/superficie?post=72744"},{"taxonomy":"tipo-de-juego","embeddable":true,"href":"https:\/\/revolutionpadelstore.com\/pt-pt\/wp-json\/wp\/v2\/tipo-de-juego?post=72744"},{"taxonomy":"product_brand","embeddable":true,"href":"https:\/\/revolutionpadelstore.com\/pt-pt\/wp-json\/wp\/v2\/product_brand?post=72744"},{"taxonomy":"product_cat","embeddable":true,"href":"https:\/\/revolutionpadelstore.com\/pt-pt\/wp-json\/wp\/v2\/product_cat?post=72744"},{"taxonomy":"product_tag","embeddable":true,"href":"https:\/\/revolutionpadelstore.com\/pt-pt\/wp-json\/wp\/v2\/product_tag?post=72744"}],"curies":[{"name":"wp","href":"https:\/\/api.w.org\/{rel}","templated":true}]}}