{"id":63696,"date":"2024-08-22T13:04:19","date_gmt":"2024-08-22T11:04:19","guid":{"rendered":"https:\/\/revolutionpadelstore.com\/mizuno-wave-exceed-tour-6-cc-61gc2474-28-azul\/"},"modified":"2026-04-01T07:49:18","modified_gmt":"2026-04-01T05:49:18","slug":"mizuno-wave-exceed-tour-6-cc-azul-5","status":"publish","type":"product","link":"https:\/\/revolutionpadelstore.com\/pt-pt\/produto\/mizuno-wave-exceed-tour-6-cc-azul-5\/","title":{"rendered":"MIZUNO WAVE EXCEED TOUR 6 CC AZUL"},"content":{"rendered":"<h2>Mizuno Wave Exceed Tour 6 CC Azul, agilidade superior<\/h2>\n<p>Projetado para <strong>jogadores de padel de n\u00edvel avan\u00e7ado<\/strong> que procuram um cal\u00e7ado esportivo leve, resistente e confort\u00e1vel que garanta movimentos r\u00e1pidos, \u00e1geis e suaves, os t\u00eanis de padel masculino Wave Exceed Tour CC Blue da Mizuno<\/strong>s\u00e3o <strong>ideal para jogos intensos<\/strong>.<\/p>\n<p>A sola possui ranhuras flex\u00edveis que favorecem uma resposta r\u00e1pida, grande ader\u00eancia e versatilidade no campo de jogo. A tecnologia Mizuno Enerzy foi incorporada na entressola, um material muito resistente que proporciona suavidade e rebote excepcional.<\/p>\n<h3>Movimentos r\u00e1pidos e est\u00e1veis<\/h3>\n<p>A parte superior destes <strong>cal\u00e7ados masculinos Mizuno<\/strong> foi confeccionada com materiais respir\u00e1veis, resistentes e leves, que proporcionam o m\u00e1ximo conforto ao permitir um fluxo cont\u00ednuo de ar para <strong>maior frescor<\/strong>. Desta forma, os seus p\u00e9s ficam secos, frescos e longe dos maus odores.<\/p>\n<p>A tecnologia <em>Dyna-Elet Wrap<\/em> consiste em uma estrutura de ilh\u00f3s com grandes aberturas que proporciona um <strong>ajuste ideal<\/strong> e se adapta perfeitamente ao movimento do p\u00e9. A entressola inclui a placa Mizuno Wave, que otimiza o retorno de energia e aumenta o n\u00edvel de estabilidade e suporte ao deslizar.<\/p>\n<p>O D-Flex Groove diagonal no meio do p\u00e9 promove giros mais r\u00e1pidos e \u00e1geis, transferindo o movimento natural do corpo nas mudan\u00e7as de dire\u00e7\u00e3o.<\/p>\n<h2>Mizuno Wave Exceed Tour 6 CC Azul, agilidad superior<\/h2>\n","protected":false},"excerpt":{"rendered":"<p>Sapatos de padel masculinos Mizuno Wave Exceed Tour 6 CC Blue que permitem curvas e mudan\u00e7as de dire\u00e7\u00e3o est\u00e1veis, seguras e \u00e1geis gra\u00e7as ao D-Flex Groove.<\/p>\n","protected":false},"featured_media":62323,"comment_status":"open","ping_status":"closed","template":"","meta":{"_acf_changed":false,"_joinchat":[]},"acabado":[],"balance":[],"dureza":[],"forma":[],"jugador":[1190],"marca":[1330],"nivel-de-juego":[],"superficie":[],"tipo-de-juego":[],"product_brand":[],"product_cat":[833],"product_tag":[],"class_list":{"0":"post-63696","1":"product","2":"type-product","3":"status-publish","4":"has-post-thumbnail","6":"jugador-homem","7":"marca-mizuno-pt-pt","8":"product_cat-tenis","10":"first","11":"instock","12":"sale","13":"taxable","14":"shipping-taxable","15":"purchasable","16":"product-type-variable"},"acf":[],"yoast_head":"<!-- This site is optimized with the Yoast SEO plugin v27.3 - https:\/\/yoast.com\/product\/yoast-seo-wordpress\/ -->\n<title>MIZUNO WAVE EXCEED TOUR 6 CC AZUL - Revolution Padel Store<\/title>\n<meta name=\"description\" content=\"Dise\u00f1adas para jugadores de p\u00e1del de nivel avanzado que busquen un calzado deportivo ligero, resistente y c\u00f3modo que asegure unos movimientos r\u00e1pidos, \u00e1giles y suaves, las zapatillas de p\u00e1del para hombre Wave Exceed Tour CC Azul de Mizuno son ideales para un juego intenso.\" \/>\n<meta name=\"robots\" content=\"index, follow, max-snippet:-1, max-image-preview:large, max-video-preview:-1\" \/>\n<link rel=\"canonical\" href=\"https:\/\/revolutionpadelstore.com\/pt-pt\/produto\/mizuno-wave-exceed-tour-6-cc-azul-5\/\" \/>\n<meta property=\"og:locale\" content=\"pt_PT\" \/>\n<meta property=\"og:type\" content=\"article\" \/>\n<meta property=\"og:title\" content=\"COMPRAR MIZUNO WAVE EXCEED TOUR 6 CC 61GC2474 28 AZUL\" \/>\n<meta property=\"og:description\" content=\"Dise\u00f1adas para jugadores de p\u00e1del de nivel avanzado que busquen un calzado deportivo ligero, resistente y c\u00f3modo que asegure unos movimientos r\u00e1pidos, \u00e1giles y suaves, las zapatillas de p\u00e1del para hombre Wave Exceed Tour CC Azul de Mizuno son ideales para un juego intenso.\" \/>\n<meta property=\"og:url\" content=\"https:\/\/revolutionpadelstore.com\/pt-pt\/produto\/mizuno-wave-exceed-tour-6-cc-azul-5\/\" \/>\n<meta property=\"og:site_name\" content=\"Revolution Padel Store\" \/>\n<meta property=\"article:modified_time\" content=\"2026-04-01T05:49:18+00:00\" \/>\n<meta property=\"og:image\" content=\"https:\/\/revolutionpadelstore.com\/wp-content\/uploads\/2024\/08\/111982_zapatillas_mizuno_wave_exceed_tour_6_cc_61gc2474_28_1000x1000_1_9584.webp\" \/>\n\t<meta property=\"og:image:width\" content=\"1000\" \/>\n\t<meta property=\"og:image:height\" content=\"1000\" \/>\n\t<meta property=\"og:image:type\" content=\"image\/webp\" \/>\n<meta name=\"twitter:card\" content=\"summary_large_image\" \/>\n<meta name=\"twitter:label1\" content=\"Tempo estimado de leitura\" \/>\n\t<meta name=\"twitter:data1\" content=\"2 minutos\" \/>\n<script type=\"application\/ld+json\" class=\"yoast-schema-graph\">{\"@context\":\"https:\\\/\\\/schema.org\",\"@graph\":[{\"@type\":\"WebPage\",\"@id\":\"https:\\\/\\\/revolutionpadelstore.com\\\/pt-pt\\\/produto\\\/mizuno-wave-exceed-tour-6-cc-azul-5\\\/\",\"url\":\"https:\\\/\\\/revolutionpadelstore.com\\\/pt-pt\\\/produto\\\/mizuno-wave-exceed-tour-6-cc-azul-5\\\/\",\"name\":\"MIZUNO WAVE EXCEED TOUR 6 CC AZUL - Revolution Padel Store\",\"isPartOf\":{\"@id\":\"https:\\\/\\\/revolutionpadelstore.com\\\/pt-pt\\\/#website\"},\"primaryImageOfPage\":{\"@id\":\"https:\\\/\\\/revolutionpadelstore.com\\\/pt-pt\\\/produto\\\/mizuno-wave-exceed-tour-6-cc-azul-5\\\/#primaryimage\"},\"image\":{\"@id\":\"https:\\\/\\\/revolutionpadelstore.com\\\/pt-pt\\\/produto\\\/mizuno-wave-exceed-tour-6-cc-azul-5\\\/#primaryimage\"},\"thumbnailUrl\":\"https:\\\/\\\/revolutionpadelstore.com\\\/wp-content\\\/uploads\\\/2024\\\/08\\\/111982_zapatillas_mizuno_wave_exceed_tour_6_cc_61gc2474_28_1000x1000_1_9584.webp\",\"datePublished\":\"2024-08-22T11:04:19+00:00\",\"dateModified\":\"2026-04-01T05:49:18+00:00\",\"description\":\"Dise\u00f1adas para jugadores de p\u00e1del de nivel avanzado que busquen un calzado deportivo ligero, resistente y c\u00f3modo que asegure unos movimientos r\u00e1pidos, \u00e1giles y suaves, las zapatillas de p\u00e1del para hombre Wave Exceed Tour CC Azul de Mizuno son ideales para un juego intenso.\",\"breadcrumb\":{\"@id\":\"https:\\\/\\\/revolutionpadelstore.com\\\/pt-pt\\\/produto\\\/mizuno-wave-exceed-tour-6-cc-azul-5\\\/#breadcrumb\"},\"inLanguage\":\"pt-PT\",\"potentialAction\":[{\"@type\":\"ReadAction\",\"target\":[\"https:\\\/\\\/revolutionpadelstore.com\\\/pt-pt\\\/produto\\\/mizuno-wave-exceed-tour-6-cc-azul-5\\\/\"]}]},{\"@type\":\"ImageObject\",\"inLanguage\":\"pt-PT\",\"@id\":\"https:\\\/\\\/revolutionpadelstore.com\\\/pt-pt\\\/produto\\\/mizuno-wave-exceed-tour-6-cc-azul-5\\\/#primaryimage\",\"url\":\"https:\\\/\\\/revolutionpadelstore.com\\\/wp-content\\\/uploads\\\/2024\\\/08\\\/111982_zapatillas_mizuno_wave_exceed_tour_6_cc_61gc2474_28_1000x1000_1_9584.webp\",\"contentUrl\":\"https:\\\/\\\/revolutionpadelstore.com\\\/wp-content\\\/uploads\\\/2024\\\/08\\\/111982_zapatillas_mizuno_wave_exceed_tour_6_cc_61gc2474_28_1000x1000_1_9584.webp\",\"width\":1000,\"height\":1000},{\"@type\":\"BreadcrumbList\",\"@id\":\"https:\\\/\\\/revolutionpadelstore.com\\\/pt-pt\\\/produto\\\/mizuno-wave-exceed-tour-6-cc-azul-5\\\/#breadcrumb\",\"itemListElement\":[{\"@type\":\"ListItem\",\"position\":1,\"name\":\"Portada\",\"item\":\"https:\\\/\\\/revolutionpadelstore.com\\\/pt-pt\\\/\"},{\"@type\":\"ListItem\",\"position\":2,\"name\":\"Tienda\",\"item\":\"https:\\\/\\\/revolutionpadelstore.com\\\/pt-pt\\\/tienda\\\/\"},{\"@type\":\"ListItem\",\"position\":3,\"name\":\"MIZUNO WAVE EXCEED TOUR 6 CC AZUL\"}]},{\"@type\":\"WebSite\",\"@id\":\"https:\\\/\\\/revolutionpadelstore.com\\\/pt-pt\\\/#website\",\"url\":\"https:\\\/\\\/revolutionpadelstore.com\\\/pt-pt\\\/\",\"name\":\"Revolution Padel Store\",\"description\":\"\",\"publisher\":{\"@id\":\"https:\\\/\\\/revolutionpadelstore.com\\\/pt-pt\\\/#organization\"},\"potentialAction\":[{\"@type\":\"SearchAction\",\"target\":{\"@type\":\"EntryPoint\",\"urlTemplate\":\"https:\\\/\\\/revolutionpadelstore.com\\\/pt-pt\\\/?s={search_term_string}\"},\"query-input\":{\"@type\":\"PropertyValueSpecification\",\"valueRequired\":true,\"valueName\":\"search_term_string\"}}],\"inLanguage\":\"pt-PT\"},{\"@type\":\"Organization\",\"@id\":\"https:\\\/\\\/revolutionpadelstore.com\\\/pt-pt\\\/#organization\",\"name\":\"Revolution Padel Store\",\"url\":\"https:\\\/\\\/revolutionpadelstore.com\\\/pt-pt\\\/\",\"logo\":{\"@type\":\"ImageObject\",\"inLanguage\":\"pt-PT\",\"@id\":\"https:\\\/\\\/revolutionpadelstore.com\\\/pt-pt\\\/#\\\/schema\\\/logo\\\/image\\\/\",\"url\":\"https:\\\/\\\/revolutionpadelstore.com\\\/wp-content\\\/uploads\\\/2026\\\/02\\\/revolution-padel-store.jpg\",\"contentUrl\":\"https:\\\/\\\/revolutionpadelstore.com\\\/wp-content\\\/uploads\\\/2026\\\/02\\\/revolution-padel-store.jpg\",\"width\":2000,\"height\":2000,\"caption\":\"Revolution Padel Store\"},\"image\":{\"@id\":\"https:\\\/\\\/revolutionpadelstore.com\\\/pt-pt\\\/#\\\/schema\\\/logo\\\/image\\\/\"},\"sameAs\":[\"https:\\\/\\\/www.instagram.com\\\/revolutionpadelstore\\\/\"]}]}<\/script>\n<!-- \/ Yoast SEO plugin. -->","yoast_head_json":{"title":"MIZUNO WAVE EXCEED TOUR 6 CC AZUL - Revolution Padel Store","description":"Dise\u00f1adas para jugadores de p\u00e1del de nivel avanzado que busquen un calzado deportivo ligero, resistente y c\u00f3modo que asegure unos movimientos r\u00e1pidos, \u00e1giles y suaves, las zapatillas de p\u00e1del para hombre Wave Exceed Tour CC Azul de Mizuno son ideales para un juego intenso.","robots":{"index":"index","follow":"follow","max-snippet":"max-snippet:-1","max-image-preview":"max-image-preview:large","max-video-preview":"max-video-preview:-1"},"canonical":"https:\/\/revolutionpadelstore.com\/pt-pt\/produto\/mizuno-wave-exceed-tour-6-cc-azul-5\/","og_locale":"pt_PT","og_type":"article","og_title":"COMPRAR MIZUNO WAVE EXCEED TOUR 6 CC 61GC2474 28 AZUL","og_description":"Dise\u00f1adas para jugadores de p\u00e1del de nivel avanzado que busquen un calzado deportivo ligero, resistente y c\u00f3modo que asegure unos movimientos r\u00e1pidos, \u00e1giles y suaves, las zapatillas de p\u00e1del para hombre Wave Exceed Tour CC Azul de Mizuno son ideales para un juego intenso.","og_url":"https:\/\/revolutionpadelstore.com\/pt-pt\/produto\/mizuno-wave-exceed-tour-6-cc-azul-5\/","og_site_name":"Revolution Padel Store","article_modified_time":"2026-04-01T05:49:18+00:00","og_image":[{"width":1000,"height":1000,"url":"https:\/\/revolutionpadelstore.com\/wp-content\/uploads\/2024\/08\/111982_zapatillas_mizuno_wave_exceed_tour_6_cc_61gc2474_28_1000x1000_1_9584.webp","type":"image\/webp"}],"twitter_card":"summary_large_image","twitter_misc":{"Tempo estimado de leitura":"2 minutos"},"schema":{"@context":"https:\/\/schema.org","@graph":[{"@type":"WebPage","@id":"https:\/\/revolutionpadelstore.com\/pt-pt\/produto\/mizuno-wave-exceed-tour-6-cc-azul-5\/","url":"https:\/\/revolutionpadelstore.com\/pt-pt\/produto\/mizuno-wave-exceed-tour-6-cc-azul-5\/","name":"MIZUNO WAVE EXCEED TOUR 6 CC AZUL - Revolution Padel Store","isPartOf":{"@id":"https:\/\/revolutionpadelstore.com\/pt-pt\/#website"},"primaryImageOfPage":{"@id":"https:\/\/revolutionpadelstore.com\/pt-pt\/produto\/mizuno-wave-exceed-tour-6-cc-azul-5\/#primaryimage"},"image":{"@id":"https:\/\/revolutionpadelstore.com\/pt-pt\/produto\/mizuno-wave-exceed-tour-6-cc-azul-5\/#primaryimage"},"thumbnailUrl":"https:\/\/revolutionpadelstore.com\/wp-content\/uploads\/2024\/08\/111982_zapatillas_mizuno_wave_exceed_tour_6_cc_61gc2474_28_1000x1000_1_9584.webp","datePublished":"2024-08-22T11:04:19+00:00","dateModified":"2026-04-01T05:49:18+00:00","description":"Dise\u00f1adas para jugadores de p\u00e1del de nivel avanzado que busquen un calzado deportivo ligero, resistente y c\u00f3modo que asegure unos movimientos r\u00e1pidos, \u00e1giles y suaves, las zapatillas de p\u00e1del para hombre Wave Exceed Tour CC Azul de Mizuno son ideales para un juego intenso.","breadcrumb":{"@id":"https:\/\/revolutionpadelstore.com\/pt-pt\/produto\/mizuno-wave-exceed-tour-6-cc-azul-5\/#breadcrumb"},"inLanguage":"pt-PT","potentialAction":[{"@type":"ReadAction","target":["https:\/\/revolutionpadelstore.com\/pt-pt\/produto\/mizuno-wave-exceed-tour-6-cc-azul-5\/"]}]},{"@type":"ImageObject","inLanguage":"pt-PT","@id":"https:\/\/revolutionpadelstore.com\/pt-pt\/produto\/mizuno-wave-exceed-tour-6-cc-azul-5\/#primaryimage","url":"https:\/\/revolutionpadelstore.com\/wp-content\/uploads\/2024\/08\/111982_zapatillas_mizuno_wave_exceed_tour_6_cc_61gc2474_28_1000x1000_1_9584.webp","contentUrl":"https:\/\/revolutionpadelstore.com\/wp-content\/uploads\/2024\/08\/111982_zapatillas_mizuno_wave_exceed_tour_6_cc_61gc2474_28_1000x1000_1_9584.webp","width":1000,"height":1000},{"@type":"BreadcrumbList","@id":"https:\/\/revolutionpadelstore.com\/pt-pt\/produto\/mizuno-wave-exceed-tour-6-cc-azul-5\/#breadcrumb","itemListElement":[{"@type":"ListItem","position":1,"name":"Portada","item":"https:\/\/revolutionpadelstore.com\/pt-pt\/"},{"@type":"ListItem","position":2,"name":"Tienda","item":"https:\/\/revolutionpadelstore.com\/pt-pt\/tienda\/"},{"@type":"ListItem","position":3,"name":"MIZUNO WAVE EXCEED TOUR 6 CC AZUL"}]},{"@type":"WebSite","@id":"https:\/\/revolutionpadelstore.com\/pt-pt\/#website","url":"https:\/\/revolutionpadelstore.com\/pt-pt\/","name":"Revolution Padel Store","description":"","publisher":{"@id":"https:\/\/revolutionpadelstore.com\/pt-pt\/#organization"},"potentialAction":[{"@type":"SearchAction","target":{"@type":"EntryPoint","urlTemplate":"https:\/\/revolutionpadelstore.com\/pt-pt\/?s={search_term_string}"},"query-input":{"@type":"PropertyValueSpecification","valueRequired":true,"valueName":"search_term_string"}}],"inLanguage":"pt-PT"},{"@type":"Organization","@id":"https:\/\/revolutionpadelstore.com\/pt-pt\/#organization","name":"Revolution Padel Store","url":"https:\/\/revolutionpadelstore.com\/pt-pt\/","logo":{"@type":"ImageObject","inLanguage":"pt-PT","@id":"https:\/\/revolutionpadelstore.com\/pt-pt\/#\/schema\/logo\/image\/","url":"https:\/\/revolutionpadelstore.com\/wp-content\/uploads\/2026\/02\/revolution-padel-store.jpg","contentUrl":"https:\/\/revolutionpadelstore.com\/wp-content\/uploads\/2026\/02\/revolution-padel-store.jpg","width":2000,"height":2000,"caption":"Revolution Padel Store"},"image":{"@id":"https:\/\/revolutionpadelstore.com\/pt-pt\/#\/schema\/logo\/image\/"},"sameAs":["https:\/\/www.instagram.com\/revolutionpadelstore\/"]}]}},"_links":{"self":[{"href":"https:\/\/revolutionpadelstore.com\/pt-pt\/wp-json\/wp\/v2\/product\/63696","targetHints":{"allow":["GET"]}}],"collection":[{"href":"https:\/\/revolutionpadelstore.com\/pt-pt\/wp-json\/wp\/v2\/product"}],"about":[{"href":"https:\/\/revolutionpadelstore.com\/pt-pt\/wp-json\/wp\/v2\/types\/product"}],"replies":[{"embeddable":true,"href":"https:\/\/revolutionpadelstore.com\/pt-pt\/wp-json\/wp\/v2\/comments?post=63696"}],"wp:featuredmedia":[{"embeddable":true,"href":"https:\/\/revolutionpadelstore.com\/pt-pt\/wp-json\/wp\/v2\/media\/62323"}],"wp:attachment":[{"href":"https:\/\/revolutionpadelstore.com\/pt-pt\/wp-json\/wp\/v2\/media?parent=63696"}],"wp:term":[{"taxonomy":"acabado","embeddable":true,"href":"https:\/\/revolutionpadelstore.com\/pt-pt\/wp-json\/wp\/v2\/acabado?post=63696"},{"taxonomy":"balance","embeddable":true,"href":"https:\/\/revolutionpadelstore.com\/pt-pt\/wp-json\/wp\/v2\/balance?post=63696"},{"taxonomy":"dureza","embeddable":true,"href":"https:\/\/revolutionpadelstore.com\/pt-pt\/wp-json\/wp\/v2\/dureza?post=63696"},{"taxonomy":"forma","embeddable":true,"href":"https:\/\/revolutionpadelstore.com\/pt-pt\/wp-json\/wp\/v2\/forma?post=63696"},{"taxonomy":"jugador","embeddable":true,"href":"https:\/\/revolutionpadelstore.com\/pt-pt\/wp-json\/wp\/v2\/jugador?post=63696"},{"taxonomy":"marca","embeddable":true,"href":"https:\/\/revolutionpadelstore.com\/pt-pt\/wp-json\/wp\/v2\/marca?post=63696"},{"taxonomy":"nivel-de-juego","embeddable":true,"href":"https:\/\/revolutionpadelstore.com\/pt-pt\/wp-json\/wp\/v2\/nivel-de-juego?post=63696"},{"taxonomy":"superficie","embeddable":true,"href":"https:\/\/revolutionpadelstore.com\/pt-pt\/wp-json\/wp\/v2\/superficie?post=63696"},{"taxonomy":"tipo-de-juego","embeddable":true,"href":"https:\/\/revolutionpadelstore.com\/pt-pt\/wp-json\/wp\/v2\/tipo-de-juego?post=63696"},{"taxonomy":"product_brand","embeddable":true,"href":"https:\/\/revolutionpadelstore.com\/pt-pt\/wp-json\/wp\/v2\/product_brand?post=63696"},{"taxonomy":"product_cat","embeddable":true,"href":"https:\/\/revolutionpadelstore.com\/pt-pt\/wp-json\/wp\/v2\/product_cat?post=63696"},{"taxonomy":"product_tag","embeddable":true,"href":"https:\/\/revolutionpadelstore.com\/pt-pt\/wp-json\/wp\/v2\/product_tag?post=63696"}],"curies":[{"name":"wp","href":"https:\/\/api.w.org\/{rel}","templated":true}]}}