{"id":293996,"date":"2025-11-06T22:50:54","date_gmt":"2025-11-06T21:50:54","guid":{"rendered":"https:\/\/revolutionpadelstore.com\/?post_type=product&#038;p=293996"},"modified":"2026-04-19T02:01:45","modified_gmt":"2026-04-19T00:01:45","slug":"nox-at10-luxury-genius-18k-alum-buenos-aires-exclusive-edition-5","status":"publish","type":"product","link":"https:\/\/revolutionpadelstore.com\/pt-pt\/produto\/nox-at10-luxury-genius-18k-alum-buenos-aires-exclusive-edition-5\/","title":{"rendered":"NOX AT10 LUXURY GENIUS 18K ALUM BUENOS AIRES EXCLUSIVE EDITION"},"content":{"rendered":"<h2>NOX AT10 Luxury Genius 18K Alum Buenos Aires Edition &#8211; Edi\u00e7\u00e3o Limitada de Agust\u00edn Tapia<\/h2>\n<p>A <strong>NOX AT10 Luxury Genius 18K Alum Buenos Aires Limited Edition<\/strong> n\u00e3o \u00e9 apenas uma raquete de padel, \u00e9 uma <strong>pe\u00e7a de cole\u00e7\u00e3o \u00fanica<\/strong> que presta homenagem \u00e0s ra\u00edzes de Agust\u00edn Tapia. Inspirada nas cores da bandeira argentina e criada especialmente para o <strong>Premier Padel Buenos Aires P1<\/strong>, esta raquete representa a alma do padel argentino trazida \u00e0 quadra por um dos melhores do mundo.<\/p>\n<h2>\ud83c\udde6\ud83c\uddf7 Um design com alma e car\u00e1ter<\/h2>\n<p>Esta edi\u00e7\u00e3o limitada funde o emocional com a mais avan\u00e7ada tecnologia <strong>NOX<\/strong>, combinando est\u00e9tica exclusiva e desempenho profissional. Cada detalhe reflete o orgulho de Tapia por seu pa\u00eds, e voc\u00ea poder\u00e1 ter em m\u00e3os a mesma raquete com a qual ele compete nos torneios mais exigentes do mundo.<\/p>\n<h2>Tecnologia de alto desempenho<\/h2>\n<p><strong>Carv\u00e3o aluminizado -18K<\/strong>: proporciona toque firme, uniforme e resistente \u00e0s varia\u00e7\u00f5es de temperatura.<\/p>\n<p><strong>N\u00facleo EVA preto multicamadas<\/strong>: oferece um equil\u00edbrio ideal entre pot\u00eancia e controle, com \u00f3tima sa\u00edda de bola na defesa e no ataque.<\/p>\n<p><strong>Sistema Smartstrap\u00ae<\/strong>: cord\u00e3o de seguran\u00e7a substitu\u00edvel que melhora a higiene e a personaliza\u00e7\u00e3o.<\/p>\n<p><strong>-Superf\u00edcie \u00e1spera Spin exclusiva<\/strong>: ideal para gerar golpes com maior efeito e precis\u00e3o.<\/p>\n<p><strong>-NOX Custom Grip\u00ae<\/strong>: melhora a ader\u00eancia, reduz as vibra\u00e7\u00f5es e aumenta o conforto em todos os pontos.<\/p>\n<h2>Exclusividade e precis\u00e3o ao seu alcance<\/h2>\n<p>Poucos poder\u00e3o desfrutar desta edi\u00e7\u00e3o limitada, uma raquete pensada para jogadores <strong>avan\u00e7ados ou profissionais<\/strong> que procuram qualidade, exclusividade e desempenho. Se voc\u00ea \u00e9 amante do paddle e f\u00e3 de Tapia, esta \u00e9 a sua oportunidade de colocar as m\u00e3os em uma raquete com hist\u00f3ria.<\/p>\n<h2>Por que comprar esta p\u00e1?<\/h2>\n<p>-Edi\u00e7\u00e3o limitada oficial do Premier Padel Buenos Aires.<\/p>\n<p>-Mesmos materiais e especifica\u00e7\u00f5es que Agust\u00edn Tapia utiliza em competi\u00e7\u00e3o.<\/p>\n<p>-Combina tecnologias de ponta e design exclusivo NOX.<\/p>\n<p>-Ideal para jogadores exigentes que procuram precis\u00e3o, pot\u00eancia e controle.<\/p>\n<h2>Adquira agora sua raquete de padel profissional NOX<\/h2>\n<p>N\u00e3o perca a oportunidade de ter uma raquete <strong>ic\u00f4nica, poderosa e colecion\u00e1vel<\/strong>. Ele vive padel com a mesma intensidade que Agust\u00edn Tapia.<\/p>\n<p><strong>Dispon\u00edvel agora em nossa loja online <a href=\"http:\/\/www.revolutionpadelstore.com\/\">www.revolutionpadelstore.com<\/a>, provavelmente ao melhor pre\u00e7o do mercado.<\/strong><\/p>\n","protected":false},"excerpt":{"rendered":"<p>A NOX AT10 Luxury Genius 18K Alum Buenos Aires Limited Edition n\u00e3o \u00e9 apenas uma raquete, \u00e9 uma obra-prima do padel. Criada para verdadeiros entusiastas, esta edi\u00e7\u00e3o limitada presta homenagem \u00e0s ra\u00edzes e ao esp\u00edrito competitivo de Agust\u00edn Tapia, fundindo desempenho de elite e exclusividade absoluta.<\/p>\n","protected":false},"featured_media":294002,"comment_status":"open","ping_status":"closed","template":"","meta":{"_acf_changed":false,"_joinchat":[]},"acabado":[1095],"balance":[1140],"dureza":[1155],"forma":[1185],"jugador":[],"marca":[1260],"nivel-de-juego":[1335],"superficie":[1360],"tipo-de-juego":[1385],"product_brand":[],"product_cat":[300],"product_tag":[],"class_list":{"0":"post-293996","1":"product","2":"type-product","3":"status-publish","4":"has-post-thumbnail","6":"acabado-arenoso-pt-pt","7":"balance-medio-pt-pt","8":"dureza-media-pt-pt","9":"forma-lagrima-pt-pt","10":"marca-nox-pt-pt","11":"superficie-rugosa-pt-pt","12":"tipo-de-juego-polivalente-pt-pt","13":"product_cat-palas","15":"first","16":"instock","17":"sale","18":"taxable","19":"shipping-taxable","20":"purchasable","21":"product-type-simple"},"acf":[],"yoast_head":"<!-- This site is optimized with the Yoast SEO plugin v27.4 - https:\/\/yoast.com\/product\/yoast-seo-wordpress\/ -->\n<title>NOX AT10 LUXURY GENIUS 18K ALUM BUENOS AIRES EXCLUSIVE EDITION - Revolution Padel Store<\/title>\n<meta name=\"description\" content=\"Descubre la NOX AT10 Luxury Genius 18K Alum Buenos Aires Edition, la pala oficial de Agust\u00edn Tapia en edici\u00f3n limitada. M\u00e1ximo control, potencia y dise\u00f1o exclusivo. \u00a1Compra online al mejor precio en Revolution Padel Store!\" \/>\n<meta name=\"robots\" content=\"index, follow, max-snippet:-1, max-image-preview:large, max-video-preview:-1\" \/>\n<link rel=\"canonical\" href=\"https:\/\/revolutionpadelstore.com\/pt-pt\/produto\/nox-at10-luxury-genius-18k-alum-buenos-aires-exclusive-edition-5\/\" \/>\n<meta property=\"og:locale\" content=\"pt_PT\" \/>\n<meta property=\"og:type\" content=\"article\" \/>\n<meta property=\"og:title\" content=\"NOX AT10 LUXURY GENIUS 18K ALUM BUENOS AIRES EXCLUSIVE EDITION - Revolution Padel Store\" \/>\n<meta property=\"og:description\" content=\"Descubre la NOX AT10 Luxury Genius 18K Alum Buenos Aires Edition, la pala oficial de Agust\u00edn Tapia en edici\u00f3n limitada. M\u00e1ximo control, potencia y dise\u00f1o exclusivo. \u00a1Compra online al mejor precio en Revolution Padel Store!\" \/>\n<meta property=\"og:url\" content=\"https:\/\/revolutionpadelstore.com\/pt-pt\/produto\/nox-at10-luxury-genius-18k-alum-buenos-aires-exclusive-edition-5\/\" \/>\n<meta property=\"og:site_name\" content=\"Revolution Padel Store\" \/>\n<meta property=\"article:modified_time\" content=\"2026-04-19T00:01:45+00:00\" \/>\n<meta property=\"og:image\" content=\"https:\/\/revolutionpadelstore.com\/wp-content\/uploads\/2025\/11\/13.png\" \/>\n\t<meta property=\"og:image:width\" content=\"1500\" \/>\n\t<meta property=\"og:image:height\" content=\"1500\" \/>\n\t<meta property=\"og:image:type\" content=\"image\/png\" \/>\n<meta name=\"twitter:card\" content=\"summary_large_image\" \/>\n<meta name=\"twitter:label1\" content=\"Tempo estimado de leitura\" \/>\n\t<meta name=\"twitter:data1\" content=\"2 minutos\" \/>\n<script type=\"application\/ld+json\" class=\"yoast-schema-graph\">{\"@context\":\"https:\\\/\\\/schema.org\",\"@graph\":[{\"@type\":\"WebPage\",\"@id\":\"https:\\\/\\\/revolutionpadelstore.com\\\/pt-pt\\\/produto\\\/nox-at10-luxury-genius-18k-alum-buenos-aires-exclusive-edition-5\\\/\",\"url\":\"https:\\\/\\\/revolutionpadelstore.com\\\/pt-pt\\\/produto\\\/nox-at10-luxury-genius-18k-alum-buenos-aires-exclusive-edition-5\\\/\",\"name\":\"NOX AT10 LUXURY GENIUS 18K ALUM BUENOS AIRES EXCLUSIVE EDITION - Revolution Padel Store\",\"isPartOf\":{\"@id\":\"https:\\\/\\\/revolutionpadelstore.com\\\/pt-pt\\\/#website\"},\"primaryImageOfPage\":{\"@id\":\"https:\\\/\\\/revolutionpadelstore.com\\\/pt-pt\\\/produto\\\/nox-at10-luxury-genius-18k-alum-buenos-aires-exclusive-edition-5\\\/#primaryimage\"},\"image\":{\"@id\":\"https:\\\/\\\/revolutionpadelstore.com\\\/pt-pt\\\/produto\\\/nox-at10-luxury-genius-18k-alum-buenos-aires-exclusive-edition-5\\\/#primaryimage\"},\"thumbnailUrl\":\"https:\\\/\\\/revolutionpadelstore.com\\\/wp-content\\\/uploads\\\/2025\\\/11\\\/13.png\",\"datePublished\":\"2025-11-06T21:50:54+00:00\",\"dateModified\":\"2026-04-19T00:01:45+00:00\",\"description\":\"Descubre la NOX AT10 Luxury Genius 18K Alum Buenos Aires Edition, la pala oficial de Agust\u00edn Tapia en edici\u00f3n limitada. M\u00e1ximo control, potencia y dise\u00f1o exclusivo. \u00a1Compra online al mejor precio en Revolution Padel Store!\",\"breadcrumb\":{\"@id\":\"https:\\\/\\\/revolutionpadelstore.com\\\/pt-pt\\\/produto\\\/nox-at10-luxury-genius-18k-alum-buenos-aires-exclusive-edition-5\\\/#breadcrumb\"},\"inLanguage\":\"pt-PT\",\"potentialAction\":[{\"@type\":\"ReadAction\",\"target\":[\"https:\\\/\\\/revolutionpadelstore.com\\\/pt-pt\\\/produto\\\/nox-at10-luxury-genius-18k-alum-buenos-aires-exclusive-edition-5\\\/\"]}]},{\"@type\":\"ImageObject\",\"inLanguage\":\"pt-PT\",\"@id\":\"https:\\\/\\\/revolutionpadelstore.com\\\/pt-pt\\\/produto\\\/nox-at10-luxury-genius-18k-alum-buenos-aires-exclusive-edition-5\\\/#primaryimage\",\"url\":\"https:\\\/\\\/revolutionpadelstore.com\\\/wp-content\\\/uploads\\\/2025\\\/11\\\/13.png\",\"contentUrl\":\"https:\\\/\\\/revolutionpadelstore.com\\\/wp-content\\\/uploads\\\/2025\\\/11\\\/13.png\",\"width\":1500,\"height\":1500},{\"@type\":\"BreadcrumbList\",\"@id\":\"https:\\\/\\\/revolutionpadelstore.com\\\/pt-pt\\\/produto\\\/nox-at10-luxury-genius-18k-alum-buenos-aires-exclusive-edition-5\\\/#breadcrumb\",\"itemListElement\":[{\"@type\":\"ListItem\",\"position\":1,\"name\":\"Portada\",\"item\":\"https:\\\/\\\/revolutionpadelstore.com\\\/pt-pt\\\/\"},{\"@type\":\"ListItem\",\"position\":2,\"name\":\"Tienda\",\"item\":\"https:\\\/\\\/revolutionpadelstore.com\\\/pt-pt\\\/tienda\\\/\"},{\"@type\":\"ListItem\",\"position\":3,\"name\":\"NOX AT10 LUXURY GENIUS 18K ALUM BUENOS AIRES EXCLUSIVE EDITION\"}]},{\"@type\":\"WebSite\",\"@id\":\"https:\\\/\\\/revolutionpadelstore.com\\\/pt-pt\\\/#website\",\"url\":\"https:\\\/\\\/revolutionpadelstore.com\\\/pt-pt\\\/\",\"name\":\"Revolution Padel Store\",\"description\":\"\",\"publisher\":{\"@id\":\"https:\\\/\\\/revolutionpadelstore.com\\\/pt-pt\\\/#organization\"},\"potentialAction\":[{\"@type\":\"SearchAction\",\"target\":{\"@type\":\"EntryPoint\",\"urlTemplate\":\"https:\\\/\\\/revolutionpadelstore.com\\\/pt-pt\\\/?s={search_term_string}\"},\"query-input\":{\"@type\":\"PropertyValueSpecification\",\"valueRequired\":true,\"valueName\":\"search_term_string\"}}],\"inLanguage\":\"pt-PT\"},{\"@type\":\"Organization\",\"@id\":\"https:\\\/\\\/revolutionpadelstore.com\\\/pt-pt\\\/#organization\",\"name\":\"Revolution Padel Store\",\"url\":\"https:\\\/\\\/revolutionpadelstore.com\\\/pt-pt\\\/\",\"logo\":{\"@type\":\"ImageObject\",\"inLanguage\":\"pt-PT\",\"@id\":\"https:\\\/\\\/revolutionpadelstore.com\\\/pt-pt\\\/#\\\/schema\\\/logo\\\/image\\\/\",\"url\":\"https:\\\/\\\/revolutionpadelstore.com\\\/wp-content\\\/uploads\\\/2026\\\/02\\\/revolution-padel-store.jpg\",\"contentUrl\":\"https:\\\/\\\/revolutionpadelstore.com\\\/wp-content\\\/uploads\\\/2026\\\/02\\\/revolution-padel-store.jpg\",\"width\":2000,\"height\":2000,\"caption\":\"Revolution Padel Store\"},\"image\":{\"@id\":\"https:\\\/\\\/revolutionpadelstore.com\\\/pt-pt\\\/#\\\/schema\\\/logo\\\/image\\\/\"},\"sameAs\":[\"https:\\\/\\\/www.instagram.com\\\/revolutionpadelstore\\\/\"]}]}<\/script>\n<!-- \/ Yoast SEO plugin. -->","yoast_head_json":{"title":"NOX AT10 LUXURY GENIUS 18K ALUM BUENOS AIRES EXCLUSIVE EDITION - Revolution Padel Store","description":"Descubre la NOX AT10 Luxury Genius 18K Alum Buenos Aires Edition, la pala oficial de Agust\u00edn Tapia en edici\u00f3n limitada. M\u00e1ximo control, potencia y dise\u00f1o exclusivo. \u00a1Compra online al mejor precio en Revolution Padel Store!","robots":{"index":"index","follow":"follow","max-snippet":"max-snippet:-1","max-image-preview":"max-image-preview:large","max-video-preview":"max-video-preview:-1"},"canonical":"https:\/\/revolutionpadelstore.com\/pt-pt\/produto\/nox-at10-luxury-genius-18k-alum-buenos-aires-exclusive-edition-5\/","og_locale":"pt_PT","og_type":"article","og_title":"NOX AT10 LUXURY GENIUS 18K ALUM BUENOS AIRES EXCLUSIVE EDITION - Revolution Padel Store","og_description":"Descubre la NOX AT10 Luxury Genius 18K Alum Buenos Aires Edition, la pala oficial de Agust\u00edn Tapia en edici\u00f3n limitada. M\u00e1ximo control, potencia y dise\u00f1o exclusivo. \u00a1Compra online al mejor precio en Revolution Padel Store!","og_url":"https:\/\/revolutionpadelstore.com\/pt-pt\/produto\/nox-at10-luxury-genius-18k-alum-buenos-aires-exclusive-edition-5\/","og_site_name":"Revolution Padel Store","article_modified_time":"2026-04-19T00:01:45+00:00","og_image":[{"width":1500,"height":1500,"url":"https:\/\/revolutionpadelstore.com\/wp-content\/uploads\/2025\/11\/13.png","type":"image\/png"}],"twitter_card":"summary_large_image","twitter_misc":{"Tempo estimado de leitura":"2 minutos"},"schema":{"@context":"https:\/\/schema.org","@graph":[{"@type":"WebPage","@id":"https:\/\/revolutionpadelstore.com\/pt-pt\/produto\/nox-at10-luxury-genius-18k-alum-buenos-aires-exclusive-edition-5\/","url":"https:\/\/revolutionpadelstore.com\/pt-pt\/produto\/nox-at10-luxury-genius-18k-alum-buenos-aires-exclusive-edition-5\/","name":"NOX AT10 LUXURY GENIUS 18K ALUM BUENOS AIRES EXCLUSIVE EDITION - Revolution Padel Store","isPartOf":{"@id":"https:\/\/revolutionpadelstore.com\/pt-pt\/#website"},"primaryImageOfPage":{"@id":"https:\/\/revolutionpadelstore.com\/pt-pt\/produto\/nox-at10-luxury-genius-18k-alum-buenos-aires-exclusive-edition-5\/#primaryimage"},"image":{"@id":"https:\/\/revolutionpadelstore.com\/pt-pt\/produto\/nox-at10-luxury-genius-18k-alum-buenos-aires-exclusive-edition-5\/#primaryimage"},"thumbnailUrl":"https:\/\/revolutionpadelstore.com\/wp-content\/uploads\/2025\/11\/13.png","datePublished":"2025-11-06T21:50:54+00:00","dateModified":"2026-04-19T00:01:45+00:00","description":"Descubre la NOX AT10 Luxury Genius 18K Alum Buenos Aires Edition, la pala oficial de Agust\u00edn Tapia en edici\u00f3n limitada. M\u00e1ximo control, potencia y dise\u00f1o exclusivo. \u00a1Compra online al mejor precio en Revolution Padel Store!","breadcrumb":{"@id":"https:\/\/revolutionpadelstore.com\/pt-pt\/produto\/nox-at10-luxury-genius-18k-alum-buenos-aires-exclusive-edition-5\/#breadcrumb"},"inLanguage":"pt-PT","potentialAction":[{"@type":"ReadAction","target":["https:\/\/revolutionpadelstore.com\/pt-pt\/produto\/nox-at10-luxury-genius-18k-alum-buenos-aires-exclusive-edition-5\/"]}]},{"@type":"ImageObject","inLanguage":"pt-PT","@id":"https:\/\/revolutionpadelstore.com\/pt-pt\/produto\/nox-at10-luxury-genius-18k-alum-buenos-aires-exclusive-edition-5\/#primaryimage","url":"https:\/\/revolutionpadelstore.com\/wp-content\/uploads\/2025\/11\/13.png","contentUrl":"https:\/\/revolutionpadelstore.com\/wp-content\/uploads\/2025\/11\/13.png","width":1500,"height":1500},{"@type":"BreadcrumbList","@id":"https:\/\/revolutionpadelstore.com\/pt-pt\/produto\/nox-at10-luxury-genius-18k-alum-buenos-aires-exclusive-edition-5\/#breadcrumb","itemListElement":[{"@type":"ListItem","position":1,"name":"Portada","item":"https:\/\/revolutionpadelstore.com\/pt-pt\/"},{"@type":"ListItem","position":2,"name":"Tienda","item":"https:\/\/revolutionpadelstore.com\/pt-pt\/tienda\/"},{"@type":"ListItem","position":3,"name":"NOX AT10 LUXURY GENIUS 18K ALUM BUENOS AIRES EXCLUSIVE EDITION"}]},{"@type":"WebSite","@id":"https:\/\/revolutionpadelstore.com\/pt-pt\/#website","url":"https:\/\/revolutionpadelstore.com\/pt-pt\/","name":"Revolution Padel Store","description":"","publisher":{"@id":"https:\/\/revolutionpadelstore.com\/pt-pt\/#organization"},"potentialAction":[{"@type":"SearchAction","target":{"@type":"EntryPoint","urlTemplate":"https:\/\/revolutionpadelstore.com\/pt-pt\/?s={search_term_string}"},"query-input":{"@type":"PropertyValueSpecification","valueRequired":true,"valueName":"search_term_string"}}],"inLanguage":"pt-PT"},{"@type":"Organization","@id":"https:\/\/revolutionpadelstore.com\/pt-pt\/#organization","name":"Revolution Padel Store","url":"https:\/\/revolutionpadelstore.com\/pt-pt\/","logo":{"@type":"ImageObject","inLanguage":"pt-PT","@id":"https:\/\/revolutionpadelstore.com\/pt-pt\/#\/schema\/logo\/image\/","url":"https:\/\/revolutionpadelstore.com\/wp-content\/uploads\/2026\/02\/revolution-padel-store.jpg","contentUrl":"https:\/\/revolutionpadelstore.com\/wp-content\/uploads\/2026\/02\/revolution-padel-store.jpg","width":2000,"height":2000,"caption":"Revolution Padel Store"},"image":{"@id":"https:\/\/revolutionpadelstore.com\/pt-pt\/#\/schema\/logo\/image\/"},"sameAs":["https:\/\/www.instagram.com\/revolutionpadelstore\/"]}]}},"_links":{"self":[{"href":"https:\/\/revolutionpadelstore.com\/pt-pt\/wp-json\/wp\/v2\/product\/293996","targetHints":{"allow":["GET"]}}],"collection":[{"href":"https:\/\/revolutionpadelstore.com\/pt-pt\/wp-json\/wp\/v2\/product"}],"about":[{"href":"https:\/\/revolutionpadelstore.com\/pt-pt\/wp-json\/wp\/v2\/types\/product"}],"replies":[{"embeddable":true,"href":"https:\/\/revolutionpadelstore.com\/pt-pt\/wp-json\/wp\/v2\/comments?post=293996"}],"wp:featuredmedia":[{"embeddable":true,"href":"https:\/\/revolutionpadelstore.com\/pt-pt\/wp-json\/wp\/v2\/media\/294002"}],"wp:attachment":[{"href":"https:\/\/revolutionpadelstore.com\/pt-pt\/wp-json\/wp\/v2\/media?parent=293996"}],"wp:term":[{"taxonomy":"acabado","embeddable":true,"href":"https:\/\/revolutionpadelstore.com\/pt-pt\/wp-json\/wp\/v2\/acabado?post=293996"},{"taxonomy":"balance","embeddable":true,"href":"https:\/\/revolutionpadelstore.com\/pt-pt\/wp-json\/wp\/v2\/balance?post=293996"},{"taxonomy":"dureza","embeddable":true,"href":"https:\/\/revolutionpadelstore.com\/pt-pt\/wp-json\/wp\/v2\/dureza?post=293996"},{"taxonomy":"forma","embeddable":true,"href":"https:\/\/revolutionpadelstore.com\/pt-pt\/wp-json\/wp\/v2\/forma?post=293996"},{"taxonomy":"jugador","embeddable":true,"href":"https:\/\/revolutionpadelstore.com\/pt-pt\/wp-json\/wp\/v2\/jugador?post=293996"},{"taxonomy":"marca","embeddable":true,"href":"https:\/\/revolutionpadelstore.com\/pt-pt\/wp-json\/wp\/v2\/marca?post=293996"},{"taxonomy":"nivel-de-juego","embeddable":true,"href":"https:\/\/revolutionpadelstore.com\/pt-pt\/wp-json\/wp\/v2\/nivel-de-juego?post=293996"},{"taxonomy":"superficie","embeddable":true,"href":"https:\/\/revolutionpadelstore.com\/pt-pt\/wp-json\/wp\/v2\/superficie?post=293996"},{"taxonomy":"tipo-de-juego","embeddable":true,"href":"https:\/\/revolutionpadelstore.com\/pt-pt\/wp-json\/wp\/v2\/tipo-de-juego?post=293996"},{"taxonomy":"product_brand","embeddable":true,"href":"https:\/\/revolutionpadelstore.com\/pt-pt\/wp-json\/wp\/v2\/product_brand?post=293996"},{"taxonomy":"product_cat","embeddable":true,"href":"https:\/\/revolutionpadelstore.com\/pt-pt\/wp-json\/wp\/v2\/product_cat?post=293996"},{"taxonomy":"product_tag","embeddable":true,"href":"https:\/\/revolutionpadelstore.com\/pt-pt\/wp-json\/wp\/v2\/product_tag?post=293996"}],"curies":[{"name":"wp","href":"https:\/\/api.w.org\/{rel}","templated":true}]}}