{"id":293983,"date":"2025-11-06T19:41:08","date_gmt":"2025-11-06T18:41:08","guid":{"rendered":"https:\/\/revolutionpadelstore.com\/pack-de-2-munequeras-enebe\/"},"modified":"2026-04-10T14:02:53","modified_gmt":"2026-04-10T12:02:53","slug":"pack-de-2-munequeras-enebe-5","status":"publish","type":"product","link":"https:\/\/revolutionpadelstore.com\/pt-pt\/produto\/pack-de-2-munequeras-enebe-5\/","title":{"rendered":"PACK DE 2 MU\u00d1EQUERAS ENEBE"},"content":{"rendered":"<h2>Pacote de 2 pulseiras de remo \u2013 branca e preta \u2013 respir\u00e1veis e ajust\u00e1veis<\/h2>\n<p>Descubra o pack de 2 pulseiras especialmente desenhadas para jogadores de padel que procuram prote\u00e7\u00e3o extra, conforto e estilo em cada partida. Este conjunto inclui uma pulseira branca e uma preta, ideais para combinar com qualquer equipamento.<\/p>\n<p>Confeccionados com fibras de alta qualidade como algod\u00e3o, poliamida, viscose e elastano, oferecem excelente adaptabilidade ao pulso, permitindo liberdade de movimentos e ajuste seguro. Sua composi\u00e7\u00e3o garante \u00f3tima respirabilidade, evitando o ac\u00famulo de suor e melhorando a ader\u00eancia da raquete nas trocas mais intensas.<\/p>\n<h2>Caracter\u00edsticas t\u00e9cnicas<\/h2>\n<p><strong>-Inclui 2 pulseiras<\/strong>: 1 branca e 1 preta<\/p>\n<p><strong>-Materiais premium<\/strong>:<\/p>\n<p>69% Algod\u00e3o<\/p>\n<p>22% Poliamida<\/p>\n<p>5% Viscose<\/p>\n<p>4% Elastano<\/p>\n<p><strong>-Largura<\/strong>: 8 cm<\/p>\n<p><strong>-Alta respirabilidade<\/strong>: Evita a transpira\u00e7\u00e3o excessiva<\/p>\n<p><strong>-Design ergon\u00f4mico<\/strong>: cabe perfeitamente em qualquer pulso<\/p>\n<p><strong>-Apresenta\u00e7\u00e3o<\/strong>: Entregue em um pr\u00e1tico blister<\/p>\n<h2>Benef\u00edcios em destaque<\/h2>\n<p>-Melhora o desempenho reduzindo a umidade nas m\u00e3os<\/p>\n<p>-Protege os pulsos durante impactos e movimentos intensos<\/p>\n<p>-Combina\u00e7\u00e3o de cores vers\u00e1til e moderna<\/p>\n<p>-Ideal para treinos e competi\u00e7\u00f5es<\/p>\n<h2>Por que escolher este pacote?<\/h2>\n<p>Perfeito para jogadores que procuram acess\u00f3rios funcionais e dur\u00e1veis. Quer esteja a come\u00e7ar ou j\u00e1 compita a um n\u00edvel avan\u00e7ado, este pack de pulseiras ser\u00e1 o seu aliado ideal em campo.<\/p>\n<p><strong>Pe\u00e7a agora e eleve seu jogo com estilo e conforto!<\/strong><br \/>\nProduto dispon\u00edvel em nossa loja online <a href=\"https:\/\/www.revolutionpadelstore.com\/\">www.revolutionpadelstore.com<\/a>, provavelmente ao melhor pre\u00e7o do mercado.<\/p>\n<h2>Pack de 2 Mu\u00f1equeras de P\u00e1del \u2013 Blanca y Negra &#8211; Transpirables y Ajustables<\/h2>\n","protected":false},"excerpt":{"rendered":"<p>Pacote de 2 pulseiras de remo \u2013 branca e preta \u2013 respir\u00e1veis e ajust\u00e1veis Descubra o pack de 2 pulseiras especialmente desenhadas para jogadores de padel que procuram prote\u00e7\u00e3o extra, conforto e estilo em cada partida. Este conjunto inclui uma pulseira branca e uma preta, ideais para combinar com qualquer equipamento. Confeccionados com fibras de [&hellip;]<\/p>\n","protected":false},"featured_media":293978,"comment_status":"open","ping_status":"closed","template":"","meta":{"_acf_changed":false,"_joinchat":[]},"acabado":[],"balance":[],"dureza":[],"forma":[],"jugador":[],"marca":[1295],"nivel-de-juego":[],"superficie":[],"tipo-de-juego":[],"product_brand":[],"product_cat":[559],"product_tag":[],"class_list":{"0":"post-293983","1":"product","2":"type-product","3":"status-publish","4":"has-post-thumbnail","6":"marca-enebe-pt-pt","7":"product_cat-acessorios","9":"first","10":"instock","11":"sale","12":"taxable","13":"shipping-taxable","14":"purchasable","15":"product-type-simple"},"acf":[],"yoast_head":"<!-- This site is optimized with the Yoast SEO plugin v27.4 - https:\/\/yoast.com\/product\/yoast-seo-wordpress\/ -->\n<title>PACK DE 2 MU\u00d1EQUERAS ENEBE - Revolution Padel Store<\/title>\n<meta name=\"description\" content=\"Pack de 2 mu\u00f1equeras de p\u00e1del (blanca y negra) con ajuste perfecto y tejido transpirable. Protege tus mu\u00f1ecas y mejora tu rendimiento. \u00a1C\u00f3mpralas online al mejor precio en Revolution Padel Store!\" \/>\n<meta name=\"robots\" content=\"index, follow, max-snippet:-1, max-image-preview:large, max-video-preview:-1\" \/>\n<link rel=\"canonical\" href=\"https:\/\/revolutionpadelstore.com\/pt-pt\/produto\/pack-de-2-munequeras-enebe-5\/\" \/>\n<meta property=\"og:locale\" content=\"pt_PT\" \/>\n<meta property=\"og:type\" content=\"article\" \/>\n<meta property=\"og:title\" content=\"PACK DE 2 MU\u00d1EQUERAS ENEBE - Revolution Padel Store\" \/>\n<meta property=\"og:description\" content=\"Pack de 2 mu\u00f1equeras de p\u00e1del (blanca y negra) con ajuste perfecto y tejido transpirable. Protege tus mu\u00f1ecas y mejora tu rendimiento. \u00a1C\u00f3mpralas online al mejor precio en Revolution Padel Store!\" \/>\n<meta property=\"og:url\" content=\"https:\/\/revolutionpadelstore.com\/pt-pt\/produto\/pack-de-2-munequeras-enebe-5\/\" \/>\n<meta property=\"og:site_name\" content=\"Revolution Padel Store\" \/>\n<meta property=\"article:modified_time\" content=\"2026-04-10T12:02:53+00:00\" \/>\n<meta property=\"og:image\" content=\"https:\/\/revolutionpadelstore.com\/wp-content\/uploads\/2025\/11\/FOTO-PALAS-38.png\" \/>\n\t<meta property=\"og:image:width\" content=\"1500\" \/>\n\t<meta property=\"og:image:height\" content=\"1500\" \/>\n\t<meta property=\"og:image:type\" content=\"image\/png\" \/>\n<meta name=\"twitter:card\" content=\"summary_large_image\" \/>\n<meta name=\"twitter:label1\" content=\"Tempo estimado de leitura\" \/>\n\t<meta name=\"twitter:data1\" content=\"1 minuto\" \/>\n<script type=\"application\/ld+json\" class=\"yoast-schema-graph\">{\"@context\":\"https:\\\/\\\/schema.org\",\"@graph\":[{\"@type\":\"WebPage\",\"@id\":\"https:\\\/\\\/revolutionpadelstore.com\\\/pt-pt\\\/produto\\\/pack-de-2-munequeras-enebe-5\\\/\",\"url\":\"https:\\\/\\\/revolutionpadelstore.com\\\/pt-pt\\\/produto\\\/pack-de-2-munequeras-enebe-5\\\/\",\"name\":\"PACK DE 2 MU\u00d1EQUERAS ENEBE - Revolution Padel Store\",\"isPartOf\":{\"@id\":\"https:\\\/\\\/revolutionpadelstore.com\\\/pt-pt\\\/#website\"},\"primaryImageOfPage\":{\"@id\":\"https:\\\/\\\/revolutionpadelstore.com\\\/pt-pt\\\/produto\\\/pack-de-2-munequeras-enebe-5\\\/#primaryimage\"},\"image\":{\"@id\":\"https:\\\/\\\/revolutionpadelstore.com\\\/pt-pt\\\/produto\\\/pack-de-2-munequeras-enebe-5\\\/#primaryimage\"},\"thumbnailUrl\":\"https:\\\/\\\/revolutionpadelstore.com\\\/wp-content\\\/uploads\\\/2025\\\/11\\\/FOTO-PALAS-38.png\",\"datePublished\":\"2025-11-06T18:41:08+00:00\",\"dateModified\":\"2026-04-10T12:02:53+00:00\",\"description\":\"Pack de 2 mu\u00f1equeras de p\u00e1del (blanca y negra) con ajuste perfecto y tejido transpirable. Protege tus mu\u00f1ecas y mejora tu rendimiento. \u00a1C\u00f3mpralas online al mejor precio en Revolution Padel Store!\",\"breadcrumb\":{\"@id\":\"https:\\\/\\\/revolutionpadelstore.com\\\/pt-pt\\\/produto\\\/pack-de-2-munequeras-enebe-5\\\/#breadcrumb\"},\"inLanguage\":\"pt-PT\",\"potentialAction\":[{\"@type\":\"ReadAction\",\"target\":[\"https:\\\/\\\/revolutionpadelstore.com\\\/pt-pt\\\/produto\\\/pack-de-2-munequeras-enebe-5\\\/\"]}]},{\"@type\":\"ImageObject\",\"inLanguage\":\"pt-PT\",\"@id\":\"https:\\\/\\\/revolutionpadelstore.com\\\/pt-pt\\\/produto\\\/pack-de-2-munequeras-enebe-5\\\/#primaryimage\",\"url\":\"https:\\\/\\\/revolutionpadelstore.com\\\/wp-content\\\/uploads\\\/2025\\\/11\\\/FOTO-PALAS-38.png\",\"contentUrl\":\"https:\\\/\\\/revolutionpadelstore.com\\\/wp-content\\\/uploads\\\/2025\\\/11\\\/FOTO-PALAS-38.png\",\"width\":1500,\"height\":1500},{\"@type\":\"BreadcrumbList\",\"@id\":\"https:\\\/\\\/revolutionpadelstore.com\\\/pt-pt\\\/produto\\\/pack-de-2-munequeras-enebe-5\\\/#breadcrumb\",\"itemListElement\":[{\"@type\":\"ListItem\",\"position\":1,\"name\":\"Portada\",\"item\":\"https:\\\/\\\/revolutionpadelstore.com\\\/pt-pt\\\/\"},{\"@type\":\"ListItem\",\"position\":2,\"name\":\"Tienda\",\"item\":\"https:\\\/\\\/revolutionpadelstore.com\\\/pt-pt\\\/tienda\\\/\"},{\"@type\":\"ListItem\",\"position\":3,\"name\":\"PACK DE 2 MU\u00d1EQUERAS ENEBE\"}]},{\"@type\":\"WebSite\",\"@id\":\"https:\\\/\\\/revolutionpadelstore.com\\\/pt-pt\\\/#website\",\"url\":\"https:\\\/\\\/revolutionpadelstore.com\\\/pt-pt\\\/\",\"name\":\"Revolution Padel Store\",\"description\":\"\",\"publisher\":{\"@id\":\"https:\\\/\\\/revolutionpadelstore.com\\\/pt-pt\\\/#organization\"},\"potentialAction\":[{\"@type\":\"SearchAction\",\"target\":{\"@type\":\"EntryPoint\",\"urlTemplate\":\"https:\\\/\\\/revolutionpadelstore.com\\\/pt-pt\\\/?s={search_term_string}\"},\"query-input\":{\"@type\":\"PropertyValueSpecification\",\"valueRequired\":true,\"valueName\":\"search_term_string\"}}],\"inLanguage\":\"pt-PT\"},{\"@type\":\"Organization\",\"@id\":\"https:\\\/\\\/revolutionpadelstore.com\\\/pt-pt\\\/#organization\",\"name\":\"Revolution Padel Store\",\"url\":\"https:\\\/\\\/revolutionpadelstore.com\\\/pt-pt\\\/\",\"logo\":{\"@type\":\"ImageObject\",\"inLanguage\":\"pt-PT\",\"@id\":\"https:\\\/\\\/revolutionpadelstore.com\\\/pt-pt\\\/#\\\/schema\\\/logo\\\/image\\\/\",\"url\":\"https:\\\/\\\/revolutionpadelstore.com\\\/wp-content\\\/uploads\\\/2026\\\/02\\\/revolution-padel-store.jpg\",\"contentUrl\":\"https:\\\/\\\/revolutionpadelstore.com\\\/wp-content\\\/uploads\\\/2026\\\/02\\\/revolution-padel-store.jpg\",\"width\":2000,\"height\":2000,\"caption\":\"Revolution Padel Store\"},\"image\":{\"@id\":\"https:\\\/\\\/revolutionpadelstore.com\\\/pt-pt\\\/#\\\/schema\\\/logo\\\/image\\\/\"},\"sameAs\":[\"https:\\\/\\\/www.instagram.com\\\/revolutionpadelstore\\\/\"]}]}<\/script>\n<!-- \/ Yoast SEO plugin. -->","yoast_head_json":{"title":"PACK DE 2 MU\u00d1EQUERAS ENEBE - Revolution Padel Store","description":"Pack de 2 mu\u00f1equeras de p\u00e1del (blanca y negra) con ajuste perfecto y tejido transpirable. Protege tus mu\u00f1ecas y mejora tu rendimiento. \u00a1C\u00f3mpralas online al mejor precio en Revolution Padel Store!","robots":{"index":"index","follow":"follow","max-snippet":"max-snippet:-1","max-image-preview":"max-image-preview:large","max-video-preview":"max-video-preview:-1"},"canonical":"https:\/\/revolutionpadelstore.com\/pt-pt\/produto\/pack-de-2-munequeras-enebe-5\/","og_locale":"pt_PT","og_type":"article","og_title":"PACK DE 2 MU\u00d1EQUERAS ENEBE - Revolution Padel Store","og_description":"Pack de 2 mu\u00f1equeras de p\u00e1del (blanca y negra) con ajuste perfecto y tejido transpirable. Protege tus mu\u00f1ecas y mejora tu rendimiento. \u00a1C\u00f3mpralas online al mejor precio en Revolution Padel Store!","og_url":"https:\/\/revolutionpadelstore.com\/pt-pt\/produto\/pack-de-2-munequeras-enebe-5\/","og_site_name":"Revolution Padel Store","article_modified_time":"2026-04-10T12:02:53+00:00","og_image":[{"width":1500,"height":1500,"url":"https:\/\/revolutionpadelstore.com\/wp-content\/uploads\/2025\/11\/FOTO-PALAS-38.png","type":"image\/png"}],"twitter_card":"summary_large_image","twitter_misc":{"Tempo estimado de leitura":"1 minuto"},"schema":{"@context":"https:\/\/schema.org","@graph":[{"@type":"WebPage","@id":"https:\/\/revolutionpadelstore.com\/pt-pt\/produto\/pack-de-2-munequeras-enebe-5\/","url":"https:\/\/revolutionpadelstore.com\/pt-pt\/produto\/pack-de-2-munequeras-enebe-5\/","name":"PACK DE 2 MU\u00d1EQUERAS ENEBE - Revolution Padel Store","isPartOf":{"@id":"https:\/\/revolutionpadelstore.com\/pt-pt\/#website"},"primaryImageOfPage":{"@id":"https:\/\/revolutionpadelstore.com\/pt-pt\/produto\/pack-de-2-munequeras-enebe-5\/#primaryimage"},"image":{"@id":"https:\/\/revolutionpadelstore.com\/pt-pt\/produto\/pack-de-2-munequeras-enebe-5\/#primaryimage"},"thumbnailUrl":"https:\/\/revolutionpadelstore.com\/wp-content\/uploads\/2025\/11\/FOTO-PALAS-38.png","datePublished":"2025-11-06T18:41:08+00:00","dateModified":"2026-04-10T12:02:53+00:00","description":"Pack de 2 mu\u00f1equeras de p\u00e1del (blanca y negra) con ajuste perfecto y tejido transpirable. Protege tus mu\u00f1ecas y mejora tu rendimiento. \u00a1C\u00f3mpralas online al mejor precio en Revolution Padel Store!","breadcrumb":{"@id":"https:\/\/revolutionpadelstore.com\/pt-pt\/produto\/pack-de-2-munequeras-enebe-5\/#breadcrumb"},"inLanguage":"pt-PT","potentialAction":[{"@type":"ReadAction","target":["https:\/\/revolutionpadelstore.com\/pt-pt\/produto\/pack-de-2-munequeras-enebe-5\/"]}]},{"@type":"ImageObject","inLanguage":"pt-PT","@id":"https:\/\/revolutionpadelstore.com\/pt-pt\/produto\/pack-de-2-munequeras-enebe-5\/#primaryimage","url":"https:\/\/revolutionpadelstore.com\/wp-content\/uploads\/2025\/11\/FOTO-PALAS-38.png","contentUrl":"https:\/\/revolutionpadelstore.com\/wp-content\/uploads\/2025\/11\/FOTO-PALAS-38.png","width":1500,"height":1500},{"@type":"BreadcrumbList","@id":"https:\/\/revolutionpadelstore.com\/pt-pt\/produto\/pack-de-2-munequeras-enebe-5\/#breadcrumb","itemListElement":[{"@type":"ListItem","position":1,"name":"Portada","item":"https:\/\/revolutionpadelstore.com\/pt-pt\/"},{"@type":"ListItem","position":2,"name":"Tienda","item":"https:\/\/revolutionpadelstore.com\/pt-pt\/tienda\/"},{"@type":"ListItem","position":3,"name":"PACK DE 2 MU\u00d1EQUERAS ENEBE"}]},{"@type":"WebSite","@id":"https:\/\/revolutionpadelstore.com\/pt-pt\/#website","url":"https:\/\/revolutionpadelstore.com\/pt-pt\/","name":"Revolution Padel Store","description":"","publisher":{"@id":"https:\/\/revolutionpadelstore.com\/pt-pt\/#organization"},"potentialAction":[{"@type":"SearchAction","target":{"@type":"EntryPoint","urlTemplate":"https:\/\/revolutionpadelstore.com\/pt-pt\/?s={search_term_string}"},"query-input":{"@type":"PropertyValueSpecification","valueRequired":true,"valueName":"search_term_string"}}],"inLanguage":"pt-PT"},{"@type":"Organization","@id":"https:\/\/revolutionpadelstore.com\/pt-pt\/#organization","name":"Revolution Padel Store","url":"https:\/\/revolutionpadelstore.com\/pt-pt\/","logo":{"@type":"ImageObject","inLanguage":"pt-PT","@id":"https:\/\/revolutionpadelstore.com\/pt-pt\/#\/schema\/logo\/image\/","url":"https:\/\/revolutionpadelstore.com\/wp-content\/uploads\/2026\/02\/revolution-padel-store.jpg","contentUrl":"https:\/\/revolutionpadelstore.com\/wp-content\/uploads\/2026\/02\/revolution-padel-store.jpg","width":2000,"height":2000,"caption":"Revolution Padel Store"},"image":{"@id":"https:\/\/revolutionpadelstore.com\/pt-pt\/#\/schema\/logo\/image\/"},"sameAs":["https:\/\/www.instagram.com\/revolutionpadelstore\/"]}]}},"_links":{"self":[{"href":"https:\/\/revolutionpadelstore.com\/pt-pt\/wp-json\/wp\/v2\/product\/293983","targetHints":{"allow":["GET"]}}],"collection":[{"href":"https:\/\/revolutionpadelstore.com\/pt-pt\/wp-json\/wp\/v2\/product"}],"about":[{"href":"https:\/\/revolutionpadelstore.com\/pt-pt\/wp-json\/wp\/v2\/types\/product"}],"replies":[{"embeddable":true,"href":"https:\/\/revolutionpadelstore.com\/pt-pt\/wp-json\/wp\/v2\/comments?post=293983"}],"wp:featuredmedia":[{"embeddable":true,"href":"https:\/\/revolutionpadelstore.com\/pt-pt\/wp-json\/wp\/v2\/media\/293978"}],"wp:attachment":[{"href":"https:\/\/revolutionpadelstore.com\/pt-pt\/wp-json\/wp\/v2\/media?parent=293983"}],"wp:term":[{"taxonomy":"acabado","embeddable":true,"href":"https:\/\/revolutionpadelstore.com\/pt-pt\/wp-json\/wp\/v2\/acabado?post=293983"},{"taxonomy":"balance","embeddable":true,"href":"https:\/\/revolutionpadelstore.com\/pt-pt\/wp-json\/wp\/v2\/balance?post=293983"},{"taxonomy":"dureza","embeddable":true,"href":"https:\/\/revolutionpadelstore.com\/pt-pt\/wp-json\/wp\/v2\/dureza?post=293983"},{"taxonomy":"forma","embeddable":true,"href":"https:\/\/revolutionpadelstore.com\/pt-pt\/wp-json\/wp\/v2\/forma?post=293983"},{"taxonomy":"jugador","embeddable":true,"href":"https:\/\/revolutionpadelstore.com\/pt-pt\/wp-json\/wp\/v2\/jugador?post=293983"},{"taxonomy":"marca","embeddable":true,"href":"https:\/\/revolutionpadelstore.com\/pt-pt\/wp-json\/wp\/v2\/marca?post=293983"},{"taxonomy":"nivel-de-juego","embeddable":true,"href":"https:\/\/revolutionpadelstore.com\/pt-pt\/wp-json\/wp\/v2\/nivel-de-juego?post=293983"},{"taxonomy":"superficie","embeddable":true,"href":"https:\/\/revolutionpadelstore.com\/pt-pt\/wp-json\/wp\/v2\/superficie?post=293983"},{"taxonomy":"tipo-de-juego","embeddable":true,"href":"https:\/\/revolutionpadelstore.com\/pt-pt\/wp-json\/wp\/v2\/tipo-de-juego?post=293983"},{"taxonomy":"product_brand","embeddable":true,"href":"https:\/\/revolutionpadelstore.com\/pt-pt\/wp-json\/wp\/v2\/product_brand?post=293983"},{"taxonomy":"product_cat","embeddable":true,"href":"https:\/\/revolutionpadelstore.com\/pt-pt\/wp-json\/wp\/v2\/product_cat?post=293983"},{"taxonomy":"product_tag","embeddable":true,"href":"https:\/\/revolutionpadelstore.com\/pt-pt\/wp-json\/wp\/v2\/product_tag?post=293983"}],"curies":[{"name":"wp","href":"https:\/\/api.w.org\/{rel}","templated":true}]}}