{"id":270779,"date":"2025-10-07T23:56:16","date_gmt":"2025-10-07T21:56:16","guid":{"rendered":"https:\/\/revolutionpadelstore.com\/sudadera-bullpadel-naron-bg-azul-oscuro\/"},"modified":"2026-04-08T03:33:22","modified_gmt":"2026-04-08T01:33:22","slug":"sudadera-bullpadel-naron-bg-azul-oscuro-5","status":"publish","type":"product","link":"https:\/\/revolutionpadelstore.com\/pt-pt\/produto\/sudadera-bullpadel-naron-bg-azul-oscuro-5\/","title":{"rendered":"SUDADERA BULLPADEL NARON BG AZUL OSCURO"},"content":{"rendered":"<h2><strong>Moletom t\u00e9cnico Bea Gonz\u00e1lez \u2013 Estilo exclusivo e conforto premium<\/strong><\/h2>\n<p>Mostre o estilo e o car\u00e1ter de um profissional com este <strong>moletom de paddle com capuz ajust\u00e1vel<\/strong>, assinado nas costas pela jogadora de elite <strong>Bea Gonz\u00e1lez<\/strong>. Um design pensado para jogadores que procuram desempenho, eleg\u00e2ncia e exclusividade dentro e fora da quadra.<\/p>\n<h2><strong>Recursos:<\/strong><\/h2>\n<p><strong>-Capuz ajust\u00e1vel com detalhe personalizado<\/strong> na borda, que proporciona um toque \u00fanico e moderno.<\/p>\n<p><strong>Tecido t\u00e9cnico Elastic Interlock<\/strong>, mistura de poli\u00e9ster e viscose, que garante maciez, elasticidade e durabilidade.<\/p>\n<p><strong>Bolsos laterais funcionais<\/strong>, ideais para manter as m\u00e3os aquecidas ou guardar pequenos itens.<\/p>\n<p><strong>-Assinatura exclusiva de Bea Gonz\u00e1lez nas costas<\/strong>, um selo de autenticidade e estilo profissional.<\/p>\n<h2><strong>Benef\u00edcios para o paddle:<\/strong><\/h2>\n<p>-Conforto t\u00e9rmico ideal para treinos, jogos ou para usar no dia a dia.<\/p>\n<p>-Estilo esportivo e elegante, inspirado em um dos melhores jogadores do circuito profissional.<\/p>\n<p>-Ajuste ergon\u00f4mico que se adapta ao corpo sem limitar os movimentos.<\/p>\n<p>&#8211; Design premium que combina desempenho e exclusividade.<\/p>\n<p>-Perfeito para usar antes ou depois do jogo, ou como parte do seu look desportivo di\u00e1rio. Esta sweatshirt representa a fus\u00e3o ideal entre tecnologia t\u00eaxtil e design profissional.<\/p>\n<p><strong>Dispon\u00edvel agora em <a href=\"http:\/\/www.revolutionpadelstore.com\/\">www.revolutionpadelstore.com<\/a>, provavelmente ao melhor pre\u00e7o do mercado. Compre o moletom Bea Gonz\u00e1lez e use paddle com orgulho!<\/strong><\/p>\n","protected":false},"excerpt":{"rendered":"<p>Sweatshirt com capuz ajust\u00e1vel e assinatura da jogadora <strong>Bea Gonz\u00e1lez<\/strong> nas costas.<strong>Bea Gonz\u00e1lez<\/strong><\/p>\n","protected":false},"featured_media":270741,"comment_status":"open","ping_status":"closed","template":"","meta":{"_acf_changed":false,"_joinchat":[]},"acabado":[],"balance":[],"dureza":[],"forma":[],"jugador":[],"marca":[1255],"nivel-de-juego":[],"superficie":[],"tipo-de-juego":[],"product_brand":[],"product_cat":[330],"product_tag":[],"class_list":{"0":"post-270779","1":"product","2":"type-product","3":"status-publish","4":"has-post-thumbnail","6":"marca-bullpadel-pt-pt","7":"product_cat-roupa","9":"first","10":"outofstock","11":"sale","12":"taxable","13":"shipping-taxable","14":"purchasable","15":"product-type-variable"},"acf":[],"yoast_head":"<!-- This site is optimized with the Yoast SEO plugin v27.4 - https:\/\/yoast.com\/product\/yoast-seo-wordpress\/ -->\n<title>SUDADERA BULLPADEL NARON BG AZUL OSCURO - Revolution Padel Store<\/title>\n<meta name=\"description\" content=\"Sudadera de p\u00e1del con capucha ajustable y firma de Bea Gonz\u00e1lez. Tejido el\u00e1stico Interlock con viscosa, bolsillos laterales y dise\u00f1o exclusivo. \u00a1C\u00f3mprala en Revolution Padel Store!\" \/>\n<meta name=\"robots\" content=\"index, follow, max-snippet:-1, max-image-preview:large, max-video-preview:-1\" \/>\n<link rel=\"canonical\" href=\"https:\/\/revolutionpadelstore.com\/pt-pt\/produto\/sudadera-bullpadel-naron-bg-azul-oscuro-5\/\" \/>\n<meta property=\"og:locale\" content=\"pt_PT\" \/>\n<meta property=\"og:type\" content=\"article\" \/>\n<meta property=\"og:title\" content=\"SUDADERA BULLPADEL NARON BG AZUL OSCURO - Revolution Padel Store\" \/>\n<meta property=\"og:description\" content=\"Sudadera de p\u00e1del con capucha ajustable y firma de Bea Gonz\u00e1lez. Tejido el\u00e1stico Interlock con viscosa, bolsillos laterales y dise\u00f1o exclusivo. \u00a1C\u00f3mprala en Revolution Padel Store!\" \/>\n<meta property=\"og:url\" content=\"https:\/\/revolutionpadelstore.com\/pt-pt\/produto\/sudadera-bullpadel-naron-bg-azul-oscuro-5\/\" \/>\n<meta property=\"og:site_name\" content=\"Revolution Padel Store\" \/>\n<meta property=\"article:modified_time\" content=\"2026-04-08T01:33:22+00:00\" \/>\n<meta property=\"og:image\" content=\"https:\/\/revolutionpadelstore.com\/wp-content\/uploads\/2025\/10\/455.png\" \/>\n\t<meta property=\"og:image:width\" content=\"1500\" \/>\n\t<meta property=\"og:image:height\" content=\"1500\" \/>\n\t<meta property=\"og:image:type\" content=\"image\/png\" \/>\n<meta name=\"twitter:card\" content=\"summary_large_image\" \/>\n<meta name=\"twitter:label1\" content=\"Tempo estimado de leitura\" \/>\n\t<meta name=\"twitter:data1\" content=\"1 minuto\" \/>\n<script type=\"application\/ld+json\" class=\"yoast-schema-graph\">{\"@context\":\"https:\\\/\\\/schema.org\",\"@graph\":[{\"@type\":\"WebPage\",\"@id\":\"https:\\\/\\\/revolutionpadelstore.com\\\/pt-pt\\\/produto\\\/sudadera-bullpadel-naron-bg-azul-oscuro-5\\\/\",\"url\":\"https:\\\/\\\/revolutionpadelstore.com\\\/pt-pt\\\/produto\\\/sudadera-bullpadel-naron-bg-azul-oscuro-5\\\/\",\"name\":\"SUDADERA BULLPADEL NARON BG AZUL OSCURO - Revolution Padel Store\",\"isPartOf\":{\"@id\":\"https:\\\/\\\/revolutionpadelstore.com\\\/pt-pt\\\/#website\"},\"primaryImageOfPage\":{\"@id\":\"https:\\\/\\\/revolutionpadelstore.com\\\/pt-pt\\\/produto\\\/sudadera-bullpadel-naron-bg-azul-oscuro-5\\\/#primaryimage\"},\"image\":{\"@id\":\"https:\\\/\\\/revolutionpadelstore.com\\\/pt-pt\\\/produto\\\/sudadera-bullpadel-naron-bg-azul-oscuro-5\\\/#primaryimage\"},\"thumbnailUrl\":\"https:\\\/\\\/revolutionpadelstore.com\\\/wp-content\\\/uploads\\\/2025\\\/10\\\/455.png\",\"datePublished\":\"2025-10-07T21:56:16+00:00\",\"dateModified\":\"2026-04-08T01:33:22+00:00\",\"description\":\"Sudadera de p\u00e1del con capucha ajustable y firma de Bea Gonz\u00e1lez. Tejido el\u00e1stico Interlock con viscosa, bolsillos laterales y dise\u00f1o exclusivo. \u00a1C\u00f3mprala en Revolution Padel Store!\",\"breadcrumb\":{\"@id\":\"https:\\\/\\\/revolutionpadelstore.com\\\/pt-pt\\\/produto\\\/sudadera-bullpadel-naron-bg-azul-oscuro-5\\\/#breadcrumb\"},\"inLanguage\":\"pt-PT\",\"potentialAction\":[{\"@type\":\"ReadAction\",\"target\":[\"https:\\\/\\\/revolutionpadelstore.com\\\/pt-pt\\\/produto\\\/sudadera-bullpadel-naron-bg-azul-oscuro-5\\\/\"]}]},{\"@type\":\"ImageObject\",\"inLanguage\":\"pt-PT\",\"@id\":\"https:\\\/\\\/revolutionpadelstore.com\\\/pt-pt\\\/produto\\\/sudadera-bullpadel-naron-bg-azul-oscuro-5\\\/#primaryimage\",\"url\":\"https:\\\/\\\/revolutionpadelstore.com\\\/wp-content\\\/uploads\\\/2025\\\/10\\\/455.png\",\"contentUrl\":\"https:\\\/\\\/revolutionpadelstore.com\\\/wp-content\\\/uploads\\\/2025\\\/10\\\/455.png\",\"width\":1500,\"height\":1500},{\"@type\":\"BreadcrumbList\",\"@id\":\"https:\\\/\\\/revolutionpadelstore.com\\\/pt-pt\\\/produto\\\/sudadera-bullpadel-naron-bg-azul-oscuro-5\\\/#breadcrumb\",\"itemListElement\":[{\"@type\":\"ListItem\",\"position\":1,\"name\":\"Portada\",\"item\":\"https:\\\/\\\/revolutionpadelstore.com\\\/pt-pt\\\/\"},{\"@type\":\"ListItem\",\"position\":2,\"name\":\"Tienda\",\"item\":\"https:\\\/\\\/revolutionpadelstore.com\\\/pt-pt\\\/tienda\\\/\"},{\"@type\":\"ListItem\",\"position\":3,\"name\":\"SUDADERA BULLPADEL NARON BG AZUL OSCURO\"}]},{\"@type\":\"WebSite\",\"@id\":\"https:\\\/\\\/revolutionpadelstore.com\\\/pt-pt\\\/#website\",\"url\":\"https:\\\/\\\/revolutionpadelstore.com\\\/pt-pt\\\/\",\"name\":\"Revolution Padel Store\",\"description\":\"\",\"publisher\":{\"@id\":\"https:\\\/\\\/revolutionpadelstore.com\\\/pt-pt\\\/#organization\"},\"potentialAction\":[{\"@type\":\"SearchAction\",\"target\":{\"@type\":\"EntryPoint\",\"urlTemplate\":\"https:\\\/\\\/revolutionpadelstore.com\\\/pt-pt\\\/?s={search_term_string}\"},\"query-input\":{\"@type\":\"PropertyValueSpecification\",\"valueRequired\":true,\"valueName\":\"search_term_string\"}}],\"inLanguage\":\"pt-PT\"},{\"@type\":\"Organization\",\"@id\":\"https:\\\/\\\/revolutionpadelstore.com\\\/pt-pt\\\/#organization\",\"name\":\"Revolution Padel Store\",\"url\":\"https:\\\/\\\/revolutionpadelstore.com\\\/pt-pt\\\/\",\"logo\":{\"@type\":\"ImageObject\",\"inLanguage\":\"pt-PT\",\"@id\":\"https:\\\/\\\/revolutionpadelstore.com\\\/pt-pt\\\/#\\\/schema\\\/logo\\\/image\\\/\",\"url\":\"https:\\\/\\\/revolutionpadelstore.com\\\/wp-content\\\/uploads\\\/2026\\\/02\\\/revolution-padel-store.jpg\",\"contentUrl\":\"https:\\\/\\\/revolutionpadelstore.com\\\/wp-content\\\/uploads\\\/2026\\\/02\\\/revolution-padel-store.jpg\",\"width\":2000,\"height\":2000,\"caption\":\"Revolution Padel Store\"},\"image\":{\"@id\":\"https:\\\/\\\/revolutionpadelstore.com\\\/pt-pt\\\/#\\\/schema\\\/logo\\\/image\\\/\"},\"sameAs\":[\"https:\\\/\\\/www.instagram.com\\\/revolutionpadelstore\\\/\"]}]}<\/script>\n<!-- \/ Yoast SEO plugin. -->","yoast_head_json":{"title":"SUDADERA BULLPADEL NARON BG AZUL OSCURO - Revolution Padel Store","description":"Sudadera de p\u00e1del con capucha ajustable y firma de Bea Gonz\u00e1lez. Tejido el\u00e1stico Interlock con viscosa, bolsillos laterales y dise\u00f1o exclusivo. \u00a1C\u00f3mprala en Revolution Padel Store!","robots":{"index":"index","follow":"follow","max-snippet":"max-snippet:-1","max-image-preview":"max-image-preview:large","max-video-preview":"max-video-preview:-1"},"canonical":"https:\/\/revolutionpadelstore.com\/pt-pt\/produto\/sudadera-bullpadel-naron-bg-azul-oscuro-5\/","og_locale":"pt_PT","og_type":"article","og_title":"SUDADERA BULLPADEL NARON BG AZUL OSCURO - Revolution Padel Store","og_description":"Sudadera de p\u00e1del con capucha ajustable y firma de Bea Gonz\u00e1lez. Tejido el\u00e1stico Interlock con viscosa, bolsillos laterales y dise\u00f1o exclusivo. \u00a1C\u00f3mprala en Revolution Padel Store!","og_url":"https:\/\/revolutionpadelstore.com\/pt-pt\/produto\/sudadera-bullpadel-naron-bg-azul-oscuro-5\/","og_site_name":"Revolution Padel Store","article_modified_time":"2026-04-08T01:33:22+00:00","og_image":[{"width":1500,"height":1500,"url":"https:\/\/revolutionpadelstore.com\/wp-content\/uploads\/2025\/10\/455.png","type":"image\/png"}],"twitter_card":"summary_large_image","twitter_misc":{"Tempo estimado de leitura":"1 minuto"},"schema":{"@context":"https:\/\/schema.org","@graph":[{"@type":"WebPage","@id":"https:\/\/revolutionpadelstore.com\/pt-pt\/produto\/sudadera-bullpadel-naron-bg-azul-oscuro-5\/","url":"https:\/\/revolutionpadelstore.com\/pt-pt\/produto\/sudadera-bullpadel-naron-bg-azul-oscuro-5\/","name":"SUDADERA BULLPADEL NARON BG AZUL OSCURO - Revolution Padel Store","isPartOf":{"@id":"https:\/\/revolutionpadelstore.com\/pt-pt\/#website"},"primaryImageOfPage":{"@id":"https:\/\/revolutionpadelstore.com\/pt-pt\/produto\/sudadera-bullpadel-naron-bg-azul-oscuro-5\/#primaryimage"},"image":{"@id":"https:\/\/revolutionpadelstore.com\/pt-pt\/produto\/sudadera-bullpadel-naron-bg-azul-oscuro-5\/#primaryimage"},"thumbnailUrl":"https:\/\/revolutionpadelstore.com\/wp-content\/uploads\/2025\/10\/455.png","datePublished":"2025-10-07T21:56:16+00:00","dateModified":"2026-04-08T01:33:22+00:00","description":"Sudadera de p\u00e1del con capucha ajustable y firma de Bea Gonz\u00e1lez. Tejido el\u00e1stico Interlock con viscosa, bolsillos laterales y dise\u00f1o exclusivo. \u00a1C\u00f3mprala en Revolution Padel Store!","breadcrumb":{"@id":"https:\/\/revolutionpadelstore.com\/pt-pt\/produto\/sudadera-bullpadel-naron-bg-azul-oscuro-5\/#breadcrumb"},"inLanguage":"pt-PT","potentialAction":[{"@type":"ReadAction","target":["https:\/\/revolutionpadelstore.com\/pt-pt\/produto\/sudadera-bullpadel-naron-bg-azul-oscuro-5\/"]}]},{"@type":"ImageObject","inLanguage":"pt-PT","@id":"https:\/\/revolutionpadelstore.com\/pt-pt\/produto\/sudadera-bullpadel-naron-bg-azul-oscuro-5\/#primaryimage","url":"https:\/\/revolutionpadelstore.com\/wp-content\/uploads\/2025\/10\/455.png","contentUrl":"https:\/\/revolutionpadelstore.com\/wp-content\/uploads\/2025\/10\/455.png","width":1500,"height":1500},{"@type":"BreadcrumbList","@id":"https:\/\/revolutionpadelstore.com\/pt-pt\/produto\/sudadera-bullpadel-naron-bg-azul-oscuro-5\/#breadcrumb","itemListElement":[{"@type":"ListItem","position":1,"name":"Portada","item":"https:\/\/revolutionpadelstore.com\/pt-pt\/"},{"@type":"ListItem","position":2,"name":"Tienda","item":"https:\/\/revolutionpadelstore.com\/pt-pt\/tienda\/"},{"@type":"ListItem","position":3,"name":"SUDADERA BULLPADEL NARON BG AZUL OSCURO"}]},{"@type":"WebSite","@id":"https:\/\/revolutionpadelstore.com\/pt-pt\/#website","url":"https:\/\/revolutionpadelstore.com\/pt-pt\/","name":"Revolution Padel Store","description":"","publisher":{"@id":"https:\/\/revolutionpadelstore.com\/pt-pt\/#organization"},"potentialAction":[{"@type":"SearchAction","target":{"@type":"EntryPoint","urlTemplate":"https:\/\/revolutionpadelstore.com\/pt-pt\/?s={search_term_string}"},"query-input":{"@type":"PropertyValueSpecification","valueRequired":true,"valueName":"search_term_string"}}],"inLanguage":"pt-PT"},{"@type":"Organization","@id":"https:\/\/revolutionpadelstore.com\/pt-pt\/#organization","name":"Revolution Padel Store","url":"https:\/\/revolutionpadelstore.com\/pt-pt\/","logo":{"@type":"ImageObject","inLanguage":"pt-PT","@id":"https:\/\/revolutionpadelstore.com\/pt-pt\/#\/schema\/logo\/image\/","url":"https:\/\/revolutionpadelstore.com\/wp-content\/uploads\/2026\/02\/revolution-padel-store.jpg","contentUrl":"https:\/\/revolutionpadelstore.com\/wp-content\/uploads\/2026\/02\/revolution-padel-store.jpg","width":2000,"height":2000,"caption":"Revolution Padel Store"},"image":{"@id":"https:\/\/revolutionpadelstore.com\/pt-pt\/#\/schema\/logo\/image\/"},"sameAs":["https:\/\/www.instagram.com\/revolutionpadelstore\/"]}]}},"_links":{"self":[{"href":"https:\/\/revolutionpadelstore.com\/pt-pt\/wp-json\/wp\/v2\/product\/270779","targetHints":{"allow":["GET"]}}],"collection":[{"href":"https:\/\/revolutionpadelstore.com\/pt-pt\/wp-json\/wp\/v2\/product"}],"about":[{"href":"https:\/\/revolutionpadelstore.com\/pt-pt\/wp-json\/wp\/v2\/types\/product"}],"replies":[{"embeddable":true,"href":"https:\/\/revolutionpadelstore.com\/pt-pt\/wp-json\/wp\/v2\/comments?post=270779"}],"wp:featuredmedia":[{"embeddable":true,"href":"https:\/\/revolutionpadelstore.com\/pt-pt\/wp-json\/wp\/v2\/media\/270741"}],"wp:attachment":[{"href":"https:\/\/revolutionpadelstore.com\/pt-pt\/wp-json\/wp\/v2\/media?parent=270779"}],"wp:term":[{"taxonomy":"acabado","embeddable":true,"href":"https:\/\/revolutionpadelstore.com\/pt-pt\/wp-json\/wp\/v2\/acabado?post=270779"},{"taxonomy":"balance","embeddable":true,"href":"https:\/\/revolutionpadelstore.com\/pt-pt\/wp-json\/wp\/v2\/balance?post=270779"},{"taxonomy":"dureza","embeddable":true,"href":"https:\/\/revolutionpadelstore.com\/pt-pt\/wp-json\/wp\/v2\/dureza?post=270779"},{"taxonomy":"forma","embeddable":true,"href":"https:\/\/revolutionpadelstore.com\/pt-pt\/wp-json\/wp\/v2\/forma?post=270779"},{"taxonomy":"jugador","embeddable":true,"href":"https:\/\/revolutionpadelstore.com\/pt-pt\/wp-json\/wp\/v2\/jugador?post=270779"},{"taxonomy":"marca","embeddable":true,"href":"https:\/\/revolutionpadelstore.com\/pt-pt\/wp-json\/wp\/v2\/marca?post=270779"},{"taxonomy":"nivel-de-juego","embeddable":true,"href":"https:\/\/revolutionpadelstore.com\/pt-pt\/wp-json\/wp\/v2\/nivel-de-juego?post=270779"},{"taxonomy":"superficie","embeddable":true,"href":"https:\/\/revolutionpadelstore.com\/pt-pt\/wp-json\/wp\/v2\/superficie?post=270779"},{"taxonomy":"tipo-de-juego","embeddable":true,"href":"https:\/\/revolutionpadelstore.com\/pt-pt\/wp-json\/wp\/v2\/tipo-de-juego?post=270779"},{"taxonomy":"product_brand","embeddable":true,"href":"https:\/\/revolutionpadelstore.com\/pt-pt\/wp-json\/wp\/v2\/product_brand?post=270779"},{"taxonomy":"product_cat","embeddable":true,"href":"https:\/\/revolutionpadelstore.com\/pt-pt\/wp-json\/wp\/v2\/product_cat?post=270779"},{"taxonomy":"product_tag","embeddable":true,"href":"https:\/\/revolutionpadelstore.com\/pt-pt\/wp-json\/wp\/v2\/product_tag?post=270779"}],"curies":[{"name":"wp","href":"https:\/\/api.w.org\/{rel}","templated":true}]}}