{"id":270699,"date":"2025-10-07T23:32:55","date_gmt":"2025-10-07T21:32:55","guid":{"rendered":"https:\/\/revolutionpadelstore.com\/?post_type=product&#038;p=270699"},"modified":"2026-04-08T03:33:46","modified_gmt":"2026-04-08T01:33:46","slug":"short-bullpadel-berbi-038-hielo-5","status":"publish","type":"product","link":"https:\/\/revolutionpadelstore.com\/pt-pt\/produto\/short-bullpadel-berbi-038-hielo-5\/","title":{"rendered":"SHORT BULLPADEL BERBI 038 HIELO"},"content":{"rendered":"<h2><strong>Cal\u00e7\u00f5es t\u00e9cnicos de padel Bea Gonz\u00e1lez \u2013 Conforto, estilo e desempenho profissional<\/strong><\/h2>\n<p>Estes <strong>shorts de remo sem malha interna<\/strong>, pensados para jogadores exigentes, destacam-se pelo conforto, estilo moderno e tecnologia de alto desempenho. Assinado no verso pela estrela do padel <strong>Bea Gonz\u00e1lez<\/strong>, este modelo acrescenta um toque exclusivo e profissional ao seu equipamento.<\/p>\n<h2><strong>Recursos:<\/strong><\/h2>\n<p><strong>-C\u00f3s el\u00e1stico personalizado<\/strong>, que garante um ajuste confort\u00e1vel e seguro durante todo o jogo.<\/p>\n<p><strong>Tecido t\u00e9cnico biel\u00e1stico<\/strong>: mistura de poli\u00e9ster e elastano para total mobilidade na quadra.<\/p>\n<p><strong>-Acabamento Bin\u00e2mico de secagem r\u00e1pida<\/strong>, ideal para manter a pele seca mesmo nas partidas mais intensas.<\/p>\n<p><strong>-Bolsos laterais funcionais<\/strong>, perfeitos para guardar bolas ou pequenos objetos.<\/p>\n<p><strong>-Logo refletivo frontal<\/strong>, proporciona visibilidade e um toque esportivo e moderno.<\/p>\n<h2><strong>Benef\u00edcios para o paddle:<\/strong><\/h2>\n<p>-Maior liberdade de movimentos gra\u00e7as ao seu desenho t\u00e9cnico sem malha interior.<\/p>\n<p>-Ajuste personalizado que se adapta a qualquer tipo de corpo.<\/p>\n<p>-Tecnologia de secagem r\u00e1pida para manter o frescor e o conforto em todos os pontos.<\/p>\n<p>&#8211; Inspirado e assinado por Bea Gonz\u00e1lez, ideal para jogadores que procuram um visual profissional.<\/p>\n<p>-Estes cal\u00e7\u00f5es s\u00e3o perfeitos tanto para treino como para competi\u00e7\u00e3o. Com design minimalista e funcional, eleve seu estilo na quadra sem sacrificar o desempenho.<\/p>\n<p><strong>Dispon\u00edvel agora em <a href=\"http:\/\/www.revolutionpadelstore.com\/\">www.revolutionpadelstore.com<\/a>, provavelmente ao melhor pre\u00e7o do mercado. Pegue os shorts Bea Gonz\u00e1lez e jogue como uma profissional!<\/strong><\/p>\n<h2><strong>Short t\u00e9cnico de p\u00e1del Bea Gonz\u00e1lez \u2013 Confort, estilo y rendimiento profesional<\/strong><\/p>\n","protected":false},"excerpt":{"rendered":"<p>Shorts sem malha interna com c\u00f3s el\u00e1stico personalizado, assinado nas costas pela jogadora<strong>Bea Gonz\u00e1lez<\/strong>.<strong>\u00a0Bea Gonz\u00e1lez<\/strong><\/p>\n","protected":false},"featured_media":270708,"comment_status":"open","ping_status":"closed","template":"","meta":{"_acf_changed":false,"_joinchat":[]},"acabado":[],"balance":[],"dureza":[],"forma":[],"jugador":[],"marca":[1255],"nivel-de-juego":[],"superficie":[],"tipo-de-juego":[],"product_brand":[],"product_cat":[330],"product_tag":[],"class_list":{"0":"post-270699","1":"product","2":"type-product","3":"status-publish","4":"has-post-thumbnail","6":"marca-bullpadel-pt-pt","7":"product_cat-roupa","9":"first","10":"outofstock","11":"sale","12":"taxable","13":"shipping-taxable","14":"purchasable","15":"product-type-variable"},"acf":[],"yoast_head":"<!-- This site is optimized with the Yoast SEO plugin v27.4 - https:\/\/yoast.com\/product\/yoast-seo-wordpress\/ -->\n<title>SHORT BULLPADEL BERBI 038 HIELO - Revolution Padel Store<\/title>\n<meta name=\"description\" content=\"Compra el short t\u00e9cnico de p\u00e1del sin malla interior firmado por Bea Gonz\u00e1lez. Tejido el\u00e1stico, secado r\u00e1pido y dise\u00f1o exclusivo. Disponible en www.revolutionpadelstore.com.\" \/>\n<meta name=\"robots\" content=\"index, follow, max-snippet:-1, max-image-preview:large, max-video-preview:-1\" \/>\n<link rel=\"canonical\" href=\"https:\/\/revolutionpadelstore.com\/pt-pt\/produto\/short-bullpadel-berbi-038-hielo-5\/\" \/>\n<meta property=\"og:locale\" content=\"pt_PT\" \/>\n<meta property=\"og:type\" content=\"article\" \/>\n<meta property=\"og:title\" content=\"SHORT BULLPADEL BERBI 038 HIELO - Revolution Padel Store\" \/>\n<meta property=\"og:description\" content=\"Compra el short t\u00e9cnico de p\u00e1del sin malla interior firmado por Bea Gonz\u00e1lez. Tejido el\u00e1stico, secado r\u00e1pido y dise\u00f1o exclusivo. Disponible en www.revolutionpadelstore.com.\" \/>\n<meta property=\"og:url\" content=\"https:\/\/revolutionpadelstore.com\/pt-pt\/produto\/short-bullpadel-berbi-038-hielo-5\/\" \/>\n<meta property=\"og:site_name\" content=\"Revolution Padel Store\" \/>\n<meta property=\"article:modified_time\" content=\"2026-04-08T01:33:46+00:00\" \/>\n<meta property=\"og:image\" content=\"https:\/\/revolutionpadelstore.com\/wp-content\/uploads\/2025\/10\/450.png\" \/>\n\t<meta property=\"og:image:width\" content=\"1500\" \/>\n\t<meta property=\"og:image:height\" content=\"1500\" \/>\n\t<meta property=\"og:image:type\" content=\"image\/png\" \/>\n<meta name=\"twitter:card\" content=\"summary_large_image\" \/>\n<meta name=\"twitter:label1\" content=\"Tempo estimado de leitura\" \/>\n\t<meta name=\"twitter:data1\" content=\"1 minuto\" \/>\n<script type=\"application\/ld+json\" class=\"yoast-schema-graph\">{\"@context\":\"https:\\\/\\\/schema.org\",\"@graph\":[{\"@type\":\"WebPage\",\"@id\":\"https:\\\/\\\/revolutionpadelstore.com\\\/pt-pt\\\/produto\\\/short-bullpadel-berbi-038-hielo-5\\\/\",\"url\":\"https:\\\/\\\/revolutionpadelstore.com\\\/pt-pt\\\/produto\\\/short-bullpadel-berbi-038-hielo-5\\\/\",\"name\":\"SHORT BULLPADEL BERBI 038 HIELO - Revolution Padel Store\",\"isPartOf\":{\"@id\":\"https:\\\/\\\/revolutionpadelstore.com\\\/pt-pt\\\/#website\"},\"primaryImageOfPage\":{\"@id\":\"https:\\\/\\\/revolutionpadelstore.com\\\/pt-pt\\\/produto\\\/short-bullpadel-berbi-038-hielo-5\\\/#primaryimage\"},\"image\":{\"@id\":\"https:\\\/\\\/revolutionpadelstore.com\\\/pt-pt\\\/produto\\\/short-bullpadel-berbi-038-hielo-5\\\/#primaryimage\"},\"thumbnailUrl\":\"https:\\\/\\\/revolutionpadelstore.com\\\/wp-content\\\/uploads\\\/2025\\\/10\\\/450.png\",\"datePublished\":\"2025-10-07T21:32:55+00:00\",\"dateModified\":\"2026-04-08T01:33:46+00:00\",\"description\":\"Compra el short t\u00e9cnico de p\u00e1del sin malla interior firmado por Bea Gonz\u00e1lez. Tejido el\u00e1stico, secado r\u00e1pido y dise\u00f1o exclusivo. Disponible en www.revolutionpadelstore.com.\",\"breadcrumb\":{\"@id\":\"https:\\\/\\\/revolutionpadelstore.com\\\/pt-pt\\\/produto\\\/short-bullpadel-berbi-038-hielo-5\\\/#breadcrumb\"},\"inLanguage\":\"pt-PT\",\"potentialAction\":[{\"@type\":\"ReadAction\",\"target\":[\"https:\\\/\\\/revolutionpadelstore.com\\\/pt-pt\\\/produto\\\/short-bullpadel-berbi-038-hielo-5\\\/\"]}]},{\"@type\":\"ImageObject\",\"inLanguage\":\"pt-PT\",\"@id\":\"https:\\\/\\\/revolutionpadelstore.com\\\/pt-pt\\\/produto\\\/short-bullpadel-berbi-038-hielo-5\\\/#primaryimage\",\"url\":\"https:\\\/\\\/revolutionpadelstore.com\\\/wp-content\\\/uploads\\\/2025\\\/10\\\/450.png\",\"contentUrl\":\"https:\\\/\\\/revolutionpadelstore.com\\\/wp-content\\\/uploads\\\/2025\\\/10\\\/450.png\",\"width\":1500,\"height\":1500},{\"@type\":\"BreadcrumbList\",\"@id\":\"https:\\\/\\\/revolutionpadelstore.com\\\/pt-pt\\\/produto\\\/short-bullpadel-berbi-038-hielo-5\\\/#breadcrumb\",\"itemListElement\":[{\"@type\":\"ListItem\",\"position\":1,\"name\":\"Portada\",\"item\":\"https:\\\/\\\/revolutionpadelstore.com\\\/pt-pt\\\/\"},{\"@type\":\"ListItem\",\"position\":2,\"name\":\"Tienda\",\"item\":\"https:\\\/\\\/revolutionpadelstore.com\\\/pt-pt\\\/tienda\\\/\"},{\"@type\":\"ListItem\",\"position\":3,\"name\":\"SHORT BULLPADEL BERBI 038 HIELO\"}]},{\"@type\":\"WebSite\",\"@id\":\"https:\\\/\\\/revolutionpadelstore.com\\\/pt-pt\\\/#website\",\"url\":\"https:\\\/\\\/revolutionpadelstore.com\\\/pt-pt\\\/\",\"name\":\"Revolution Padel Store\",\"description\":\"\",\"publisher\":{\"@id\":\"https:\\\/\\\/revolutionpadelstore.com\\\/pt-pt\\\/#organization\"},\"potentialAction\":[{\"@type\":\"SearchAction\",\"target\":{\"@type\":\"EntryPoint\",\"urlTemplate\":\"https:\\\/\\\/revolutionpadelstore.com\\\/pt-pt\\\/?s={search_term_string}\"},\"query-input\":{\"@type\":\"PropertyValueSpecification\",\"valueRequired\":true,\"valueName\":\"search_term_string\"}}],\"inLanguage\":\"pt-PT\"},{\"@type\":\"Organization\",\"@id\":\"https:\\\/\\\/revolutionpadelstore.com\\\/pt-pt\\\/#organization\",\"name\":\"Revolution Padel Store\",\"url\":\"https:\\\/\\\/revolutionpadelstore.com\\\/pt-pt\\\/\",\"logo\":{\"@type\":\"ImageObject\",\"inLanguage\":\"pt-PT\",\"@id\":\"https:\\\/\\\/revolutionpadelstore.com\\\/pt-pt\\\/#\\\/schema\\\/logo\\\/image\\\/\",\"url\":\"https:\\\/\\\/revolutionpadelstore.com\\\/wp-content\\\/uploads\\\/2026\\\/02\\\/revolution-padel-store.jpg\",\"contentUrl\":\"https:\\\/\\\/revolutionpadelstore.com\\\/wp-content\\\/uploads\\\/2026\\\/02\\\/revolution-padel-store.jpg\",\"width\":2000,\"height\":2000,\"caption\":\"Revolution Padel Store\"},\"image\":{\"@id\":\"https:\\\/\\\/revolutionpadelstore.com\\\/pt-pt\\\/#\\\/schema\\\/logo\\\/image\\\/\"},\"sameAs\":[\"https:\\\/\\\/www.instagram.com\\\/revolutionpadelstore\\\/\"]}]}<\/script>\n<!-- \/ Yoast SEO plugin. -->","yoast_head_json":{"title":"SHORT BULLPADEL BERBI 038 HIELO - Revolution Padel Store","description":"Compra el short t\u00e9cnico de p\u00e1del sin malla interior firmado por Bea Gonz\u00e1lez. Tejido el\u00e1stico, secado r\u00e1pido y dise\u00f1o exclusivo. Disponible en www.revolutionpadelstore.com.","robots":{"index":"index","follow":"follow","max-snippet":"max-snippet:-1","max-image-preview":"max-image-preview:large","max-video-preview":"max-video-preview:-1"},"canonical":"https:\/\/revolutionpadelstore.com\/pt-pt\/produto\/short-bullpadel-berbi-038-hielo-5\/","og_locale":"pt_PT","og_type":"article","og_title":"SHORT BULLPADEL BERBI 038 HIELO - Revolution Padel Store","og_description":"Compra el short t\u00e9cnico de p\u00e1del sin malla interior firmado por Bea Gonz\u00e1lez. Tejido el\u00e1stico, secado r\u00e1pido y dise\u00f1o exclusivo. Disponible en www.revolutionpadelstore.com.","og_url":"https:\/\/revolutionpadelstore.com\/pt-pt\/produto\/short-bullpadel-berbi-038-hielo-5\/","og_site_name":"Revolution Padel Store","article_modified_time":"2026-04-08T01:33:46+00:00","og_image":[{"width":1500,"height":1500,"url":"https:\/\/revolutionpadelstore.com\/wp-content\/uploads\/2025\/10\/450.png","type":"image\/png"}],"twitter_card":"summary_large_image","twitter_misc":{"Tempo estimado de leitura":"1 minuto"},"schema":{"@context":"https:\/\/schema.org","@graph":[{"@type":"WebPage","@id":"https:\/\/revolutionpadelstore.com\/pt-pt\/produto\/short-bullpadel-berbi-038-hielo-5\/","url":"https:\/\/revolutionpadelstore.com\/pt-pt\/produto\/short-bullpadel-berbi-038-hielo-5\/","name":"SHORT BULLPADEL BERBI 038 HIELO - Revolution Padel Store","isPartOf":{"@id":"https:\/\/revolutionpadelstore.com\/pt-pt\/#website"},"primaryImageOfPage":{"@id":"https:\/\/revolutionpadelstore.com\/pt-pt\/produto\/short-bullpadel-berbi-038-hielo-5\/#primaryimage"},"image":{"@id":"https:\/\/revolutionpadelstore.com\/pt-pt\/produto\/short-bullpadel-berbi-038-hielo-5\/#primaryimage"},"thumbnailUrl":"https:\/\/revolutionpadelstore.com\/wp-content\/uploads\/2025\/10\/450.png","datePublished":"2025-10-07T21:32:55+00:00","dateModified":"2026-04-08T01:33:46+00:00","description":"Compra el short t\u00e9cnico de p\u00e1del sin malla interior firmado por Bea Gonz\u00e1lez. Tejido el\u00e1stico, secado r\u00e1pido y dise\u00f1o exclusivo. Disponible en www.revolutionpadelstore.com.","breadcrumb":{"@id":"https:\/\/revolutionpadelstore.com\/pt-pt\/produto\/short-bullpadel-berbi-038-hielo-5\/#breadcrumb"},"inLanguage":"pt-PT","potentialAction":[{"@type":"ReadAction","target":["https:\/\/revolutionpadelstore.com\/pt-pt\/produto\/short-bullpadel-berbi-038-hielo-5\/"]}]},{"@type":"ImageObject","inLanguage":"pt-PT","@id":"https:\/\/revolutionpadelstore.com\/pt-pt\/produto\/short-bullpadel-berbi-038-hielo-5\/#primaryimage","url":"https:\/\/revolutionpadelstore.com\/wp-content\/uploads\/2025\/10\/450.png","contentUrl":"https:\/\/revolutionpadelstore.com\/wp-content\/uploads\/2025\/10\/450.png","width":1500,"height":1500},{"@type":"BreadcrumbList","@id":"https:\/\/revolutionpadelstore.com\/pt-pt\/produto\/short-bullpadel-berbi-038-hielo-5\/#breadcrumb","itemListElement":[{"@type":"ListItem","position":1,"name":"Portada","item":"https:\/\/revolutionpadelstore.com\/pt-pt\/"},{"@type":"ListItem","position":2,"name":"Tienda","item":"https:\/\/revolutionpadelstore.com\/pt-pt\/tienda\/"},{"@type":"ListItem","position":3,"name":"SHORT BULLPADEL BERBI 038 HIELO"}]},{"@type":"WebSite","@id":"https:\/\/revolutionpadelstore.com\/pt-pt\/#website","url":"https:\/\/revolutionpadelstore.com\/pt-pt\/","name":"Revolution Padel Store","description":"","publisher":{"@id":"https:\/\/revolutionpadelstore.com\/pt-pt\/#organization"},"potentialAction":[{"@type":"SearchAction","target":{"@type":"EntryPoint","urlTemplate":"https:\/\/revolutionpadelstore.com\/pt-pt\/?s={search_term_string}"},"query-input":{"@type":"PropertyValueSpecification","valueRequired":true,"valueName":"search_term_string"}}],"inLanguage":"pt-PT"},{"@type":"Organization","@id":"https:\/\/revolutionpadelstore.com\/pt-pt\/#organization","name":"Revolution Padel Store","url":"https:\/\/revolutionpadelstore.com\/pt-pt\/","logo":{"@type":"ImageObject","inLanguage":"pt-PT","@id":"https:\/\/revolutionpadelstore.com\/pt-pt\/#\/schema\/logo\/image\/","url":"https:\/\/revolutionpadelstore.com\/wp-content\/uploads\/2026\/02\/revolution-padel-store.jpg","contentUrl":"https:\/\/revolutionpadelstore.com\/wp-content\/uploads\/2026\/02\/revolution-padel-store.jpg","width":2000,"height":2000,"caption":"Revolution Padel Store"},"image":{"@id":"https:\/\/revolutionpadelstore.com\/pt-pt\/#\/schema\/logo\/image\/"},"sameAs":["https:\/\/www.instagram.com\/revolutionpadelstore\/"]}]}},"_links":{"self":[{"href":"https:\/\/revolutionpadelstore.com\/pt-pt\/wp-json\/wp\/v2\/product\/270699","targetHints":{"allow":["GET"]}}],"collection":[{"href":"https:\/\/revolutionpadelstore.com\/pt-pt\/wp-json\/wp\/v2\/product"}],"about":[{"href":"https:\/\/revolutionpadelstore.com\/pt-pt\/wp-json\/wp\/v2\/types\/product"}],"replies":[{"embeddable":true,"href":"https:\/\/revolutionpadelstore.com\/pt-pt\/wp-json\/wp\/v2\/comments?post=270699"}],"wp:featuredmedia":[{"embeddable":true,"href":"https:\/\/revolutionpadelstore.com\/pt-pt\/wp-json\/wp\/v2\/media\/270708"}],"wp:attachment":[{"href":"https:\/\/revolutionpadelstore.com\/pt-pt\/wp-json\/wp\/v2\/media?parent=270699"}],"wp:term":[{"taxonomy":"acabado","embeddable":true,"href":"https:\/\/revolutionpadelstore.com\/pt-pt\/wp-json\/wp\/v2\/acabado?post=270699"},{"taxonomy":"balance","embeddable":true,"href":"https:\/\/revolutionpadelstore.com\/pt-pt\/wp-json\/wp\/v2\/balance?post=270699"},{"taxonomy":"dureza","embeddable":true,"href":"https:\/\/revolutionpadelstore.com\/pt-pt\/wp-json\/wp\/v2\/dureza?post=270699"},{"taxonomy":"forma","embeddable":true,"href":"https:\/\/revolutionpadelstore.com\/pt-pt\/wp-json\/wp\/v2\/forma?post=270699"},{"taxonomy":"jugador","embeddable":true,"href":"https:\/\/revolutionpadelstore.com\/pt-pt\/wp-json\/wp\/v2\/jugador?post=270699"},{"taxonomy":"marca","embeddable":true,"href":"https:\/\/revolutionpadelstore.com\/pt-pt\/wp-json\/wp\/v2\/marca?post=270699"},{"taxonomy":"nivel-de-juego","embeddable":true,"href":"https:\/\/revolutionpadelstore.com\/pt-pt\/wp-json\/wp\/v2\/nivel-de-juego?post=270699"},{"taxonomy":"superficie","embeddable":true,"href":"https:\/\/revolutionpadelstore.com\/pt-pt\/wp-json\/wp\/v2\/superficie?post=270699"},{"taxonomy":"tipo-de-juego","embeddable":true,"href":"https:\/\/revolutionpadelstore.com\/pt-pt\/wp-json\/wp\/v2\/tipo-de-juego?post=270699"},{"taxonomy":"product_brand","embeddable":true,"href":"https:\/\/revolutionpadelstore.com\/pt-pt\/wp-json\/wp\/v2\/product_brand?post=270699"},{"taxonomy":"product_cat","embeddable":true,"href":"https:\/\/revolutionpadelstore.com\/pt-pt\/wp-json\/wp\/v2\/product_cat?post=270699"},{"taxonomy":"product_tag","embeddable":true,"href":"https:\/\/revolutionpadelstore.com\/pt-pt\/wp-json\/wp\/v2\/product_tag?post=270699"}],"curies":[{"name":"wp","href":"https:\/\/api.w.org\/{rel}","templated":true}]}}