{"id":270558,"date":"2025-10-07T10:28:02","date_gmt":"2025-10-07T08:28:02","guid":{"rendered":"https:\/\/revolutionpadelstore.com\/pantalon-bullpadel-outles-bg-azul-oscuro\/"},"modified":"2026-04-08T03:35:12","modified_gmt":"2026-04-08T01:35:12","slug":"pantalon-bullpadel-outles-bg-azul-oscuro-5","status":"publish","type":"product","link":"https:\/\/revolutionpadelstore.com\/pt-pt\/produto\/pantalon-bullpadel-outles-bg-azul-oscuro-5\/","title":{"rendered":"PANTALON BULLPADEL OUTLES BG AZUL OSCURO"},"content":{"rendered":"<h2>Cal\u00e7a paddle com c\u00f3s Sculpt e assinatura de Bea Gonz\u00e1lez<\/h2>\n<p>Domine a quadra com estilo e conforto com esta cal\u00e7a padel exclusiva com c\u00f3s <strong>Sculpt<\/strong> e a <strong>assinatura da jogadora profissional Bea Gonz\u00e1lez<\/strong> nas costas. Uma pe\u00e7a de roupa pensada para jogadores exigentes que procuram rendimento, tecnologia e um toque de distin\u00e7\u00e3o nos seus equipamentos desportivos.<\/p>\n<h2>Recursos em destaque<\/h2>\n<p><strong>-Design exclusivo<\/strong> com assinatura de Bea Gonz\u00e1lez<\/p>\n<p><strong>-Tecido t\u00e9cnico el\u00e1stico duplo Piqu\u00e9<\/strong>: adapta-se aos seus movimentos sem limit\u00e1-lo<\/p>\n<p><strong>-Tecnologia Drynamic<\/strong>: promove secagem r\u00e1pida para maior frescor em todos os pontos<\/p>\n<p><strong>C\u00f3s esculpido com cord\u00e3o interno<\/strong>: ajuste perfeito e suporte firme<\/p>\n<p><strong>-Bolsos laterais funcionais<\/strong> para bolas ou acess\u00f3rios<\/p>\n<p><strong>-Bainha com punho el\u00e1stico<\/strong>: melhor suporte e estilo esportivo<\/p>\n<p><strong>-Logotipo frontal vis\u00edvel<\/strong> que destaca a autenticidade e qualidade da pe\u00e7a<\/p>\n<h2>Vantagens para jogadoras de padel<\/h2>\n<p>-Ideal para treinos intensos e partidas competitivas<\/p>\n<p>-Mant\u00e9m voc\u00ea seco e confort\u00e1vel gra\u00e7as ao seu tecido de alto desempenho<\/p>\n<p>-Design vers\u00e1til que combina com qualquer t-shirt t\u00e9cnica ou top desportivo<\/p>\n<p>-Vestu\u00e1rio oficial associado a um jogador de topo do circuito profissional<\/p>\n<h2>Por que escolher essas cal\u00e7as?<\/h2>\n<p>Estas cal\u00e7as n\u00e3o s\u00f3 oferecem um ajuste confort\u00e1vel e um design moderno, mas tamb\u00e9m <strong>representam o esp\u00edrito competitivo e o estilo \u00fanico de Bea Gonz\u00e1lez<\/strong>, uma das grandes figuras do padel feminino. \u00c9 perfeito para jogadores que querem fazer a diferen\u00e7a em cada partida.<\/p>\n<p>Dispon\u00edvel agora em nossa loja online <a href=\"https:\/\/www.revolutionpadelstore.com\/\">www.revolutionpadelstore.com<\/a>, provavelmente ao melhor pre\u00e7o do mercado. Adquira o seu antes que acabem!<\/p>\n<h2>Pantal\u00f3n de p\u00e1del con cinturilla Sculpt y firma de Bea Gonz\u00e1lez<\/h2>\n","protected":false},"excerpt":{"rendered":"<p>Cal\u00e7a com c\u00f3s tipo Sculpt e assinatura da jogadora <strong>Bea Gonz\u00e1lez<\/strong> nas costas<strong>Bea Gonz\u00e1lez<\/strong><\/p>\n","protected":false},"featured_media":270517,"comment_status":"open","ping_status":"closed","template":"","meta":{"_acf_changed":false,"_joinchat":[]},"acabado":[],"balance":[],"dureza":[],"forma":[],"jugador":[],"marca":[1255],"nivel-de-juego":[],"superficie":[],"tipo-de-juego":[],"product_brand":[],"product_cat":[330],"product_tag":[],"class_list":{"0":"post-270558","1":"product","2":"type-product","3":"status-publish","4":"has-post-thumbnail","6":"marca-bullpadel-pt-pt","7":"product_cat-roupa","9":"first","10":"outofstock","11":"sale","12":"taxable","13":"shipping-taxable","14":"purchasable","15":"product-type-variable"},"acf":[],"yoast_head":"<!-- This site is optimized with the Yoast SEO plugin v27.4 - https:\/\/yoast.com\/product\/yoast-seo-wordpress\/ -->\n<title>PANTALON BULLPADEL OUTLES BG AZUL OSCURO - Revolution Padel Store<\/title>\n<meta name=\"description\" content=\"Pantal\u00f3n de p\u00e1del con cinturilla tipo Sculpt, tecnolog\u00eda Drynamic y la firma de Bea Gonz\u00e1lez. Dise\u00f1o t\u00e9cnico, c\u00f3modo y exclusivo. C\u00f3mpralo en www.revolutionpadelstore.com al mejor precio.\" \/>\n<meta name=\"robots\" content=\"index, follow, max-snippet:-1, max-image-preview:large, max-video-preview:-1\" \/>\n<link rel=\"canonical\" href=\"https:\/\/revolutionpadelstore.com\/pt-pt\/produto\/pantalon-bullpadel-outles-bg-azul-oscuro-5\/\" \/>\n<meta property=\"og:locale\" content=\"pt_PT\" \/>\n<meta property=\"og:type\" content=\"article\" \/>\n<meta property=\"og:title\" content=\"PANTALON BULLPADEL OUTLES BG AZUL OSCURO - Revolution Padel Store\" \/>\n<meta property=\"og:description\" content=\"Pantal\u00f3n de p\u00e1del con cinturilla tipo Sculpt, tecnolog\u00eda Drynamic y la firma de Bea Gonz\u00e1lez. Dise\u00f1o t\u00e9cnico, c\u00f3modo y exclusivo. C\u00f3mpralo en www.revolutionpadelstore.com al mejor precio.\" \/>\n<meta property=\"og:url\" content=\"https:\/\/revolutionpadelstore.com\/pt-pt\/produto\/pantalon-bullpadel-outles-bg-azul-oscuro-5\/\" \/>\n<meta property=\"og:site_name\" content=\"Revolution Padel Store\" \/>\n<meta property=\"article:modified_time\" content=\"2026-04-08T01:35:12+00:00\" \/>\n<meta property=\"og:image\" content=\"https:\/\/revolutionpadelstore.com\/wp-content\/uploads\/2025\/10\/435.png\" \/>\n\t<meta property=\"og:image:width\" content=\"1500\" \/>\n\t<meta property=\"og:image:height\" content=\"1500\" \/>\n\t<meta property=\"og:image:type\" content=\"image\/png\" \/>\n<meta name=\"twitter:card\" content=\"summary_large_image\" \/>\n<meta name=\"twitter:label1\" content=\"Tempo estimado de leitura\" \/>\n\t<meta name=\"twitter:data1\" content=\"1 minuto\" \/>\n<script type=\"application\/ld+json\" class=\"yoast-schema-graph\">{\"@context\":\"https:\\\/\\\/schema.org\",\"@graph\":[{\"@type\":\"WebPage\",\"@id\":\"https:\\\/\\\/revolutionpadelstore.com\\\/pt-pt\\\/produto\\\/pantalon-bullpadel-outles-bg-azul-oscuro-5\\\/\",\"url\":\"https:\\\/\\\/revolutionpadelstore.com\\\/pt-pt\\\/produto\\\/pantalon-bullpadel-outles-bg-azul-oscuro-5\\\/\",\"name\":\"PANTALON BULLPADEL OUTLES BG AZUL OSCURO - Revolution Padel Store\",\"isPartOf\":{\"@id\":\"https:\\\/\\\/revolutionpadelstore.com\\\/pt-pt\\\/#website\"},\"primaryImageOfPage\":{\"@id\":\"https:\\\/\\\/revolutionpadelstore.com\\\/pt-pt\\\/produto\\\/pantalon-bullpadel-outles-bg-azul-oscuro-5\\\/#primaryimage\"},\"image\":{\"@id\":\"https:\\\/\\\/revolutionpadelstore.com\\\/pt-pt\\\/produto\\\/pantalon-bullpadel-outles-bg-azul-oscuro-5\\\/#primaryimage\"},\"thumbnailUrl\":\"https:\\\/\\\/revolutionpadelstore.com\\\/wp-content\\\/uploads\\\/2025\\\/10\\\/435.png\",\"datePublished\":\"2025-10-07T08:28:02+00:00\",\"dateModified\":\"2026-04-08T01:35:12+00:00\",\"description\":\"Pantal\u00f3n de p\u00e1del con cinturilla tipo Sculpt, tecnolog\u00eda Drynamic y la firma de Bea Gonz\u00e1lez. Dise\u00f1o t\u00e9cnico, c\u00f3modo y exclusivo. C\u00f3mpralo en www.revolutionpadelstore.com al mejor precio.\",\"breadcrumb\":{\"@id\":\"https:\\\/\\\/revolutionpadelstore.com\\\/pt-pt\\\/produto\\\/pantalon-bullpadel-outles-bg-azul-oscuro-5\\\/#breadcrumb\"},\"inLanguage\":\"pt-PT\",\"potentialAction\":[{\"@type\":\"ReadAction\",\"target\":[\"https:\\\/\\\/revolutionpadelstore.com\\\/pt-pt\\\/produto\\\/pantalon-bullpadel-outles-bg-azul-oscuro-5\\\/\"]}]},{\"@type\":\"ImageObject\",\"inLanguage\":\"pt-PT\",\"@id\":\"https:\\\/\\\/revolutionpadelstore.com\\\/pt-pt\\\/produto\\\/pantalon-bullpadel-outles-bg-azul-oscuro-5\\\/#primaryimage\",\"url\":\"https:\\\/\\\/revolutionpadelstore.com\\\/wp-content\\\/uploads\\\/2025\\\/10\\\/435.png\",\"contentUrl\":\"https:\\\/\\\/revolutionpadelstore.com\\\/wp-content\\\/uploads\\\/2025\\\/10\\\/435.png\",\"width\":1500,\"height\":1500},{\"@type\":\"BreadcrumbList\",\"@id\":\"https:\\\/\\\/revolutionpadelstore.com\\\/pt-pt\\\/produto\\\/pantalon-bullpadel-outles-bg-azul-oscuro-5\\\/#breadcrumb\",\"itemListElement\":[{\"@type\":\"ListItem\",\"position\":1,\"name\":\"Portada\",\"item\":\"https:\\\/\\\/revolutionpadelstore.com\\\/pt-pt\\\/\"},{\"@type\":\"ListItem\",\"position\":2,\"name\":\"Tienda\",\"item\":\"https:\\\/\\\/revolutionpadelstore.com\\\/pt-pt\\\/tienda\\\/\"},{\"@type\":\"ListItem\",\"position\":3,\"name\":\"PANTALON BULLPADEL OUTLES BG AZUL OSCURO\"}]},{\"@type\":\"WebSite\",\"@id\":\"https:\\\/\\\/revolutionpadelstore.com\\\/pt-pt\\\/#website\",\"url\":\"https:\\\/\\\/revolutionpadelstore.com\\\/pt-pt\\\/\",\"name\":\"Revolution Padel Store\",\"description\":\"\",\"publisher\":{\"@id\":\"https:\\\/\\\/revolutionpadelstore.com\\\/pt-pt\\\/#organization\"},\"potentialAction\":[{\"@type\":\"SearchAction\",\"target\":{\"@type\":\"EntryPoint\",\"urlTemplate\":\"https:\\\/\\\/revolutionpadelstore.com\\\/pt-pt\\\/?s={search_term_string}\"},\"query-input\":{\"@type\":\"PropertyValueSpecification\",\"valueRequired\":true,\"valueName\":\"search_term_string\"}}],\"inLanguage\":\"pt-PT\"},{\"@type\":\"Organization\",\"@id\":\"https:\\\/\\\/revolutionpadelstore.com\\\/pt-pt\\\/#organization\",\"name\":\"Revolution Padel Store\",\"url\":\"https:\\\/\\\/revolutionpadelstore.com\\\/pt-pt\\\/\",\"logo\":{\"@type\":\"ImageObject\",\"inLanguage\":\"pt-PT\",\"@id\":\"https:\\\/\\\/revolutionpadelstore.com\\\/pt-pt\\\/#\\\/schema\\\/logo\\\/image\\\/\",\"url\":\"https:\\\/\\\/revolutionpadelstore.com\\\/wp-content\\\/uploads\\\/2026\\\/02\\\/revolution-padel-store.jpg\",\"contentUrl\":\"https:\\\/\\\/revolutionpadelstore.com\\\/wp-content\\\/uploads\\\/2026\\\/02\\\/revolution-padel-store.jpg\",\"width\":2000,\"height\":2000,\"caption\":\"Revolution Padel Store\"},\"image\":{\"@id\":\"https:\\\/\\\/revolutionpadelstore.com\\\/pt-pt\\\/#\\\/schema\\\/logo\\\/image\\\/\"},\"sameAs\":[\"https:\\\/\\\/www.instagram.com\\\/revolutionpadelstore\\\/\"]}]}<\/script>\n<!-- \/ Yoast SEO plugin. -->","yoast_head_json":{"title":"PANTALON BULLPADEL OUTLES BG AZUL OSCURO - Revolution Padel Store","description":"Pantal\u00f3n de p\u00e1del con cinturilla tipo Sculpt, tecnolog\u00eda Drynamic y la firma de Bea Gonz\u00e1lez. Dise\u00f1o t\u00e9cnico, c\u00f3modo y exclusivo. C\u00f3mpralo en www.revolutionpadelstore.com al mejor precio.","robots":{"index":"index","follow":"follow","max-snippet":"max-snippet:-1","max-image-preview":"max-image-preview:large","max-video-preview":"max-video-preview:-1"},"canonical":"https:\/\/revolutionpadelstore.com\/pt-pt\/produto\/pantalon-bullpadel-outles-bg-azul-oscuro-5\/","og_locale":"pt_PT","og_type":"article","og_title":"PANTALON BULLPADEL OUTLES BG AZUL OSCURO - Revolution Padel Store","og_description":"Pantal\u00f3n de p\u00e1del con cinturilla tipo Sculpt, tecnolog\u00eda Drynamic y la firma de Bea Gonz\u00e1lez. Dise\u00f1o t\u00e9cnico, c\u00f3modo y exclusivo. C\u00f3mpralo en www.revolutionpadelstore.com al mejor precio.","og_url":"https:\/\/revolutionpadelstore.com\/pt-pt\/produto\/pantalon-bullpadel-outles-bg-azul-oscuro-5\/","og_site_name":"Revolution Padel Store","article_modified_time":"2026-04-08T01:35:12+00:00","og_image":[{"width":1500,"height":1500,"url":"https:\/\/revolutionpadelstore.com\/wp-content\/uploads\/2025\/10\/435.png","type":"image\/png"}],"twitter_card":"summary_large_image","twitter_misc":{"Tempo estimado de leitura":"1 minuto"},"schema":{"@context":"https:\/\/schema.org","@graph":[{"@type":"WebPage","@id":"https:\/\/revolutionpadelstore.com\/pt-pt\/produto\/pantalon-bullpadel-outles-bg-azul-oscuro-5\/","url":"https:\/\/revolutionpadelstore.com\/pt-pt\/produto\/pantalon-bullpadel-outles-bg-azul-oscuro-5\/","name":"PANTALON BULLPADEL OUTLES BG AZUL OSCURO - Revolution Padel Store","isPartOf":{"@id":"https:\/\/revolutionpadelstore.com\/pt-pt\/#website"},"primaryImageOfPage":{"@id":"https:\/\/revolutionpadelstore.com\/pt-pt\/produto\/pantalon-bullpadel-outles-bg-azul-oscuro-5\/#primaryimage"},"image":{"@id":"https:\/\/revolutionpadelstore.com\/pt-pt\/produto\/pantalon-bullpadel-outles-bg-azul-oscuro-5\/#primaryimage"},"thumbnailUrl":"https:\/\/revolutionpadelstore.com\/wp-content\/uploads\/2025\/10\/435.png","datePublished":"2025-10-07T08:28:02+00:00","dateModified":"2026-04-08T01:35:12+00:00","description":"Pantal\u00f3n de p\u00e1del con cinturilla tipo Sculpt, tecnolog\u00eda Drynamic y la firma de Bea Gonz\u00e1lez. Dise\u00f1o t\u00e9cnico, c\u00f3modo y exclusivo. C\u00f3mpralo en www.revolutionpadelstore.com al mejor precio.","breadcrumb":{"@id":"https:\/\/revolutionpadelstore.com\/pt-pt\/produto\/pantalon-bullpadel-outles-bg-azul-oscuro-5\/#breadcrumb"},"inLanguage":"pt-PT","potentialAction":[{"@type":"ReadAction","target":["https:\/\/revolutionpadelstore.com\/pt-pt\/produto\/pantalon-bullpadel-outles-bg-azul-oscuro-5\/"]}]},{"@type":"ImageObject","inLanguage":"pt-PT","@id":"https:\/\/revolutionpadelstore.com\/pt-pt\/produto\/pantalon-bullpadel-outles-bg-azul-oscuro-5\/#primaryimage","url":"https:\/\/revolutionpadelstore.com\/wp-content\/uploads\/2025\/10\/435.png","contentUrl":"https:\/\/revolutionpadelstore.com\/wp-content\/uploads\/2025\/10\/435.png","width":1500,"height":1500},{"@type":"BreadcrumbList","@id":"https:\/\/revolutionpadelstore.com\/pt-pt\/produto\/pantalon-bullpadel-outles-bg-azul-oscuro-5\/#breadcrumb","itemListElement":[{"@type":"ListItem","position":1,"name":"Portada","item":"https:\/\/revolutionpadelstore.com\/pt-pt\/"},{"@type":"ListItem","position":2,"name":"Tienda","item":"https:\/\/revolutionpadelstore.com\/pt-pt\/tienda\/"},{"@type":"ListItem","position":3,"name":"PANTALON BULLPADEL OUTLES BG AZUL OSCURO"}]},{"@type":"WebSite","@id":"https:\/\/revolutionpadelstore.com\/pt-pt\/#website","url":"https:\/\/revolutionpadelstore.com\/pt-pt\/","name":"Revolution Padel Store","description":"","publisher":{"@id":"https:\/\/revolutionpadelstore.com\/pt-pt\/#organization"},"potentialAction":[{"@type":"SearchAction","target":{"@type":"EntryPoint","urlTemplate":"https:\/\/revolutionpadelstore.com\/pt-pt\/?s={search_term_string}"},"query-input":{"@type":"PropertyValueSpecification","valueRequired":true,"valueName":"search_term_string"}}],"inLanguage":"pt-PT"},{"@type":"Organization","@id":"https:\/\/revolutionpadelstore.com\/pt-pt\/#organization","name":"Revolution Padel Store","url":"https:\/\/revolutionpadelstore.com\/pt-pt\/","logo":{"@type":"ImageObject","inLanguage":"pt-PT","@id":"https:\/\/revolutionpadelstore.com\/pt-pt\/#\/schema\/logo\/image\/","url":"https:\/\/revolutionpadelstore.com\/wp-content\/uploads\/2026\/02\/revolution-padel-store.jpg","contentUrl":"https:\/\/revolutionpadelstore.com\/wp-content\/uploads\/2026\/02\/revolution-padel-store.jpg","width":2000,"height":2000,"caption":"Revolution Padel Store"},"image":{"@id":"https:\/\/revolutionpadelstore.com\/pt-pt\/#\/schema\/logo\/image\/"},"sameAs":["https:\/\/www.instagram.com\/revolutionpadelstore\/"]}]}},"_links":{"self":[{"href":"https:\/\/revolutionpadelstore.com\/pt-pt\/wp-json\/wp\/v2\/product\/270558","targetHints":{"allow":["GET"]}}],"collection":[{"href":"https:\/\/revolutionpadelstore.com\/pt-pt\/wp-json\/wp\/v2\/product"}],"about":[{"href":"https:\/\/revolutionpadelstore.com\/pt-pt\/wp-json\/wp\/v2\/types\/product"}],"replies":[{"embeddable":true,"href":"https:\/\/revolutionpadelstore.com\/pt-pt\/wp-json\/wp\/v2\/comments?post=270558"}],"wp:featuredmedia":[{"embeddable":true,"href":"https:\/\/revolutionpadelstore.com\/pt-pt\/wp-json\/wp\/v2\/media\/270517"}],"wp:attachment":[{"href":"https:\/\/revolutionpadelstore.com\/pt-pt\/wp-json\/wp\/v2\/media?parent=270558"}],"wp:term":[{"taxonomy":"acabado","embeddable":true,"href":"https:\/\/revolutionpadelstore.com\/pt-pt\/wp-json\/wp\/v2\/acabado?post=270558"},{"taxonomy":"balance","embeddable":true,"href":"https:\/\/revolutionpadelstore.com\/pt-pt\/wp-json\/wp\/v2\/balance?post=270558"},{"taxonomy":"dureza","embeddable":true,"href":"https:\/\/revolutionpadelstore.com\/pt-pt\/wp-json\/wp\/v2\/dureza?post=270558"},{"taxonomy":"forma","embeddable":true,"href":"https:\/\/revolutionpadelstore.com\/pt-pt\/wp-json\/wp\/v2\/forma?post=270558"},{"taxonomy":"jugador","embeddable":true,"href":"https:\/\/revolutionpadelstore.com\/pt-pt\/wp-json\/wp\/v2\/jugador?post=270558"},{"taxonomy":"marca","embeddable":true,"href":"https:\/\/revolutionpadelstore.com\/pt-pt\/wp-json\/wp\/v2\/marca?post=270558"},{"taxonomy":"nivel-de-juego","embeddable":true,"href":"https:\/\/revolutionpadelstore.com\/pt-pt\/wp-json\/wp\/v2\/nivel-de-juego?post=270558"},{"taxonomy":"superficie","embeddable":true,"href":"https:\/\/revolutionpadelstore.com\/pt-pt\/wp-json\/wp\/v2\/superficie?post=270558"},{"taxonomy":"tipo-de-juego","embeddable":true,"href":"https:\/\/revolutionpadelstore.com\/pt-pt\/wp-json\/wp\/v2\/tipo-de-juego?post=270558"},{"taxonomy":"product_brand","embeddable":true,"href":"https:\/\/revolutionpadelstore.com\/pt-pt\/wp-json\/wp\/v2\/product_brand?post=270558"},{"taxonomy":"product_cat","embeddable":true,"href":"https:\/\/revolutionpadelstore.com\/pt-pt\/wp-json\/wp\/v2\/product_cat?post=270558"},{"taxonomy":"product_tag","embeddable":true,"href":"https:\/\/revolutionpadelstore.com\/pt-pt\/wp-json\/wp\/v2\/product_tag?post=270558"}],"curies":[{"name":"wp","href":"https:\/\/api.w.org\/{rel}","templated":true}]}}