{"id":269603,"date":"2025-09-26T23:32:10","date_gmt":"2025-09-26T21:32:10","guid":{"rendered":"https:\/\/revolutionpadelstore.com\/nox-ventus-hybrid-12k-lite\/"},"modified":"2026-04-01T00:48:36","modified_gmt":"2026-03-31T22:48:36","slug":"nox-ventus-hybrid-12k-lite-2026-4","status":"publish","type":"product","link":"https:\/\/revolutionpadelstore.com\/pt-pt\/produto\/nox-ventus-hybrid-12k-lite-2026-4\/","title":{"rendered":"NOX VENTUS HYBRID 12K LITE 2026"},"content":{"rendered":"<h2>Raquete Nox Ventus Hybrid 12K Lite \u2013 Pot\u00eancia, controle e leveza em sua forma mais pura<\/h2>\n<p>A <strong>Nox Ventus Hybrid 12K Lite<\/strong> \u00e9 uma raquete profissional projetada para quem exige m\u00e1ximo desempenho em quadra. Leve, manej\u00e1vel e com constru\u00e7\u00e3o de \u00faltima gera\u00e7\u00e3o, esta raquete oferece o equil\u00edbrio perfeito entre <strong>pot\u00eancia, controle e conforto<\/strong>, ideal para jogadores que desejam se destacar tanto na defesa quanto no ataque.<\/p>\n<h2>Desempenho profissional com m\u00e1xima capacidade de gerenciamento<\/h2>\n<p>Gra\u00e7as ao seu peso reduzido (355\u2013365 g), esta raquete permite uma <strong>resposta r\u00e1pida na defesa<\/strong> e <strong>golpes ofensivos mais seguros<\/strong>, reduzindo o cansa\u00e7o em partidas intensas. O novo molde da <strong>cole\u00e7\u00e3o Luxo 2026<\/strong> melhora a aerodin\u00e2mica, proporcionando velocidade e precis\u00e3o extras em cada movimento.<\/p>\n<h2>Caracter\u00edsticas t\u00e9cnicas de alto n\u00edvel<\/h2>\n<p><strong>-Forma redonda:<\/strong> precis\u00e3o milim\u00e9trica e controle superior.<\/p>\n<p><strong>-Equil\u00edbrio m\u00e9dio:<\/strong> equil\u00edbrio ideal para um jogo vers\u00e1til.<\/p>\n<p><strong>-Quadro 100% carbono:<\/strong> maior resist\u00eancia e durabilidade.<\/p>\n<p><strong>-N\u00facleo MLD Black Eva:<\/strong> excelente sa\u00edda de bola e firmeza ao bater.<\/p>\n<p><strong>-12K faces de carbono:<\/strong> pot\u00eancia sem perder estabilidade.<\/p>\n<p><strong>-Superf\u00edcie \u00e1spera de rota\u00e7\u00e3o dupla:<\/strong> aumenta a rota\u00e7\u00e3o em tiros fatiados e topspin.<\/p>\n<p><strong>-Toque suave:<\/strong> maior conforto, melhor sensibilidade e menos vibra\u00e7\u00f5es.<\/p>\n<p><strong>-N\u00edvel recomendado:<\/strong> jogadores profissionais ou avan\u00e7ados.<\/p>\n<h2>Por que escolher o Ventus Hybrid 12K Lite?<\/h2>\n<p>&#8211; Perfeita para jogadores que procuram uma raquete de padel leve, mas potente.<\/p>\n<p>&#8211; Tecnologia avan\u00e7ada que melhora o conforto, a precis\u00e3o e o efeito em todos os pontos.<\/p>\n<p>&#8211; Versatilidade total para dominar tanto na defesa como no ataque.<\/p>\n<p>&#8211; Qualidade profissional com materiais de \u00faltima gera\u00e7\u00e3o.<\/p>\n<h2>Ouse dominar a pista<\/h2>\n<p>Se o seu objetivo \u00e9 jogar como um profissional, esta raquete \u00e9 a sua aliada perfeita. O <strong>Nox Ventus Hybrid 12K Lite<\/strong> combina inova\u00e7\u00e3o, materiais premium e um design projetado para elevar seu desempenho desde a primeira partida.<\/p>\n<h2>Obtenha agora!<\/h2>\n<p>N\u00e3o perca a oportunidade de melhorar o seu jogo com uma das <strong>melhores raquetes de padel profissionais<\/strong> do mercado. Dispon\u00edvel agora em nossa loja online <strong><a href=\"https:\/\/www.revolutionpadelstore.com\/\">www.revolutionpadelstore.com<\/a><\/strong>, <strong>provavelmente ao melhor pre\u00e7o do mercado<\/strong>. Fa\u00e7a seu pedido hoje e sinta a diferen\u00e7a na quadra!<\/p>\n<h2>Pala Nox Ventus Hybrid 12K Lite \u2013 Potencia, control y ligereza en estado puro<\/h2>\n","protected":false},"excerpt":{"rendered":"<p>Explore a Ventus Hybrid 12K Lite, uma raquete redonda e vers\u00e1til, projetada para equilibrar controle, pot\u00eancia e leveza, ideal para performance profissional.<\/p>\n","protected":false},"featured_media":269598,"comment_status":"open","ping_status":"closed","template":"","meta":{"_acf_changed":false,"_joinchat":[]},"acabado":[1090,1085],"balance":[1140],"dureza":[1150,1155],"forma":[1180],"jugador":[1195],"marca":[1260],"nivel-de-juego":[1335,1345],"superficie":[1360],"tipo-de-juego":[1385],"product_brand":[],"product_cat":[300],"product_tag":[],"class_list":{"0":"post-269603","1":"product","2":"type-product","3":"status-publish","4":"has-post-thumbnail","6":"acabado-alivio-3d","7":"acabado-companheiro","8":"balance-medio-pt-pt","9":"dureza-blanda-pt-pt","10":"dureza-media-pt-pt","11":"forma-rodada","12":"jugador-mulher","13":"marca-nox-pt-pt","14":"superficie-rugosa-pt-pt","15":"tipo-de-juego-polivalente-pt-pt","16":"product_cat-palas","18":"first","19":"instock","20":"sale","21":"taxable","22":"shipping-taxable","23":"purchasable","24":"product-type-simple"},"acf":[],"yoast_head":"<!-- This site is optimized with the Yoast SEO plugin v27.3 - https:\/\/yoast.com\/product\/yoast-seo-wordpress\/ -->\n<title>NOX VENTUS HYBRID 12K LITE 2026 - Revolution Padel Store<\/title>\n<meta name=\"description\" content=\"Descubre la Nox Ventus Hybrid 12K Lite: pala profesional ligera, con carbono 12K, n\u00facleo Black Eva y tecnolog\u00eda Dual Spin. C\u00f3mprala en Revolution Padel Store al mejor precio.\" \/>\n<meta name=\"robots\" content=\"index, follow, max-snippet:-1, max-image-preview:large, max-video-preview:-1\" \/>\n<link rel=\"canonical\" href=\"https:\/\/revolutionpadelstore.com\/pt-pt\/produto\/nox-ventus-hybrid-12k-lite-2026-4\/\" \/>\n<meta property=\"og:locale\" content=\"pt_PT\" \/>\n<meta property=\"og:type\" content=\"article\" \/>\n<meta property=\"og:title\" content=\"NOX VENTUS HYBRID 12K LITE 2026 - Revolution Padel Store\" \/>\n<meta property=\"og:description\" content=\"Descubre la Nox Ventus Hybrid 12K Lite: pala profesional ligera, con carbono 12K, n\u00facleo Black Eva y tecnolog\u00eda Dual Spin. C\u00f3mprala en Revolution Padel Store al mejor precio.\" \/>\n<meta property=\"og:url\" content=\"https:\/\/revolutionpadelstore.com\/pt-pt\/produto\/nox-ventus-hybrid-12k-lite-2026-4\/\" \/>\n<meta property=\"og:site_name\" content=\"Revolution Padel Store\" \/>\n<meta property=\"article:modified_time\" content=\"2026-03-31T22:48:36+00:00\" \/>\n<meta property=\"og:image\" content=\"https:\/\/revolutionpadelstore.com\/wp-content\/uploads\/2025\/09\/120980-pala-nox-ventus-hybrid-12k-lite-pventus12h-1500x1500-1.webp\" \/>\n\t<meta property=\"og:image:width\" content=\"1500\" \/>\n\t<meta property=\"og:image:height\" content=\"1500\" \/>\n\t<meta property=\"og:image:type\" content=\"image\/webp\" \/>\n<meta name=\"twitter:card\" content=\"summary_large_image\" \/>\n<meta name=\"twitter:label1\" content=\"Tempo estimado de leitura\" \/>\n\t<meta name=\"twitter:data1\" content=\"2 minutos\" \/>\n<script type=\"application\/ld+json\" class=\"yoast-schema-graph\">{\"@context\":\"https:\\\/\\\/schema.org\",\"@graph\":[{\"@type\":\"WebPage\",\"@id\":\"https:\\\/\\\/revolutionpadelstore.com\\\/pt-pt\\\/produto\\\/nox-ventus-hybrid-12k-lite-2026-4\\\/\",\"url\":\"https:\\\/\\\/revolutionpadelstore.com\\\/pt-pt\\\/produto\\\/nox-ventus-hybrid-12k-lite-2026-4\\\/\",\"name\":\"NOX VENTUS HYBRID 12K LITE 2026 - Revolution Padel Store\",\"isPartOf\":{\"@id\":\"https:\\\/\\\/revolutionpadelstore.com\\\/pt-pt\\\/#website\"},\"primaryImageOfPage\":{\"@id\":\"https:\\\/\\\/revolutionpadelstore.com\\\/pt-pt\\\/produto\\\/nox-ventus-hybrid-12k-lite-2026-4\\\/#primaryimage\"},\"image\":{\"@id\":\"https:\\\/\\\/revolutionpadelstore.com\\\/pt-pt\\\/produto\\\/nox-ventus-hybrid-12k-lite-2026-4\\\/#primaryimage\"},\"thumbnailUrl\":\"https:\\\/\\\/revolutionpadelstore.com\\\/wp-content\\\/uploads\\\/2025\\\/09\\\/120980-pala-nox-ventus-hybrid-12k-lite-pventus12h-1500x1500-1.webp\",\"datePublished\":\"2025-09-26T21:32:10+00:00\",\"dateModified\":\"2026-03-31T22:48:36+00:00\",\"description\":\"Descubre la Nox Ventus Hybrid 12K Lite: pala profesional ligera, con carbono 12K, n\u00facleo Black Eva y tecnolog\u00eda Dual Spin. C\u00f3mprala en Revolution Padel Store al mejor precio.\",\"breadcrumb\":{\"@id\":\"https:\\\/\\\/revolutionpadelstore.com\\\/pt-pt\\\/produto\\\/nox-ventus-hybrid-12k-lite-2026-4\\\/#breadcrumb\"},\"inLanguage\":\"pt-PT\",\"potentialAction\":[{\"@type\":\"ReadAction\",\"target\":[\"https:\\\/\\\/revolutionpadelstore.com\\\/pt-pt\\\/produto\\\/nox-ventus-hybrid-12k-lite-2026-4\\\/\"]}]},{\"@type\":\"ImageObject\",\"inLanguage\":\"pt-PT\",\"@id\":\"https:\\\/\\\/revolutionpadelstore.com\\\/pt-pt\\\/produto\\\/nox-ventus-hybrid-12k-lite-2026-4\\\/#primaryimage\",\"url\":\"https:\\\/\\\/revolutionpadelstore.com\\\/wp-content\\\/uploads\\\/2025\\\/09\\\/120980-pala-nox-ventus-hybrid-12k-lite-pventus12h-1500x1500-1.webp\",\"contentUrl\":\"https:\\\/\\\/revolutionpadelstore.com\\\/wp-content\\\/uploads\\\/2025\\\/09\\\/120980-pala-nox-ventus-hybrid-12k-lite-pventus12h-1500x1500-1.webp\",\"width\":1500,\"height\":1500},{\"@type\":\"BreadcrumbList\",\"@id\":\"https:\\\/\\\/revolutionpadelstore.com\\\/pt-pt\\\/produto\\\/nox-ventus-hybrid-12k-lite-2026-4\\\/#breadcrumb\",\"itemListElement\":[{\"@type\":\"ListItem\",\"position\":1,\"name\":\"Portada\",\"item\":\"https:\\\/\\\/revolutionpadelstore.com\\\/pt-pt\\\/\"},{\"@type\":\"ListItem\",\"position\":2,\"name\":\"Tienda\",\"item\":\"https:\\\/\\\/revolutionpadelstore.com\\\/pt-pt\\\/tienda\\\/\"},{\"@type\":\"ListItem\",\"position\":3,\"name\":\"NOX VENTUS HYBRID 12K LITE 2026\"}]},{\"@type\":\"WebSite\",\"@id\":\"https:\\\/\\\/revolutionpadelstore.com\\\/pt-pt\\\/#website\",\"url\":\"https:\\\/\\\/revolutionpadelstore.com\\\/pt-pt\\\/\",\"name\":\"Revolution Padel Store\",\"description\":\"\",\"publisher\":{\"@id\":\"https:\\\/\\\/revolutionpadelstore.com\\\/pt-pt\\\/#organization\"},\"potentialAction\":[{\"@type\":\"SearchAction\",\"target\":{\"@type\":\"EntryPoint\",\"urlTemplate\":\"https:\\\/\\\/revolutionpadelstore.com\\\/pt-pt\\\/?s={search_term_string}\"},\"query-input\":{\"@type\":\"PropertyValueSpecification\",\"valueRequired\":true,\"valueName\":\"search_term_string\"}}],\"inLanguage\":\"pt-PT\"},{\"@type\":\"Organization\",\"@id\":\"https:\\\/\\\/revolutionpadelstore.com\\\/pt-pt\\\/#organization\",\"name\":\"Revolution Padel Store\",\"url\":\"https:\\\/\\\/revolutionpadelstore.com\\\/pt-pt\\\/\",\"logo\":{\"@type\":\"ImageObject\",\"inLanguage\":\"pt-PT\",\"@id\":\"https:\\\/\\\/revolutionpadelstore.com\\\/pt-pt\\\/#\\\/schema\\\/logo\\\/image\\\/\",\"url\":\"https:\\\/\\\/revolutionpadelstore.com\\\/wp-content\\\/uploads\\\/2026\\\/02\\\/revolution-padel-store.jpg\",\"contentUrl\":\"https:\\\/\\\/revolutionpadelstore.com\\\/wp-content\\\/uploads\\\/2026\\\/02\\\/revolution-padel-store.jpg\",\"width\":2000,\"height\":2000,\"caption\":\"Revolution Padel Store\"},\"image\":{\"@id\":\"https:\\\/\\\/revolutionpadelstore.com\\\/pt-pt\\\/#\\\/schema\\\/logo\\\/image\\\/\"},\"sameAs\":[\"https:\\\/\\\/www.instagram.com\\\/revolutionpadelstore\\\/\"]}]}<\/script>\n<!-- \/ Yoast SEO plugin. -->","yoast_head_json":{"title":"NOX VENTUS HYBRID 12K LITE 2026 - Revolution Padel Store","description":"Descubre la Nox Ventus Hybrid 12K Lite: pala profesional ligera, con carbono 12K, n\u00facleo Black Eva y tecnolog\u00eda Dual Spin. C\u00f3mprala en Revolution Padel Store al mejor precio.","robots":{"index":"index","follow":"follow","max-snippet":"max-snippet:-1","max-image-preview":"max-image-preview:large","max-video-preview":"max-video-preview:-1"},"canonical":"https:\/\/revolutionpadelstore.com\/pt-pt\/produto\/nox-ventus-hybrid-12k-lite-2026-4\/","og_locale":"pt_PT","og_type":"article","og_title":"NOX VENTUS HYBRID 12K LITE 2026 - Revolution Padel Store","og_description":"Descubre la Nox Ventus Hybrid 12K Lite: pala profesional ligera, con carbono 12K, n\u00facleo Black Eva y tecnolog\u00eda Dual Spin. C\u00f3mprala en Revolution Padel Store al mejor precio.","og_url":"https:\/\/revolutionpadelstore.com\/pt-pt\/produto\/nox-ventus-hybrid-12k-lite-2026-4\/","og_site_name":"Revolution Padel Store","article_modified_time":"2026-03-31T22:48:36+00:00","og_image":[{"width":1500,"height":1500,"url":"https:\/\/revolutionpadelstore.com\/wp-content\/uploads\/2025\/09\/120980-pala-nox-ventus-hybrid-12k-lite-pventus12h-1500x1500-1.webp","type":"image\/webp"}],"twitter_card":"summary_large_image","twitter_misc":{"Tempo estimado de leitura":"2 minutos"},"schema":{"@context":"https:\/\/schema.org","@graph":[{"@type":"WebPage","@id":"https:\/\/revolutionpadelstore.com\/pt-pt\/produto\/nox-ventus-hybrid-12k-lite-2026-4\/","url":"https:\/\/revolutionpadelstore.com\/pt-pt\/produto\/nox-ventus-hybrid-12k-lite-2026-4\/","name":"NOX VENTUS HYBRID 12K LITE 2026 - Revolution Padel Store","isPartOf":{"@id":"https:\/\/revolutionpadelstore.com\/pt-pt\/#website"},"primaryImageOfPage":{"@id":"https:\/\/revolutionpadelstore.com\/pt-pt\/produto\/nox-ventus-hybrid-12k-lite-2026-4\/#primaryimage"},"image":{"@id":"https:\/\/revolutionpadelstore.com\/pt-pt\/produto\/nox-ventus-hybrid-12k-lite-2026-4\/#primaryimage"},"thumbnailUrl":"https:\/\/revolutionpadelstore.com\/wp-content\/uploads\/2025\/09\/120980-pala-nox-ventus-hybrid-12k-lite-pventus12h-1500x1500-1.webp","datePublished":"2025-09-26T21:32:10+00:00","dateModified":"2026-03-31T22:48:36+00:00","description":"Descubre la Nox Ventus Hybrid 12K Lite: pala profesional ligera, con carbono 12K, n\u00facleo Black Eva y tecnolog\u00eda Dual Spin. C\u00f3mprala en Revolution Padel Store al mejor precio.","breadcrumb":{"@id":"https:\/\/revolutionpadelstore.com\/pt-pt\/produto\/nox-ventus-hybrid-12k-lite-2026-4\/#breadcrumb"},"inLanguage":"pt-PT","potentialAction":[{"@type":"ReadAction","target":["https:\/\/revolutionpadelstore.com\/pt-pt\/produto\/nox-ventus-hybrid-12k-lite-2026-4\/"]}]},{"@type":"ImageObject","inLanguage":"pt-PT","@id":"https:\/\/revolutionpadelstore.com\/pt-pt\/produto\/nox-ventus-hybrid-12k-lite-2026-4\/#primaryimage","url":"https:\/\/revolutionpadelstore.com\/wp-content\/uploads\/2025\/09\/120980-pala-nox-ventus-hybrid-12k-lite-pventus12h-1500x1500-1.webp","contentUrl":"https:\/\/revolutionpadelstore.com\/wp-content\/uploads\/2025\/09\/120980-pala-nox-ventus-hybrid-12k-lite-pventus12h-1500x1500-1.webp","width":1500,"height":1500},{"@type":"BreadcrumbList","@id":"https:\/\/revolutionpadelstore.com\/pt-pt\/produto\/nox-ventus-hybrid-12k-lite-2026-4\/#breadcrumb","itemListElement":[{"@type":"ListItem","position":1,"name":"Portada","item":"https:\/\/revolutionpadelstore.com\/pt-pt\/"},{"@type":"ListItem","position":2,"name":"Tienda","item":"https:\/\/revolutionpadelstore.com\/pt-pt\/tienda\/"},{"@type":"ListItem","position":3,"name":"NOX VENTUS HYBRID 12K LITE 2026"}]},{"@type":"WebSite","@id":"https:\/\/revolutionpadelstore.com\/pt-pt\/#website","url":"https:\/\/revolutionpadelstore.com\/pt-pt\/","name":"Revolution Padel Store","description":"","publisher":{"@id":"https:\/\/revolutionpadelstore.com\/pt-pt\/#organization"},"potentialAction":[{"@type":"SearchAction","target":{"@type":"EntryPoint","urlTemplate":"https:\/\/revolutionpadelstore.com\/pt-pt\/?s={search_term_string}"},"query-input":{"@type":"PropertyValueSpecification","valueRequired":true,"valueName":"search_term_string"}}],"inLanguage":"pt-PT"},{"@type":"Organization","@id":"https:\/\/revolutionpadelstore.com\/pt-pt\/#organization","name":"Revolution Padel Store","url":"https:\/\/revolutionpadelstore.com\/pt-pt\/","logo":{"@type":"ImageObject","inLanguage":"pt-PT","@id":"https:\/\/revolutionpadelstore.com\/pt-pt\/#\/schema\/logo\/image\/","url":"https:\/\/revolutionpadelstore.com\/wp-content\/uploads\/2026\/02\/revolution-padel-store.jpg","contentUrl":"https:\/\/revolutionpadelstore.com\/wp-content\/uploads\/2026\/02\/revolution-padel-store.jpg","width":2000,"height":2000,"caption":"Revolution Padel Store"},"image":{"@id":"https:\/\/revolutionpadelstore.com\/pt-pt\/#\/schema\/logo\/image\/"},"sameAs":["https:\/\/www.instagram.com\/revolutionpadelstore\/"]}]}},"_links":{"self":[{"href":"https:\/\/revolutionpadelstore.com\/pt-pt\/wp-json\/wp\/v2\/product\/269603","targetHints":{"allow":["GET"]}}],"collection":[{"href":"https:\/\/revolutionpadelstore.com\/pt-pt\/wp-json\/wp\/v2\/product"}],"about":[{"href":"https:\/\/revolutionpadelstore.com\/pt-pt\/wp-json\/wp\/v2\/types\/product"}],"replies":[{"embeddable":true,"href":"https:\/\/revolutionpadelstore.com\/pt-pt\/wp-json\/wp\/v2\/comments?post=269603"}],"wp:featuredmedia":[{"embeddable":true,"href":"https:\/\/revolutionpadelstore.com\/pt-pt\/wp-json\/wp\/v2\/media\/269598"}],"wp:attachment":[{"href":"https:\/\/revolutionpadelstore.com\/pt-pt\/wp-json\/wp\/v2\/media?parent=269603"}],"wp:term":[{"taxonomy":"acabado","embeddable":true,"href":"https:\/\/revolutionpadelstore.com\/pt-pt\/wp-json\/wp\/v2\/acabado?post=269603"},{"taxonomy":"balance","embeddable":true,"href":"https:\/\/revolutionpadelstore.com\/pt-pt\/wp-json\/wp\/v2\/balance?post=269603"},{"taxonomy":"dureza","embeddable":true,"href":"https:\/\/revolutionpadelstore.com\/pt-pt\/wp-json\/wp\/v2\/dureza?post=269603"},{"taxonomy":"forma","embeddable":true,"href":"https:\/\/revolutionpadelstore.com\/pt-pt\/wp-json\/wp\/v2\/forma?post=269603"},{"taxonomy":"jugador","embeddable":true,"href":"https:\/\/revolutionpadelstore.com\/pt-pt\/wp-json\/wp\/v2\/jugador?post=269603"},{"taxonomy":"marca","embeddable":true,"href":"https:\/\/revolutionpadelstore.com\/pt-pt\/wp-json\/wp\/v2\/marca?post=269603"},{"taxonomy":"nivel-de-juego","embeddable":true,"href":"https:\/\/revolutionpadelstore.com\/pt-pt\/wp-json\/wp\/v2\/nivel-de-juego?post=269603"},{"taxonomy":"superficie","embeddable":true,"href":"https:\/\/revolutionpadelstore.com\/pt-pt\/wp-json\/wp\/v2\/superficie?post=269603"},{"taxonomy":"tipo-de-juego","embeddable":true,"href":"https:\/\/revolutionpadelstore.com\/pt-pt\/wp-json\/wp\/v2\/tipo-de-juego?post=269603"},{"taxonomy":"product_brand","embeddable":true,"href":"https:\/\/revolutionpadelstore.com\/pt-pt\/wp-json\/wp\/v2\/product_brand?post=269603"},{"taxonomy":"product_cat","embeddable":true,"href":"https:\/\/revolutionpadelstore.com\/pt-pt\/wp-json\/wp\/v2\/product_cat?post=269603"},{"taxonomy":"product_tag","embeddable":true,"href":"https:\/\/revolutionpadelstore.com\/pt-pt\/wp-json\/wp\/v2\/product_tag?post=269603"}],"curies":[{"name":"wp","href":"https:\/\/api.w.org\/{rel}","templated":true}]}}