{"id":269380,"date":"2025-09-26T01:09:25","date_gmt":"2025-09-25T23:09:25","guid":{"rendered":"https:\/\/revolutionpadelstore.com\/nox-ea10-ventus-attack-12k-xtreme-by-edu-alonso-2026\/"},"modified":"2026-04-01T00:49:32","modified_gmt":"2026-03-31T22:49:32","slug":"nox-ea10-ventus-attack-12k-xtreme-by-edu-alonso-2026-5","status":"publish","type":"product","link":"https:\/\/revolutionpadelstore.com\/pt-pt\/produto\/nox-ea10-ventus-attack-12k-xtreme-by-edu-alonso-2026-5\/","title":{"rendered":"NOX EA10 VENTUS ATTACK 12K XTREME BY EDU ALONSO 2026"},"content":{"rendered":"<h2>Nox EA10 Ventus Attack 12K Xtrem \u2013 Pot\u00eancia e precis\u00e3o por Edu Alonso<\/h2>\n<p>A <strong>Nox EA10 Ventus Attack 12K Com formato de diamante, alto equil\u00edbrio e punho estendido, esta raquete foi projetada para implantar pot\u00eancia m\u00e1xima em picos, voleios e golpes agressivos que fazem a diferen\u00e7a na quadra.<\/p>\n<h2>Poder explosivo com controle total<\/h2>\n<p>Pesando entre <strong>360 e 375 gramas<\/strong>, o EA10 Ventus Attack oferece a consist\u00eancia perfeita para manter a estabilidade em momentos decisivos. Sua constru\u00e7\u00e3o em <strong>quadro 100% carbono<\/strong> e <strong>faces em fibra de carbono 12K Xtrem<\/strong> garante uma raquete resistente, est\u00e1vel e altamente dur\u00e1vel, sem perder reatividade ou sa\u00edda de bola.<\/p>\n<h2>Para jogadores ofensivos que dominam a rede<\/h2>\n<p>Se o seu estilo de jogo se baseia na tomada de iniciativa desde o primeiro ponto, esta raquete ser\u00e1 a sua melhor aliada. Seu <strong>toque m\u00e9dio-duro<\/strong> garante uma resposta firme e est\u00e1vel, perfeita para quem tem uma t\u00e9cnica apurada e busca fechar os pontos com golpes fortes.<\/p>\n<h2>Tecnologias em destaque do EA10 Ventus Attack 12K Xtrem<\/h2>\n<p><strong>-Carbon 12K Xtrem<\/strong>: maior rigidez, durabilidade e uniformidade superficial.<\/p>\n<p><strong>-MLD Black EVA<\/strong>: n\u00facleo multicamadas que melhora a sa\u00edda e a pot\u00eancia da bola.<\/p>\n<p><strong>-Quadro de carbono<\/strong>: quadro de carbono para m\u00e1xima resist\u00eancia.<\/p>\n<p><strong>-Dual Spin<\/strong>: Textura 3D + jato de areia para melhores efeitos em cada golpe.<\/p>\n<p><strong>-DCS<\/strong>: sistema estrutural que reduz o risco de quebra.<\/p>\n<p><strong>-Pulse System<\/strong>: absor\u00e7\u00e3o de vibra\u00e7\u00f5es para maior conforto.<\/p>\n<p><strong>-Custom Grip\u00ae<\/strong>: melhor ader\u00eancia com redu\u00e7\u00e3o de vibra\u00e7\u00e3o.<\/p>\n<p><strong>-Smart Strap\u00ae<\/strong>: cord\u00e3o de seguran\u00e7a intercambi\u00e1vel e personaliz\u00e1vel.<\/p>\n<p><strong>-EOS Tunnel<\/strong>: aerodin\u00e2mica avan\u00e7ada que melhora o manuseio e a distribui\u00e7\u00e3o de peso.<\/p>\n<h2>Por que escolher o Nox EA10 Ventus Attack?<\/h2>\n<p>-Raquete oficial de Edu Alonso, ideal para o <strong>jogo ofensivo profissional<\/strong>.<\/p>\n<p>-Equil\u00edbrio perfeito entre <strong>pot\u00eancia, controle e tecnologias de \u00faltima gera\u00e7\u00e3o<\/strong>.<\/p>\n<p>-Projetado para quem quer fazer a diferen\u00e7a na quadra com um <strong>ataque letal<\/strong>.<\/p>\n<h2>Obtenha o Nox EA10 Ventus Attack 12K Xtrem pelo melhor pre\u00e7o<\/h2>\n<p>Obtenha esta raquete exclusiva da <strong>Nox<\/strong> e leve seu jogo para o pr\u00f3ximo n\u00edvel. Dispon\u00edvel em nossa loja online <strong><a href=\"https:\/\/www.revolutionpadelstore.com\/\">Revolution Padel Store<\/a><\/strong> provavelmente ao melhor pre\u00e7o do mercado.<\/p>\n<h2>Nox EA10 Ventus Attack 12K Xtrem \u2013 Potencia y precisi\u00f3n de Edu Alonso<\/h2>\n","protected":false},"excerpt":{"rendered":"<p>Domine o jogo de v\u00f4lei gra\u00e7as \u00e0 raquete Nox formato diamante, edi\u00e7\u00e3o oficial de Edu Alonso, que incorpora avi\u00f5es de carbono 12K Xtrem para maximizar a pot\u00eancia em cada tacada.<\/p>\n","protected":false},"featured_media":269375,"comment_status":"open","ping_status":"closed","template":"","meta":{"_acf_changed":false,"_joinchat":[]},"acabado":[1095,1085],"balance":[1135],"dureza":[1160,1155],"forma":[1170],"jugador":[1190],"marca":[1260],"nivel-de-juego":[1335,1345],"superficie":[1360],"tipo-de-juego":[1375],"product_brand":[],"product_cat":[300],"product_tag":[],"class_list":{"0":"post-269380","1":"product","2":"type-product","3":"status-publish","4":"has-post-thumbnail","6":"acabado-arenoso-pt-pt","7":"acabado-companheiro","8":"balance-alto-pt-pt","9":"dureza-dura-pt-pt","10":"dureza-media-pt-pt","11":"forma-diamante-pt-pt","12":"jugador-homem","13":"marca-nox-pt-pt","14":"superficie-rugosa-pt-pt","15":"tipo-de-juego-poder","16":"product_cat-palas","18":"first","19":"instock","20":"sale","21":"taxable","22":"shipping-taxable","23":"purchasable","24":"product-type-simple"},"acf":[],"yoast_head":"<!-- This site is optimized with the Yoast SEO plugin v27.3 - https:\/\/yoast.com\/product\/yoast-seo-wordpress\/ -->\n<title>NOX EA10 VENTUS ATTACK 12K XTREME BY EDU ALONSO 2026 - Revolution Padel Store<\/title>\n<meta name=\"description\" content=\"Compra la Nox EA10 Ventus Attack 12K Xtrem de Edu Alonso, una pala de p\u00e1del profesional en formato diamante con Carbon 12K Xtrem, MLD Black EVA y tecnolog\u00edas avanzadas. Potencia y control para jugadores ofensivos. Disponible en Revolution Padel Store al mejor precio.\" \/>\n<meta name=\"robots\" content=\"index, follow, max-snippet:-1, max-image-preview:large, max-video-preview:-1\" \/>\n<link rel=\"canonical\" href=\"https:\/\/revolutionpadelstore.com\/pt-pt\/produto\/nox-ea10-ventus-attack-12k-xtreme-by-edu-alonso-2026-5\/\" \/>\n<meta property=\"og:locale\" content=\"pt_PT\" \/>\n<meta property=\"og:type\" content=\"article\" \/>\n<meta property=\"og:title\" content=\"NOX EA10 VENTUS ATTACK 12K XTREME BY EDU ALONSO 2026 - Revolution Padel Store\" \/>\n<meta property=\"og:description\" content=\"Compra la Nox EA10 Ventus Attack 12K Xtrem de Edu Alonso, una pala de p\u00e1del profesional en formato diamante con Carbon 12K Xtrem, MLD Black EVA y tecnolog\u00edas avanzadas. Potencia y control para jugadores ofensivos. Disponible en Revolution Padel Store al mejor precio.\" \/>\n<meta property=\"og:url\" content=\"https:\/\/revolutionpadelstore.com\/pt-pt\/produto\/nox-ea10-ventus-attack-12k-xtreme-by-edu-alonso-2026-5\/\" \/>\n<meta property=\"og:site_name\" content=\"Revolution Padel Store\" \/>\n<meta property=\"article:modified_time\" content=\"2026-03-31T22:49:32+00:00\" \/>\n<meta property=\"og:image\" content=\"https:\/\/revolutionpadelstore.com\/wp-content\/uploads\/2025\/09\/120975-pala-nox-ea10-ventus-attack-12k-xtreme-by-edu-alonso-1500x1500-1.webp\" \/>\n\t<meta property=\"og:image:width\" content=\"1500\" \/>\n\t<meta property=\"og:image:height\" content=\"1500\" \/>\n\t<meta property=\"og:image:type\" content=\"image\/webp\" \/>\n<meta name=\"twitter:card\" content=\"summary_large_image\" \/>\n<meta name=\"twitter:label1\" content=\"Tempo estimado de leitura\" \/>\n\t<meta name=\"twitter:data1\" content=\"2 minutos\" \/>\n<script type=\"application\/ld+json\" class=\"yoast-schema-graph\">{\"@context\":\"https:\\\/\\\/schema.org\",\"@graph\":[{\"@type\":\"WebPage\",\"@id\":\"https:\\\/\\\/revolutionpadelstore.com\\\/pt-pt\\\/produto\\\/nox-ea10-ventus-attack-12k-xtreme-by-edu-alonso-2026-5\\\/\",\"url\":\"https:\\\/\\\/revolutionpadelstore.com\\\/pt-pt\\\/produto\\\/nox-ea10-ventus-attack-12k-xtreme-by-edu-alonso-2026-5\\\/\",\"name\":\"NOX EA10 VENTUS ATTACK 12K XTREME BY EDU ALONSO 2026 - Revolution Padel Store\",\"isPartOf\":{\"@id\":\"https:\\\/\\\/revolutionpadelstore.com\\\/pt-pt\\\/#website\"},\"primaryImageOfPage\":{\"@id\":\"https:\\\/\\\/revolutionpadelstore.com\\\/pt-pt\\\/produto\\\/nox-ea10-ventus-attack-12k-xtreme-by-edu-alonso-2026-5\\\/#primaryimage\"},\"image\":{\"@id\":\"https:\\\/\\\/revolutionpadelstore.com\\\/pt-pt\\\/produto\\\/nox-ea10-ventus-attack-12k-xtreme-by-edu-alonso-2026-5\\\/#primaryimage\"},\"thumbnailUrl\":\"https:\\\/\\\/revolutionpadelstore.com\\\/wp-content\\\/uploads\\\/2025\\\/09\\\/120975-pala-nox-ea10-ventus-attack-12k-xtreme-by-edu-alonso-1500x1500-1.webp\",\"datePublished\":\"2025-09-25T23:09:25+00:00\",\"dateModified\":\"2026-03-31T22:49:32+00:00\",\"description\":\"Compra la Nox EA10 Ventus Attack 12K Xtrem de Edu Alonso, una pala de p\u00e1del profesional en formato diamante con Carbon 12K Xtrem, MLD Black EVA y tecnolog\u00edas avanzadas. Potencia y control para jugadores ofensivos. Disponible en Revolution Padel Store al mejor precio.\",\"breadcrumb\":{\"@id\":\"https:\\\/\\\/revolutionpadelstore.com\\\/pt-pt\\\/produto\\\/nox-ea10-ventus-attack-12k-xtreme-by-edu-alonso-2026-5\\\/#breadcrumb\"},\"inLanguage\":\"pt-PT\",\"potentialAction\":[{\"@type\":\"ReadAction\",\"target\":[\"https:\\\/\\\/revolutionpadelstore.com\\\/pt-pt\\\/produto\\\/nox-ea10-ventus-attack-12k-xtreme-by-edu-alonso-2026-5\\\/\"]}]},{\"@type\":\"ImageObject\",\"inLanguage\":\"pt-PT\",\"@id\":\"https:\\\/\\\/revolutionpadelstore.com\\\/pt-pt\\\/produto\\\/nox-ea10-ventus-attack-12k-xtreme-by-edu-alonso-2026-5\\\/#primaryimage\",\"url\":\"https:\\\/\\\/revolutionpadelstore.com\\\/wp-content\\\/uploads\\\/2025\\\/09\\\/120975-pala-nox-ea10-ventus-attack-12k-xtreme-by-edu-alonso-1500x1500-1.webp\",\"contentUrl\":\"https:\\\/\\\/revolutionpadelstore.com\\\/wp-content\\\/uploads\\\/2025\\\/09\\\/120975-pala-nox-ea10-ventus-attack-12k-xtreme-by-edu-alonso-1500x1500-1.webp\",\"width\":1500,\"height\":1500},{\"@type\":\"BreadcrumbList\",\"@id\":\"https:\\\/\\\/revolutionpadelstore.com\\\/pt-pt\\\/produto\\\/nox-ea10-ventus-attack-12k-xtreme-by-edu-alonso-2026-5\\\/#breadcrumb\",\"itemListElement\":[{\"@type\":\"ListItem\",\"position\":1,\"name\":\"Portada\",\"item\":\"https:\\\/\\\/revolutionpadelstore.com\\\/pt-pt\\\/\"},{\"@type\":\"ListItem\",\"position\":2,\"name\":\"Tienda\",\"item\":\"https:\\\/\\\/revolutionpadelstore.com\\\/pt-pt\\\/tienda\\\/\"},{\"@type\":\"ListItem\",\"position\":3,\"name\":\"NOX EA10 VENTUS ATTACK 12K XTREME BY EDU ALONSO 2026\"}]},{\"@type\":\"WebSite\",\"@id\":\"https:\\\/\\\/revolutionpadelstore.com\\\/pt-pt\\\/#website\",\"url\":\"https:\\\/\\\/revolutionpadelstore.com\\\/pt-pt\\\/\",\"name\":\"Revolution Padel Store\",\"description\":\"\",\"publisher\":{\"@id\":\"https:\\\/\\\/revolutionpadelstore.com\\\/pt-pt\\\/#organization\"},\"potentialAction\":[{\"@type\":\"SearchAction\",\"target\":{\"@type\":\"EntryPoint\",\"urlTemplate\":\"https:\\\/\\\/revolutionpadelstore.com\\\/pt-pt\\\/?s={search_term_string}\"},\"query-input\":{\"@type\":\"PropertyValueSpecification\",\"valueRequired\":true,\"valueName\":\"search_term_string\"}}],\"inLanguage\":\"pt-PT\"},{\"@type\":\"Organization\",\"@id\":\"https:\\\/\\\/revolutionpadelstore.com\\\/pt-pt\\\/#organization\",\"name\":\"Revolution Padel Store\",\"url\":\"https:\\\/\\\/revolutionpadelstore.com\\\/pt-pt\\\/\",\"logo\":{\"@type\":\"ImageObject\",\"inLanguage\":\"pt-PT\",\"@id\":\"https:\\\/\\\/revolutionpadelstore.com\\\/pt-pt\\\/#\\\/schema\\\/logo\\\/image\\\/\",\"url\":\"https:\\\/\\\/revolutionpadelstore.com\\\/wp-content\\\/uploads\\\/2026\\\/02\\\/revolution-padel-store.jpg\",\"contentUrl\":\"https:\\\/\\\/revolutionpadelstore.com\\\/wp-content\\\/uploads\\\/2026\\\/02\\\/revolution-padel-store.jpg\",\"width\":2000,\"height\":2000,\"caption\":\"Revolution Padel Store\"},\"image\":{\"@id\":\"https:\\\/\\\/revolutionpadelstore.com\\\/pt-pt\\\/#\\\/schema\\\/logo\\\/image\\\/\"},\"sameAs\":[\"https:\\\/\\\/www.instagram.com\\\/revolutionpadelstore\\\/\"]}]}<\/script>\n<!-- \/ Yoast SEO plugin. -->","yoast_head_json":{"title":"NOX EA10 VENTUS ATTACK 12K XTREME BY EDU ALONSO 2026 - Revolution Padel Store","description":"Compra la Nox EA10 Ventus Attack 12K Xtrem de Edu Alonso, una pala de p\u00e1del profesional en formato diamante con Carbon 12K Xtrem, MLD Black EVA y tecnolog\u00edas avanzadas. Potencia y control para jugadores ofensivos. Disponible en Revolution Padel Store al mejor precio.","robots":{"index":"index","follow":"follow","max-snippet":"max-snippet:-1","max-image-preview":"max-image-preview:large","max-video-preview":"max-video-preview:-1"},"canonical":"https:\/\/revolutionpadelstore.com\/pt-pt\/produto\/nox-ea10-ventus-attack-12k-xtreme-by-edu-alonso-2026-5\/","og_locale":"pt_PT","og_type":"article","og_title":"NOX EA10 VENTUS ATTACK 12K XTREME BY EDU ALONSO 2026 - Revolution Padel Store","og_description":"Compra la Nox EA10 Ventus Attack 12K Xtrem de Edu Alonso, una pala de p\u00e1del profesional en formato diamante con Carbon 12K Xtrem, MLD Black EVA y tecnolog\u00edas avanzadas. Potencia y control para jugadores ofensivos. Disponible en Revolution Padel Store al mejor precio.","og_url":"https:\/\/revolutionpadelstore.com\/pt-pt\/produto\/nox-ea10-ventus-attack-12k-xtreme-by-edu-alonso-2026-5\/","og_site_name":"Revolution Padel Store","article_modified_time":"2026-03-31T22:49:32+00:00","og_image":[{"width":1500,"height":1500,"url":"https:\/\/revolutionpadelstore.com\/wp-content\/uploads\/2025\/09\/120975-pala-nox-ea10-ventus-attack-12k-xtreme-by-edu-alonso-1500x1500-1.webp","type":"image\/webp"}],"twitter_card":"summary_large_image","twitter_misc":{"Tempo estimado de leitura":"2 minutos"},"schema":{"@context":"https:\/\/schema.org","@graph":[{"@type":"WebPage","@id":"https:\/\/revolutionpadelstore.com\/pt-pt\/produto\/nox-ea10-ventus-attack-12k-xtreme-by-edu-alonso-2026-5\/","url":"https:\/\/revolutionpadelstore.com\/pt-pt\/produto\/nox-ea10-ventus-attack-12k-xtreme-by-edu-alonso-2026-5\/","name":"NOX EA10 VENTUS ATTACK 12K XTREME BY EDU ALONSO 2026 - Revolution Padel Store","isPartOf":{"@id":"https:\/\/revolutionpadelstore.com\/pt-pt\/#website"},"primaryImageOfPage":{"@id":"https:\/\/revolutionpadelstore.com\/pt-pt\/produto\/nox-ea10-ventus-attack-12k-xtreme-by-edu-alonso-2026-5\/#primaryimage"},"image":{"@id":"https:\/\/revolutionpadelstore.com\/pt-pt\/produto\/nox-ea10-ventus-attack-12k-xtreme-by-edu-alonso-2026-5\/#primaryimage"},"thumbnailUrl":"https:\/\/revolutionpadelstore.com\/wp-content\/uploads\/2025\/09\/120975-pala-nox-ea10-ventus-attack-12k-xtreme-by-edu-alonso-1500x1500-1.webp","datePublished":"2025-09-25T23:09:25+00:00","dateModified":"2026-03-31T22:49:32+00:00","description":"Compra la Nox EA10 Ventus Attack 12K Xtrem de Edu Alonso, una pala de p\u00e1del profesional en formato diamante con Carbon 12K Xtrem, MLD Black EVA y tecnolog\u00edas avanzadas. Potencia y control para jugadores ofensivos. Disponible en Revolution Padel Store al mejor precio.","breadcrumb":{"@id":"https:\/\/revolutionpadelstore.com\/pt-pt\/produto\/nox-ea10-ventus-attack-12k-xtreme-by-edu-alonso-2026-5\/#breadcrumb"},"inLanguage":"pt-PT","potentialAction":[{"@type":"ReadAction","target":["https:\/\/revolutionpadelstore.com\/pt-pt\/produto\/nox-ea10-ventus-attack-12k-xtreme-by-edu-alonso-2026-5\/"]}]},{"@type":"ImageObject","inLanguage":"pt-PT","@id":"https:\/\/revolutionpadelstore.com\/pt-pt\/produto\/nox-ea10-ventus-attack-12k-xtreme-by-edu-alonso-2026-5\/#primaryimage","url":"https:\/\/revolutionpadelstore.com\/wp-content\/uploads\/2025\/09\/120975-pala-nox-ea10-ventus-attack-12k-xtreme-by-edu-alonso-1500x1500-1.webp","contentUrl":"https:\/\/revolutionpadelstore.com\/wp-content\/uploads\/2025\/09\/120975-pala-nox-ea10-ventus-attack-12k-xtreme-by-edu-alonso-1500x1500-1.webp","width":1500,"height":1500},{"@type":"BreadcrumbList","@id":"https:\/\/revolutionpadelstore.com\/pt-pt\/produto\/nox-ea10-ventus-attack-12k-xtreme-by-edu-alonso-2026-5\/#breadcrumb","itemListElement":[{"@type":"ListItem","position":1,"name":"Portada","item":"https:\/\/revolutionpadelstore.com\/pt-pt\/"},{"@type":"ListItem","position":2,"name":"Tienda","item":"https:\/\/revolutionpadelstore.com\/pt-pt\/tienda\/"},{"@type":"ListItem","position":3,"name":"NOX EA10 VENTUS ATTACK 12K XTREME BY EDU ALONSO 2026"}]},{"@type":"WebSite","@id":"https:\/\/revolutionpadelstore.com\/pt-pt\/#website","url":"https:\/\/revolutionpadelstore.com\/pt-pt\/","name":"Revolution Padel Store","description":"","publisher":{"@id":"https:\/\/revolutionpadelstore.com\/pt-pt\/#organization"},"potentialAction":[{"@type":"SearchAction","target":{"@type":"EntryPoint","urlTemplate":"https:\/\/revolutionpadelstore.com\/pt-pt\/?s={search_term_string}"},"query-input":{"@type":"PropertyValueSpecification","valueRequired":true,"valueName":"search_term_string"}}],"inLanguage":"pt-PT"},{"@type":"Organization","@id":"https:\/\/revolutionpadelstore.com\/pt-pt\/#organization","name":"Revolution Padel Store","url":"https:\/\/revolutionpadelstore.com\/pt-pt\/","logo":{"@type":"ImageObject","inLanguage":"pt-PT","@id":"https:\/\/revolutionpadelstore.com\/pt-pt\/#\/schema\/logo\/image\/","url":"https:\/\/revolutionpadelstore.com\/wp-content\/uploads\/2026\/02\/revolution-padel-store.jpg","contentUrl":"https:\/\/revolutionpadelstore.com\/wp-content\/uploads\/2026\/02\/revolution-padel-store.jpg","width":2000,"height":2000,"caption":"Revolution Padel Store"},"image":{"@id":"https:\/\/revolutionpadelstore.com\/pt-pt\/#\/schema\/logo\/image\/"},"sameAs":["https:\/\/www.instagram.com\/revolutionpadelstore\/"]}]}},"_links":{"self":[{"href":"https:\/\/revolutionpadelstore.com\/pt-pt\/wp-json\/wp\/v2\/product\/269380","targetHints":{"allow":["GET"]}}],"collection":[{"href":"https:\/\/revolutionpadelstore.com\/pt-pt\/wp-json\/wp\/v2\/product"}],"about":[{"href":"https:\/\/revolutionpadelstore.com\/pt-pt\/wp-json\/wp\/v2\/types\/product"}],"replies":[{"embeddable":true,"href":"https:\/\/revolutionpadelstore.com\/pt-pt\/wp-json\/wp\/v2\/comments?post=269380"}],"wp:featuredmedia":[{"embeddable":true,"href":"https:\/\/revolutionpadelstore.com\/pt-pt\/wp-json\/wp\/v2\/media\/269375"}],"wp:attachment":[{"href":"https:\/\/revolutionpadelstore.com\/pt-pt\/wp-json\/wp\/v2\/media?parent=269380"}],"wp:term":[{"taxonomy":"acabado","embeddable":true,"href":"https:\/\/revolutionpadelstore.com\/pt-pt\/wp-json\/wp\/v2\/acabado?post=269380"},{"taxonomy":"balance","embeddable":true,"href":"https:\/\/revolutionpadelstore.com\/pt-pt\/wp-json\/wp\/v2\/balance?post=269380"},{"taxonomy":"dureza","embeddable":true,"href":"https:\/\/revolutionpadelstore.com\/pt-pt\/wp-json\/wp\/v2\/dureza?post=269380"},{"taxonomy":"forma","embeddable":true,"href":"https:\/\/revolutionpadelstore.com\/pt-pt\/wp-json\/wp\/v2\/forma?post=269380"},{"taxonomy":"jugador","embeddable":true,"href":"https:\/\/revolutionpadelstore.com\/pt-pt\/wp-json\/wp\/v2\/jugador?post=269380"},{"taxonomy":"marca","embeddable":true,"href":"https:\/\/revolutionpadelstore.com\/pt-pt\/wp-json\/wp\/v2\/marca?post=269380"},{"taxonomy":"nivel-de-juego","embeddable":true,"href":"https:\/\/revolutionpadelstore.com\/pt-pt\/wp-json\/wp\/v2\/nivel-de-juego?post=269380"},{"taxonomy":"superficie","embeddable":true,"href":"https:\/\/revolutionpadelstore.com\/pt-pt\/wp-json\/wp\/v2\/superficie?post=269380"},{"taxonomy":"tipo-de-juego","embeddable":true,"href":"https:\/\/revolutionpadelstore.com\/pt-pt\/wp-json\/wp\/v2\/tipo-de-juego?post=269380"},{"taxonomy":"product_brand","embeddable":true,"href":"https:\/\/revolutionpadelstore.com\/pt-pt\/wp-json\/wp\/v2\/product_brand?post=269380"},{"taxonomy":"product_cat","embeddable":true,"href":"https:\/\/revolutionpadelstore.com\/pt-pt\/wp-json\/wp\/v2\/product_cat?post=269380"},{"taxonomy":"product_tag","embeddable":true,"href":"https:\/\/revolutionpadelstore.com\/pt-pt\/wp-json\/wp\/v2\/product_tag?post=269380"}],"curies":[{"name":"wp","href":"https:\/\/api.w.org\/{rel}","templated":true}]}}