{"id":269170,"date":"2025-09-26T00:30:02","date_gmt":"2025-09-25T22:30:02","guid":{"rendered":"https:\/\/revolutionpadelstore.com\/nox-at10-genius-attack-18k-alum-by-agustin-tapia-2026\/"},"modified":"2026-04-01T00:50:28","modified_gmt":"2026-03-31T22:50:28","slug":"nox-at10-genius-attack-18k-alum-by-agustin-tapia-2026-5","status":"publish","type":"product","link":"https:\/\/revolutionpadelstore.com\/pt-pt\/produto\/nox-at10-genius-attack-18k-alum-by-agustin-tapia-2026-5\/","title":{"rendered":"NOX AT10 GENIUS ATTACK 18K ALUM BY AGUST\u00cdN TAPIA 2026"},"content":{"rendered":"<h2>Nox AT10 Genius Attack 18K Alum 2026 \u2013 Poder ofensivo ilimitado<\/h2>\n<p>O <strong>Nox AT10 Genius Attack 18K Alum 2026<\/strong> \u00e9 a nova arma de ataque desenvolvida em conjunto com <em>Agust\u00edn Tapia<\/em> para jogadores que buscam dominar cada ponto com for\u00e7a e precis\u00e3o. Esta raquete de padel profissional se destaca pelo formato de diamante, alto equil\u00edbrio e peso que varia entre 360 \u200b\u200be 375 gramas, oferecendo desempenho explosivo em cada tacada.<\/p>\n<p>Fabricado com materiais de \u00faltima gera\u00e7\u00e3o, sua face em <strong>carbono aluminizado 18K<\/strong> e n\u00facleo em <strong>MLD Black EVA<\/strong> garantem uma sa\u00edda de bola poderosa, um toque firme e uma adapta\u00e7\u00e3o ideal a qualquer condi\u00e7\u00e3o clim\u00e1tica. O design e as tecnologias desta raquete Nox 2026 tornam-na uma op\u00e7\u00e3o imbat\u00edvel para o jogo ofensivo.<\/p>\n<h2>AT10 Genius Attack 2026: Para jogadores agressivos e exigentes<\/h2>\n<p>Projetado para jogadores <strong>avan\u00e7ados e profissionais<\/strong>, o AT10 Genius Attack 18K Alum \u00e9 ideal para quem joga um estilo de jogo <strong>agressivo e dominante<\/strong>. Seu novo molde e o inovador <strong>Weight Balance System<\/strong> permitem personalizar o equil\u00edbrio da raquete, ajustando-a \u00e0s prefer\u00eancias do jogador.<\/p>\n<p>Seu toque m\u00e9dio proporciona um equil\u00edbrio perfeito entre <strong>controle e pot\u00eancia<\/strong>, embora brilhe principalmente em a\u00e7\u00f5es ofensivas como smashes, vipers e layups com spin.<\/p>\n<h2>Caracter\u00edsticas t\u00e9cnicas destacadas<\/h2>\n<p><strong>-Carbon 18K Alum<\/strong>: superf\u00edcie de carbono aluminizado que melhora a rigidez estrutural e a estabilidade t\u00e9rmica.<\/p>\n<p><strong>-MLD Black EVA<\/strong>: n\u00facleo multicamadas que maximiza a pot\u00eancia e a sa\u00edda da bola.<\/p>\n<p><strong>-Weight Balance System<\/strong>: sistema de contrapesos intercambi\u00e1veis \u200b\u200bpara ajustar o equil\u00edbrio e o peso de acordo com o estilo de jogo.<\/p>\n<p><strong>-Dual Spin<\/strong>: textura \u00e1spera 3D e areia de s\u00edlica para gerar efeitos extremos.<\/p>\n<p><strong>-T\u00fanel EOS<\/strong>: nova estrutura perfurada no mastro que aumenta a manobrabilidade e a aerodin\u00e2mica.<\/p>\n<p><strong>-Pulse System<\/strong>: sistema antivibra\u00e7\u00e3o que melhora o conforto a cada golpe.<\/p>\n<p><strong>-Oversize Grip<\/strong>: al\u00e7a mais longa para melhor ader\u00eancia e conforto.<\/p>\n<p><strong>&#8211; SmartStrap<\/strong>: cabo de ader\u00eancia intercambi\u00e1vel de forma r\u00e1pida e segura.<\/p>\n<p><strong>&#8211; Tinta Hotocr\u00f4mica<\/strong>: tinta que reage \u00e0 luz mudando de cor.<\/p>\n<p><strong>&#8211; Punho Personalizado<\/strong>: punho personaliz\u00e1vel com sistema antivibra\u00e7\u00e3o certificado pela Testea P\u00e1del.<\/p>\n<h2>Por que escolher o AT10 Genius Attack 2026?<\/h2>\n<p>-Perfeito para um estilo de jogo <strong>ofensivo e agressivo<\/strong><\/p>\n<p>-Personaliz\u00e1vel de acordo com sua forma de jogar<\/p>\n<p>-Conforto, pot\u00eancia e design profissional<\/p>\n<p>-Desenvolvido por e para jogadores de elite como <em>Agust\u00edn Tapia<\/em><\/p>\n<h2>Obtenha a raquete Nox AT10 Genius Attack 2026 pelo melhor pre\u00e7o<\/h2>\n<p>Se o seu estilo \u00e9 baseado em <strong>poder, golpes agressivos e controle ofensivo<\/strong>, a <strong>Nox AT10 Genius Attack 18K Alum 2026<\/strong> \u00e9 a raquete que voc\u00ea precisa para levar seu n\u00edvel para o pr\u00f3ximo passo. Domine cada ponto e fa\u00e7a a diferen\u00e7a com esta raquete de alto desempenho.<\/p>\n<p>Dispon\u00edvel agora em nossa loja online <strong><a href=\"https:\/\/www.revolutionpadelstore.com\/\">www.revolutionpadelstore.com<\/a><\/strong>, provavelmente <strong>ao melhor pre\u00e7o do mercado<\/strong>.<\/p>\n<h2>Nox AT10 Genius Attack 18K Alum 2026 \u2013 Potencia ofensiva sin l\u00edmites<\/h2>\n","protected":false},"excerpt":{"rendered":"<p>Sinta a pot\u00eancia e a precis\u00e3o em cada tacada, projetada para jogadores agressivos de alto desempenho, com a raquete Nox de Agust\u00edn Tapia.<\/p>\n","protected":false},"featured_media":269165,"comment_status":"open","ping_status":"closed","template":"","meta":{"_acf_changed":false,"_joinchat":[]},"acabado":[1095,1085],"balance":[1135],"dureza":[1155],"forma":[1170],"jugador":[1190],"marca":[1260],"nivel-de-juego":[1335,1345],"superficie":[1360],"tipo-de-juego":[1375],"product_brand":[],"product_cat":[300],"product_tag":[],"class_list":{"0":"post-269170","1":"product","2":"type-product","3":"status-publish","4":"has-post-thumbnail","6":"acabado-arenoso-pt-pt","7":"acabado-companheiro","8":"balance-alto-pt-pt","9":"dureza-media-pt-pt","10":"forma-diamante-pt-pt","11":"jugador-homem","12":"marca-nox-pt-pt","13":"superficie-rugosa-pt-pt","14":"tipo-de-juego-poder","15":"product_cat-palas","17":"first","18":"instock","19":"sale","20":"taxable","21":"shipping-taxable","22":"purchasable","23":"product-type-simple"},"acf":[],"yoast_head":"<!-- This site is optimized with the Yoast SEO plugin v27.3 - https:\/\/yoast.com\/product\/yoast-seo-wordpress\/ -->\n<title>NOX AT10 GENIUS ATTACK 18K ALUM BY AGUST\u00cdN TAPIA 2026 - Revolution Padel Store<\/title>\n<meta name=\"description\" content=\"Descubre la Nox AT10 Genius Attack 18K Alum 2026, la pala de p\u00e1del profesional de Agust\u00edn Tapia con m\u00e1xima potencia, control ofensivo y tecnolog\u00edas exclusivas. \u00a1C\u00f3mprala ya en Revolution Padel Store al mejor precio!\" \/>\n<meta name=\"robots\" content=\"index, follow, max-snippet:-1, max-image-preview:large, max-video-preview:-1\" \/>\n<link rel=\"canonical\" href=\"https:\/\/revolutionpadelstore.com\/pt-pt\/produto\/nox-at10-genius-attack-18k-alum-by-agustin-tapia-2026-5\/\" \/>\n<meta property=\"og:locale\" content=\"pt_PT\" \/>\n<meta property=\"og:type\" content=\"article\" \/>\n<meta property=\"og:title\" content=\"NOX AT10 GENIUS ATTACK 18K ALUM BY AGUST\u00cdN TAPIA 2026 - Revolution Padel Store\" \/>\n<meta property=\"og:description\" content=\"Descubre la Nox AT10 Genius Attack 18K Alum 2026, la pala de p\u00e1del profesional de Agust\u00edn Tapia con m\u00e1xima potencia, control ofensivo y tecnolog\u00edas exclusivas. \u00a1C\u00f3mprala ya en Revolution Padel Store al mejor precio!\" \/>\n<meta property=\"og:url\" content=\"https:\/\/revolutionpadelstore.com\/pt-pt\/produto\/nox-at10-genius-attack-18k-alum-by-agustin-tapia-2026-5\/\" \/>\n<meta property=\"og:site_name\" content=\"Revolution Padel Store\" \/>\n<meta property=\"article:modified_time\" content=\"2026-03-31T22:50:28+00:00\" \/>\n<meta property=\"og:image\" content=\"https:\/\/revolutionpadelstore.com\/wp-content\/uploads\/2025\/09\/120972-pala-nox-at10-genius-attack-18k-alum-by-agustin-tapia-1500x1500-1.webp\" \/>\n\t<meta property=\"og:image:width\" content=\"1500\" \/>\n\t<meta property=\"og:image:height\" content=\"1500\" \/>\n\t<meta property=\"og:image:type\" content=\"image\/webp\" \/>\n<meta name=\"twitter:card\" content=\"summary_large_image\" \/>\n<meta name=\"twitter:label1\" content=\"Tempo estimado de leitura\" \/>\n\t<meta name=\"twitter:data1\" content=\"2 minutos\" \/>\n<script type=\"application\/ld+json\" class=\"yoast-schema-graph\">{\"@context\":\"https:\\\/\\\/schema.org\",\"@graph\":[{\"@type\":\"WebPage\",\"@id\":\"https:\\\/\\\/revolutionpadelstore.com\\\/pt-pt\\\/produto\\\/nox-at10-genius-attack-18k-alum-by-agustin-tapia-2026-5\\\/\",\"url\":\"https:\\\/\\\/revolutionpadelstore.com\\\/pt-pt\\\/produto\\\/nox-at10-genius-attack-18k-alum-by-agustin-tapia-2026-5\\\/\",\"name\":\"NOX AT10 GENIUS ATTACK 18K ALUM BY AGUST\u00cdN TAPIA 2026 - Revolution Padel Store\",\"isPartOf\":{\"@id\":\"https:\\\/\\\/revolutionpadelstore.com\\\/pt-pt\\\/#website\"},\"primaryImageOfPage\":{\"@id\":\"https:\\\/\\\/revolutionpadelstore.com\\\/pt-pt\\\/produto\\\/nox-at10-genius-attack-18k-alum-by-agustin-tapia-2026-5\\\/#primaryimage\"},\"image\":{\"@id\":\"https:\\\/\\\/revolutionpadelstore.com\\\/pt-pt\\\/produto\\\/nox-at10-genius-attack-18k-alum-by-agustin-tapia-2026-5\\\/#primaryimage\"},\"thumbnailUrl\":\"https:\\\/\\\/revolutionpadelstore.com\\\/wp-content\\\/uploads\\\/2025\\\/09\\\/120972-pala-nox-at10-genius-attack-18k-alum-by-agustin-tapia-1500x1500-1.webp\",\"datePublished\":\"2025-09-25T22:30:02+00:00\",\"dateModified\":\"2026-03-31T22:50:28+00:00\",\"description\":\"Descubre la Nox AT10 Genius Attack 18K Alum 2026, la pala de p\u00e1del profesional de Agust\u00edn Tapia con m\u00e1xima potencia, control ofensivo y tecnolog\u00edas exclusivas. \u00a1C\u00f3mprala ya en Revolution Padel Store al mejor precio!\",\"breadcrumb\":{\"@id\":\"https:\\\/\\\/revolutionpadelstore.com\\\/pt-pt\\\/produto\\\/nox-at10-genius-attack-18k-alum-by-agustin-tapia-2026-5\\\/#breadcrumb\"},\"inLanguage\":\"pt-PT\",\"potentialAction\":[{\"@type\":\"ReadAction\",\"target\":[\"https:\\\/\\\/revolutionpadelstore.com\\\/pt-pt\\\/produto\\\/nox-at10-genius-attack-18k-alum-by-agustin-tapia-2026-5\\\/\"]}]},{\"@type\":\"ImageObject\",\"inLanguage\":\"pt-PT\",\"@id\":\"https:\\\/\\\/revolutionpadelstore.com\\\/pt-pt\\\/produto\\\/nox-at10-genius-attack-18k-alum-by-agustin-tapia-2026-5\\\/#primaryimage\",\"url\":\"https:\\\/\\\/revolutionpadelstore.com\\\/wp-content\\\/uploads\\\/2025\\\/09\\\/120972-pala-nox-at10-genius-attack-18k-alum-by-agustin-tapia-1500x1500-1.webp\",\"contentUrl\":\"https:\\\/\\\/revolutionpadelstore.com\\\/wp-content\\\/uploads\\\/2025\\\/09\\\/120972-pala-nox-at10-genius-attack-18k-alum-by-agustin-tapia-1500x1500-1.webp\",\"width\":1500,\"height\":1500},{\"@type\":\"BreadcrumbList\",\"@id\":\"https:\\\/\\\/revolutionpadelstore.com\\\/pt-pt\\\/produto\\\/nox-at10-genius-attack-18k-alum-by-agustin-tapia-2026-5\\\/#breadcrumb\",\"itemListElement\":[{\"@type\":\"ListItem\",\"position\":1,\"name\":\"Portada\",\"item\":\"https:\\\/\\\/revolutionpadelstore.com\\\/pt-pt\\\/\"},{\"@type\":\"ListItem\",\"position\":2,\"name\":\"Tienda\",\"item\":\"https:\\\/\\\/revolutionpadelstore.com\\\/pt-pt\\\/tienda\\\/\"},{\"@type\":\"ListItem\",\"position\":3,\"name\":\"NOX AT10 GENIUS ATTACK 18K ALUM BY AGUST\u00cdN TAPIA 2026\"}]},{\"@type\":\"WebSite\",\"@id\":\"https:\\\/\\\/revolutionpadelstore.com\\\/pt-pt\\\/#website\",\"url\":\"https:\\\/\\\/revolutionpadelstore.com\\\/pt-pt\\\/\",\"name\":\"Revolution Padel Store\",\"description\":\"\",\"publisher\":{\"@id\":\"https:\\\/\\\/revolutionpadelstore.com\\\/pt-pt\\\/#organization\"},\"potentialAction\":[{\"@type\":\"SearchAction\",\"target\":{\"@type\":\"EntryPoint\",\"urlTemplate\":\"https:\\\/\\\/revolutionpadelstore.com\\\/pt-pt\\\/?s={search_term_string}\"},\"query-input\":{\"@type\":\"PropertyValueSpecification\",\"valueRequired\":true,\"valueName\":\"search_term_string\"}}],\"inLanguage\":\"pt-PT\"},{\"@type\":\"Organization\",\"@id\":\"https:\\\/\\\/revolutionpadelstore.com\\\/pt-pt\\\/#organization\",\"name\":\"Revolution Padel Store\",\"url\":\"https:\\\/\\\/revolutionpadelstore.com\\\/pt-pt\\\/\",\"logo\":{\"@type\":\"ImageObject\",\"inLanguage\":\"pt-PT\",\"@id\":\"https:\\\/\\\/revolutionpadelstore.com\\\/pt-pt\\\/#\\\/schema\\\/logo\\\/image\\\/\",\"url\":\"https:\\\/\\\/revolutionpadelstore.com\\\/wp-content\\\/uploads\\\/2026\\\/02\\\/revolution-padel-store.jpg\",\"contentUrl\":\"https:\\\/\\\/revolutionpadelstore.com\\\/wp-content\\\/uploads\\\/2026\\\/02\\\/revolution-padel-store.jpg\",\"width\":2000,\"height\":2000,\"caption\":\"Revolution Padel Store\"},\"image\":{\"@id\":\"https:\\\/\\\/revolutionpadelstore.com\\\/pt-pt\\\/#\\\/schema\\\/logo\\\/image\\\/\"},\"sameAs\":[\"https:\\\/\\\/www.instagram.com\\\/revolutionpadelstore\\\/\"]}]}<\/script>\n<!-- \/ Yoast SEO plugin. -->","yoast_head_json":{"title":"NOX AT10 GENIUS ATTACK 18K ALUM BY AGUST\u00cdN TAPIA 2026 - Revolution Padel Store","description":"Descubre la Nox AT10 Genius Attack 18K Alum 2026, la pala de p\u00e1del profesional de Agust\u00edn Tapia con m\u00e1xima potencia, control ofensivo y tecnolog\u00edas exclusivas. \u00a1C\u00f3mprala ya en Revolution Padel Store al mejor precio!","robots":{"index":"index","follow":"follow","max-snippet":"max-snippet:-1","max-image-preview":"max-image-preview:large","max-video-preview":"max-video-preview:-1"},"canonical":"https:\/\/revolutionpadelstore.com\/pt-pt\/produto\/nox-at10-genius-attack-18k-alum-by-agustin-tapia-2026-5\/","og_locale":"pt_PT","og_type":"article","og_title":"NOX AT10 GENIUS ATTACK 18K ALUM BY AGUST\u00cdN TAPIA 2026 - Revolution Padel Store","og_description":"Descubre la Nox AT10 Genius Attack 18K Alum 2026, la pala de p\u00e1del profesional de Agust\u00edn Tapia con m\u00e1xima potencia, control ofensivo y tecnolog\u00edas exclusivas. \u00a1C\u00f3mprala ya en Revolution Padel Store al mejor precio!","og_url":"https:\/\/revolutionpadelstore.com\/pt-pt\/produto\/nox-at10-genius-attack-18k-alum-by-agustin-tapia-2026-5\/","og_site_name":"Revolution Padel Store","article_modified_time":"2026-03-31T22:50:28+00:00","og_image":[{"width":1500,"height":1500,"url":"https:\/\/revolutionpadelstore.com\/wp-content\/uploads\/2025\/09\/120972-pala-nox-at10-genius-attack-18k-alum-by-agustin-tapia-1500x1500-1.webp","type":"image\/webp"}],"twitter_card":"summary_large_image","twitter_misc":{"Tempo estimado de leitura":"2 minutos"},"schema":{"@context":"https:\/\/schema.org","@graph":[{"@type":"WebPage","@id":"https:\/\/revolutionpadelstore.com\/pt-pt\/produto\/nox-at10-genius-attack-18k-alum-by-agustin-tapia-2026-5\/","url":"https:\/\/revolutionpadelstore.com\/pt-pt\/produto\/nox-at10-genius-attack-18k-alum-by-agustin-tapia-2026-5\/","name":"NOX AT10 GENIUS ATTACK 18K ALUM BY AGUST\u00cdN TAPIA 2026 - Revolution Padel Store","isPartOf":{"@id":"https:\/\/revolutionpadelstore.com\/pt-pt\/#website"},"primaryImageOfPage":{"@id":"https:\/\/revolutionpadelstore.com\/pt-pt\/produto\/nox-at10-genius-attack-18k-alum-by-agustin-tapia-2026-5\/#primaryimage"},"image":{"@id":"https:\/\/revolutionpadelstore.com\/pt-pt\/produto\/nox-at10-genius-attack-18k-alum-by-agustin-tapia-2026-5\/#primaryimage"},"thumbnailUrl":"https:\/\/revolutionpadelstore.com\/wp-content\/uploads\/2025\/09\/120972-pala-nox-at10-genius-attack-18k-alum-by-agustin-tapia-1500x1500-1.webp","datePublished":"2025-09-25T22:30:02+00:00","dateModified":"2026-03-31T22:50:28+00:00","description":"Descubre la Nox AT10 Genius Attack 18K Alum 2026, la pala de p\u00e1del profesional de Agust\u00edn Tapia con m\u00e1xima potencia, control ofensivo y tecnolog\u00edas exclusivas. \u00a1C\u00f3mprala ya en Revolution Padel Store al mejor precio!","breadcrumb":{"@id":"https:\/\/revolutionpadelstore.com\/pt-pt\/produto\/nox-at10-genius-attack-18k-alum-by-agustin-tapia-2026-5\/#breadcrumb"},"inLanguage":"pt-PT","potentialAction":[{"@type":"ReadAction","target":["https:\/\/revolutionpadelstore.com\/pt-pt\/produto\/nox-at10-genius-attack-18k-alum-by-agustin-tapia-2026-5\/"]}]},{"@type":"ImageObject","inLanguage":"pt-PT","@id":"https:\/\/revolutionpadelstore.com\/pt-pt\/produto\/nox-at10-genius-attack-18k-alum-by-agustin-tapia-2026-5\/#primaryimage","url":"https:\/\/revolutionpadelstore.com\/wp-content\/uploads\/2025\/09\/120972-pala-nox-at10-genius-attack-18k-alum-by-agustin-tapia-1500x1500-1.webp","contentUrl":"https:\/\/revolutionpadelstore.com\/wp-content\/uploads\/2025\/09\/120972-pala-nox-at10-genius-attack-18k-alum-by-agustin-tapia-1500x1500-1.webp","width":1500,"height":1500},{"@type":"BreadcrumbList","@id":"https:\/\/revolutionpadelstore.com\/pt-pt\/produto\/nox-at10-genius-attack-18k-alum-by-agustin-tapia-2026-5\/#breadcrumb","itemListElement":[{"@type":"ListItem","position":1,"name":"Portada","item":"https:\/\/revolutionpadelstore.com\/pt-pt\/"},{"@type":"ListItem","position":2,"name":"Tienda","item":"https:\/\/revolutionpadelstore.com\/pt-pt\/tienda\/"},{"@type":"ListItem","position":3,"name":"NOX AT10 GENIUS ATTACK 18K ALUM BY AGUST\u00cdN TAPIA 2026"}]},{"@type":"WebSite","@id":"https:\/\/revolutionpadelstore.com\/pt-pt\/#website","url":"https:\/\/revolutionpadelstore.com\/pt-pt\/","name":"Revolution Padel Store","description":"","publisher":{"@id":"https:\/\/revolutionpadelstore.com\/pt-pt\/#organization"},"potentialAction":[{"@type":"SearchAction","target":{"@type":"EntryPoint","urlTemplate":"https:\/\/revolutionpadelstore.com\/pt-pt\/?s={search_term_string}"},"query-input":{"@type":"PropertyValueSpecification","valueRequired":true,"valueName":"search_term_string"}}],"inLanguage":"pt-PT"},{"@type":"Organization","@id":"https:\/\/revolutionpadelstore.com\/pt-pt\/#organization","name":"Revolution Padel Store","url":"https:\/\/revolutionpadelstore.com\/pt-pt\/","logo":{"@type":"ImageObject","inLanguage":"pt-PT","@id":"https:\/\/revolutionpadelstore.com\/pt-pt\/#\/schema\/logo\/image\/","url":"https:\/\/revolutionpadelstore.com\/wp-content\/uploads\/2026\/02\/revolution-padel-store.jpg","contentUrl":"https:\/\/revolutionpadelstore.com\/wp-content\/uploads\/2026\/02\/revolution-padel-store.jpg","width":2000,"height":2000,"caption":"Revolution Padel Store"},"image":{"@id":"https:\/\/revolutionpadelstore.com\/pt-pt\/#\/schema\/logo\/image\/"},"sameAs":["https:\/\/www.instagram.com\/revolutionpadelstore\/"]}]}},"_links":{"self":[{"href":"https:\/\/revolutionpadelstore.com\/pt-pt\/wp-json\/wp\/v2\/product\/269170","targetHints":{"allow":["GET"]}}],"collection":[{"href":"https:\/\/revolutionpadelstore.com\/pt-pt\/wp-json\/wp\/v2\/product"}],"about":[{"href":"https:\/\/revolutionpadelstore.com\/pt-pt\/wp-json\/wp\/v2\/types\/product"}],"replies":[{"embeddable":true,"href":"https:\/\/revolutionpadelstore.com\/pt-pt\/wp-json\/wp\/v2\/comments?post=269170"}],"wp:featuredmedia":[{"embeddable":true,"href":"https:\/\/revolutionpadelstore.com\/pt-pt\/wp-json\/wp\/v2\/media\/269165"}],"wp:attachment":[{"href":"https:\/\/revolutionpadelstore.com\/pt-pt\/wp-json\/wp\/v2\/media?parent=269170"}],"wp:term":[{"taxonomy":"acabado","embeddable":true,"href":"https:\/\/revolutionpadelstore.com\/pt-pt\/wp-json\/wp\/v2\/acabado?post=269170"},{"taxonomy":"balance","embeddable":true,"href":"https:\/\/revolutionpadelstore.com\/pt-pt\/wp-json\/wp\/v2\/balance?post=269170"},{"taxonomy":"dureza","embeddable":true,"href":"https:\/\/revolutionpadelstore.com\/pt-pt\/wp-json\/wp\/v2\/dureza?post=269170"},{"taxonomy":"forma","embeddable":true,"href":"https:\/\/revolutionpadelstore.com\/pt-pt\/wp-json\/wp\/v2\/forma?post=269170"},{"taxonomy":"jugador","embeddable":true,"href":"https:\/\/revolutionpadelstore.com\/pt-pt\/wp-json\/wp\/v2\/jugador?post=269170"},{"taxonomy":"marca","embeddable":true,"href":"https:\/\/revolutionpadelstore.com\/pt-pt\/wp-json\/wp\/v2\/marca?post=269170"},{"taxonomy":"nivel-de-juego","embeddable":true,"href":"https:\/\/revolutionpadelstore.com\/pt-pt\/wp-json\/wp\/v2\/nivel-de-juego?post=269170"},{"taxonomy":"superficie","embeddable":true,"href":"https:\/\/revolutionpadelstore.com\/pt-pt\/wp-json\/wp\/v2\/superficie?post=269170"},{"taxonomy":"tipo-de-juego","embeddable":true,"href":"https:\/\/revolutionpadelstore.com\/pt-pt\/wp-json\/wp\/v2\/tipo-de-juego?post=269170"},{"taxonomy":"product_brand","embeddable":true,"href":"https:\/\/revolutionpadelstore.com\/pt-pt\/wp-json\/wp\/v2\/product_brand?post=269170"},{"taxonomy":"product_cat","embeddable":true,"href":"https:\/\/revolutionpadelstore.com\/pt-pt\/wp-json\/wp\/v2\/product_cat?post=269170"},{"taxonomy":"product_tag","embeddable":true,"href":"https:\/\/revolutionpadelstore.com\/pt-pt\/wp-json\/wp\/v2\/product_tag?post=269170"}],"curies":[{"name":"wp","href":"https:\/\/api.w.org\/{rel}","templated":true}]}}