{"id":269086,"date":"2025-09-25T21:06:14","date_gmt":"2025-09-25T19:06:14","guid":{"rendered":"https:\/\/revolutionpadelstore.com\/nox-at10-genius-attack-12k-alum-xtrem-by-agustin-tapia\/"},"modified":"2026-04-01T00:50:46","modified_gmt":"2026-03-31T22:50:46","slug":"nox-at10-genius-attack-12k-alum-xtrem-by-agustin-tapia-2026-4","status":"publish","type":"product","link":"https:\/\/revolutionpadelstore.com\/pt-pt\/produto\/nox-at10-genius-attack-12k-alum-xtrem-by-agustin-tapia-2026-4\/","title":{"rendered":"NOX AT10 GENIUS ATTACK 12K ALUM XTREM BY AGUST\u00cdN TAPIA 2026"},"content":{"rendered":"<h2>Nox AT10 Genius Attack 12K Alum XTREM 2026 &#8211; Pot\u00eancia extrema com precis\u00e3o profissional<\/h2>\n<p>Domine a quadra com a nova raquete <strong>Nox AT10 Genius Attack 12K Alum XTREM 2026<\/strong>, projetada em colabora\u00e7\u00e3o com o n\u00famero um: <strong>Agust\u00edn Tapia<\/strong>. Criada para jogadores ofensivos que buscam pot\u00eancia sem perder o controle, esta raquete em formato de diamante com alto equil\u00edbrio foi pensada para quem quer decidir o ponto com autoridade desde o primeiro golpe.<\/p>\n<h2>Alto desempenho para jogadores de elite<\/h2>\n<p>Gra\u00e7as ao seu n\u00facleo HR3 Black EVA de alta densidade e \u00e0 sua face de carbono 12K Alum Xtrem, esta raquete profissional oferece uma resposta explosiva em cada tacada, sem sacrificar a durabilidade ou estabilidade, mesmo em condi\u00e7\u00f5es clim\u00e1ticas extremas.<\/p>\n<p>Ideal para jogadores de n\u00edvel <strong>avan\u00e7ado ou profissional<\/strong>, seu toque intermedi\u00e1rio-duro permite firmeza e precis\u00e3o em golpes agressivos, como smashes, vipers ou wall drops.<\/p>\n<h2>Personalize seu jogo com tecnologia de ponta<\/h2>\n<p>Incorpora o sistema <strong>Weight Balance<\/strong>, que permite ajustar o equil\u00edbrio da raquete de acordo com suas prefer\u00eancias. Uma ferramenta perfeita para adaptar seu estilo de jogo dependendo do advers\u00e1rio ou da quadra.<\/p>\n<h2>Tecnologias em destaque do AT10 Genius Attack 12K Alum XTREM<\/h2>\n<p><strong>-Carbon 12K Alum Xtrem<\/strong>: maior rigidez estrutural, durabilidade e superf\u00edcie mais uniforme.<\/p>\n<p><strong>-HR3 Black EVA<\/strong>: borracha de alta densidade com efeito mem\u00f3ria para pot\u00eancia brutal.<\/p>\n<p><strong>-Balan\u00e7o de Peso<\/strong>: sistema de contrapesos para personalizar a balan\u00e7a.<\/p>\n<p><strong>-Dual Spin<\/strong>: Textura \u00e1spera 3D com areia de s\u00edlica para golpes com spin.<\/p>\n<p><strong>-Carbon Frame<\/strong>: estrutura totalmente em carbono para m\u00e1xima resist\u00eancia.<\/p>\n<p><strong>-EOS Tunnel<\/strong>: melhora a aerodin\u00e2mica e o manuseio atrav\u00e9s de perfura\u00e7\u00f5es estrat\u00e9gicas.<\/p>\n<p><strong>-Estrutura Composta Din\u00e2mica<\/strong>: refor\u00e7o interno que evita quebras.<\/p>\n<p><strong>-Ader\u00eancia Oversize<\/strong>: Al\u00e7a mais longa para maior conforto e controle.<\/p>\n<p><strong>-Pulse System<\/strong>: reduz as vibra\u00e7\u00f5es para proteger as articula\u00e7\u00f5es.<\/p>\n<p><strong>-Custom Grip<\/strong>: ader\u00eancia personalizada certificada pela Testea P\u00e1del.<\/p>\n<p><strong>-SmartStrap\u00ae<\/strong>: sistema de talabarte intercambi\u00e1vel e seguro.<\/p>\n<p><strong>-Pintura Fotocr\u00f4mica<\/strong>: tinta que muda dependendo da luz, um detalhe exclusivo.<\/p>\n<h2>Por que escolher o Nox AT10 12K Alum XTREM Attack 2026?<\/h2>\n<p>-Desenvolvido em conjunto com <strong>Agust\u00edn Tapia<\/strong>, uma garantia de alto desempenho.<\/p>\n<p>-Perfeito para jogadores que baseiam seu jogo no <strong>poder ofensivo e na agressividade t\u00e1tica<\/strong>.<\/p>\n<p>-Ideal para quem procura uma raquete com tecnologias de ponta, personaliz\u00e1vel e com design exclusivo.<\/p>\n<p>Se o seu objetivo \u00e9 dominar o jogo desde o primeiro ponto, <strong>esta raquete \u00e9 para voc\u00ea<\/strong>.<\/p>\n<h2>Adquira agora em <a href=\"http:\/\/www.revolutionpadelstore.com\/\">www.revolutionpadelstore.com<\/a><\/h2>\n<p>Obtenha o Nox AT10 Genius Attack 12K Alum Aproveite nossas ofertas e prepare-se para jogar como um verdadeiro profissional.<\/p>\n<h2>Nox AT10 Genius Attack 12K Alum XTREM 2026 &#8211; Potencia Extrema con Precisi\u00f3n Profesional<\/h2>\n","protected":false},"excerpt":{"rendered":"<p>A raquete Nox diamante oficial da Tapia oferece pot\u00eancia e agressividade em todas as jogadas de ataque<\/p>\n","protected":false},"featured_media":269081,"comment_status":"open","ping_status":"closed","template":"","meta":{"_acf_changed":false,"_joinchat":[]},"acabado":[1095,1085],"balance":[1135],"dureza":[1160,1155],"forma":[1170],"jugador":[1190],"marca":[1260],"nivel-de-juego":[1335,1345],"superficie":[1360],"tipo-de-juego":[1375],"product_brand":[],"product_cat":[300],"product_tag":[],"class_list":{"0":"post-269086","1":"product","2":"type-product","3":"status-publish","4":"has-post-thumbnail","6":"acabado-arenoso-pt-pt","7":"acabado-companheiro","8":"balance-alto-pt-pt","9":"dureza-dura-pt-pt","10":"dureza-media-pt-pt","11":"forma-diamante-pt-pt","12":"jugador-homem","13":"marca-nox-pt-pt","14":"superficie-rugosa-pt-pt","15":"tipo-de-juego-poder","16":"product_cat-palas","18":"first","19":"instock","20":"sale","21":"taxable","22":"shipping-taxable","23":"purchasable","24":"product-type-simple"},"acf":[],"yoast_head":"<!-- This site is optimized with the Yoast SEO plugin v27.3 - https:\/\/yoast.com\/product\/yoast-seo-wordpress\/ -->\n<title>NOX AT10 GENIUS ATTACK 12K ALUM XTREM BY AGUST\u00cdN TAPIA 2026 - Revolution Padel Store<\/title>\n<meta name=\"description\" content=\"Pala Nox AT10 Genius Attack 12K Alum XTREM 2026 dise\u00f1ada por Agust\u00edn Tapia. M\u00e1xima potencia, tecnolog\u00edas avanzadas y materiales premium para jugadores ofensivos. \u00a1C\u00f3mprala al mejor precio en Revolution Padel Store!\" \/>\n<meta name=\"robots\" content=\"index, follow, max-snippet:-1, max-image-preview:large, max-video-preview:-1\" \/>\n<link rel=\"canonical\" href=\"https:\/\/revolutionpadelstore.com\/pt-pt\/produto\/nox-at10-genius-attack-12k-alum-xtrem-by-agustin-tapia-2026-4\/\" \/>\n<meta property=\"og:locale\" content=\"pt_PT\" \/>\n<meta property=\"og:type\" content=\"article\" \/>\n<meta property=\"og:title\" content=\"NOX AT10 GENIUS ATTACK 12K ALUM XTREM BY AGUST\u00cdN TAPIA 2026 - Revolution Padel Store\" \/>\n<meta property=\"og:description\" content=\"Pala Nox AT10 Genius Attack 12K Alum XTREM 2026 dise\u00f1ada por Agust\u00edn Tapia. M\u00e1xima potencia, tecnolog\u00edas avanzadas y materiales premium para jugadores ofensivos. \u00a1C\u00f3mprala al mejor precio en Revolution Padel Store!\" \/>\n<meta property=\"og:url\" content=\"https:\/\/revolutionpadelstore.com\/pt-pt\/produto\/nox-at10-genius-attack-12k-alum-xtrem-by-agustin-tapia-2026-4\/\" \/>\n<meta property=\"og:site_name\" content=\"Revolution Padel Store\" \/>\n<meta property=\"article:modified_time\" content=\"2026-03-31T22:50:46+00:00\" \/>\n<meta property=\"og:image\" content=\"https:\/\/revolutionpadelstore.com\/wp-content\/uploads\/2025\/09\/120971-pala-nox-at10-genius-attack-12k-alum-xtreme-by-agustin-tapia-1500x1500-1.webp\" \/>\n\t<meta property=\"og:image:width\" content=\"1500\" \/>\n\t<meta property=\"og:image:height\" content=\"1500\" \/>\n\t<meta property=\"og:image:type\" content=\"image\/webp\" \/>\n<meta name=\"twitter:card\" content=\"summary_large_image\" \/>\n<meta name=\"twitter:label1\" content=\"Tempo estimado de leitura\" \/>\n\t<meta name=\"twitter:data1\" content=\"2 minutos\" \/>\n<script type=\"application\/ld+json\" class=\"yoast-schema-graph\">{\"@context\":\"https:\\\/\\\/schema.org\",\"@graph\":[{\"@type\":\"WebPage\",\"@id\":\"https:\\\/\\\/revolutionpadelstore.com\\\/pt-pt\\\/produto\\\/nox-at10-genius-attack-12k-alum-xtrem-by-agustin-tapia-2026-4\\\/\",\"url\":\"https:\\\/\\\/revolutionpadelstore.com\\\/pt-pt\\\/produto\\\/nox-at10-genius-attack-12k-alum-xtrem-by-agustin-tapia-2026-4\\\/\",\"name\":\"NOX AT10 GENIUS ATTACK 12K ALUM XTREM BY AGUST\u00cdN TAPIA 2026 - Revolution Padel Store\",\"isPartOf\":{\"@id\":\"https:\\\/\\\/revolutionpadelstore.com\\\/pt-pt\\\/#website\"},\"primaryImageOfPage\":{\"@id\":\"https:\\\/\\\/revolutionpadelstore.com\\\/pt-pt\\\/produto\\\/nox-at10-genius-attack-12k-alum-xtrem-by-agustin-tapia-2026-4\\\/#primaryimage\"},\"image\":{\"@id\":\"https:\\\/\\\/revolutionpadelstore.com\\\/pt-pt\\\/produto\\\/nox-at10-genius-attack-12k-alum-xtrem-by-agustin-tapia-2026-4\\\/#primaryimage\"},\"thumbnailUrl\":\"https:\\\/\\\/revolutionpadelstore.com\\\/wp-content\\\/uploads\\\/2025\\\/09\\\/120971-pala-nox-at10-genius-attack-12k-alum-xtreme-by-agustin-tapia-1500x1500-1.webp\",\"datePublished\":\"2025-09-25T19:06:14+00:00\",\"dateModified\":\"2026-03-31T22:50:46+00:00\",\"description\":\"Pala Nox AT10 Genius Attack 12K Alum XTREM 2026 dise\u00f1ada por Agust\u00edn Tapia. M\u00e1xima potencia, tecnolog\u00edas avanzadas y materiales premium para jugadores ofensivos. \u00a1C\u00f3mprala al mejor precio en Revolution Padel Store!\",\"breadcrumb\":{\"@id\":\"https:\\\/\\\/revolutionpadelstore.com\\\/pt-pt\\\/produto\\\/nox-at10-genius-attack-12k-alum-xtrem-by-agustin-tapia-2026-4\\\/#breadcrumb\"},\"inLanguage\":\"pt-PT\",\"potentialAction\":[{\"@type\":\"ReadAction\",\"target\":[\"https:\\\/\\\/revolutionpadelstore.com\\\/pt-pt\\\/produto\\\/nox-at10-genius-attack-12k-alum-xtrem-by-agustin-tapia-2026-4\\\/\"]}]},{\"@type\":\"ImageObject\",\"inLanguage\":\"pt-PT\",\"@id\":\"https:\\\/\\\/revolutionpadelstore.com\\\/pt-pt\\\/produto\\\/nox-at10-genius-attack-12k-alum-xtrem-by-agustin-tapia-2026-4\\\/#primaryimage\",\"url\":\"https:\\\/\\\/revolutionpadelstore.com\\\/wp-content\\\/uploads\\\/2025\\\/09\\\/120971-pala-nox-at10-genius-attack-12k-alum-xtreme-by-agustin-tapia-1500x1500-1.webp\",\"contentUrl\":\"https:\\\/\\\/revolutionpadelstore.com\\\/wp-content\\\/uploads\\\/2025\\\/09\\\/120971-pala-nox-at10-genius-attack-12k-alum-xtreme-by-agustin-tapia-1500x1500-1.webp\",\"width\":1500,\"height\":1500},{\"@type\":\"BreadcrumbList\",\"@id\":\"https:\\\/\\\/revolutionpadelstore.com\\\/pt-pt\\\/produto\\\/nox-at10-genius-attack-12k-alum-xtrem-by-agustin-tapia-2026-4\\\/#breadcrumb\",\"itemListElement\":[{\"@type\":\"ListItem\",\"position\":1,\"name\":\"Portada\",\"item\":\"https:\\\/\\\/revolutionpadelstore.com\\\/pt-pt\\\/\"},{\"@type\":\"ListItem\",\"position\":2,\"name\":\"Tienda\",\"item\":\"https:\\\/\\\/revolutionpadelstore.com\\\/pt-pt\\\/tienda\\\/\"},{\"@type\":\"ListItem\",\"position\":3,\"name\":\"NOX AT10 GENIUS ATTACK 12K ALUM XTREM BY AGUST\u00cdN TAPIA 2026\"}]},{\"@type\":\"WebSite\",\"@id\":\"https:\\\/\\\/revolutionpadelstore.com\\\/pt-pt\\\/#website\",\"url\":\"https:\\\/\\\/revolutionpadelstore.com\\\/pt-pt\\\/\",\"name\":\"Revolution Padel Store\",\"description\":\"\",\"publisher\":{\"@id\":\"https:\\\/\\\/revolutionpadelstore.com\\\/pt-pt\\\/#organization\"},\"potentialAction\":[{\"@type\":\"SearchAction\",\"target\":{\"@type\":\"EntryPoint\",\"urlTemplate\":\"https:\\\/\\\/revolutionpadelstore.com\\\/pt-pt\\\/?s={search_term_string}\"},\"query-input\":{\"@type\":\"PropertyValueSpecification\",\"valueRequired\":true,\"valueName\":\"search_term_string\"}}],\"inLanguage\":\"pt-PT\"},{\"@type\":\"Organization\",\"@id\":\"https:\\\/\\\/revolutionpadelstore.com\\\/pt-pt\\\/#organization\",\"name\":\"Revolution Padel Store\",\"url\":\"https:\\\/\\\/revolutionpadelstore.com\\\/pt-pt\\\/\",\"logo\":{\"@type\":\"ImageObject\",\"inLanguage\":\"pt-PT\",\"@id\":\"https:\\\/\\\/revolutionpadelstore.com\\\/pt-pt\\\/#\\\/schema\\\/logo\\\/image\\\/\",\"url\":\"https:\\\/\\\/revolutionpadelstore.com\\\/wp-content\\\/uploads\\\/2026\\\/02\\\/revolution-padel-store.jpg\",\"contentUrl\":\"https:\\\/\\\/revolutionpadelstore.com\\\/wp-content\\\/uploads\\\/2026\\\/02\\\/revolution-padel-store.jpg\",\"width\":2000,\"height\":2000,\"caption\":\"Revolution Padel Store\"},\"image\":{\"@id\":\"https:\\\/\\\/revolutionpadelstore.com\\\/pt-pt\\\/#\\\/schema\\\/logo\\\/image\\\/\"},\"sameAs\":[\"https:\\\/\\\/www.instagram.com\\\/revolutionpadelstore\\\/\"]}]}<\/script>\n<!-- \/ Yoast SEO plugin. -->","yoast_head_json":{"title":"NOX AT10 GENIUS ATTACK 12K ALUM XTREM BY AGUST\u00cdN TAPIA 2026 - Revolution Padel Store","description":"Pala Nox AT10 Genius Attack 12K Alum XTREM 2026 dise\u00f1ada por Agust\u00edn Tapia. M\u00e1xima potencia, tecnolog\u00edas avanzadas y materiales premium para jugadores ofensivos. \u00a1C\u00f3mprala al mejor precio en Revolution Padel Store!","robots":{"index":"index","follow":"follow","max-snippet":"max-snippet:-1","max-image-preview":"max-image-preview:large","max-video-preview":"max-video-preview:-1"},"canonical":"https:\/\/revolutionpadelstore.com\/pt-pt\/produto\/nox-at10-genius-attack-12k-alum-xtrem-by-agustin-tapia-2026-4\/","og_locale":"pt_PT","og_type":"article","og_title":"NOX AT10 GENIUS ATTACK 12K ALUM XTREM BY AGUST\u00cdN TAPIA 2026 - Revolution Padel Store","og_description":"Pala Nox AT10 Genius Attack 12K Alum XTREM 2026 dise\u00f1ada por Agust\u00edn Tapia. M\u00e1xima potencia, tecnolog\u00edas avanzadas y materiales premium para jugadores ofensivos. \u00a1C\u00f3mprala al mejor precio en Revolution Padel Store!","og_url":"https:\/\/revolutionpadelstore.com\/pt-pt\/produto\/nox-at10-genius-attack-12k-alum-xtrem-by-agustin-tapia-2026-4\/","og_site_name":"Revolution Padel Store","article_modified_time":"2026-03-31T22:50:46+00:00","og_image":[{"width":1500,"height":1500,"url":"https:\/\/revolutionpadelstore.com\/wp-content\/uploads\/2025\/09\/120971-pala-nox-at10-genius-attack-12k-alum-xtreme-by-agustin-tapia-1500x1500-1.webp","type":"image\/webp"}],"twitter_card":"summary_large_image","twitter_misc":{"Tempo estimado de leitura":"2 minutos"},"schema":{"@context":"https:\/\/schema.org","@graph":[{"@type":"WebPage","@id":"https:\/\/revolutionpadelstore.com\/pt-pt\/produto\/nox-at10-genius-attack-12k-alum-xtrem-by-agustin-tapia-2026-4\/","url":"https:\/\/revolutionpadelstore.com\/pt-pt\/produto\/nox-at10-genius-attack-12k-alum-xtrem-by-agustin-tapia-2026-4\/","name":"NOX AT10 GENIUS ATTACK 12K ALUM XTREM BY AGUST\u00cdN TAPIA 2026 - Revolution Padel Store","isPartOf":{"@id":"https:\/\/revolutionpadelstore.com\/pt-pt\/#website"},"primaryImageOfPage":{"@id":"https:\/\/revolutionpadelstore.com\/pt-pt\/produto\/nox-at10-genius-attack-12k-alum-xtrem-by-agustin-tapia-2026-4\/#primaryimage"},"image":{"@id":"https:\/\/revolutionpadelstore.com\/pt-pt\/produto\/nox-at10-genius-attack-12k-alum-xtrem-by-agustin-tapia-2026-4\/#primaryimage"},"thumbnailUrl":"https:\/\/revolutionpadelstore.com\/wp-content\/uploads\/2025\/09\/120971-pala-nox-at10-genius-attack-12k-alum-xtreme-by-agustin-tapia-1500x1500-1.webp","datePublished":"2025-09-25T19:06:14+00:00","dateModified":"2026-03-31T22:50:46+00:00","description":"Pala Nox AT10 Genius Attack 12K Alum XTREM 2026 dise\u00f1ada por Agust\u00edn Tapia. M\u00e1xima potencia, tecnolog\u00edas avanzadas y materiales premium para jugadores ofensivos. \u00a1C\u00f3mprala al mejor precio en Revolution Padel Store!","breadcrumb":{"@id":"https:\/\/revolutionpadelstore.com\/pt-pt\/produto\/nox-at10-genius-attack-12k-alum-xtrem-by-agustin-tapia-2026-4\/#breadcrumb"},"inLanguage":"pt-PT","potentialAction":[{"@type":"ReadAction","target":["https:\/\/revolutionpadelstore.com\/pt-pt\/produto\/nox-at10-genius-attack-12k-alum-xtrem-by-agustin-tapia-2026-4\/"]}]},{"@type":"ImageObject","inLanguage":"pt-PT","@id":"https:\/\/revolutionpadelstore.com\/pt-pt\/produto\/nox-at10-genius-attack-12k-alum-xtrem-by-agustin-tapia-2026-4\/#primaryimage","url":"https:\/\/revolutionpadelstore.com\/wp-content\/uploads\/2025\/09\/120971-pala-nox-at10-genius-attack-12k-alum-xtreme-by-agustin-tapia-1500x1500-1.webp","contentUrl":"https:\/\/revolutionpadelstore.com\/wp-content\/uploads\/2025\/09\/120971-pala-nox-at10-genius-attack-12k-alum-xtreme-by-agustin-tapia-1500x1500-1.webp","width":1500,"height":1500},{"@type":"BreadcrumbList","@id":"https:\/\/revolutionpadelstore.com\/pt-pt\/produto\/nox-at10-genius-attack-12k-alum-xtrem-by-agustin-tapia-2026-4\/#breadcrumb","itemListElement":[{"@type":"ListItem","position":1,"name":"Portada","item":"https:\/\/revolutionpadelstore.com\/pt-pt\/"},{"@type":"ListItem","position":2,"name":"Tienda","item":"https:\/\/revolutionpadelstore.com\/pt-pt\/tienda\/"},{"@type":"ListItem","position":3,"name":"NOX AT10 GENIUS ATTACK 12K ALUM XTREM BY AGUST\u00cdN TAPIA 2026"}]},{"@type":"WebSite","@id":"https:\/\/revolutionpadelstore.com\/pt-pt\/#website","url":"https:\/\/revolutionpadelstore.com\/pt-pt\/","name":"Revolution Padel Store","description":"","publisher":{"@id":"https:\/\/revolutionpadelstore.com\/pt-pt\/#organization"},"potentialAction":[{"@type":"SearchAction","target":{"@type":"EntryPoint","urlTemplate":"https:\/\/revolutionpadelstore.com\/pt-pt\/?s={search_term_string}"},"query-input":{"@type":"PropertyValueSpecification","valueRequired":true,"valueName":"search_term_string"}}],"inLanguage":"pt-PT"},{"@type":"Organization","@id":"https:\/\/revolutionpadelstore.com\/pt-pt\/#organization","name":"Revolution Padel Store","url":"https:\/\/revolutionpadelstore.com\/pt-pt\/","logo":{"@type":"ImageObject","inLanguage":"pt-PT","@id":"https:\/\/revolutionpadelstore.com\/pt-pt\/#\/schema\/logo\/image\/","url":"https:\/\/revolutionpadelstore.com\/wp-content\/uploads\/2026\/02\/revolution-padel-store.jpg","contentUrl":"https:\/\/revolutionpadelstore.com\/wp-content\/uploads\/2026\/02\/revolution-padel-store.jpg","width":2000,"height":2000,"caption":"Revolution Padel Store"},"image":{"@id":"https:\/\/revolutionpadelstore.com\/pt-pt\/#\/schema\/logo\/image\/"},"sameAs":["https:\/\/www.instagram.com\/revolutionpadelstore\/"]}]}},"_links":{"self":[{"href":"https:\/\/revolutionpadelstore.com\/pt-pt\/wp-json\/wp\/v2\/product\/269086","targetHints":{"allow":["GET"]}}],"collection":[{"href":"https:\/\/revolutionpadelstore.com\/pt-pt\/wp-json\/wp\/v2\/product"}],"about":[{"href":"https:\/\/revolutionpadelstore.com\/pt-pt\/wp-json\/wp\/v2\/types\/product"}],"replies":[{"embeddable":true,"href":"https:\/\/revolutionpadelstore.com\/pt-pt\/wp-json\/wp\/v2\/comments?post=269086"}],"wp:featuredmedia":[{"embeddable":true,"href":"https:\/\/revolutionpadelstore.com\/pt-pt\/wp-json\/wp\/v2\/media\/269081"}],"wp:attachment":[{"href":"https:\/\/revolutionpadelstore.com\/pt-pt\/wp-json\/wp\/v2\/media?parent=269086"}],"wp:term":[{"taxonomy":"acabado","embeddable":true,"href":"https:\/\/revolutionpadelstore.com\/pt-pt\/wp-json\/wp\/v2\/acabado?post=269086"},{"taxonomy":"balance","embeddable":true,"href":"https:\/\/revolutionpadelstore.com\/pt-pt\/wp-json\/wp\/v2\/balance?post=269086"},{"taxonomy":"dureza","embeddable":true,"href":"https:\/\/revolutionpadelstore.com\/pt-pt\/wp-json\/wp\/v2\/dureza?post=269086"},{"taxonomy":"forma","embeddable":true,"href":"https:\/\/revolutionpadelstore.com\/pt-pt\/wp-json\/wp\/v2\/forma?post=269086"},{"taxonomy":"jugador","embeddable":true,"href":"https:\/\/revolutionpadelstore.com\/pt-pt\/wp-json\/wp\/v2\/jugador?post=269086"},{"taxonomy":"marca","embeddable":true,"href":"https:\/\/revolutionpadelstore.com\/pt-pt\/wp-json\/wp\/v2\/marca?post=269086"},{"taxonomy":"nivel-de-juego","embeddable":true,"href":"https:\/\/revolutionpadelstore.com\/pt-pt\/wp-json\/wp\/v2\/nivel-de-juego?post=269086"},{"taxonomy":"superficie","embeddable":true,"href":"https:\/\/revolutionpadelstore.com\/pt-pt\/wp-json\/wp\/v2\/superficie?post=269086"},{"taxonomy":"tipo-de-juego","embeddable":true,"href":"https:\/\/revolutionpadelstore.com\/pt-pt\/wp-json\/wp\/v2\/tipo-de-juego?post=269086"},{"taxonomy":"product_brand","embeddable":true,"href":"https:\/\/revolutionpadelstore.com\/pt-pt\/wp-json\/wp\/v2\/product_brand?post=269086"},{"taxonomy":"product_cat","embeddable":true,"href":"https:\/\/revolutionpadelstore.com\/pt-pt\/wp-json\/wp\/v2\/product_cat?post=269086"},{"taxonomy":"product_tag","embeddable":true,"href":"https:\/\/revolutionpadelstore.com\/pt-pt\/wp-json\/wp\/v2\/product_tag?post=269086"}],"curies":[{"name":"wp","href":"https:\/\/api.w.org\/{rel}","templated":true}]}}