{"id":267250,"date":"2025-09-01T20:20:08","date_gmt":"2025-09-01T18:20:08","guid":{"rendered":"https:\/\/revolutionpadelstore.com\/joma-slam-lady-2512-gris\/"},"modified":"2026-04-10T14:04:53","modified_gmt":"2026-04-10T12:04:53","slug":"joma-slam-lady-2512-gris-5","status":"publish","type":"product","link":"https:\/\/revolutionpadelstore.com\/pt-pt\/produto\/joma-slam-lady-2512-gris-5\/","title":{"rendered":"JOMA SLAM LADY 2512 GRIS"},"content":{"rendered":"<h2>Sapatos de remo femininos Slam 2512 cinza \u2013 desempenho, estilo e conforto<\/h2>\n<p>Os <strong>sapatilhas Padel Slam 2512 na cor cinza para mulheres<\/strong> s\u00e3o a op\u00e7\u00e3o ideal para jogadores exigentes que buscam <strong>m\u00e1ximo desempenho<\/strong>, <strong>conforto<\/strong> e um design atraente dentro e fora da quadra.<\/p>\n<p>Projetados com um <strong>corte respir\u00e1vel<\/strong> que incorpora o sistema de ventila\u00e7\u00e3o <strong>VTS<\/strong>, esses cal\u00e7ados garantem excelente circula\u00e7\u00e3o de ar, mantendo os p\u00e9s frescos mesmo nas partidas mais intensas. Seu design leve e ergon\u00f4mico \u00e9 complementado por um sistema de fechamento por cadar\u00e7o que oferece um <strong>ajuste preciso e seguro<\/strong>.<\/p>\n<h2>Tecnologia e recursos premium<\/h2>\n<p>Estes cal\u00e7ados destacam-se por integrar tecnologias inovadoras que aumentam o seu n\u00edvel de jogo:<\/p>\n<p><strong>-Corte com tecnologia SPORTTECH<\/strong>: Proporciona suporte adicional e maior adapta\u00e7\u00e3o ao p\u00e9.<\/p>\n<p><strong>-Entressola DUAL REATIVA com BOLA REATIVA<\/strong>: Oferece excelente amortecimento e retorno de energia a cada passo.<\/p>\n<p><strong>Sola DURABILITY com STABILIS<\/strong>: Melhora a estabilidade e garante uma tra\u00e7\u00e3o ideal em todos os tipos de superf\u00edcies.<\/p>\n<p><strong>-PROTECTION Refor\u00e7o<\/strong>: Protege as \u00e1reas mais sens\u00edveis do p\u00e9 em situa\u00e7\u00f5es de jogo agressivas ou de alta intensidade.<\/p>\n<h2>Projetado para competir<\/h2>\n<p>Ideais tanto para <strong>treinos exigentes<\/strong> como para <strong>competi\u00e7\u00f5es de alto n\u00edvel<\/strong>, os Slam 2512 s\u00e3o fabricados com materiais resistentes que garantem uma <strong>longa vida \u00fatil<\/strong>. Seu <strong>desempenho premium<\/strong> faz deste modelo uma aposta segura para jogadores que buscam qualidade e durabilidade.<\/p>\n<h2>Por que escolher o t\u00eanis feminino Slam 2512 cinza?<\/h2>\n<p>Porque combinam o melhor da tecnologia desportiva com um design moderno, proporcionando-lhe o equil\u00edbrio perfeito entre estilo, conforto e desempenho. Eleve o seu n\u00edvel de jogo com um cal\u00e7ado projetado para enfrentar todos os desafios na quadra.<\/p>\n<p><strong>Adquira-os hoje e d\u00ea o salto de qualidade que seu jogo precisa!<\/strong><\/p>\n<p><strong>Dispon\u00edvel em nossa loja online <a href=\"https:\/\/www.revolutionpadelstore.com\/\">www.revolutionpadelstore.com<\/a>, provavelmente ao melhor pre\u00e7o do mercado.<\/strong><\/p>\n","protected":false},"excerpt":{"rendered":"<p>Conhe\u00e7a os t\u00eanis de remo Slam 2512 na cor cinza para mulheres: pensados \u200b\u200bpara jogadoras que querem dar tudo de si na quadra sem abrir m\u00e3o do conforto e do estilo.<\/p>\n","protected":false},"featured_media":267221,"comment_status":"open","ping_status":"closed","template":"","meta":{"_acf_changed":false,"_joinchat":[]},"acabado":[],"balance":[],"dureza":[],"forma":[],"jugador":[],"marca":[1225],"nivel-de-juego":[],"superficie":[],"tipo-de-juego":[],"product_brand":[],"product_cat":[833,454],"product_tag":[],"class_list":{"0":"post-267250","1":"product","2":"type-product","3":"status-publish","4":"has-post-thumbnail","6":"marca-joma-pt-pt","7":"product_cat-tenis","8":"product_cat-tenis-femininos","10":"first","11":"outofstock","12":"sale","13":"taxable","14":"shipping-taxable","15":"purchasable","16":"product-type-variable"},"acf":[],"yoast_head":"<!-- This site is optimized with the Yoast SEO plugin v27.4 - https:\/\/yoast.com\/product\/yoast-seo-wordpress\/ -->\n<title>JOMA SLAM LADY 2512 GRIS - Revolution Padel Store<\/title>\n<meta name=\"description\" content=\"Zapatillas de p\u00e1del Slam 2512 gris para mujer con tecnolog\u00edas SPORTECH, VTS y DUAL REACTIVE. Comodidad, durabilidad y alto rendimiento en pista. \u00a1Compra ahora al mejor precio en Revolution Padel Store!\" \/>\n<meta name=\"robots\" content=\"index, follow, max-snippet:-1, max-image-preview:large, max-video-preview:-1\" \/>\n<link rel=\"canonical\" href=\"https:\/\/revolutionpadelstore.com\/pt-pt\/produto\/joma-slam-lady-2512-gris-5\/\" \/>\n<meta property=\"og:locale\" content=\"pt_PT\" \/>\n<meta property=\"og:type\" content=\"article\" \/>\n<meta property=\"og:title\" content=\"JOMA SLAM LADY 2512 GRIS - Revolution Padel Store\" \/>\n<meta property=\"og:description\" content=\"Zapatillas de p\u00e1del Slam 2512 gris para mujer con tecnolog\u00edas SPORTECH, VTS y DUAL REACTIVE. Comodidad, durabilidad y alto rendimiento en pista. \u00a1Compra ahora al mejor precio en Revolution Padel Store!\" \/>\n<meta property=\"og:url\" content=\"https:\/\/revolutionpadelstore.com\/pt-pt\/produto\/joma-slam-lady-2512-gris-5\/\" \/>\n<meta property=\"og:site_name\" content=\"Revolution Padel Store\" \/>\n<meta property=\"article:modified_time\" content=\"2026-04-10T12:04:53+00:00\" \/>\n<meta property=\"og:image\" content=\"https:\/\/revolutionpadelstore.com\/wp-content\/uploads\/2025\/09\/FOTO-PALAS-30.png\" \/>\n\t<meta property=\"og:image:width\" content=\"1500\" \/>\n\t<meta property=\"og:image:height\" content=\"1500\" \/>\n\t<meta property=\"og:image:type\" content=\"image\/png\" \/>\n<meta name=\"twitter:card\" content=\"summary_large_image\" \/>\n<meta name=\"twitter:label1\" content=\"Tempo estimado de leitura\" \/>\n\t<meta name=\"twitter:data1\" content=\"2 minutos\" \/>\n<script type=\"application\/ld+json\" class=\"yoast-schema-graph\">{\"@context\":\"https:\\\/\\\/schema.org\",\"@graph\":[{\"@type\":\"WebPage\",\"@id\":\"https:\\\/\\\/revolutionpadelstore.com\\\/pt-pt\\\/produto\\\/joma-slam-lady-2512-gris-5\\\/\",\"url\":\"https:\\\/\\\/revolutionpadelstore.com\\\/pt-pt\\\/produto\\\/joma-slam-lady-2512-gris-5\\\/\",\"name\":\"JOMA SLAM LADY 2512 GRIS - Revolution Padel Store\",\"isPartOf\":{\"@id\":\"https:\\\/\\\/revolutionpadelstore.com\\\/pt-pt\\\/#website\"},\"primaryImageOfPage\":{\"@id\":\"https:\\\/\\\/revolutionpadelstore.com\\\/pt-pt\\\/produto\\\/joma-slam-lady-2512-gris-5\\\/#primaryimage\"},\"image\":{\"@id\":\"https:\\\/\\\/revolutionpadelstore.com\\\/pt-pt\\\/produto\\\/joma-slam-lady-2512-gris-5\\\/#primaryimage\"},\"thumbnailUrl\":\"https:\\\/\\\/revolutionpadelstore.com\\\/wp-content\\\/uploads\\\/2025\\\/09\\\/FOTO-PALAS-30.png\",\"datePublished\":\"2025-09-01T18:20:08+00:00\",\"dateModified\":\"2026-04-10T12:04:53+00:00\",\"description\":\"Zapatillas de p\u00e1del Slam 2512 gris para mujer con tecnolog\u00edas SPORTECH, VTS y DUAL REACTIVE. Comodidad, durabilidad y alto rendimiento en pista. \u00a1Compra ahora al mejor precio en Revolution Padel Store!\",\"breadcrumb\":{\"@id\":\"https:\\\/\\\/revolutionpadelstore.com\\\/pt-pt\\\/produto\\\/joma-slam-lady-2512-gris-5\\\/#breadcrumb\"},\"inLanguage\":\"pt-PT\",\"potentialAction\":[{\"@type\":\"ReadAction\",\"target\":[\"https:\\\/\\\/revolutionpadelstore.com\\\/pt-pt\\\/produto\\\/joma-slam-lady-2512-gris-5\\\/\"]}]},{\"@type\":\"ImageObject\",\"inLanguage\":\"pt-PT\",\"@id\":\"https:\\\/\\\/revolutionpadelstore.com\\\/pt-pt\\\/produto\\\/joma-slam-lady-2512-gris-5\\\/#primaryimage\",\"url\":\"https:\\\/\\\/revolutionpadelstore.com\\\/wp-content\\\/uploads\\\/2025\\\/09\\\/FOTO-PALAS-30.png\",\"contentUrl\":\"https:\\\/\\\/revolutionpadelstore.com\\\/wp-content\\\/uploads\\\/2025\\\/09\\\/FOTO-PALAS-30.png\",\"width\":1500,\"height\":1500},{\"@type\":\"BreadcrumbList\",\"@id\":\"https:\\\/\\\/revolutionpadelstore.com\\\/pt-pt\\\/produto\\\/joma-slam-lady-2512-gris-5\\\/#breadcrumb\",\"itemListElement\":[{\"@type\":\"ListItem\",\"position\":1,\"name\":\"Portada\",\"item\":\"https:\\\/\\\/revolutionpadelstore.com\\\/pt-pt\\\/\"},{\"@type\":\"ListItem\",\"position\":2,\"name\":\"Tienda\",\"item\":\"https:\\\/\\\/revolutionpadelstore.com\\\/pt-pt\\\/tienda\\\/\"},{\"@type\":\"ListItem\",\"position\":3,\"name\":\"JOMA SLAM LADY 2512 GRIS\"}]},{\"@type\":\"WebSite\",\"@id\":\"https:\\\/\\\/revolutionpadelstore.com\\\/pt-pt\\\/#website\",\"url\":\"https:\\\/\\\/revolutionpadelstore.com\\\/pt-pt\\\/\",\"name\":\"Revolution Padel Store\",\"description\":\"\",\"publisher\":{\"@id\":\"https:\\\/\\\/revolutionpadelstore.com\\\/pt-pt\\\/#organization\"},\"potentialAction\":[{\"@type\":\"SearchAction\",\"target\":{\"@type\":\"EntryPoint\",\"urlTemplate\":\"https:\\\/\\\/revolutionpadelstore.com\\\/pt-pt\\\/?s={search_term_string}\"},\"query-input\":{\"@type\":\"PropertyValueSpecification\",\"valueRequired\":true,\"valueName\":\"search_term_string\"}}],\"inLanguage\":\"pt-PT\"},{\"@type\":\"Organization\",\"@id\":\"https:\\\/\\\/revolutionpadelstore.com\\\/pt-pt\\\/#organization\",\"name\":\"Revolution Padel Store\",\"url\":\"https:\\\/\\\/revolutionpadelstore.com\\\/pt-pt\\\/\",\"logo\":{\"@type\":\"ImageObject\",\"inLanguage\":\"pt-PT\",\"@id\":\"https:\\\/\\\/revolutionpadelstore.com\\\/pt-pt\\\/#\\\/schema\\\/logo\\\/image\\\/\",\"url\":\"https:\\\/\\\/revolutionpadelstore.com\\\/wp-content\\\/uploads\\\/2026\\\/02\\\/revolution-padel-store.jpg\",\"contentUrl\":\"https:\\\/\\\/revolutionpadelstore.com\\\/wp-content\\\/uploads\\\/2026\\\/02\\\/revolution-padel-store.jpg\",\"width\":2000,\"height\":2000,\"caption\":\"Revolution Padel Store\"},\"image\":{\"@id\":\"https:\\\/\\\/revolutionpadelstore.com\\\/pt-pt\\\/#\\\/schema\\\/logo\\\/image\\\/\"},\"sameAs\":[\"https:\\\/\\\/www.instagram.com\\\/revolutionpadelstore\\\/\"]}]}<\/script>\n<!-- \/ Yoast SEO plugin. -->","yoast_head_json":{"title":"JOMA SLAM LADY 2512 GRIS - Revolution Padel Store","description":"Zapatillas de p\u00e1del Slam 2512 gris para mujer con tecnolog\u00edas SPORTECH, VTS y DUAL REACTIVE. Comodidad, durabilidad y alto rendimiento en pista. \u00a1Compra ahora al mejor precio en Revolution Padel Store!","robots":{"index":"index","follow":"follow","max-snippet":"max-snippet:-1","max-image-preview":"max-image-preview:large","max-video-preview":"max-video-preview:-1"},"canonical":"https:\/\/revolutionpadelstore.com\/pt-pt\/produto\/joma-slam-lady-2512-gris-5\/","og_locale":"pt_PT","og_type":"article","og_title":"JOMA SLAM LADY 2512 GRIS - Revolution Padel Store","og_description":"Zapatillas de p\u00e1del Slam 2512 gris para mujer con tecnolog\u00edas SPORTECH, VTS y DUAL REACTIVE. Comodidad, durabilidad y alto rendimiento en pista. \u00a1Compra ahora al mejor precio en Revolution Padel Store!","og_url":"https:\/\/revolutionpadelstore.com\/pt-pt\/produto\/joma-slam-lady-2512-gris-5\/","og_site_name":"Revolution Padel Store","article_modified_time":"2026-04-10T12:04:53+00:00","og_image":[{"width":1500,"height":1500,"url":"https:\/\/revolutionpadelstore.com\/wp-content\/uploads\/2025\/09\/FOTO-PALAS-30.png","type":"image\/png"}],"twitter_card":"summary_large_image","twitter_misc":{"Tempo estimado de leitura":"2 minutos"},"schema":{"@context":"https:\/\/schema.org","@graph":[{"@type":"WebPage","@id":"https:\/\/revolutionpadelstore.com\/pt-pt\/produto\/joma-slam-lady-2512-gris-5\/","url":"https:\/\/revolutionpadelstore.com\/pt-pt\/produto\/joma-slam-lady-2512-gris-5\/","name":"JOMA SLAM LADY 2512 GRIS - Revolution Padel Store","isPartOf":{"@id":"https:\/\/revolutionpadelstore.com\/pt-pt\/#website"},"primaryImageOfPage":{"@id":"https:\/\/revolutionpadelstore.com\/pt-pt\/produto\/joma-slam-lady-2512-gris-5\/#primaryimage"},"image":{"@id":"https:\/\/revolutionpadelstore.com\/pt-pt\/produto\/joma-slam-lady-2512-gris-5\/#primaryimage"},"thumbnailUrl":"https:\/\/revolutionpadelstore.com\/wp-content\/uploads\/2025\/09\/FOTO-PALAS-30.png","datePublished":"2025-09-01T18:20:08+00:00","dateModified":"2026-04-10T12:04:53+00:00","description":"Zapatillas de p\u00e1del Slam 2512 gris para mujer con tecnolog\u00edas SPORTECH, VTS y DUAL REACTIVE. Comodidad, durabilidad y alto rendimiento en pista. \u00a1Compra ahora al mejor precio en Revolution Padel Store!","breadcrumb":{"@id":"https:\/\/revolutionpadelstore.com\/pt-pt\/produto\/joma-slam-lady-2512-gris-5\/#breadcrumb"},"inLanguage":"pt-PT","potentialAction":[{"@type":"ReadAction","target":["https:\/\/revolutionpadelstore.com\/pt-pt\/produto\/joma-slam-lady-2512-gris-5\/"]}]},{"@type":"ImageObject","inLanguage":"pt-PT","@id":"https:\/\/revolutionpadelstore.com\/pt-pt\/produto\/joma-slam-lady-2512-gris-5\/#primaryimage","url":"https:\/\/revolutionpadelstore.com\/wp-content\/uploads\/2025\/09\/FOTO-PALAS-30.png","contentUrl":"https:\/\/revolutionpadelstore.com\/wp-content\/uploads\/2025\/09\/FOTO-PALAS-30.png","width":1500,"height":1500},{"@type":"BreadcrumbList","@id":"https:\/\/revolutionpadelstore.com\/pt-pt\/produto\/joma-slam-lady-2512-gris-5\/#breadcrumb","itemListElement":[{"@type":"ListItem","position":1,"name":"Portada","item":"https:\/\/revolutionpadelstore.com\/pt-pt\/"},{"@type":"ListItem","position":2,"name":"Tienda","item":"https:\/\/revolutionpadelstore.com\/pt-pt\/tienda\/"},{"@type":"ListItem","position":3,"name":"JOMA SLAM LADY 2512 GRIS"}]},{"@type":"WebSite","@id":"https:\/\/revolutionpadelstore.com\/pt-pt\/#website","url":"https:\/\/revolutionpadelstore.com\/pt-pt\/","name":"Revolution Padel Store","description":"","publisher":{"@id":"https:\/\/revolutionpadelstore.com\/pt-pt\/#organization"},"potentialAction":[{"@type":"SearchAction","target":{"@type":"EntryPoint","urlTemplate":"https:\/\/revolutionpadelstore.com\/pt-pt\/?s={search_term_string}"},"query-input":{"@type":"PropertyValueSpecification","valueRequired":true,"valueName":"search_term_string"}}],"inLanguage":"pt-PT"},{"@type":"Organization","@id":"https:\/\/revolutionpadelstore.com\/pt-pt\/#organization","name":"Revolution Padel Store","url":"https:\/\/revolutionpadelstore.com\/pt-pt\/","logo":{"@type":"ImageObject","inLanguage":"pt-PT","@id":"https:\/\/revolutionpadelstore.com\/pt-pt\/#\/schema\/logo\/image\/","url":"https:\/\/revolutionpadelstore.com\/wp-content\/uploads\/2026\/02\/revolution-padel-store.jpg","contentUrl":"https:\/\/revolutionpadelstore.com\/wp-content\/uploads\/2026\/02\/revolution-padel-store.jpg","width":2000,"height":2000,"caption":"Revolution Padel Store"},"image":{"@id":"https:\/\/revolutionpadelstore.com\/pt-pt\/#\/schema\/logo\/image\/"},"sameAs":["https:\/\/www.instagram.com\/revolutionpadelstore\/"]}]}},"_links":{"self":[{"href":"https:\/\/revolutionpadelstore.com\/pt-pt\/wp-json\/wp\/v2\/product\/267250","targetHints":{"allow":["GET"]}}],"collection":[{"href":"https:\/\/revolutionpadelstore.com\/pt-pt\/wp-json\/wp\/v2\/product"}],"about":[{"href":"https:\/\/revolutionpadelstore.com\/pt-pt\/wp-json\/wp\/v2\/types\/product"}],"replies":[{"embeddable":true,"href":"https:\/\/revolutionpadelstore.com\/pt-pt\/wp-json\/wp\/v2\/comments?post=267250"}],"wp:featuredmedia":[{"embeddable":true,"href":"https:\/\/revolutionpadelstore.com\/pt-pt\/wp-json\/wp\/v2\/media\/267221"}],"wp:attachment":[{"href":"https:\/\/revolutionpadelstore.com\/pt-pt\/wp-json\/wp\/v2\/media?parent=267250"}],"wp:term":[{"taxonomy":"acabado","embeddable":true,"href":"https:\/\/revolutionpadelstore.com\/pt-pt\/wp-json\/wp\/v2\/acabado?post=267250"},{"taxonomy":"balance","embeddable":true,"href":"https:\/\/revolutionpadelstore.com\/pt-pt\/wp-json\/wp\/v2\/balance?post=267250"},{"taxonomy":"dureza","embeddable":true,"href":"https:\/\/revolutionpadelstore.com\/pt-pt\/wp-json\/wp\/v2\/dureza?post=267250"},{"taxonomy":"forma","embeddable":true,"href":"https:\/\/revolutionpadelstore.com\/pt-pt\/wp-json\/wp\/v2\/forma?post=267250"},{"taxonomy":"jugador","embeddable":true,"href":"https:\/\/revolutionpadelstore.com\/pt-pt\/wp-json\/wp\/v2\/jugador?post=267250"},{"taxonomy":"marca","embeddable":true,"href":"https:\/\/revolutionpadelstore.com\/pt-pt\/wp-json\/wp\/v2\/marca?post=267250"},{"taxonomy":"nivel-de-juego","embeddable":true,"href":"https:\/\/revolutionpadelstore.com\/pt-pt\/wp-json\/wp\/v2\/nivel-de-juego?post=267250"},{"taxonomy":"superficie","embeddable":true,"href":"https:\/\/revolutionpadelstore.com\/pt-pt\/wp-json\/wp\/v2\/superficie?post=267250"},{"taxonomy":"tipo-de-juego","embeddable":true,"href":"https:\/\/revolutionpadelstore.com\/pt-pt\/wp-json\/wp\/v2\/tipo-de-juego?post=267250"},{"taxonomy":"product_brand","embeddable":true,"href":"https:\/\/revolutionpadelstore.com\/pt-pt\/wp-json\/wp\/v2\/product_brand?post=267250"},{"taxonomy":"product_cat","embeddable":true,"href":"https:\/\/revolutionpadelstore.com\/pt-pt\/wp-json\/wp\/v2\/product_cat?post=267250"},{"taxonomy":"product_tag","embeddable":true,"href":"https:\/\/revolutionpadelstore.com\/pt-pt\/wp-json\/wp\/v2\/product_tag?post=267250"}],"curies":[{"name":"wp","href":"https:\/\/api.w.org\/{rel}","templated":true}]}}