{"id":266388,"date":"2025-08-28T19:28:29","date_gmt":"2025-08-28T17:28:29","guid":{"rendered":"https:\/\/revolutionpadelstore.com\/joma-spin-men-2509-amarillo-fluor\/"},"modified":"2026-04-08T04:00:22","modified_gmt":"2026-04-08T02:00:22","slug":"joma-spin-men-2509-amarillo-fluor-5","status":"publish","type":"product","link":"https:\/\/revolutionpadelstore.com\/pt-pt\/produto\/joma-spin-men-2509-amarillo-fluor-5\/","title":{"rendered":"JOMA SPIN MEN 2509 AMARILLO FL\u00daOR"},"content":{"rendered":"<h2><strong>Joma Spin 2509 Amarelo Fl\u00faor<\/strong><\/h2>\n<p>Os Joma Spin 2509 Fluor Yellow foram projetados para jogadores exigentes que procuram cal\u00e7ados de padel profissionais, confort\u00e1veis e com tecnologia de alto desempenho. Testados por jogadores como Jos\u00e9 Diestro, estes cal\u00e7ados est\u00e3o preparados para suportar a intensidade do padel competitivo, oferecendo estabilidade, agilidade e conforto em cada jogada.<\/p>\n<h2><strong>Principais caracter\u00edsticas:<\/strong><\/h2>\n<p>-Parte superior t\u00e9cnica com tecnologia VTS: malha respir\u00e1vel que mant\u00e9m os p\u00e9s frescos durante todo o jogo.<\/p>\n<p>-Ajuste confort\u00e1vel e leve gra\u00e7as ao sistema de selagem t\u00e9rmica JOMA SPORTECH, que garante suporte sem adicionar peso.<\/p>\n<p>-Refor\u00e7os com tecnologia PROTECTION nas \u00e1reas mais expostas para maior durabilidade.<\/p>\n<p>-Amortecimento e estabilidade garantidos pela entressola flex\u00edvel em phylon e sistema duplo STABILIS, ideal para absorver impactos e manter o equil\u00edbrio.<\/p>\n<p>-Sola Omni DURABILITY em borracha de alta resist\u00eancia com tachas circulares que melhoram a ader\u00eancia e facilitam o deslizamento em superf\u00edcies duras.<\/p>\n<p>Seu design amarelo fl\u00faor n\u00e3o passa despercebido e \u00e9 perfeito para quem quer se destacar tanto pelo estilo quanto pelo desempenho na pista. Os Joma Spin 2509 combinam inova\u00e7\u00e3o, leveza e prote\u00e7\u00e3o, ideais para jogadores que procuram se movimentar com rapidez, seguran\u00e7a e confian\u00e7a.<\/p>\n<h2><strong>Vantagens de escolher o Joma Spin 2509: <\/strong><\/h2>\n<p>-Cal\u00e7ado testado por profissionais de paddle.<\/p>\n<p>-Alta resist\u00eancia e conforto em partidas intensas.<\/p>\n<p>-Estilo moderno com grande visibilidade.<\/p>\n<p>-Excelente rela\u00e7\u00e3o qualidade-pre\u00e7o em compara\u00e7\u00e3o com outras marcas de topo.<\/p>\n<p>Dispon\u00edvel na nossa loja online <a href=\"http:\/\/www.revolutionpadelstore.com\/\">www.revolutionpadelstore.com<\/a>, provavelmente ao melhor pre\u00e7o do mercado.<\/p>\n<h2><strong>Joma Spin 2509 Amarillo Fl\u00faor<\/strong><\/p>\n","protected":false},"excerpt":{"rendered":"<p>Os Joma Spin 2509 em Amarelo Fluor foram criados para jogadores que procuram cal\u00e7ados de padel profissionais, confort\u00e1veis \u200b\u200be com tecnologia avan\u00e7ada. Apoiados em testes realizados por jogadores como Jos\u00e9 Diestro, estes cal\u00e7ados garantem \u00f3timo desempenho em quadra, proporcionando estabilidade, velocidade e conforto mesmo nas partidas mais exigentes.<\/p>\n","protected":false},"featured_media":266323,"comment_status":"open","ping_status":"closed","template":"","meta":{"_acf_changed":false,"_joinchat":[]},"acabado":[],"balance":[],"dureza":[],"forma":[],"jugador":[],"marca":[1225],"nivel-de-juego":[],"superficie":[],"tipo-de-juego":[],"product_brand":[],"product_cat":[833],"product_tag":[],"class_list":{"0":"post-266388","1":"product","2":"type-product","3":"status-publish","4":"has-post-thumbnail","6":"marca-joma-pt-pt","7":"product_cat-tenis","9":"first","10":"outofstock","11":"sale","12":"taxable","13":"shipping-taxable","14":"purchasable","15":"product-type-variable"},"acf":[],"yoast_head":"<!-- This site is optimized with the Yoast SEO plugin v27.4 - https:\/\/yoast.com\/product\/yoast-seo-wordpress\/ -->\n<title>JOMA SPIN MEN 2509 AMARILLO FL\u00daOR - Revolution Padel Store<\/title>\n<meta name=\"description\" content=\"Zapatillas Joma Spin 2509 Amarillo Fl\u00faor para p\u00e1del profesional: m\u00e1xima amortiguaci\u00f3n, estabilidad y dise\u00f1o vibrante. C\u00f3mpralas ahora en Revolution Padel Store al mejor precio.\" \/>\n<meta name=\"robots\" content=\"index, follow, max-snippet:-1, max-image-preview:large, max-video-preview:-1\" \/>\n<link rel=\"canonical\" href=\"https:\/\/revolutionpadelstore.com\/pt-pt\/produto\/joma-spin-men-2509-amarillo-fluor-5\/\" \/>\n<meta property=\"og:locale\" content=\"pt_PT\" \/>\n<meta property=\"og:type\" content=\"article\" \/>\n<meta property=\"og:title\" content=\"JOMA SPIN MEN 2509 AMARILLO FL\u00daOR - Revolution Padel Store\" \/>\n<meta property=\"og:description\" content=\"Zapatillas Joma Spin 2509 Amarillo Fl\u00faor para p\u00e1del profesional: m\u00e1xima amortiguaci\u00f3n, estabilidad y dise\u00f1o vibrante. C\u00f3mpralas ahora en Revolution Padel Store al mejor precio.\" \/>\n<meta property=\"og:url\" content=\"https:\/\/revolutionpadelstore.com\/pt-pt\/produto\/joma-spin-men-2509-amarillo-fluor-5\/\" \/>\n<meta property=\"og:site_name\" content=\"Revolution Padel Store\" \/>\n<meta property=\"article:modified_time\" content=\"2026-04-08T02:00:22+00:00\" \/>\n<meta property=\"og:image\" content=\"https:\/\/revolutionpadelstore.com\/wp-content\/uploads\/2025\/08\/308.png\" \/>\n\t<meta property=\"og:image:width\" content=\"1500\" \/>\n\t<meta property=\"og:image:height\" content=\"1500\" \/>\n\t<meta property=\"og:image:type\" content=\"image\/png\" \/>\n<meta name=\"twitter:card\" content=\"summary_large_image\" \/>\n<meta name=\"twitter:label1\" content=\"Tempo estimado de leitura\" \/>\n\t<meta name=\"twitter:data1\" content=\"1 minuto\" \/>\n<script type=\"application\/ld+json\" class=\"yoast-schema-graph\">{\"@context\":\"https:\\\/\\\/schema.org\",\"@graph\":[{\"@type\":\"WebPage\",\"@id\":\"https:\\\/\\\/revolutionpadelstore.com\\\/pt-pt\\\/produto\\\/joma-spin-men-2509-amarillo-fluor-5\\\/\",\"url\":\"https:\\\/\\\/revolutionpadelstore.com\\\/pt-pt\\\/produto\\\/joma-spin-men-2509-amarillo-fluor-5\\\/\",\"name\":\"JOMA SPIN MEN 2509 AMARILLO FL\u00daOR - Revolution Padel Store\",\"isPartOf\":{\"@id\":\"https:\\\/\\\/revolutionpadelstore.com\\\/pt-pt\\\/#website\"},\"primaryImageOfPage\":{\"@id\":\"https:\\\/\\\/revolutionpadelstore.com\\\/pt-pt\\\/produto\\\/joma-spin-men-2509-amarillo-fluor-5\\\/#primaryimage\"},\"image\":{\"@id\":\"https:\\\/\\\/revolutionpadelstore.com\\\/pt-pt\\\/produto\\\/joma-spin-men-2509-amarillo-fluor-5\\\/#primaryimage\"},\"thumbnailUrl\":\"https:\\\/\\\/revolutionpadelstore.com\\\/wp-content\\\/uploads\\\/2025\\\/08\\\/308.png\",\"datePublished\":\"2025-08-28T17:28:29+00:00\",\"dateModified\":\"2026-04-08T02:00:22+00:00\",\"description\":\"Zapatillas Joma Spin 2509 Amarillo Fl\u00faor para p\u00e1del profesional: m\u00e1xima amortiguaci\u00f3n, estabilidad y dise\u00f1o vibrante. C\u00f3mpralas ahora en Revolution Padel Store al mejor precio.\",\"breadcrumb\":{\"@id\":\"https:\\\/\\\/revolutionpadelstore.com\\\/pt-pt\\\/produto\\\/joma-spin-men-2509-amarillo-fluor-5\\\/#breadcrumb\"},\"inLanguage\":\"pt-PT\",\"potentialAction\":[{\"@type\":\"ReadAction\",\"target\":[\"https:\\\/\\\/revolutionpadelstore.com\\\/pt-pt\\\/produto\\\/joma-spin-men-2509-amarillo-fluor-5\\\/\"]}]},{\"@type\":\"ImageObject\",\"inLanguage\":\"pt-PT\",\"@id\":\"https:\\\/\\\/revolutionpadelstore.com\\\/pt-pt\\\/produto\\\/joma-spin-men-2509-amarillo-fluor-5\\\/#primaryimage\",\"url\":\"https:\\\/\\\/revolutionpadelstore.com\\\/wp-content\\\/uploads\\\/2025\\\/08\\\/308.png\",\"contentUrl\":\"https:\\\/\\\/revolutionpadelstore.com\\\/wp-content\\\/uploads\\\/2025\\\/08\\\/308.png\",\"width\":1500,\"height\":1500},{\"@type\":\"BreadcrumbList\",\"@id\":\"https:\\\/\\\/revolutionpadelstore.com\\\/pt-pt\\\/produto\\\/joma-spin-men-2509-amarillo-fluor-5\\\/#breadcrumb\",\"itemListElement\":[{\"@type\":\"ListItem\",\"position\":1,\"name\":\"Portada\",\"item\":\"https:\\\/\\\/revolutionpadelstore.com\\\/pt-pt\\\/\"},{\"@type\":\"ListItem\",\"position\":2,\"name\":\"Tienda\",\"item\":\"https:\\\/\\\/revolutionpadelstore.com\\\/pt-pt\\\/tienda\\\/\"},{\"@type\":\"ListItem\",\"position\":3,\"name\":\"JOMA SPIN MEN 2509 AMARILLO FL\u00daOR\"}]},{\"@type\":\"WebSite\",\"@id\":\"https:\\\/\\\/revolutionpadelstore.com\\\/pt-pt\\\/#website\",\"url\":\"https:\\\/\\\/revolutionpadelstore.com\\\/pt-pt\\\/\",\"name\":\"Revolution Padel Store\",\"description\":\"\",\"publisher\":{\"@id\":\"https:\\\/\\\/revolutionpadelstore.com\\\/pt-pt\\\/#organization\"},\"potentialAction\":[{\"@type\":\"SearchAction\",\"target\":{\"@type\":\"EntryPoint\",\"urlTemplate\":\"https:\\\/\\\/revolutionpadelstore.com\\\/pt-pt\\\/?s={search_term_string}\"},\"query-input\":{\"@type\":\"PropertyValueSpecification\",\"valueRequired\":true,\"valueName\":\"search_term_string\"}}],\"inLanguage\":\"pt-PT\"},{\"@type\":\"Organization\",\"@id\":\"https:\\\/\\\/revolutionpadelstore.com\\\/pt-pt\\\/#organization\",\"name\":\"Revolution Padel Store\",\"url\":\"https:\\\/\\\/revolutionpadelstore.com\\\/pt-pt\\\/\",\"logo\":{\"@type\":\"ImageObject\",\"inLanguage\":\"pt-PT\",\"@id\":\"https:\\\/\\\/revolutionpadelstore.com\\\/pt-pt\\\/#\\\/schema\\\/logo\\\/image\\\/\",\"url\":\"https:\\\/\\\/revolutionpadelstore.com\\\/wp-content\\\/uploads\\\/2026\\\/02\\\/revolution-padel-store.jpg\",\"contentUrl\":\"https:\\\/\\\/revolutionpadelstore.com\\\/wp-content\\\/uploads\\\/2026\\\/02\\\/revolution-padel-store.jpg\",\"width\":2000,\"height\":2000,\"caption\":\"Revolution Padel Store\"},\"image\":{\"@id\":\"https:\\\/\\\/revolutionpadelstore.com\\\/pt-pt\\\/#\\\/schema\\\/logo\\\/image\\\/\"},\"sameAs\":[\"https:\\\/\\\/www.instagram.com\\\/revolutionpadelstore\\\/\"]}]}<\/script>\n<!-- \/ Yoast SEO plugin. -->","yoast_head_json":{"title":"JOMA SPIN MEN 2509 AMARILLO FL\u00daOR - Revolution Padel Store","description":"Zapatillas Joma Spin 2509 Amarillo Fl\u00faor para p\u00e1del profesional: m\u00e1xima amortiguaci\u00f3n, estabilidad y dise\u00f1o vibrante. C\u00f3mpralas ahora en Revolution Padel Store al mejor precio.","robots":{"index":"index","follow":"follow","max-snippet":"max-snippet:-1","max-image-preview":"max-image-preview:large","max-video-preview":"max-video-preview:-1"},"canonical":"https:\/\/revolutionpadelstore.com\/pt-pt\/produto\/joma-spin-men-2509-amarillo-fluor-5\/","og_locale":"pt_PT","og_type":"article","og_title":"JOMA SPIN MEN 2509 AMARILLO FL\u00daOR - Revolution Padel Store","og_description":"Zapatillas Joma Spin 2509 Amarillo Fl\u00faor para p\u00e1del profesional: m\u00e1xima amortiguaci\u00f3n, estabilidad y dise\u00f1o vibrante. C\u00f3mpralas ahora en Revolution Padel Store al mejor precio.","og_url":"https:\/\/revolutionpadelstore.com\/pt-pt\/produto\/joma-spin-men-2509-amarillo-fluor-5\/","og_site_name":"Revolution Padel Store","article_modified_time":"2026-04-08T02:00:22+00:00","og_image":[{"width":1500,"height":1500,"url":"https:\/\/revolutionpadelstore.com\/wp-content\/uploads\/2025\/08\/308.png","type":"image\/png"}],"twitter_card":"summary_large_image","twitter_misc":{"Tempo estimado de leitura":"1 minuto"},"schema":{"@context":"https:\/\/schema.org","@graph":[{"@type":"WebPage","@id":"https:\/\/revolutionpadelstore.com\/pt-pt\/produto\/joma-spin-men-2509-amarillo-fluor-5\/","url":"https:\/\/revolutionpadelstore.com\/pt-pt\/produto\/joma-spin-men-2509-amarillo-fluor-5\/","name":"JOMA SPIN MEN 2509 AMARILLO FL\u00daOR - Revolution Padel Store","isPartOf":{"@id":"https:\/\/revolutionpadelstore.com\/pt-pt\/#website"},"primaryImageOfPage":{"@id":"https:\/\/revolutionpadelstore.com\/pt-pt\/produto\/joma-spin-men-2509-amarillo-fluor-5\/#primaryimage"},"image":{"@id":"https:\/\/revolutionpadelstore.com\/pt-pt\/produto\/joma-spin-men-2509-amarillo-fluor-5\/#primaryimage"},"thumbnailUrl":"https:\/\/revolutionpadelstore.com\/wp-content\/uploads\/2025\/08\/308.png","datePublished":"2025-08-28T17:28:29+00:00","dateModified":"2026-04-08T02:00:22+00:00","description":"Zapatillas Joma Spin 2509 Amarillo Fl\u00faor para p\u00e1del profesional: m\u00e1xima amortiguaci\u00f3n, estabilidad y dise\u00f1o vibrante. C\u00f3mpralas ahora en Revolution Padel Store al mejor precio.","breadcrumb":{"@id":"https:\/\/revolutionpadelstore.com\/pt-pt\/produto\/joma-spin-men-2509-amarillo-fluor-5\/#breadcrumb"},"inLanguage":"pt-PT","potentialAction":[{"@type":"ReadAction","target":["https:\/\/revolutionpadelstore.com\/pt-pt\/produto\/joma-spin-men-2509-amarillo-fluor-5\/"]}]},{"@type":"ImageObject","inLanguage":"pt-PT","@id":"https:\/\/revolutionpadelstore.com\/pt-pt\/produto\/joma-spin-men-2509-amarillo-fluor-5\/#primaryimage","url":"https:\/\/revolutionpadelstore.com\/wp-content\/uploads\/2025\/08\/308.png","contentUrl":"https:\/\/revolutionpadelstore.com\/wp-content\/uploads\/2025\/08\/308.png","width":1500,"height":1500},{"@type":"BreadcrumbList","@id":"https:\/\/revolutionpadelstore.com\/pt-pt\/produto\/joma-spin-men-2509-amarillo-fluor-5\/#breadcrumb","itemListElement":[{"@type":"ListItem","position":1,"name":"Portada","item":"https:\/\/revolutionpadelstore.com\/pt-pt\/"},{"@type":"ListItem","position":2,"name":"Tienda","item":"https:\/\/revolutionpadelstore.com\/pt-pt\/tienda\/"},{"@type":"ListItem","position":3,"name":"JOMA SPIN MEN 2509 AMARILLO FL\u00daOR"}]},{"@type":"WebSite","@id":"https:\/\/revolutionpadelstore.com\/pt-pt\/#website","url":"https:\/\/revolutionpadelstore.com\/pt-pt\/","name":"Revolution Padel Store","description":"","publisher":{"@id":"https:\/\/revolutionpadelstore.com\/pt-pt\/#organization"},"potentialAction":[{"@type":"SearchAction","target":{"@type":"EntryPoint","urlTemplate":"https:\/\/revolutionpadelstore.com\/pt-pt\/?s={search_term_string}"},"query-input":{"@type":"PropertyValueSpecification","valueRequired":true,"valueName":"search_term_string"}}],"inLanguage":"pt-PT"},{"@type":"Organization","@id":"https:\/\/revolutionpadelstore.com\/pt-pt\/#organization","name":"Revolution Padel Store","url":"https:\/\/revolutionpadelstore.com\/pt-pt\/","logo":{"@type":"ImageObject","inLanguage":"pt-PT","@id":"https:\/\/revolutionpadelstore.com\/pt-pt\/#\/schema\/logo\/image\/","url":"https:\/\/revolutionpadelstore.com\/wp-content\/uploads\/2026\/02\/revolution-padel-store.jpg","contentUrl":"https:\/\/revolutionpadelstore.com\/wp-content\/uploads\/2026\/02\/revolution-padel-store.jpg","width":2000,"height":2000,"caption":"Revolution Padel Store"},"image":{"@id":"https:\/\/revolutionpadelstore.com\/pt-pt\/#\/schema\/logo\/image\/"},"sameAs":["https:\/\/www.instagram.com\/revolutionpadelstore\/"]}]}},"_links":{"self":[{"href":"https:\/\/revolutionpadelstore.com\/pt-pt\/wp-json\/wp\/v2\/product\/266388","targetHints":{"allow":["GET"]}}],"collection":[{"href":"https:\/\/revolutionpadelstore.com\/pt-pt\/wp-json\/wp\/v2\/product"}],"about":[{"href":"https:\/\/revolutionpadelstore.com\/pt-pt\/wp-json\/wp\/v2\/types\/product"}],"replies":[{"embeddable":true,"href":"https:\/\/revolutionpadelstore.com\/pt-pt\/wp-json\/wp\/v2\/comments?post=266388"}],"wp:featuredmedia":[{"embeddable":true,"href":"https:\/\/revolutionpadelstore.com\/pt-pt\/wp-json\/wp\/v2\/media\/266323"}],"wp:attachment":[{"href":"https:\/\/revolutionpadelstore.com\/pt-pt\/wp-json\/wp\/v2\/media?parent=266388"}],"wp:term":[{"taxonomy":"acabado","embeddable":true,"href":"https:\/\/revolutionpadelstore.com\/pt-pt\/wp-json\/wp\/v2\/acabado?post=266388"},{"taxonomy":"balance","embeddable":true,"href":"https:\/\/revolutionpadelstore.com\/pt-pt\/wp-json\/wp\/v2\/balance?post=266388"},{"taxonomy":"dureza","embeddable":true,"href":"https:\/\/revolutionpadelstore.com\/pt-pt\/wp-json\/wp\/v2\/dureza?post=266388"},{"taxonomy":"forma","embeddable":true,"href":"https:\/\/revolutionpadelstore.com\/pt-pt\/wp-json\/wp\/v2\/forma?post=266388"},{"taxonomy":"jugador","embeddable":true,"href":"https:\/\/revolutionpadelstore.com\/pt-pt\/wp-json\/wp\/v2\/jugador?post=266388"},{"taxonomy":"marca","embeddable":true,"href":"https:\/\/revolutionpadelstore.com\/pt-pt\/wp-json\/wp\/v2\/marca?post=266388"},{"taxonomy":"nivel-de-juego","embeddable":true,"href":"https:\/\/revolutionpadelstore.com\/pt-pt\/wp-json\/wp\/v2\/nivel-de-juego?post=266388"},{"taxonomy":"superficie","embeddable":true,"href":"https:\/\/revolutionpadelstore.com\/pt-pt\/wp-json\/wp\/v2\/superficie?post=266388"},{"taxonomy":"tipo-de-juego","embeddable":true,"href":"https:\/\/revolutionpadelstore.com\/pt-pt\/wp-json\/wp\/v2\/tipo-de-juego?post=266388"},{"taxonomy":"product_brand","embeddable":true,"href":"https:\/\/revolutionpadelstore.com\/pt-pt\/wp-json\/wp\/v2\/product_brand?post=266388"},{"taxonomy":"product_cat","embeddable":true,"href":"https:\/\/revolutionpadelstore.com\/pt-pt\/wp-json\/wp\/v2\/product_cat?post=266388"},{"taxonomy":"product_tag","embeddable":true,"href":"https:\/\/revolutionpadelstore.com\/pt-pt\/wp-json\/wp\/v2\/product_tag?post=266388"}],"curies":[{"name":"wp","href":"https:\/\/api.w.org\/{rel}","templated":true}]}}