{"id":265288,"date":"2025-08-11T11:01:45","date_gmt":"2025-08-11T09:01:45","guid":{"rendered":"https:\/\/revolutionpadelstore.com\/paletero-wilson-bela-super-tour-padel-negro\/"},"modified":"2026-04-08T04:34:52","modified_gmt":"2026-04-08T02:34:52","slug":"paletero-wilson-bela-super-tour-padel-negro-5","status":"publish","type":"product","link":"https:\/\/revolutionpadelstore.com\/pt-pt\/produto\/paletero-wilson-bela-super-tour-padel-negro-5\/","title":{"rendered":"Paletero Wilson Bela Super Tour Padel Negro"},"content":{"rendered":"<h2>Bolsa de remo Wilson Bela Super Tour preta \u2013 Espa\u00e7o, prote\u00e7\u00e3o e estilo profissional<\/h2>\n<p>O <strong>Wilson Bela Super Tour P\u00e1del Negro<\/strong> \u00e9 o saco de padel oficial do lend\u00e1rio <strong>Fernando Belastegu\u00edn<\/strong>, pensado para jogadores que procuram <strong>m\u00e1xima capacidade, durabilidade e protec\u00e7\u00e3o<\/strong> para o seu equipamento. Ideal para quem n\u00e3o se contenta com menos do que o melhor, este modelo combina tecnologia de ponta com um design elegante em preto com detalhes em vermelho.<\/p>\n<h2>Recursos em destaque<\/h2>\n<p><strong>-Capacidade para at\u00e9 6 raquetes de padel<\/strong>: espa\u00e7o perfeito para suas raquetes de treino e partida.<\/p>\n<p><strong>-Compartimentos t\u00e9rmicos Thermoguard<\/strong>: mantenha suas raquetes protegidas da umidade e das mudan\u00e7as de temperatura, prolongando sua vida \u00fatil.<\/p>\n<p><strong>-Refor\u00e7os laterais r\u00edgidos<\/strong>: estrutura s\u00f3lida que evita deforma\u00e7\u00f5es e mant\u00e9m o equipamento seguro.<\/p>\n<p><strong>-Compartimento independente para sapatos<\/strong>: ideal para separar os sapatos do resto do equipamento, mantendo a higiene.<\/p>\n<p><strong>-M\u00faltiplos bolsos<\/strong>: organize roupas, acess\u00f3rios e itens pessoais com total conforto.<\/p>\n<p><strong>-Transporte ergon\u00f4mico<\/strong>: al\u00e7as tipo mochila ajust\u00e1veis \u200b\u200be acolchoadas, al\u00e9m de al\u00e7a superior para transporte f\u00e1cil e confort\u00e1vel.<\/p>\n<p><strong>-Design elegante e funcional<\/strong>: preto com detalhes em vermelho e logotipo Bela, refletindo estilo e profissionalismo.<\/p>\n<h2>Vantagens para o jogador<\/h2>\n<p>Este saco para raquetes de padel n\u00e3o s\u00f3 oferece grande capacidade e resist\u00eancia, mas tamb\u00e9m cuida do estado do seu equipamento. Gra\u00e7as \u00e0 tecnologia <strong>Thermoguard<\/strong>, suas raquetes estar\u00e3o sempre prontas para o jogo nas melhores condi\u00e7\u00f5es. Seu design ergon\u00f4mico e distribui\u00e7\u00e3o inteligente de espa\u00e7os permitir\u00e3o transportar tudo o que voc\u00ea precisa, desde roupas e cal\u00e7ados at\u00e9 acess\u00f3rios e itens pessoais, com total ordem e conforto.<\/p>\n<h2>Especifica\u00e7\u00f5es t\u00e9cnicas<\/h2>\n<p>-Marca: <strong>Wilson<\/strong><\/p>\n<p>-Modelo: <strong>Bela Super Tour P\u00e1del Negro<\/strong><\/p>\n<p>-Capacidade: <strong>6 l\u00e2minas<\/strong><\/p>\n<p>-Tecnologia: <strong>Thermoguard<\/strong><\/p>\n<p>-Cores: <strong>Preto \/ Vermelho<\/strong><\/p>\n<p>-Tipo de transporte: Mochila e al\u00e7a de m\u00e3o<\/p>\n<p><strong>Leve o seu jogo para o pr\u00f3ximo n\u00edvel com a bolsa padel Wilson Bela Super Tour e desfrute da combina\u00e7\u00e3o perfeita de estilo, conforto e prote\u00e7\u00e3o.<\/strong><\/p>\n<p>Dispon\u00edvel agora em nossa loja online <strong><a href=\"https:\/\/www.revolutionpadelstore.com\/\">www.revolutionpadelstore.com<\/a><\/strong> provavelmente ao melhor pre\u00e7o do mercado.<\/p>\n<h2>Paletero Wilson Bela Super Tour P\u00e1del Negro \u2013 Espacio, protecci\u00f3n y estilo profesional<\/h2>\n","protected":false},"excerpt":{"rendered":"<p>A bolsa para raquetes de padel Wilson Bela Super Tour tem espa\u00e7o para guardar at\u00e9 6 raquetes, incorpora prote\u00e7\u00e3o t\u00e9rmica, apresenta design de alta qualidade e garante um transporte confort\u00e1vel. \u00c9 a escolha perfeita para jogadores exigentes que procuram combinar desempenho e estilo.<\/p>\n","protected":false},"featured_media":265271,"comment_status":"open","ping_status":"closed","template":"","meta":{"_acf_changed":false,"_joinchat":[]},"acabado":[],"balance":[],"dureza":[],"forma":[],"jugador":[],"marca":[1265],"nivel-de-juego":[],"superficie":[],"tipo-de-juego":[],"product_brand":[],"product_cat":[316],"product_tag":[],"class_list":{"0":"post-265288","1":"product","2":"type-product","3":"status-publish","4":"has-post-thumbnail","6":"marca-wilson-pt-pt","7":"product_cat-bolsas-pt-pt","9":"first","10":"instock","11":"sale","12":"taxable","13":"shipping-taxable","14":"purchasable","15":"product-type-simple"},"acf":[],"yoast_head":"<!-- This site is optimized with the Yoast SEO plugin v27.4 - https:\/\/yoast.com\/product\/yoast-seo-wordpress\/ -->\n<title>Paletero Wilson Bela Super Tour Padel Negro - Revolution Padel Store<\/title>\n<meta name=\"description\" content=\"Compra el Paletero Wilson Bela Super Tour P\u00e1del Negro, oficial de Fernando Belastegu\u00edn. Capacidad para 6 palas, tecnolog\u00eda Thermoguard y dise\u00f1o elegante. \u00a1Protecci\u00f3n y estilo para tu juego!\" \/>\n<meta name=\"robots\" content=\"index, follow, max-snippet:-1, max-image-preview:large, max-video-preview:-1\" \/>\n<link rel=\"canonical\" href=\"https:\/\/revolutionpadelstore.com\/pt-pt\/produto\/paletero-wilson-bela-super-tour-padel-negro-5\/\" \/>\n<meta property=\"og:locale\" content=\"pt_PT\" \/>\n<meta property=\"og:type\" content=\"article\" \/>\n<meta property=\"og:title\" content=\"Paletero Wilson Bela Super Tour Padel Negro - Revolution Padel Store\" \/>\n<meta property=\"og:description\" content=\"Compra el Paletero Wilson Bela Super Tour P\u00e1del Negro, oficial de Fernando Belastegu\u00edn. Capacidad para 6 palas, tecnolog\u00eda Thermoguard y dise\u00f1o elegante. \u00a1Protecci\u00f3n y estilo para tu juego!\" \/>\n<meta property=\"og:url\" content=\"https:\/\/revolutionpadelstore.com\/pt-pt\/produto\/paletero-wilson-bela-super-tour-padel-negro-5\/\" \/>\n<meta property=\"og:site_name\" content=\"Revolution Padel Store\" \/>\n<meta property=\"article:modified_time\" content=\"2026-04-08T02:34:52+00:00\" \/>\n<meta property=\"og:image\" content=\"https:\/\/revolutionpadelstore.com\/wp-content\/uploads\/2025\/08\/119461-paletero-wilson-bela-super-tour-padel-wr8910801-1500x1500-1.webp\" \/>\n\t<meta property=\"og:image:width\" content=\"1500\" \/>\n\t<meta property=\"og:image:height\" content=\"1500\" \/>\n\t<meta property=\"og:image:type\" content=\"image\/webp\" \/>\n<meta name=\"twitter:card\" content=\"summary_large_image\" \/>\n<meta name=\"twitter:label1\" content=\"Tempo estimado de leitura\" \/>\n\t<meta name=\"twitter:data1\" content=\"2 minutos\" \/>\n<script type=\"application\/ld+json\" class=\"yoast-schema-graph\">{\"@context\":\"https:\\\/\\\/schema.org\",\"@graph\":[{\"@type\":\"WebPage\",\"@id\":\"https:\\\/\\\/revolutionpadelstore.com\\\/pt-pt\\\/produto\\\/paletero-wilson-bela-super-tour-padel-negro-5\\\/\",\"url\":\"https:\\\/\\\/revolutionpadelstore.com\\\/pt-pt\\\/produto\\\/paletero-wilson-bela-super-tour-padel-negro-5\\\/\",\"name\":\"Paletero Wilson Bela Super Tour Padel Negro - Revolution Padel Store\",\"isPartOf\":{\"@id\":\"https:\\\/\\\/revolutionpadelstore.com\\\/pt-pt\\\/#website\"},\"primaryImageOfPage\":{\"@id\":\"https:\\\/\\\/revolutionpadelstore.com\\\/pt-pt\\\/produto\\\/paletero-wilson-bela-super-tour-padel-negro-5\\\/#primaryimage\"},\"image\":{\"@id\":\"https:\\\/\\\/revolutionpadelstore.com\\\/pt-pt\\\/produto\\\/paletero-wilson-bela-super-tour-padel-negro-5\\\/#primaryimage\"},\"thumbnailUrl\":\"https:\\\/\\\/revolutionpadelstore.com\\\/wp-content\\\/uploads\\\/2025\\\/08\\\/119461-paletero-wilson-bela-super-tour-padel-wr8910801-1500x1500-1.webp\",\"datePublished\":\"2025-08-11T09:01:45+00:00\",\"dateModified\":\"2026-04-08T02:34:52+00:00\",\"description\":\"Compra el Paletero Wilson Bela Super Tour P\u00e1del Negro, oficial de Fernando Belastegu\u00edn. Capacidad para 6 palas, tecnolog\u00eda Thermoguard y dise\u00f1o elegante. \u00a1Protecci\u00f3n y estilo para tu juego!\",\"breadcrumb\":{\"@id\":\"https:\\\/\\\/revolutionpadelstore.com\\\/pt-pt\\\/produto\\\/paletero-wilson-bela-super-tour-padel-negro-5\\\/#breadcrumb\"},\"inLanguage\":\"pt-PT\",\"potentialAction\":[{\"@type\":\"ReadAction\",\"target\":[\"https:\\\/\\\/revolutionpadelstore.com\\\/pt-pt\\\/produto\\\/paletero-wilson-bela-super-tour-padel-negro-5\\\/\"]}]},{\"@type\":\"ImageObject\",\"inLanguage\":\"pt-PT\",\"@id\":\"https:\\\/\\\/revolutionpadelstore.com\\\/pt-pt\\\/produto\\\/paletero-wilson-bela-super-tour-padel-negro-5\\\/#primaryimage\",\"url\":\"https:\\\/\\\/revolutionpadelstore.com\\\/wp-content\\\/uploads\\\/2025\\\/08\\\/119461-paletero-wilson-bela-super-tour-padel-wr8910801-1500x1500-1.webp\",\"contentUrl\":\"https:\\\/\\\/revolutionpadelstore.com\\\/wp-content\\\/uploads\\\/2025\\\/08\\\/119461-paletero-wilson-bela-super-tour-padel-wr8910801-1500x1500-1.webp\",\"width\":1500,\"height\":1500},{\"@type\":\"BreadcrumbList\",\"@id\":\"https:\\\/\\\/revolutionpadelstore.com\\\/pt-pt\\\/produto\\\/paletero-wilson-bela-super-tour-padel-negro-5\\\/#breadcrumb\",\"itemListElement\":[{\"@type\":\"ListItem\",\"position\":1,\"name\":\"Portada\",\"item\":\"https:\\\/\\\/revolutionpadelstore.com\\\/pt-pt\\\/\"},{\"@type\":\"ListItem\",\"position\":2,\"name\":\"Tienda\",\"item\":\"https:\\\/\\\/revolutionpadelstore.com\\\/pt-pt\\\/tienda\\\/\"},{\"@type\":\"ListItem\",\"position\":3,\"name\":\"Paletero Wilson Bela Super Tour Padel Negro\"}]},{\"@type\":\"WebSite\",\"@id\":\"https:\\\/\\\/revolutionpadelstore.com\\\/pt-pt\\\/#website\",\"url\":\"https:\\\/\\\/revolutionpadelstore.com\\\/pt-pt\\\/\",\"name\":\"Revolution Padel Store\",\"description\":\"\",\"publisher\":{\"@id\":\"https:\\\/\\\/revolutionpadelstore.com\\\/pt-pt\\\/#organization\"},\"potentialAction\":[{\"@type\":\"SearchAction\",\"target\":{\"@type\":\"EntryPoint\",\"urlTemplate\":\"https:\\\/\\\/revolutionpadelstore.com\\\/pt-pt\\\/?s={search_term_string}\"},\"query-input\":{\"@type\":\"PropertyValueSpecification\",\"valueRequired\":true,\"valueName\":\"search_term_string\"}}],\"inLanguage\":\"pt-PT\"},{\"@type\":\"Organization\",\"@id\":\"https:\\\/\\\/revolutionpadelstore.com\\\/pt-pt\\\/#organization\",\"name\":\"Revolution Padel Store\",\"url\":\"https:\\\/\\\/revolutionpadelstore.com\\\/pt-pt\\\/\",\"logo\":{\"@type\":\"ImageObject\",\"inLanguage\":\"pt-PT\",\"@id\":\"https:\\\/\\\/revolutionpadelstore.com\\\/pt-pt\\\/#\\\/schema\\\/logo\\\/image\\\/\",\"url\":\"https:\\\/\\\/revolutionpadelstore.com\\\/wp-content\\\/uploads\\\/2026\\\/02\\\/revolution-padel-store.jpg\",\"contentUrl\":\"https:\\\/\\\/revolutionpadelstore.com\\\/wp-content\\\/uploads\\\/2026\\\/02\\\/revolution-padel-store.jpg\",\"width\":2000,\"height\":2000,\"caption\":\"Revolution Padel Store\"},\"image\":{\"@id\":\"https:\\\/\\\/revolutionpadelstore.com\\\/pt-pt\\\/#\\\/schema\\\/logo\\\/image\\\/\"},\"sameAs\":[\"https:\\\/\\\/www.instagram.com\\\/revolutionpadelstore\\\/\"]}]}<\/script>\n<!-- \/ Yoast SEO plugin. -->","yoast_head_json":{"title":"Paletero Wilson Bela Super Tour Padel Negro - Revolution Padel Store","description":"Compra el Paletero Wilson Bela Super Tour P\u00e1del Negro, oficial de Fernando Belastegu\u00edn. Capacidad para 6 palas, tecnolog\u00eda Thermoguard y dise\u00f1o elegante. \u00a1Protecci\u00f3n y estilo para tu juego!","robots":{"index":"index","follow":"follow","max-snippet":"max-snippet:-1","max-image-preview":"max-image-preview:large","max-video-preview":"max-video-preview:-1"},"canonical":"https:\/\/revolutionpadelstore.com\/pt-pt\/produto\/paletero-wilson-bela-super-tour-padel-negro-5\/","og_locale":"pt_PT","og_type":"article","og_title":"Paletero Wilson Bela Super Tour Padel Negro - Revolution Padel Store","og_description":"Compra el Paletero Wilson Bela Super Tour P\u00e1del Negro, oficial de Fernando Belastegu\u00edn. Capacidad para 6 palas, tecnolog\u00eda Thermoguard y dise\u00f1o elegante. \u00a1Protecci\u00f3n y estilo para tu juego!","og_url":"https:\/\/revolutionpadelstore.com\/pt-pt\/produto\/paletero-wilson-bela-super-tour-padel-negro-5\/","og_site_name":"Revolution Padel Store","article_modified_time":"2026-04-08T02:34:52+00:00","og_image":[{"width":1500,"height":1500,"url":"https:\/\/revolutionpadelstore.com\/wp-content\/uploads\/2025\/08\/119461-paletero-wilson-bela-super-tour-padel-wr8910801-1500x1500-1.webp","type":"image\/webp"}],"twitter_card":"summary_large_image","twitter_misc":{"Tempo estimado de leitura":"2 minutos"},"schema":{"@context":"https:\/\/schema.org","@graph":[{"@type":"WebPage","@id":"https:\/\/revolutionpadelstore.com\/pt-pt\/produto\/paletero-wilson-bela-super-tour-padel-negro-5\/","url":"https:\/\/revolutionpadelstore.com\/pt-pt\/produto\/paletero-wilson-bela-super-tour-padel-negro-5\/","name":"Paletero Wilson Bela Super Tour Padel Negro - Revolution Padel Store","isPartOf":{"@id":"https:\/\/revolutionpadelstore.com\/pt-pt\/#website"},"primaryImageOfPage":{"@id":"https:\/\/revolutionpadelstore.com\/pt-pt\/produto\/paletero-wilson-bela-super-tour-padel-negro-5\/#primaryimage"},"image":{"@id":"https:\/\/revolutionpadelstore.com\/pt-pt\/produto\/paletero-wilson-bela-super-tour-padel-negro-5\/#primaryimage"},"thumbnailUrl":"https:\/\/revolutionpadelstore.com\/wp-content\/uploads\/2025\/08\/119461-paletero-wilson-bela-super-tour-padel-wr8910801-1500x1500-1.webp","datePublished":"2025-08-11T09:01:45+00:00","dateModified":"2026-04-08T02:34:52+00:00","description":"Compra el Paletero Wilson Bela Super Tour P\u00e1del Negro, oficial de Fernando Belastegu\u00edn. Capacidad para 6 palas, tecnolog\u00eda Thermoguard y dise\u00f1o elegante. \u00a1Protecci\u00f3n y estilo para tu juego!","breadcrumb":{"@id":"https:\/\/revolutionpadelstore.com\/pt-pt\/produto\/paletero-wilson-bela-super-tour-padel-negro-5\/#breadcrumb"},"inLanguage":"pt-PT","potentialAction":[{"@type":"ReadAction","target":["https:\/\/revolutionpadelstore.com\/pt-pt\/produto\/paletero-wilson-bela-super-tour-padel-negro-5\/"]}]},{"@type":"ImageObject","inLanguage":"pt-PT","@id":"https:\/\/revolutionpadelstore.com\/pt-pt\/produto\/paletero-wilson-bela-super-tour-padel-negro-5\/#primaryimage","url":"https:\/\/revolutionpadelstore.com\/wp-content\/uploads\/2025\/08\/119461-paletero-wilson-bela-super-tour-padel-wr8910801-1500x1500-1.webp","contentUrl":"https:\/\/revolutionpadelstore.com\/wp-content\/uploads\/2025\/08\/119461-paletero-wilson-bela-super-tour-padel-wr8910801-1500x1500-1.webp","width":1500,"height":1500},{"@type":"BreadcrumbList","@id":"https:\/\/revolutionpadelstore.com\/pt-pt\/produto\/paletero-wilson-bela-super-tour-padel-negro-5\/#breadcrumb","itemListElement":[{"@type":"ListItem","position":1,"name":"Portada","item":"https:\/\/revolutionpadelstore.com\/pt-pt\/"},{"@type":"ListItem","position":2,"name":"Tienda","item":"https:\/\/revolutionpadelstore.com\/pt-pt\/tienda\/"},{"@type":"ListItem","position":3,"name":"Paletero Wilson Bela Super Tour Padel Negro"}]},{"@type":"WebSite","@id":"https:\/\/revolutionpadelstore.com\/pt-pt\/#website","url":"https:\/\/revolutionpadelstore.com\/pt-pt\/","name":"Revolution Padel Store","description":"","publisher":{"@id":"https:\/\/revolutionpadelstore.com\/pt-pt\/#organization"},"potentialAction":[{"@type":"SearchAction","target":{"@type":"EntryPoint","urlTemplate":"https:\/\/revolutionpadelstore.com\/pt-pt\/?s={search_term_string}"},"query-input":{"@type":"PropertyValueSpecification","valueRequired":true,"valueName":"search_term_string"}}],"inLanguage":"pt-PT"},{"@type":"Organization","@id":"https:\/\/revolutionpadelstore.com\/pt-pt\/#organization","name":"Revolution Padel Store","url":"https:\/\/revolutionpadelstore.com\/pt-pt\/","logo":{"@type":"ImageObject","inLanguage":"pt-PT","@id":"https:\/\/revolutionpadelstore.com\/pt-pt\/#\/schema\/logo\/image\/","url":"https:\/\/revolutionpadelstore.com\/wp-content\/uploads\/2026\/02\/revolution-padel-store.jpg","contentUrl":"https:\/\/revolutionpadelstore.com\/wp-content\/uploads\/2026\/02\/revolution-padel-store.jpg","width":2000,"height":2000,"caption":"Revolution Padel Store"},"image":{"@id":"https:\/\/revolutionpadelstore.com\/pt-pt\/#\/schema\/logo\/image\/"},"sameAs":["https:\/\/www.instagram.com\/revolutionpadelstore\/"]}]}},"_links":{"self":[{"href":"https:\/\/revolutionpadelstore.com\/pt-pt\/wp-json\/wp\/v2\/product\/265288","targetHints":{"allow":["GET"]}}],"collection":[{"href":"https:\/\/revolutionpadelstore.com\/pt-pt\/wp-json\/wp\/v2\/product"}],"about":[{"href":"https:\/\/revolutionpadelstore.com\/pt-pt\/wp-json\/wp\/v2\/types\/product"}],"replies":[{"embeddable":true,"href":"https:\/\/revolutionpadelstore.com\/pt-pt\/wp-json\/wp\/v2\/comments?post=265288"}],"wp:featuredmedia":[{"embeddable":true,"href":"https:\/\/revolutionpadelstore.com\/pt-pt\/wp-json\/wp\/v2\/media\/265271"}],"wp:attachment":[{"href":"https:\/\/revolutionpadelstore.com\/pt-pt\/wp-json\/wp\/v2\/media?parent=265288"}],"wp:term":[{"taxonomy":"acabado","embeddable":true,"href":"https:\/\/revolutionpadelstore.com\/pt-pt\/wp-json\/wp\/v2\/acabado?post=265288"},{"taxonomy":"balance","embeddable":true,"href":"https:\/\/revolutionpadelstore.com\/pt-pt\/wp-json\/wp\/v2\/balance?post=265288"},{"taxonomy":"dureza","embeddable":true,"href":"https:\/\/revolutionpadelstore.com\/pt-pt\/wp-json\/wp\/v2\/dureza?post=265288"},{"taxonomy":"forma","embeddable":true,"href":"https:\/\/revolutionpadelstore.com\/pt-pt\/wp-json\/wp\/v2\/forma?post=265288"},{"taxonomy":"jugador","embeddable":true,"href":"https:\/\/revolutionpadelstore.com\/pt-pt\/wp-json\/wp\/v2\/jugador?post=265288"},{"taxonomy":"marca","embeddable":true,"href":"https:\/\/revolutionpadelstore.com\/pt-pt\/wp-json\/wp\/v2\/marca?post=265288"},{"taxonomy":"nivel-de-juego","embeddable":true,"href":"https:\/\/revolutionpadelstore.com\/pt-pt\/wp-json\/wp\/v2\/nivel-de-juego?post=265288"},{"taxonomy":"superficie","embeddable":true,"href":"https:\/\/revolutionpadelstore.com\/pt-pt\/wp-json\/wp\/v2\/superficie?post=265288"},{"taxonomy":"tipo-de-juego","embeddable":true,"href":"https:\/\/revolutionpadelstore.com\/pt-pt\/wp-json\/wp\/v2\/tipo-de-juego?post=265288"},{"taxonomy":"product_brand","embeddable":true,"href":"https:\/\/revolutionpadelstore.com\/pt-pt\/wp-json\/wp\/v2\/product_brand?post=265288"},{"taxonomy":"product_cat","embeddable":true,"href":"https:\/\/revolutionpadelstore.com\/pt-pt\/wp-json\/wp\/v2\/product_cat?post=265288"},{"taxonomy":"product_tag","embeddable":true,"href":"https:\/\/revolutionpadelstore.com\/pt-pt\/wp-json\/wp\/v2\/product_tag?post=265288"}],"curies":[{"name":"wp","href":"https:\/\/api.w.org\/{rel}","templated":true}]}}