{"id":265230,"date":"2025-08-10T21:09:58","date_gmt":"2025-08-10T19:09:58","guid":{"rendered":"https:\/\/revolutionpadelstore.com\/paletero-wilson-bela-super-tour-padel-blanco\/"},"modified":"2026-04-08T04:35:27","modified_gmt":"2026-04-08T02:35:27","slug":"paletero-wilson-bela-super-tour-padel-blanco-5","status":"publish","type":"product","link":"https:\/\/revolutionpadelstore.com\/pt-pt\/produto\/paletero-wilson-bela-super-tour-padel-blanco-5\/","title":{"rendered":"PALETERO WILSON BELA SUPER TOUR PADEL BLANCO"},"content":{"rendered":"<h2><strong>Bolsa de remo Wilson Bela DNA Super Tour \u2013 inspirada em Fernando Belastegu\u00edn<\/strong><\/h2>\n<p>O <strong>Wilson Bela DNA Super Tour<\/strong> \u00e9 muito mais que uma bolsa: \u00e9 um reflexo da <strong>obsess\u00e3o de Fernando Belastegu\u00edn pela perfei\u00e7\u00e3o, desenhada em colabora\u00e7\u00e3o com a lenda para cobrir todas as necessidades do jogador de elite.<\/p>\n<p>Fabricada com <strong>revestimento TPU<\/strong> para manter sua apar\u00eancia impec\u00e1vel, incorpora a tecnologia <strong>Thermoguard<\/strong> que protege suas raquetes contra temperaturas extremas, garantindo que seu equipamento permane\u00e7a nas melhores condi\u00e7\u00f5es. Al\u00e9m disso, seu <strong>bolso para acess\u00f3rios forrado de l\u00e3<\/strong> cuida dos seus objetos de valor com o m\u00e1ximo cuidado.<\/p>\n<h2><strong>Recursos em destaque<\/strong><\/h2>\n<p><strong>-Design exclusivo<\/strong> inspirado em Fernando Belastegu\u00edn.<\/p>\n<p>-Revestimento TPU resistente e f\u00e1cil de limpar.<\/p>\n<p>-Compartimento principal com <strong>forro Thermoguard<\/strong> para proteger as raquetes do calor e do frio.<\/p>\n<p><strong>&#8211; Bolso forrado de l\u00e3<\/strong> para acess\u00f3rios e itens delicados.<\/p>\n<p>-V\u00e1rios bolsos adicionais para manter tudo <strong>organizado e acess\u00edvel<\/strong>.<\/p>\n<h2><strong>Benef\u00edcios para o jogador<\/strong><\/h2>\n<p>-Transporte seguro e elegante para todos os seus equipamentos.<\/p>\n<p>-Prote\u00e7\u00e3o total contra condi\u00e7\u00f5es clim\u00e1ticas extremas.<\/p>\n<p>-Organiza\u00e7\u00e3o perfeita gra\u00e7as aos compartimentos bem distribu\u00eddos.<\/p>\n<p>-Durabilidade superior e design premium.<\/p>\n<p><strong>Adquira o Wilson Bela DNA Super Tour e leve seu jogo para o pr\u00f3ximo n\u00edvel.<\/strong> Dispon\u00edvel agora em <strong><a href=\"https:\/\/www.revolutionpadelstore.com\/\">www.revolutionpadelstore.com<\/a><\/strong> provavelmente pelo melhor pre\u00e7o do mercado.<\/p>\n<h2><strong>Bolsa de P\u00e1del Wilson Bela DNA Super Tour \u2013 Inspirada por Fernando Belastegu\u00edn<\/strong><\/p>\n","protected":false},"excerpt":{"rendered":"<p><strong data-start=\"38\" data-end=\"86\">Wilson Bela Super Tour Paddle Bag Branco<\/strong>, ideal para transportar todo o seu equipamento em qualquer \u00e9poca do ano. Sua ampla capacidade e design elegante oferecem um conforto \u00fanico que o diferencia dos demais.<strong data-start=\"38\" data-end=\"86\">Paletero Wilson Bela Super Tour P\u00e1del Blanco<\/strong><\/p>\n","protected":false},"featured_media":265195,"comment_status":"open","ping_status":"closed","template":"","meta":{"_acf_changed":false,"_joinchat":[]},"acabado":[],"balance":[],"dureza":[],"forma":[],"jugador":[],"marca":[1265],"nivel-de-juego":[],"superficie":[],"tipo-de-juego":[],"product_brand":[],"product_cat":[316],"product_tag":[],"class_list":{"0":"post-265230","1":"product","2":"type-product","3":"status-publish","4":"has-post-thumbnail","6":"marca-wilson-pt-pt","7":"product_cat-bolsas-pt-pt","9":"first","10":"instock","11":"sale","12":"taxable","13":"shipping-taxable","14":"purchasable","15":"product-type-simple"},"acf":[],"yoast_head":"<!-- This site is optimized with the Yoast SEO plugin v27.4 - https:\/\/yoast.com\/product\/yoast-seo-wordpress\/ -->\n<title>PALETERO WILSON BELA SUPER TOUR PADEL BLANCO - Revolution Padel Store<\/title>\n<meta name=\"description\" content=\"Descubre la Bolsa Wilson Bela DNA Super Tour en Revolution Padel Store. Inspirada por Fernando Belastegu\u00edn, con Thermoguard, TPU y bolsillos premium.\" \/>\n<meta name=\"robots\" content=\"index, follow, max-snippet:-1, max-image-preview:large, max-video-preview:-1\" \/>\n<link rel=\"canonical\" href=\"https:\/\/revolutionpadelstore.com\/pt-pt\/produto\/paletero-wilson-bela-super-tour-padel-blanco-5\/\" \/>\n<meta property=\"og:locale\" content=\"pt_PT\" \/>\n<meta property=\"og:type\" content=\"article\" \/>\n<meta property=\"og:title\" content=\"PALETERO WILSON BELA SUPER TOUR PADEL BLANCO - Revolution Padel Store\" \/>\n<meta property=\"og:description\" content=\"Descubre la Bolsa Wilson Bela DNA Super Tour en Revolution Padel Store. Inspirada por Fernando Belastegu\u00edn, con Thermoguard, TPU y bolsillos premium.\" \/>\n<meta property=\"og:url\" content=\"https:\/\/revolutionpadelstore.com\/pt-pt\/produto\/paletero-wilson-bela-super-tour-padel-blanco-5\/\" \/>\n<meta property=\"og:site_name\" content=\"Revolution Padel Store\" \/>\n<meta property=\"article:modified_time\" content=\"2026-04-08T02:35:27+00:00\" \/>\n<meta property=\"og:image\" content=\"https:\/\/revolutionpadelstore.com\/wp-content\/uploads\/2025\/08\/113592-paletero-wilson-bela-super-tour-padel-wr8907202-1500x1500-1.webp\" \/>\n\t<meta property=\"og:image:width\" content=\"1500\" \/>\n\t<meta property=\"og:image:height\" content=\"1500\" \/>\n\t<meta property=\"og:image:type\" content=\"image\/webp\" \/>\n<meta name=\"twitter:card\" content=\"summary_large_image\" \/>\n<meta name=\"twitter:label1\" content=\"Tempo estimado de leitura\" \/>\n\t<meta name=\"twitter:data1\" content=\"1 minuto\" \/>\n<script type=\"application\/ld+json\" class=\"yoast-schema-graph\">{\"@context\":\"https:\\\/\\\/schema.org\",\"@graph\":[{\"@type\":\"WebPage\",\"@id\":\"https:\\\/\\\/revolutionpadelstore.com\\\/pt-pt\\\/produto\\\/paletero-wilson-bela-super-tour-padel-blanco-5\\\/\",\"url\":\"https:\\\/\\\/revolutionpadelstore.com\\\/pt-pt\\\/produto\\\/paletero-wilson-bela-super-tour-padel-blanco-5\\\/\",\"name\":\"PALETERO WILSON BELA SUPER TOUR PADEL BLANCO - Revolution Padel Store\",\"isPartOf\":{\"@id\":\"https:\\\/\\\/revolutionpadelstore.com\\\/pt-pt\\\/#website\"},\"primaryImageOfPage\":{\"@id\":\"https:\\\/\\\/revolutionpadelstore.com\\\/pt-pt\\\/produto\\\/paletero-wilson-bela-super-tour-padel-blanco-5\\\/#primaryimage\"},\"image\":{\"@id\":\"https:\\\/\\\/revolutionpadelstore.com\\\/pt-pt\\\/produto\\\/paletero-wilson-bela-super-tour-padel-blanco-5\\\/#primaryimage\"},\"thumbnailUrl\":\"https:\\\/\\\/revolutionpadelstore.com\\\/wp-content\\\/uploads\\\/2025\\\/08\\\/113592-paletero-wilson-bela-super-tour-padel-wr8907202-1500x1500-1.webp\",\"datePublished\":\"2025-08-10T19:09:58+00:00\",\"dateModified\":\"2026-04-08T02:35:27+00:00\",\"description\":\"Descubre la Bolsa Wilson Bela DNA Super Tour en Revolution Padel Store. Inspirada por Fernando Belastegu\u00edn, con Thermoguard, TPU y bolsillos premium.\",\"breadcrumb\":{\"@id\":\"https:\\\/\\\/revolutionpadelstore.com\\\/pt-pt\\\/produto\\\/paletero-wilson-bela-super-tour-padel-blanco-5\\\/#breadcrumb\"},\"inLanguage\":\"pt-PT\",\"potentialAction\":[{\"@type\":\"ReadAction\",\"target\":[\"https:\\\/\\\/revolutionpadelstore.com\\\/pt-pt\\\/produto\\\/paletero-wilson-bela-super-tour-padel-blanco-5\\\/\"]}]},{\"@type\":\"ImageObject\",\"inLanguage\":\"pt-PT\",\"@id\":\"https:\\\/\\\/revolutionpadelstore.com\\\/pt-pt\\\/produto\\\/paletero-wilson-bela-super-tour-padel-blanco-5\\\/#primaryimage\",\"url\":\"https:\\\/\\\/revolutionpadelstore.com\\\/wp-content\\\/uploads\\\/2025\\\/08\\\/113592-paletero-wilson-bela-super-tour-padel-wr8907202-1500x1500-1.webp\",\"contentUrl\":\"https:\\\/\\\/revolutionpadelstore.com\\\/wp-content\\\/uploads\\\/2025\\\/08\\\/113592-paletero-wilson-bela-super-tour-padel-wr8907202-1500x1500-1.webp\",\"width\":1500,\"height\":1500},{\"@type\":\"BreadcrumbList\",\"@id\":\"https:\\\/\\\/revolutionpadelstore.com\\\/pt-pt\\\/produto\\\/paletero-wilson-bela-super-tour-padel-blanco-5\\\/#breadcrumb\",\"itemListElement\":[{\"@type\":\"ListItem\",\"position\":1,\"name\":\"Portada\",\"item\":\"https:\\\/\\\/revolutionpadelstore.com\\\/pt-pt\\\/\"},{\"@type\":\"ListItem\",\"position\":2,\"name\":\"Tienda\",\"item\":\"https:\\\/\\\/revolutionpadelstore.com\\\/pt-pt\\\/tienda\\\/\"},{\"@type\":\"ListItem\",\"position\":3,\"name\":\"PALETERO WILSON BELA SUPER TOUR PADEL BLANCO\"}]},{\"@type\":\"WebSite\",\"@id\":\"https:\\\/\\\/revolutionpadelstore.com\\\/pt-pt\\\/#website\",\"url\":\"https:\\\/\\\/revolutionpadelstore.com\\\/pt-pt\\\/\",\"name\":\"Revolution Padel Store\",\"description\":\"\",\"publisher\":{\"@id\":\"https:\\\/\\\/revolutionpadelstore.com\\\/pt-pt\\\/#organization\"},\"potentialAction\":[{\"@type\":\"SearchAction\",\"target\":{\"@type\":\"EntryPoint\",\"urlTemplate\":\"https:\\\/\\\/revolutionpadelstore.com\\\/pt-pt\\\/?s={search_term_string}\"},\"query-input\":{\"@type\":\"PropertyValueSpecification\",\"valueRequired\":true,\"valueName\":\"search_term_string\"}}],\"inLanguage\":\"pt-PT\"},{\"@type\":\"Organization\",\"@id\":\"https:\\\/\\\/revolutionpadelstore.com\\\/pt-pt\\\/#organization\",\"name\":\"Revolution Padel Store\",\"url\":\"https:\\\/\\\/revolutionpadelstore.com\\\/pt-pt\\\/\",\"logo\":{\"@type\":\"ImageObject\",\"inLanguage\":\"pt-PT\",\"@id\":\"https:\\\/\\\/revolutionpadelstore.com\\\/pt-pt\\\/#\\\/schema\\\/logo\\\/image\\\/\",\"url\":\"https:\\\/\\\/revolutionpadelstore.com\\\/wp-content\\\/uploads\\\/2026\\\/02\\\/revolution-padel-store.jpg\",\"contentUrl\":\"https:\\\/\\\/revolutionpadelstore.com\\\/wp-content\\\/uploads\\\/2026\\\/02\\\/revolution-padel-store.jpg\",\"width\":2000,\"height\":2000,\"caption\":\"Revolution Padel Store\"},\"image\":{\"@id\":\"https:\\\/\\\/revolutionpadelstore.com\\\/pt-pt\\\/#\\\/schema\\\/logo\\\/image\\\/\"},\"sameAs\":[\"https:\\\/\\\/www.instagram.com\\\/revolutionpadelstore\\\/\"]}]}<\/script>\n<!-- \/ Yoast SEO plugin. -->","yoast_head_json":{"title":"PALETERO WILSON BELA SUPER TOUR PADEL BLANCO - Revolution Padel Store","description":"Descubre la Bolsa Wilson Bela DNA Super Tour en Revolution Padel Store. Inspirada por Fernando Belastegu\u00edn, con Thermoguard, TPU y bolsillos premium.","robots":{"index":"index","follow":"follow","max-snippet":"max-snippet:-1","max-image-preview":"max-image-preview:large","max-video-preview":"max-video-preview:-1"},"canonical":"https:\/\/revolutionpadelstore.com\/pt-pt\/produto\/paletero-wilson-bela-super-tour-padel-blanco-5\/","og_locale":"pt_PT","og_type":"article","og_title":"PALETERO WILSON BELA SUPER TOUR PADEL BLANCO - Revolution Padel Store","og_description":"Descubre la Bolsa Wilson Bela DNA Super Tour en Revolution Padel Store. Inspirada por Fernando Belastegu\u00edn, con Thermoguard, TPU y bolsillos premium.","og_url":"https:\/\/revolutionpadelstore.com\/pt-pt\/produto\/paletero-wilson-bela-super-tour-padel-blanco-5\/","og_site_name":"Revolution Padel Store","article_modified_time":"2026-04-08T02:35:27+00:00","og_image":[{"width":1500,"height":1500,"url":"https:\/\/revolutionpadelstore.com\/wp-content\/uploads\/2025\/08\/113592-paletero-wilson-bela-super-tour-padel-wr8907202-1500x1500-1.webp","type":"image\/webp"}],"twitter_card":"summary_large_image","twitter_misc":{"Tempo estimado de leitura":"1 minuto"},"schema":{"@context":"https:\/\/schema.org","@graph":[{"@type":"WebPage","@id":"https:\/\/revolutionpadelstore.com\/pt-pt\/produto\/paletero-wilson-bela-super-tour-padel-blanco-5\/","url":"https:\/\/revolutionpadelstore.com\/pt-pt\/produto\/paletero-wilson-bela-super-tour-padel-blanco-5\/","name":"PALETERO WILSON BELA SUPER TOUR PADEL BLANCO - Revolution Padel Store","isPartOf":{"@id":"https:\/\/revolutionpadelstore.com\/pt-pt\/#website"},"primaryImageOfPage":{"@id":"https:\/\/revolutionpadelstore.com\/pt-pt\/produto\/paletero-wilson-bela-super-tour-padel-blanco-5\/#primaryimage"},"image":{"@id":"https:\/\/revolutionpadelstore.com\/pt-pt\/produto\/paletero-wilson-bela-super-tour-padel-blanco-5\/#primaryimage"},"thumbnailUrl":"https:\/\/revolutionpadelstore.com\/wp-content\/uploads\/2025\/08\/113592-paletero-wilson-bela-super-tour-padel-wr8907202-1500x1500-1.webp","datePublished":"2025-08-10T19:09:58+00:00","dateModified":"2026-04-08T02:35:27+00:00","description":"Descubre la Bolsa Wilson Bela DNA Super Tour en Revolution Padel Store. Inspirada por Fernando Belastegu\u00edn, con Thermoguard, TPU y bolsillos premium.","breadcrumb":{"@id":"https:\/\/revolutionpadelstore.com\/pt-pt\/produto\/paletero-wilson-bela-super-tour-padel-blanco-5\/#breadcrumb"},"inLanguage":"pt-PT","potentialAction":[{"@type":"ReadAction","target":["https:\/\/revolutionpadelstore.com\/pt-pt\/produto\/paletero-wilson-bela-super-tour-padel-blanco-5\/"]}]},{"@type":"ImageObject","inLanguage":"pt-PT","@id":"https:\/\/revolutionpadelstore.com\/pt-pt\/produto\/paletero-wilson-bela-super-tour-padel-blanco-5\/#primaryimage","url":"https:\/\/revolutionpadelstore.com\/wp-content\/uploads\/2025\/08\/113592-paletero-wilson-bela-super-tour-padel-wr8907202-1500x1500-1.webp","contentUrl":"https:\/\/revolutionpadelstore.com\/wp-content\/uploads\/2025\/08\/113592-paletero-wilson-bela-super-tour-padel-wr8907202-1500x1500-1.webp","width":1500,"height":1500},{"@type":"BreadcrumbList","@id":"https:\/\/revolutionpadelstore.com\/pt-pt\/produto\/paletero-wilson-bela-super-tour-padel-blanco-5\/#breadcrumb","itemListElement":[{"@type":"ListItem","position":1,"name":"Portada","item":"https:\/\/revolutionpadelstore.com\/pt-pt\/"},{"@type":"ListItem","position":2,"name":"Tienda","item":"https:\/\/revolutionpadelstore.com\/pt-pt\/tienda\/"},{"@type":"ListItem","position":3,"name":"PALETERO WILSON BELA SUPER TOUR PADEL BLANCO"}]},{"@type":"WebSite","@id":"https:\/\/revolutionpadelstore.com\/pt-pt\/#website","url":"https:\/\/revolutionpadelstore.com\/pt-pt\/","name":"Revolution Padel Store","description":"","publisher":{"@id":"https:\/\/revolutionpadelstore.com\/pt-pt\/#organization"},"potentialAction":[{"@type":"SearchAction","target":{"@type":"EntryPoint","urlTemplate":"https:\/\/revolutionpadelstore.com\/pt-pt\/?s={search_term_string}"},"query-input":{"@type":"PropertyValueSpecification","valueRequired":true,"valueName":"search_term_string"}}],"inLanguage":"pt-PT"},{"@type":"Organization","@id":"https:\/\/revolutionpadelstore.com\/pt-pt\/#organization","name":"Revolution Padel Store","url":"https:\/\/revolutionpadelstore.com\/pt-pt\/","logo":{"@type":"ImageObject","inLanguage":"pt-PT","@id":"https:\/\/revolutionpadelstore.com\/pt-pt\/#\/schema\/logo\/image\/","url":"https:\/\/revolutionpadelstore.com\/wp-content\/uploads\/2026\/02\/revolution-padel-store.jpg","contentUrl":"https:\/\/revolutionpadelstore.com\/wp-content\/uploads\/2026\/02\/revolution-padel-store.jpg","width":2000,"height":2000,"caption":"Revolution Padel Store"},"image":{"@id":"https:\/\/revolutionpadelstore.com\/pt-pt\/#\/schema\/logo\/image\/"},"sameAs":["https:\/\/www.instagram.com\/revolutionpadelstore\/"]}]}},"_links":{"self":[{"href":"https:\/\/revolutionpadelstore.com\/pt-pt\/wp-json\/wp\/v2\/product\/265230","targetHints":{"allow":["GET"]}}],"collection":[{"href":"https:\/\/revolutionpadelstore.com\/pt-pt\/wp-json\/wp\/v2\/product"}],"about":[{"href":"https:\/\/revolutionpadelstore.com\/pt-pt\/wp-json\/wp\/v2\/types\/product"}],"replies":[{"embeddable":true,"href":"https:\/\/revolutionpadelstore.com\/pt-pt\/wp-json\/wp\/v2\/comments?post=265230"}],"wp:featuredmedia":[{"embeddable":true,"href":"https:\/\/revolutionpadelstore.com\/pt-pt\/wp-json\/wp\/v2\/media\/265195"}],"wp:attachment":[{"href":"https:\/\/revolutionpadelstore.com\/pt-pt\/wp-json\/wp\/v2\/media?parent=265230"}],"wp:term":[{"taxonomy":"acabado","embeddable":true,"href":"https:\/\/revolutionpadelstore.com\/pt-pt\/wp-json\/wp\/v2\/acabado?post=265230"},{"taxonomy":"balance","embeddable":true,"href":"https:\/\/revolutionpadelstore.com\/pt-pt\/wp-json\/wp\/v2\/balance?post=265230"},{"taxonomy":"dureza","embeddable":true,"href":"https:\/\/revolutionpadelstore.com\/pt-pt\/wp-json\/wp\/v2\/dureza?post=265230"},{"taxonomy":"forma","embeddable":true,"href":"https:\/\/revolutionpadelstore.com\/pt-pt\/wp-json\/wp\/v2\/forma?post=265230"},{"taxonomy":"jugador","embeddable":true,"href":"https:\/\/revolutionpadelstore.com\/pt-pt\/wp-json\/wp\/v2\/jugador?post=265230"},{"taxonomy":"marca","embeddable":true,"href":"https:\/\/revolutionpadelstore.com\/pt-pt\/wp-json\/wp\/v2\/marca?post=265230"},{"taxonomy":"nivel-de-juego","embeddable":true,"href":"https:\/\/revolutionpadelstore.com\/pt-pt\/wp-json\/wp\/v2\/nivel-de-juego?post=265230"},{"taxonomy":"superficie","embeddable":true,"href":"https:\/\/revolutionpadelstore.com\/pt-pt\/wp-json\/wp\/v2\/superficie?post=265230"},{"taxonomy":"tipo-de-juego","embeddable":true,"href":"https:\/\/revolutionpadelstore.com\/pt-pt\/wp-json\/wp\/v2\/tipo-de-juego?post=265230"},{"taxonomy":"product_brand","embeddable":true,"href":"https:\/\/revolutionpadelstore.com\/pt-pt\/wp-json\/wp\/v2\/product_brand?post=265230"},{"taxonomy":"product_cat","embeddable":true,"href":"https:\/\/revolutionpadelstore.com\/pt-pt\/wp-json\/wp\/v2\/product_cat?post=265230"},{"taxonomy":"product_tag","embeddable":true,"href":"https:\/\/revolutionpadelstore.com\/pt-pt\/wp-json\/wp\/v2\/product_tag?post=265230"}],"curies":[{"name":"wp","href":"https:\/\/api.w.org\/{rel}","templated":true}]}}