{"id":264870,"date":"2025-08-10T11:52:40","date_gmt":"2025-08-10T09:52:40","guid":{"rendered":"https:\/\/revolutionpadelstore.com\/adipower-multiweight-control-pro-edt-2025\/"},"modified":"2026-04-08T04:37:43","modified_gmt":"2026-04-08T02:37:43","slug":"adidas-adipower-ctrl-edt-2025","status":"publish","type":"product","link":"https:\/\/revolutionpadelstore.com\/pt-pt\/produto\/adidas-adipower-ctrl-edt-2025\/","title":{"rendered":"ADIDAS ADIPOWER CTRL EDT 2025"},"content":{"rendered":"<h2><strong>Adidas Adipower CTRL MTW Pro EDT 2025 \u2013 Controle absoluto e design profissional<\/strong><\/h2>\n<p>A <strong>Adidas Adipower CTRL MTW Pro EDT 2025<\/strong> \u00e9 a raquete de padel definitiva para jogadores que buscam precis\u00e3o milim\u00e9trica e m\u00e1ximo controle em cada golpe. Desenhado em formato redondo e com equil\u00edbrio m\u00e9dio, oferece versatilidade excepcional para dominar o jogo em qualquer \u00e1rea da quadra. O seu peso ajust\u00e1vel entre 355 e 365 gramas, gra\u00e7as ao Weight &amp; Balance System, permite personalizar o desempenho para um estilo mais defensivo ou com maior pot\u00eancia.<\/p>\n<p>Inspirada e utilizada por \u00c1lex Ruiz, refer\u00eancia no padel mundial, esta raquete de edi\u00e7\u00e3o limitada combina tecnologia de ponta e um acabamento premium que faz a diferen\u00e7a.<\/p>\n<h2><strong>Caracter\u00edsticas t\u00e9cnicas destacadas<\/strong><\/h2>\n<p><strong>-Forma:<\/strong> Redondo com ponto ideal centralizado para m\u00e1ximo controle.<\/p>\n<p><strong>-Flats:<\/strong> <strong>Carbono 18K<\/strong>, proporcionando solidez, durabilidade e toque firme.<\/p>\n<p><strong>-Core:<\/strong> <strong>Borracha EVA de alta mem\u00f3ria<\/strong>, com recupera\u00e7\u00e3o r\u00e1pida para golpes mais poderosos e precisos.<\/p>\n<p><strong>-Sistema de Peso e Equil\u00edbrio:<\/strong> Ajuste o peso e o equil\u00edbrio (+\/- 9,1 g) para um desempenho personalizado para voc\u00ea.<\/p>\n<p><strong>-Exoesqueleto duplo:<\/strong> Refor\u00e7o duplo de carbono na estrutura e no n\u00facleo para maior estabilidade.<\/p>\n<p><strong>-Spin Blade Decal:<\/strong> Superf\u00edcie \u00e1spera que otimiza o topspin e o slice spin.<\/p>\n<p><strong>-Design exclusivo:<\/strong> Assinado por <strong>\u00c1lex Ruiz<\/strong>, com estojo premium inclu\u00eddo.<\/p>\n<h2><strong>Principais benef\u00edcios<\/strong><\/h2>\n<p><strong>-Controle absoluto<\/strong> em cada golpe sem abrir m\u00e3o do poder.<\/p>\n<p><strong>&#8211; Maior efeito e precis\u00e3o<\/strong> nos golpes com giro.<\/p>\n<p><strong>-Durabilidade superior<\/strong> gra\u00e7as \u00e0 combina\u00e7\u00e3o de carbono 18K e refor\u00e7os estruturais.<\/p>\n<p><strong>-Personaliza\u00e7\u00e3o total<\/strong> de peso e equil\u00edbrio de acordo com seu estilo de jogo.<\/p>\n<p><strong>-Edi\u00e7\u00e3o limitada<\/strong> que garante exclusividade na pista.<\/p>\n<h2><strong>Para quem \u00e9 esta p\u00e1?<\/strong><\/h2>\n<p>O <strong>Adipower CTRL MTW Pro EDT 2025<\/strong> foi projetado para <strong>jogadores avan\u00e7ados e profissionais<\/strong> que priorizam o controle, mas que n\u00e3o querem abrir m\u00e3o de um golpe preciso. Ideal para quem gosta de ditar o ritmo do jogo com jogadas t\u00e1ticas e defesas impenetr\u00e1veis.<\/p>\n<p><strong>Domine a quadra com precis\u00e3o de elite.<\/strong> Adquira a <strong>Adidas Adipower CTRL MTW Pro EDT 2025<\/strong> e sinta a diferen\u00e7a de uma raquete criada para campe\u00f5es.<\/p>\n<p>Dispon\u00edvel em nossa loja online<strong><a href=\"https:\/\/www.revolutionpadelstore.com\/\">www.revolutionpadelstore.com<\/a><\/strong> provavelmente ao melhor pre\u00e7o do mercado.<\/p>\n<h2><strong>Adidas Adipower CTRL MTW Pro EDT 2025 \u2013 Control absoluto y dise\u00f1o profesional<\/strong><\/p>\n","protected":false},"excerpt":{"rendered":"<p>Raquete Adidas com controle absoluto, confeccionada em carbono 18K e borracha EVA altamente reativa. Projetado para jogadores experientes, oferece a possibilidade de ajustar peso e equil\u00edbrio. Edi\u00e7\u00e3o exclusiva com assinatura de \u00c1lex Ruiz.<\/p>\n","protected":false},"featured_media":264877,"comment_status":"open","ping_status":"closed","template":"","meta":{"_acf_changed":false,"_joinchat":[]},"acabado":[1090],"balance":[1145],"dureza":[1155],"forma":[1180],"jugador":[1190],"marca":[1230],"nivel-de-juego":[1335],"superficie":[1360],"tipo-de-juego":[1370],"product_brand":[],"product_cat":[300],"product_tag":[],"class_list":{"0":"post-264870","1":"product","2":"type-product","3":"status-publish","4":"has-post-thumbnail","6":"acabado-alivio-3d","7":"balance-baixo","8":"dureza-media-pt-pt","9":"forma-rodada","10":"jugador-homem","11":"marca-adidas-pt-pt","12":"superficie-rugosa-pt-pt","13":"tipo-de-juego-controle","14":"product_cat-palas","16":"first","17":"instock","18":"sale","19":"taxable","20":"shipping-taxable","21":"purchasable","22":"product-type-simple"},"acf":[],"yoast_head":"<!-- This site is optimized with the Yoast SEO plugin v27.4 - https:\/\/yoast.com\/product\/yoast-seo-wordpress\/ -->\n<title>ADIDAS ADIPOWER CTRL EDT 2025 - Revolution Padel Store<\/title>\n<meta name=\"description\" content=\"Adidas Adipower CTRL MTW Pro EDT 2025 \u2013 Pala de p\u00e1del profesional con control absoluto, carbono 18K, goma EVA High Memory y peso ajustable. Edici\u00f3n limitada firmada por \u00c1lex Ruiz. \u00a1C\u00f3mprala en Revolution Padel Store al mejor precio!\" \/>\n<meta name=\"robots\" content=\"index, follow, max-snippet:-1, max-image-preview:large, max-video-preview:-1\" \/>\n<link rel=\"canonical\" href=\"https:\/\/revolutionpadelstore.com\/pt-pt\/produto\/adidas-adipower-ctrl-edt-2025\/\" \/>\n<meta property=\"og:locale\" content=\"pt_PT\" \/>\n<meta property=\"og:type\" content=\"article\" \/>\n<meta property=\"og:title\" content=\"ADIDAS ADIPOWER CTRL EDT 2025 - Revolution Padel Store\" \/>\n<meta property=\"og:description\" content=\"Adidas Adipower CTRL MTW Pro EDT 2025 \u2013 Pala de p\u00e1del profesional con control absoluto, carbono 18K, goma EVA High Memory y peso ajustable. Edici\u00f3n limitada firmada por \u00c1lex Ruiz. \u00a1C\u00f3mprala en Revolution Padel Store al mejor precio!\" \/>\n<meta property=\"og:url\" content=\"https:\/\/revolutionpadelstore.com\/pt-pt\/produto\/adidas-adipower-ctrl-edt-2025\/\" \/>\n<meta property=\"og:site_name\" content=\"Revolution Padel Store\" \/>\n<meta property=\"article:modified_time\" content=\"2026-04-08T02:37:43+00:00\" \/>\n<meta property=\"og:image\" content=\"https:\/\/revolutionpadelstore.com\/wp-content\/uploads\/2025\/08\/117506-pala-adidas-adipower-ctrl-mtw-pro-edt-2025-ar1ca8u16-1500x1500-1.webp\" \/>\n\t<meta property=\"og:image:width\" content=\"1500\" \/>\n\t<meta property=\"og:image:height\" content=\"1500\" \/>\n\t<meta property=\"og:image:type\" content=\"image\/webp\" \/>\n<meta name=\"twitter:card\" content=\"summary_large_image\" \/>\n<meta name=\"twitter:label1\" content=\"Tempo estimado de leitura\" \/>\n\t<meta name=\"twitter:data1\" content=\"2 minutos\" \/>\n<script type=\"application\/ld+json\" class=\"yoast-schema-graph\">{\"@context\":\"https:\\\/\\\/schema.org\",\"@graph\":[{\"@type\":\"WebPage\",\"@id\":\"https:\\\/\\\/revolutionpadelstore.com\\\/pt-pt\\\/produto\\\/adidas-adipower-ctrl-edt-2025\\\/\",\"url\":\"https:\\\/\\\/revolutionpadelstore.com\\\/pt-pt\\\/produto\\\/adidas-adipower-ctrl-edt-2025\\\/\",\"name\":\"ADIDAS ADIPOWER CTRL EDT 2025 - Revolution Padel Store\",\"isPartOf\":{\"@id\":\"https:\\\/\\\/revolutionpadelstore.com\\\/pt-pt\\\/#website\"},\"primaryImageOfPage\":{\"@id\":\"https:\\\/\\\/revolutionpadelstore.com\\\/pt-pt\\\/produto\\\/adidas-adipower-ctrl-edt-2025\\\/#primaryimage\"},\"image\":{\"@id\":\"https:\\\/\\\/revolutionpadelstore.com\\\/pt-pt\\\/produto\\\/adidas-adipower-ctrl-edt-2025\\\/#primaryimage\"},\"thumbnailUrl\":\"https:\\\/\\\/revolutionpadelstore.com\\\/wp-content\\\/uploads\\\/2025\\\/08\\\/117506-pala-adidas-adipower-ctrl-mtw-pro-edt-2025-ar1ca8u16-1500x1500-1.webp\",\"datePublished\":\"2025-08-10T09:52:40+00:00\",\"dateModified\":\"2026-04-08T02:37:43+00:00\",\"description\":\"Adidas Adipower CTRL MTW Pro EDT 2025 \u2013 Pala de p\u00e1del profesional con control absoluto, carbono 18K, goma EVA High Memory y peso ajustable. Edici\u00f3n limitada firmada por \u00c1lex Ruiz. \u00a1C\u00f3mprala en Revolution Padel Store al mejor precio!\",\"breadcrumb\":{\"@id\":\"https:\\\/\\\/revolutionpadelstore.com\\\/pt-pt\\\/produto\\\/adidas-adipower-ctrl-edt-2025\\\/#breadcrumb\"},\"inLanguage\":\"pt-PT\",\"potentialAction\":[{\"@type\":\"ReadAction\",\"target\":[\"https:\\\/\\\/revolutionpadelstore.com\\\/pt-pt\\\/produto\\\/adidas-adipower-ctrl-edt-2025\\\/\"]}]},{\"@type\":\"ImageObject\",\"inLanguage\":\"pt-PT\",\"@id\":\"https:\\\/\\\/revolutionpadelstore.com\\\/pt-pt\\\/produto\\\/adidas-adipower-ctrl-edt-2025\\\/#primaryimage\",\"url\":\"https:\\\/\\\/revolutionpadelstore.com\\\/wp-content\\\/uploads\\\/2025\\\/08\\\/117506-pala-adidas-adipower-ctrl-mtw-pro-edt-2025-ar1ca8u16-1500x1500-1.webp\",\"contentUrl\":\"https:\\\/\\\/revolutionpadelstore.com\\\/wp-content\\\/uploads\\\/2025\\\/08\\\/117506-pala-adidas-adipower-ctrl-mtw-pro-edt-2025-ar1ca8u16-1500x1500-1.webp\",\"width\":1500,\"height\":1500},{\"@type\":\"BreadcrumbList\",\"@id\":\"https:\\\/\\\/revolutionpadelstore.com\\\/pt-pt\\\/produto\\\/adidas-adipower-ctrl-edt-2025\\\/#breadcrumb\",\"itemListElement\":[{\"@type\":\"ListItem\",\"position\":1,\"name\":\"Portada\",\"item\":\"https:\\\/\\\/revolutionpadelstore.com\\\/pt-pt\\\/\"},{\"@type\":\"ListItem\",\"position\":2,\"name\":\"Tienda\",\"item\":\"https:\\\/\\\/revolutionpadelstore.com\\\/pt-pt\\\/tienda\\\/\"},{\"@type\":\"ListItem\",\"position\":3,\"name\":\"ADIDAS ADIPOWER CTRL EDT 2025\"}]},{\"@type\":\"WebSite\",\"@id\":\"https:\\\/\\\/revolutionpadelstore.com\\\/pt-pt\\\/#website\",\"url\":\"https:\\\/\\\/revolutionpadelstore.com\\\/pt-pt\\\/\",\"name\":\"Revolution Padel Store\",\"description\":\"\",\"publisher\":{\"@id\":\"https:\\\/\\\/revolutionpadelstore.com\\\/pt-pt\\\/#organization\"},\"potentialAction\":[{\"@type\":\"SearchAction\",\"target\":{\"@type\":\"EntryPoint\",\"urlTemplate\":\"https:\\\/\\\/revolutionpadelstore.com\\\/pt-pt\\\/?s={search_term_string}\"},\"query-input\":{\"@type\":\"PropertyValueSpecification\",\"valueRequired\":true,\"valueName\":\"search_term_string\"}}],\"inLanguage\":\"pt-PT\"},{\"@type\":\"Organization\",\"@id\":\"https:\\\/\\\/revolutionpadelstore.com\\\/pt-pt\\\/#organization\",\"name\":\"Revolution Padel Store\",\"url\":\"https:\\\/\\\/revolutionpadelstore.com\\\/pt-pt\\\/\",\"logo\":{\"@type\":\"ImageObject\",\"inLanguage\":\"pt-PT\",\"@id\":\"https:\\\/\\\/revolutionpadelstore.com\\\/pt-pt\\\/#\\\/schema\\\/logo\\\/image\\\/\",\"url\":\"https:\\\/\\\/revolutionpadelstore.com\\\/wp-content\\\/uploads\\\/2026\\\/02\\\/revolution-padel-store.jpg\",\"contentUrl\":\"https:\\\/\\\/revolutionpadelstore.com\\\/wp-content\\\/uploads\\\/2026\\\/02\\\/revolution-padel-store.jpg\",\"width\":2000,\"height\":2000,\"caption\":\"Revolution Padel Store\"},\"image\":{\"@id\":\"https:\\\/\\\/revolutionpadelstore.com\\\/pt-pt\\\/#\\\/schema\\\/logo\\\/image\\\/\"},\"sameAs\":[\"https:\\\/\\\/www.instagram.com\\\/revolutionpadelstore\\\/\"]}]}<\/script>\n<!-- \/ Yoast SEO plugin. -->","yoast_head_json":{"title":"ADIDAS ADIPOWER CTRL EDT 2025 - Revolution Padel Store","description":"Adidas Adipower CTRL MTW Pro EDT 2025 \u2013 Pala de p\u00e1del profesional con control absoluto, carbono 18K, goma EVA High Memory y peso ajustable. Edici\u00f3n limitada firmada por \u00c1lex Ruiz. \u00a1C\u00f3mprala en Revolution Padel Store al mejor precio!","robots":{"index":"index","follow":"follow","max-snippet":"max-snippet:-1","max-image-preview":"max-image-preview:large","max-video-preview":"max-video-preview:-1"},"canonical":"https:\/\/revolutionpadelstore.com\/pt-pt\/produto\/adidas-adipower-ctrl-edt-2025\/","og_locale":"pt_PT","og_type":"article","og_title":"ADIDAS ADIPOWER CTRL EDT 2025 - Revolution Padel Store","og_description":"Adidas Adipower CTRL MTW Pro EDT 2025 \u2013 Pala de p\u00e1del profesional con control absoluto, carbono 18K, goma EVA High Memory y peso ajustable. Edici\u00f3n limitada firmada por \u00c1lex Ruiz. \u00a1C\u00f3mprala en Revolution Padel Store al mejor precio!","og_url":"https:\/\/revolutionpadelstore.com\/pt-pt\/produto\/adidas-adipower-ctrl-edt-2025\/","og_site_name":"Revolution Padel Store","article_modified_time":"2026-04-08T02:37:43+00:00","og_image":[{"width":1500,"height":1500,"url":"https:\/\/revolutionpadelstore.com\/wp-content\/uploads\/2025\/08\/117506-pala-adidas-adipower-ctrl-mtw-pro-edt-2025-ar1ca8u16-1500x1500-1.webp","type":"image\/webp"}],"twitter_card":"summary_large_image","twitter_misc":{"Tempo estimado de leitura":"2 minutos"},"schema":{"@context":"https:\/\/schema.org","@graph":[{"@type":"WebPage","@id":"https:\/\/revolutionpadelstore.com\/pt-pt\/produto\/adidas-adipower-ctrl-edt-2025\/","url":"https:\/\/revolutionpadelstore.com\/pt-pt\/produto\/adidas-adipower-ctrl-edt-2025\/","name":"ADIDAS ADIPOWER CTRL EDT 2025 - Revolution Padel Store","isPartOf":{"@id":"https:\/\/revolutionpadelstore.com\/pt-pt\/#website"},"primaryImageOfPage":{"@id":"https:\/\/revolutionpadelstore.com\/pt-pt\/produto\/adidas-adipower-ctrl-edt-2025\/#primaryimage"},"image":{"@id":"https:\/\/revolutionpadelstore.com\/pt-pt\/produto\/adidas-adipower-ctrl-edt-2025\/#primaryimage"},"thumbnailUrl":"https:\/\/revolutionpadelstore.com\/wp-content\/uploads\/2025\/08\/117506-pala-adidas-adipower-ctrl-mtw-pro-edt-2025-ar1ca8u16-1500x1500-1.webp","datePublished":"2025-08-10T09:52:40+00:00","dateModified":"2026-04-08T02:37:43+00:00","description":"Adidas Adipower CTRL MTW Pro EDT 2025 \u2013 Pala de p\u00e1del profesional con control absoluto, carbono 18K, goma EVA High Memory y peso ajustable. Edici\u00f3n limitada firmada por \u00c1lex Ruiz. \u00a1C\u00f3mprala en Revolution Padel Store al mejor precio!","breadcrumb":{"@id":"https:\/\/revolutionpadelstore.com\/pt-pt\/produto\/adidas-adipower-ctrl-edt-2025\/#breadcrumb"},"inLanguage":"pt-PT","potentialAction":[{"@type":"ReadAction","target":["https:\/\/revolutionpadelstore.com\/pt-pt\/produto\/adidas-adipower-ctrl-edt-2025\/"]}]},{"@type":"ImageObject","inLanguage":"pt-PT","@id":"https:\/\/revolutionpadelstore.com\/pt-pt\/produto\/adidas-adipower-ctrl-edt-2025\/#primaryimage","url":"https:\/\/revolutionpadelstore.com\/wp-content\/uploads\/2025\/08\/117506-pala-adidas-adipower-ctrl-mtw-pro-edt-2025-ar1ca8u16-1500x1500-1.webp","contentUrl":"https:\/\/revolutionpadelstore.com\/wp-content\/uploads\/2025\/08\/117506-pala-adidas-adipower-ctrl-mtw-pro-edt-2025-ar1ca8u16-1500x1500-1.webp","width":1500,"height":1500},{"@type":"BreadcrumbList","@id":"https:\/\/revolutionpadelstore.com\/pt-pt\/produto\/adidas-adipower-ctrl-edt-2025\/#breadcrumb","itemListElement":[{"@type":"ListItem","position":1,"name":"Portada","item":"https:\/\/revolutionpadelstore.com\/pt-pt\/"},{"@type":"ListItem","position":2,"name":"Tienda","item":"https:\/\/revolutionpadelstore.com\/pt-pt\/tienda\/"},{"@type":"ListItem","position":3,"name":"ADIDAS ADIPOWER CTRL EDT 2025"}]},{"@type":"WebSite","@id":"https:\/\/revolutionpadelstore.com\/pt-pt\/#website","url":"https:\/\/revolutionpadelstore.com\/pt-pt\/","name":"Revolution Padel Store","description":"","publisher":{"@id":"https:\/\/revolutionpadelstore.com\/pt-pt\/#organization"},"potentialAction":[{"@type":"SearchAction","target":{"@type":"EntryPoint","urlTemplate":"https:\/\/revolutionpadelstore.com\/pt-pt\/?s={search_term_string}"},"query-input":{"@type":"PropertyValueSpecification","valueRequired":true,"valueName":"search_term_string"}}],"inLanguage":"pt-PT"},{"@type":"Organization","@id":"https:\/\/revolutionpadelstore.com\/pt-pt\/#organization","name":"Revolution Padel Store","url":"https:\/\/revolutionpadelstore.com\/pt-pt\/","logo":{"@type":"ImageObject","inLanguage":"pt-PT","@id":"https:\/\/revolutionpadelstore.com\/pt-pt\/#\/schema\/logo\/image\/","url":"https:\/\/revolutionpadelstore.com\/wp-content\/uploads\/2026\/02\/revolution-padel-store.jpg","contentUrl":"https:\/\/revolutionpadelstore.com\/wp-content\/uploads\/2026\/02\/revolution-padel-store.jpg","width":2000,"height":2000,"caption":"Revolution Padel Store"},"image":{"@id":"https:\/\/revolutionpadelstore.com\/pt-pt\/#\/schema\/logo\/image\/"},"sameAs":["https:\/\/www.instagram.com\/revolutionpadelstore\/"]}]}},"_links":{"self":[{"href":"https:\/\/revolutionpadelstore.com\/pt-pt\/wp-json\/wp\/v2\/product\/264870","targetHints":{"allow":["GET"]}}],"collection":[{"href":"https:\/\/revolutionpadelstore.com\/pt-pt\/wp-json\/wp\/v2\/product"}],"about":[{"href":"https:\/\/revolutionpadelstore.com\/pt-pt\/wp-json\/wp\/v2\/types\/product"}],"replies":[{"embeddable":true,"href":"https:\/\/revolutionpadelstore.com\/pt-pt\/wp-json\/wp\/v2\/comments?post=264870"}],"wp:featuredmedia":[{"embeddable":true,"href":"https:\/\/revolutionpadelstore.com\/pt-pt\/wp-json\/wp\/v2\/media\/264877"}],"wp:attachment":[{"href":"https:\/\/revolutionpadelstore.com\/pt-pt\/wp-json\/wp\/v2\/media?parent=264870"}],"wp:term":[{"taxonomy":"acabado","embeddable":true,"href":"https:\/\/revolutionpadelstore.com\/pt-pt\/wp-json\/wp\/v2\/acabado?post=264870"},{"taxonomy":"balance","embeddable":true,"href":"https:\/\/revolutionpadelstore.com\/pt-pt\/wp-json\/wp\/v2\/balance?post=264870"},{"taxonomy":"dureza","embeddable":true,"href":"https:\/\/revolutionpadelstore.com\/pt-pt\/wp-json\/wp\/v2\/dureza?post=264870"},{"taxonomy":"forma","embeddable":true,"href":"https:\/\/revolutionpadelstore.com\/pt-pt\/wp-json\/wp\/v2\/forma?post=264870"},{"taxonomy":"jugador","embeddable":true,"href":"https:\/\/revolutionpadelstore.com\/pt-pt\/wp-json\/wp\/v2\/jugador?post=264870"},{"taxonomy":"marca","embeddable":true,"href":"https:\/\/revolutionpadelstore.com\/pt-pt\/wp-json\/wp\/v2\/marca?post=264870"},{"taxonomy":"nivel-de-juego","embeddable":true,"href":"https:\/\/revolutionpadelstore.com\/pt-pt\/wp-json\/wp\/v2\/nivel-de-juego?post=264870"},{"taxonomy":"superficie","embeddable":true,"href":"https:\/\/revolutionpadelstore.com\/pt-pt\/wp-json\/wp\/v2\/superficie?post=264870"},{"taxonomy":"tipo-de-juego","embeddable":true,"href":"https:\/\/revolutionpadelstore.com\/pt-pt\/wp-json\/wp\/v2\/tipo-de-juego?post=264870"},{"taxonomy":"product_brand","embeddable":true,"href":"https:\/\/revolutionpadelstore.com\/pt-pt\/wp-json\/wp\/v2\/product_brand?post=264870"},{"taxonomy":"product_cat","embeddable":true,"href":"https:\/\/revolutionpadelstore.com\/pt-pt\/wp-json\/wp\/v2\/product_cat?post=264870"},{"taxonomy":"product_tag","embeddable":true,"href":"https:\/\/revolutionpadelstore.com\/pt-pt\/wp-json\/wp\/v2\/product_tag?post=264870"}],"curies":[{"name":"wp","href":"https:\/\/api.w.org\/{rel}","templated":true}]}}