{"id":264492,"date":"2025-07-19T09:11:45","date_gmt":"2025-07-19T07:11:45","guid":{"rendered":"https:\/\/revolutionpadelstore.com\/falda-bullpadel-dalia-mujer\/"},"modified":"2026-04-08T04:42:20","modified_gmt":"2026-04-08T02:42:20","slug":"falda-bullpadel-dalia-mujer-5","status":"publish","type":"product","link":"https:\/\/revolutionpadelstore.com\/pt-pt\/produto\/falda-bullpadel-dalia-mujer-5\/","title":{"rendered":"FALDA BULLPADEL DALIA MUJER"},"content":{"rendered":"<h2>Saia feminina Bullpadel Dalia \u2013 Conforto, estilo e desempenho na quadra<\/h2>\n<p>Domine a quadra com a <strong>saia feminina Bullpadel Dalia<\/strong>, pe\u00e7a essencial para jogadoras que buscam conforto, liberdade de movimentos e estilo moderno. Desenhada por uma das marcas mais reconhecidas do mundo do padel, a Bullpadel, esta saia combina materiais de alta qualidade com tecnologia avan\u00e7ada para maximizar o seu desempenho.<\/p>\n<h2> Recursos em destaque<\/h2>\n<p><strong>-Design lisonjeiro:<\/strong> Cintura alta e malha interna que estilizam a figura feminina e oferecem maior sustenta\u00e7\u00e3o.<\/p>\n<p><strong>Liberdade de movimentos:<\/strong> Abertura frontal e tecido microperfurado nas costas para mobilidade irrestrita.<\/p>\n<p><strong>Tecnologia Drynamic:<\/strong> Sistema de secagem r\u00e1pida que reduz a umidade e melhora a transpira\u00e7\u00e3o para mant\u00ea-lo fresco e seco durante todo o jogo.<\/p>\n<p><strong>-Delfi Brea Label:<\/strong> Selo de qualidade que garante o uso profissional e alto desempenho do produto.<\/p>\n<p><strong>-Materiais premium:<\/strong> Fabricado em poli\u00e9ster el\u00e1stico e jersey de elastano, macio ao toque e altamente resistente ao uso esportivo.<\/p>\n<h2> Ideal para jogadores exigentes<\/h2>\n<p>Esta saia desportiva foi desenhada para mulheres que treinam ou competem regularmente e n\u00e3o querem abrir m\u00e3o da eleg\u00e2ncia ou do conforto. Seu design t\u00e9cnico permite adaptar-se ao corpo e movimentar-se com total liberdade, enquanto sua est\u00e9tica refinada proporciona um visual profissional e moderno na quadra.<\/p>\n<h2> Vantagens de escolher a saia Bullpadel Dalia<\/h2>\n<p>-Combin\u00e1vel com qualquer t-shirt ou top de padel.<\/p>\n<p>-Excelente respirabilidade mesmo nos treinos mais intensos.<\/p>\n<p>-Marca reconhecida por jogadores profissionais.<\/p>\n<p>-Perfeito para competi\u00e7\u00e3o e uso recreativo.<\/p>\n<h2> Fa\u00e7a o download agora!<\/h2>\n<p>N\u00e3o perca a oportunidade de melhorar o seu equipamento com esta saia Bullpadel. Compre em <strong><a href=\"http:\/\/www.revolutionpadelstore.com\/\">www.revolutionpadelstore.com<\/a><\/strong>, provavelmente pelo <strong>melhor pre\u00e7o do mercado<\/strong> e com entrega r\u00e1pida garantida.<\/p>\n<h2>Falda Bullpadel Dalia Mujer \u2013 Confort, Estilo y Rendimiento en la Pista<\/h2>\n","protected":false},"excerpt":{"rendered":"<p><strong data-start=\"51\" data-end=\"87\">Saia Bullpadel Dalia para mulher<\/strong>, desenhada com um tecido el\u00e1stico de poli\u00e9ster que incorpora a tecnologia <strong data-start=\"162\" data-end=\"174\">Drynamic<\/strong>, que promove uma secagem r\u00e1pida. Faz parte da cole\u00e7\u00e3o com o selo <strong data-start=\"255\" data-end=\"269\" data-is-only-node=\"\">Delfi Brea<\/strong>.<strong data-start=\"51\" data-end=\"87\">Falda Bullpadel Dalia para mujer<\/strong><\/p>\n","protected":false},"featured_media":264483,"comment_status":"open","ping_status":"closed","template":"","meta":{"_acf_changed":false,"_joinchat":[]},"acabado":[],"balance":[],"dureza":[],"forma":[],"jugador":[],"marca":[1255],"nivel-de-juego":[],"superficie":[],"tipo-de-juego":[],"product_brand":[],"product_cat":[330],"product_tag":[],"class_list":{"0":"post-264492","1":"product","2":"type-product","3":"status-publish","4":"has-post-thumbnail","6":"marca-bullpadel-pt-pt","7":"product_cat-roupa","9":"first","10":"outofstock","11":"sale","12":"taxable","13":"shipping-taxable","14":"purchasable","15":"product-type-variable"},"acf":[],"yoast_head":"<!-- This site is optimized with the Yoast SEO plugin v27.4 - https:\/\/yoast.com\/product\/yoast-seo-wordpress\/ -->\n<title>FALDA BULLPADEL DALIA MUJER - Revolution Padel Store<\/title>\n<meta name=\"description\" content=\"Compra la Falda Bullpadel Dalia Mujer en Revolution Padel Store. Comodidad, transpirabilidad y dise\u00f1o profesional con tecnolog\u00eda Drynamic. \u00a1Disponible al mejor precio!\" \/>\n<meta name=\"robots\" content=\"index, follow, max-snippet:-1, max-image-preview:large, max-video-preview:-1\" \/>\n<link rel=\"canonical\" href=\"https:\/\/revolutionpadelstore.com\/pt-pt\/produto\/falda-bullpadel-dalia-mujer-5\/\" \/>\n<meta property=\"og:locale\" content=\"pt_PT\" \/>\n<meta property=\"og:type\" content=\"article\" \/>\n<meta property=\"og:title\" content=\"FALDA BULLPADEL DALIA MUJER - Revolution Padel Store\" \/>\n<meta property=\"og:description\" content=\"Compra la Falda Bullpadel Dalia Mujer en Revolution Padel Store. Comodidad, transpirabilidad y dise\u00f1o profesional con tecnolog\u00eda Drynamic. \u00a1Disponible al mejor precio!\" \/>\n<meta property=\"og:url\" content=\"https:\/\/revolutionpadelstore.com\/pt-pt\/produto\/falda-bullpadel-dalia-mujer-5\/\" \/>\n<meta property=\"og:site_name\" content=\"Revolution Padel Store\" \/>\n<meta property=\"article:modified_time\" content=\"2026-04-08T02:42:20+00:00\" \/>\n<meta property=\"og:image\" content=\"https:\/\/revolutionpadelstore.com\/wp-content\/uploads\/2025\/07\/114365_falda_basica_bullpadel_dalia_031_azul_tinta_1200x1200_1_face.webp\" \/>\n\t<meta property=\"og:image:width\" content=\"1200\" \/>\n\t<meta property=\"og:image:height\" content=\"1200\" \/>\n\t<meta property=\"og:image:type\" content=\"image\/webp\" \/>\n<meta name=\"twitter:card\" content=\"summary_large_image\" \/>\n<meta name=\"twitter:label1\" content=\"Tempo estimado de leitura\" \/>\n\t<meta name=\"twitter:data1\" content=\"1 minuto\" \/>\n<script type=\"application\/ld+json\" class=\"yoast-schema-graph\">{\"@context\":\"https:\\\/\\\/schema.org\",\"@graph\":[{\"@type\":\"WebPage\",\"@id\":\"https:\\\/\\\/revolutionpadelstore.com\\\/pt-pt\\\/produto\\\/falda-bullpadel-dalia-mujer-5\\\/\",\"url\":\"https:\\\/\\\/revolutionpadelstore.com\\\/pt-pt\\\/produto\\\/falda-bullpadel-dalia-mujer-5\\\/\",\"name\":\"FALDA BULLPADEL DALIA MUJER - Revolution Padel Store\",\"isPartOf\":{\"@id\":\"https:\\\/\\\/revolutionpadelstore.com\\\/pt-pt\\\/#website\"},\"primaryImageOfPage\":{\"@id\":\"https:\\\/\\\/revolutionpadelstore.com\\\/pt-pt\\\/produto\\\/falda-bullpadel-dalia-mujer-5\\\/#primaryimage\"},\"image\":{\"@id\":\"https:\\\/\\\/revolutionpadelstore.com\\\/pt-pt\\\/produto\\\/falda-bullpadel-dalia-mujer-5\\\/#primaryimage\"},\"thumbnailUrl\":\"https:\\\/\\\/revolutionpadelstore.com\\\/wp-content\\\/uploads\\\/2025\\\/07\\\/114365_falda_basica_bullpadel_dalia_031_azul_tinta_1200x1200_1_face.webp\",\"datePublished\":\"2025-07-19T07:11:45+00:00\",\"dateModified\":\"2026-04-08T02:42:20+00:00\",\"description\":\"Compra la Falda Bullpadel Dalia Mujer en Revolution Padel Store. Comodidad, transpirabilidad y dise\u00f1o profesional con tecnolog\u00eda Drynamic. \u00a1Disponible al mejor precio!\",\"breadcrumb\":{\"@id\":\"https:\\\/\\\/revolutionpadelstore.com\\\/pt-pt\\\/produto\\\/falda-bullpadel-dalia-mujer-5\\\/#breadcrumb\"},\"inLanguage\":\"pt-PT\",\"potentialAction\":[{\"@type\":\"ReadAction\",\"target\":[\"https:\\\/\\\/revolutionpadelstore.com\\\/pt-pt\\\/produto\\\/falda-bullpadel-dalia-mujer-5\\\/\"]}]},{\"@type\":\"ImageObject\",\"inLanguage\":\"pt-PT\",\"@id\":\"https:\\\/\\\/revolutionpadelstore.com\\\/pt-pt\\\/produto\\\/falda-bullpadel-dalia-mujer-5\\\/#primaryimage\",\"url\":\"https:\\\/\\\/revolutionpadelstore.com\\\/wp-content\\\/uploads\\\/2025\\\/07\\\/114365_falda_basica_bullpadel_dalia_031_azul_tinta_1200x1200_1_face.webp\",\"contentUrl\":\"https:\\\/\\\/revolutionpadelstore.com\\\/wp-content\\\/uploads\\\/2025\\\/07\\\/114365_falda_basica_bullpadel_dalia_031_azul_tinta_1200x1200_1_face.webp\",\"width\":1200,\"height\":1200},{\"@type\":\"BreadcrumbList\",\"@id\":\"https:\\\/\\\/revolutionpadelstore.com\\\/pt-pt\\\/produto\\\/falda-bullpadel-dalia-mujer-5\\\/#breadcrumb\",\"itemListElement\":[{\"@type\":\"ListItem\",\"position\":1,\"name\":\"Portada\",\"item\":\"https:\\\/\\\/revolutionpadelstore.com\\\/pt-pt\\\/\"},{\"@type\":\"ListItem\",\"position\":2,\"name\":\"Tienda\",\"item\":\"https:\\\/\\\/revolutionpadelstore.com\\\/pt-pt\\\/tienda\\\/\"},{\"@type\":\"ListItem\",\"position\":3,\"name\":\"FALDA BULLPADEL DALIA MUJER\"}]},{\"@type\":\"WebSite\",\"@id\":\"https:\\\/\\\/revolutionpadelstore.com\\\/pt-pt\\\/#website\",\"url\":\"https:\\\/\\\/revolutionpadelstore.com\\\/pt-pt\\\/\",\"name\":\"Revolution Padel Store\",\"description\":\"\",\"publisher\":{\"@id\":\"https:\\\/\\\/revolutionpadelstore.com\\\/pt-pt\\\/#organization\"},\"potentialAction\":[{\"@type\":\"SearchAction\",\"target\":{\"@type\":\"EntryPoint\",\"urlTemplate\":\"https:\\\/\\\/revolutionpadelstore.com\\\/pt-pt\\\/?s={search_term_string}\"},\"query-input\":{\"@type\":\"PropertyValueSpecification\",\"valueRequired\":true,\"valueName\":\"search_term_string\"}}],\"inLanguage\":\"pt-PT\"},{\"@type\":\"Organization\",\"@id\":\"https:\\\/\\\/revolutionpadelstore.com\\\/pt-pt\\\/#organization\",\"name\":\"Revolution Padel Store\",\"url\":\"https:\\\/\\\/revolutionpadelstore.com\\\/pt-pt\\\/\",\"logo\":{\"@type\":\"ImageObject\",\"inLanguage\":\"pt-PT\",\"@id\":\"https:\\\/\\\/revolutionpadelstore.com\\\/pt-pt\\\/#\\\/schema\\\/logo\\\/image\\\/\",\"url\":\"https:\\\/\\\/revolutionpadelstore.com\\\/wp-content\\\/uploads\\\/2026\\\/02\\\/revolution-padel-store.jpg\",\"contentUrl\":\"https:\\\/\\\/revolutionpadelstore.com\\\/wp-content\\\/uploads\\\/2026\\\/02\\\/revolution-padel-store.jpg\",\"width\":2000,\"height\":2000,\"caption\":\"Revolution Padel Store\"},\"image\":{\"@id\":\"https:\\\/\\\/revolutionpadelstore.com\\\/pt-pt\\\/#\\\/schema\\\/logo\\\/image\\\/\"},\"sameAs\":[\"https:\\\/\\\/www.instagram.com\\\/revolutionpadelstore\\\/\"]}]}<\/script>\n<!-- \/ Yoast SEO plugin. -->","yoast_head_json":{"title":"FALDA BULLPADEL DALIA MUJER - Revolution Padel Store","description":"Compra la Falda Bullpadel Dalia Mujer en Revolution Padel Store. Comodidad, transpirabilidad y dise\u00f1o profesional con tecnolog\u00eda Drynamic. \u00a1Disponible al mejor precio!","robots":{"index":"index","follow":"follow","max-snippet":"max-snippet:-1","max-image-preview":"max-image-preview:large","max-video-preview":"max-video-preview:-1"},"canonical":"https:\/\/revolutionpadelstore.com\/pt-pt\/produto\/falda-bullpadel-dalia-mujer-5\/","og_locale":"pt_PT","og_type":"article","og_title":"FALDA BULLPADEL DALIA MUJER - Revolution Padel Store","og_description":"Compra la Falda Bullpadel Dalia Mujer en Revolution Padel Store. Comodidad, transpirabilidad y dise\u00f1o profesional con tecnolog\u00eda Drynamic. \u00a1Disponible al mejor precio!","og_url":"https:\/\/revolutionpadelstore.com\/pt-pt\/produto\/falda-bullpadel-dalia-mujer-5\/","og_site_name":"Revolution Padel Store","article_modified_time":"2026-04-08T02:42:20+00:00","og_image":[{"width":1200,"height":1200,"url":"https:\/\/revolutionpadelstore.com\/wp-content\/uploads\/2025\/07\/114365_falda_basica_bullpadel_dalia_031_azul_tinta_1200x1200_1_face.webp","type":"image\/webp"}],"twitter_card":"summary_large_image","twitter_misc":{"Tempo estimado de leitura":"1 minuto"},"schema":{"@context":"https:\/\/schema.org","@graph":[{"@type":"WebPage","@id":"https:\/\/revolutionpadelstore.com\/pt-pt\/produto\/falda-bullpadel-dalia-mujer-5\/","url":"https:\/\/revolutionpadelstore.com\/pt-pt\/produto\/falda-bullpadel-dalia-mujer-5\/","name":"FALDA BULLPADEL DALIA MUJER - Revolution Padel Store","isPartOf":{"@id":"https:\/\/revolutionpadelstore.com\/pt-pt\/#website"},"primaryImageOfPage":{"@id":"https:\/\/revolutionpadelstore.com\/pt-pt\/produto\/falda-bullpadel-dalia-mujer-5\/#primaryimage"},"image":{"@id":"https:\/\/revolutionpadelstore.com\/pt-pt\/produto\/falda-bullpadel-dalia-mujer-5\/#primaryimage"},"thumbnailUrl":"https:\/\/revolutionpadelstore.com\/wp-content\/uploads\/2025\/07\/114365_falda_basica_bullpadel_dalia_031_azul_tinta_1200x1200_1_face.webp","datePublished":"2025-07-19T07:11:45+00:00","dateModified":"2026-04-08T02:42:20+00:00","description":"Compra la Falda Bullpadel Dalia Mujer en Revolution Padel Store. Comodidad, transpirabilidad y dise\u00f1o profesional con tecnolog\u00eda Drynamic. \u00a1Disponible al mejor precio!","breadcrumb":{"@id":"https:\/\/revolutionpadelstore.com\/pt-pt\/produto\/falda-bullpadel-dalia-mujer-5\/#breadcrumb"},"inLanguage":"pt-PT","potentialAction":[{"@type":"ReadAction","target":["https:\/\/revolutionpadelstore.com\/pt-pt\/produto\/falda-bullpadel-dalia-mujer-5\/"]}]},{"@type":"ImageObject","inLanguage":"pt-PT","@id":"https:\/\/revolutionpadelstore.com\/pt-pt\/produto\/falda-bullpadel-dalia-mujer-5\/#primaryimage","url":"https:\/\/revolutionpadelstore.com\/wp-content\/uploads\/2025\/07\/114365_falda_basica_bullpadel_dalia_031_azul_tinta_1200x1200_1_face.webp","contentUrl":"https:\/\/revolutionpadelstore.com\/wp-content\/uploads\/2025\/07\/114365_falda_basica_bullpadel_dalia_031_azul_tinta_1200x1200_1_face.webp","width":1200,"height":1200},{"@type":"BreadcrumbList","@id":"https:\/\/revolutionpadelstore.com\/pt-pt\/produto\/falda-bullpadel-dalia-mujer-5\/#breadcrumb","itemListElement":[{"@type":"ListItem","position":1,"name":"Portada","item":"https:\/\/revolutionpadelstore.com\/pt-pt\/"},{"@type":"ListItem","position":2,"name":"Tienda","item":"https:\/\/revolutionpadelstore.com\/pt-pt\/tienda\/"},{"@type":"ListItem","position":3,"name":"FALDA BULLPADEL DALIA MUJER"}]},{"@type":"WebSite","@id":"https:\/\/revolutionpadelstore.com\/pt-pt\/#website","url":"https:\/\/revolutionpadelstore.com\/pt-pt\/","name":"Revolution Padel Store","description":"","publisher":{"@id":"https:\/\/revolutionpadelstore.com\/pt-pt\/#organization"},"potentialAction":[{"@type":"SearchAction","target":{"@type":"EntryPoint","urlTemplate":"https:\/\/revolutionpadelstore.com\/pt-pt\/?s={search_term_string}"},"query-input":{"@type":"PropertyValueSpecification","valueRequired":true,"valueName":"search_term_string"}}],"inLanguage":"pt-PT"},{"@type":"Organization","@id":"https:\/\/revolutionpadelstore.com\/pt-pt\/#organization","name":"Revolution Padel Store","url":"https:\/\/revolutionpadelstore.com\/pt-pt\/","logo":{"@type":"ImageObject","inLanguage":"pt-PT","@id":"https:\/\/revolutionpadelstore.com\/pt-pt\/#\/schema\/logo\/image\/","url":"https:\/\/revolutionpadelstore.com\/wp-content\/uploads\/2026\/02\/revolution-padel-store.jpg","contentUrl":"https:\/\/revolutionpadelstore.com\/wp-content\/uploads\/2026\/02\/revolution-padel-store.jpg","width":2000,"height":2000,"caption":"Revolution Padel Store"},"image":{"@id":"https:\/\/revolutionpadelstore.com\/pt-pt\/#\/schema\/logo\/image\/"},"sameAs":["https:\/\/www.instagram.com\/revolutionpadelstore\/"]}]}},"_links":{"self":[{"href":"https:\/\/revolutionpadelstore.com\/pt-pt\/wp-json\/wp\/v2\/product\/264492","targetHints":{"allow":["GET"]}}],"collection":[{"href":"https:\/\/revolutionpadelstore.com\/pt-pt\/wp-json\/wp\/v2\/product"}],"about":[{"href":"https:\/\/revolutionpadelstore.com\/pt-pt\/wp-json\/wp\/v2\/types\/product"}],"replies":[{"embeddable":true,"href":"https:\/\/revolutionpadelstore.com\/pt-pt\/wp-json\/wp\/v2\/comments?post=264492"}],"wp:featuredmedia":[{"embeddable":true,"href":"https:\/\/revolutionpadelstore.com\/pt-pt\/wp-json\/wp\/v2\/media\/264483"}],"wp:attachment":[{"href":"https:\/\/revolutionpadelstore.com\/pt-pt\/wp-json\/wp\/v2\/media?parent=264492"}],"wp:term":[{"taxonomy":"acabado","embeddable":true,"href":"https:\/\/revolutionpadelstore.com\/pt-pt\/wp-json\/wp\/v2\/acabado?post=264492"},{"taxonomy":"balance","embeddable":true,"href":"https:\/\/revolutionpadelstore.com\/pt-pt\/wp-json\/wp\/v2\/balance?post=264492"},{"taxonomy":"dureza","embeddable":true,"href":"https:\/\/revolutionpadelstore.com\/pt-pt\/wp-json\/wp\/v2\/dureza?post=264492"},{"taxonomy":"forma","embeddable":true,"href":"https:\/\/revolutionpadelstore.com\/pt-pt\/wp-json\/wp\/v2\/forma?post=264492"},{"taxonomy":"jugador","embeddable":true,"href":"https:\/\/revolutionpadelstore.com\/pt-pt\/wp-json\/wp\/v2\/jugador?post=264492"},{"taxonomy":"marca","embeddable":true,"href":"https:\/\/revolutionpadelstore.com\/pt-pt\/wp-json\/wp\/v2\/marca?post=264492"},{"taxonomy":"nivel-de-juego","embeddable":true,"href":"https:\/\/revolutionpadelstore.com\/pt-pt\/wp-json\/wp\/v2\/nivel-de-juego?post=264492"},{"taxonomy":"superficie","embeddable":true,"href":"https:\/\/revolutionpadelstore.com\/pt-pt\/wp-json\/wp\/v2\/superficie?post=264492"},{"taxonomy":"tipo-de-juego","embeddable":true,"href":"https:\/\/revolutionpadelstore.com\/pt-pt\/wp-json\/wp\/v2\/tipo-de-juego?post=264492"},{"taxonomy":"product_brand","embeddable":true,"href":"https:\/\/revolutionpadelstore.com\/pt-pt\/wp-json\/wp\/v2\/product_brand?post=264492"},{"taxonomy":"product_cat","embeddable":true,"href":"https:\/\/revolutionpadelstore.com\/pt-pt\/wp-json\/wp\/v2\/product_cat?post=264492"},{"taxonomy":"product_tag","embeddable":true,"href":"https:\/\/revolutionpadelstore.com\/pt-pt\/wp-json\/wp\/v2\/product_tag?post=264492"}],"curies":[{"name":"wp","href":"https:\/\/api.w.org\/{rel}","templated":true}]}}