{"id":263755,"date":"2025-06-13T17:36:15","date_gmt":"2025-06-13T15:36:15","guid":{"rendered":"https:\/\/revolutionpadelstore.com\/?post_type=product&#038;p=263755"},"modified":"2026-04-08T04:53:52","modified_gmt":"2026-04-08T02:53:52","slug":"adidas-metalbone-pro-edt-2025-ale-galan","status":"publish","type":"product","link":"https:\/\/revolutionpadelstore.com\/pt-pt\/produto\/adidas-metalbone-pro-edt-2025-ale-galan\/","title":{"rendered":"ADIDAS METALBONE PRO EDT 2025. ALE GALAN"},"content":{"rendered":"<h2>Adidas Metalbone Pro EDT 2025 &#8211; Ale Gal\u00e1n. Pot\u00eancia, precis\u00e3o e personaliza\u00e7\u00e3o<\/h2>\n<p>A <strong>Adidas Metalbone Pro EDT 2025<\/strong> \u00e9 a raquete pensada para os jogadores mais exigentes que buscam dominar a quadra com golpes poderosos e controlados. Utilizada pelo n\u00famero um do mundo, <strong>Ale Gal\u00e1n<\/strong>, esta raquete de padel profissional oferece um equil\u00edbrio perfeito entre pot\u00eancia explosiva e precis\u00e3o cir\u00fargica, tornando-se a aliada ideal tanto na rede como no fundo da quadra.<\/p>\n<h2>Tecnologias e materiais de \u00faltima gera\u00e7\u00e3o<\/h2>\n<p style=\"padding-left: 40px\"><strong>-Forma de diamante e alto equil\u00edbrio<\/strong>: orientado para um jogo ofensivo e agressivo.<\/p>\n<p style=\"padding-left: 40px\"><strong>Carbono aluminizado -16K<\/strong>: oferece maior firmeza, durabilidade e resposta imediata em cada golpe.<\/p>\n<p style=\"padding-left: 40px\"><strong>-Sistema de peso e equil\u00edbrio personaliz\u00e1vel<\/strong>: ajuste o peso e o equil\u00edbrio da raquete de acordo com seu estilo de jogo.<\/p>\n<p style=\"padding-left: 40px\"><strong>-Estrutura octogonal<\/strong>: fornece maior rigidez e estabilidade para maximizar a pot\u00eancia.<\/p>\n<p style=\"padding-left: 40px\"><strong>-N\u00facleo EVA Soft Performance<\/strong>: excelente sa\u00edda de bola com grande conforto.<\/p>\n<p style=\"padding-left: 40px\"><strong>-Spin Blade Low Poly<\/strong>: superf\u00edcie \u00e1spera que potencializa os efeitos e varia\u00e7\u00f5es da batida.<\/p>\n<p style=\"padding-left: 40px\"><strong>Perfil de -38 mm e peso entre 345 e 360 gramas<\/strong>: m\u00e1xima adaptabilidade para jogadores avan\u00e7ados.<\/p>\n<h2>Projetado para jogadores profissionais e avan\u00e7ados<\/h2>\n<p>O <strong>Adidas Metalbone Pro EDT 2025<\/strong> \u00e9 perfeito para jogadores de padel de n\u00edvel avan\u00e7ado ou profissional que procuram:<\/p>\n<p style=\"padding-left: 40px\"><strong>-Acertos agressivos sem sacrificar o controle.<\/strong><\/p>\n<p style=\"padding-left: 40px\"><strong>-\u00d3tima rota\u00e7\u00e3o da bola gra\u00e7as ao acabamento \u00e1spero.<\/strong><\/p>\n<p style=\"padding-left: 40px\"><strong>-Personaliza\u00e7\u00e3o total do equil\u00edbrio para adaptar a raquete a cada situa\u00e7\u00e3o de jogo.<\/strong><\/p>\n<p style=\"padding-left: 40px\"><strong>-Durabilidade e desempenho superior com carbono premium.<\/strong><\/p>\n<h2>Edi\u00e7\u00e3o limitada inspirada em Ale Gal\u00e1n<\/h2>\n<p>Esta raquete de padel Adidas \u00e9 uma <strong>edi\u00e7\u00e3o limitada exclusiva<\/strong>, desenvolvida para imitar o estilo de jogo de Ale Gal\u00e1n. Seu design elegante, aliado \u00e0 mais alta tecnologia Adidas P\u00e1del, torna-o um produto altamente cobi\u00e7ado no mercado de raquetes de padel profissionais.<\/p>\n<h2>Principais benef\u00edcios<\/h2>\n<p style=\"padding-left: 40px\">-Pot\u00eancia m\u00e1xima controlada.<\/p>\n<p style=\"padding-left: 40px\">-Tecnologia Spin Blade para melhores efeitos.<\/p>\n<p style=\"padding-left: 40px\">-Personaliza\u00e7\u00e3o avan\u00e7ada de peso e equil\u00edbrio.<\/p>\n<p style=\"padding-left: 40px\">-Alta durabilidade com carbono aluminizado 16K.<\/p>\n<p style=\"padding-left: 40px\">-Conforto impressionante gra\u00e7as ao n\u00facleo EVA Soft Performance.<\/p>\n<p><strong>Compre agora o Adidas Metalbone Pro EDT 2025 em <a href=\"http:\/\/www.revolutionpadelstore.com\/\">www.revolutionpadelstore.com<\/a>, provavelmente com o melhor pre\u00e7o do mercado, e leve seu jogo para o pr\u00f3ximo n\u00edvel com a raquete de padel oficial Ale Gal\u00e1n.<\/strong><\/p>\n","protected":false},"excerpt":{"rendered":"<p>Raquete de alto desempenho para jogo ofensivo, equipada com sistema de ajuste de peso e equil\u00edbrio, carbono 16K, n\u00facleo de borracha Soft EVA e acabamento rugoso. Edi\u00e7\u00e3o exclusiva de Ale Gal\u00e1n, desenhada para oferecer pot\u00eancia m\u00e1xima e controle otimizado.<\/p>\n","protected":false},"featured_media":263761,"comment_status":"open","ping_status":"closed","template":"","meta":{"_acf_changed":false,"_joinchat":[]},"acabado":[1105],"balance":[1135],"dureza":[1160,1155],"forma":[1170],"jugador":[1190],"marca":[1230],"nivel-de-juego":[1335],"superficie":[1360],"tipo-de-juego":[1375],"product_brand":[],"product_cat":[300],"product_tag":[],"class_list":{"0":"post-263755","1":"product","2":"type-product","3":"status-publish","4":"has-post-thumbnail","6":"acabado-rugoso-pt-pt","7":"balance-alto-pt-pt","8":"dureza-dura-pt-pt","9":"dureza-media-pt-pt","10":"forma-diamante-pt-pt","11":"jugador-homem","12":"marca-adidas-pt-pt","13":"superficie-rugosa-pt-pt","14":"tipo-de-juego-poder","15":"product_cat-palas","17":"first","18":"outofstock","19":"sale","20":"taxable","21":"shipping-taxable","22":"purchasable","23":"product-type-simple"},"acf":[],"yoast_head":"<!-- This site is optimized with the Yoast SEO plugin v27.4 - https:\/\/yoast.com\/product\/yoast-seo-wordpress\/ -->\n<title>ADIDAS METALBONE PRO EDT 2025. ALE GALAN - Revolution Padel Store<\/title>\n<meta name=\"description\" content=\"Adidas Metalbone Pro EDT 2025, la pala de p\u00e1del profesional de Ale Gal\u00e1n. Potencia, control, efectos y personalizaci\u00f3n total. Compra online en Revolution Padel Store al mejor precio.\" \/>\n<meta name=\"robots\" content=\"index, follow, max-snippet:-1, max-image-preview:large, max-video-preview:-1\" \/>\n<link rel=\"canonical\" href=\"https:\/\/revolutionpadelstore.com\/pt-pt\/produto\/adidas-metalbone-pro-edt-2025-ale-galan\/\" \/>\n<meta property=\"og:locale\" content=\"pt_PT\" \/>\n<meta property=\"og:type\" content=\"article\" \/>\n<meta property=\"og:title\" content=\"ADIDAS METALBONE PRO EDT 2025. ALE GALAN - Revolution Padel Store\" \/>\n<meta property=\"og:description\" content=\"Adidas Metalbone Pro EDT 2025, la pala de p\u00e1del profesional de Ale Gal\u00e1n. Potencia, control, efectos y personalizaci\u00f3n total. Compra online en Revolution Padel Store al mejor precio.\" \/>\n<meta property=\"og:url\" content=\"https:\/\/revolutionpadelstore.com\/pt-pt\/produto\/adidas-metalbone-pro-edt-2025-ale-galan\/\" \/>\n<meta property=\"og:site_name\" content=\"Revolution Padel Store\" \/>\n<meta property=\"article:modified_time\" content=\"2026-04-08T02:53:52+00:00\" \/>\n<meta property=\"og:image\" content=\"https:\/\/revolutionpadelstore.com\/wp-content\/uploads\/2025\/06\/117508-pala-adidas-metalbone-pro-edt-2025-ar1aa4u11-1500x1500-1.webp\" \/>\n\t<meta property=\"og:image:width\" content=\"1500\" \/>\n\t<meta property=\"og:image:height\" content=\"1500\" \/>\n\t<meta property=\"og:image:type\" content=\"image\/webp\" \/>\n<meta name=\"twitter:card\" content=\"summary_large_image\" \/>\n<meta name=\"twitter:label1\" content=\"Tempo estimado de leitura\" \/>\n\t<meta name=\"twitter:data1\" content=\"2 minutos\" \/>\n<script type=\"application\/ld+json\" class=\"yoast-schema-graph\">{\"@context\":\"https:\\\/\\\/schema.org\",\"@graph\":[{\"@type\":\"WebPage\",\"@id\":\"https:\\\/\\\/revolutionpadelstore.com\\\/pt-pt\\\/produto\\\/adidas-metalbone-pro-edt-2025-ale-galan\\\/\",\"url\":\"https:\\\/\\\/revolutionpadelstore.com\\\/pt-pt\\\/produto\\\/adidas-metalbone-pro-edt-2025-ale-galan\\\/\",\"name\":\"ADIDAS METALBONE PRO EDT 2025. ALE GALAN - Revolution Padel Store\",\"isPartOf\":{\"@id\":\"https:\\\/\\\/revolutionpadelstore.com\\\/pt-pt\\\/#website\"},\"primaryImageOfPage\":{\"@id\":\"https:\\\/\\\/revolutionpadelstore.com\\\/pt-pt\\\/produto\\\/adidas-metalbone-pro-edt-2025-ale-galan\\\/#primaryimage\"},\"image\":{\"@id\":\"https:\\\/\\\/revolutionpadelstore.com\\\/pt-pt\\\/produto\\\/adidas-metalbone-pro-edt-2025-ale-galan\\\/#primaryimage\"},\"thumbnailUrl\":\"https:\\\/\\\/revolutionpadelstore.com\\\/wp-content\\\/uploads\\\/2025\\\/06\\\/117508-pala-adidas-metalbone-pro-edt-2025-ar1aa4u11-1500x1500-1.webp\",\"datePublished\":\"2025-06-13T15:36:15+00:00\",\"dateModified\":\"2026-04-08T02:53:52+00:00\",\"description\":\"Adidas Metalbone Pro EDT 2025, la pala de p\u00e1del profesional de Ale Gal\u00e1n. Potencia, control, efectos y personalizaci\u00f3n total. Compra online en Revolution Padel Store al mejor precio.\",\"breadcrumb\":{\"@id\":\"https:\\\/\\\/revolutionpadelstore.com\\\/pt-pt\\\/produto\\\/adidas-metalbone-pro-edt-2025-ale-galan\\\/#breadcrumb\"},\"inLanguage\":\"pt-PT\",\"potentialAction\":[{\"@type\":\"ReadAction\",\"target\":[\"https:\\\/\\\/revolutionpadelstore.com\\\/pt-pt\\\/produto\\\/adidas-metalbone-pro-edt-2025-ale-galan\\\/\"]}]},{\"@type\":\"ImageObject\",\"inLanguage\":\"pt-PT\",\"@id\":\"https:\\\/\\\/revolutionpadelstore.com\\\/pt-pt\\\/produto\\\/adidas-metalbone-pro-edt-2025-ale-galan\\\/#primaryimage\",\"url\":\"https:\\\/\\\/revolutionpadelstore.com\\\/wp-content\\\/uploads\\\/2025\\\/06\\\/117508-pala-adidas-metalbone-pro-edt-2025-ar1aa4u11-1500x1500-1.webp\",\"contentUrl\":\"https:\\\/\\\/revolutionpadelstore.com\\\/wp-content\\\/uploads\\\/2025\\\/06\\\/117508-pala-adidas-metalbone-pro-edt-2025-ar1aa4u11-1500x1500-1.webp\",\"width\":1500,\"height\":1500},{\"@type\":\"BreadcrumbList\",\"@id\":\"https:\\\/\\\/revolutionpadelstore.com\\\/pt-pt\\\/produto\\\/adidas-metalbone-pro-edt-2025-ale-galan\\\/#breadcrumb\",\"itemListElement\":[{\"@type\":\"ListItem\",\"position\":1,\"name\":\"Portada\",\"item\":\"https:\\\/\\\/revolutionpadelstore.com\\\/pt-pt\\\/\"},{\"@type\":\"ListItem\",\"position\":2,\"name\":\"Tienda\",\"item\":\"https:\\\/\\\/revolutionpadelstore.com\\\/pt-pt\\\/tienda\\\/\"},{\"@type\":\"ListItem\",\"position\":3,\"name\":\"ADIDAS METALBONE PRO EDT 2025. ALE GALAN\"}]},{\"@type\":\"WebSite\",\"@id\":\"https:\\\/\\\/revolutionpadelstore.com\\\/pt-pt\\\/#website\",\"url\":\"https:\\\/\\\/revolutionpadelstore.com\\\/pt-pt\\\/\",\"name\":\"Revolution Padel Store\",\"description\":\"\",\"publisher\":{\"@id\":\"https:\\\/\\\/revolutionpadelstore.com\\\/pt-pt\\\/#organization\"},\"potentialAction\":[{\"@type\":\"SearchAction\",\"target\":{\"@type\":\"EntryPoint\",\"urlTemplate\":\"https:\\\/\\\/revolutionpadelstore.com\\\/pt-pt\\\/?s={search_term_string}\"},\"query-input\":{\"@type\":\"PropertyValueSpecification\",\"valueRequired\":true,\"valueName\":\"search_term_string\"}}],\"inLanguage\":\"pt-PT\"},{\"@type\":\"Organization\",\"@id\":\"https:\\\/\\\/revolutionpadelstore.com\\\/pt-pt\\\/#organization\",\"name\":\"Revolution Padel Store\",\"url\":\"https:\\\/\\\/revolutionpadelstore.com\\\/pt-pt\\\/\",\"logo\":{\"@type\":\"ImageObject\",\"inLanguage\":\"pt-PT\",\"@id\":\"https:\\\/\\\/revolutionpadelstore.com\\\/pt-pt\\\/#\\\/schema\\\/logo\\\/image\\\/\",\"url\":\"https:\\\/\\\/revolutionpadelstore.com\\\/wp-content\\\/uploads\\\/2026\\\/02\\\/revolution-padel-store.jpg\",\"contentUrl\":\"https:\\\/\\\/revolutionpadelstore.com\\\/wp-content\\\/uploads\\\/2026\\\/02\\\/revolution-padel-store.jpg\",\"width\":2000,\"height\":2000,\"caption\":\"Revolution Padel Store\"},\"image\":{\"@id\":\"https:\\\/\\\/revolutionpadelstore.com\\\/pt-pt\\\/#\\\/schema\\\/logo\\\/image\\\/\"},\"sameAs\":[\"https:\\\/\\\/www.instagram.com\\\/revolutionpadelstore\\\/\"]}]}<\/script>\n<!-- \/ Yoast SEO plugin. -->","yoast_head_json":{"title":"ADIDAS METALBONE PRO EDT 2025. ALE GALAN - Revolution Padel Store","description":"Adidas Metalbone Pro EDT 2025, la pala de p\u00e1del profesional de Ale Gal\u00e1n. Potencia, control, efectos y personalizaci\u00f3n total. Compra online en Revolution Padel Store al mejor precio.","robots":{"index":"index","follow":"follow","max-snippet":"max-snippet:-1","max-image-preview":"max-image-preview:large","max-video-preview":"max-video-preview:-1"},"canonical":"https:\/\/revolutionpadelstore.com\/pt-pt\/produto\/adidas-metalbone-pro-edt-2025-ale-galan\/","og_locale":"pt_PT","og_type":"article","og_title":"ADIDAS METALBONE PRO EDT 2025. ALE GALAN - Revolution Padel Store","og_description":"Adidas Metalbone Pro EDT 2025, la pala de p\u00e1del profesional de Ale Gal\u00e1n. Potencia, control, efectos y personalizaci\u00f3n total. Compra online en Revolution Padel Store al mejor precio.","og_url":"https:\/\/revolutionpadelstore.com\/pt-pt\/produto\/adidas-metalbone-pro-edt-2025-ale-galan\/","og_site_name":"Revolution Padel Store","article_modified_time":"2026-04-08T02:53:52+00:00","og_image":[{"width":1500,"height":1500,"url":"https:\/\/revolutionpadelstore.com\/wp-content\/uploads\/2025\/06\/117508-pala-adidas-metalbone-pro-edt-2025-ar1aa4u11-1500x1500-1.webp","type":"image\/webp"}],"twitter_card":"summary_large_image","twitter_misc":{"Tempo estimado de leitura":"2 minutos"},"schema":{"@context":"https:\/\/schema.org","@graph":[{"@type":"WebPage","@id":"https:\/\/revolutionpadelstore.com\/pt-pt\/produto\/adidas-metalbone-pro-edt-2025-ale-galan\/","url":"https:\/\/revolutionpadelstore.com\/pt-pt\/produto\/adidas-metalbone-pro-edt-2025-ale-galan\/","name":"ADIDAS METALBONE PRO EDT 2025. ALE GALAN - Revolution Padel Store","isPartOf":{"@id":"https:\/\/revolutionpadelstore.com\/pt-pt\/#website"},"primaryImageOfPage":{"@id":"https:\/\/revolutionpadelstore.com\/pt-pt\/produto\/adidas-metalbone-pro-edt-2025-ale-galan\/#primaryimage"},"image":{"@id":"https:\/\/revolutionpadelstore.com\/pt-pt\/produto\/adidas-metalbone-pro-edt-2025-ale-galan\/#primaryimage"},"thumbnailUrl":"https:\/\/revolutionpadelstore.com\/wp-content\/uploads\/2025\/06\/117508-pala-adidas-metalbone-pro-edt-2025-ar1aa4u11-1500x1500-1.webp","datePublished":"2025-06-13T15:36:15+00:00","dateModified":"2026-04-08T02:53:52+00:00","description":"Adidas Metalbone Pro EDT 2025, la pala de p\u00e1del profesional de Ale Gal\u00e1n. Potencia, control, efectos y personalizaci\u00f3n total. Compra online en Revolution Padel Store al mejor precio.","breadcrumb":{"@id":"https:\/\/revolutionpadelstore.com\/pt-pt\/produto\/adidas-metalbone-pro-edt-2025-ale-galan\/#breadcrumb"},"inLanguage":"pt-PT","potentialAction":[{"@type":"ReadAction","target":["https:\/\/revolutionpadelstore.com\/pt-pt\/produto\/adidas-metalbone-pro-edt-2025-ale-galan\/"]}]},{"@type":"ImageObject","inLanguage":"pt-PT","@id":"https:\/\/revolutionpadelstore.com\/pt-pt\/produto\/adidas-metalbone-pro-edt-2025-ale-galan\/#primaryimage","url":"https:\/\/revolutionpadelstore.com\/wp-content\/uploads\/2025\/06\/117508-pala-adidas-metalbone-pro-edt-2025-ar1aa4u11-1500x1500-1.webp","contentUrl":"https:\/\/revolutionpadelstore.com\/wp-content\/uploads\/2025\/06\/117508-pala-adidas-metalbone-pro-edt-2025-ar1aa4u11-1500x1500-1.webp","width":1500,"height":1500},{"@type":"BreadcrumbList","@id":"https:\/\/revolutionpadelstore.com\/pt-pt\/produto\/adidas-metalbone-pro-edt-2025-ale-galan\/#breadcrumb","itemListElement":[{"@type":"ListItem","position":1,"name":"Portada","item":"https:\/\/revolutionpadelstore.com\/pt-pt\/"},{"@type":"ListItem","position":2,"name":"Tienda","item":"https:\/\/revolutionpadelstore.com\/pt-pt\/tienda\/"},{"@type":"ListItem","position":3,"name":"ADIDAS METALBONE PRO EDT 2025. ALE GALAN"}]},{"@type":"WebSite","@id":"https:\/\/revolutionpadelstore.com\/pt-pt\/#website","url":"https:\/\/revolutionpadelstore.com\/pt-pt\/","name":"Revolution Padel Store","description":"","publisher":{"@id":"https:\/\/revolutionpadelstore.com\/pt-pt\/#organization"},"potentialAction":[{"@type":"SearchAction","target":{"@type":"EntryPoint","urlTemplate":"https:\/\/revolutionpadelstore.com\/pt-pt\/?s={search_term_string}"},"query-input":{"@type":"PropertyValueSpecification","valueRequired":true,"valueName":"search_term_string"}}],"inLanguage":"pt-PT"},{"@type":"Organization","@id":"https:\/\/revolutionpadelstore.com\/pt-pt\/#organization","name":"Revolution Padel Store","url":"https:\/\/revolutionpadelstore.com\/pt-pt\/","logo":{"@type":"ImageObject","inLanguage":"pt-PT","@id":"https:\/\/revolutionpadelstore.com\/pt-pt\/#\/schema\/logo\/image\/","url":"https:\/\/revolutionpadelstore.com\/wp-content\/uploads\/2026\/02\/revolution-padel-store.jpg","contentUrl":"https:\/\/revolutionpadelstore.com\/wp-content\/uploads\/2026\/02\/revolution-padel-store.jpg","width":2000,"height":2000,"caption":"Revolution Padel Store"},"image":{"@id":"https:\/\/revolutionpadelstore.com\/pt-pt\/#\/schema\/logo\/image\/"},"sameAs":["https:\/\/www.instagram.com\/revolutionpadelstore\/"]}]}},"_links":{"self":[{"href":"https:\/\/revolutionpadelstore.com\/pt-pt\/wp-json\/wp\/v2\/product\/263755","targetHints":{"allow":["GET"]}}],"collection":[{"href":"https:\/\/revolutionpadelstore.com\/pt-pt\/wp-json\/wp\/v2\/product"}],"about":[{"href":"https:\/\/revolutionpadelstore.com\/pt-pt\/wp-json\/wp\/v2\/types\/product"}],"replies":[{"embeddable":true,"href":"https:\/\/revolutionpadelstore.com\/pt-pt\/wp-json\/wp\/v2\/comments?post=263755"}],"wp:featuredmedia":[{"embeddable":true,"href":"https:\/\/revolutionpadelstore.com\/pt-pt\/wp-json\/wp\/v2\/media\/263761"}],"wp:attachment":[{"href":"https:\/\/revolutionpadelstore.com\/pt-pt\/wp-json\/wp\/v2\/media?parent=263755"}],"wp:term":[{"taxonomy":"acabado","embeddable":true,"href":"https:\/\/revolutionpadelstore.com\/pt-pt\/wp-json\/wp\/v2\/acabado?post=263755"},{"taxonomy":"balance","embeddable":true,"href":"https:\/\/revolutionpadelstore.com\/pt-pt\/wp-json\/wp\/v2\/balance?post=263755"},{"taxonomy":"dureza","embeddable":true,"href":"https:\/\/revolutionpadelstore.com\/pt-pt\/wp-json\/wp\/v2\/dureza?post=263755"},{"taxonomy":"forma","embeddable":true,"href":"https:\/\/revolutionpadelstore.com\/pt-pt\/wp-json\/wp\/v2\/forma?post=263755"},{"taxonomy":"jugador","embeddable":true,"href":"https:\/\/revolutionpadelstore.com\/pt-pt\/wp-json\/wp\/v2\/jugador?post=263755"},{"taxonomy":"marca","embeddable":true,"href":"https:\/\/revolutionpadelstore.com\/pt-pt\/wp-json\/wp\/v2\/marca?post=263755"},{"taxonomy":"nivel-de-juego","embeddable":true,"href":"https:\/\/revolutionpadelstore.com\/pt-pt\/wp-json\/wp\/v2\/nivel-de-juego?post=263755"},{"taxonomy":"superficie","embeddable":true,"href":"https:\/\/revolutionpadelstore.com\/pt-pt\/wp-json\/wp\/v2\/superficie?post=263755"},{"taxonomy":"tipo-de-juego","embeddable":true,"href":"https:\/\/revolutionpadelstore.com\/pt-pt\/wp-json\/wp\/v2\/tipo-de-juego?post=263755"},{"taxonomy":"product_brand","embeddable":true,"href":"https:\/\/revolutionpadelstore.com\/pt-pt\/wp-json\/wp\/v2\/product_brand?post=263755"},{"taxonomy":"product_cat","embeddable":true,"href":"https:\/\/revolutionpadelstore.com\/pt-pt\/wp-json\/wp\/v2\/product_cat?post=263755"},{"taxonomy":"product_tag","embeddable":true,"href":"https:\/\/revolutionpadelstore.com\/pt-pt\/wp-json\/wp\/v2\/product_tag?post=263755"}],"curies":[{"name":"wp","href":"https:\/\/api.w.org\/{rel}","templated":true}]}}