{"id":263413,"date":"2025-05-28T20:53:32","date_gmt":"2025-05-28T18:53:32","guid":{"rendered":"https:\/\/revolutionpadelstore.com\/?post_type=product&#038;p=263413"},"modified":"2026-04-15T02:02:51","modified_gmt":"2026-04-15T00:02:51","slug":"joma-spin-men-2512-granate-5","status":"publish","type":"product","link":"https:\/\/revolutionpadelstore.com\/pt-pt\/produto\/joma-spin-men-2512-granate-5\/","title":{"rendered":"JOMA SPIN MEN 2512 GRANATE"},"content":{"rendered":"<h2><strong>Sapatos de remo de alta qualidade \u2013 M\u00e1ximo desempenho e durabilidade<\/strong><\/h2>\n<p>Projetados para jogadores profissionais que buscam o m\u00e1ximo desempenho em quadra, esses cal\u00e7ados de padel combinam estabilidade, prote\u00e7\u00e3o e durabilidade. Endossados \u200b\u200bpor jogadores de elite como Juani Mieres e Alba Gal\u00e1n, s\u00e3o a escolha perfeita para quem exige qualidade e conforto em todas as partidas.<\/p>\n<h2><strong>Recursos em destaque<\/strong><\/h2>\n<p>-Parte superior respir\u00e1vel: Malha t\u00e9cnica com tecnologia VTS, que otimiza a ventila\u00e7\u00e3o e mant\u00e9m os p\u00e9s frescos.<br \/>\n-Ajuste perfeito: sistema de selagem t\u00e9rmica JOMA SPORTECH, que proporciona suporte leve e preciso.<br \/>\n-Refor\u00e7o extra: Tecnologia PROTECTION que refor\u00e7a \u00e1reas sens\u00edveis para maior durabilidade.<br \/>\n-M\u00e1xima estabilidade: Entressola Phylon flex\u00edvel com duplo STABILIS, reduzindo o risco de les\u00f5es.<br \/>\n-Sola de alto desempenho: Borracha DURABILIDADE com design Omni e pequenas tachas circulares que facilitam o deslizamento e a tra\u00e7\u00e3o.<\/p>\n<h2><strong>Tecnologias Inovadoras<\/strong><\/h2>\n<p>-DURABILIDADE: Borracha de alta resist\u00eancia que retarda o desgaste e prolonga a vida \u00fatil da sola.<br \/>\n-SPORTTECH: Material injetado sem costura que melhora leveza, flexibilidade e ajuste.<br \/>\n-PROTE\u00c7\u00c3O: Refor\u00e7o adicional na biqueira para maior resist\u00eancia ao desgaste.<br \/>\n-STABILIS: Pe\u00e7a de TPU na sola que evita tor\u00e7\u00f5es inadequadas e melhora a estabilidade.<br \/>\n-VTS: Sistema de ventila\u00e7\u00e3o que regula a temperatura e promove a transpira\u00e7\u00e3o.<\/p>\n<h2><strong>Detalhes T\u00e9cnicos<\/strong><\/h2>\n<p>-Corte: Nylon, micro PU e TPU.<\/p>\n<p>-Fechamento: Cadar\u00e7os com ajuste PERFECT FIT.<\/p>\n<p>Entressola: Phylon com STABILIS.<\/p>\n<p>-Sola: Borracha DURABILIDADE.<\/p>\n<p>-Lingueta: Costurada ao corte para um melhor ajuste.<\/p>\n<p>-Indicado para: Jogadores de peso m\u00e9dio-alto.<\/p>\n<p>-Uso: Treinamento e competi\u00e7\u00e3o.<\/p>\n<p>-Cor: Marrom.<\/p>\n<p>-G\u00eanero: Masculino.<\/p>\n<p>-Refer\u00eancia: TSPINW2512OM<\/p>\n<h2><strong>Compre agora pelo melhor pre\u00e7o<\/strong><\/h2>\n<p>Se procura sapatos de padel profissionais com a melhor rela\u00e7\u00e3o qualidade-pre\u00e7o, este modelo \u00e9 para si. Dispon\u00edvel em nossa loja online <strong><a href=\"https:\/\/www.revolutionpadelstore.com\/\">Revolution Padel Store<\/a><\/strong>, provavelmente <strong>ao melhor pre\u00e7o do mercado<\/strong>.<\/p>\n<p><strong>N\u00e3o espere mais e equipe-se com o que h\u00e1 de melhor em cal\u00e7ado padel!<\/strong><\/p>\n","protected":false},"excerpt":{"rendered":"<p>Pensado em jogadores de alto n\u00edvel que buscam o melhor desempenho na quadra, esses remadores oferecem estabilidade, resist\u00eancia e prote\u00e7\u00e3o. Apoiado por figuras destacadas como Juani Mieres e Alba Gal\u00e1n, elas s\u00e3o a op\u00e7\u00e3o ideal para quem prioriza a qualidade e o conforto em cada jogo.<\/p>\n","protected":false},"featured_media":263425,"comment_status":"open","ping_status":"closed","template":"","meta":{"_acf_changed":false,"_joinchat":[]},"acabado":[],"balance":[],"dureza":[],"forma":[],"jugador":[],"marca":[1225],"nivel-de-juego":[],"superficie":[],"tipo-de-juego":[],"product_brand":[],"product_cat":[833,401],"product_tag":[],"class_list":{"0":"post-263413","1":"product","2":"type-product","3":"status-publish","4":"has-post-thumbnail","6":"marca-joma-pt-pt","7":"product_cat-tenis","8":"product_cat-tenis-masculino","10":"first","11":"outofstock","12":"sale","13":"taxable","14":"shipping-taxable","15":"purchasable","16":"product-type-variable"},"acf":[],"yoast_head":"<!-- This site is optimized with the Yoast SEO plugin v27.4 - https:\/\/yoast.com\/product\/yoast-seo-wordpress\/ -->\n<title>JOMA SPIN MEN 2512 GRANATE - Revolution Padel Store<\/title>\n<meta name=\"description\" content=\"Si buscas unas\u00a0zapatillas de p\u00e1del profesionales\u00a0con la mejor relaci\u00f3n calidad-precio, este modelo es para ti. Disponible en nuestra tienda online\u00a0Revolution Padel Store, probablemente\u00a0al mejor precio del mercado.\" \/>\n<meta name=\"robots\" content=\"index, follow, max-snippet:-1, max-image-preview:large, max-video-preview:-1\" \/>\n<link rel=\"canonical\" href=\"https:\/\/revolutionpadelstore.com\/pt-pt\/produto\/joma-spin-men-2512-granate-5\/\" \/>\n<meta property=\"og:locale\" content=\"pt_PT\" \/>\n<meta property=\"og:type\" content=\"article\" \/>\n<meta property=\"og:title\" content=\"JOMA SPIN MEN 2512 GRANATE - Revolution Padel Store\" \/>\n<meta property=\"og:description\" content=\"Si buscas unas\u00a0zapatillas de p\u00e1del profesionales\u00a0con la mejor relaci\u00f3n calidad-precio, este modelo es para ti. Disponible en nuestra tienda online\u00a0Revolution Padel Store, probablemente\u00a0al mejor precio del mercado.\" \/>\n<meta property=\"og:url\" content=\"https:\/\/revolutionpadelstore.com\/pt-pt\/produto\/joma-spin-men-2512-granate-5\/\" \/>\n<meta property=\"og:site_name\" content=\"Revolution Padel Store\" \/>\n<meta property=\"article:modified_time\" content=\"2026-04-15T00:02:51+00:00\" \/>\n<meta property=\"og:image\" content=\"https:\/\/revolutionpadelstore.com\/wp-content\/uploads\/2025\/05\/261.png\" \/>\n\t<meta property=\"og:image:width\" content=\"1500\" \/>\n\t<meta property=\"og:image:height\" content=\"1500\" \/>\n\t<meta property=\"og:image:type\" content=\"image\/png\" \/>\n<meta name=\"twitter:card\" content=\"summary_large_image\" \/>\n<meta name=\"twitter:label1\" content=\"Tempo estimado de leitura\" \/>\n\t<meta name=\"twitter:data1\" content=\"2 minutos\" \/>\n<script type=\"application\/ld+json\" class=\"yoast-schema-graph\">{\"@context\":\"https:\\\/\\\/schema.org\",\"@graph\":[{\"@type\":\"WebPage\",\"@id\":\"https:\\\/\\\/revolutionpadelstore.com\\\/pt-pt\\\/produto\\\/joma-spin-men-2512-granate-5\\\/\",\"url\":\"https:\\\/\\\/revolutionpadelstore.com\\\/pt-pt\\\/produto\\\/joma-spin-men-2512-granate-5\\\/\",\"name\":\"JOMA SPIN MEN 2512 GRANATE - Revolution Padel Store\",\"isPartOf\":{\"@id\":\"https:\\\/\\\/revolutionpadelstore.com\\\/pt-pt\\\/#website\"},\"primaryImageOfPage\":{\"@id\":\"https:\\\/\\\/revolutionpadelstore.com\\\/pt-pt\\\/produto\\\/joma-spin-men-2512-granate-5\\\/#primaryimage\"},\"image\":{\"@id\":\"https:\\\/\\\/revolutionpadelstore.com\\\/pt-pt\\\/produto\\\/joma-spin-men-2512-granate-5\\\/#primaryimage\"},\"thumbnailUrl\":\"https:\\\/\\\/revolutionpadelstore.com\\\/wp-content\\\/uploads\\\/2025\\\/05\\\/261.png\",\"datePublished\":\"2025-05-28T18:53:32+00:00\",\"dateModified\":\"2026-04-15T00:02:51+00:00\",\"description\":\"Si buscas unas\u00a0zapatillas de p\u00e1del profesionales\u00a0con la mejor relaci\u00f3n calidad-precio, este modelo es para ti. Disponible en nuestra tienda online\u00a0Revolution Padel Store, probablemente\u00a0al mejor precio del mercado.\",\"breadcrumb\":{\"@id\":\"https:\\\/\\\/revolutionpadelstore.com\\\/pt-pt\\\/produto\\\/joma-spin-men-2512-granate-5\\\/#breadcrumb\"},\"inLanguage\":\"pt-PT\",\"potentialAction\":[{\"@type\":\"ReadAction\",\"target\":[\"https:\\\/\\\/revolutionpadelstore.com\\\/pt-pt\\\/produto\\\/joma-spin-men-2512-granate-5\\\/\"]}]},{\"@type\":\"ImageObject\",\"inLanguage\":\"pt-PT\",\"@id\":\"https:\\\/\\\/revolutionpadelstore.com\\\/pt-pt\\\/produto\\\/joma-spin-men-2512-granate-5\\\/#primaryimage\",\"url\":\"https:\\\/\\\/revolutionpadelstore.com\\\/wp-content\\\/uploads\\\/2025\\\/05\\\/261.png\",\"contentUrl\":\"https:\\\/\\\/revolutionpadelstore.com\\\/wp-content\\\/uploads\\\/2025\\\/05\\\/261.png\",\"width\":1500,\"height\":1500},{\"@type\":\"BreadcrumbList\",\"@id\":\"https:\\\/\\\/revolutionpadelstore.com\\\/pt-pt\\\/produto\\\/joma-spin-men-2512-granate-5\\\/#breadcrumb\",\"itemListElement\":[{\"@type\":\"ListItem\",\"position\":1,\"name\":\"Portada\",\"item\":\"https:\\\/\\\/revolutionpadelstore.com\\\/pt-pt\\\/\"},{\"@type\":\"ListItem\",\"position\":2,\"name\":\"Tienda\",\"item\":\"https:\\\/\\\/revolutionpadelstore.com\\\/pt-pt\\\/tienda\\\/\"},{\"@type\":\"ListItem\",\"position\":3,\"name\":\"JOMA SPIN MEN 2512 GRANATE\"}]},{\"@type\":\"WebSite\",\"@id\":\"https:\\\/\\\/revolutionpadelstore.com\\\/pt-pt\\\/#website\",\"url\":\"https:\\\/\\\/revolutionpadelstore.com\\\/pt-pt\\\/\",\"name\":\"Revolution Padel Store\",\"description\":\"\",\"publisher\":{\"@id\":\"https:\\\/\\\/revolutionpadelstore.com\\\/pt-pt\\\/#organization\"},\"potentialAction\":[{\"@type\":\"SearchAction\",\"target\":{\"@type\":\"EntryPoint\",\"urlTemplate\":\"https:\\\/\\\/revolutionpadelstore.com\\\/pt-pt\\\/?s={search_term_string}\"},\"query-input\":{\"@type\":\"PropertyValueSpecification\",\"valueRequired\":true,\"valueName\":\"search_term_string\"}}],\"inLanguage\":\"pt-PT\"},{\"@type\":\"Organization\",\"@id\":\"https:\\\/\\\/revolutionpadelstore.com\\\/pt-pt\\\/#organization\",\"name\":\"Revolution Padel Store\",\"url\":\"https:\\\/\\\/revolutionpadelstore.com\\\/pt-pt\\\/\",\"logo\":{\"@type\":\"ImageObject\",\"inLanguage\":\"pt-PT\",\"@id\":\"https:\\\/\\\/revolutionpadelstore.com\\\/pt-pt\\\/#\\\/schema\\\/logo\\\/image\\\/\",\"url\":\"https:\\\/\\\/revolutionpadelstore.com\\\/wp-content\\\/uploads\\\/2026\\\/02\\\/revolution-padel-store.jpg\",\"contentUrl\":\"https:\\\/\\\/revolutionpadelstore.com\\\/wp-content\\\/uploads\\\/2026\\\/02\\\/revolution-padel-store.jpg\",\"width\":2000,\"height\":2000,\"caption\":\"Revolution Padel Store\"},\"image\":{\"@id\":\"https:\\\/\\\/revolutionpadelstore.com\\\/pt-pt\\\/#\\\/schema\\\/logo\\\/image\\\/\"},\"sameAs\":[\"https:\\\/\\\/www.instagram.com\\\/revolutionpadelstore\\\/\"]}]}<\/script>\n<!-- \/ Yoast SEO plugin. -->","yoast_head_json":{"title":"JOMA SPIN MEN 2512 GRANATE - Revolution Padel Store","description":"Si buscas unas\u00a0zapatillas de p\u00e1del profesionales\u00a0con la mejor relaci\u00f3n calidad-precio, este modelo es para ti. Disponible en nuestra tienda online\u00a0Revolution Padel Store, probablemente\u00a0al mejor precio del mercado.","robots":{"index":"index","follow":"follow","max-snippet":"max-snippet:-1","max-image-preview":"max-image-preview:large","max-video-preview":"max-video-preview:-1"},"canonical":"https:\/\/revolutionpadelstore.com\/pt-pt\/produto\/joma-spin-men-2512-granate-5\/","og_locale":"pt_PT","og_type":"article","og_title":"JOMA SPIN MEN 2512 GRANATE - Revolution Padel Store","og_description":"Si buscas unas\u00a0zapatillas de p\u00e1del profesionales\u00a0con la mejor relaci\u00f3n calidad-precio, este modelo es para ti. Disponible en nuestra tienda online\u00a0Revolution Padel Store, probablemente\u00a0al mejor precio del mercado.","og_url":"https:\/\/revolutionpadelstore.com\/pt-pt\/produto\/joma-spin-men-2512-granate-5\/","og_site_name":"Revolution Padel Store","article_modified_time":"2026-04-15T00:02:51+00:00","og_image":[{"width":1500,"height":1500,"url":"https:\/\/revolutionpadelstore.com\/wp-content\/uploads\/2025\/05\/261.png","type":"image\/png"}],"twitter_card":"summary_large_image","twitter_misc":{"Tempo estimado de leitura":"2 minutos"},"schema":{"@context":"https:\/\/schema.org","@graph":[{"@type":"WebPage","@id":"https:\/\/revolutionpadelstore.com\/pt-pt\/produto\/joma-spin-men-2512-granate-5\/","url":"https:\/\/revolutionpadelstore.com\/pt-pt\/produto\/joma-spin-men-2512-granate-5\/","name":"JOMA SPIN MEN 2512 GRANATE - Revolution Padel Store","isPartOf":{"@id":"https:\/\/revolutionpadelstore.com\/pt-pt\/#website"},"primaryImageOfPage":{"@id":"https:\/\/revolutionpadelstore.com\/pt-pt\/produto\/joma-spin-men-2512-granate-5\/#primaryimage"},"image":{"@id":"https:\/\/revolutionpadelstore.com\/pt-pt\/produto\/joma-spin-men-2512-granate-5\/#primaryimage"},"thumbnailUrl":"https:\/\/revolutionpadelstore.com\/wp-content\/uploads\/2025\/05\/261.png","datePublished":"2025-05-28T18:53:32+00:00","dateModified":"2026-04-15T00:02:51+00:00","description":"Si buscas unas\u00a0zapatillas de p\u00e1del profesionales\u00a0con la mejor relaci\u00f3n calidad-precio, este modelo es para ti. Disponible en nuestra tienda online\u00a0Revolution Padel Store, probablemente\u00a0al mejor precio del mercado.","breadcrumb":{"@id":"https:\/\/revolutionpadelstore.com\/pt-pt\/produto\/joma-spin-men-2512-granate-5\/#breadcrumb"},"inLanguage":"pt-PT","potentialAction":[{"@type":"ReadAction","target":["https:\/\/revolutionpadelstore.com\/pt-pt\/produto\/joma-spin-men-2512-granate-5\/"]}]},{"@type":"ImageObject","inLanguage":"pt-PT","@id":"https:\/\/revolutionpadelstore.com\/pt-pt\/produto\/joma-spin-men-2512-granate-5\/#primaryimage","url":"https:\/\/revolutionpadelstore.com\/wp-content\/uploads\/2025\/05\/261.png","contentUrl":"https:\/\/revolutionpadelstore.com\/wp-content\/uploads\/2025\/05\/261.png","width":1500,"height":1500},{"@type":"BreadcrumbList","@id":"https:\/\/revolutionpadelstore.com\/pt-pt\/produto\/joma-spin-men-2512-granate-5\/#breadcrumb","itemListElement":[{"@type":"ListItem","position":1,"name":"Portada","item":"https:\/\/revolutionpadelstore.com\/pt-pt\/"},{"@type":"ListItem","position":2,"name":"Tienda","item":"https:\/\/revolutionpadelstore.com\/pt-pt\/tienda\/"},{"@type":"ListItem","position":3,"name":"JOMA SPIN MEN 2512 GRANATE"}]},{"@type":"WebSite","@id":"https:\/\/revolutionpadelstore.com\/pt-pt\/#website","url":"https:\/\/revolutionpadelstore.com\/pt-pt\/","name":"Revolution Padel Store","description":"","publisher":{"@id":"https:\/\/revolutionpadelstore.com\/pt-pt\/#organization"},"potentialAction":[{"@type":"SearchAction","target":{"@type":"EntryPoint","urlTemplate":"https:\/\/revolutionpadelstore.com\/pt-pt\/?s={search_term_string}"},"query-input":{"@type":"PropertyValueSpecification","valueRequired":true,"valueName":"search_term_string"}}],"inLanguage":"pt-PT"},{"@type":"Organization","@id":"https:\/\/revolutionpadelstore.com\/pt-pt\/#organization","name":"Revolution Padel Store","url":"https:\/\/revolutionpadelstore.com\/pt-pt\/","logo":{"@type":"ImageObject","inLanguage":"pt-PT","@id":"https:\/\/revolutionpadelstore.com\/pt-pt\/#\/schema\/logo\/image\/","url":"https:\/\/revolutionpadelstore.com\/wp-content\/uploads\/2026\/02\/revolution-padel-store.jpg","contentUrl":"https:\/\/revolutionpadelstore.com\/wp-content\/uploads\/2026\/02\/revolution-padel-store.jpg","width":2000,"height":2000,"caption":"Revolution Padel Store"},"image":{"@id":"https:\/\/revolutionpadelstore.com\/pt-pt\/#\/schema\/logo\/image\/"},"sameAs":["https:\/\/www.instagram.com\/revolutionpadelstore\/"]}]}},"_links":{"self":[{"href":"https:\/\/revolutionpadelstore.com\/pt-pt\/wp-json\/wp\/v2\/product\/263413","targetHints":{"allow":["GET"]}}],"collection":[{"href":"https:\/\/revolutionpadelstore.com\/pt-pt\/wp-json\/wp\/v2\/product"}],"about":[{"href":"https:\/\/revolutionpadelstore.com\/pt-pt\/wp-json\/wp\/v2\/types\/product"}],"replies":[{"embeddable":true,"href":"https:\/\/revolutionpadelstore.com\/pt-pt\/wp-json\/wp\/v2\/comments?post=263413"}],"wp:featuredmedia":[{"embeddable":true,"href":"https:\/\/revolutionpadelstore.com\/pt-pt\/wp-json\/wp\/v2\/media\/263425"}],"wp:attachment":[{"href":"https:\/\/revolutionpadelstore.com\/pt-pt\/wp-json\/wp\/v2\/media?parent=263413"}],"wp:term":[{"taxonomy":"acabado","embeddable":true,"href":"https:\/\/revolutionpadelstore.com\/pt-pt\/wp-json\/wp\/v2\/acabado?post=263413"},{"taxonomy":"balance","embeddable":true,"href":"https:\/\/revolutionpadelstore.com\/pt-pt\/wp-json\/wp\/v2\/balance?post=263413"},{"taxonomy":"dureza","embeddable":true,"href":"https:\/\/revolutionpadelstore.com\/pt-pt\/wp-json\/wp\/v2\/dureza?post=263413"},{"taxonomy":"forma","embeddable":true,"href":"https:\/\/revolutionpadelstore.com\/pt-pt\/wp-json\/wp\/v2\/forma?post=263413"},{"taxonomy":"jugador","embeddable":true,"href":"https:\/\/revolutionpadelstore.com\/pt-pt\/wp-json\/wp\/v2\/jugador?post=263413"},{"taxonomy":"marca","embeddable":true,"href":"https:\/\/revolutionpadelstore.com\/pt-pt\/wp-json\/wp\/v2\/marca?post=263413"},{"taxonomy":"nivel-de-juego","embeddable":true,"href":"https:\/\/revolutionpadelstore.com\/pt-pt\/wp-json\/wp\/v2\/nivel-de-juego?post=263413"},{"taxonomy":"superficie","embeddable":true,"href":"https:\/\/revolutionpadelstore.com\/pt-pt\/wp-json\/wp\/v2\/superficie?post=263413"},{"taxonomy":"tipo-de-juego","embeddable":true,"href":"https:\/\/revolutionpadelstore.com\/pt-pt\/wp-json\/wp\/v2\/tipo-de-juego?post=263413"},{"taxonomy":"product_brand","embeddable":true,"href":"https:\/\/revolutionpadelstore.com\/pt-pt\/wp-json\/wp\/v2\/product_brand?post=263413"},{"taxonomy":"product_cat","embeddable":true,"href":"https:\/\/revolutionpadelstore.com\/pt-pt\/wp-json\/wp\/v2\/product_cat?post=263413"},{"taxonomy":"product_tag","embeddable":true,"href":"https:\/\/revolutionpadelstore.com\/pt-pt\/wp-json\/wp\/v2\/product_tag?post=263413"}],"curies":[{"name":"wp","href":"https:\/\/api.w.org\/{rel}","templated":true}]}}