{"id":263029,"date":"2025-05-15T16:31:17","date_gmt":"2025-05-15T14:31:17","guid":{"rendered":"https:\/\/revolutionpadelstore.com\/blister-4-uds-antivibrador-bullpadel-ease-vibe-naranja\/"},"modified":"2026-04-08T05:06:09","modified_gmt":"2026-04-08T03:06:09","slug":"blister-4-uds-antivibrador-bullpadel-ease-vibe-naranja-5","status":"publish","type":"product","link":"https:\/\/revolutionpadelstore.com\/pt-pt\/produto\/blister-4-uds-antivibrador-bullpadel-ease-vibe-naranja-5\/","title":{"rendered":"BLISTER (4 UDS) ANTIVIBRADOR BULLPADEL EASE VIBE NARANJA"},"content":{"rendered":"<p><H2> Blister (4 unidades) Bullpadel facilidade vibe laranja <\/h2>\n<p>Melhore o desempenho da pista e reduza o inconveniente em cada golpe com os antivibradores vibrantes da Anti -Vibadel Ease Vibrant em laranja vibrante! Este acess\u00f3rio essencial para a sua p\u00e1 de paddle foi projetado para reduzir at\u00e9 um <strong> 60% das vibra\u00e7\u00f5es <\/strong>, fornecendo um <strong> maior conforto, estabilidade e precis\u00e3o <\/strong> durante o jogo.<br \/>\n<H2> caracter\u00edsticas pendentes <\/h2>\n<p>&lt;p style = &quot;preenchimento-esquerda: 40px;&quot;<br \/>\n&lt;P style = &quot;preenchimento-esquerda: 40px;&quot;<br \/>\n<P> <strong> -Ligerro e f\u00e1cil de instalar <\/strong>, sem a necessidade de ferramentas ou experi\u00eancia anterior.<br \/>\n&lt;p style = &quot;preenchimento-esquerda: 40px;&quot;<br \/>\n&lt;p style = &quot;preenchimento-esquerda: 40px;&quot;<\/p>\n<p><H2> Benef\u00edcios para o jogador <\/h2>\n<p><P>-Desfrute de um <strong> mais limpo e controlado <\/strong>, ideal para aqueles que buscam precis\u00e3o em cada ponto.<\/p>\n<p>-major <strong> conveni\u00eancia e preven\u00e7\u00e3o de les\u00f5es <\/strong>, especialmente \u00fateis para aqueles que sofrem de epicondilite ou desconforto muscular.<\/p>\n<p>-ajuste vers\u00e1til: coloque os antivibradores onde voc\u00ea prefere melhorar a pot\u00eancia ou o controle de acordo com o seu estilo de jogo. <\/p>\n<p><H2> Por que escolher Bullpadel?<br \/>\nO bullpadel \u00e9 uma das principais marcas l\u00edderes do mundo do paddle <\/strong>, reconhecida pela qualidade, inova\u00e7\u00e3o e desempenho de seus produtos. Escolher um acess\u00f3rio de bullpadel deve apostar em excel\u00eancia em cada ponto.<br \/>\n<H2> Compre seu pacote de bullpadel Anti -vibradores<br \/>\nAproveite esta oportunidade e desfrute de um jogo mais confort\u00e1vel e seguro. Voc\u00ea j\u00e1 \u00e9 um jogador ocasional ou um concorrente habitual, a vibra\u00e7\u00e3o da Bullpadel Ease far\u00e1 a diferen\u00e7a no seu desempenho.<\/p>\n<p>Dispon\u00edvel agora em nossa loja on -line <a href=\"https:\/\/www.revolutionpadelstore.com\/\"> www.revolutionpadelstore.com <\/a><br \/>\n<em> Provavelmente no melhor pre\u00e7o de mercado! <\/em><\/p>\n","protected":false},"excerpt":{"rendered":"<p>Pacote de 4 unidades de bullpadel facilitar a vibra\u00e7\u00e3o antivibradores, projetados para diminuir at\u00e9 60% de vibra\u00e7\u00f5es ap\u00f3s o impacto com a bola. Melhore a estabilidade e forne\u00e7a uma sensa\u00e7\u00e3o mais confort\u00e1vel de acertar.<\/p>\n","protected":false},"featured_media":263018,"comment_status":"open","ping_status":"closed","template":"","meta":{"_acf_changed":false,"_joinchat":[]},"acabado":[],"balance":[],"dureza":[],"forma":[],"jugador":[],"marca":[1255],"nivel-de-juego":[],"superficie":[],"tipo-de-juego":[],"product_brand":[],"product_cat":[559],"product_tag":[],"class_list":{"0":"post-263029","1":"product","2":"type-product","3":"status-publish","4":"has-post-thumbnail","6":"marca-bullpadel-pt-pt","7":"product_cat-acessorios","9":"first","10":"instock","11":"sale","12":"taxable","13":"shipping-taxable","14":"purchasable","15":"product-type-simple"},"acf":[],"yoast_head":"<!-- This site is optimized with the Yoast SEO plugin v27.4 - https:\/\/yoast.com\/product\/yoast-seo-wordpress\/ -->\n<title>BLISTER (4 UDS) ANTIVIBRADOR BULLPADEL EASE VIBE NARANJA - Revolution Padel Store<\/title>\n<meta name=\"description\" content=\"Reduce hasta un 60% de las vibraciones con el blister Bullpadel Ease Vibe (4 uds). Mejora tu control y comodidad al jugar. \u00a1Compra online en Revolution Padel Store!\" \/>\n<meta name=\"robots\" content=\"index, follow, max-snippet:-1, max-image-preview:large, max-video-preview:-1\" \/>\n<link rel=\"canonical\" href=\"https:\/\/revolutionpadelstore.com\/pt-pt\/produto\/blister-4-uds-antivibrador-bullpadel-ease-vibe-naranja-5\/\" \/>\n<meta property=\"og:locale\" content=\"pt_PT\" \/>\n<meta property=\"og:type\" content=\"article\" \/>\n<meta property=\"og:title\" content=\"BLISTER (4 UDS) ANTIVIBRADOR BULLPADEL EASE VIBE NARANJA - Revolution Padel Store\" \/>\n<meta property=\"og:description\" content=\"Reduce hasta un 60% de las vibraciones con el blister Bullpadel Ease Vibe (4 uds). Mejora tu control y comodidad al jugar. \u00a1Compra online en Revolution Padel Store!\" \/>\n<meta property=\"og:url\" content=\"https:\/\/revolutionpadelstore.com\/pt-pt\/produto\/blister-4-uds-antivibrador-bullpadel-ease-vibe-naranja-5\/\" \/>\n<meta property=\"og:site_name\" content=\"Revolution Padel Store\" \/>\n<meta property=\"article:modified_time\" content=\"2026-04-08T03:06:09+00:00\" \/>\n<meta property=\"og:image\" content=\"https:\/\/revolutionpadelstore.com\/wp-content\/uploads\/2025\/05\/113839_blister_4_uds_antivibrador_ease_vibe_bullpadel_037_naranja_448293_1200x1_20d2.webp\" \/>\n\t<meta property=\"og:image:width\" content=\"1200\" \/>\n\t<meta property=\"og:image:height\" content=\"1200\" \/>\n\t<meta property=\"og:image:type\" content=\"image\/webp\" \/>\n<meta name=\"twitter:card\" content=\"summary_large_image\" \/>\n<meta name=\"twitter:label1\" content=\"Tempo estimado de leitura\" \/>\n\t<meta name=\"twitter:data1\" content=\"2 minutos\" \/>\n<script type=\"application\/ld+json\" class=\"yoast-schema-graph\">{\"@context\":\"https:\\\/\\\/schema.org\",\"@graph\":[{\"@type\":\"WebPage\",\"@id\":\"https:\\\/\\\/revolutionpadelstore.com\\\/pt-pt\\\/produto\\\/blister-4-uds-antivibrador-bullpadel-ease-vibe-naranja-5\\\/\",\"url\":\"https:\\\/\\\/revolutionpadelstore.com\\\/pt-pt\\\/produto\\\/blister-4-uds-antivibrador-bullpadel-ease-vibe-naranja-5\\\/\",\"name\":\"BLISTER (4 UDS) ANTIVIBRADOR BULLPADEL EASE VIBE NARANJA - Revolution Padel Store\",\"isPartOf\":{\"@id\":\"https:\\\/\\\/revolutionpadelstore.com\\\/pt-pt\\\/#website\"},\"primaryImageOfPage\":{\"@id\":\"https:\\\/\\\/revolutionpadelstore.com\\\/pt-pt\\\/produto\\\/blister-4-uds-antivibrador-bullpadel-ease-vibe-naranja-5\\\/#primaryimage\"},\"image\":{\"@id\":\"https:\\\/\\\/revolutionpadelstore.com\\\/pt-pt\\\/produto\\\/blister-4-uds-antivibrador-bullpadel-ease-vibe-naranja-5\\\/#primaryimage\"},\"thumbnailUrl\":\"https:\\\/\\\/revolutionpadelstore.com\\\/wp-content\\\/uploads\\\/2025\\\/05\\\/113839_blister_4_uds_antivibrador_ease_vibe_bullpadel_037_naranja_448293_1200x1_20d2.webp\",\"datePublished\":\"2025-05-15T14:31:17+00:00\",\"dateModified\":\"2026-04-08T03:06:09+00:00\",\"description\":\"Reduce hasta un 60% de las vibraciones con el blister Bullpadel Ease Vibe (4 uds). Mejora tu control y comodidad al jugar. \u00a1Compra online en Revolution Padel Store!\",\"breadcrumb\":{\"@id\":\"https:\\\/\\\/revolutionpadelstore.com\\\/pt-pt\\\/produto\\\/blister-4-uds-antivibrador-bullpadel-ease-vibe-naranja-5\\\/#breadcrumb\"},\"inLanguage\":\"pt-PT\",\"potentialAction\":[{\"@type\":\"ReadAction\",\"target\":[\"https:\\\/\\\/revolutionpadelstore.com\\\/pt-pt\\\/produto\\\/blister-4-uds-antivibrador-bullpadel-ease-vibe-naranja-5\\\/\"]}]},{\"@type\":\"ImageObject\",\"inLanguage\":\"pt-PT\",\"@id\":\"https:\\\/\\\/revolutionpadelstore.com\\\/pt-pt\\\/produto\\\/blister-4-uds-antivibrador-bullpadel-ease-vibe-naranja-5\\\/#primaryimage\",\"url\":\"https:\\\/\\\/revolutionpadelstore.com\\\/wp-content\\\/uploads\\\/2025\\\/05\\\/113839_blister_4_uds_antivibrador_ease_vibe_bullpadel_037_naranja_448293_1200x1_20d2.webp\",\"contentUrl\":\"https:\\\/\\\/revolutionpadelstore.com\\\/wp-content\\\/uploads\\\/2025\\\/05\\\/113839_blister_4_uds_antivibrador_ease_vibe_bullpadel_037_naranja_448293_1200x1_20d2.webp\",\"width\":1200,\"height\":1200},{\"@type\":\"BreadcrumbList\",\"@id\":\"https:\\\/\\\/revolutionpadelstore.com\\\/pt-pt\\\/produto\\\/blister-4-uds-antivibrador-bullpadel-ease-vibe-naranja-5\\\/#breadcrumb\",\"itemListElement\":[{\"@type\":\"ListItem\",\"position\":1,\"name\":\"Portada\",\"item\":\"https:\\\/\\\/revolutionpadelstore.com\\\/pt-pt\\\/\"},{\"@type\":\"ListItem\",\"position\":2,\"name\":\"Tienda\",\"item\":\"https:\\\/\\\/revolutionpadelstore.com\\\/pt-pt\\\/tienda\\\/\"},{\"@type\":\"ListItem\",\"position\":3,\"name\":\"BLISTER (4 UDS) ANTIVIBRADOR BULLPADEL EASE VIBE NARANJA\"}]},{\"@type\":\"WebSite\",\"@id\":\"https:\\\/\\\/revolutionpadelstore.com\\\/pt-pt\\\/#website\",\"url\":\"https:\\\/\\\/revolutionpadelstore.com\\\/pt-pt\\\/\",\"name\":\"Revolution Padel Store\",\"description\":\"\",\"publisher\":{\"@id\":\"https:\\\/\\\/revolutionpadelstore.com\\\/pt-pt\\\/#organization\"},\"potentialAction\":[{\"@type\":\"SearchAction\",\"target\":{\"@type\":\"EntryPoint\",\"urlTemplate\":\"https:\\\/\\\/revolutionpadelstore.com\\\/pt-pt\\\/?s={search_term_string}\"},\"query-input\":{\"@type\":\"PropertyValueSpecification\",\"valueRequired\":true,\"valueName\":\"search_term_string\"}}],\"inLanguage\":\"pt-PT\"},{\"@type\":\"Organization\",\"@id\":\"https:\\\/\\\/revolutionpadelstore.com\\\/pt-pt\\\/#organization\",\"name\":\"Revolution Padel Store\",\"url\":\"https:\\\/\\\/revolutionpadelstore.com\\\/pt-pt\\\/\",\"logo\":{\"@type\":\"ImageObject\",\"inLanguage\":\"pt-PT\",\"@id\":\"https:\\\/\\\/revolutionpadelstore.com\\\/pt-pt\\\/#\\\/schema\\\/logo\\\/image\\\/\",\"url\":\"https:\\\/\\\/revolutionpadelstore.com\\\/wp-content\\\/uploads\\\/2026\\\/02\\\/revolution-padel-store.jpg\",\"contentUrl\":\"https:\\\/\\\/revolutionpadelstore.com\\\/wp-content\\\/uploads\\\/2026\\\/02\\\/revolution-padel-store.jpg\",\"width\":2000,\"height\":2000,\"caption\":\"Revolution Padel Store\"},\"image\":{\"@id\":\"https:\\\/\\\/revolutionpadelstore.com\\\/pt-pt\\\/#\\\/schema\\\/logo\\\/image\\\/\"},\"sameAs\":[\"https:\\\/\\\/www.instagram.com\\\/revolutionpadelstore\\\/\"]}]}<\/script>\n<!-- \/ Yoast SEO plugin. -->","yoast_head_json":{"title":"BLISTER (4 UDS) ANTIVIBRADOR BULLPADEL EASE VIBE NARANJA - Revolution Padel Store","description":"Reduce hasta un 60% de las vibraciones con el blister Bullpadel Ease Vibe (4 uds). Mejora tu control y comodidad al jugar. \u00a1Compra online en Revolution Padel Store!","robots":{"index":"index","follow":"follow","max-snippet":"max-snippet:-1","max-image-preview":"max-image-preview:large","max-video-preview":"max-video-preview:-1"},"canonical":"https:\/\/revolutionpadelstore.com\/pt-pt\/produto\/blister-4-uds-antivibrador-bullpadel-ease-vibe-naranja-5\/","og_locale":"pt_PT","og_type":"article","og_title":"BLISTER (4 UDS) ANTIVIBRADOR BULLPADEL EASE VIBE NARANJA - Revolution Padel Store","og_description":"Reduce hasta un 60% de las vibraciones con el blister Bullpadel Ease Vibe (4 uds). Mejora tu control y comodidad al jugar. \u00a1Compra online en Revolution Padel Store!","og_url":"https:\/\/revolutionpadelstore.com\/pt-pt\/produto\/blister-4-uds-antivibrador-bullpadel-ease-vibe-naranja-5\/","og_site_name":"Revolution Padel Store","article_modified_time":"2026-04-08T03:06:09+00:00","og_image":[{"width":1200,"height":1200,"url":"https:\/\/revolutionpadelstore.com\/wp-content\/uploads\/2025\/05\/113839_blister_4_uds_antivibrador_ease_vibe_bullpadel_037_naranja_448293_1200x1_20d2.webp","type":"image\/webp"}],"twitter_card":"summary_large_image","twitter_misc":{"Tempo estimado de leitura":"2 minutos"},"schema":{"@context":"https:\/\/schema.org","@graph":[{"@type":"WebPage","@id":"https:\/\/revolutionpadelstore.com\/pt-pt\/produto\/blister-4-uds-antivibrador-bullpadel-ease-vibe-naranja-5\/","url":"https:\/\/revolutionpadelstore.com\/pt-pt\/produto\/blister-4-uds-antivibrador-bullpadel-ease-vibe-naranja-5\/","name":"BLISTER (4 UDS) ANTIVIBRADOR BULLPADEL EASE VIBE NARANJA - Revolution Padel Store","isPartOf":{"@id":"https:\/\/revolutionpadelstore.com\/pt-pt\/#website"},"primaryImageOfPage":{"@id":"https:\/\/revolutionpadelstore.com\/pt-pt\/produto\/blister-4-uds-antivibrador-bullpadel-ease-vibe-naranja-5\/#primaryimage"},"image":{"@id":"https:\/\/revolutionpadelstore.com\/pt-pt\/produto\/blister-4-uds-antivibrador-bullpadel-ease-vibe-naranja-5\/#primaryimage"},"thumbnailUrl":"https:\/\/revolutionpadelstore.com\/wp-content\/uploads\/2025\/05\/113839_blister_4_uds_antivibrador_ease_vibe_bullpadel_037_naranja_448293_1200x1_20d2.webp","datePublished":"2025-05-15T14:31:17+00:00","dateModified":"2026-04-08T03:06:09+00:00","description":"Reduce hasta un 60% de las vibraciones con el blister Bullpadel Ease Vibe (4 uds). Mejora tu control y comodidad al jugar. \u00a1Compra online en Revolution Padel Store!","breadcrumb":{"@id":"https:\/\/revolutionpadelstore.com\/pt-pt\/produto\/blister-4-uds-antivibrador-bullpadel-ease-vibe-naranja-5\/#breadcrumb"},"inLanguage":"pt-PT","potentialAction":[{"@type":"ReadAction","target":["https:\/\/revolutionpadelstore.com\/pt-pt\/produto\/blister-4-uds-antivibrador-bullpadel-ease-vibe-naranja-5\/"]}]},{"@type":"ImageObject","inLanguage":"pt-PT","@id":"https:\/\/revolutionpadelstore.com\/pt-pt\/produto\/blister-4-uds-antivibrador-bullpadel-ease-vibe-naranja-5\/#primaryimage","url":"https:\/\/revolutionpadelstore.com\/wp-content\/uploads\/2025\/05\/113839_blister_4_uds_antivibrador_ease_vibe_bullpadel_037_naranja_448293_1200x1_20d2.webp","contentUrl":"https:\/\/revolutionpadelstore.com\/wp-content\/uploads\/2025\/05\/113839_blister_4_uds_antivibrador_ease_vibe_bullpadel_037_naranja_448293_1200x1_20d2.webp","width":1200,"height":1200},{"@type":"BreadcrumbList","@id":"https:\/\/revolutionpadelstore.com\/pt-pt\/produto\/blister-4-uds-antivibrador-bullpadel-ease-vibe-naranja-5\/#breadcrumb","itemListElement":[{"@type":"ListItem","position":1,"name":"Portada","item":"https:\/\/revolutionpadelstore.com\/pt-pt\/"},{"@type":"ListItem","position":2,"name":"Tienda","item":"https:\/\/revolutionpadelstore.com\/pt-pt\/tienda\/"},{"@type":"ListItem","position":3,"name":"BLISTER (4 UDS) ANTIVIBRADOR BULLPADEL EASE VIBE NARANJA"}]},{"@type":"WebSite","@id":"https:\/\/revolutionpadelstore.com\/pt-pt\/#website","url":"https:\/\/revolutionpadelstore.com\/pt-pt\/","name":"Revolution Padel Store","description":"","publisher":{"@id":"https:\/\/revolutionpadelstore.com\/pt-pt\/#organization"},"potentialAction":[{"@type":"SearchAction","target":{"@type":"EntryPoint","urlTemplate":"https:\/\/revolutionpadelstore.com\/pt-pt\/?s={search_term_string}"},"query-input":{"@type":"PropertyValueSpecification","valueRequired":true,"valueName":"search_term_string"}}],"inLanguage":"pt-PT"},{"@type":"Organization","@id":"https:\/\/revolutionpadelstore.com\/pt-pt\/#organization","name":"Revolution Padel Store","url":"https:\/\/revolutionpadelstore.com\/pt-pt\/","logo":{"@type":"ImageObject","inLanguage":"pt-PT","@id":"https:\/\/revolutionpadelstore.com\/pt-pt\/#\/schema\/logo\/image\/","url":"https:\/\/revolutionpadelstore.com\/wp-content\/uploads\/2026\/02\/revolution-padel-store.jpg","contentUrl":"https:\/\/revolutionpadelstore.com\/wp-content\/uploads\/2026\/02\/revolution-padel-store.jpg","width":2000,"height":2000,"caption":"Revolution Padel Store"},"image":{"@id":"https:\/\/revolutionpadelstore.com\/pt-pt\/#\/schema\/logo\/image\/"},"sameAs":["https:\/\/www.instagram.com\/revolutionpadelstore\/"]}]}},"_links":{"self":[{"href":"https:\/\/revolutionpadelstore.com\/pt-pt\/wp-json\/wp\/v2\/product\/263029","targetHints":{"allow":["GET"]}}],"collection":[{"href":"https:\/\/revolutionpadelstore.com\/pt-pt\/wp-json\/wp\/v2\/product"}],"about":[{"href":"https:\/\/revolutionpadelstore.com\/pt-pt\/wp-json\/wp\/v2\/types\/product"}],"replies":[{"embeddable":true,"href":"https:\/\/revolutionpadelstore.com\/pt-pt\/wp-json\/wp\/v2\/comments?post=263029"}],"wp:featuredmedia":[{"embeddable":true,"href":"https:\/\/revolutionpadelstore.com\/pt-pt\/wp-json\/wp\/v2\/media\/263018"}],"wp:attachment":[{"href":"https:\/\/revolutionpadelstore.com\/pt-pt\/wp-json\/wp\/v2\/media?parent=263029"}],"wp:term":[{"taxonomy":"acabado","embeddable":true,"href":"https:\/\/revolutionpadelstore.com\/pt-pt\/wp-json\/wp\/v2\/acabado?post=263029"},{"taxonomy":"balance","embeddable":true,"href":"https:\/\/revolutionpadelstore.com\/pt-pt\/wp-json\/wp\/v2\/balance?post=263029"},{"taxonomy":"dureza","embeddable":true,"href":"https:\/\/revolutionpadelstore.com\/pt-pt\/wp-json\/wp\/v2\/dureza?post=263029"},{"taxonomy":"forma","embeddable":true,"href":"https:\/\/revolutionpadelstore.com\/pt-pt\/wp-json\/wp\/v2\/forma?post=263029"},{"taxonomy":"jugador","embeddable":true,"href":"https:\/\/revolutionpadelstore.com\/pt-pt\/wp-json\/wp\/v2\/jugador?post=263029"},{"taxonomy":"marca","embeddable":true,"href":"https:\/\/revolutionpadelstore.com\/pt-pt\/wp-json\/wp\/v2\/marca?post=263029"},{"taxonomy":"nivel-de-juego","embeddable":true,"href":"https:\/\/revolutionpadelstore.com\/pt-pt\/wp-json\/wp\/v2\/nivel-de-juego?post=263029"},{"taxonomy":"superficie","embeddable":true,"href":"https:\/\/revolutionpadelstore.com\/pt-pt\/wp-json\/wp\/v2\/superficie?post=263029"},{"taxonomy":"tipo-de-juego","embeddable":true,"href":"https:\/\/revolutionpadelstore.com\/pt-pt\/wp-json\/wp\/v2\/tipo-de-juego?post=263029"},{"taxonomy":"product_brand","embeddable":true,"href":"https:\/\/revolutionpadelstore.com\/pt-pt\/wp-json\/wp\/v2\/product_brand?post=263029"},{"taxonomy":"product_cat","embeddable":true,"href":"https:\/\/revolutionpadelstore.com\/pt-pt\/wp-json\/wp\/v2\/product_cat?post=263029"},{"taxonomy":"product_tag","embeddable":true,"href":"https:\/\/revolutionpadelstore.com\/pt-pt\/wp-json\/wp\/v2\/product_tag?post=263029"}],"curies":[{"name":"wp","href":"https:\/\/api.w.org\/{rel}","templated":true}]}}